{"id":435,"date":"2023-10-29T05:18:31","date_gmt":"2023-10-29T05:18:31","guid":{"rendered":"https:\/\/exceladvisor.org\/es\/resaltar-lineas-alternas\/"},"modified":"2023-12-25T10:26:59","modified_gmt":"2023-12-25T10:26:59","slug":"resaltar-lineas-alternas","status":"publish","type":"page","link":"https:\/\/exceladvisor.org\/es\/resaltar-lineas-alternas\/","title":{"rendered":"\u00bfc\u00f3mo resaltar filas alternas con un tono de color?"},"content":{"rendered":"<div class=\"excel-antes-del-contenido\" id=\"excel-876766457\"><script type=\"text\/javascript\">\r\n\tatOptions = {\r\n\t\t'key' : 'c1158f160081d6540a8409e6925dab94',\r\n\t\t'format' : 'iframe',\r\n\t\t'height' : 250,\r\n\t\t'width' : 300,\r\n\t\t'params' : {}\r\n\t};\r\n<\/script>\r\n<script type=\"text\/javascript\" src=\"\/\/www.highperformanceformat.com\/c1158f160081d6540a8409e6925dab94\/invoke.js\"><\/script><\/div><p>En Excel, cuando se trabaja con un gran conjunto de datos, en este caso, para lucir mejor y aumentar la legibilidad, puede resaltar filas alternas con un tono de color. Hace que cada fila de datos sea distinta y le ayuda a leerla. <\/p>\n<div class=\"wp-block-image\">\n<figure class=\"aligncenter size-full is-resized\"><img loading=\"lazy\" decoding=\"async\" class=\"wp-image-74969\" src=\"https:\/\/exceladvisor.org\/wp-content\/uploads\/2023\/08\/1-mettre-en-surbrillance-des-rangees-alternees.png\" sizes=\"auto, \" srcset=\"\" alt=\"resaltar l\u00edneas alternativas\" width=\"812\" height=\"433\"><\/figure>\n<\/div>\n<p> En este tutorial, analizaremos tres m\u00e9todos simples que puede utilizar.<\/p>\n<h2 class=\"wp-block-heading\"> Utilice una tabla de Excel para resaltar filas alternativas en Excel<\/h2>\n<p> Usar una tabla de Excel es la mejor y m\u00e1s sencilla forma de aplicar una muestra de color para resaltar filas alternativas en Excel.<\/p>\n<ol>\n<li> Seleccione los datos a los que desea aplicarlo. <br \/><img loading=\"lazy\" decoding=\"async\" title=\"2-seleccionar-datos\" src=\"https:\/\/exceladvisor.org\/wp-content\/uploads\/2023\/08\/2-selectionner-les-donnees.png\" sizes=\"auto, \" srcset=\"\" alt=\"select-data\" width=\"540\" height=\"279\"><\/li>\n<li> Despu\u00e9s de eso, vaya a la pesta\u00f1a Insertar y haga clic en el bot\u00f3n de tabla. Tambi\u00e9n puedes usar el atajo de teclado Control + T. <br \/><img loading=\"lazy\" decoding=\"async\" title=\"Bot\u00f3n de tabla en 3 clics\" src=\"https:\/\/exceladvisor.org\/wp-content\/uploads\/2023\/08\/Bouton-de-tableau-a-3-clics.png\" sizes=\"auto, \" srcset=\"\" alt=\"click-table-button\" width=\"421\" height=\"304\"><\/li>\n<li> Ahora, en el cuadro de di\u00e1logo, aseg\u00farese de marcar \u00abMi tabla tiene encabezados\u00bb. <br \/><img loading=\"lazy\" decoding=\"async\" title=\"4-marcar-mi-encabezados-de-tabla\" src=\"https:\/\/exceladvisor.org\/wp-content\/uploads\/2023\/08\/4-cochez-mes-en-tetes-de-tableau.png\" sizes=\"auto, \" srcset=\"\" alt=\"check-mark-my-table-headers\" width=\"255\" height=\"158\"><\/li>\n<li> Al final, haga clic en Aceptar para aplicar la tabla.<\/li>\n<\/ol>\n<p> Una vez que haga clic en Aceptar, obtendr\u00e1 un estilo de tabla predeterminado para sus datos de la siguiente manera. <\/p>\n<div class=\"wp-block-image\">\n<figure class=\"aligncenter size-full is-resized\"><img loading=\"lazy\" decoding=\"async\" class=\"wp-image-74973\" src=\"https:\/\/exceladvisor.org\/wp-content\/uploads\/2023\/08\/5-styles-de-tableau-par-defaut.png\" sizes=\"auto, \" srcset=\"\" alt=\"estilo de tabla predeterminado\" width=\"734\" height=\"308\"><\/figure>\n<\/div>\n<p> Pero puedes cambiar el estilo si no quieres utilizar el predeterminado. Vaya a la pesta\u00f1a Dise\u00f1o de tabla, luego abra Estilos de tabla. <\/p>\n<div class=\"wp-block-image\">\n<figure class=\"aligncenter size-full is-resized\"><img loading=\"lazy\" decoding=\"async\" class=\"wp-image-74974\" src=\"https:\/\/exceladvisor.org\/wp-content\/uploads\/2023\/08\/6-onglet-de-conception-de-table.png\" sizes=\"auto, \" srcset=\"\" alt=\"pesta\u00f1a-dise\u00f1o-de-tabla\" width=\"551\" height=\"321\"><\/figure>\n<\/div>\n<p> Entre los estilos, puedes elegir uno o puedes crear un estilo desde cero. <\/p>\n<div class=\"wp-block-image\">\n<figure class=\"aligncenter size-full is-resized\"><img loading=\"lazy\" decoding=\"async\" class=\"wp-image-74975\" src=\"https:\/\/exceladvisor.org\/wp-content\/uploads\/2023\/08\/7-Choisissez-parmi-plusieurs-modeles-de-table.png\" sizes=\"auto, \" srcset=\"\" alt=\"elegir entre varios modelos de mesa\" width=\"566\" height=\"324\"><\/figure>\n<\/div>\n<h2 class=\"wp-block-heading\"> Usar formato condicional para aplicar muestras de color a l\u00edneas alternas<\/h2>\n<p> Tambi\u00e9n puedes usar una f\u00f3rmula en formato condicional para aplicar una muestra de color a cada fila que tienes en la fecha. Este m\u00e9todo te da un mejor control, puedes tener una forma m\u00e1s personalizada.<\/p>\n<ol>\n<li> Primero, seleccione los datos sobre los que desea aplicar las muestras de color. <br \/><img loading=\"lazy\" decoding=\"async\" title=\"8-seleccionar-datos-para-aplicar-tonos-de-color\" src=\"https:\/\/exceladvisor.org\/wp-content\/uploads\/2023\/08\/8-selectionner-des-donnees-pour-appliquer-des-nuances-de-couleur.png\" sizes=\"auto, \" srcset=\"\" alt=\"select-data-to-apply-color-shades\" width=\"537\" height=\"280\"><\/li>\n<li> Despu\u00e9s de eso, vaya a la pesta\u00f1a Inicio y haga clic en la lista desplegable Formato condicional. <br \/><img loading=\"lazy\" decoding=\"async\" title=\"Formato condicional en 9 clics\" src=\"https:\/\/exceladvisor.org\/wp-content\/uploads\/2023\/08\/9-cliquez-sur-la-mise-en-forme-conditionnelle.png\" sizes=\"auto, \" srcset=\"\" alt=\"click-on-conditional-formatting\" width=\"445\" height=\"232\"><\/li>\n<li> Desde all\u00ed, haga clic en la nueva regla. <br \/><img loading=\"lazy\" decoding=\"async\" title=\"Nueva regla de 10 clics\" src=\"https:\/\/exceladvisor.org\/wp-content\/uploads\/2023\/08\/10-clics-nouvelle-regle.png\" sizes=\"auto, \" srcset=\"\" alt=\"click-new-rule\" width=\"238\" height=\"434\"><\/li>\n<li> A continuaci\u00f3n, haga clic en \u00abUsar una f\u00f3rmula para determinar a qu\u00e9 celda formatear\u00bb. <br \/><img loading=\"lazy\" decoding=\"async\" title=\"11-clic-use-una-f\u00f3rmula-para-determinar-qu\u00e9-celda-formatear\" src=\"https:\/\/exceladvisor.org\/wp-content\/uploads\/2023\/08\/11-cliquez-sur-utiliser-une-formule-pour-determiner-quelle-cellule-formater.png\" sizes=\"auto, \" srcset=\"\" alt=\"click-on-use-a-formula-to-determine-which-cell-to-format\" width=\"538\" height=\"200\"><\/li>\n<li> En este punto, tiene una barra de entrada para agregar una f\u00f3rmula, tal como la que tengo a continuaci\u00f3n. <br \/><img loading=\"lazy\" decoding=\"async\" title=\"Barra de 12 f\u00f3rmulas para a\u00f1adir una f\u00f3rmula\" src=\"https:\/\/exceladvisor.org\/wp-content\/uploads\/2023\/08\/12-barre-de-formule-pour-ajouter-une-formule.png\" sizes=\"auto, \" srcset=\"\" alt=\"formula-bar-to-add-a- formula\" width=\"516\" height=\"344\"><\/li>\n<\/ol>\n<p> Ahora debe ingresar una de las f\u00f3rmulas siguientes:<\/p>\n<ul>\n<li class=\"formula\"> =ISEVEN(ROW()) \u2013 Si desea sombrear filas pares.<\/li>\n<li class=\"formula\"> =ISODD(ROW()) \u2013 Si desea sombrear filas impares. <\/li>\n<\/ul>\n<div class=\"wp-block-image\">\n<figure class=\"aligncenter size-full is-resized\"><img loading=\"lazy\" decoding=\"async\" class=\"wp-image-74981\" src=\"https:\/\/exceladvisor.org\/wp-content\/uploads\/2023\/08\/13-entrer-la-formule.png\" sizes=\"auto, \" srcset=\"\" alt=\"ingresar la f\u00f3rmula\" width=\"701\" height=\"118\"><\/figure>\n<\/div>\n<p> Despu\u00e9s de eso, haga clic en el bot\u00f3n de formato para decidir qu\u00e9 tono de color desea asignar a cada fila alternativa para resaltarla. <\/p>\n<div class=\"wp-block-image\">\n<figure class=\"aligncenter size-full is-resized\"><img loading=\"lazy\" decoding=\"async\" class=\"wp-image-74982\" src=\"https:\/\/exceladvisor.org\/wp-content\/uploads\/2023\/08\/14-cliquez-sur-le-bouton-formater.png\" sizes=\"auto, \" srcset=\"\" alt=\"haga clic en el bot\u00f3n de formato\" width=\"638\" height=\"236\"><\/figure>\n<\/div>\n<p> Al final, haga clic en Aceptar para aplicar el formato condicional. <\/p>\n<div class=\"wp-block-image\">\n<figure class=\"aligncenter size-full is-resized\"><img loading=\"lazy\" decoding=\"async\" class=\"wp-image-74983\" src=\"https:\/\/exceladvisor.org\/wp-content\/uploads\/2023\/08\/15-appliquer-la-mise-en-forme-conditionnelle.png\" sizes=\"auto, \" srcset=\"\" alt=\"aplicar formato condicional\" width=\"708\" height=\"385\"><\/figure>\n<\/div>\n<h2 class=\"wp-block-heading\"> Utilice el c\u00f3digo VBA para aplicar color a l\u00edneas alternativas<\/h2>\n<p> Sabes c\u00f3mo usar VBA en Excel; puedes usar una macro para aplicar una muestra de color a cada l\u00ednea alternativa. Simplemente seleccione el rango y ejecute el siguiente c\u00f3digo. <\/p>\n<div class=\"wp-block-image\">\n<figure class=\"aligncenter size-full is-resized\"><img loading=\"lazy\" decoding=\"async\" class=\"wp-image-74984\" src=\"https:\/\/exceladvisor.org\/wp-content\/uploads\/2023\/08\/16-code-vba-pour-appliquer-la-couleur.png\" sizes=\"auto, \" srcset=\"\" alt=\"c\u00f3digo-vba-para-aplicar-color\" width=\"612\" height=\"540\"><\/figure>\n<\/div>\n<pre class=\"wp-block-code\"> <code class=\"language-visual-basic\" lang=\"visual-basic\">Sub apply_shades_to_alternate_rows() Dim myRange As Range Dim i As Long Dim C1 As Long Dim C2 As Long 'define colors C1 = RGB(238, 238, 238) C2 = RGB(145, 196, 131) 'checks if a range is selected or not If TypeName(Selection) &lt;&gt; \"Range\" Then Exit Sub 'specify the range to the variable Set myRange = Selection 'end the code if only one row is selected If myRange.Rows.Count = 1 Then Exit Sub 'loop through each row one by one and color alternate rows with different color shade For i = 1 To myRange.Rows.Count If i Mod 2 = 0 Then myRange.Rows(i).Interior.Color = C2 'Even Row Shade Else myRange.Rows(i).Interior.Color = C1 'Odd Row Shade End If Next i End Sub<\/code><\/pre>\n<p> <em>Enlaces r\u00e1pidos: <a href=\"https:\/\/exceladvisor.org\/es\/editor-visual-basico\/\">Editor de Visual Basic<\/a> : <a href=\"https:\/\/exceladvisor.org\/es\/ejecutar-una-macro-2\/\">ejecutar c\u00f3digo VBA<\/a><\/em><\/p>\n<div class=\"gb-container gb-container-4db6181c gb-container-mt\"> <a class=\"gb-button gb-button-c5897111 gb-button-text gb-button-mt-button\" href=\"https:\/\/exceladvisor.org\/es\/avance-de-excel\/\">Tutoriales avanzados de Excel<\/a><\/p>\n<h2 class=\"gb-headline gb-headline-665e5f6b gb-headline-text gb-headline-mt-heading\"> Tutoriales relacionados <\/h2>\n<div class=\"gb-grid-wrapper gb-grid-wrapper-a20baf7c gb-grid-wrapper-mt-grid\">\n<div class=\"gb-grid-column gb-grid-column-65ddf67e\">\n<div class=\"gb-container gb-container-65ddf67e\">\n<ul>\n<li> <a href=\"https:\/\/exceladvisor.org\/es\/formulas-1\/\" data-wpil=\"url\">F\u00f3rmulas en formato condicional<\/a><\/li>\n<li> <a href=\"https:\/\/exceladvisor.org\/es\/auto-formato\/\">Opci\u00f3n de formato autom\u00e1tico en Excel<\/a><\/li>\n<li> <a href=\"https:\/\/exceladvisor.org\/es\/juegos-de-iconos\/\" data-wpil=\"url\">Utilice conjuntos de iconos en Excel (formato condicional)<\/a> <\/li>\n<\/ul>\n<\/div>\n<\/div>\n<div class=\"gb-grid-column gb-grid-column-50067b57\">\n<div class=\"gb-container gb-container-50067b57\">\n<ul>\n<li> <a href=\"https:\/\/exceladvisor.org\/es\/mejores-fuentes\/\">Las mejores fuentes para Microsoft Excel<\/a><\/li>\n<li> <a href=\"https:\/\/exceladvisor.org\/es\/ocultar-ceros\/\">Ocultar valores cero en Excel<\/a><\/li>\n<li> <a href=\"https:\/\/exceladvisor.org\/es\/a\/\" data-wpil=\"url\">Eliminar el formato condicional en Excel<\/a><\/li>\n<\/ul>\n<\/div>\n<\/div>\n<\/div>\n<\/div>\n","protected":false},"excerpt":{"rendered":"<p>En Excel, cuando se trabaja con un gran conjunto de datos, en este caso, para lucir mejor y aumentar la legibilidad, puede resaltar filas alternas con un tono de color. Hace que cada fila de datos sea distinta y le ayuda a leerla. En este tutorial, analizaremos tres m\u00e9todos simples que puede utilizar. Utilice una [&hellip;]<\/p>\n","protected":false},"author":1,"featured_media":0,"parent":0,"menu_order":0,"comment_status":"open","ping_status":"closed","template":"","meta":{"ub_ctt_via":"","footnotes":""},"class_list":["post-435","page","type-page","status-publish","hentry"],"featured_image_src":null,"yoast_head":"<!-- This site is optimized with the Yoast SEO plugin v25.4 - https:\/\/yoast.com\/wordpress\/plugins\/seo\/ -->\n<title>\u00bfc\u00f3mo resaltar filas alternas con un tono de color?<\/title>\n<meta name=\"robots\" content=\"index, follow, max-snippet:-1, max-image-preview:large, max-video-preview:-1\" \/>\n<link rel=\"canonical\" href=\"https:\/\/exceladvisor.org\/es\/resaltar-lineas-alternas\/\" \/>\n<meta property=\"og:locale\" content=\"es_ES\" \/>\n<meta property=\"og:type\" content=\"article\" \/>\n<meta property=\"og:title\" content=\"\u00bfc\u00f3mo resaltar filas alternas con un tono de color?\" \/>\n<meta property=\"og:description\" content=\"En Excel, cuando se trabaja con un gran conjunto de datos, en este caso, para lucir mejor y aumentar la legibilidad, puede resaltar filas alternas con un tono de color. Hace que cada fila de datos sea distinta y le ayuda a leerla. En este tutorial, analizaremos tres m\u00e9todos simples que puede utilizar. Utilice una [&hellip;]\" \/>\n<meta property=\"og:url\" content=\"https:\/\/exceladvisor.org\/es\/resaltar-lineas-alternas\/\" \/>\n<meta property=\"og:site_name\" content=\"Excel Advisor\" \/>\n<meta property=\"article:modified_time\" content=\"2023-12-25T10:26:59+00:00\" \/>\n<meta property=\"og:image\" content=\"https:\/\/exceladvisor.org\/wp-content\/uploads\/2023\/08\/1-mettre-en-surbrillance-des-rangees-alternees.png\" \/>\n<meta name=\"twitter:card\" content=\"summary_large_image\" \/>\n<meta name=\"twitter:label1\" content=\"Tiempo de lectura\" \/>\n\t<meta name=\"twitter:data1\" content=\"3 minutos\" \/>\n<script type=\"application\/ld+json\" class=\"yoast-schema-graph\">{\"@context\":\"https:\/\/schema.org\",\"@graph\":[{\"@type\":\"WebPage\",\"@id\":\"https:\/\/exceladvisor.org\/es\/resaltar-lineas-alternas\/\",\"url\":\"https:\/\/exceladvisor.org\/es\/resaltar-lineas-alternas\/\",\"name\":\"\u00bfc\u00f3mo resaltar filas alternas con un tono de color?\",\"isPartOf\":{\"@id\":\"https:\/\/exceladvisor.org\/es\/#website\"},\"primaryImageOfPage\":{\"@id\":\"https:\/\/exceladvisor.org\/es\/resaltar-lineas-alternas\/#primaryimage\"},\"image\":{\"@id\":\"https:\/\/exceladvisor.org\/es\/resaltar-lineas-alternas\/#primaryimage\"},\"thumbnailUrl\":\"https:\/\/exceladvisor.org\/wp-content\/uploads\/2023\/08\/1-mettre-en-surbrillance-des-rangees-alternees.png\",\"datePublished\":\"2023-10-29T05:18:31+00:00\",\"dateModified\":\"2023-12-25T10:26:59+00:00\",\"breadcrumb\":{\"@id\":\"https:\/\/exceladvisor.org\/es\/resaltar-lineas-alternas\/#breadcrumb\"},\"inLanguage\":\"es\",\"potentialAction\":[{\"@type\":\"ReadAction\",\"target\":[\"https:\/\/exceladvisor.org\/es\/resaltar-lineas-alternas\/\"]}]},{\"@type\":\"ImageObject\",\"inLanguage\":\"es\",\"@id\":\"https:\/\/exceladvisor.org\/es\/resaltar-lineas-alternas\/#primaryimage\",\"url\":\"https:\/\/exceladvisor.org\/wp-content\/uploads\/2023\/08\/1-mettre-en-surbrillance-des-rangees-alternees.png\",\"contentUrl\":\"https:\/\/exceladvisor.org\/wp-content\/uploads\/2023\/08\/1-mettre-en-surbrillance-des-rangees-alternees.png\"},{\"@type\":\"BreadcrumbList\",\"@id\":\"https:\/\/exceladvisor.org\/es\/resaltar-lineas-alternas\/#breadcrumb\",\"itemListElement\":[{\"@type\":\"ListItem\",\"position\":1,\"name\":\"Hogar\",\"item\":\"https:\/\/exceladvisor.org\/es\/\"},{\"@type\":\"ListItem\",\"position\":2,\"name\":\"\u00bfc\u00f3mo resaltar filas alternas con un tono de color?\"}]},{\"@type\":\"WebSite\",\"@id\":\"https:\/\/exceladvisor.org\/es\/#website\",\"url\":\"https:\/\/exceladvisor.org\/es\/\",\"name\":\"Excel Advisor\",\"description\":\"Su gu\u00eda para la dominaci\u00f3n de datos!\",\"publisher\":{\"@id\":\"https:\/\/exceladvisor.org\/es\/#organization\"},\"potentialAction\":[{\"@type\":\"SearchAction\",\"target\":{\"@type\":\"EntryPoint\",\"urlTemplate\":\"https:\/\/exceladvisor.org\/es\/?s={search_term_string}\"},\"query-input\":{\"@type\":\"PropertyValueSpecification\",\"valueRequired\":true,\"valueName\":\"search_term_string\"}}],\"inLanguage\":\"es\"},{\"@type\":\"Organization\",\"@id\":\"https:\/\/exceladvisor.org\/es\/#organization\",\"name\":\"Excel Advisor\",\"url\":\"https:\/\/exceladvisor.org\/es\/\",\"logo\":{\"@type\":\"ImageObject\",\"inLanguage\":\"es\",\"@id\":\"https:\/\/exceladvisor.org\/es\/#\/schema\/logo\/image\/\",\"url\":\"https:\/\/exceladvisor.org\/es\/wp-content\/uploads\/2023\/12\/exceladvisor.org_.png\",\"contentUrl\":\"https:\/\/exceladvisor.org\/es\/wp-content\/uploads\/2023\/12\/exceladvisor.org_.png\",\"width\":105,\"height\":36,\"caption\":\"Excel Advisor\"},\"image\":{\"@id\":\"https:\/\/exceladvisor.org\/es\/#\/schema\/logo\/image\/\"}}]}<\/script>\n<!-- \/ Yoast SEO plugin. -->","yoast_head_json":{"title":"\u00bfc\u00f3mo resaltar filas alternas con un tono de color?","robots":{"index":"index","follow":"follow","max-snippet":"max-snippet:-1","max-image-preview":"max-image-preview:large","max-video-preview":"max-video-preview:-1"},"canonical":"https:\/\/exceladvisor.org\/es\/resaltar-lineas-alternas\/","og_locale":"es_ES","og_type":"article","og_title":"\u00bfc\u00f3mo resaltar filas alternas con un tono de color?","og_description":"En Excel, cuando se trabaja con un gran conjunto de datos, en este caso, para lucir mejor y aumentar la legibilidad, puede resaltar filas alternas con un tono de color. Hace que cada fila de datos sea distinta y le ayuda a leerla. En este tutorial, analizaremos tres m\u00e9todos simples que puede utilizar. Utilice una [&hellip;]","og_url":"https:\/\/exceladvisor.org\/es\/resaltar-lineas-alternas\/","og_site_name":"Excel Advisor","article_modified_time":"2023-12-25T10:26:59+00:00","og_image":[{"url":"https:\/\/exceladvisor.org\/wp-content\/uploads\/2023\/08\/1-mettre-en-surbrillance-des-rangees-alternees.png","type":"","width":"","height":""}],"twitter_card":"summary_large_image","twitter_misc":{"Tiempo de lectura":"3 minutos"},"schema":{"@context":"https:\/\/schema.org","@graph":[{"@type":"WebPage","@id":"https:\/\/exceladvisor.org\/es\/resaltar-lineas-alternas\/","url":"https:\/\/exceladvisor.org\/es\/resaltar-lineas-alternas\/","name":"\u00bfc\u00f3mo resaltar filas alternas con un tono de color?","isPartOf":{"@id":"https:\/\/exceladvisor.org\/es\/#website"},"primaryImageOfPage":{"@id":"https:\/\/exceladvisor.org\/es\/resaltar-lineas-alternas\/#primaryimage"},"image":{"@id":"https:\/\/exceladvisor.org\/es\/resaltar-lineas-alternas\/#primaryimage"},"thumbnailUrl":"https:\/\/exceladvisor.org\/wp-content\/uploads\/2023\/08\/1-mettre-en-surbrillance-des-rangees-alternees.png","datePublished":"2023-10-29T05:18:31+00:00","dateModified":"2023-12-25T10:26:59+00:00","breadcrumb":{"@id":"https:\/\/exceladvisor.org\/es\/resaltar-lineas-alternas\/#breadcrumb"},"inLanguage":"es","potentialAction":[{"@type":"ReadAction","target":["https:\/\/exceladvisor.org\/es\/resaltar-lineas-alternas\/"]}]},{"@type":"ImageObject","inLanguage":"es","@id":"https:\/\/exceladvisor.org\/es\/resaltar-lineas-alternas\/#primaryimage","url":"https:\/\/exceladvisor.org\/wp-content\/uploads\/2023\/08\/1-mettre-en-surbrillance-des-rangees-alternees.png","contentUrl":"https:\/\/exceladvisor.org\/wp-content\/uploads\/2023\/08\/1-mettre-en-surbrillance-des-rangees-alternees.png"},{"@type":"BreadcrumbList","@id":"https:\/\/exceladvisor.org\/es\/resaltar-lineas-alternas\/#breadcrumb","itemListElement":[{"@type":"ListItem","position":1,"name":"Hogar","item":"https:\/\/exceladvisor.org\/es\/"},{"@type":"ListItem","position":2,"name":"\u00bfc\u00f3mo resaltar filas alternas con un tono de color?"}]},{"@type":"WebSite","@id":"https:\/\/exceladvisor.org\/es\/#website","url":"https:\/\/exceladvisor.org\/es\/","name":"Excel Advisor","description":"Su gu\u00eda para la dominaci\u00f3n de datos!","publisher":{"@id":"https:\/\/exceladvisor.org\/es\/#organization"},"potentialAction":[{"@type":"SearchAction","target":{"@type":"EntryPoint","urlTemplate":"https:\/\/exceladvisor.org\/es\/?s={search_term_string}"},"query-input":{"@type":"PropertyValueSpecification","valueRequired":true,"valueName":"search_term_string"}}],"inLanguage":"es"},{"@type":"Organization","@id":"https:\/\/exceladvisor.org\/es\/#organization","name":"Excel Advisor","url":"https:\/\/exceladvisor.org\/es\/","logo":{"@type":"ImageObject","inLanguage":"es","@id":"https:\/\/exceladvisor.org\/es\/#\/schema\/logo\/image\/","url":"https:\/\/exceladvisor.org\/es\/wp-content\/uploads\/2023\/12\/exceladvisor.org_.png","contentUrl":"https:\/\/exceladvisor.org\/es\/wp-content\/uploads\/2023\/12\/exceladvisor.org_.png","width":105,"height":36,"caption":"Excel Advisor"},"image":{"@id":"https:\/\/exceladvisor.org\/es\/#\/schema\/logo\/image\/"}}]}},"yoast_meta":{"yoast_wpseo_title":"","yoast_wpseo_metadesc":"","yoast_wpseo_canonical":""},"_links":{"self":[{"href":"https:\/\/exceladvisor.org\/es\/wp-json\/wp\/v2\/pages\/435","targetHints":{"allow":["GET"]}}],"collection":[{"href":"https:\/\/exceladvisor.org\/es\/wp-json\/wp\/v2\/pages"}],"about":[{"href":"https:\/\/exceladvisor.org\/es\/wp-json\/wp\/v2\/types\/page"}],"author":[{"embeddable":true,"href":"https:\/\/exceladvisor.org\/es\/wp-json\/wp\/v2\/users\/1"}],"replies":[{"embeddable":true,"href":"https:\/\/exceladvisor.org\/es\/wp-json\/wp\/v2\/comments?post=435"}],"version-history":[{"count":1,"href":"https:\/\/exceladvisor.org\/es\/wp-json\/wp\/v2\/pages\/435\/revisions"}],"predecessor-version":[{"id":1173,"href":"https:\/\/exceladvisor.org\/es\/wp-json\/wp\/v2\/pages\/435\/revisions\/1173"}],"wp:attachment":[{"href":"https:\/\/exceladvisor.org\/es\/wp-json\/wp\/v2\/media?parent=435"}],"curies":[{"name":"wp","href":"https:\/\/api.w.org\/{rel}","templated":true}]}}