{"id":436,"date":"2023-10-29T05:12:25","date_gmt":"2023-10-29T05:12:25","guid":{"rendered":"https:\/\/exceladvisor.org\/es\/cambiar-la-orientacion-de-la-pagina\/"},"modified":"2023-12-25T10:24:07","modified_gmt":"2023-12-25T10:24:07","slug":"cambiar-la-orientacion-de-la-pagina","status":"publish","type":"page","link":"https:\/\/exceladvisor.org\/es\/cambiar-la-orientacion-de-la-pagina\/","title":{"rendered":"\u00bfc\u00f3mo cambiar la orientaci\u00f3n de la p\u00e1gina en excel?"},"content":{"rendered":"<div class=\"excel-antes-del-contenido\" id=\"excel-1660354361\"><script type=\"text\/javascript\">\r\n\tatOptions = {\r\n\t\t'key' : 'c1158f160081d6540a8409e6925dab94',\r\n\t\t'format' : 'iframe',\r\n\t\t'height' : 250,\r\n\t\t'width' : 300,\r\n\t\t'params' : {}\r\n\t};\r\n<\/script>\r\n<script type=\"text\/javascript\" src=\"\/\/www.highperformanceformat.com\/c1158f160081d6540a8409e6925dab94\/invoke.js\"><\/script><\/div><p>Hay dos orientaciones diferentes (vertical u horizontal) en Excel que puede utilizar y realizar cambios seg\u00fan sus necesidades. En este tutorial, aprenderemos c\u00f3mo cambiar la orientaci\u00f3n de la p\u00e1gina en Excel. <\/p>\n<div class=\"wp-block-image\">\n<figure class=\"aligncenter size-full is-resized\"><img loading=\"lazy\" decoding=\"async\" class=\"wp-image-74829\" src=\"https:\/\/exceladvisor.org\/wp-content\/uploads\/2023\/08\/1-changer-lorientation-des-pages.png\" sizes=\"auto, \" srcset=\"\" alt=\"cambiar la orientaci\u00f3n de la p\u00e1gina\" width=\"590\" height=\"264\"><\/figure>\n<\/div>\n<h2 class=\"wp-block-heading\"> Pasos para cambiar la orientaci\u00f3n de la p\u00e1gina<\/h2>\n<ol>\n<li> Primero, vaya a la pesta\u00f1a Dise\u00f1o. <br \/><img loading=\"lazy\" decoding=\"async\" title=\"2 Pesta\u00f1a Dise\u00f1o de p\u00e1gina\" src=\"https:\/\/exceladvisor.org\/wp-content\/uploads\/2023\/08\/onglet-mise-en-page-2-pages.png\" sizes=\"auto, \" srcset=\"\" alt=\"page-layout-tab\" width=\"434\" height=\"100\"><\/li>\n<li> Luego en Dise\u00f1o tienes el grupo \u201cDise\u00f1o\u201d y tienes una opci\u00f3n de orientaci\u00f3n. <br \/><img loading=\"lazy\" decoding=\"async\" title=\"icono de 3 orientaciones\" src=\"https:\/\/exceladvisor.org\/wp-content\/uploads\/2023\/08\/3-icone-dorientation.png\" sizes=\"auto, \" srcset=\"\" alt=\"orientation-icon\" width=\"508\" height=\"130\"><\/li>\n<li> Ahora, haga clic en el men\u00fa desplegable Orientaci\u00f3n. <br \/><img loading=\"lazy\" decoding=\"async\" title=\"Lista desplegable de 4 v\u00edas\" src=\"https:\/\/exceladvisor.org\/wp-content\/uploads\/2023\/08\/4-menus-deroulants-dorientation.png\" sizes=\"auto, \" srcset=\"\" alt=\"orientation-drop-down\" width=\"508\" height=\"285\"><\/li>\n<li> Al final, haga clic en seleccionar la orientaci\u00f3n (vertical u horizontal) que desea aplicar.<\/li>\n<\/ol>\n<p> Esta es la forma m\u00e1s sencilla de cambiar la orientaci\u00f3n de una p\u00e1gina en Excel.<\/p>\n<h2 class=\"wp-block-heading\"> Cambiar la orientaci\u00f3n de la p\u00e1gina desde el cuadro de di\u00e1logo Configurar p\u00e1gina<\/h2>\n<ol>\n<li> Primero, use el m\u00e9todo abreviado de teclado (Alt \u21e2 P \u21e2 S \u21e2 P) para abrir el cuadro de di\u00e1logo de dise\u00f1o, o puede hacer clic en la flecha hacia abajo en la parte inferior derecha del grupo \u00abDise\u00f1o\u00bb. <br \/><img loading=\"lazy\" decoding=\"async\" title=\"Grupo de configuraci\u00f3n de 5 p\u00e1ginas.\" src=\"https:\/\/exceladvisor.org\/wp-content\/uploads\/2023\/08\/Groupe-de-configuration-de-5-pages.png\" sizes=\"auto, \" srcset=\"\" alt=\"page-setup-group\" width=\"546\" height=\"166\"><\/li>\n<li> Desde all\u00ed, en el cuadro de di\u00e1logo \u00abConfigurar p\u00e1gina\u00bb, tiene la orientaci\u00f3n para seleccionar. <br \/><img loading=\"lazy\" decoding=\"async\" title=\"6-seleccionar-orientaci\u00f3n-retrato\" src=\"https:\/\/exceladvisor.org\/wp-content\/uploads\/2023\/08\/6-selectionner-lorientation-portrait.png\" sizes=\"auto, \" srcset=\"\" alt=\"select-orientation-portrait\" width=\"528\" height=\"157\"><\/li>\n<li> Ahora cambie la orientaci\u00f3n como desee. <br \/><img loading=\"lazy\" decoding=\"async\" title=\"7-seleccione-orientaci\u00f3n-paisaje\" src=\"https:\/\/exceladvisor.org\/wp-content\/uploads\/2023\/08\/7-selectionner-lorientation-paysage.png\" sizes=\"auto, \" srcset=\"\" alt=\"select-orientation-landscape\" width=\"525\" height=\"160\"><\/li>\n<li> Al final, haga clic en Aceptar para aplicar.<\/li>\n<\/ol>\n<h2 class=\"wp-block-heading\"> Cambiar la orientaci\u00f3n de la p\u00e1gina desde la vista previa de impresi\u00f3n<\/h2>\n<p> Puede cambiar la orientaci\u00f3n desde la vista previa de impresi\u00f3n.<\/p>\n<ol type=\"1\">\n<li> Utilice el m\u00e9todo abreviado de teclado (Ctrl + P) para abrir la vista previa de impresi\u00f3n.<\/li>\n<li> Haga clic en el men\u00fa desplegable Orientaci\u00f3n.<\/li>\n<li> Seleccione la orientaci\u00f3n (Retrato y Paisaje) de la lista.<\/li>\n<li> Esto cambiar\u00e1 la orientaci\u00f3n al instante. <\/li>\n<\/ol>\n<div class=\"wp-block-image\">\n<figure class=\"aligncenter size-full is-resized\"><img loading=\"lazy\" decoding=\"async\" class=\"wp-image-74836\" src=\"https:\/\/exceladvisor.org\/wp-content\/uploads\/2023\/08\/8-orientation-a-partir-de-lapercu-avant-impression.png\" sizes=\"auto, \" srcset=\"\" alt=\"orientaci\u00f3n-desde-vista-previa-de-impresi\u00f3n\" width=\"345\" height=\"282\"><\/figure>\n<\/div>\n<h2 class=\"wp-block-heading\"> Usar c\u00f3digo VBA<\/h2>\n<p> Tambi\u00e9n puede utilizar el c\u00f3digo VBA para cambiar la orientaci\u00f3n. <\/p>\n<div class=\"wp-block-image\">\n<figure class=\"aligncenter size-full is-resized\"><img loading=\"lazy\" decoding=\"async\" class=\"wp-image-74837\" src=\"https:\/\/exceladvisor.org\/wp-content\/uploads\/2023\/08\/9-orientation-du-changement-de-code-vba.png\" sizes=\"auto, \" srcset=\"\" alt=\"orientaci\u00f3n-cambio-de-c\u00f3digo-vba\" width=\"444\" height=\"238\"><\/figure>\n<\/div>\n<pre class=\"wp-block-code\"> <code class=\"language-visual-basic line-numbers\" lang=\"visual-basic\"><strong>Sub<\/strong> Macro1()   'Apply Portrait Orientation   ActiveSheet.PageSetup.Orientation = xlPortrait   'Apply Landscape Orientation   ActiveSheet.PageSetup.Orientation = xlLandscape <strong>End<\/strong> <strong>Sub<\/strong><\/code><\/pre>\n<div class=\"gb-container gb-container-4db6181c gb-container-mt\"> <a class=\"gb-button gb-button-c5897111 gb-button-text gb-button-mt-button\" href=\"https:\/\/exceladvisor.org\/es\/avance-de-excel\/\">Tutorial avanzado de Excel<\/a><\/p>\n<h2 class=\"gb-headline gb-headline-665e5f6b gb-headline-text gb-headline-mt-heading\"> Tutoriales relacionados <\/h2>\n<div class=\"gb-grid-wrapper gb-grid-wrapper-a20baf7c gb-grid-wrapper-mt-grid\">\n<div class=\"gb-grid-column gb-grid-column-65ddf67e\">\n<div class=\"gb-container gb-container-65ddf67e\">\n<ul>\n<li> <a href=\"https:\/\/exceladvisor.org\/es\/imprimir-titulos\/\">Aplicar t\u00edtulos de impresi\u00f3n en Excel (configure la fila 1 para imprimir en cada p\u00e1gina)<\/a><\/li>\n<li> <a href=\"https:\/\/exceladvisor.org\/es\/papel-cuadriculado\/\">Imprima un papel cuadriculado en Excel (plantilla de cuadr\u00edcula)<\/a><\/li>\n<li> <a href=\"https:\/\/exceladvisor.org\/es\/eliminar-salto-de-pagina\/\">Eliminar salto de p\u00e1gina en Excel<\/a><\/li>\n<li> <a href=\"https:\/\/exceladvisor.org\/es\/establecer-area-de-impresion\/\">Establecer \u00e1rea de impresi\u00f3n en Excel<\/a><\/li>\n<li> <a href=\"https:\/\/exceladvisor.org\/es\/centrar-la-hoja-de-trabajo-horizontalmente\/\">Centrar una hoja de c\u00e1lculo horizontal y verticalmente en Excel<\/a><\/li>\n<\/ul>\n<\/div>\n<\/div>\n<\/div>\n<\/div>\n","protected":false},"excerpt":{"rendered":"<p>Hay dos orientaciones diferentes (vertical u horizontal) en Excel que puede utilizar y realizar cambios seg\u00fan sus necesidades. En este tutorial, aprenderemos c\u00f3mo cambiar la orientaci\u00f3n de la p\u00e1gina en Excel. Pasos para cambiar la orientaci\u00f3n de la p\u00e1gina Primero, vaya a la pesta\u00f1a Dise\u00f1o. Luego en Dise\u00f1o tienes el grupo \u201cDise\u00f1o\u201d y tienes una [&hellip;]<\/p>\n","protected":false},"author":1,"featured_media":0,"parent":0,"menu_order":0,"comment_status":"open","ping_status":"closed","template":"","meta":{"ub_ctt_via":"","footnotes":""},"class_list":["post-436","page","type-page","status-publish","hentry"],"featured_image_src":null,"yoast_head":"<!-- This site is optimized with the Yoast SEO plugin v25.4 - https:\/\/yoast.com\/wordpress\/plugins\/seo\/ -->\n<title>\u00bfc\u00f3mo cambiar la orientaci\u00f3n de la p\u00e1gina en excel?<\/title>\n<meta name=\"robots\" content=\"index, follow, max-snippet:-1, max-image-preview:large, max-video-preview:-1\" \/>\n<link rel=\"canonical\" href=\"https:\/\/exceladvisor.org\/es\/cambiar-la-orientacion-de-la-pagina\/\" \/>\n<meta property=\"og:locale\" content=\"es_ES\" \/>\n<meta property=\"og:type\" content=\"article\" \/>\n<meta property=\"og:title\" content=\"\u00bfc\u00f3mo cambiar la orientaci\u00f3n de la p\u00e1gina en excel?\" \/>\n<meta property=\"og:description\" content=\"Hay dos orientaciones diferentes (vertical u horizontal) en Excel que puede utilizar y realizar cambios seg\u00fan sus necesidades. En este tutorial, aprenderemos c\u00f3mo cambiar la orientaci\u00f3n de la p\u00e1gina en Excel. Pasos para cambiar la orientaci\u00f3n de la p\u00e1gina Primero, vaya a la pesta\u00f1a Dise\u00f1o. Luego en Dise\u00f1o tienes el grupo \u201cDise\u00f1o\u201d y tienes una [&hellip;]\" \/>\n<meta property=\"og:url\" content=\"https:\/\/exceladvisor.org\/es\/cambiar-la-orientacion-de-la-pagina\/\" \/>\n<meta property=\"og:site_name\" content=\"Excel Advisor\" \/>\n<meta property=\"article:modified_time\" content=\"2023-12-25T10:24:07+00:00\" \/>\n<meta property=\"og:image\" content=\"https:\/\/exceladvisor.org\/wp-content\/uploads\/2023\/08\/1-changer-lorientation-des-pages.png\" \/>\n<meta name=\"twitter:card\" content=\"summary_large_image\" \/>\n<meta name=\"twitter:label1\" content=\"Tiempo de lectura\" \/>\n\t<meta name=\"twitter:data1\" content=\"2 minutos\" \/>\n<script type=\"application\/ld+json\" class=\"yoast-schema-graph\">{\"@context\":\"https:\/\/schema.org\",\"@graph\":[{\"@type\":\"WebPage\",\"@id\":\"https:\/\/exceladvisor.org\/es\/cambiar-la-orientacion-de-la-pagina\/\",\"url\":\"https:\/\/exceladvisor.org\/es\/cambiar-la-orientacion-de-la-pagina\/\",\"name\":\"\u00bfc\u00f3mo cambiar la orientaci\u00f3n de la p\u00e1gina en excel?\",\"isPartOf\":{\"@id\":\"https:\/\/exceladvisor.org\/es\/#website\"},\"primaryImageOfPage\":{\"@id\":\"https:\/\/exceladvisor.org\/es\/cambiar-la-orientacion-de-la-pagina\/#primaryimage\"},\"image\":{\"@id\":\"https:\/\/exceladvisor.org\/es\/cambiar-la-orientacion-de-la-pagina\/#primaryimage\"},\"thumbnailUrl\":\"https:\/\/exceladvisor.org\/wp-content\/uploads\/2023\/08\/1-changer-lorientation-des-pages.png\",\"datePublished\":\"2023-10-29T05:12:25+00:00\",\"dateModified\":\"2023-12-25T10:24:07+00:00\",\"breadcrumb\":{\"@id\":\"https:\/\/exceladvisor.org\/es\/cambiar-la-orientacion-de-la-pagina\/#breadcrumb\"},\"inLanguage\":\"es\",\"potentialAction\":[{\"@type\":\"ReadAction\",\"target\":[\"https:\/\/exceladvisor.org\/es\/cambiar-la-orientacion-de-la-pagina\/\"]}]},{\"@type\":\"ImageObject\",\"inLanguage\":\"es\",\"@id\":\"https:\/\/exceladvisor.org\/es\/cambiar-la-orientacion-de-la-pagina\/#primaryimage\",\"url\":\"https:\/\/exceladvisor.org\/wp-content\/uploads\/2023\/08\/1-changer-lorientation-des-pages.png\",\"contentUrl\":\"https:\/\/exceladvisor.org\/wp-content\/uploads\/2023\/08\/1-changer-lorientation-des-pages.png\"},{\"@type\":\"BreadcrumbList\",\"@id\":\"https:\/\/exceladvisor.org\/es\/cambiar-la-orientacion-de-la-pagina\/#breadcrumb\",\"itemListElement\":[{\"@type\":\"ListItem\",\"position\":1,\"name\":\"Hogar\",\"item\":\"https:\/\/exceladvisor.org\/es\/\"},{\"@type\":\"ListItem\",\"position\":2,\"name\":\"\u00bfc\u00f3mo cambiar la orientaci\u00f3n de la p\u00e1gina en excel?\"}]},{\"@type\":\"WebSite\",\"@id\":\"https:\/\/exceladvisor.org\/es\/#website\",\"url\":\"https:\/\/exceladvisor.org\/es\/\",\"name\":\"Excel Advisor\",\"description\":\"Su gu\u00eda para la dominaci\u00f3n de datos!\",\"publisher\":{\"@id\":\"https:\/\/exceladvisor.org\/es\/#organization\"},\"potentialAction\":[{\"@type\":\"SearchAction\",\"target\":{\"@type\":\"EntryPoint\",\"urlTemplate\":\"https:\/\/exceladvisor.org\/es\/?s={search_term_string}\"},\"query-input\":{\"@type\":\"PropertyValueSpecification\",\"valueRequired\":true,\"valueName\":\"search_term_string\"}}],\"inLanguage\":\"es\"},{\"@type\":\"Organization\",\"@id\":\"https:\/\/exceladvisor.org\/es\/#organization\",\"name\":\"Excel Advisor\",\"url\":\"https:\/\/exceladvisor.org\/es\/\",\"logo\":{\"@type\":\"ImageObject\",\"inLanguage\":\"es\",\"@id\":\"https:\/\/exceladvisor.org\/es\/#\/schema\/logo\/image\/\",\"url\":\"https:\/\/exceladvisor.org\/es\/wp-content\/uploads\/2023\/12\/exceladvisor.org_.png\",\"contentUrl\":\"https:\/\/exceladvisor.org\/es\/wp-content\/uploads\/2023\/12\/exceladvisor.org_.png\",\"width\":105,\"height\":36,\"caption\":\"Excel Advisor\"},\"image\":{\"@id\":\"https:\/\/exceladvisor.org\/es\/#\/schema\/logo\/image\/\"}}]}<\/script>\n<!-- \/ Yoast SEO plugin. -->","yoast_head_json":{"title":"\u00bfc\u00f3mo cambiar la orientaci\u00f3n de la p\u00e1gina en excel?","robots":{"index":"index","follow":"follow","max-snippet":"max-snippet:-1","max-image-preview":"max-image-preview:large","max-video-preview":"max-video-preview:-1"},"canonical":"https:\/\/exceladvisor.org\/es\/cambiar-la-orientacion-de-la-pagina\/","og_locale":"es_ES","og_type":"article","og_title":"\u00bfc\u00f3mo cambiar la orientaci\u00f3n de la p\u00e1gina en excel?","og_description":"Hay dos orientaciones diferentes (vertical u horizontal) en Excel que puede utilizar y realizar cambios seg\u00fan sus necesidades. En este tutorial, aprenderemos c\u00f3mo cambiar la orientaci\u00f3n de la p\u00e1gina en Excel. Pasos para cambiar la orientaci\u00f3n de la p\u00e1gina Primero, vaya a la pesta\u00f1a Dise\u00f1o. Luego en Dise\u00f1o tienes el grupo \u201cDise\u00f1o\u201d y tienes una [&hellip;]","og_url":"https:\/\/exceladvisor.org\/es\/cambiar-la-orientacion-de-la-pagina\/","og_site_name":"Excel Advisor","article_modified_time":"2023-12-25T10:24:07+00:00","og_image":[{"url":"https:\/\/exceladvisor.org\/wp-content\/uploads\/2023\/08\/1-changer-lorientation-des-pages.png","type":"","width":"","height":""}],"twitter_card":"summary_large_image","twitter_misc":{"Tiempo de lectura":"2 minutos"},"schema":{"@context":"https:\/\/schema.org","@graph":[{"@type":"WebPage","@id":"https:\/\/exceladvisor.org\/es\/cambiar-la-orientacion-de-la-pagina\/","url":"https:\/\/exceladvisor.org\/es\/cambiar-la-orientacion-de-la-pagina\/","name":"\u00bfc\u00f3mo cambiar la orientaci\u00f3n de la p\u00e1gina en excel?","isPartOf":{"@id":"https:\/\/exceladvisor.org\/es\/#website"},"primaryImageOfPage":{"@id":"https:\/\/exceladvisor.org\/es\/cambiar-la-orientacion-de-la-pagina\/#primaryimage"},"image":{"@id":"https:\/\/exceladvisor.org\/es\/cambiar-la-orientacion-de-la-pagina\/#primaryimage"},"thumbnailUrl":"https:\/\/exceladvisor.org\/wp-content\/uploads\/2023\/08\/1-changer-lorientation-des-pages.png","datePublished":"2023-10-29T05:12:25+00:00","dateModified":"2023-12-25T10:24:07+00:00","breadcrumb":{"@id":"https:\/\/exceladvisor.org\/es\/cambiar-la-orientacion-de-la-pagina\/#breadcrumb"},"inLanguage":"es","potentialAction":[{"@type":"ReadAction","target":["https:\/\/exceladvisor.org\/es\/cambiar-la-orientacion-de-la-pagina\/"]}]},{"@type":"ImageObject","inLanguage":"es","@id":"https:\/\/exceladvisor.org\/es\/cambiar-la-orientacion-de-la-pagina\/#primaryimage","url":"https:\/\/exceladvisor.org\/wp-content\/uploads\/2023\/08\/1-changer-lorientation-des-pages.png","contentUrl":"https:\/\/exceladvisor.org\/wp-content\/uploads\/2023\/08\/1-changer-lorientation-des-pages.png"},{"@type":"BreadcrumbList","@id":"https:\/\/exceladvisor.org\/es\/cambiar-la-orientacion-de-la-pagina\/#breadcrumb","itemListElement":[{"@type":"ListItem","position":1,"name":"Hogar","item":"https:\/\/exceladvisor.org\/es\/"},{"@type":"ListItem","position":2,"name":"\u00bfc\u00f3mo cambiar la orientaci\u00f3n de la p\u00e1gina en excel?"}]},{"@type":"WebSite","@id":"https:\/\/exceladvisor.org\/es\/#website","url":"https:\/\/exceladvisor.org\/es\/","name":"Excel Advisor","description":"Su gu\u00eda para la dominaci\u00f3n de datos!","publisher":{"@id":"https:\/\/exceladvisor.org\/es\/#organization"},"potentialAction":[{"@type":"SearchAction","target":{"@type":"EntryPoint","urlTemplate":"https:\/\/exceladvisor.org\/es\/?s={search_term_string}"},"query-input":{"@type":"PropertyValueSpecification","valueRequired":true,"valueName":"search_term_string"}}],"inLanguage":"es"},{"@type":"Organization","@id":"https:\/\/exceladvisor.org\/es\/#organization","name":"Excel Advisor","url":"https:\/\/exceladvisor.org\/es\/","logo":{"@type":"ImageObject","inLanguage":"es","@id":"https:\/\/exceladvisor.org\/es\/#\/schema\/logo\/image\/","url":"https:\/\/exceladvisor.org\/es\/wp-content\/uploads\/2023\/12\/exceladvisor.org_.png","contentUrl":"https:\/\/exceladvisor.org\/es\/wp-content\/uploads\/2023\/12\/exceladvisor.org_.png","width":105,"height":36,"caption":"Excel Advisor"},"image":{"@id":"https:\/\/exceladvisor.org\/es\/#\/schema\/logo\/image\/"}}]}},"yoast_meta":{"yoast_wpseo_title":"","yoast_wpseo_metadesc":"","yoast_wpseo_canonical":""},"_links":{"self":[{"href":"https:\/\/exceladvisor.org\/es\/wp-json\/wp\/v2\/pages\/436","targetHints":{"allow":["GET"]}}],"collection":[{"href":"https:\/\/exceladvisor.org\/es\/wp-json\/wp\/v2\/pages"}],"about":[{"href":"https:\/\/exceladvisor.org\/es\/wp-json\/wp\/v2\/types\/page"}],"author":[{"embeddable":true,"href":"https:\/\/exceladvisor.org\/es\/wp-json\/wp\/v2\/users\/1"}],"replies":[{"embeddable":true,"href":"https:\/\/exceladvisor.org\/es\/wp-json\/wp\/v2\/comments?post=436"}],"version-history":[{"count":1,"href":"https:\/\/exceladvisor.org\/es\/wp-json\/wp\/v2\/pages\/436\/revisions"}],"predecessor-version":[{"id":899,"href":"https:\/\/exceladvisor.org\/es\/wp-json\/wp\/v2\/pages\/436\/revisions\/899"}],"wp:attachment":[{"href":"https:\/\/exceladvisor.org\/es\/wp-json\/wp\/v2\/media?parent=436"}],"curies":[{"name":"wp","href":"https:\/\/api.w.org\/{rel}","templated":true}]}}