{"id":438,"date":"2023-10-29T04:31:58","date_gmt":"2023-10-29T04:31:58","guid":{"rendered":"https:\/\/exceladvisor.org\/es\/vaciar-el-cache\/"},"modified":"2023-12-25T10:23:38","modified_gmt":"2023-12-25T10:23:38","slug":"vaciar-el-cache","status":"publish","type":"page","link":"https:\/\/exceladvisor.org\/es\/vaciar-el-cache\/","title":{"rendered":"\u00bfc\u00f3mo borrar el cach\u00e9 en excel?"},"content":{"rendered":"<div class=\"excel-antes-del-contenido\" id=\"excel-1096106928\"><script type=\"text\/javascript\">\r\n\tatOptions = {\r\n\t\t'key' : 'c1158f160081d6540a8409e6925dab94',\r\n\t\t'format' : 'iframe',\r\n\t\t'height' : 250,\r\n\t\t'width' : 300,\r\n\t\t'params' : {}\r\n\t};\r\n<\/script>\r\n<script type=\"text\/javascript\" src=\"\/\/www.highperformanceformat.com\/c1158f160081d6540a8409e6925dab94\/invoke.js\"><\/script><\/div><p>Microsoft Excel, al igual que otras aplicaciones, utiliza un cach\u00e9 para almacenar datos temporales de los archivos que crea. A veces, el almacenamiento en cach\u00e9 ralentiza su archivo y ocupa espacio de almacenamiento en su sistema. En esta situaci\u00f3n, puede borrar el cach\u00e9 de Excel o tambi\u00e9n puede cambiar los d\u00edas para guardar archivos en el cach\u00e9. <\/p>\n<div class=\"wp-block-image\">\n<figure class=\"aligncenter size-full is-resized\"><img loading=\"lazy\" decoding=\"async\" class=\"wp-image-72372\" src=\"https:\/\/exceladvisor.org\/wp-content\/uploads\/2023\/08\/1-parametres-de-cache.png\" sizes=\"auto, \" srcset=\"\" alt=\"configuraci\u00f3n de cach\u00e9\" width=\"780\" height=\"165\"><\/figure>\n<\/div>\n<p> Hay dos formas de borrar el cach\u00e9, la primera es crear y usar la aplicaci\u00f3n Microsoft Upload Center y la segunda es usar la opci\u00f3n Excel.<\/p>\n<h2 class=\"wp-block-heading\"> Pasos para borrar el cach\u00e9 en Excel<\/h2>\n<ol>\n<li> Primero, vaya a la pesta\u00f1a Archivo y abra las opciones de Excel. <br \/><img loading=\"lazy\" decoding=\"async\" title=\"2-opciones-excel\" src=\"https:\/\/exceladvisor.org\/wp-content\/uploads\/2023\/08\/2-options-Excel.png\" sizes=\"auto, \" srcset=\"\" alt=\"excel-options\" width=\"319\" height=\"199\"><\/li>\n<li> Desde all\u00ed, vaya a la opci\u00f3n de guardar y despl\u00e1cese hasta el final del cuadro de di\u00e1logo. <br \/><img loading=\"lazy\" decoding=\"async\" title=\"3 opciones de copia de seguridad\" src=\"https:\/\/exceladvisor.org\/wp-content\/uploads\/2023\/08\/3-options-de-sauvegarde.png\" sizes=\"auto, \" srcset=\"\" alt=\"save-option\" width=\"157\" height=\"371\"><\/li>\n<li> Ahora, en la configuraci\u00f3n de cach\u00e9, haga clic en \u00abEliminar archivos en cach\u00e9\u00bb. <br \/><img loading=\"lazy\" decoding=\"async\" title=\"4-eliminar-archivos-en-cach\u00e9\" src=\"https:\/\/exceladvisor.org\/wp-content\/uploads\/2023\/08\/4-supprimer-les-fichiers-en-cache.png\" sizes=\"auto, \" srcset=\"\" alt=\"delete-cached-files\" width=\"738\" height=\"166\"><\/li>\n<li> Despu\u00e9s de eso, aparecer\u00e1 un cuadro de di\u00e1logo para confirmar si desea borrar los archivos almacenados en cach\u00e9. <br \/><img loading=\"lazy\" decoding=\"async\" title=\"5-confirmar-eliminar-archivos-en-cach\u00e9\" src=\"https:\/\/exceladvisor.org\/wp-content\/uploads\/2023\/08\/5-confirmez-la-suppression-des-fichiers-en-cache.png\" sizes=\"auto, \" srcset=\"\" alt=\"confirm-delete-cached-files\" width=\"720\" height=\"416\"><\/li>\n<li> Al final, simplemente haga clic en \u00abEliminar archivos en cach\u00e9\u00bb para borrar el cach\u00e9 de Excel.<\/li>\n<\/ol>\n<p> En este punto, todos los archivos de Excel almacenados en cach\u00e9 se han eliminado de su sistema. Aparte de esto, hay algunas otras opciones en el mismo grupo de configuraci\u00f3n que debes conocer. <\/p>\n<div class=\"wp-block-image\">\n<figure class=\"aligncenter size-full is-resized\"><img loading=\"lazy\" decoding=\"async\" class=\"wp-image-72377\" src=\"https:\/\/exceladvisor.org\/wp-content\/uploads\/2023\/08\/6-options-de-fichier-cache.png\" sizes=\"auto, \" srcset=\"\" alt=\"opciones de archivo de cach\u00e9\" width=\"639\" height=\"142\"><\/figure>\n<\/div>\n<ol type=\"1\">\n<li> <strong>D\u00edas de retenci\u00f3n de archivos<\/strong> : puede cambiar la configuraci\u00f3n para decidir los d\u00edas que desea que Office mantenga sus archivos en cach\u00e9. Por defecto es 14, pero puedes especificar el d\u00eda que quieras.<\/li>\n<li> <strong>Eliminar archivos de cach\u00e9 cuando est\u00e9 cerrado<\/strong> : esto elimina archivos del cach\u00e9 una vez que lo cierra.<\/li>\n<\/ol>\n<h2 class=\"wp-block-heading\"> Uso del Centro de carga de Office para borrar el cach\u00e9<\/h2>\n<p> Tambi\u00e9n puede utilizar el Centro de carga de Office que viene con el paquete de software de Office. Una vez que abra el Centro de carga, haga clic en <strong><mark class=\"has-inline-color\" style=\"background-color: #fdde6c;\">Configuraci\u00f3n \u21e2 Eliminar archivos en cach\u00e9 \u21e2 Eliminar informaci\u00f3n en cach\u00e9<\/mark><\/strong> . <\/p>\n<div class=\"wp-block-image\">\n<figure class=\"aligncenter size-full is-resized\"><img loading=\"lazy\" decoding=\"async\" class=\"wp-image-77259\" src=\"https:\/\/exceladvisor.org\/wp-content\/uploads\/2023\/08\/centre-de-telechargement-de-bureau-effacer-le-cache-1.png\" sizes=\"auto, \" srcset=\"\" alt=\"centro-de-carga-de-office-borrar-cache-1\" width=\"666\" height=\"489\"><\/figure>\n<\/div>\n<p> En Office 365, el Centro de carga de Office se elimin\u00f3 y se reemplaz\u00f3 con Archivos que necesitan atenci\u00f3n. Puedes encontrar esta opci\u00f3n en<mark class=\"has-inline-color\" style=\"background-color: #eedc82;\"> <strong>Archivo \u21e2 Abrir \u21e2 Archivos que requieren atenci\u00f3n<\/strong><\/mark> . <\/p>\n<div class=\"wp-block-image\">\n<figure class=\"aligncenter size-full is-resized\"><img loading=\"lazy\" decoding=\"async\" class=\"wp-image-77262\" src=\"https:\/\/exceladvisor.org\/wp-content\/uploads\/2023\/08\/les-fichiers-necessitent-une-attention-vider-le-cache-excel.png\" sizes=\"auto, \" srcset=\"\" alt=\"archivos-necesitan-atenci\u00f3n-borrar-cach\u00e9-de-excel\" width=\"527\" height=\"375\"><\/figure>\n<\/div>\n<div class=\"gb-container gb-container-4db6181c gb-container-mt\"> <a class=\"gb-button gb-button-c5897111 gb-button-text gb-button-mt-button\" href=\"https:\/\/exceladvisor.org\/es\/avance-de-excel\/\">Tutoriales avanzados de Excel<\/a><\/p>\n<h2 class=\"gb-headline gb-headline-665e5f6b gb-headline-text gb-headline-mt-heading\"> Tutoriales relacionados <\/h2>\n<div class=\"gb-grid-wrapper gb-grid-wrapper-a20baf7c gb-grid-wrapper-mt-grid\">\n<div class=\"gb-grid-column gb-grid-column-65ddf67e\">\n<div class=\"gb-container gb-container-65ddf67e\">\n<ul>\n<li> <a href=\"https:\/\/exceladvisor.org\/es\/rebanador-de-excel\/\">Cortadora de Excel (gu\u00eda completa)<\/a><\/li>\n<li> <a href=\"https:\/\/exceladvisor.org\/es\/excel-por-defecto-en-mac\/\">Hacer que Excel sea el predeterminado en Mac<\/a><\/li>\n<li> <a href=\"https:\/\/exceladvisor.org\/es\/modo-seguro-de-excel\/\">Abra Excel en modo seguro<\/a><\/li>\n<li> <a href=\"https:\/\/exceladvisor.org\/es\/arte-inteligente\/\">Arte inteligente en Excel<\/a><\/li>\n<li> <a href=\"https:\/\/exceladvisor.org\/es\/laboratorio-de-guiones\/\">Laboratorio de guiones en Exce<\/a><\/li>\n<\/ul>\n<\/div>\n<\/div>\n<\/div>\n<\/div>\n","protected":false},"excerpt":{"rendered":"<p>Microsoft Excel, al igual que otras aplicaciones, utiliza un cach\u00e9 para almacenar datos temporales de los archivos que crea. A veces, el almacenamiento en cach\u00e9 ralentiza su archivo y ocupa espacio de almacenamiento en su sistema. En esta situaci\u00f3n, puede borrar el cach\u00e9 de Excel o tambi\u00e9n puede cambiar los d\u00edas para guardar archivos en [&hellip;]<\/p>\n","protected":false},"author":1,"featured_media":0,"parent":0,"menu_order":0,"comment_status":"open","ping_status":"closed","template":"","meta":{"ub_ctt_via":"","footnotes":""},"class_list":["post-438","page","type-page","status-publish","hentry"],"featured_image_src":null,"yoast_head":"<!-- This site is optimized with the Yoast SEO plugin v25.4 - https:\/\/yoast.com\/wordpress\/plugins\/seo\/ -->\n<title>\u00bfc\u00f3mo borrar el cach\u00e9 en excel?<\/title>\n<meta name=\"robots\" content=\"index, follow, max-snippet:-1, max-image-preview:large, max-video-preview:-1\" \/>\n<link rel=\"canonical\" href=\"https:\/\/exceladvisor.org\/es\/vaciar-el-cache\/\" \/>\n<meta property=\"og:locale\" content=\"es_ES\" \/>\n<meta property=\"og:type\" content=\"article\" \/>\n<meta property=\"og:title\" content=\"\u00bfc\u00f3mo borrar el cach\u00e9 en excel?\" \/>\n<meta property=\"og:description\" content=\"Microsoft Excel, al igual que otras aplicaciones, utiliza un cach\u00e9 para almacenar datos temporales de los archivos que crea. A veces, el almacenamiento en cach\u00e9 ralentiza su archivo y ocupa espacio de almacenamiento en su sistema. En esta situaci\u00f3n, puede borrar el cach\u00e9 de Excel o tambi\u00e9n puede cambiar los d\u00edas para guardar archivos en [&hellip;]\" \/>\n<meta property=\"og:url\" content=\"https:\/\/exceladvisor.org\/es\/vaciar-el-cache\/\" \/>\n<meta property=\"og:site_name\" content=\"Excel Advisor\" \/>\n<meta property=\"article:modified_time\" content=\"2023-12-25T10:23:38+00:00\" \/>\n<meta property=\"og:image\" content=\"https:\/\/exceladvisor.org\/wp-content\/uploads\/2023\/08\/1-parametres-de-cache.png\" \/>\n<meta name=\"twitter:card\" content=\"summary_large_image\" \/>\n<meta name=\"twitter:label1\" content=\"Tiempo de lectura\" \/>\n\t<meta name=\"twitter:data1\" content=\"2 minutos\" \/>\n<script type=\"application\/ld+json\" class=\"yoast-schema-graph\">{\"@context\":\"https:\/\/schema.org\",\"@graph\":[{\"@type\":\"WebPage\",\"@id\":\"https:\/\/exceladvisor.org\/es\/vaciar-el-cache\/\",\"url\":\"https:\/\/exceladvisor.org\/es\/vaciar-el-cache\/\",\"name\":\"\u00bfc\u00f3mo borrar el cach\u00e9 en excel?\",\"isPartOf\":{\"@id\":\"https:\/\/exceladvisor.org\/es\/#website\"},\"primaryImageOfPage\":{\"@id\":\"https:\/\/exceladvisor.org\/es\/vaciar-el-cache\/#primaryimage\"},\"image\":{\"@id\":\"https:\/\/exceladvisor.org\/es\/vaciar-el-cache\/#primaryimage\"},\"thumbnailUrl\":\"https:\/\/exceladvisor.org\/wp-content\/uploads\/2023\/08\/1-parametres-de-cache.png\",\"datePublished\":\"2023-10-29T04:31:58+00:00\",\"dateModified\":\"2023-12-25T10:23:38+00:00\",\"breadcrumb\":{\"@id\":\"https:\/\/exceladvisor.org\/es\/vaciar-el-cache\/#breadcrumb\"},\"inLanguage\":\"es\",\"potentialAction\":[{\"@type\":\"ReadAction\",\"target\":[\"https:\/\/exceladvisor.org\/es\/vaciar-el-cache\/\"]}]},{\"@type\":\"ImageObject\",\"inLanguage\":\"es\",\"@id\":\"https:\/\/exceladvisor.org\/es\/vaciar-el-cache\/#primaryimage\",\"url\":\"https:\/\/exceladvisor.org\/wp-content\/uploads\/2023\/08\/1-parametres-de-cache.png\",\"contentUrl\":\"https:\/\/exceladvisor.org\/wp-content\/uploads\/2023\/08\/1-parametres-de-cache.png\"},{\"@type\":\"BreadcrumbList\",\"@id\":\"https:\/\/exceladvisor.org\/es\/vaciar-el-cache\/#breadcrumb\",\"itemListElement\":[{\"@type\":\"ListItem\",\"position\":1,\"name\":\"Hogar\",\"item\":\"https:\/\/exceladvisor.org\/es\/\"},{\"@type\":\"ListItem\",\"position\":2,\"name\":\"\u00bfc\u00f3mo borrar el cach\u00e9 en excel?\"}]},{\"@type\":\"WebSite\",\"@id\":\"https:\/\/exceladvisor.org\/es\/#website\",\"url\":\"https:\/\/exceladvisor.org\/es\/\",\"name\":\"Excel Advisor\",\"description\":\"Su gu\u00eda para la dominaci\u00f3n de datos!\",\"publisher\":{\"@id\":\"https:\/\/exceladvisor.org\/es\/#organization\"},\"potentialAction\":[{\"@type\":\"SearchAction\",\"target\":{\"@type\":\"EntryPoint\",\"urlTemplate\":\"https:\/\/exceladvisor.org\/es\/?s={search_term_string}\"},\"query-input\":{\"@type\":\"PropertyValueSpecification\",\"valueRequired\":true,\"valueName\":\"search_term_string\"}}],\"inLanguage\":\"es\"},{\"@type\":\"Organization\",\"@id\":\"https:\/\/exceladvisor.org\/es\/#organization\",\"name\":\"Excel Advisor\",\"url\":\"https:\/\/exceladvisor.org\/es\/\",\"logo\":{\"@type\":\"ImageObject\",\"inLanguage\":\"es\",\"@id\":\"https:\/\/exceladvisor.org\/es\/#\/schema\/logo\/image\/\",\"url\":\"https:\/\/exceladvisor.org\/es\/wp-content\/uploads\/2023\/12\/exceladvisor.org_.png\",\"contentUrl\":\"https:\/\/exceladvisor.org\/es\/wp-content\/uploads\/2023\/12\/exceladvisor.org_.png\",\"width\":105,\"height\":36,\"caption\":\"Excel Advisor\"},\"image\":{\"@id\":\"https:\/\/exceladvisor.org\/es\/#\/schema\/logo\/image\/\"}}]}<\/script>\n<!-- \/ Yoast SEO plugin. -->","yoast_head_json":{"title":"\u00bfc\u00f3mo borrar el cach\u00e9 en excel?","robots":{"index":"index","follow":"follow","max-snippet":"max-snippet:-1","max-image-preview":"max-image-preview:large","max-video-preview":"max-video-preview:-1"},"canonical":"https:\/\/exceladvisor.org\/es\/vaciar-el-cache\/","og_locale":"es_ES","og_type":"article","og_title":"\u00bfc\u00f3mo borrar el cach\u00e9 en excel?","og_description":"Microsoft Excel, al igual que otras aplicaciones, utiliza un cach\u00e9 para almacenar datos temporales de los archivos que crea. A veces, el almacenamiento en cach\u00e9 ralentiza su archivo y ocupa espacio de almacenamiento en su sistema. En esta situaci\u00f3n, puede borrar el cach\u00e9 de Excel o tambi\u00e9n puede cambiar los d\u00edas para guardar archivos en [&hellip;]","og_url":"https:\/\/exceladvisor.org\/es\/vaciar-el-cache\/","og_site_name":"Excel Advisor","article_modified_time":"2023-12-25T10:23:38+00:00","og_image":[{"url":"https:\/\/exceladvisor.org\/wp-content\/uploads\/2023\/08\/1-parametres-de-cache.png","type":"","width":"","height":""}],"twitter_card":"summary_large_image","twitter_misc":{"Tiempo de lectura":"2 minutos"},"schema":{"@context":"https:\/\/schema.org","@graph":[{"@type":"WebPage","@id":"https:\/\/exceladvisor.org\/es\/vaciar-el-cache\/","url":"https:\/\/exceladvisor.org\/es\/vaciar-el-cache\/","name":"\u00bfc\u00f3mo borrar el cach\u00e9 en excel?","isPartOf":{"@id":"https:\/\/exceladvisor.org\/es\/#website"},"primaryImageOfPage":{"@id":"https:\/\/exceladvisor.org\/es\/vaciar-el-cache\/#primaryimage"},"image":{"@id":"https:\/\/exceladvisor.org\/es\/vaciar-el-cache\/#primaryimage"},"thumbnailUrl":"https:\/\/exceladvisor.org\/wp-content\/uploads\/2023\/08\/1-parametres-de-cache.png","datePublished":"2023-10-29T04:31:58+00:00","dateModified":"2023-12-25T10:23:38+00:00","breadcrumb":{"@id":"https:\/\/exceladvisor.org\/es\/vaciar-el-cache\/#breadcrumb"},"inLanguage":"es","potentialAction":[{"@type":"ReadAction","target":["https:\/\/exceladvisor.org\/es\/vaciar-el-cache\/"]}]},{"@type":"ImageObject","inLanguage":"es","@id":"https:\/\/exceladvisor.org\/es\/vaciar-el-cache\/#primaryimage","url":"https:\/\/exceladvisor.org\/wp-content\/uploads\/2023\/08\/1-parametres-de-cache.png","contentUrl":"https:\/\/exceladvisor.org\/wp-content\/uploads\/2023\/08\/1-parametres-de-cache.png"},{"@type":"BreadcrumbList","@id":"https:\/\/exceladvisor.org\/es\/vaciar-el-cache\/#breadcrumb","itemListElement":[{"@type":"ListItem","position":1,"name":"Hogar","item":"https:\/\/exceladvisor.org\/es\/"},{"@type":"ListItem","position":2,"name":"\u00bfc\u00f3mo borrar el cach\u00e9 en excel?"}]},{"@type":"WebSite","@id":"https:\/\/exceladvisor.org\/es\/#website","url":"https:\/\/exceladvisor.org\/es\/","name":"Excel Advisor","description":"Su gu\u00eda para la dominaci\u00f3n de datos!","publisher":{"@id":"https:\/\/exceladvisor.org\/es\/#organization"},"potentialAction":[{"@type":"SearchAction","target":{"@type":"EntryPoint","urlTemplate":"https:\/\/exceladvisor.org\/es\/?s={search_term_string}"},"query-input":{"@type":"PropertyValueSpecification","valueRequired":true,"valueName":"search_term_string"}}],"inLanguage":"es"},{"@type":"Organization","@id":"https:\/\/exceladvisor.org\/es\/#organization","name":"Excel Advisor","url":"https:\/\/exceladvisor.org\/es\/","logo":{"@type":"ImageObject","inLanguage":"es","@id":"https:\/\/exceladvisor.org\/es\/#\/schema\/logo\/image\/","url":"https:\/\/exceladvisor.org\/es\/wp-content\/uploads\/2023\/12\/exceladvisor.org_.png","contentUrl":"https:\/\/exceladvisor.org\/es\/wp-content\/uploads\/2023\/12\/exceladvisor.org_.png","width":105,"height":36,"caption":"Excel Advisor"},"image":{"@id":"https:\/\/exceladvisor.org\/es\/#\/schema\/logo\/image\/"}}]}},"yoast_meta":{"yoast_wpseo_title":"","yoast_wpseo_metadesc":"","yoast_wpseo_canonical":""},"_links":{"self":[{"href":"https:\/\/exceladvisor.org\/es\/wp-json\/wp\/v2\/pages\/438","targetHints":{"allow":["GET"]}}],"collection":[{"href":"https:\/\/exceladvisor.org\/es\/wp-json\/wp\/v2\/pages"}],"about":[{"href":"https:\/\/exceladvisor.org\/es\/wp-json\/wp\/v2\/types\/page"}],"author":[{"embeddable":true,"href":"https:\/\/exceladvisor.org\/es\/wp-json\/wp\/v2\/users\/1"}],"replies":[{"embeddable":true,"href":"https:\/\/exceladvisor.org\/es\/wp-json\/wp\/v2\/comments?post=438"}],"version-history":[{"count":1,"href":"https:\/\/exceladvisor.org\/es\/wp-json\/wp\/v2\/pages\/438\/revisions"}],"predecessor-version":[{"id":861,"href":"https:\/\/exceladvisor.org\/es\/wp-json\/wp\/v2\/pages\/438\/revisions\/861"}],"wp:attachment":[{"href":"https:\/\/exceladvisor.org\/es\/wp-json\/wp\/v2\/media?parent=438"}],"curies":[{"name":"wp","href":"https:\/\/api.w.org\/{rel}","templated":true}]}}