{"id":439,"date":"2023-10-29T04:20:39","date_gmt":"2023-10-29T04:20:39","guid":{"rendered":"https:\/\/exceladvisor.org\/es\/arte-inteligente\/"},"modified":"2023-12-25T10:31:42","modified_gmt":"2023-12-25T10:31:42","slug":"arte-inteligente","status":"publish","type":"page","link":"https:\/\/exceladvisor.org\/es\/arte-inteligente\/","title":{"rendered":"\u00bfc\u00f3mo utilizar smart art en excel?"},"content":{"rendered":"<div class=\"excel-antes-del-contenido\" id=\"excel-304554086\"><script type=\"text\/javascript\">\r\n\tatOptions = {\r\n\t\t'key' : 'c1158f160081d6540a8409e6925dab94',\r\n\t\t'format' : 'iframe',\r\n\t\t'height' : 250,\r\n\t\t'width' : 300,\r\n\t\t'params' : {}\r\n\t};\r\n<\/script>\r\n<script type=\"text\/javascript\" src=\"\/\/www.highperformanceformat.com\/c1158f160081d6540a8409e6925dab94\/invoke.js\"><\/script><\/div><p>Smart Art es una caracter\u00edstica de Excel que se utiliza para representar eficazmente su informaci\u00f3n, mensajes e ideas mediante gr\u00e1ficos visuales.<\/p>\n<p> Con Smart Art Graphics, puede insertar diferentes tipos de gr\u00e1ficos seg\u00fan sea necesario, lo que le permite agregarles texto e im\u00e1genes.<\/p>\n<p> Smart Art Graphic se puede utilizar para representar informaci\u00f3n en forma de diagrama de flujo, flujo de proceso, informaci\u00f3n de lista, informaci\u00f3n repetitiva o c\u00edclica, matriz, im\u00e1genes, etc.<\/p>\n<h2 class=\"wp-block-heading\"> Pasos para insertar gr\u00e1ficos Smart Art<\/h2>\n<ol>\n<li> Primero, vaya a la pesta\u00f1a \u00abInsertar\u00bb, luego haga clic en el icono \u00abSmart Art\u00bb debajo del grupo \u00abIlustraciones\u00bb y se abrir\u00e1 el cuadro de di\u00e1logo \u00abGr\u00e1fico Smart Art\u00bb. <br \/><img loading=\"lazy\" decoding=\"async\" title=\"1 icono de arte inteligente\" src=\"https:\/\/exceladvisor.org\/wp-content\/uploads\/2023\/08\/1-icone-smartart.png\" sizes=\"auto, \" srcset=\"\" alt=\"smartart-icon\" width=\"496\" height=\"137\"><\/li>\n<li> Despu\u00e9s de eso, elija la categor\u00eda gr\u00e1fica seg\u00fan sus requisitos en el panel izquierdo del cuadro de di\u00e1logo, luego elija dise\u00f1o gr\u00e1fico y haga clic en Aceptar. <br \/><img loading=\"lazy\" decoding=\"async\" title=\"2-cuadro de di\u00e1logo-gr\u00e1fico-smartart\" src=\"https:\/\/exceladvisor.org\/wp-content\/uploads\/2023\/08\/2-boite-de-dialogue-graphique-smartart.png\" sizes=\"auto, \" srcset=\"\" alt=\"smartart-graphic-dialog-box\" width=\"597\" height=\"339\"><\/li>\n<li> Una vez que hagas clic en Aceptar, tendr\u00e1s disponible tu dise\u00f1o gr\u00e1fico donde podr\u00e1s escribir tus mensajes, subt\u00edtulos, destacados, etc. <br \/><img loading=\"lazy\" decoding=\"async\" title=\"3-dise\u00f1o-gr\u00e1fico-smartart\" src=\"https:\/\/exceladvisor.org\/wp-content\/uploads\/2023\/08\/3-conception-graphique-intelligente.png\" sizes=\"auto, \" srcset=\"\" alt=\"smartart-graphic-design\" width=\"460\" height=\"272\"><\/li>\n<\/ol>\n<h2 class=\"wp-block-heading\"> Insertar gr\u00e1ficos Smart Art con opciones de imagen<\/h2>\n<p> Smart Art tambi\u00e9n le permite agregar im\u00e1genes y si desea agregar las im\u00e1genes junto con el texto en el gr\u00e1fico Smart Art, puede hacerlo simplemente siguiendo los pasos a continuaci\u00f3n:<\/p>\n<ol>\n<li> Primero, vaya a la pesta\u00f1a \u00abInsertar\u00bb, luego haga clic en el icono \u00abSmart Art\u00bb debajo del grupo \u00abIlustraciones\u00bb y se abrir\u00e1 el cuadro de di\u00e1logo \u00abGr\u00e1fico Smart Art\u00bb. <br \/><img loading=\"lazy\" decoding=\"async\" title=\"4-insertar-pesta\u00f1a-icono-smartart\" src=\"https:\/\/exceladvisor.org\/wp-content\/uploads\/2023\/08\/4-inserer-licone-smartart-de-longlet.png\" sizes=\"auto, \" srcset=\"\" alt=\"insert-tab-smartart-icon\" width=\"463\" height=\"128\"><\/li>\n<li> Despu\u00e9s de eso, elija la categor\u00eda gr\u00e1fica \u00abImagen\u00bb en el panel izquierdo del cuadro de di\u00e1logo, luego elija dise\u00f1o gr\u00e1fico y haga clic en Aceptar. <br \/><img loading=\"lazy\" decoding=\"async\" title=\"5 opciones de imagen\" src=\"https:\/\/exceladvisor.org\/wp-content\/uploads\/2023\/08\/5-choisissez-loption-dimage.png\" sizes=\"auto, \" srcset=\"\" alt=\"choose-picture-option\" width=\"532\" height=\"302\"><\/li>\n<li> En este punto obtendr\u00e1s el dise\u00f1o gr\u00e1fico que tambi\u00e9n te permitir\u00e1 agregar im\u00e1genes junto con las opciones de texto.<\/li>\n<li> Ahora, haga clic en el \u00edcono de la imagen para insertar la imagen desde su sistema local, en l\u00ednea o desde los \u00edconos integrados de Excel. <br \/><img loading=\"lazy\" decoding=\"async\" title=\"6-dise\u00f1o-smartart-con-opciones-de-inserci\u00f3n-de-imagen\" src=\"https:\/\/exceladvisor.org\/wp-content\/uploads\/2023\/08\/6-design-smartart-avec-options-dinsertion-dimage.png\" sizes=\"auto, \" srcset=\"\" alt=\"smartart-design-with-insert-picture-options\" width=\"449\" height=\"281\"><\/li>\n<li> Desde all\u00ed, elige la opci\u00f3n desde la que deseas agregar o insertar la imagen. <br \/><img loading=\"lazy\" decoding=\"async\" title=\"7-di\u00e1logo-insertar-imagen\" src=\"https:\/\/exceladvisor.org\/wp-content\/uploads\/2023\/08\/7-boite-de-dialogue-dinsertion-dimages.png\" sizes=\"auto, \" srcset=\"\" alt=\"insert-pictures-dialog-box\" width=\"523\" height=\"258\"><\/li>\n<\/ol>\n<p> Las im\u00e1genes agregadas se agregar\u00e1n a las formas y se ver\u00e1n como la imagen a continuaci\u00f3n. <\/p>\n<div class=\"wp-block-image\">\n<figure class=\"aligncenter size-full is-resized\"><img loading=\"lazy\" decoding=\"async\" class=\"wp-image-77374\" src=\"https:\/\/exceladvisor.org\/wp-content\/uploads\/2023\/08\/8-image-ajoutee-a-smartart.png\" sizes=\"auto, \" srcset=\"\" alt=\"imagen-agregada-a-smartart\" width=\"506\" height=\"299\"><\/figure>\n<\/div>\n<h2 class=\"wp-block-heading\"> Formatear gr\u00e1ficos art\u00edsticos inteligentes<\/h2>\n<p> Excel Smart Art tambi\u00e9n le permite formatear dise\u00f1os gr\u00e1ficos Smart Art. Puede formatear el color de fondo, agregar formas, eliminar formas y mucho m\u00e1s.<\/p>\n<ol>\n<li> Primero, seleccione el dise\u00f1o gr\u00e1fico existente y obtendr\u00e1 la pesta\u00f1a \u00abDise\u00f1o de arte inteligente\u00bb.<\/li>\n<li> Despu\u00e9s de eso, haga clic en la pesta\u00f1a \u00abDise\u00f1o art\u00edstico inteligente\u00bb y encontrar\u00e1 varias opciones de formato para formatear el dise\u00f1o gr\u00e1fico existente. <br \/><img loading=\"lazy\" decoding=\"async\" title=\"9-dise\u00f1o-smartart\" src=\"https:\/\/exceladvisor.org\/wp-content\/uploads\/2023\/08\/9-conception-intelligente.png\" sizes=\"auto, \" srcset=\"\" alt=\"smartart-design\" width=\"839\" height=\"383\"><\/li>\n<li> Ahora, para cambiar el color de fondo de los cuadros en el dise\u00f1o, haga clic en el icono \u00abCambiar colores\u00bb y elija de la lista desplegable de colores y se aplicar\u00e1. <br \/><img loading=\"lazy\" decoding=\"async\" title=\"\u00cdcono de cambio de 10 colores\" src=\"https:\/\/exceladvisor.org\/wp-content\/uploads\/2023\/08\/icone-10-couleurs-de-changement.png\" sizes=\"auto, \" srcset=\"\" alt=\"change-colors-icon\" width=\"729\" height=\"424\"><\/li>\n<li> Para agregar formas adicionales, seleccione la forma existente antes o despu\u00e9s de la cual desea agregar otra forma, luego haga clic en el icono \u00abAgregar forma\u00bb y seleccione \u00abAgregar forma despu\u00e9s o antes\u00bb seg\u00fan sea necesario. <br \/><img loading=\"lazy\" decoding=\"async\" title=\"11-agregar-formas\" src=\"https:\/\/exceladvisor.org\/wp-content\/uploads\/2023\/08\/11-ajouter-des-formes.png\" sizes=\"auto, \" srcset=\"\" alt=\"add-shapes\" width=\"550\" height=\"424\"><\/li>\n<li> Una vez que elija la opci\u00f3n (aqu\u00ed elegimos \u00abAgregar forma despu\u00e9s\u00bb), agregar\u00e1 la forma justo despu\u00e9s de la forma que hab\u00eda seleccionado. <br \/><img loading=\"lazy\" decoding=\"async\" title=\"12 formas agregadas a smartart\" src=\"https:\/\/exceladvisor.org\/wp-content\/uploads\/2023\/08\/12-formes-ajoutees-au-smartart.png\" sizes=\"auto, \" srcset=\"\" alt=\"shape-added-to-the-smartart\" width=\"466\" height=\"285\"><\/li>\n<li> Para cambiar la posici\u00f3n de las formas, haga clic en \u00abMover hacia arriba\u00bb o \u00abDe derecha a izquierda\u00bb y para eliminar las formas de texto, haga clic en \u00abMover hacia abajo\u00bb. <br \/><img loading=\"lazy\" decoding=\"async\" title=\"13-mover-eliminar-formas\" src=\"https:\/\/exceladvisor.org\/wp-content\/uploads\/2023\/08\/13-deplacer-supprimer-des-formes.png\" sizes=\"auto, \" srcset=\"\" alt=\"move-delete-shapes\" width=\"566\" height=\"132\"><\/li>\n<\/ol>\n<p> Cuando mueve, cambia el tama\u00f1o o ajusta una forma en el dise\u00f1o, otras formas disponibles se ajustar\u00e1n en consecuencia, pero para hacer que otras formas sean constantes\/fijas, puede convertir el dise\u00f1o al formato de formas haciendo clic en \u00abConvertir a formas\u00bb, despu\u00e9s de lo cual el dise\u00f1o de el gr\u00e1fico se convertir\u00e1 al formato de formas y, junto con esto, tambi\u00e9n se cambiar\u00e1n las opciones de formato. <\/p>\n<div class=\"wp-block-image\">\n<figure class=\"aligncenter size-full is-resized\"><img loading=\"lazy\" decoding=\"async\" class=\"wp-image-77380\" src=\"https:\/\/exceladvisor.org\/wp-content\/uploads\/2023\/08\/14-convertir-en-formes.png\" sizes=\"auto, \" srcset=\"\" alt=\"convertir a formas\" width=\"759\" height=\"391\"><\/figure>\n<\/div>\n<div class=\"gb-container gb-container-4db6181c gb-container-mt\"> <a class=\"gb-button gb-button-c5897111 gb-button-text gb-button-mt-button\" href=\"https:\/\/exceladvisor.org\/es\/avance-de-excel\/\">Tutoriales avanzados de Excel<\/a><\/p>\n<h2 class=\"gb-headline gb-headline-665e5f6b gb-headline-text gb-headline-mt-heading\"> Tutoriales relacionados <\/h2>\n<div class=\"gb-grid-wrapper gb-grid-wrapper-a20baf7c gb-grid-wrapper-mt-grid\">\n<div class=\"gb-grid-column gb-grid-column-65ddf67e\">\n<div class=\"gb-container gb-container-65ddf67e\">\n<ul>\n<li> <a href=\"https:\/\/exceladvisor.org\/es\/herramienta-de-camara\/\">Herramienta de c\u00e1mara de Excel<\/a><\/li>\n<li> <a href=\"https:\/\/exceladvisor.org\/es\/buscar-objetivo\/\">Buscador de objetivos en Excel<\/a><\/li>\n<li> <a href=\"https:\/\/exceladvisor.org\/es\/ver-ventana\/\">Ventana de observaci\u00f3n en Excel<\/a><\/li>\n<li> <a href=\"https:\/\/exceladvisor.org\/es\/rebanador-de-excel\/\">Cortadora de Excel (gu\u00eda completa)<\/a><\/li>\n<li> <a href=\"https:\/\/exceladvisor.org\/es\/excel-por-defecto-en-mac\/\">Hacer que Excel sea el predeterminado en Mac<\/a><\/li>\n<\/ul>\n<\/div>\n<\/div>\n<\/div>\n<\/div>\n","protected":false},"excerpt":{"rendered":"<p>Smart Art es una caracter\u00edstica de Excel que se utiliza para representar eficazmente su informaci\u00f3n, mensajes e ideas mediante gr\u00e1ficos visuales. Con Smart Art Graphics, puede insertar diferentes tipos de gr\u00e1ficos seg\u00fan sea necesario, lo que le permite agregarles texto e im\u00e1genes. Smart Art Graphic se puede utilizar para representar informaci\u00f3n en forma de diagrama [&hellip;]<\/p>\n","protected":false},"author":1,"featured_media":0,"parent":0,"menu_order":0,"comment_status":"open","ping_status":"closed","template":"","meta":{"ub_ctt_via":"","footnotes":""},"class_list":["post-439","page","type-page","status-publish","hentry"],"featured_image_src":null,"yoast_head":"<!-- This site is optimized with the Yoast SEO plugin v25.4 - https:\/\/yoast.com\/wordpress\/plugins\/seo\/ -->\n<title>\u00bfc\u00f3mo utilizar smart art en excel?<\/title>\n<meta name=\"robots\" content=\"index, follow, max-snippet:-1, max-image-preview:large, max-video-preview:-1\" \/>\n<link rel=\"canonical\" href=\"https:\/\/exceladvisor.org\/es\/arte-inteligente\/\" \/>\n<meta property=\"og:locale\" content=\"es_ES\" \/>\n<meta property=\"og:type\" content=\"article\" \/>\n<meta property=\"og:title\" content=\"\u00bfc\u00f3mo utilizar smart art en excel?\" \/>\n<meta property=\"og:description\" content=\"Smart Art es una caracter\u00edstica de Excel que se utiliza para representar eficazmente su informaci\u00f3n, mensajes e ideas mediante gr\u00e1ficos visuales. Con Smart Art Graphics, puede insertar diferentes tipos de gr\u00e1ficos seg\u00fan sea necesario, lo que le permite agregarles texto e im\u00e1genes. Smart Art Graphic se puede utilizar para representar informaci\u00f3n en forma de diagrama [&hellip;]\" \/>\n<meta property=\"og:url\" content=\"https:\/\/exceladvisor.org\/es\/arte-inteligente\/\" \/>\n<meta property=\"og:site_name\" content=\"Excel Advisor\" \/>\n<meta property=\"article:modified_time\" content=\"2023-12-25T10:31:42+00:00\" \/>\n<meta property=\"og:image\" content=\"https:\/\/exceladvisor.org\/wp-content\/uploads\/2023\/08\/1-icone-smartart.png\" \/>\n<meta name=\"twitter:card\" content=\"summary_large_image\" \/>\n<meta name=\"twitter:label1\" content=\"Tiempo de lectura\" \/>\n\t<meta name=\"twitter:data1\" content=\"3 minutos\" \/>\n<script type=\"application\/ld+json\" class=\"yoast-schema-graph\">{\"@context\":\"https:\/\/schema.org\",\"@graph\":[{\"@type\":\"WebPage\",\"@id\":\"https:\/\/exceladvisor.org\/es\/arte-inteligente\/\",\"url\":\"https:\/\/exceladvisor.org\/es\/arte-inteligente\/\",\"name\":\"\u00bfc\u00f3mo utilizar smart art en excel?\",\"isPartOf\":{\"@id\":\"https:\/\/exceladvisor.org\/es\/#website\"},\"primaryImageOfPage\":{\"@id\":\"https:\/\/exceladvisor.org\/es\/arte-inteligente\/#primaryimage\"},\"image\":{\"@id\":\"https:\/\/exceladvisor.org\/es\/arte-inteligente\/#primaryimage\"},\"thumbnailUrl\":\"https:\/\/exceladvisor.org\/wp-content\/uploads\/2023\/08\/1-icone-smartart.png\",\"datePublished\":\"2023-10-29T04:20:39+00:00\",\"dateModified\":\"2023-12-25T10:31:42+00:00\",\"breadcrumb\":{\"@id\":\"https:\/\/exceladvisor.org\/es\/arte-inteligente\/#breadcrumb\"},\"inLanguage\":\"es\",\"potentialAction\":[{\"@type\":\"ReadAction\",\"target\":[\"https:\/\/exceladvisor.org\/es\/arte-inteligente\/\"]}]},{\"@type\":\"ImageObject\",\"inLanguage\":\"es\",\"@id\":\"https:\/\/exceladvisor.org\/es\/arte-inteligente\/#primaryimage\",\"url\":\"https:\/\/exceladvisor.org\/wp-content\/uploads\/2023\/08\/1-icone-smartart.png\",\"contentUrl\":\"https:\/\/exceladvisor.org\/wp-content\/uploads\/2023\/08\/1-icone-smartart.png\"},{\"@type\":\"BreadcrumbList\",\"@id\":\"https:\/\/exceladvisor.org\/es\/arte-inteligente\/#breadcrumb\",\"itemListElement\":[{\"@type\":\"ListItem\",\"position\":1,\"name\":\"Hogar\",\"item\":\"https:\/\/exceladvisor.org\/es\/\"},{\"@type\":\"ListItem\",\"position\":2,\"name\":\"\u00bfc\u00f3mo utilizar smart art en excel?\"}]},{\"@type\":\"WebSite\",\"@id\":\"https:\/\/exceladvisor.org\/es\/#website\",\"url\":\"https:\/\/exceladvisor.org\/es\/\",\"name\":\"Excel Advisor\",\"description\":\"Su gu\u00eda para la dominaci\u00f3n de datos!\",\"publisher\":{\"@id\":\"https:\/\/exceladvisor.org\/es\/#organization\"},\"potentialAction\":[{\"@type\":\"SearchAction\",\"target\":{\"@type\":\"EntryPoint\",\"urlTemplate\":\"https:\/\/exceladvisor.org\/es\/?s={search_term_string}\"},\"query-input\":{\"@type\":\"PropertyValueSpecification\",\"valueRequired\":true,\"valueName\":\"search_term_string\"}}],\"inLanguage\":\"es\"},{\"@type\":\"Organization\",\"@id\":\"https:\/\/exceladvisor.org\/es\/#organization\",\"name\":\"Excel Advisor\",\"url\":\"https:\/\/exceladvisor.org\/es\/\",\"logo\":{\"@type\":\"ImageObject\",\"inLanguage\":\"es\",\"@id\":\"https:\/\/exceladvisor.org\/es\/#\/schema\/logo\/image\/\",\"url\":\"https:\/\/exceladvisor.org\/es\/wp-content\/uploads\/2023\/12\/exceladvisor.org_.png\",\"contentUrl\":\"https:\/\/exceladvisor.org\/es\/wp-content\/uploads\/2023\/12\/exceladvisor.org_.png\",\"width\":105,\"height\":36,\"caption\":\"Excel Advisor\"},\"image\":{\"@id\":\"https:\/\/exceladvisor.org\/es\/#\/schema\/logo\/image\/\"}}]}<\/script>\n<!-- \/ Yoast SEO plugin. -->","yoast_head_json":{"title":"\u00bfc\u00f3mo utilizar smart art en excel?","robots":{"index":"index","follow":"follow","max-snippet":"max-snippet:-1","max-image-preview":"max-image-preview:large","max-video-preview":"max-video-preview:-1"},"canonical":"https:\/\/exceladvisor.org\/es\/arte-inteligente\/","og_locale":"es_ES","og_type":"article","og_title":"\u00bfc\u00f3mo utilizar smart art en excel?","og_description":"Smart Art es una caracter\u00edstica de Excel que se utiliza para representar eficazmente su informaci\u00f3n, mensajes e ideas mediante gr\u00e1ficos visuales. Con Smart Art Graphics, puede insertar diferentes tipos de gr\u00e1ficos seg\u00fan sea necesario, lo que le permite agregarles texto e im\u00e1genes. Smart Art Graphic se puede utilizar para representar informaci\u00f3n en forma de diagrama [&hellip;]","og_url":"https:\/\/exceladvisor.org\/es\/arte-inteligente\/","og_site_name":"Excel Advisor","article_modified_time":"2023-12-25T10:31:42+00:00","og_image":[{"url":"https:\/\/exceladvisor.org\/wp-content\/uploads\/2023\/08\/1-icone-smartart.png","type":"","width":"","height":""}],"twitter_card":"summary_large_image","twitter_misc":{"Tiempo de lectura":"3 minutos"},"schema":{"@context":"https:\/\/schema.org","@graph":[{"@type":"WebPage","@id":"https:\/\/exceladvisor.org\/es\/arte-inteligente\/","url":"https:\/\/exceladvisor.org\/es\/arte-inteligente\/","name":"\u00bfc\u00f3mo utilizar smart art en excel?","isPartOf":{"@id":"https:\/\/exceladvisor.org\/es\/#website"},"primaryImageOfPage":{"@id":"https:\/\/exceladvisor.org\/es\/arte-inteligente\/#primaryimage"},"image":{"@id":"https:\/\/exceladvisor.org\/es\/arte-inteligente\/#primaryimage"},"thumbnailUrl":"https:\/\/exceladvisor.org\/wp-content\/uploads\/2023\/08\/1-icone-smartart.png","datePublished":"2023-10-29T04:20:39+00:00","dateModified":"2023-12-25T10:31:42+00:00","breadcrumb":{"@id":"https:\/\/exceladvisor.org\/es\/arte-inteligente\/#breadcrumb"},"inLanguage":"es","potentialAction":[{"@type":"ReadAction","target":["https:\/\/exceladvisor.org\/es\/arte-inteligente\/"]}]},{"@type":"ImageObject","inLanguage":"es","@id":"https:\/\/exceladvisor.org\/es\/arte-inteligente\/#primaryimage","url":"https:\/\/exceladvisor.org\/wp-content\/uploads\/2023\/08\/1-icone-smartart.png","contentUrl":"https:\/\/exceladvisor.org\/wp-content\/uploads\/2023\/08\/1-icone-smartart.png"},{"@type":"BreadcrumbList","@id":"https:\/\/exceladvisor.org\/es\/arte-inteligente\/#breadcrumb","itemListElement":[{"@type":"ListItem","position":1,"name":"Hogar","item":"https:\/\/exceladvisor.org\/es\/"},{"@type":"ListItem","position":2,"name":"\u00bfc\u00f3mo utilizar smart art en excel?"}]},{"@type":"WebSite","@id":"https:\/\/exceladvisor.org\/es\/#website","url":"https:\/\/exceladvisor.org\/es\/","name":"Excel Advisor","description":"Su gu\u00eda para la dominaci\u00f3n de datos!","publisher":{"@id":"https:\/\/exceladvisor.org\/es\/#organization"},"potentialAction":[{"@type":"SearchAction","target":{"@type":"EntryPoint","urlTemplate":"https:\/\/exceladvisor.org\/es\/?s={search_term_string}"},"query-input":{"@type":"PropertyValueSpecification","valueRequired":true,"valueName":"search_term_string"}}],"inLanguage":"es"},{"@type":"Organization","@id":"https:\/\/exceladvisor.org\/es\/#organization","name":"Excel Advisor","url":"https:\/\/exceladvisor.org\/es\/","logo":{"@type":"ImageObject","inLanguage":"es","@id":"https:\/\/exceladvisor.org\/es\/#\/schema\/logo\/image\/","url":"https:\/\/exceladvisor.org\/es\/wp-content\/uploads\/2023\/12\/exceladvisor.org_.png","contentUrl":"https:\/\/exceladvisor.org\/es\/wp-content\/uploads\/2023\/12\/exceladvisor.org_.png","width":105,"height":36,"caption":"Excel Advisor"},"image":{"@id":"https:\/\/exceladvisor.org\/es\/#\/schema\/logo\/image\/"}}]}},"yoast_meta":{"yoast_wpseo_title":"","yoast_wpseo_metadesc":"","yoast_wpseo_canonical":""},"_links":{"self":[{"href":"https:\/\/exceladvisor.org\/es\/wp-json\/wp\/v2\/pages\/439","targetHints":{"allow":["GET"]}}],"collection":[{"href":"https:\/\/exceladvisor.org\/es\/wp-json\/wp\/v2\/pages"}],"about":[{"href":"https:\/\/exceladvisor.org\/es\/wp-json\/wp\/v2\/types\/page"}],"author":[{"embeddable":true,"href":"https:\/\/exceladvisor.org\/es\/wp-json\/wp\/v2\/users\/1"}],"replies":[{"embeddable":true,"href":"https:\/\/exceladvisor.org\/es\/wp-json\/wp\/v2\/comments?post=439"}],"version-history":[{"count":1,"href":"https:\/\/exceladvisor.org\/es\/wp-json\/wp\/v2\/pages\/439\/revisions"}],"predecessor-version":[{"id":1377,"href":"https:\/\/exceladvisor.org\/es\/wp-json\/wp\/v2\/pages\/439\/revisions\/1377"}],"wp:attachment":[{"href":"https:\/\/exceladvisor.org\/es\/wp-json\/wp\/v2\/media?parent=439"}],"curies":[{"name":"wp","href":"https:\/\/api.w.org\/{rel}","templated":true}]}}