{"id":44,"date":"2023-11-18T05:46:34","date_gmt":"2023-11-18T05:46:34","guid":{"rendered":"https:\/\/exceladvisor.org\/es\/resaltando-entre-dos-fechas\/"},"modified":"2023-12-25T10:27:04","modified_gmt":"2023-12-25T10:27:04","slug":"resaltando-entre-dos-fechas","status":"publish","type":"page","link":"https:\/\/exceladvisor.org\/es\/resaltando-entre-dos-fechas\/","title":{"rendered":"\u00bfc\u00f3mo resalto fechas entre dos fechas?"},"content":{"rendered":"<div class=\"excel-antes-del-contenido\" id=\"excel-27915264\"><script type=\"text\/javascript\">\r\n\tatOptions = {\r\n\t\t'key' : 'c1158f160081d6540a8409e6925dab94',\r\n\t\t'format' : 'iframe',\r\n\t\t'height' : 250,\r\n\t\t'width' : 300,\r\n\t\t'params' : {}\r\n\t};\r\n<\/script>\r\n<script type=\"text\/javascript\" src=\"\/\/www.highperformanceformat.com\/c1158f160081d6540a8409e6925dab94\/invoke.js\"><\/script><\/div><p>Tiene fechas en la columna y desea resaltar todas las fechas dentro del rango de dos fechas.<\/p>\n<p> Digamos que tiene una fecha de inicio del 17 de enero de 2025 y una fecha de finalizaci\u00f3n del 19 de marzo de 2025, y en la columna de fechas desea resaltar todas las celdas donde la fecha se encuentra entre estas dos fechas.<\/p>\n<p> La forma m\u00e1s sencilla de hacerlo es utilizar formato condicional. Puede utilizar una f\u00f3rmula basada en las funciones Y y FECHA. Simplemente cree una nueva regla de formato condicional con esta f\u00f3rmula. Sigamos estos pasos.<\/p>\n<h2 class=\"wp-block-heading\"> Pasos para usar CF para resaltar fechas entre dos fechas<\/h2>\n<ul>\n<li> Primero, seleccione el rango o columna (A2:A20) donde tiene las fechas.<\/li>\n<li> Ahora vaya a la pesta\u00f1a Inicio \u21e2 Estilos \u21e2 Formato condicional \u21e2 Nueva regla. <\/li>\n<\/ul>\n<div class=\"wp-block-image\">\n<figure class=\"aligncenter\"><img decoding=\"async\" src=\"https:\/\/exceladvisor.org\/wp-content\/uploads\/2023\/08\/cliquez-sur-la-regle-de-formule-pour-mettre-en-surbrillance-les-dates-entre-deux-dates.png\" sizes=\"\" srcset=\"\" alt=\"haga clic en la regla de la f\u00f3rmula para resaltar las fechas entre dos fechas\"><\/figure>\n<\/div>\n<ul>\n<li> Desde all\u00ed, en la ventana Nueva regla, seleccione \u00abUsar una f\u00f3rmula para determinar a qu\u00e9 celda formatear\u00bb.<\/li>\n<li> Despu\u00e9s de eso, en la barra de entrada de f\u00f3rmulas, ingrese la siguiente f\u00f3rmula.<\/li>\n<li> Finalmente, seleccione un color de la opci\u00f3n de formato para aplicarlo a las celdas. <\/li>\n<\/ul>\n<div class=\"wp-block-image\">\n<figure class=\"aligncenter\"><img decoding=\"async\" src=\"https:\/\/exceladvisor.org\/wp-content\/uploads\/2023\/08\/ajouter-une-formule-pour-mettre-en-evidence-les-dates-entre-deux-dates.png\" sizes=\"\" srcset=\"\" alt=\"agregue una f\u00f3rmula para resaltar fechas entre dos fechas.png\"><\/figure>\n<\/div>\n<ul>\n<li> Al final, haga clic en Aceptar.<\/li>\n<\/ul>\n<p> Una vez que haga clic en Aceptar, todas las celdas con fechas dentro del rango que mencion\u00f3 tendr\u00e1n el formato del color que especific\u00f3. <\/p>\n<div class=\"wp-block-image\">\n<figure class=\"aligncenter\"><img decoding=\"async\" src=\"https:\/\/exceladvisor.org\/wp-content\/uploads\/2023\/08\/surligner-les-dates-entre-deux-dates-dans-une-colonne.png\" sizes=\"\" srcset=\"\" alt=\"resaltar fechas entre dos fechas en una columna\"><\/figure>\n<\/div>\n<h2 class=\"wp-block-heading\"> \u00bfC\u00f3mo funciona esta f\u00f3rmula CF?<\/h2>\n<p> La funci\u00f3n AND puede tomar m\u00faltiples condiciones y devuelve VERDADERO si todas las condiciones son VERDADERAS; de lo contrario, FALSO.<\/p>\n<p> Entonces, cuando <a href=\"https:\/\/exceladvisor.org\/es\/formulas-1\/\" data-wpil=\"url\">usa esta f\u00f3rmula<\/a> en formato condicional, verifica la fecha en la celda y devuelve VERDADERO si esa fecha est\u00e1 dentro del rango de fechas. Con este formato VERDADERO, condicional se aplica un color a todas las celdas con fechas.<\/p>\n<div class=\"gb-container gb-container-0df56012 gb-container-mt\"> <a class=\"gb-button gb-button-f9f432f4 gb-button-text gb-button-mt-button\" href=\"https:\/\/exceladvisor.org\/es\/formulas\/\">Lista de f\u00f3rmulas de Excel<\/a><\/p>\n<h2 class=\"gb-headline gb-headline-233444e8 gb-headline-text gb-headline-mt-heading\"> F\u00f3rmulas relacionadas <\/h2>\n<div class=\"gb-grid-wrapper gb-grid-wrapper-a16fa65c gb-grid-wrapper-mt-grid\">\n<div class=\"gb-grid-column gb-grid-column-50d07e0d\">\n<div class=\"gb-container gb-container-50d07e0d\">\n<ul>\n<li> <a href=\"https:\/\/exceladvisor.org\/es\/comparar-dos-fechas\/\">Comparar dos fechas en Excel<\/a><\/li>\n<li> <a href=\"https:\/\/exceladvisor.org\/es\/convertir-fecha-a-numero\/\">Convertir fecha a n\u00famero en Excel<\/a><\/li>\n<li> <a href=\"https:\/\/exceladvisor.org\/es\/texto-hasta-la-fecha\/\">Convertir texto a fecha en Excel<\/a> <\/li>\n<\/ul>\n<\/div>\n<\/div>\n<div class=\"gb-grid-column gb-grid-column-5b4a0cf9\">\n<div class=\"gb-container gb-container-5b4a0cf9\">\n<ul>\n<li> <a href=\"https:\/\/exceladvisor.org\/es\/concatenar-dos-fechas\/\">Concatenar r\u00e1pidamente dos fechas en Excel<\/a><\/li>\n<li> <a href=\"https:\/\/exceladvisor.org\/es\/generador-de-fechas-aleatorias\/\">Generador de fechas aleatorias (f\u00f3rmula de Excel) en Excel<\/a><\/li>\n<li> <a href=\"https:\/\/exceladvisor.org\/es\/combinar-fecha-y-hora\/\">Combinar fecha y hora en Excel<\/a><\/li>\n<\/ul>\n<\/div>\n<\/div>\n<\/div>\n<\/div>\n","protected":false},"excerpt":{"rendered":"<p>Tiene fechas en la columna y desea resaltar todas las fechas dentro del rango de dos fechas. Digamos que tiene una fecha de inicio del 17 de enero de 2025 y una fecha de finalizaci\u00f3n del 19 de marzo de 2025, y en la columna de fechas desea resaltar todas las celdas donde la fecha [&hellip;]<\/p>\n","protected":false},"author":1,"featured_media":0,"parent":0,"menu_order":0,"comment_status":"open","ping_status":"closed","template":"","meta":{"ub_ctt_via":"","footnotes":""},"class_list":["post-44","page","type-page","status-publish","hentry"],"featured_image_src":null,"yoast_head":"<!-- This site is optimized with the Yoast SEO plugin v25.4 - https:\/\/yoast.com\/wordpress\/plugins\/seo\/ -->\n<title>\u00bfc\u00f3mo resalto fechas entre dos fechas?<\/title>\n<meta name=\"robots\" content=\"index, follow, max-snippet:-1, max-image-preview:large, max-video-preview:-1\" \/>\n<link rel=\"canonical\" href=\"https:\/\/exceladvisor.org\/es\/resaltando-entre-dos-fechas\/\" \/>\n<meta property=\"og:locale\" content=\"es_ES\" \/>\n<meta property=\"og:type\" content=\"article\" \/>\n<meta property=\"og:title\" content=\"\u00bfc\u00f3mo resalto fechas entre dos fechas?\" \/>\n<meta property=\"og:description\" content=\"Tiene fechas en la columna y desea resaltar todas las fechas dentro del rango de dos fechas. Digamos que tiene una fecha de inicio del 17 de enero de 2025 y una fecha de finalizaci\u00f3n del 19 de marzo de 2025, y en la columna de fechas desea resaltar todas las celdas donde la fecha [&hellip;]\" \/>\n<meta property=\"og:url\" content=\"https:\/\/exceladvisor.org\/es\/resaltando-entre-dos-fechas\/\" \/>\n<meta property=\"og:site_name\" content=\"Excel Advisor\" \/>\n<meta property=\"article:modified_time\" content=\"2023-12-25T10:27:04+00:00\" \/>\n<meta property=\"og:image\" content=\"https:\/\/exceladvisor.org\/wp-content\/uploads\/2023\/08\/cliquez-sur-la-regle-de-formule-pour-mettre-en-surbrillance-les-dates-entre-deux-dates.png\" \/>\n<meta name=\"twitter:card\" content=\"summary_large_image\" \/>\n<meta name=\"twitter:label1\" content=\"Tiempo de lectura\" \/>\n\t<meta name=\"twitter:data1\" content=\"2 minutos\" \/>\n<script type=\"application\/ld+json\" class=\"yoast-schema-graph\">{\"@context\":\"https:\/\/schema.org\",\"@graph\":[{\"@type\":\"WebPage\",\"@id\":\"https:\/\/exceladvisor.org\/es\/resaltando-entre-dos-fechas\/\",\"url\":\"https:\/\/exceladvisor.org\/es\/resaltando-entre-dos-fechas\/\",\"name\":\"\u00bfc\u00f3mo resalto fechas entre dos fechas?\",\"isPartOf\":{\"@id\":\"https:\/\/exceladvisor.org\/es\/#website\"},\"primaryImageOfPage\":{\"@id\":\"https:\/\/exceladvisor.org\/es\/resaltando-entre-dos-fechas\/#primaryimage\"},\"image\":{\"@id\":\"https:\/\/exceladvisor.org\/es\/resaltando-entre-dos-fechas\/#primaryimage\"},\"thumbnailUrl\":\"https:\/\/exceladvisor.org\/wp-content\/uploads\/2023\/08\/cliquez-sur-la-regle-de-formule-pour-mettre-en-surbrillance-les-dates-entre-deux-dates.png\",\"datePublished\":\"2023-11-18T05:46:34+00:00\",\"dateModified\":\"2023-12-25T10:27:04+00:00\",\"breadcrumb\":{\"@id\":\"https:\/\/exceladvisor.org\/es\/resaltando-entre-dos-fechas\/#breadcrumb\"},\"inLanguage\":\"es\",\"potentialAction\":[{\"@type\":\"ReadAction\",\"target\":[\"https:\/\/exceladvisor.org\/es\/resaltando-entre-dos-fechas\/\"]}]},{\"@type\":\"ImageObject\",\"inLanguage\":\"es\",\"@id\":\"https:\/\/exceladvisor.org\/es\/resaltando-entre-dos-fechas\/#primaryimage\",\"url\":\"https:\/\/exceladvisor.org\/wp-content\/uploads\/2023\/08\/cliquez-sur-la-regle-de-formule-pour-mettre-en-surbrillance-les-dates-entre-deux-dates.png\",\"contentUrl\":\"https:\/\/exceladvisor.org\/wp-content\/uploads\/2023\/08\/cliquez-sur-la-regle-de-formule-pour-mettre-en-surbrillance-les-dates-entre-deux-dates.png\"},{\"@type\":\"BreadcrumbList\",\"@id\":\"https:\/\/exceladvisor.org\/es\/resaltando-entre-dos-fechas\/#breadcrumb\",\"itemListElement\":[{\"@type\":\"ListItem\",\"position\":1,\"name\":\"Hogar\",\"item\":\"https:\/\/exceladvisor.org\/es\/\"},{\"@type\":\"ListItem\",\"position\":2,\"name\":\"\u00bfc\u00f3mo resalto fechas entre dos fechas?\"}]},{\"@type\":\"WebSite\",\"@id\":\"https:\/\/exceladvisor.org\/es\/#website\",\"url\":\"https:\/\/exceladvisor.org\/es\/\",\"name\":\"Excel Advisor\",\"description\":\"Su gu\u00eda para la dominaci\u00f3n de datos!\",\"publisher\":{\"@id\":\"https:\/\/exceladvisor.org\/es\/#organization\"},\"potentialAction\":[{\"@type\":\"SearchAction\",\"target\":{\"@type\":\"EntryPoint\",\"urlTemplate\":\"https:\/\/exceladvisor.org\/es\/?s={search_term_string}\"},\"query-input\":{\"@type\":\"PropertyValueSpecification\",\"valueRequired\":true,\"valueName\":\"search_term_string\"}}],\"inLanguage\":\"es\"},{\"@type\":\"Organization\",\"@id\":\"https:\/\/exceladvisor.org\/es\/#organization\",\"name\":\"Excel Advisor\",\"url\":\"https:\/\/exceladvisor.org\/es\/\",\"logo\":{\"@type\":\"ImageObject\",\"inLanguage\":\"es\",\"@id\":\"https:\/\/exceladvisor.org\/es\/#\/schema\/logo\/image\/\",\"url\":\"https:\/\/exceladvisor.org\/es\/wp-content\/uploads\/2023\/12\/exceladvisor.org_.png\",\"contentUrl\":\"https:\/\/exceladvisor.org\/es\/wp-content\/uploads\/2023\/12\/exceladvisor.org_.png\",\"width\":105,\"height\":36,\"caption\":\"Excel Advisor\"},\"image\":{\"@id\":\"https:\/\/exceladvisor.org\/es\/#\/schema\/logo\/image\/\"}}]}<\/script>\n<!-- \/ Yoast SEO plugin. -->","yoast_head_json":{"title":"\u00bfc\u00f3mo resalto fechas entre dos fechas?","robots":{"index":"index","follow":"follow","max-snippet":"max-snippet:-1","max-image-preview":"max-image-preview:large","max-video-preview":"max-video-preview:-1"},"canonical":"https:\/\/exceladvisor.org\/es\/resaltando-entre-dos-fechas\/","og_locale":"es_ES","og_type":"article","og_title":"\u00bfc\u00f3mo resalto fechas entre dos fechas?","og_description":"Tiene fechas en la columna y desea resaltar todas las fechas dentro del rango de dos fechas. Digamos que tiene una fecha de inicio del 17 de enero de 2025 y una fecha de finalizaci\u00f3n del 19 de marzo de 2025, y en la columna de fechas desea resaltar todas las celdas donde la fecha [&hellip;]","og_url":"https:\/\/exceladvisor.org\/es\/resaltando-entre-dos-fechas\/","og_site_name":"Excel Advisor","article_modified_time":"2023-12-25T10:27:04+00:00","og_image":[{"url":"https:\/\/exceladvisor.org\/wp-content\/uploads\/2023\/08\/cliquez-sur-la-regle-de-formule-pour-mettre-en-surbrillance-les-dates-entre-deux-dates.png","type":"","width":"","height":""}],"twitter_card":"summary_large_image","twitter_misc":{"Tiempo de lectura":"2 minutos"},"schema":{"@context":"https:\/\/schema.org","@graph":[{"@type":"WebPage","@id":"https:\/\/exceladvisor.org\/es\/resaltando-entre-dos-fechas\/","url":"https:\/\/exceladvisor.org\/es\/resaltando-entre-dos-fechas\/","name":"\u00bfc\u00f3mo resalto fechas entre dos fechas?","isPartOf":{"@id":"https:\/\/exceladvisor.org\/es\/#website"},"primaryImageOfPage":{"@id":"https:\/\/exceladvisor.org\/es\/resaltando-entre-dos-fechas\/#primaryimage"},"image":{"@id":"https:\/\/exceladvisor.org\/es\/resaltando-entre-dos-fechas\/#primaryimage"},"thumbnailUrl":"https:\/\/exceladvisor.org\/wp-content\/uploads\/2023\/08\/cliquez-sur-la-regle-de-formule-pour-mettre-en-surbrillance-les-dates-entre-deux-dates.png","datePublished":"2023-11-18T05:46:34+00:00","dateModified":"2023-12-25T10:27:04+00:00","breadcrumb":{"@id":"https:\/\/exceladvisor.org\/es\/resaltando-entre-dos-fechas\/#breadcrumb"},"inLanguage":"es","potentialAction":[{"@type":"ReadAction","target":["https:\/\/exceladvisor.org\/es\/resaltando-entre-dos-fechas\/"]}]},{"@type":"ImageObject","inLanguage":"es","@id":"https:\/\/exceladvisor.org\/es\/resaltando-entre-dos-fechas\/#primaryimage","url":"https:\/\/exceladvisor.org\/wp-content\/uploads\/2023\/08\/cliquez-sur-la-regle-de-formule-pour-mettre-en-surbrillance-les-dates-entre-deux-dates.png","contentUrl":"https:\/\/exceladvisor.org\/wp-content\/uploads\/2023\/08\/cliquez-sur-la-regle-de-formule-pour-mettre-en-surbrillance-les-dates-entre-deux-dates.png"},{"@type":"BreadcrumbList","@id":"https:\/\/exceladvisor.org\/es\/resaltando-entre-dos-fechas\/#breadcrumb","itemListElement":[{"@type":"ListItem","position":1,"name":"Hogar","item":"https:\/\/exceladvisor.org\/es\/"},{"@type":"ListItem","position":2,"name":"\u00bfc\u00f3mo resalto fechas entre dos fechas?"}]},{"@type":"WebSite","@id":"https:\/\/exceladvisor.org\/es\/#website","url":"https:\/\/exceladvisor.org\/es\/","name":"Excel Advisor","description":"Su gu\u00eda para la dominaci\u00f3n de datos!","publisher":{"@id":"https:\/\/exceladvisor.org\/es\/#organization"},"potentialAction":[{"@type":"SearchAction","target":{"@type":"EntryPoint","urlTemplate":"https:\/\/exceladvisor.org\/es\/?s={search_term_string}"},"query-input":{"@type":"PropertyValueSpecification","valueRequired":true,"valueName":"search_term_string"}}],"inLanguage":"es"},{"@type":"Organization","@id":"https:\/\/exceladvisor.org\/es\/#organization","name":"Excel Advisor","url":"https:\/\/exceladvisor.org\/es\/","logo":{"@type":"ImageObject","inLanguage":"es","@id":"https:\/\/exceladvisor.org\/es\/#\/schema\/logo\/image\/","url":"https:\/\/exceladvisor.org\/es\/wp-content\/uploads\/2023\/12\/exceladvisor.org_.png","contentUrl":"https:\/\/exceladvisor.org\/es\/wp-content\/uploads\/2023\/12\/exceladvisor.org_.png","width":105,"height":36,"caption":"Excel Advisor"},"image":{"@id":"https:\/\/exceladvisor.org\/es\/#\/schema\/logo\/image\/"}}]}},"yoast_meta":{"yoast_wpseo_title":"","yoast_wpseo_metadesc":"","yoast_wpseo_canonical":""},"_links":{"self":[{"href":"https:\/\/exceladvisor.org\/es\/wp-json\/wp\/v2\/pages\/44","targetHints":{"allow":["GET"]}}],"collection":[{"href":"https:\/\/exceladvisor.org\/es\/wp-json\/wp\/v2\/pages"}],"about":[{"href":"https:\/\/exceladvisor.org\/es\/wp-json\/wp\/v2\/types\/page"}],"author":[{"embeddable":true,"href":"https:\/\/exceladvisor.org\/es\/wp-json\/wp\/v2\/users\/1"}],"replies":[{"embeddable":true,"href":"https:\/\/exceladvisor.org\/es\/wp-json\/wp\/v2\/comments?post=44"}],"version-history":[{"count":1,"href":"https:\/\/exceladvisor.org\/es\/wp-json\/wp\/v2\/pages\/44\/revisions"}],"predecessor-version":[{"id":1178,"href":"https:\/\/exceladvisor.org\/es\/wp-json\/wp\/v2\/pages\/44\/revisions\/1178"}],"wp:attachment":[{"href":"https:\/\/exceladvisor.org\/es\/wp-json\/wp\/v2\/media?parent=44"}],"curies":[{"name":"wp","href":"https:\/\/api.w.org\/{rel}","templated":true}]}}