{"id":440,"date":"2023-10-29T04:01:00","date_gmt":"2023-10-29T04:01:00","guid":{"rendered":"https:\/\/exceladvisor.org\/es\/ocultar-ceros\/"},"modified":"2023-12-25T10:26:33","modified_gmt":"2023-12-25T10:26:33","slug":"ocultar-ceros","status":"publish","type":"page","link":"https:\/\/exceladvisor.org\/es\/ocultar-ceros\/","title":{"rendered":"\u00bfc\u00f3mo ocultar valores cero en excel?"},"content":{"rendered":"<div class=\"excel-antes-del-contenido\" id=\"excel-2630257951\"><script type=\"text\/javascript\">\r\n\tatOptions = {\r\n\t\t'key' : 'c1158f160081d6540a8409e6925dab94',\r\n\t\t'format' : 'iframe',\r\n\t\t'height' : 250,\r\n\t\t'width' : 300,\r\n\t\t'params' : {}\r\n\t};\r\n<\/script>\r\n<script type=\"text\/javascript\" src=\"\/\/www.highperformanceformat.com\/c1158f160081d6540a8409e6925dab94\/invoke.js\"><\/script><\/div><p>En Excel, los usuarios pueden ocultar valores nulos en el conjunto de datos y dejar las celdas en blanco si no quieren mostrar valores nulos en su conjunto de datos.<\/p>\n<p> Y pueden hacer esto s\u00f3lo en el rango de celdas seleccionado o en toda la hoja de c\u00e1lculo, porque Excel tiene varias formas de ocultar valores cero.<\/p>\n<p> En este tutorial, explicamos las m\u00faltiples formas de ocultar valores nulos.<\/p>\n<h2 class=\"wp-block-heading\"> Pasos para ocultar ceros en una hoja de c\u00e1lculo usando las opciones de Excel<\/h2>\n<p> Excel tiene una funci\u00f3n incorporada que se puede utilizar para ocultar autom\u00e1ticamente todos los valores cero en la hoja de trabajo siguiendo los pasos a continuaci\u00f3n.<\/p>\n<ol>\n<li> Primero, abra el libro y luego vaya a la pesta\u00f1a Archivo. <br \/><img loading=\"lazy\" decoding=\"async\" title=\"1 pesta\u00f1a de archivo\" src=\"https:\/\/exceladvisor.org\/wp-content\/uploads\/2023\/08\/1-onglet-fichier-2.png\" sizes=\"auto, \" srcset=\"\" alt=\"file-tab\" width=\"389\" height=\"160\"><\/li>\n<li> Despu\u00e9s de eso, haga clic en Opciones. <br \/><img loading=\"lazy\" decoding=\"async\" title=\"2-opciones-excel\" src=\"https:\/\/exceladvisor.org\/wp-content\/uploads\/2023\/08\/2-options-excel-2.png\" sizes=\"auto, \" srcset=\"\" alt=\"excel-options\" width=\"284\" height=\"200\"><\/li>\n<li> Ahora, haga clic en \u00abAvanzado\u00bb en el panel izquierdo, luego despl\u00e1cese hacia abajo hasta \u00abVer opciones para esta hoja de trabajo\u00bb.<\/li>\n<li> Desde all\u00ed, haga clic en el icono desplegable y seleccione la hoja de trabajo donde desea ocultar todos los valores nulos.<\/li>\n<li> Al final, desmarque la casilla \u00abMostrar un cero en las celdas que tienen un valor cero\u00bb y haga clic en Aceptar. <br \/><img loading=\"lazy\" decoding=\"async\" title=\"3-opciones-de-visualizaci\u00f3n-para-esta-hoja-de-trabajo\" src=\"https:\/\/exceladvisor.org\/wp-content\/uploads\/2023\/08\/3-options-daffichage-pour-cette-feuille-de-travail.png\" sizes=\"auto, \" srcset=\"\" alt=\"display-options-for-this-worksheet\" width=\"816\" height=\"462\"><\/li>\n<li> Una vez que haga clic en Aceptar, todos los valores cero de la hoja de trabajo se ocultar\u00e1n y esas celdas aparecer\u00e1n en blanco. <br \/><img loading=\"lazy\" decoding=\"async\" title=\"4 valores cero ocultos\" src=\"https:\/\/exceladvisor.org\/wp-content\/uploads\/2023\/08\/4-valeurs-zero-cachees.png\" sizes=\"auto, \" srcset=\"\" alt=\"hidden-zero-values\" width=\"347\" height=\"266\"><\/li>\n<\/ol>\n<p> Ahora, cada vez que ingrese el valor cero en cualquier lugar de esta hoja de trabajo seleccionada, Excel ocultar\u00e1 ese valor cero.<\/p>\n<h2 class=\"wp-block-heading\"> Ocultar valores cero en celdas seleccionadas usando formato de celdas<\/h2>\n<ol>\n<li> Primero, seleccione las celdas o el rango de datos del que desea ocultar los valores nulos.<\/li>\n<li> Despu\u00e9s de eso, haga clic derecho con el mouse y haga clic en la opci\u00f3n \u00abFormato de celdas\u00bb y abrir\u00e1 el cuadro de di\u00e1logo \u00abFormato de celdas\u00bb. <br \/><img loading=\"lazy\" decoding=\"async\" title=\"formato de 5 celdas\" src=\"https:\/\/exceladvisor.org\/wp-content\/uploads\/2023\/08\/5-cellules-de-format.png\" sizes=\"auto, \" srcset=\"\" alt=\"format-cells\" width=\"521\" height=\"476\"><\/li>\n<li> Ahora, en la pesta\u00f1a \u00abN\u00famero\u00bb, haga clic en la opci\u00f3n \u00abPersonalizado\u00bb, luego ingrese el tipo personalizado como <strong>0;-0;;@<\/strong> y haga clic en Aceptar. <br \/><img loading=\"lazy\" decoding=\"async\" title=\"6 campos de tipo personalizado\" src=\"https:\/\/exceladvisor.org\/wp-content\/uploads\/2023\/08\/6-champ-de-type-personnalise.png\" sizes=\"auto, \" srcset=\"\" alt=\"custom-type-field\" width=\"430\" height=\"401\"><\/li>\n<li> Una vez que haga clic en Aceptar, se ocultar\u00e1n todos los valores cero en el rango seleccionado. <br \/><img loading=\"lazy\" decoding=\"async\" title=\"7-ocultar-valores-cero\" src=\"https:\/\/exceladvisor.org\/wp-content\/uploads\/2023\/08\/7-masquer-les-valeurs-zero.png\" sizes=\"auto, \" srcset=\"\" alt=\"hide-zero-values\" width=\"340\" height=\"261\"><\/li>\n<\/ol>\n<p> La cadena de formato personalizado utilizada arriba de \u00bb <strong>0;-0;;@<\/strong> \u00bb consta de cuatro partes.<\/p>\n<p class=\"mynote\"> El primer 0 es para que los n\u00fameros positivos muestren valores positivos tal como est\u00e1n, la <sup>segunda<\/sup> parte -0 es para que los n\u00fameros negativos muestren valores negativos tal como est\u00e1n, la tercera parte falta 0 para ocultar valores cero y la cuarta parte @ es mostrar el texto tal cual: <strong>&lt;N\u00fameros positivos&gt; ;&lt;N\u00fameros negativos&gt; ;&lt;Ceros&gt; ;&lt;Texto&gt;<\/strong><\/p>\n<h2 class=\"wp-block-heading\"> Ocultar ceros en celdas seleccionadas usando formato condicional<\/h2>\n<ol>\n<li> Primero, seleccione las celdas o el rango de datos del que desea ocultar los valores nulos y vaya a la pesta\u00f1a \u00abInicio\u00bb, luego haga clic en el icono \u00abFormato condicional\u00bb.<\/li>\n<li> Despu\u00e9s de eso, haga clic en la opci\u00f3n \u00abResaltar reglas de celda\u00bb y luego haga clic en la opci\u00f3n \u00abIgual\u00bb. <br \/><img loading=\"lazy\" decoding=\"async\" title=\"8-formato-condicional-es igual\" src=\"https:\/\/exceladvisor.org\/wp-content\/uploads\/2023\/08\/8-mise-en-forme-conditionnelle-egale-a.png\" sizes=\"auto, \" srcset=\"\" alt=\"conditional-formatting-equal-to\" width=\"704\" height=\"364\"><\/li>\n<li> Ahora, en el cuadro de di\u00e1logo \u00abIgual\u00bb en el campo izquierdo, ingrese (0) cero, luego haga clic en el men\u00fa desplegable a la derecha y elija \u00abFormato personalizado\u00bb. <br \/><img loading=\"lazy\" decoding=\"async\" title=\"9-igual-di\u00e1logo\" src=\"https:\/\/exceladvisor.org\/wp-content\/uploads\/2023\/08\/9-egal-a-la-boite-de-dialogue.png\" sizes=\"auto, \" srcset=\"\" alt=\"equal-to-dialog-box\" width=\"402\" height=\"170\"><\/li>\n<li> Desde aqu\u00ed, se abrir\u00e1 el cuadro de di\u00e1logo \u00abFormato de celdas\u00bb y, en la pesta\u00f1a \u00abFuente\u00bb, elija el color blanco y haga clic en Aceptar. <br \/><img loading=\"lazy\" decoding=\"async\" title=\"Cuadro de di\u00e1logo de formato de 10 celdas\" src=\"https:\/\/exceladvisor.org\/wp-content\/uploads\/2023\/08\/Boite-de-dialogue-Format-10-cellules.png\" sizes=\"auto, \" srcset=\"\" alt=\"format-cells-dialog-box\" width=\"482\" height=\"480\"><\/li>\n<li> Una vez que haga clic en Aceptar, el color de fuente de las celdas que contienen el valor cero se volver\u00e1 blanco, dejando las celdas en blanco o en blanco. <br \/><img loading=\"lazy\" decoding=\"async\" title=\"11-cero-valores-ocultos\" src=\"https:\/\/exceladvisor.org\/wp-content\/uploads\/2023\/08\/11-valeurs-zero-masquees.png\" sizes=\"auto, \" srcset=\"\" alt=\"zero-values-hidden\" width=\"365\" height=\"280\"><\/li>\n<\/ol>\n<p class=\"mynote\"> Ocultar valores cero (0) solo significa ocultar el valor en las celdas sin eliminarlas, por lo que despu\u00e9s de ocultar el valor, las celdas contienen un valor incluso si aparecen vac\u00edas.<\/p>\n<div class=\"gb-container gb-container-4db6181c gb-container-mt\"> <a class=\"gb-button gb-button-c5897111 gb-button-text gb-button-mt-button\" href=\"https:\/\/exceladvisor.org\/es\/avance-de-excel\/\">Tutoriales avanzados de Excel<\/a><\/p>\n<h2 class=\"gb-headline gb-headline-665e5f6b gb-headline-text gb-headline-mt-heading\"> Tutoriales relacionados <\/h2>\n<div class=\"gb-grid-wrapper gb-grid-wrapper-a20baf7c gb-grid-wrapper-mt-grid\">\n<div class=\"gb-grid-column gb-grid-column-65ddf67e\">\n<div class=\"gb-container gb-container-65ddf67e\">\n<ul>\n<li> <a href=\"https:\/\/exceladvisor.org\/es\/formulas-1\/\" data-wpil=\"url\">F\u00f3rmulas en formato condicional<\/a><\/li>\n<li> <a href=\"https:\/\/exceladvisor.org\/es\/auto-formato\/\">Opci\u00f3n de formato autom\u00e1tico en Excel<\/a><\/li>\n<li> <a href=\"https:\/\/exceladvisor.org\/es\/resaltar-lineas-alternas\/\">Resalte filas alternativas en Excel con muestra de color<\/a><\/li>\n<li> <a href=\"https:\/\/exceladvisor.org\/es\/juegos-de-iconos\/\" data-wpil=\"url\">Utilice conjuntos de iconos en Excel (formato condicional)<\/a><\/li>\n<\/ul>\n<\/div>\n<\/div>\n<\/div>\n<\/div>\n","protected":false},"excerpt":{"rendered":"<p>En Excel, los usuarios pueden ocultar valores nulos en el conjunto de datos y dejar las celdas en blanco si no quieren mostrar valores nulos en su conjunto de datos. Y pueden hacer esto s\u00f3lo en el rango de celdas seleccionado o en toda la hoja de c\u00e1lculo, porque Excel tiene varias formas de ocultar [&hellip;]<\/p>\n","protected":false},"author":1,"featured_media":0,"parent":0,"menu_order":0,"comment_status":"open","ping_status":"closed","template":"","meta":{"ub_ctt_via":"","footnotes":""},"class_list":["post-440","page","type-page","status-publish","hentry"],"featured_image_src":null,"yoast_head":"<!-- This site is optimized with the Yoast SEO plugin v25.4 - https:\/\/yoast.com\/wordpress\/plugins\/seo\/ -->\n<title>\u00bfc\u00f3mo ocultar valores cero en excel?<\/title>\n<meta name=\"robots\" content=\"index, follow, max-snippet:-1, max-image-preview:large, max-video-preview:-1\" \/>\n<link rel=\"canonical\" href=\"https:\/\/exceladvisor.org\/es\/ocultar-ceros\/\" \/>\n<meta property=\"og:locale\" content=\"es_ES\" \/>\n<meta property=\"og:type\" content=\"article\" \/>\n<meta property=\"og:title\" content=\"\u00bfc\u00f3mo ocultar valores cero en excel?\" \/>\n<meta property=\"og:description\" content=\"En Excel, los usuarios pueden ocultar valores nulos en el conjunto de datos y dejar las celdas en blanco si no quieren mostrar valores nulos en su conjunto de datos. Y pueden hacer esto s\u00f3lo en el rango de celdas seleccionado o en toda la hoja de c\u00e1lculo, porque Excel tiene varias formas de ocultar [&hellip;]\" \/>\n<meta property=\"og:url\" content=\"https:\/\/exceladvisor.org\/es\/ocultar-ceros\/\" \/>\n<meta property=\"og:site_name\" content=\"Excel Advisor\" \/>\n<meta property=\"article:modified_time\" content=\"2023-12-25T10:26:33+00:00\" \/>\n<meta property=\"og:image\" content=\"https:\/\/exceladvisor.org\/wp-content\/uploads\/2023\/08\/1-onglet-fichier-2.png\" \/>\n<meta name=\"twitter:card\" content=\"summary_large_image\" \/>\n<meta name=\"twitter:label1\" content=\"Tiempo de lectura\" \/>\n\t<meta name=\"twitter:data1\" content=\"3 minutos\" \/>\n<script type=\"application\/ld+json\" class=\"yoast-schema-graph\">{\"@context\":\"https:\/\/schema.org\",\"@graph\":[{\"@type\":\"WebPage\",\"@id\":\"https:\/\/exceladvisor.org\/es\/ocultar-ceros\/\",\"url\":\"https:\/\/exceladvisor.org\/es\/ocultar-ceros\/\",\"name\":\"\u00bfc\u00f3mo ocultar valores cero en excel?\",\"isPartOf\":{\"@id\":\"https:\/\/exceladvisor.org\/es\/#website\"},\"primaryImageOfPage\":{\"@id\":\"https:\/\/exceladvisor.org\/es\/ocultar-ceros\/#primaryimage\"},\"image\":{\"@id\":\"https:\/\/exceladvisor.org\/es\/ocultar-ceros\/#primaryimage\"},\"thumbnailUrl\":\"https:\/\/exceladvisor.org\/wp-content\/uploads\/2023\/08\/1-onglet-fichier-2.png\",\"datePublished\":\"2023-10-29T04:01:00+00:00\",\"dateModified\":\"2023-12-25T10:26:33+00:00\",\"breadcrumb\":{\"@id\":\"https:\/\/exceladvisor.org\/es\/ocultar-ceros\/#breadcrumb\"},\"inLanguage\":\"es\",\"potentialAction\":[{\"@type\":\"ReadAction\",\"target\":[\"https:\/\/exceladvisor.org\/es\/ocultar-ceros\/\"]}]},{\"@type\":\"ImageObject\",\"inLanguage\":\"es\",\"@id\":\"https:\/\/exceladvisor.org\/es\/ocultar-ceros\/#primaryimage\",\"url\":\"https:\/\/exceladvisor.org\/wp-content\/uploads\/2023\/08\/1-onglet-fichier-2.png\",\"contentUrl\":\"https:\/\/exceladvisor.org\/wp-content\/uploads\/2023\/08\/1-onglet-fichier-2.png\"},{\"@type\":\"BreadcrumbList\",\"@id\":\"https:\/\/exceladvisor.org\/es\/ocultar-ceros\/#breadcrumb\",\"itemListElement\":[{\"@type\":\"ListItem\",\"position\":1,\"name\":\"Hogar\",\"item\":\"https:\/\/exceladvisor.org\/es\/\"},{\"@type\":\"ListItem\",\"position\":2,\"name\":\"\u00bfc\u00f3mo ocultar valores cero en excel?\"}]},{\"@type\":\"WebSite\",\"@id\":\"https:\/\/exceladvisor.org\/es\/#website\",\"url\":\"https:\/\/exceladvisor.org\/es\/\",\"name\":\"Excel Advisor\",\"description\":\"Su gu\u00eda para la dominaci\u00f3n de datos!\",\"publisher\":{\"@id\":\"https:\/\/exceladvisor.org\/es\/#organization\"},\"potentialAction\":[{\"@type\":\"SearchAction\",\"target\":{\"@type\":\"EntryPoint\",\"urlTemplate\":\"https:\/\/exceladvisor.org\/es\/?s={search_term_string}\"},\"query-input\":{\"@type\":\"PropertyValueSpecification\",\"valueRequired\":true,\"valueName\":\"search_term_string\"}}],\"inLanguage\":\"es\"},{\"@type\":\"Organization\",\"@id\":\"https:\/\/exceladvisor.org\/es\/#organization\",\"name\":\"Excel Advisor\",\"url\":\"https:\/\/exceladvisor.org\/es\/\",\"logo\":{\"@type\":\"ImageObject\",\"inLanguage\":\"es\",\"@id\":\"https:\/\/exceladvisor.org\/es\/#\/schema\/logo\/image\/\",\"url\":\"https:\/\/exceladvisor.org\/es\/wp-content\/uploads\/2023\/12\/exceladvisor.org_.png\",\"contentUrl\":\"https:\/\/exceladvisor.org\/es\/wp-content\/uploads\/2023\/12\/exceladvisor.org_.png\",\"width\":105,\"height\":36,\"caption\":\"Excel Advisor\"},\"image\":{\"@id\":\"https:\/\/exceladvisor.org\/es\/#\/schema\/logo\/image\/\"}}]}<\/script>\n<!-- \/ Yoast SEO plugin. -->","yoast_head_json":{"title":"\u00bfc\u00f3mo ocultar valores cero en excel?","robots":{"index":"index","follow":"follow","max-snippet":"max-snippet:-1","max-image-preview":"max-image-preview:large","max-video-preview":"max-video-preview:-1"},"canonical":"https:\/\/exceladvisor.org\/es\/ocultar-ceros\/","og_locale":"es_ES","og_type":"article","og_title":"\u00bfc\u00f3mo ocultar valores cero en excel?","og_description":"En Excel, los usuarios pueden ocultar valores nulos en el conjunto de datos y dejar las celdas en blanco si no quieren mostrar valores nulos en su conjunto de datos. Y pueden hacer esto s\u00f3lo en el rango de celdas seleccionado o en toda la hoja de c\u00e1lculo, porque Excel tiene varias formas de ocultar [&hellip;]","og_url":"https:\/\/exceladvisor.org\/es\/ocultar-ceros\/","og_site_name":"Excel Advisor","article_modified_time":"2023-12-25T10:26:33+00:00","og_image":[{"url":"https:\/\/exceladvisor.org\/wp-content\/uploads\/2023\/08\/1-onglet-fichier-2.png","type":"","width":"","height":""}],"twitter_card":"summary_large_image","twitter_misc":{"Tiempo de lectura":"3 minutos"},"schema":{"@context":"https:\/\/schema.org","@graph":[{"@type":"WebPage","@id":"https:\/\/exceladvisor.org\/es\/ocultar-ceros\/","url":"https:\/\/exceladvisor.org\/es\/ocultar-ceros\/","name":"\u00bfc\u00f3mo ocultar valores cero en excel?","isPartOf":{"@id":"https:\/\/exceladvisor.org\/es\/#website"},"primaryImageOfPage":{"@id":"https:\/\/exceladvisor.org\/es\/ocultar-ceros\/#primaryimage"},"image":{"@id":"https:\/\/exceladvisor.org\/es\/ocultar-ceros\/#primaryimage"},"thumbnailUrl":"https:\/\/exceladvisor.org\/wp-content\/uploads\/2023\/08\/1-onglet-fichier-2.png","datePublished":"2023-10-29T04:01:00+00:00","dateModified":"2023-12-25T10:26:33+00:00","breadcrumb":{"@id":"https:\/\/exceladvisor.org\/es\/ocultar-ceros\/#breadcrumb"},"inLanguage":"es","potentialAction":[{"@type":"ReadAction","target":["https:\/\/exceladvisor.org\/es\/ocultar-ceros\/"]}]},{"@type":"ImageObject","inLanguage":"es","@id":"https:\/\/exceladvisor.org\/es\/ocultar-ceros\/#primaryimage","url":"https:\/\/exceladvisor.org\/wp-content\/uploads\/2023\/08\/1-onglet-fichier-2.png","contentUrl":"https:\/\/exceladvisor.org\/wp-content\/uploads\/2023\/08\/1-onglet-fichier-2.png"},{"@type":"BreadcrumbList","@id":"https:\/\/exceladvisor.org\/es\/ocultar-ceros\/#breadcrumb","itemListElement":[{"@type":"ListItem","position":1,"name":"Hogar","item":"https:\/\/exceladvisor.org\/es\/"},{"@type":"ListItem","position":2,"name":"\u00bfc\u00f3mo ocultar valores cero en excel?"}]},{"@type":"WebSite","@id":"https:\/\/exceladvisor.org\/es\/#website","url":"https:\/\/exceladvisor.org\/es\/","name":"Excel Advisor","description":"Su gu\u00eda para la dominaci\u00f3n de datos!","publisher":{"@id":"https:\/\/exceladvisor.org\/es\/#organization"},"potentialAction":[{"@type":"SearchAction","target":{"@type":"EntryPoint","urlTemplate":"https:\/\/exceladvisor.org\/es\/?s={search_term_string}"},"query-input":{"@type":"PropertyValueSpecification","valueRequired":true,"valueName":"search_term_string"}}],"inLanguage":"es"},{"@type":"Organization","@id":"https:\/\/exceladvisor.org\/es\/#organization","name":"Excel Advisor","url":"https:\/\/exceladvisor.org\/es\/","logo":{"@type":"ImageObject","inLanguage":"es","@id":"https:\/\/exceladvisor.org\/es\/#\/schema\/logo\/image\/","url":"https:\/\/exceladvisor.org\/es\/wp-content\/uploads\/2023\/12\/exceladvisor.org_.png","contentUrl":"https:\/\/exceladvisor.org\/es\/wp-content\/uploads\/2023\/12\/exceladvisor.org_.png","width":105,"height":36,"caption":"Excel Advisor"},"image":{"@id":"https:\/\/exceladvisor.org\/es\/#\/schema\/logo\/image\/"}}]}},"yoast_meta":{"yoast_wpseo_title":"","yoast_wpseo_metadesc":"","yoast_wpseo_canonical":""},"_links":{"self":[{"href":"https:\/\/exceladvisor.org\/es\/wp-json\/wp\/v2\/pages\/440","targetHints":{"allow":["GET"]}}],"collection":[{"href":"https:\/\/exceladvisor.org\/es\/wp-json\/wp\/v2\/pages"}],"about":[{"href":"https:\/\/exceladvisor.org\/es\/wp-json\/wp\/v2\/types\/page"}],"author":[{"embeddable":true,"href":"https:\/\/exceladvisor.org\/es\/wp-json\/wp\/v2\/users\/1"}],"replies":[{"embeddable":true,"href":"https:\/\/exceladvisor.org\/es\/wp-json\/wp\/v2\/comments?post=440"}],"version-history":[{"count":1,"href":"https:\/\/exceladvisor.org\/es\/wp-json\/wp\/v2\/pages\/440\/revisions"}],"predecessor-version":[{"id":1146,"href":"https:\/\/exceladvisor.org\/es\/wp-json\/wp\/v2\/pages\/440\/revisions\/1146"}],"wp:attachment":[{"href":"https:\/\/exceladvisor.org\/es\/wp-json\/wp\/v2\/media?parent=440"}],"curies":[{"name":"wp","href":"https:\/\/api.w.org\/{rel}","templated":true}]}}