{"id":441,"date":"2023-10-29T03:47:35","date_gmt":"2023-10-29T03:47:35","guid":{"rendered":"https:\/\/exceladvisor.org\/es\/mejores-fuentes\/"},"modified":"2023-12-25T10:33:27","modified_gmt":"2023-12-25T10:33:27","slug":"mejores-fuentes","status":"publish","type":"page","link":"https:\/\/exceladvisor.org\/es\/mejores-fuentes\/","title":{"rendered":"Las 5 mejores fuentes para microsoft excel"},"content":{"rendered":"<div class=\"excel-antes-del-contenido\" id=\"excel-2732449096\"><script type=\"text\/javascript\">\r\n\tatOptions = {\r\n\t\t'key' : 'c1158f160081d6540a8409e6925dab94',\r\n\t\t'format' : 'iframe',\r\n\t\t'height' : 250,\r\n\t\t'width' : 300,\r\n\t\t'params' : {}\r\n\t};\r\n<\/script>\r\n<script type=\"text\/javascript\" src=\"\/\/www.highperformanceformat.com\/c1158f160081d6540a8409e6925dab94\/invoke.js\"><\/script><\/div><p>En Excel, cuando se trabaja con datos, es importante utilizar una fuente para presentar esos datos de una manera que el usuario pueda entender. La <a href=\"https:\/\/exceladvisor.org\/es\/fuente-predeterminada\/\">fuente predeterminada en Excel<\/a> es Calibri con un tama\u00f1o de fuente de 11, pero puedes usar cualquier fuente que desees.<\/p>\n<p> En este tutorial, voy a compartir cinco fuentes diferentes que considero que son buenos reemplazos para la fuente predeterminada.<\/p>\n<h2 class=\"wp-block-heading\"> 1. Interfaz de usuario de Segoe<\/h2>\n<p> Descubr\u00ed que Segoe UI es un reemplazo perfecto para Calibri. Esta fuente ya est\u00e1 instalada en Windows. Es posible que solo necesites cambiarlo desde la pesta\u00f1a Inicio \u21e2 Fuente. <\/p>\n<div class=\"wp-block-image\">\n<figure class=\"aligncenter size-full is-resized\"><img loading=\"lazy\" decoding=\"async\" class=\"wp-image-77602\" src=\"https:\/\/exceladvisor.org\/wp-content\/uploads\/2023\/08\/1-interface-utilisateur.png\" sizes=\"auto, \" srcset=\"\" alt=\"segoe-ui\" width=\"543\" height=\"334\"><\/figure>\n<\/div>\n<h2 class=\"wp-block-heading\"> 2. C\u00f3digo de abeto<\/h2>\n<p> Fira Code es una fuente de Google que puedes <a href=\"https:\/\/fonts.google.com\/specimen\/Fira+Code\" target=\"_blank\" rel=\"noreferrer noopener nofollow\">descargar e instalar<\/a> en tu sistema. Esto me ha resultado \u00fatil cuando necesito presentar n\u00fameros. Es un poco delgado y facilita la lectura. <\/p>\n<div class=\"wp-block-image\">\n<figure class=\"aligncenter size-full is-resized\"><img loading=\"lazy\" decoding=\"async\" class=\"wp-image-77603\" src=\"https:\/\/exceladvisor.org\/wp-content\/uploads\/2023\/08\/2-fira-code.png\" sizes=\"auto, \" srcset=\"\" alt=\"c\u00f3digo fira\" width=\"562\" height=\"342\"><\/figure>\n<\/div>\n<h2 class=\"wp-block-heading\"> 3. verde<\/h2>\n<p> Verdana es una fuente preinstalada en Windows y una de las fuentes m\u00e1s utilizadas en el mundo. Utilizo esta fuente cuando trabajo con grandes conjuntos de datos. Como se ha utilizado en todo el mundo, su legibilidad es sorprendente y tambi\u00e9n puedes utilizarlo en informes. <\/p>\n<div class=\"wp-block-image\">\n<figure class=\"aligncenter size-full is-resized\"><img loading=\"lazy\" decoding=\"async\" class=\"wp-image-77604\" src=\"https:\/\/exceladvisor.org\/wp-content\/uploads\/2023\/08\/3-verdure.png\" sizes=\"auto, \" srcset=\"\" alt=\"verde\" width=\"601\" height=\"323\"><\/figure>\n<\/div>\n<h2 class=\"wp-block-heading\"> 4. helv\u00e9tico<\/h2>\n<p> Helvetica tambi\u00e9n es una fuente preinstalada en Windows y tambi\u00e9n puedes usarla en Excel. Esta fuente funciona muy bien con grandes conjuntos de datos y especialmente con encabezados de columna. <\/p>\n<div class=\"wp-block-image\">\n<figure class=\"aligncenter size-full is-resized\"><img loading=\"lazy\" decoding=\"async\" class=\"wp-image-77605\" src=\"https:\/\/exceladvisor.org\/wp-content\/uploads\/2023\/08\/4-helvetiques.png\" sizes=\"auto, \" srcset=\"\" alt=\"suizo\" width=\"609\" height=\"354\"><\/figure>\n<\/div>\n<h2 class=\"wp-block-heading\"> 5. C\u00f3digo fuente profesional<\/h2>\n<p> Source Code Pro tambi\u00e9n es una fuente de Google que debes descargar e instalar en el sistema. Es una fuente elegante que se puede utilizar en paneles e informes, especialmente cuando se necesita utilizar un tama\u00f1o de fuente grande. <\/p>\n<div class=\"wp-block-image\">\n<figure class=\"aligncenter size-full is-resized\"><img loading=\"lazy\" decoding=\"async\" class=\"wp-image-77606\" src=\"https:\/\/exceladvisor.org\/wp-content\/uploads\/2023\/08\/5-code-source-pro.png\" sizes=\"auto, \" srcset=\"\" alt=\"c\u00f3digo-fuente-pro\" width=\"627\" height=\"360\"><\/figure>\n<\/div>\n<div class=\"gb-container gb-container-6f14e053 gb-container-note\">\n<p class=\"gb-headline gb-headline-b900408c gb-headline-text\"> En esta lista, s\u00f3lo he recomendado fuentes sans serif. <a href=\"https:\/\/exceladvisor.org\/es\/conceptos-basicos-de-excel\/\">Excel es una hoja de c\u00e1lculo<\/a> y, cuando se trabaja con datos, el estilo de fuente debe ser f\u00e1cilmente comprensible para el usuario.<\/p>\n<\/div>\n<div class=\"gb-container gb-container-4db6181c gb-container-mt\"> <a class=\"gb-button gb-button-c5897111 gb-button-text gb-button-mt-button\" href=\"https:\/\/exceladvisor.org\/es\/avance-de-excel\/\">Tutoriales avanzados de Excel<\/a><\/p>\n<h2 class=\"gb-headline gb-headline-665e5f6b gb-headline-text gb-headline-mt-heading\"> Tutoriales relacionados <\/h2>\n<div class=\"gb-grid-wrapper gb-grid-wrapper-a20baf7c gb-grid-wrapper-mt-grid\">\n<div class=\"gb-grid-column gb-grid-column-65ddf67e\">\n<div class=\"gb-container gb-container-65ddf67e\">\n<ul>\n<li> <a href=\"https:\/\/exceladvisor.org\/es\/formulas-1\/\" data-wpil=\"url\">F\u00f3rmulas en formato condicional<\/a><\/li>\n<li> <a href=\"https:\/\/exceladvisor.org\/es\/auto-formato\/\">Opci\u00f3n de formato autom\u00e1tico en Excel<\/a><\/li>\n<li> <a href=\"https:\/\/exceladvisor.org\/es\/resaltar-lineas-alternas\/\">Resalte filas alternativas en Excel con muestra de color<\/a><\/li>\n<li> <a href=\"https:\/\/exceladvisor.org\/es\/juegos-de-iconos\/\" data-wpil=\"url\">Utilice conjuntos de iconos en Excel (formato condicional)<\/a><\/li>\n<\/ul>\n<\/div>\n<\/div>\n<\/div>\n<\/div>\n","protected":false},"excerpt":{"rendered":"<p>En Excel, cuando se trabaja con datos, es importante utilizar una fuente para presentar esos datos de una manera que el usuario pueda entender. La fuente predeterminada en Excel es Calibri con un tama\u00f1o de fuente de 11, pero puedes usar cualquier fuente que desees. En este tutorial, voy a compartir cinco fuentes diferentes que [&hellip;]<\/p>\n","protected":false},"author":1,"featured_media":0,"parent":0,"menu_order":0,"comment_status":"open","ping_status":"closed","template":"","meta":{"ub_ctt_via":"","footnotes":""},"class_list":["post-441","page","type-page","status-publish","hentry"],"featured_image_src":null,"yoast_head":"<!-- This site is optimized with the Yoast SEO plugin v25.4 - https:\/\/yoast.com\/wordpress\/plugins\/seo\/ -->\n<title>Las 5 mejores fuentes para microsoft excel<\/title>\n<meta name=\"robots\" content=\"index, follow, max-snippet:-1, max-image-preview:large, max-video-preview:-1\" \/>\n<link rel=\"canonical\" href=\"https:\/\/exceladvisor.org\/es\/mejores-fuentes\/\" \/>\n<meta property=\"og:locale\" content=\"es_ES\" \/>\n<meta property=\"og:type\" content=\"article\" \/>\n<meta property=\"og:title\" content=\"Las 5 mejores fuentes para microsoft excel\" \/>\n<meta property=\"og:description\" content=\"En Excel, cuando se trabaja con datos, es importante utilizar una fuente para presentar esos datos de una manera que el usuario pueda entender. La fuente predeterminada en Excel es Calibri con un tama\u00f1o de fuente de 11, pero puedes usar cualquier fuente que desees. En este tutorial, voy a compartir cinco fuentes diferentes que [&hellip;]\" \/>\n<meta property=\"og:url\" content=\"https:\/\/exceladvisor.org\/es\/mejores-fuentes\/\" \/>\n<meta property=\"og:site_name\" content=\"Excel Advisor\" \/>\n<meta property=\"article:modified_time\" content=\"2023-12-25T10:33:27+00:00\" \/>\n<meta property=\"og:image\" content=\"https:\/\/exceladvisor.org\/wp-content\/uploads\/2023\/08\/1-interface-utilisateur.png\" \/>\n<meta name=\"twitter:card\" content=\"summary_large_image\" \/>\n<meta name=\"twitter:label1\" content=\"Tiempo de lectura\" \/>\n\t<meta name=\"twitter:data1\" content=\"2 minutos\" \/>\n<script type=\"application\/ld+json\" class=\"yoast-schema-graph\">{\"@context\":\"https:\/\/schema.org\",\"@graph\":[{\"@type\":\"WebPage\",\"@id\":\"https:\/\/exceladvisor.org\/es\/mejores-fuentes\/\",\"url\":\"https:\/\/exceladvisor.org\/es\/mejores-fuentes\/\",\"name\":\"Las 5 mejores fuentes para microsoft excel\",\"isPartOf\":{\"@id\":\"https:\/\/exceladvisor.org\/es\/#website\"},\"primaryImageOfPage\":{\"@id\":\"https:\/\/exceladvisor.org\/es\/mejores-fuentes\/#primaryimage\"},\"image\":{\"@id\":\"https:\/\/exceladvisor.org\/es\/mejores-fuentes\/#primaryimage\"},\"thumbnailUrl\":\"https:\/\/exceladvisor.org\/wp-content\/uploads\/2023\/08\/1-interface-utilisateur.png\",\"datePublished\":\"2023-10-29T03:47:35+00:00\",\"dateModified\":\"2023-12-25T10:33:27+00:00\",\"breadcrumb\":{\"@id\":\"https:\/\/exceladvisor.org\/es\/mejores-fuentes\/#breadcrumb\"},\"inLanguage\":\"es\",\"potentialAction\":[{\"@type\":\"ReadAction\",\"target\":[\"https:\/\/exceladvisor.org\/es\/mejores-fuentes\/\"]}]},{\"@type\":\"ImageObject\",\"inLanguage\":\"es\",\"@id\":\"https:\/\/exceladvisor.org\/es\/mejores-fuentes\/#primaryimage\",\"url\":\"https:\/\/exceladvisor.org\/wp-content\/uploads\/2023\/08\/1-interface-utilisateur.png\",\"contentUrl\":\"https:\/\/exceladvisor.org\/wp-content\/uploads\/2023\/08\/1-interface-utilisateur.png\"},{\"@type\":\"BreadcrumbList\",\"@id\":\"https:\/\/exceladvisor.org\/es\/mejores-fuentes\/#breadcrumb\",\"itemListElement\":[{\"@type\":\"ListItem\",\"position\":1,\"name\":\"Hogar\",\"item\":\"https:\/\/exceladvisor.org\/es\/\"},{\"@type\":\"ListItem\",\"position\":2,\"name\":\"Las 5 mejores fuentes para microsoft excel\"}]},{\"@type\":\"WebSite\",\"@id\":\"https:\/\/exceladvisor.org\/es\/#website\",\"url\":\"https:\/\/exceladvisor.org\/es\/\",\"name\":\"Excel Advisor\",\"description\":\"Su gu\u00eda para la dominaci\u00f3n de datos!\",\"publisher\":{\"@id\":\"https:\/\/exceladvisor.org\/es\/#organization\"},\"potentialAction\":[{\"@type\":\"SearchAction\",\"target\":{\"@type\":\"EntryPoint\",\"urlTemplate\":\"https:\/\/exceladvisor.org\/es\/?s={search_term_string}\"},\"query-input\":{\"@type\":\"PropertyValueSpecification\",\"valueRequired\":true,\"valueName\":\"search_term_string\"}}],\"inLanguage\":\"es\"},{\"@type\":\"Organization\",\"@id\":\"https:\/\/exceladvisor.org\/es\/#organization\",\"name\":\"Excel Advisor\",\"url\":\"https:\/\/exceladvisor.org\/es\/\",\"logo\":{\"@type\":\"ImageObject\",\"inLanguage\":\"es\",\"@id\":\"https:\/\/exceladvisor.org\/es\/#\/schema\/logo\/image\/\",\"url\":\"https:\/\/exceladvisor.org\/es\/wp-content\/uploads\/2023\/12\/exceladvisor.org_.png\",\"contentUrl\":\"https:\/\/exceladvisor.org\/es\/wp-content\/uploads\/2023\/12\/exceladvisor.org_.png\",\"width\":105,\"height\":36,\"caption\":\"Excel Advisor\"},\"image\":{\"@id\":\"https:\/\/exceladvisor.org\/es\/#\/schema\/logo\/image\/\"}}]}<\/script>\n<!-- \/ Yoast SEO plugin. -->","yoast_head_json":{"title":"Las 5 mejores fuentes para microsoft excel","robots":{"index":"index","follow":"follow","max-snippet":"max-snippet:-1","max-image-preview":"max-image-preview:large","max-video-preview":"max-video-preview:-1"},"canonical":"https:\/\/exceladvisor.org\/es\/mejores-fuentes\/","og_locale":"es_ES","og_type":"article","og_title":"Las 5 mejores fuentes para microsoft excel","og_description":"En Excel, cuando se trabaja con datos, es importante utilizar una fuente para presentar esos datos de una manera que el usuario pueda entender. La fuente predeterminada en Excel es Calibri con un tama\u00f1o de fuente de 11, pero puedes usar cualquier fuente que desees. En este tutorial, voy a compartir cinco fuentes diferentes que [&hellip;]","og_url":"https:\/\/exceladvisor.org\/es\/mejores-fuentes\/","og_site_name":"Excel Advisor","article_modified_time":"2023-12-25T10:33:27+00:00","og_image":[{"url":"https:\/\/exceladvisor.org\/wp-content\/uploads\/2023\/08\/1-interface-utilisateur.png","type":"","width":"","height":""}],"twitter_card":"summary_large_image","twitter_misc":{"Tiempo de lectura":"2 minutos"},"schema":{"@context":"https:\/\/schema.org","@graph":[{"@type":"WebPage","@id":"https:\/\/exceladvisor.org\/es\/mejores-fuentes\/","url":"https:\/\/exceladvisor.org\/es\/mejores-fuentes\/","name":"Las 5 mejores fuentes para microsoft excel","isPartOf":{"@id":"https:\/\/exceladvisor.org\/es\/#website"},"primaryImageOfPage":{"@id":"https:\/\/exceladvisor.org\/es\/mejores-fuentes\/#primaryimage"},"image":{"@id":"https:\/\/exceladvisor.org\/es\/mejores-fuentes\/#primaryimage"},"thumbnailUrl":"https:\/\/exceladvisor.org\/wp-content\/uploads\/2023\/08\/1-interface-utilisateur.png","datePublished":"2023-10-29T03:47:35+00:00","dateModified":"2023-12-25T10:33:27+00:00","breadcrumb":{"@id":"https:\/\/exceladvisor.org\/es\/mejores-fuentes\/#breadcrumb"},"inLanguage":"es","potentialAction":[{"@type":"ReadAction","target":["https:\/\/exceladvisor.org\/es\/mejores-fuentes\/"]}]},{"@type":"ImageObject","inLanguage":"es","@id":"https:\/\/exceladvisor.org\/es\/mejores-fuentes\/#primaryimage","url":"https:\/\/exceladvisor.org\/wp-content\/uploads\/2023\/08\/1-interface-utilisateur.png","contentUrl":"https:\/\/exceladvisor.org\/wp-content\/uploads\/2023\/08\/1-interface-utilisateur.png"},{"@type":"BreadcrumbList","@id":"https:\/\/exceladvisor.org\/es\/mejores-fuentes\/#breadcrumb","itemListElement":[{"@type":"ListItem","position":1,"name":"Hogar","item":"https:\/\/exceladvisor.org\/es\/"},{"@type":"ListItem","position":2,"name":"Las 5 mejores fuentes para microsoft excel"}]},{"@type":"WebSite","@id":"https:\/\/exceladvisor.org\/es\/#website","url":"https:\/\/exceladvisor.org\/es\/","name":"Excel Advisor","description":"Su gu\u00eda para la dominaci\u00f3n de datos!","publisher":{"@id":"https:\/\/exceladvisor.org\/es\/#organization"},"potentialAction":[{"@type":"SearchAction","target":{"@type":"EntryPoint","urlTemplate":"https:\/\/exceladvisor.org\/es\/?s={search_term_string}"},"query-input":{"@type":"PropertyValueSpecification","valueRequired":true,"valueName":"search_term_string"}}],"inLanguage":"es"},{"@type":"Organization","@id":"https:\/\/exceladvisor.org\/es\/#organization","name":"Excel Advisor","url":"https:\/\/exceladvisor.org\/es\/","logo":{"@type":"ImageObject","inLanguage":"es","@id":"https:\/\/exceladvisor.org\/es\/#\/schema\/logo\/image\/","url":"https:\/\/exceladvisor.org\/es\/wp-content\/uploads\/2023\/12\/exceladvisor.org_.png","contentUrl":"https:\/\/exceladvisor.org\/es\/wp-content\/uploads\/2023\/12\/exceladvisor.org_.png","width":105,"height":36,"caption":"Excel Advisor"},"image":{"@id":"https:\/\/exceladvisor.org\/es\/#\/schema\/logo\/image\/"}}]}},"yoast_meta":{"yoast_wpseo_title":"","yoast_wpseo_metadesc":"","yoast_wpseo_canonical":""},"_links":{"self":[{"href":"https:\/\/exceladvisor.org\/es\/wp-json\/wp\/v2\/pages\/441","targetHints":{"allow":["GET"]}}],"collection":[{"href":"https:\/\/exceladvisor.org\/es\/wp-json\/wp\/v2\/pages"}],"about":[{"href":"https:\/\/exceladvisor.org\/es\/wp-json\/wp\/v2\/types\/page"}],"author":[{"embeddable":true,"href":"https:\/\/exceladvisor.org\/es\/wp-json\/wp\/v2\/users\/1"}],"replies":[{"embeddable":true,"href":"https:\/\/exceladvisor.org\/es\/wp-json\/wp\/v2\/comments?post=441"}],"version-history":[{"count":1,"href":"https:\/\/exceladvisor.org\/es\/wp-json\/wp\/v2\/pages\/441\/revisions"}],"predecessor-version":[{"id":1477,"href":"https:\/\/exceladvisor.org\/es\/wp-json\/wp\/v2\/pages\/441\/revisions\/1477"}],"wp:attachment":[{"href":"https:\/\/exceladvisor.org\/es\/wp-json\/wp\/v2\/media?parent=441"}],"curies":[{"name":"wp","href":"https:\/\/api.w.org\/{rel}","templated":true}]}}