{"id":442,"date":"2023-10-29T03:25:02","date_gmt":"2023-10-29T03:25:02","guid":{"rendered":"https:\/\/exceladvisor.org\/es\/margen-de-pagina\/"},"modified":"2023-12-25T10:24:02","modified_gmt":"2023-12-25T10:24:02","slug":"margen-de-pagina","status":"publish","type":"page","link":"https:\/\/exceladvisor.org\/es\/margen-de-pagina\/","title":{"rendered":"\u00bfc\u00f3mo cambiar el margen de la p\u00e1gina en excel?"},"content":{"rendered":"<div class=\"excel-antes-del-contenido\" id=\"excel-4223592903\"><script type=\"text\/javascript\">\r\n\tatOptions = {\r\n\t\t'key' : 'c1158f160081d6540a8409e6925dab94',\r\n\t\t'format' : 'iframe',\r\n\t\t'height' : 250,\r\n\t\t'width' : 300,\r\n\t\t'params' : {}\r\n\t};\r\n<\/script>\r\n<script type=\"text\/javascript\" src=\"\/\/www.highperformanceformat.com\/c1158f160081d6540a8409e6925dab94\/invoke.js\"><\/script><\/div><p>En Excel, si desea imprimir un informe en papel, puede modificar los m\u00e1rgenes de la p\u00e1gina seg\u00fan sus necesidades. Por defecto, los m\u00e1rgenes que tienes son de 1,78 cm para izquierdo y derecho, y de 1,91 para inferior y superior. <\/p>\n<div class=\"wp-block-image\">\n<figure class=\"aligncenter size-full is-resized\"><img loading=\"lazy\" decoding=\"async\" class=\"wp-image-77636\" src=\"https:\/\/exceladvisor.org\/wp-content\/uploads\/2023\/08\/1-marge-de-page-dans-excel.png\" sizes=\"auto, \" srcset=\"\" alt=\"margen-de-p\u00e1gina-en-excel\" width=\"323\" height=\"465\"><\/figure>\n<\/div>\n<p> Puedes modificar estos m\u00e1rgenes seg\u00fan tus necesidades. En este tutorial, veremos todas las diferentes opciones y tendr\u00e1 m\u00e9todos en Excel para cambiar los m\u00e1rgenes de la p\u00e1gina.<\/p>\n<h2 class=\"wp-block-heading\"> Cambiar margen de p\u00e1gina en Excel<\/h2>\n<ol type=\"1\">\n<li> Primero, vaya a la pesta\u00f1a Dise\u00f1o.<\/li>\n<li> Despu\u00e9s de eso, vaya al grupo de opciones de configuraci\u00f3n de la p\u00e1gina.<\/li>\n<li> A continuaci\u00f3n, haga clic en el men\u00fa desplegable \u00abDise\u00f1o\u00bb.<\/li>\n<li> Al final, seleccione la configuraci\u00f3n de margen de p\u00e1gina que desea utilizar. <\/li>\n<\/ol>\n<div class=\"wp-block-image\">\n<figure class=\"aligncenter size-full is-resized\"><img loading=\"lazy\" decoding=\"async\" class=\"wp-image-77637\" src=\"https:\/\/exceladvisor.org\/wp-content\/uploads\/2023\/08\/2-modifier-la-marge-de-la-page.png\" sizes=\"auto, \" srcset=\"\" alt=\"cambiar el margen de la p\u00e1gina\" width=\"550\" height=\"502\"><\/figure>\n<\/div>\n<p> Hay tres ajustes preestablecidos principales que puede utilizar: Normal (predeterminado), Ancho y Estrecho.<\/p>\n<h2 class=\"wp-block-heading\"> M\u00e1rgenes de p\u00e1gina personalizados<\/h2>\n<p> Tambi\u00e9n puede utilizar valores de margen de p\u00e1gina personalizados. Cuando se desplace hacia abajo en la lista desplegable de dise\u00f1o, haga clic en la opci\u00f3n \u00abMargen personalizado\u00bb y abra el cuadro de di\u00e1logo. Tambi\u00e9n puedes usar el <a href=\"https:\/\/exceladvisor.org\/es\/atajos-de-teclado\/\">m\u00e9todo abreviado de teclado<\/a> , Alt \u21e2 P \u21e2 M \u21e2 A. <\/p>\n<div class=\"wp-block-image\">\n<figure class=\"aligncenter size-full is-resized\"><img loading=\"lazy\" decoding=\"async\" class=\"wp-image-77639\" src=\"https:\/\/exceladvisor.org\/wp-content\/uploads\/2023\/08\/3-marges-de-page-personnalisees.png\" sizes=\"auto, \" srcset=\"\" alt=\"m\u00e1rgenes de p\u00e1gina personalizados\" width=\"362\" height=\"527\"><\/figure>\n<\/div>\n<p> En el cuadro de di\u00e1logo, puede cambiar los valores de los m\u00e1rgenes de la p\u00e1gina y establecer uno nuevo. <\/p>\n<div class=\"wp-block-image\">\n<figure class=\"aligncenter size-full is-resized\"><img loading=\"lazy\" decoding=\"async\" class=\"wp-image-77640\" src=\"https:\/\/exceladvisor.org\/wp-content\/uploads\/2023\/08\/Boite-de-dialogue-de-configuration-a-4-pages.png\" sizes=\"auto, \" srcset=\"\" alt=\"cuadro de di\u00e1logo de dise\u00f1o\" width=\"506\" height=\"488\"><\/figure>\n<\/div>\n<p> Tambi\u00e9n puedes cambiar los valores <a href=\"https:\/\/exceladvisor.org\/es\/agregar-un-encabezado-de-pie-de-pagina\/\">del encabezado y pie de p\u00e1gina<\/a> y centrar el contenido <a href=\"https:\/\/exceladvisor.org\/es\/centrar-la-hoja-de-trabajo-horizontalmente\/\">vertical y horizontalmente<\/a> .<\/p>\n<h2 class=\"wp-block-heading\"> Ajustar los m\u00e1rgenes desde la ventana de vista previa de impresi\u00f3n<\/h2>\n<p> Cuando abres <a href=\"https:\/\/exceladvisor.org\/es\/vista-previa-de-impresion-1\/\">Vista previa de impresi\u00f3n<\/a> , tambi\u00e9n tienes la opci\u00f3n de cambiar los m\u00e1rgenes. En la secci\u00f3n de configuraci\u00f3n, despl\u00e1cese hacia abajo y haga clic en el men\u00fa desplegable del margen. <\/p>\n<div class=\"wp-block-image\">\n<figure class=\"aligncenter size-full is-resized\"><img loading=\"lazy\" decoding=\"async\" class=\"wp-image-77641\" src=\"https:\/\/exceladvisor.org\/wp-content\/uploads\/2023\/08\/5-ajuster-les-marges.png\" sizes=\"auto, \" srcset=\"\" alt=\"ajustar m\u00e1rgenes\" width=\"248\" height=\"416\"><\/figure>\n<\/div>\n<p> Al hacer clic en \u00e9l, tendr\u00e1 los ajustes preestablecidos y la opci\u00f3n de margen personalizado, y tambi\u00e9n seleccionar\u00e1 la \u00faltima configuraci\u00f3n utilizada. <\/p>\n<div class=\"wp-block-image\">\n<figure class=\"aligncenter size-full is-resized\"><img loading=\"lazy\" decoding=\"async\" class=\"wp-image-77642\" src=\"https:\/\/exceladvisor.org\/wp-content\/uploads\/2023\/08\/6-marges-predefinies.png\" sizes=\"auto, \" srcset=\"\" alt=\"m\u00e1rgenes predefinidos\" width=\"353\" height=\"524\"><\/figure>\n<\/div>\n<p> Esta es la misma lista de opciones que tiene en la pesta\u00f1a Dise\u00f1o de la cinta.<\/p>\n<h2 class=\"wp-block-heading\"> Mostrar m\u00e1rgenes y cambiarlos con el rat\u00f3n<\/h2>\n<p> Tambi\u00e9n puede utilizar la opci\u00f3n \u00abMostrar margen\u00bb en la vista previa de impresi\u00f3n para cambiar los m\u00e1rgenes con el cursor del mouse. En la parte inferior derecha de la ventana de vista previa de impresi\u00f3n hay un peque\u00f1o bot\u00f3n, haz clic en \u00e9l para activarlo. <\/p>\n<div class=\"wp-block-image\">\n<figure class=\"aligncenter size-full is-resized\"><img loading=\"lazy\" decoding=\"async\" class=\"wp-image-77643\" src=\"https:\/\/exceladvisor.org\/wp-content\/uploads\/2023\/08\/7-afficher-la-copie-des-marges.png\" sizes=\"auto, \" srcset=\"\" alt=\"mostrar m\u00e1rgenes -Copiar\" width=\"402\" height=\"557\"><\/figure>\n<\/div>\n<p> En el momento en que haces clic en \u00e9l, te ofrece una vista previa de todos los m\u00e1rgenes de la p\u00e1gina y puedes cambiarlos con el cursor del mouse. <\/p>\n<div class=\"wp-block-image\">\n<figure class=\"aligncenter size-full is-resized\"><img loading=\"lazy\" decoding=\"async\" class=\"wp-image-77644\" src=\"https:\/\/exceladvisor.org\/wp-content\/uploads\/2023\/08\/8-marges-dapercu-sur-la-page.png\" sizes=\"auto, \" srcset=\"\" alt=\"vista previa de m\u00e1rgenes en la p\u00e1gina\" width=\"408\" height=\"565\"><\/figure>\n<\/div>\n<p> Cuando tiene varias hojas de trabajo en su libro de trabajo y desea utilizar un valor de margen personalizado para imprimir, debe cambiarlo para cada hoja.<\/p>\n<div class=\"gb-container gb-container-4db6181c gb-container-mt\"> <a class=\"gb-button gb-button-c5897111 gb-button-text gb-button-mt-button\" href=\"https:\/\/exceladvisor.org\/es\/avance-de-excel\/\">Tutorial avanzado de Excel<\/a><\/p>\n<h2 class=\"gb-headline gb-headline-665e5f6b gb-headline-text gb-headline-mt-heading\"> Tutoriales relacionados <\/h2>\n<div class=\"gb-grid-wrapper gb-grid-wrapper-a20baf7c gb-grid-wrapper-mt-grid\">\n<div class=\"gb-grid-column gb-grid-column-65ddf67e\">\n<div class=\"gb-container gb-container-65ddf67e\">\n<ul>\n<li> <a href=\"https:\/\/exceladvisor.org\/es\/imprimir-titulos\/\">Aplicar t\u00edtulos de impresi\u00f3n en Excel (configure la fila 1 para imprimir en cada p\u00e1gina)<\/a><\/li>\n<li> <a href=\"https:\/\/exceladvisor.org\/es\/papel-cuadriculado\/\">Imprima un papel cuadriculado en Excel (plantilla de cuadr\u00edcula)<\/a><\/li>\n<li> <a href=\"https:\/\/exceladvisor.org\/es\/eliminar-salto-de-pagina\/\">Eliminar salto de p\u00e1gina en Excel<\/a><\/li>\n<li> <a href=\"https:\/\/exceladvisor.org\/es\/establecer-area-de-impresion\/\">Establecer \u00e1rea de impresi\u00f3n en Excel<\/a><\/li>\n<li> <a href=\"https:\/\/exceladvisor.org\/es\/centrar-la-hoja-de-trabajo-horizontalmente\/\">Centrar una hoja de c\u00e1lculo horizontal y verticalmente en Excel<\/a><\/li>\n<\/ul>\n<\/div>\n<\/div>\n<\/div>\n<\/div>\n","protected":false},"excerpt":{"rendered":"<p>En Excel, si desea imprimir un informe en papel, puede modificar los m\u00e1rgenes de la p\u00e1gina seg\u00fan sus necesidades. Por defecto, los m\u00e1rgenes que tienes son de 1,78 cm para izquierdo y derecho, y de 1,91 para inferior y superior. Puedes modificar estos m\u00e1rgenes seg\u00fan tus necesidades. En este tutorial, veremos todas las diferentes opciones [&hellip;]<\/p>\n","protected":false},"author":1,"featured_media":0,"parent":0,"menu_order":0,"comment_status":"open","ping_status":"closed","template":"","meta":{"ub_ctt_via":"","footnotes":""},"class_list":["post-442","page","type-page","status-publish","hentry"],"featured_image_src":null,"yoast_head":"<!-- This site is optimized with the Yoast SEO plugin v25.4 - https:\/\/yoast.com\/wordpress\/plugins\/seo\/ -->\n<title>\u00bfc\u00f3mo cambiar el margen de la p\u00e1gina en excel?<\/title>\n<meta name=\"robots\" content=\"index, follow, max-snippet:-1, max-image-preview:large, max-video-preview:-1\" \/>\n<link rel=\"canonical\" href=\"https:\/\/exceladvisor.org\/es\/margen-de-pagina\/\" \/>\n<meta property=\"og:locale\" content=\"es_ES\" \/>\n<meta property=\"og:type\" content=\"article\" \/>\n<meta property=\"og:title\" content=\"\u00bfc\u00f3mo cambiar el margen de la p\u00e1gina en excel?\" \/>\n<meta property=\"og:description\" content=\"En Excel, si desea imprimir un informe en papel, puede modificar los m\u00e1rgenes de la p\u00e1gina seg\u00fan sus necesidades. Por defecto, los m\u00e1rgenes que tienes son de 1,78 cm para izquierdo y derecho, y de 1,91 para inferior y superior. Puedes modificar estos m\u00e1rgenes seg\u00fan tus necesidades. En este tutorial, veremos todas las diferentes opciones [&hellip;]\" \/>\n<meta property=\"og:url\" content=\"https:\/\/exceladvisor.org\/es\/margen-de-pagina\/\" \/>\n<meta property=\"og:site_name\" content=\"Excel Advisor\" \/>\n<meta property=\"article:modified_time\" content=\"2023-12-25T10:24:02+00:00\" \/>\n<meta property=\"og:image\" content=\"https:\/\/exceladvisor.org\/wp-content\/uploads\/2023\/08\/1-marge-de-page-dans-excel.png\" \/>\n<meta name=\"twitter:card\" content=\"summary_large_image\" \/>\n<meta name=\"twitter:label1\" content=\"Tiempo de lectura\" \/>\n\t<meta name=\"twitter:data1\" content=\"3 minutos\" \/>\n<script type=\"application\/ld+json\" class=\"yoast-schema-graph\">{\"@context\":\"https:\/\/schema.org\",\"@graph\":[{\"@type\":\"WebPage\",\"@id\":\"https:\/\/exceladvisor.org\/es\/margen-de-pagina\/\",\"url\":\"https:\/\/exceladvisor.org\/es\/margen-de-pagina\/\",\"name\":\"\u00bfc\u00f3mo cambiar el margen de la p\u00e1gina en excel?\",\"isPartOf\":{\"@id\":\"https:\/\/exceladvisor.org\/es\/#website\"},\"primaryImageOfPage\":{\"@id\":\"https:\/\/exceladvisor.org\/es\/margen-de-pagina\/#primaryimage\"},\"image\":{\"@id\":\"https:\/\/exceladvisor.org\/es\/margen-de-pagina\/#primaryimage\"},\"thumbnailUrl\":\"https:\/\/exceladvisor.org\/wp-content\/uploads\/2023\/08\/1-marge-de-page-dans-excel.png\",\"datePublished\":\"2023-10-29T03:25:02+00:00\",\"dateModified\":\"2023-12-25T10:24:02+00:00\",\"breadcrumb\":{\"@id\":\"https:\/\/exceladvisor.org\/es\/margen-de-pagina\/#breadcrumb\"},\"inLanguage\":\"es\",\"potentialAction\":[{\"@type\":\"ReadAction\",\"target\":[\"https:\/\/exceladvisor.org\/es\/margen-de-pagina\/\"]}]},{\"@type\":\"ImageObject\",\"inLanguage\":\"es\",\"@id\":\"https:\/\/exceladvisor.org\/es\/margen-de-pagina\/#primaryimage\",\"url\":\"https:\/\/exceladvisor.org\/wp-content\/uploads\/2023\/08\/1-marge-de-page-dans-excel.png\",\"contentUrl\":\"https:\/\/exceladvisor.org\/wp-content\/uploads\/2023\/08\/1-marge-de-page-dans-excel.png\"},{\"@type\":\"BreadcrumbList\",\"@id\":\"https:\/\/exceladvisor.org\/es\/margen-de-pagina\/#breadcrumb\",\"itemListElement\":[{\"@type\":\"ListItem\",\"position\":1,\"name\":\"Hogar\",\"item\":\"https:\/\/exceladvisor.org\/es\/\"},{\"@type\":\"ListItem\",\"position\":2,\"name\":\"\u00bfc\u00f3mo cambiar el margen de la p\u00e1gina en excel?\"}]},{\"@type\":\"WebSite\",\"@id\":\"https:\/\/exceladvisor.org\/es\/#website\",\"url\":\"https:\/\/exceladvisor.org\/es\/\",\"name\":\"Excel Advisor\",\"description\":\"Su gu\u00eda para la dominaci\u00f3n de datos!\",\"publisher\":{\"@id\":\"https:\/\/exceladvisor.org\/es\/#organization\"},\"potentialAction\":[{\"@type\":\"SearchAction\",\"target\":{\"@type\":\"EntryPoint\",\"urlTemplate\":\"https:\/\/exceladvisor.org\/es\/?s={search_term_string}\"},\"query-input\":{\"@type\":\"PropertyValueSpecification\",\"valueRequired\":true,\"valueName\":\"search_term_string\"}}],\"inLanguage\":\"es\"},{\"@type\":\"Organization\",\"@id\":\"https:\/\/exceladvisor.org\/es\/#organization\",\"name\":\"Excel Advisor\",\"url\":\"https:\/\/exceladvisor.org\/es\/\",\"logo\":{\"@type\":\"ImageObject\",\"inLanguage\":\"es\",\"@id\":\"https:\/\/exceladvisor.org\/es\/#\/schema\/logo\/image\/\",\"url\":\"https:\/\/exceladvisor.org\/es\/wp-content\/uploads\/2023\/12\/exceladvisor.org_.png\",\"contentUrl\":\"https:\/\/exceladvisor.org\/es\/wp-content\/uploads\/2023\/12\/exceladvisor.org_.png\",\"width\":105,\"height\":36,\"caption\":\"Excel Advisor\"},\"image\":{\"@id\":\"https:\/\/exceladvisor.org\/es\/#\/schema\/logo\/image\/\"}}]}<\/script>\n<!-- \/ Yoast SEO plugin. -->","yoast_head_json":{"title":"\u00bfc\u00f3mo cambiar el margen de la p\u00e1gina en excel?","robots":{"index":"index","follow":"follow","max-snippet":"max-snippet:-1","max-image-preview":"max-image-preview:large","max-video-preview":"max-video-preview:-1"},"canonical":"https:\/\/exceladvisor.org\/es\/margen-de-pagina\/","og_locale":"es_ES","og_type":"article","og_title":"\u00bfc\u00f3mo cambiar el margen de la p\u00e1gina en excel?","og_description":"En Excel, si desea imprimir un informe en papel, puede modificar los m\u00e1rgenes de la p\u00e1gina seg\u00fan sus necesidades. Por defecto, los m\u00e1rgenes que tienes son de 1,78 cm para izquierdo y derecho, y de 1,91 para inferior y superior. Puedes modificar estos m\u00e1rgenes seg\u00fan tus necesidades. En este tutorial, veremos todas las diferentes opciones [&hellip;]","og_url":"https:\/\/exceladvisor.org\/es\/margen-de-pagina\/","og_site_name":"Excel Advisor","article_modified_time":"2023-12-25T10:24:02+00:00","og_image":[{"url":"https:\/\/exceladvisor.org\/wp-content\/uploads\/2023\/08\/1-marge-de-page-dans-excel.png","type":"","width":"","height":""}],"twitter_card":"summary_large_image","twitter_misc":{"Tiempo de lectura":"3 minutos"},"schema":{"@context":"https:\/\/schema.org","@graph":[{"@type":"WebPage","@id":"https:\/\/exceladvisor.org\/es\/margen-de-pagina\/","url":"https:\/\/exceladvisor.org\/es\/margen-de-pagina\/","name":"\u00bfc\u00f3mo cambiar el margen de la p\u00e1gina en excel?","isPartOf":{"@id":"https:\/\/exceladvisor.org\/es\/#website"},"primaryImageOfPage":{"@id":"https:\/\/exceladvisor.org\/es\/margen-de-pagina\/#primaryimage"},"image":{"@id":"https:\/\/exceladvisor.org\/es\/margen-de-pagina\/#primaryimage"},"thumbnailUrl":"https:\/\/exceladvisor.org\/wp-content\/uploads\/2023\/08\/1-marge-de-page-dans-excel.png","datePublished":"2023-10-29T03:25:02+00:00","dateModified":"2023-12-25T10:24:02+00:00","breadcrumb":{"@id":"https:\/\/exceladvisor.org\/es\/margen-de-pagina\/#breadcrumb"},"inLanguage":"es","potentialAction":[{"@type":"ReadAction","target":["https:\/\/exceladvisor.org\/es\/margen-de-pagina\/"]}]},{"@type":"ImageObject","inLanguage":"es","@id":"https:\/\/exceladvisor.org\/es\/margen-de-pagina\/#primaryimage","url":"https:\/\/exceladvisor.org\/wp-content\/uploads\/2023\/08\/1-marge-de-page-dans-excel.png","contentUrl":"https:\/\/exceladvisor.org\/wp-content\/uploads\/2023\/08\/1-marge-de-page-dans-excel.png"},{"@type":"BreadcrumbList","@id":"https:\/\/exceladvisor.org\/es\/margen-de-pagina\/#breadcrumb","itemListElement":[{"@type":"ListItem","position":1,"name":"Hogar","item":"https:\/\/exceladvisor.org\/es\/"},{"@type":"ListItem","position":2,"name":"\u00bfc\u00f3mo cambiar el margen de la p\u00e1gina en excel?"}]},{"@type":"WebSite","@id":"https:\/\/exceladvisor.org\/es\/#website","url":"https:\/\/exceladvisor.org\/es\/","name":"Excel Advisor","description":"Su gu\u00eda para la dominaci\u00f3n de datos!","publisher":{"@id":"https:\/\/exceladvisor.org\/es\/#organization"},"potentialAction":[{"@type":"SearchAction","target":{"@type":"EntryPoint","urlTemplate":"https:\/\/exceladvisor.org\/es\/?s={search_term_string}"},"query-input":{"@type":"PropertyValueSpecification","valueRequired":true,"valueName":"search_term_string"}}],"inLanguage":"es"},{"@type":"Organization","@id":"https:\/\/exceladvisor.org\/es\/#organization","name":"Excel Advisor","url":"https:\/\/exceladvisor.org\/es\/","logo":{"@type":"ImageObject","inLanguage":"es","@id":"https:\/\/exceladvisor.org\/es\/#\/schema\/logo\/image\/","url":"https:\/\/exceladvisor.org\/es\/wp-content\/uploads\/2023\/12\/exceladvisor.org_.png","contentUrl":"https:\/\/exceladvisor.org\/es\/wp-content\/uploads\/2023\/12\/exceladvisor.org_.png","width":105,"height":36,"caption":"Excel Advisor"},"image":{"@id":"https:\/\/exceladvisor.org\/es\/#\/schema\/logo\/image\/"}}]}},"yoast_meta":{"yoast_wpseo_title":"","yoast_wpseo_metadesc":"","yoast_wpseo_canonical":""},"_links":{"self":[{"href":"https:\/\/exceladvisor.org\/es\/wp-json\/wp\/v2\/pages\/442","targetHints":{"allow":["GET"]}}],"collection":[{"href":"https:\/\/exceladvisor.org\/es\/wp-json\/wp\/v2\/pages"}],"about":[{"href":"https:\/\/exceladvisor.org\/es\/wp-json\/wp\/v2\/types\/page"}],"author":[{"embeddable":true,"href":"https:\/\/exceladvisor.org\/es\/wp-json\/wp\/v2\/users\/1"}],"replies":[{"embeddable":true,"href":"https:\/\/exceladvisor.org\/es\/wp-json\/wp\/v2\/comments?post=442"}],"version-history":[{"count":1,"href":"https:\/\/exceladvisor.org\/es\/wp-json\/wp\/v2\/pages\/442\/revisions"}],"predecessor-version":[{"id":893,"href":"https:\/\/exceladvisor.org\/es\/wp-json\/wp\/v2\/pages\/442\/revisions\/893"}],"wp:attachment":[{"href":"https:\/\/exceladvisor.org\/es\/wp-json\/wp\/v2\/media?parent=442"}],"curies":[{"name":"wp","href":"https:\/\/api.w.org\/{rel}","templated":true}]}}