{"id":443,"date":"2023-10-28T03:16:17","date_gmt":"2023-10-28T03:16:17","guid":{"rendered":"https:\/\/exceladvisor.org\/es\/eliminar-guiones\/"},"modified":"2023-12-25T10:24:58","modified_gmt":"2023-12-25T10:24:58","slug":"eliminar-guiones","status":"publish","type":"page","link":"https:\/\/exceladvisor.org\/es\/eliminar-guiones\/","title":{"rendered":"\u00bfc\u00f3mo eliminar guiones en excel?"},"content":{"rendered":"<div class=\"excel-antes-del-contenido\" id=\"excel-3561689971\"><script type=\"text\/javascript\">\r\n\tatOptions = {\r\n\t\t'key' : 'c1158f160081d6540a8409e6925dab94',\r\n\t\t'format' : 'iframe',\r\n\t\t'height' : 250,\r\n\t\t'width' : 300,\r\n\t\t'params' : {}\r\n\t};\r\n<\/script>\r\n<script type=\"text\/javascript\" src=\"\/\/www.highperformanceformat.com\/c1158f160081d6540a8409e6925dab94\/invoke.js\"><\/script><\/div><p>Hay algunas formas de datos en las que es posible que haya guiones intermedios. Por ejemplo, un n\u00famero SNN, fechas y n\u00fameros de m\u00f3vil. Ahora en Excel hay varias formas con f\u00f3rmulas que puedes usar para eliminar estos guiones de estos valores. <\/p>\n<div class=\"wp-block-image\">\n<figure class=\"aligncenter size-full is-resized\"><img loading=\"lazy\" decoding=\"async\" class=\"wp-image-77759\" src=\"https:\/\/exceladvisor.org\/wp-content\/uploads\/2023\/08\/1-supprimer-les-tirets.png\" sizes=\"auto, \" srcset=\"\" alt=\"eliminar guiones\" width=\"387\" height=\"362\"><\/figure>\n<\/div>\n<p> En este tutorial, veremos diferentes m\u00e9todos que podemos usar para eliminar guiones de valores en Excel.<\/p>\n<h2 class=\"wp-block-heading\"> Eliminar guiones de un SSN (n\u00famero de seguro social)<\/h2>\n<ol type=\"1\">\n<li> Primero, en la celda B2, ingrese <strong>\u00abSUSTITUIR(\u00ab.<\/strong><\/li>\n<li> Despu\u00e9s de eso, en el primer argumento, haga referencia a la celda donde tiene el SSN.<\/li>\n<li> A continuaci\u00f3n, ingrese un gui\u00f3n usando comillas dobles.<\/li>\n<li> Ahora, para el tercer argumento, ingrese un valor vac\u00edo usando comillas dobles.<\/li>\n<li> Al final, ingrese el par\u00e9ntesis de cierre y presione Enter para obtener el resultado. <\/li>\n<\/ol>\n<div class=\"wp-block-image\">\n<figure class=\"aligncenter size-full is-resized\"><img loading=\"lazy\" decoding=\"async\" class=\"wp-image-77760\" src=\"https:\/\/exceladvisor.org\/wp-content\/uploads\/2023\/08\/2-supprimer-les-tirets-par-substitution.png\" sizes=\"auto, \" srcset=\"\" alt=\"eliminar guiones por sustituci\u00f3n\" width=\"491\" height=\"279\"><\/figure>\n<\/div>\n<pre class=\"wp-block-code\"> <code class=\"language-excel-formula\" lang=\"excel-formula\">=SUBSTITUTE(A1,\"-\",\"\")<\/code><\/pre>\n<p> Una vez que ingreses la f\u00f3rmula obtendr\u00e1s un valor sin guiones en la celda<\/p>\n<p> Pero le sugiero que aplique el formato SSN cada vez que ingrese el SSN en Excel. Esto no agregar\u00e1 guiones al valor, pero es un formato con guiones.<\/p>\n<p> Opciones de formato de celda \u21e2 N\u00fameros \u21e2 Especial \u21e2 N\u00famero de seguro social. <\/p>\n<div class=\"wp-block-image\">\n<figure class=\"aligncenter size-full is-resized\"><img loading=\"lazy\" decoding=\"async\" class=\"wp-image-77761\" src=\"https:\/\/exceladvisor.org\/wp-content\/uploads\/2023\/08\/Option-speciale-de-la-boite-de-dialogue-Format-3-cellules.png\" sizes=\"auto, \" srcset=\"\" alt=\"formato-celdas-cuadro-de-di\u00e1logo-opci\u00f3n-especial\" width=\"525\" height=\"520\"><\/figure>\n<\/div>\n<h2 class=\"wp-block-heading\"> Utilice Buscar y reemplazar para eliminar guiones en Excel<\/h2>\n<ol type=\"1\">\n<li> Primero, seleccione el rango de celdas del que desea eliminar guiones.<\/li>\n<li> A continuaci\u00f3n, abra la opci\u00f3n <a href=\"https:\/\/exceladvisor.org\/es\/encontrar-reemplazar\/\">Buscar y reemplazar<\/a> usando el <a href=\"https:\/\/exceladvisor.org\/es\/encontrar-reemplazar-1\/\">m\u00e9todo abreviado de teclado Ctrl + H.<\/a><\/li>\n<li> Despu\u00e9s de eso, ingrese un gui\u00f3n en el campo Buscar.<\/li>\n<li> Ahora en su lugar, no ingreses nada.<\/li>\n<li> Al final, haga clic en Reemplazar todo. <\/li>\n<\/ol>\n<div class=\"wp-block-image\">\n<figure class=\"aligncenter size-full is-resized\"><img loading=\"lazy\" decoding=\"async\" class=\"wp-image-77762\" src=\"https:\/\/exceladvisor.org\/wp-content\/uploads\/2023\/08\/4-rechercher-et-remplacer-pour-supprimer-les-tirets.png\" sizes=\"auto, \" srcset=\"\" alt=\"buscar y reemplazar para eliminar guiones\" width=\"681\" height=\"299\"><\/figure>\n<\/div>\n<p> En el momento en que haga clic en el bot\u00f3n \u00abReemplazar todo\u00bb, reemplazar\u00e1 los guiones de todas las celdas seleccionadas. Y si no selecciona ninguna celda, se eliminar\u00e1n los guiones de toda la hoja de trabajo. <\/p>\n<div class=\"wp-block-image\">\n<figure class=\"aligncenter size-full is-resized\"><img loading=\"lazy\" decoding=\"async\" class=\"wp-image-77763\" src=\"https:\/\/exceladvisor.org\/wp-content\/uploads\/2023\/08\/5-remplacer-tout.png\" sizes=\"auto, \" srcset=\"\" alt=\"reemplazar todo\" width=\"692\" height=\"255\"><\/figure>\n<\/div>\n<p> Haga clic en el bot\u00f3n Opciones y seleccione el libro en el men\u00fa desplegable \u00abEn\u00bb para eliminar las l\u00edneas de puntos de todo el libro.<\/p>\n<h2 class=\"wp-block-heading\"> Utilice c\u00f3digos VBA para eliminar todos los guiones<\/h2>\n<p> Tambi\u00e9n puede ejecutar c\u00f3digo VBA para eliminar guiones de las celdas seleccionadas. A continuaci\u00f3n tienes el c\u00f3digo que puedes utilizar.<\/p>\n<pre class=\"wp-block-code\"> <code class=\"language-visual-basic line-numbers\" lang=\"visual-basic\">Sub remove_dashes() Dim iCell As <strong>Range<\/strong> <strong>For<\/strong> Each iCell <strong>In<\/strong> <strong>Selection<\/strong> . <strong>Cells<\/strong>   iCell. <strong>Value<\/strong> = <strong>Replace<\/strong> (iCell, \"-\", \"\") <strong>Next<\/strong> iCell <strong>End<\/strong> Sub<\/code><\/pre>\n<p> Para usar este c\u00f3digo: seleccione el rango de celdas o una sola celda y ejecute el c\u00f3digo.<\/p>\n<p> Pero si desea eliminar los guiones y aplicar el formato del n\u00famero de seguro social a las celdas seleccionadas, puede usar el c\u00f3digo siguiente en lugar del anterior.<\/p>\n<pre class=\"wp-block-code\"> <code class=\"language-visual-basic line-numbers\" lang=\"visual-basic\">Sub remove_dashes() Dim iCell As <strong>Range<\/strong> <strong>For<\/strong> Each iCell <strong>In<\/strong> <strong>Selection<\/strong> . <strong>Cells<\/strong>   iCell. <strong>Value<\/strong> = <strong>Replace<\/strong> (iCell, \"-\", \"\")   iCell. <strong>NumberFormat<\/strong> = \"000-00-0000\" <strong>Next<\/strong> iCell <strong>End<\/strong> Sub<\/code><\/pre>\n<p> Eliminar\u00e1 los guiones del n\u00famero pero tambi\u00e9n aplicar\u00e1 el formato SSN a los valores, como puede ver en el siguiente ejemplo. <\/p>\n<div class=\"wp-block-image\">\n<figure class=\"aligncenter size-full is-resized\"><img loading=\"lazy\" decoding=\"async\" class=\"wp-image-77764\" src=\"https:\/\/exceladvisor.org\/wp-content\/uploads\/2023\/08\/6-supprimer-le-tableau-de-bord-a-laide-de-vba.png\" sizes=\"auto, \" srcset=\"\" alt=\"eliminar-panel-usando-vba\" width=\"453\" height=\"358\"><\/figure>\n<\/div>\n<div class=\"gb-container gb-container-4db6181c gb-container-mt\"> <a class=\"gb-button gb-button-c5897111 gb-button-text gb-button-mt-button\" href=\"https:\/\/exceladvisor.org\/es\/avance-de-excel\/\">Tutoriales avanzados de Excel<\/a><\/p>\n<h2 class=\"gb-headline gb-headline-665e5f6b gb-headline-text gb-headline-mt-heading\"> Tutoriales relacionados <\/h2>\n<div class=\"gb-grid-wrapper gb-grid-wrapper-a20baf7c gb-grid-wrapper-mt-grid\">\n<div class=\"gb-grid-column gb-grid-column-65ddf67e\">\n<div class=\"gb-container gb-container-65ddf67e\">\n<ul>\n<li> <a href=\"https:\/\/exceladvisor.org\/es\/herramienta-de-analisis-rapido\/\">Herramienta de an\u00e1lisis r\u00e1pido en Excel<\/a><\/li>\n<li> <a href=\"https:\/\/exceladvisor.org\/es\/aplicar-multiples-filtros\/\">Aplicar m\u00faltiples filtros a las columnas<\/a><\/li>\n<li> <a href=\"https:\/\/exceladvisor.org\/es\/resaltar-los-valores-superiores-e-inferiores\/\">Resalte los valores N superiores e inferiores en Excel<\/a><\/li>\n<li> <a href=\"https:\/\/exceladvisor.org\/es\/casilla-de-verificacion\/\">Insertar una casilla de verificaci\u00f3n en Excel<\/a><\/li>\n<li> <a href=\"https:\/\/exceladvisor.org\/es\/fusionar-celdas-sin-perder-datos\/\">Fusionar celdas sin perder datos en Excel<\/a><\/li>\n<\/ul>\n<\/div>\n<\/div>\n<\/div>\n<\/div>\n","protected":false},"excerpt":{"rendered":"<p>Hay algunas formas de datos en las que es posible que haya guiones intermedios. Por ejemplo, un n\u00famero SNN, fechas y n\u00fameros de m\u00f3vil. Ahora en Excel hay varias formas con f\u00f3rmulas que puedes usar para eliminar estos guiones de estos valores. En este tutorial, veremos diferentes m\u00e9todos que podemos usar para eliminar guiones de [&hellip;]<\/p>\n","protected":false},"author":1,"featured_media":0,"parent":0,"menu_order":0,"comment_status":"open","ping_status":"closed","template":"","meta":{"ub_ctt_via":"","footnotes":""},"class_list":["post-443","page","type-page","status-publish","hentry"],"featured_image_src":null,"yoast_head":"<!-- This site is optimized with the Yoast SEO plugin v25.4 - https:\/\/yoast.com\/wordpress\/plugins\/seo\/ -->\n<title>\u00bfc\u00f3mo eliminar guiones en excel?<\/title>\n<meta name=\"robots\" content=\"index, follow, max-snippet:-1, max-image-preview:large, max-video-preview:-1\" \/>\n<link rel=\"canonical\" href=\"https:\/\/exceladvisor.org\/es\/eliminar-guiones\/\" \/>\n<meta property=\"og:locale\" content=\"es_ES\" \/>\n<meta property=\"og:type\" content=\"article\" \/>\n<meta property=\"og:title\" content=\"\u00bfc\u00f3mo eliminar guiones en excel?\" \/>\n<meta property=\"og:description\" content=\"Hay algunas formas de datos en las que es posible que haya guiones intermedios. Por ejemplo, un n\u00famero SNN, fechas y n\u00fameros de m\u00f3vil. Ahora en Excel hay varias formas con f\u00f3rmulas que puedes usar para eliminar estos guiones de estos valores. En este tutorial, veremos diferentes m\u00e9todos que podemos usar para eliminar guiones de [&hellip;]\" \/>\n<meta property=\"og:url\" content=\"https:\/\/exceladvisor.org\/es\/eliminar-guiones\/\" \/>\n<meta property=\"og:site_name\" content=\"Excel Advisor\" \/>\n<meta property=\"article:modified_time\" content=\"2023-12-25T10:24:58+00:00\" \/>\n<meta property=\"og:image\" content=\"https:\/\/exceladvisor.org\/wp-content\/uploads\/2023\/08\/1-supprimer-les-tirets.png\" \/>\n<meta name=\"twitter:card\" content=\"summary_large_image\" \/>\n<meta name=\"twitter:label1\" content=\"Tiempo de lectura\" \/>\n\t<meta name=\"twitter:data1\" content=\"3 minutos\" \/>\n<script type=\"application\/ld+json\" class=\"yoast-schema-graph\">{\"@context\":\"https:\/\/schema.org\",\"@graph\":[{\"@type\":\"WebPage\",\"@id\":\"https:\/\/exceladvisor.org\/es\/eliminar-guiones\/\",\"url\":\"https:\/\/exceladvisor.org\/es\/eliminar-guiones\/\",\"name\":\"\u00bfc\u00f3mo eliminar guiones en excel?\",\"isPartOf\":{\"@id\":\"https:\/\/exceladvisor.org\/es\/#website\"},\"primaryImageOfPage\":{\"@id\":\"https:\/\/exceladvisor.org\/es\/eliminar-guiones\/#primaryimage\"},\"image\":{\"@id\":\"https:\/\/exceladvisor.org\/es\/eliminar-guiones\/#primaryimage\"},\"thumbnailUrl\":\"https:\/\/exceladvisor.org\/wp-content\/uploads\/2023\/08\/1-supprimer-les-tirets.png\",\"datePublished\":\"2023-10-28T03:16:17+00:00\",\"dateModified\":\"2023-12-25T10:24:58+00:00\",\"breadcrumb\":{\"@id\":\"https:\/\/exceladvisor.org\/es\/eliminar-guiones\/#breadcrumb\"},\"inLanguage\":\"es\",\"potentialAction\":[{\"@type\":\"ReadAction\",\"target\":[\"https:\/\/exceladvisor.org\/es\/eliminar-guiones\/\"]}]},{\"@type\":\"ImageObject\",\"inLanguage\":\"es\",\"@id\":\"https:\/\/exceladvisor.org\/es\/eliminar-guiones\/#primaryimage\",\"url\":\"https:\/\/exceladvisor.org\/wp-content\/uploads\/2023\/08\/1-supprimer-les-tirets.png\",\"contentUrl\":\"https:\/\/exceladvisor.org\/wp-content\/uploads\/2023\/08\/1-supprimer-les-tirets.png\"},{\"@type\":\"BreadcrumbList\",\"@id\":\"https:\/\/exceladvisor.org\/es\/eliminar-guiones\/#breadcrumb\",\"itemListElement\":[{\"@type\":\"ListItem\",\"position\":1,\"name\":\"Hogar\",\"item\":\"https:\/\/exceladvisor.org\/es\/\"},{\"@type\":\"ListItem\",\"position\":2,\"name\":\"\u00bfc\u00f3mo eliminar guiones en excel?\"}]},{\"@type\":\"WebSite\",\"@id\":\"https:\/\/exceladvisor.org\/es\/#website\",\"url\":\"https:\/\/exceladvisor.org\/es\/\",\"name\":\"Excel Advisor\",\"description\":\"Su gu\u00eda para la dominaci\u00f3n de datos!\",\"publisher\":{\"@id\":\"https:\/\/exceladvisor.org\/es\/#organization\"},\"potentialAction\":[{\"@type\":\"SearchAction\",\"target\":{\"@type\":\"EntryPoint\",\"urlTemplate\":\"https:\/\/exceladvisor.org\/es\/?s={search_term_string}\"},\"query-input\":{\"@type\":\"PropertyValueSpecification\",\"valueRequired\":true,\"valueName\":\"search_term_string\"}}],\"inLanguage\":\"es\"},{\"@type\":\"Organization\",\"@id\":\"https:\/\/exceladvisor.org\/es\/#organization\",\"name\":\"Excel Advisor\",\"url\":\"https:\/\/exceladvisor.org\/es\/\",\"logo\":{\"@type\":\"ImageObject\",\"inLanguage\":\"es\",\"@id\":\"https:\/\/exceladvisor.org\/es\/#\/schema\/logo\/image\/\",\"url\":\"https:\/\/exceladvisor.org\/es\/wp-content\/uploads\/2023\/12\/exceladvisor.org_.png\",\"contentUrl\":\"https:\/\/exceladvisor.org\/es\/wp-content\/uploads\/2023\/12\/exceladvisor.org_.png\",\"width\":105,\"height\":36,\"caption\":\"Excel Advisor\"},\"image\":{\"@id\":\"https:\/\/exceladvisor.org\/es\/#\/schema\/logo\/image\/\"}}]}<\/script>\n<!-- \/ Yoast SEO plugin. -->","yoast_head_json":{"title":"\u00bfc\u00f3mo eliminar guiones en excel?","robots":{"index":"index","follow":"follow","max-snippet":"max-snippet:-1","max-image-preview":"max-image-preview:large","max-video-preview":"max-video-preview:-1"},"canonical":"https:\/\/exceladvisor.org\/es\/eliminar-guiones\/","og_locale":"es_ES","og_type":"article","og_title":"\u00bfc\u00f3mo eliminar guiones en excel?","og_description":"Hay algunas formas de datos en las que es posible que haya guiones intermedios. Por ejemplo, un n\u00famero SNN, fechas y n\u00fameros de m\u00f3vil. Ahora en Excel hay varias formas con f\u00f3rmulas que puedes usar para eliminar estos guiones de estos valores. En este tutorial, veremos diferentes m\u00e9todos que podemos usar para eliminar guiones de [&hellip;]","og_url":"https:\/\/exceladvisor.org\/es\/eliminar-guiones\/","og_site_name":"Excel Advisor","article_modified_time":"2023-12-25T10:24:58+00:00","og_image":[{"url":"https:\/\/exceladvisor.org\/wp-content\/uploads\/2023\/08\/1-supprimer-les-tirets.png","type":"","width":"","height":""}],"twitter_card":"summary_large_image","twitter_misc":{"Tiempo de lectura":"3 minutos"},"schema":{"@context":"https:\/\/schema.org","@graph":[{"@type":"WebPage","@id":"https:\/\/exceladvisor.org\/es\/eliminar-guiones\/","url":"https:\/\/exceladvisor.org\/es\/eliminar-guiones\/","name":"\u00bfc\u00f3mo eliminar guiones en excel?","isPartOf":{"@id":"https:\/\/exceladvisor.org\/es\/#website"},"primaryImageOfPage":{"@id":"https:\/\/exceladvisor.org\/es\/eliminar-guiones\/#primaryimage"},"image":{"@id":"https:\/\/exceladvisor.org\/es\/eliminar-guiones\/#primaryimage"},"thumbnailUrl":"https:\/\/exceladvisor.org\/wp-content\/uploads\/2023\/08\/1-supprimer-les-tirets.png","datePublished":"2023-10-28T03:16:17+00:00","dateModified":"2023-12-25T10:24:58+00:00","breadcrumb":{"@id":"https:\/\/exceladvisor.org\/es\/eliminar-guiones\/#breadcrumb"},"inLanguage":"es","potentialAction":[{"@type":"ReadAction","target":["https:\/\/exceladvisor.org\/es\/eliminar-guiones\/"]}]},{"@type":"ImageObject","inLanguage":"es","@id":"https:\/\/exceladvisor.org\/es\/eliminar-guiones\/#primaryimage","url":"https:\/\/exceladvisor.org\/wp-content\/uploads\/2023\/08\/1-supprimer-les-tirets.png","contentUrl":"https:\/\/exceladvisor.org\/wp-content\/uploads\/2023\/08\/1-supprimer-les-tirets.png"},{"@type":"BreadcrumbList","@id":"https:\/\/exceladvisor.org\/es\/eliminar-guiones\/#breadcrumb","itemListElement":[{"@type":"ListItem","position":1,"name":"Hogar","item":"https:\/\/exceladvisor.org\/es\/"},{"@type":"ListItem","position":2,"name":"\u00bfc\u00f3mo eliminar guiones en excel?"}]},{"@type":"WebSite","@id":"https:\/\/exceladvisor.org\/es\/#website","url":"https:\/\/exceladvisor.org\/es\/","name":"Excel Advisor","description":"Su gu\u00eda para la dominaci\u00f3n de datos!","publisher":{"@id":"https:\/\/exceladvisor.org\/es\/#organization"},"potentialAction":[{"@type":"SearchAction","target":{"@type":"EntryPoint","urlTemplate":"https:\/\/exceladvisor.org\/es\/?s={search_term_string}"},"query-input":{"@type":"PropertyValueSpecification","valueRequired":true,"valueName":"search_term_string"}}],"inLanguage":"es"},{"@type":"Organization","@id":"https:\/\/exceladvisor.org\/es\/#organization","name":"Excel Advisor","url":"https:\/\/exceladvisor.org\/es\/","logo":{"@type":"ImageObject","inLanguage":"es","@id":"https:\/\/exceladvisor.org\/es\/#\/schema\/logo\/image\/","url":"https:\/\/exceladvisor.org\/es\/wp-content\/uploads\/2023\/12\/exceladvisor.org_.png","contentUrl":"https:\/\/exceladvisor.org\/es\/wp-content\/uploads\/2023\/12\/exceladvisor.org_.png","width":105,"height":36,"caption":"Excel Advisor"},"image":{"@id":"https:\/\/exceladvisor.org\/es\/#\/schema\/logo\/image\/"}}]}},"yoast_meta":{"yoast_wpseo_title":"","yoast_wpseo_metadesc":"","yoast_wpseo_canonical":""},"_links":{"self":[{"href":"https:\/\/exceladvisor.org\/es\/wp-json\/wp\/v2\/pages\/443","targetHints":{"allow":["GET"]}}],"collection":[{"href":"https:\/\/exceladvisor.org\/es\/wp-json\/wp\/v2\/pages"}],"about":[{"href":"https:\/\/exceladvisor.org\/es\/wp-json\/wp\/v2\/types\/page"}],"author":[{"embeddable":true,"href":"https:\/\/exceladvisor.org\/es\/wp-json\/wp\/v2\/users\/1"}],"replies":[{"embeddable":true,"href":"https:\/\/exceladvisor.org\/es\/wp-json\/wp\/v2\/comments?post=443"}],"version-history":[{"count":1,"href":"https:\/\/exceladvisor.org\/es\/wp-json\/wp\/v2\/pages\/443\/revisions"}],"predecessor-version":[{"id":984,"href":"https:\/\/exceladvisor.org\/es\/wp-json\/wp\/v2\/pages\/443\/revisions\/984"}],"wp:attachment":[{"href":"https:\/\/exceladvisor.org\/es\/wp-json\/wp\/v2\/media?parent=443"}],"curies":[{"name":"wp","href":"https:\/\/api.w.org\/{rel}","templated":true}]}}