{"id":445,"date":"2023-10-28T02:40:46","date_gmt":"2023-10-28T02:40:46","guid":{"rendered":"https:\/\/exceladvisor.org\/es\/abrir-archivo-de-texto\/"},"modified":"2023-12-25T10:22:39","modified_gmt":"2023-12-25T10:22:39","slug":"abrir-archivo-de-texto","status":"publish","type":"page","link":"https:\/\/exceladvisor.org\/es\/abrir-archivo-de-texto\/","title":{"rendered":"\u00bfc\u00f3mo abrir un archivo de texto en excel? (.txt)"},"content":{"rendered":"<div class=\"excel-antes-del-contenido\" id=\"excel-572225149\"><script type=\"text\/javascript\">\r\n\tatOptions = {\r\n\t\t'key' : 'c1158f160081d6540a8409e6925dab94',\r\n\t\t'format' : 'iframe',\r\n\t\t'height' : 250,\r\n\t\t'width' : 300,\r\n\t\t'params' : {}\r\n\t};\r\n<\/script>\r\n<script type=\"text\/javascript\" src=\"\/\/www.highperformanceformat.com\/c1158f160081d6540a8409e6925dab94\/invoke.js\"><\/script><\/div><p>Para abrir un archivo de texto en Excel, simplemente puede abrirlo usando el cuadro de di\u00e1logo Abrir. Una vez que lo abra, Excel le mostrar\u00e1 la opci\u00f3n de texto a columnas para importar datos a la hoja de trabajo. Si los datos est\u00e1n en forma de tabla, solo se necesitan unos pocos clics para agregarlos a Excel. <\/p>\n<div class=\"wp-block-image\">\n<figure class=\"aligncenter size-full is-resized\"><img loading=\"lazy\" decoding=\"async\" class=\"wp-image-77769\" src=\"https:\/\/exceladvisor.org\/wp-content\/uploads\/2023\/08\/1-fichier-texte-ouvert-dans-excel.png\" sizes=\"auto, \" srcset=\"\" alt=\"abrir-archivo-de-texto-en-excel\" width=\"687\" height=\"506\"><\/figure>\n<\/div>\n<p> En este tutorial, veremos tres formas diferentes de abrir un archivo de texto usando Excel.<\/p>\n<h2 class=\"wp-block-heading\"> Pasos para abrir un archivo de texto en Excel<\/h2>\n<ol>\n<li> Primero, vaya a la pesta\u00f1a Archivo, haga clic en Abrir y luego haga clic en Examinar. <br \/><img loading=\"lazy\" decoding=\"async\" title=\"Abre y navega en 2 clics\" src=\"https:\/\/exceladvisor.org\/wp-content\/uploads\/2023\/08\/2-cliquez-sur-ouvrir-et-parcourir.png\" sizes=\"auto, \" srcset=\"\" alt=\"click-open-and-browse\" width=\"436\" height=\"480\"><\/li>\n<li> Despu\u00e9s de eso, en el cuadro de di\u00e1logo de navegaci\u00f3n, seleccione \u00abTodos los archivos\u00bb en el men\u00fa desplegable junto al nombre del archivo. <br \/><img loading=\"lazy\" decoding=\"async\" title=\"3-seleccionar-todos-los-archivos\" src=\"https:\/\/exceladvisor.org\/wp-content\/uploads\/2023\/08\/3-selectionner-tous-les-fichiers.png\" sizes=\"auto, \" srcset=\"\" alt=\"select-all-files\" width=\"550\" height=\"95\"><\/li>\n<li> A continuaci\u00f3n, haga clic en el archivo de texto que desea abrir y haga clic en Aceptar. <br \/><img loading=\"lazy\" decoding=\"async\" title=\"4-selecciona-el-archivo-de-texto\" src=\"https:\/\/exceladvisor.org\/wp-content\/uploads\/2023\/08\/4-selectionnez-le-fichier-texte.png\" sizes=\"auto, \" srcset=\"\" alt=\"select-the-text-file\" width=\"436\" height=\"362\"><\/li>\n<li> Tiene el cuadro de di\u00e1logo de texto a columnas. Haga clic en el bot\u00f3n siguiente para continuar con el siguiente paso y marque \u00abMis datos tienen encabezados\u00bb. Si tus datos ya tienen encabezados. <br \/><img loading=\"lazy\" decoding=\"async\" title=\"5 Cuadro de di\u00e1logo Texto a columnas\" src=\"https:\/\/exceladvisor.org\/wp-content\/uploads\/2023\/08\/5-boite-de-dialogue-de-texte-en-colonne.png\" sizes=\"auto, \" srcset=\"\" alt=\"text-to-column-dialog-box\" width=\"618\" height=\"442\"><\/li>\n<li> En el siguiente paso, marque la casilla \u00abTab\u00bb y luego haga clic en Siguiente. <br \/><img loading=\"lazy\" decoding=\"async\" title=\"6-marque-pesta\u00f1a-y-haga clic-siguiente\" src=\"https:\/\/exceladvisor.org\/wp-content\/uploads\/2023\/08\/6-onglet-coche-et-cliquez-sur-suivant.png\" sizes=\"auto, \" srcset=\"\" alt=\"checkmark-tab-and-click-next\" width=\"528\" height=\"410\"><\/li>\n<li> Al final, haga clic en Finalizar para obtener los datos en la hoja de c\u00e1lculo. <br \/><img loading=\"lazy\" decoding=\"async\" title=\"Termina en 7 clics\" src=\"https:\/\/exceladvisor.org\/wp-content\/uploads\/2023\/08\/Terminer-en-7-clics.png\" sizes=\"auto, \" srcset=\"\" alt=\"click-finish\" width=\"529\" height=\"408\"><\/li>\n<\/ol>\n<p> Una vez que hagas clic en Finalizar, tendr\u00e1s los datos en la hoja como tenemos a continuaci\u00f3n: <\/p>\n<div class=\"wp-block-image\">\n<figure class=\"aligncenter size-full is-resized\"><img loading=\"lazy\" decoding=\"async\" class=\"wp-image-77776\" src=\"https:\/\/exceladvisor.org\/wp-content\/uploads\/2023\/08\/8-donnees-ouvertes-dans-la-feuille.png\" sizes=\"auto, \" srcset=\"\" alt=\"abrir-datos-en-hoja\" width=\"487\" height=\"425\"><\/figure>\n<\/div>\n<p> Una vez que abra un archivo de texto en Excel, obtendr\u00e1 los datos, pero no guardar\u00e1 ese archivo de texto como un archivo de Excel. Gu\u00e1rdelo como un libro de Excel, vaya a Archivo \u21e2 <a href=\"https:\/\/exceladvisor.org\/es\/guardar-como\/\">Guardar como<\/a> .<\/p>\n<h2 class=\"wp-block-heading\"> Abra un archivo de texto en Excel con Power Query<\/h2>\n<ol>\n<li> Vaya a Datos \u21e2 Desde archivo \u21e2 Desde texto\/CSV. <br \/><img loading=\"lazy\" decoding=\"async\" title=\"9-abrir-archivo-de-texto-con-consulta-de-energ\u00eda\" src=\"https:\/\/exceladvisor.org\/wp-content\/uploads\/2023\/08\/9-fichier-texte-ouvert-avec-requete-de-puissance.png\" sizes=\"auto, \" srcset=\"\" alt=\"open-text-file-with-power-query\" width=\"515\" height=\"482\"><\/li>\n<li> Seleccione el archivo que desea importar y haga clic en el bot\u00f3n Importar. <br \/><img loading=\"lazy\" decoding=\"async\" title=\"10-seleccionar-archivo-e importar\" src=\"https:\/\/exceladvisor.org\/wp-content\/uploads\/2023\/08\/10-selectionner-le-fichier-et-importer.png\" sizes=\"auto, \" srcset=\"\" alt=\"select-file-and-import\" width=\"498\" height=\"245\"><\/li>\n<li> Haga clic en el bot\u00f3n cargar para cargar los datos en la hoja de c\u00e1lculo. <br \/><img loading=\"lazy\" decoding=\"async\" title=\"11-cargar-archivo\" src=\"https:\/\/exceladvisor.org\/wp-content\/uploads\/2023\/08\/11-charger-le-fichier.png\" sizes=\"auto, \" srcset=\"\" alt=\"load-the-file\" width=\"663\" height=\"308\"><\/li>\n<li> Ahora tienes los datos en la hoja de c\u00e1lculo. <br \/><img loading=\"lazy\" decoding=\"async\" title=\"12 datos cargados en una hoja\" src=\"https:\/\/exceladvisor.org\/wp-content\/uploads\/2023\/08\/12-donnees-chargees-dans-la-feuille.png\" sizes=\"auto, \" srcset=\"\" alt=\"data-loaded-in-sheet\" width=\"530\" height=\"237\"><\/li>\n<\/ol>\n<p> La mejor parte de utilizar <a href=\"https:\/\/exceladvisor.org\/es\/solicitud-de-energia\/\">Power Query<\/a> para importar datos desde un archivo de texto es que es din\u00e1mico. Cuando actualiza los datos en el archivo de texto, simplemente puede actualizarlos en Excel con solo hacer clic en el bot\u00f3n Actualizar.<\/p>\n<h2 class=\"wp-block-heading\"> Copie y pegue datos de un archivo de texto a una hoja de c\u00e1lculo de Excel<\/h2>\n<p> Para hacer esto, abra el archivo de texto y use el m\u00e9todo abreviado de teclado Ctrl + A para seleccionar todos los datos en el archivo de texto. <\/p>\n<div class=\"wp-block-image\">\n<figure class=\"aligncenter size-full is-resized\"><img loading=\"lazy\" decoding=\"async\" class=\"wp-image-77781\" src=\"https:\/\/exceladvisor.org\/wp-content\/uploads\/2023\/08\/13-copier-coller-des-donnees-du-texte-vers-excel.png\" sizes=\"auto, \" srcset=\"\" alt=\"copiar-pegar-datos-de-texto-a-excel\" width=\"674\" height=\"362\"><\/figure>\n<\/div>\n<p> Vaya a la hoja de c\u00e1lculo, seleccione la celda A1 y <a href=\"https:\/\/exceladvisor.org\/es\/copiar-pegar\/\">presione Ctrl + V<\/a> para pegar los datos all\u00ed. <\/p>\n<div class=\"wp-block-image\">\n<figure class=\"aligncenter size-full is-resized\"><img loading=\"lazy\" decoding=\"async\" class=\"wp-image-77782\" src=\"https:\/\/exceladvisor.org\/wp-content\/uploads\/2023\/08\/14-donnees-textuelles-collees-dans-la-feuille.png\" sizes=\"auto, \" srcset=\"\" alt=\"datos-texto-pegados-en-hoja\" width=\"513\" height=\"372\"><\/figure>\n<\/div>\n<div class=\"gb-container gb-container-4db6181c gb-container-mt\"> <a class=\"gb-button gb-button-c5897111 gb-button-text gb-button-mt-button\" href=\"https:\/\/exceladvisor.org\/es\/avance-de-excel\/\">Tutoriales avanzados de Excel<\/a><\/p>\n<h2 class=\"gb-headline gb-headline-665e5f6b gb-headline-text gb-headline-mt-heading\"> Tutoriales relacionados <\/h2>\n<div class=\"gb-grid-wrapper gb-grid-wrapper-a20baf7c gb-grid-wrapper-mt-grid\">\n<div class=\"gb-grid-column gb-grid-column-65ddf67e\">\n<div class=\"gb-container gb-container-65ddf67e\">\n<ul>\n<li> <a href=\"https:\/\/exceladvisor.org\/es\/reparar-archivo-excel-corrupto\/\">Reparar archivo de Excel da\u00f1ado<\/a><\/li>\n<li> <a href=\"https:\/\/exceladvisor.org\/es\/recuperar-archivos-no-guardados\/\">Recuperar archivos de Excel no guardados cuando Excel falla<\/a><\/li>\n<li> <a href=\"https:\/\/exceladvisor.org\/es\/xlsx-a-csv\/\">Guarde el archivo de Excel (libro de trabajo) en formato CSV (XLSX A CSV)<\/a><\/li>\n<li> <a href=\"https:\/\/exceladvisor.org\/es\/ocultar-mostrar-libro-de-trabajo\/\">Ocultar y mostrar un libro en Excel<\/a><\/li>\n<\/ul>\n<\/div>\n<\/div>\n<\/div>\n<\/div>\n","protected":false},"excerpt":{"rendered":"<p>Para abrir un archivo de texto en Excel, simplemente puede abrirlo usando el cuadro de di\u00e1logo Abrir. Una vez que lo abra, Excel le mostrar\u00e1 la opci\u00f3n de texto a columnas para importar datos a la hoja de trabajo. Si los datos est\u00e1n en forma de tabla, solo se necesitan unos pocos clics para agregarlos [&hellip;]<\/p>\n","protected":false},"author":1,"featured_media":0,"parent":0,"menu_order":0,"comment_status":"open","ping_status":"closed","template":"","meta":{"ub_ctt_via":"","footnotes":""},"class_list":["post-445","page","type-page","status-publish","hentry"],"featured_image_src":null,"yoast_head":"<!-- This site is optimized with the Yoast SEO plugin v25.4 - https:\/\/yoast.com\/wordpress\/plugins\/seo\/ -->\n<title>\u00bfc\u00f3mo abrir un archivo de texto en excel? (.txt)<\/title>\n<meta name=\"robots\" content=\"index, follow, max-snippet:-1, max-image-preview:large, max-video-preview:-1\" \/>\n<link rel=\"canonical\" href=\"https:\/\/exceladvisor.org\/es\/abrir-archivo-de-texto\/\" \/>\n<meta property=\"og:locale\" content=\"es_ES\" \/>\n<meta property=\"og:type\" content=\"article\" \/>\n<meta property=\"og:title\" content=\"\u00bfc\u00f3mo abrir un archivo de texto en excel? (.txt)\" \/>\n<meta property=\"og:description\" content=\"Para abrir un archivo de texto en Excel, simplemente puede abrirlo usando el cuadro de di\u00e1logo Abrir. Una vez que lo abra, Excel le mostrar\u00e1 la opci\u00f3n de texto a columnas para importar datos a la hoja de trabajo. Si los datos est\u00e1n en forma de tabla, solo se necesitan unos pocos clics para agregarlos [&hellip;]\" \/>\n<meta property=\"og:url\" content=\"https:\/\/exceladvisor.org\/es\/abrir-archivo-de-texto\/\" \/>\n<meta property=\"og:site_name\" content=\"Excel Advisor\" \/>\n<meta property=\"article:modified_time\" content=\"2023-12-25T10:22:39+00:00\" \/>\n<meta property=\"og:image\" content=\"https:\/\/exceladvisor.org\/wp-content\/uploads\/2023\/08\/1-fichier-texte-ouvert-dans-excel.png\" \/>\n<meta name=\"twitter:card\" content=\"summary_large_image\" \/>\n<meta name=\"twitter:label1\" content=\"Tiempo de lectura\" \/>\n\t<meta name=\"twitter:data1\" content=\"2 minutos\" \/>\n<script type=\"application\/ld+json\" class=\"yoast-schema-graph\">{\"@context\":\"https:\/\/schema.org\",\"@graph\":[{\"@type\":\"WebPage\",\"@id\":\"https:\/\/exceladvisor.org\/es\/abrir-archivo-de-texto\/\",\"url\":\"https:\/\/exceladvisor.org\/es\/abrir-archivo-de-texto\/\",\"name\":\"\u00bfc\u00f3mo abrir un archivo de texto en excel? (.txt)\",\"isPartOf\":{\"@id\":\"https:\/\/exceladvisor.org\/es\/#website\"},\"primaryImageOfPage\":{\"@id\":\"https:\/\/exceladvisor.org\/es\/abrir-archivo-de-texto\/#primaryimage\"},\"image\":{\"@id\":\"https:\/\/exceladvisor.org\/es\/abrir-archivo-de-texto\/#primaryimage\"},\"thumbnailUrl\":\"https:\/\/exceladvisor.org\/wp-content\/uploads\/2023\/08\/1-fichier-texte-ouvert-dans-excel.png\",\"datePublished\":\"2023-10-28T02:40:46+00:00\",\"dateModified\":\"2023-12-25T10:22:39+00:00\",\"breadcrumb\":{\"@id\":\"https:\/\/exceladvisor.org\/es\/abrir-archivo-de-texto\/#breadcrumb\"},\"inLanguage\":\"es\",\"potentialAction\":[{\"@type\":\"ReadAction\",\"target\":[\"https:\/\/exceladvisor.org\/es\/abrir-archivo-de-texto\/\"]}]},{\"@type\":\"ImageObject\",\"inLanguage\":\"es\",\"@id\":\"https:\/\/exceladvisor.org\/es\/abrir-archivo-de-texto\/#primaryimage\",\"url\":\"https:\/\/exceladvisor.org\/wp-content\/uploads\/2023\/08\/1-fichier-texte-ouvert-dans-excel.png\",\"contentUrl\":\"https:\/\/exceladvisor.org\/wp-content\/uploads\/2023\/08\/1-fichier-texte-ouvert-dans-excel.png\"},{\"@type\":\"BreadcrumbList\",\"@id\":\"https:\/\/exceladvisor.org\/es\/abrir-archivo-de-texto\/#breadcrumb\",\"itemListElement\":[{\"@type\":\"ListItem\",\"position\":1,\"name\":\"Hogar\",\"item\":\"https:\/\/exceladvisor.org\/es\/\"},{\"@type\":\"ListItem\",\"position\":2,\"name\":\"\u00bfc\u00f3mo abrir un archivo de texto en excel? (.txt)\"}]},{\"@type\":\"WebSite\",\"@id\":\"https:\/\/exceladvisor.org\/es\/#website\",\"url\":\"https:\/\/exceladvisor.org\/es\/\",\"name\":\"Excel Advisor\",\"description\":\"Su gu\u00eda para la dominaci\u00f3n de datos!\",\"publisher\":{\"@id\":\"https:\/\/exceladvisor.org\/es\/#organization\"},\"potentialAction\":[{\"@type\":\"SearchAction\",\"target\":{\"@type\":\"EntryPoint\",\"urlTemplate\":\"https:\/\/exceladvisor.org\/es\/?s={search_term_string}\"},\"query-input\":{\"@type\":\"PropertyValueSpecification\",\"valueRequired\":true,\"valueName\":\"search_term_string\"}}],\"inLanguage\":\"es\"},{\"@type\":\"Organization\",\"@id\":\"https:\/\/exceladvisor.org\/es\/#organization\",\"name\":\"Excel Advisor\",\"url\":\"https:\/\/exceladvisor.org\/es\/\",\"logo\":{\"@type\":\"ImageObject\",\"inLanguage\":\"es\",\"@id\":\"https:\/\/exceladvisor.org\/es\/#\/schema\/logo\/image\/\",\"url\":\"https:\/\/exceladvisor.org\/es\/wp-content\/uploads\/2023\/12\/exceladvisor.org_.png\",\"contentUrl\":\"https:\/\/exceladvisor.org\/es\/wp-content\/uploads\/2023\/12\/exceladvisor.org_.png\",\"width\":105,\"height\":36,\"caption\":\"Excel Advisor\"},\"image\":{\"@id\":\"https:\/\/exceladvisor.org\/es\/#\/schema\/logo\/image\/\"}}]}<\/script>\n<!-- \/ Yoast SEO plugin. -->","yoast_head_json":{"title":"\u00bfc\u00f3mo abrir un archivo de texto en excel? (.txt)","robots":{"index":"index","follow":"follow","max-snippet":"max-snippet:-1","max-image-preview":"max-image-preview:large","max-video-preview":"max-video-preview:-1"},"canonical":"https:\/\/exceladvisor.org\/es\/abrir-archivo-de-texto\/","og_locale":"es_ES","og_type":"article","og_title":"\u00bfc\u00f3mo abrir un archivo de texto en excel? (.txt)","og_description":"Para abrir un archivo de texto en Excel, simplemente puede abrirlo usando el cuadro de di\u00e1logo Abrir. Una vez que lo abra, Excel le mostrar\u00e1 la opci\u00f3n de texto a columnas para importar datos a la hoja de trabajo. Si los datos est\u00e1n en forma de tabla, solo se necesitan unos pocos clics para agregarlos [&hellip;]","og_url":"https:\/\/exceladvisor.org\/es\/abrir-archivo-de-texto\/","og_site_name":"Excel Advisor","article_modified_time":"2023-12-25T10:22:39+00:00","og_image":[{"url":"https:\/\/exceladvisor.org\/wp-content\/uploads\/2023\/08\/1-fichier-texte-ouvert-dans-excel.png","type":"","width":"","height":""}],"twitter_card":"summary_large_image","twitter_misc":{"Tiempo de lectura":"2 minutos"},"schema":{"@context":"https:\/\/schema.org","@graph":[{"@type":"WebPage","@id":"https:\/\/exceladvisor.org\/es\/abrir-archivo-de-texto\/","url":"https:\/\/exceladvisor.org\/es\/abrir-archivo-de-texto\/","name":"\u00bfc\u00f3mo abrir un archivo de texto en excel? (.txt)","isPartOf":{"@id":"https:\/\/exceladvisor.org\/es\/#website"},"primaryImageOfPage":{"@id":"https:\/\/exceladvisor.org\/es\/abrir-archivo-de-texto\/#primaryimage"},"image":{"@id":"https:\/\/exceladvisor.org\/es\/abrir-archivo-de-texto\/#primaryimage"},"thumbnailUrl":"https:\/\/exceladvisor.org\/wp-content\/uploads\/2023\/08\/1-fichier-texte-ouvert-dans-excel.png","datePublished":"2023-10-28T02:40:46+00:00","dateModified":"2023-12-25T10:22:39+00:00","breadcrumb":{"@id":"https:\/\/exceladvisor.org\/es\/abrir-archivo-de-texto\/#breadcrumb"},"inLanguage":"es","potentialAction":[{"@type":"ReadAction","target":["https:\/\/exceladvisor.org\/es\/abrir-archivo-de-texto\/"]}]},{"@type":"ImageObject","inLanguage":"es","@id":"https:\/\/exceladvisor.org\/es\/abrir-archivo-de-texto\/#primaryimage","url":"https:\/\/exceladvisor.org\/wp-content\/uploads\/2023\/08\/1-fichier-texte-ouvert-dans-excel.png","contentUrl":"https:\/\/exceladvisor.org\/wp-content\/uploads\/2023\/08\/1-fichier-texte-ouvert-dans-excel.png"},{"@type":"BreadcrumbList","@id":"https:\/\/exceladvisor.org\/es\/abrir-archivo-de-texto\/#breadcrumb","itemListElement":[{"@type":"ListItem","position":1,"name":"Hogar","item":"https:\/\/exceladvisor.org\/es\/"},{"@type":"ListItem","position":2,"name":"\u00bfc\u00f3mo abrir un archivo de texto en excel? (.txt)"}]},{"@type":"WebSite","@id":"https:\/\/exceladvisor.org\/es\/#website","url":"https:\/\/exceladvisor.org\/es\/","name":"Excel Advisor","description":"Su gu\u00eda para la dominaci\u00f3n de datos!","publisher":{"@id":"https:\/\/exceladvisor.org\/es\/#organization"},"potentialAction":[{"@type":"SearchAction","target":{"@type":"EntryPoint","urlTemplate":"https:\/\/exceladvisor.org\/es\/?s={search_term_string}"},"query-input":{"@type":"PropertyValueSpecification","valueRequired":true,"valueName":"search_term_string"}}],"inLanguage":"es"},{"@type":"Organization","@id":"https:\/\/exceladvisor.org\/es\/#organization","name":"Excel Advisor","url":"https:\/\/exceladvisor.org\/es\/","logo":{"@type":"ImageObject","inLanguage":"es","@id":"https:\/\/exceladvisor.org\/es\/#\/schema\/logo\/image\/","url":"https:\/\/exceladvisor.org\/es\/wp-content\/uploads\/2023\/12\/exceladvisor.org_.png","contentUrl":"https:\/\/exceladvisor.org\/es\/wp-content\/uploads\/2023\/12\/exceladvisor.org_.png","width":105,"height":36,"caption":"Excel Advisor"},"image":{"@id":"https:\/\/exceladvisor.org\/es\/#\/schema\/logo\/image\/"}}]}},"yoast_meta":{"yoast_wpseo_title":"","yoast_wpseo_metadesc":"","yoast_wpseo_canonical":""},"_links":{"self":[{"href":"https:\/\/exceladvisor.org\/es\/wp-json\/wp\/v2\/pages\/445","targetHints":{"allow":["GET"]}}],"collection":[{"href":"https:\/\/exceladvisor.org\/es\/wp-json\/wp\/v2\/pages"}],"about":[{"href":"https:\/\/exceladvisor.org\/es\/wp-json\/wp\/v2\/types\/page"}],"author":[{"embeddable":true,"href":"https:\/\/exceladvisor.org\/es\/wp-json\/wp\/v2\/users\/1"}],"replies":[{"embeddable":true,"href":"https:\/\/exceladvisor.org\/es\/wp-json\/wp\/v2\/comments?post=445"}],"version-history":[{"count":1,"href":"https:\/\/exceladvisor.org\/es\/wp-json\/wp\/v2\/pages\/445\/revisions"}],"predecessor-version":[{"id":780,"href":"https:\/\/exceladvisor.org\/es\/wp-json\/wp\/v2\/pages\/445\/revisions\/780"}],"wp:attachment":[{"href":"https:\/\/exceladvisor.org\/es\/wp-json\/wp\/v2\/media?parent=445"}],"curies":[{"name":"wp","href":"https:\/\/api.w.org\/{rel}","templated":true}]}}