{"id":446,"date":"2023-10-28T02:23:25","date_gmt":"2023-10-28T02:23:25","guid":{"rendered":"https:\/\/exceladvisor.org\/es\/celdas-grises\/"},"modified":"2023-12-25T10:23:35","modified_gmt":"2023-12-25T10:23:35","slug":"celdas-grises","status":"publish","type":"page","link":"https:\/\/exceladvisor.org\/es\/celdas-grises\/","title":{"rendered":"\u00bfc\u00f3mo atenuar las celdas en excel?"},"content":{"rendered":"<div class=\"excel-antes-del-contenido\" id=\"excel-3587706082\"><script type=\"text\/javascript\">\r\n\tatOptions = {\r\n\t\t'key' : 'c1158f160081d6540a8409e6925dab94',\r\n\t\t'format' : 'iframe',\r\n\t\t'height' : 250,\r\n\t\t'width' : 300,\r\n\t\t'params' : {}\r\n\t};\r\n<\/script>\r\n<script type=\"text\/javascript\" src=\"\/\/www.highperformanceformat.com\/c1158f160081d6540a8409e6925dab94\/invoke.js\"><\/script><\/div><p>Cuando comparte un informe o datos con alguien, puede atenuar las celdas no utilizadas. Esto ayuda al usuario a centrarse \u00fanicamente en la parte de la hoja de c\u00e1lculo donde tenemos datos. <\/p>\n<div class=\"wp-block-image\">\n<figure class=\"aligncenter size-full is-resized\"><img loading=\"lazy\" decoding=\"async\" class=\"wp-image-77730\" src=\"https:\/\/exceladvisor.org\/wp-content\/uploads\/2023\/08\/1-cellules-grisees.png\" sizes=\"auto, \" srcset=\"\" alt=\"celdas grises\" width=\"583\" height=\"386\"><\/figure>\n<\/div>\n<p> En este tutorial veremos diferentes formas de agregar un color gris a celdas que no est\u00e1n en uso.<\/p>\n<h2 class=\"wp-block-heading\"> Utilice formato condicional para atenuar las celdas no utilizadas<\/h2>\n<ol>\n<li> Primero, seleccione la celda A1 y use el m\u00e9todo abreviado de teclado Ctrl + A para seleccionar todas las celdas. <br \/><img loading=\"lazy\" decoding=\"async\" title=\"2-seleccionar-una-celda\" src=\"https:\/\/exceladvisor.org\/wp-content\/uploads\/2023\/08\/2-selectionner-une-cellule.png\" sizes=\"auto, \" srcset=\"\" alt=\"select-a-cell\" width=\"416\" height=\"277\"><\/li>\n<li> Ahora vaya a la pesta\u00f1a de inicio, haga clic en formato condicional y luego seleccione la opci\u00f3n de nueva regla. <br \/><img loading=\"lazy\" decoding=\"async\" title=\"3-formato-condicional-nueva-regla\" src=\"https:\/\/exceladvisor.org\/wp-content\/uploads\/2023\/08\/3-nouvelle-regle-de-mise-en-forme-conditionnelle.png\" sizes=\"auto, \" srcset=\"\" alt=\"conditional-formatting-new-rule\" width=\"203\" height=\"343\"><\/li>\n<li> Despu\u00e9s de eso, en el cuadro de di\u00e1logo de la nueva regla de formato, haga clic en \u00abUsar una f\u00f3rmula para determinar la celda a formatear\u00bb. <br \/><img loading=\"lazy\" decoding=\"async\" title=\"4-nuevo-di\u00e1logo-de-formato\" src=\"https:\/\/exceladvisor.org\/wp-content\/uploads\/2023\/08\/4-nouvelle-boite-de-dialogue-de-formatage.png\" sizes=\"auto, \" srcset=\"\" alt=\"new-formatting-dialog-box\" width=\"449\" height=\"324\"><\/li>\n<li> A partir de ah\u00ed, en \u00abFormatear valores donde esta f\u00f3rmula es verdadera\u00bb, ingrese la f\u00f3rmula <code>=IF(A1=\"\",TRUE,FALSE).<br \/> <img loading=\"lazy\" decoding=\"async\" title=\"5-ingrese-la-f\u00f3rmula\" src=\"https:\/\/exceladvisor.org\/wp-content\/uploads\/2023\/08\/5-entrer-la-formule.png\" sizes=\"auto, \" srcset=\"\" alt=\"enter-the-formula\" width=\"533\" height=\"198\"><\/code><\/li>\n<li> A continuaci\u00f3n, haga clic en el bot\u00f3n \u201cFormato\u201d, vaya a la pesta\u00f1a de relleno y seleccione el color gris. <br \/><img loading=\"lazy\" decoding=\"async\" title=\"Bot\u00f3n de formato de 6 clics\" src=\"https:\/\/exceladvisor.org\/wp-content\/uploads\/2023\/08\/Bouton-format-6-clics.png\" sizes=\"auto, \" srcset=\"\" alt=\"click-format-button\" width=\"541\" height=\"502\"><\/li>\n<li> Haga clic en Aceptar para guardar la opci\u00f3n. <br \/><img loading=\"lazy\" decoding=\"async\" title=\"7-ok-para-ahorrar\" src=\"https:\/\/exceladvisor.org\/wp-content\/uploads\/2023\/08\/7-ok-pour-sauvegarder.png\" sizes=\"auto, \" srcset=\"\" alt=\"ok-to-save\" width=\"543\" height=\"204\"><code><\/code><\/li>\n<\/ol>\n<p> Aten\u00faa todas las celdas de su hoja de trabajo y, en el momento en que ingresa un valor en una celda, autom\u00e1ticamente tendr\u00e1 el color de celda blanco. <\/p>\n<div class=\"wp-block-image\">\n<figure class=\"aligncenter size-full is-resized\"><img loading=\"lazy\" decoding=\"async\" class=\"wp-image-77737\" src=\"https:\/\/exceladvisor.org\/wp-content\/uploads\/2023\/08\/8-toutes-les-cellules-grisees.png\" sizes=\"auto, \" srcset=\"\" alt=\"todas las celdas est\u00e1n atenuadas\" width=\"702\" height=\"437\"><\/figure>\n<\/div>\n<h2 class=\"wp-block-heading\"> Ocultar filas y columnas para atenuar las \u00e1reas no utilizadas<\/h2>\n<p> Adem\u00e1s del m\u00e9todo anterior, simplemente oculta todas las secciones de la hoja de c\u00e1lculo donde no tiene datos. En el siguiente ejemplo, tiene datos de las celdas A1 a N13. <\/p>\n<div class=\"wp-block-image\">\n<figure class=\"aligncenter size-full is-resized\"><img loading=\"lazy\" decoding=\"async\" class=\"wp-image-77738\" src=\"https:\/\/exceladvisor.org\/wp-content\/uploads\/2023\/08\/9-zones-grises-inutilisees.png\" sizes=\"auto, \" srcset=\"\" alt=\"atenuar las \u00e1reas no utilizadas\" width=\"645\" height=\"425\"><\/figure>\n<\/div>\n<p> Seleccione todas las columnas despu\u00e9s de la columna N, haga clic derecho y haga clic en la opci\u00f3n ocultar. <\/p>\n<div class=\"wp-block-image\">\n<figure class=\"aligncenter size-full is-resized\"><img loading=\"lazy\" decoding=\"async\" class=\"wp-image-77739\" src=\"https:\/\/exceladvisor.org\/wp-content\/uploads\/2023\/08\/10-selectionnez-loption-de-masquage.png\" sizes=\"auto, \" srcset=\"\" alt=\"seleccionar-ocultar-opci\u00f3n\" width=\"393\" height=\"476\"><\/figure>\n<\/div>\n<p> Ahora seleccione todas las l\u00edneas despu\u00e9s de la l\u00ednea 13, haga clic derecho y seleccione la opci\u00f3n ocultar desde all\u00ed. <\/p>\n<div class=\"wp-block-image\">\n<figure class=\"aligncenter size-full is-resized\"><img loading=\"lazy\" decoding=\"async\" class=\"wp-image-77740\" src=\"https:\/\/exceladvisor.org\/wp-content\/uploads\/2023\/08\/11-selectionner-les-lignes-et-masquer.png\" sizes=\"auto, \" srcset=\"\" alt=\"seleccionar-filas-y-ocultar\" width=\"387\" height=\"446\"><\/figure>\n<\/div>\n<p> En el momento en que haga esto, todas las filas debajo de la fila 13 se ocultar\u00e1n y cualquier \u00e1rea en gris donde no tenga los datos. <\/p>\n<div class=\"wp-block-image\">\n<figure class=\"aligncenter size-full is-resized\"><img loading=\"lazy\" decoding=\"async\" class=\"wp-image-77741\" src=\"https:\/\/exceladvisor.org\/wp-content\/uploads\/2023\/08\/12-lignes-masquees.png\" sizes=\"auto, \" srcset=\"\" alt=\"lineas ocultas\" width=\"677\" height=\"445\"><\/figure>\n<\/div>\n<h2 class=\"wp-block-heading\"> Utilice la visualizaci\u00f3n de salto de p\u00e1gina para atenuar las celdas<\/h2>\n<p> Si no desea cambiar su entorno de Excel, puede usar la vista de salto de p\u00e1gina para mostrar las celdas atenuadas que no se utilizan en la hoja de c\u00e1lculo.<\/p>\n<p> Vaya a la pesta\u00f1a Ver \u2192 Vistas del libro de trabajo \u2192 Vista previa de salto de p\u00e1gina. <\/p>\n<div class=\"wp-block-image\">\n<figure class=\"aligncenter size-full is-resized\"><img loading=\"lazy\" decoding=\"async\" class=\"wp-image-77742\" src=\"https:\/\/exceladvisor.org\/wp-content\/uploads\/2023\/08\/Vue-de-saut-de-page-de-13-pages-pour-griser-les-cellules.png\" sizes=\"auto, \" srcset=\"\" alt=\"vista-salto-de-p\u00e1gina-a-celdas-atenuadas\" width=\"615\" height=\"241\"><\/figure>\n<\/div>\n<p> Despu\u00e9s de eso, debe <a href=\"https:\/\/exceladvisor.org\/es\/ampliar-reducir\/\">cambiar el nivel de zoom<\/a> a 100 porque al cambiar a la vista de salto de p\u00e1gina, Excel <a href=\"https:\/\/exceladvisor.org\/es\/zoom\/\">cambia el nivel de zoom<\/a> al 60%. <\/p>\n<div class=\"wp-block-image\">\n<figure class=\"aligncenter size-full is-resized\"><img loading=\"lazy\" decoding=\"async\" class=\"wp-image-77743\" src=\"https:\/\/exceladvisor.org\/wp-content\/uploads\/2023\/08\/14-diminuer-le-niveau-de-zoom.png\" sizes=\"auto, \" srcset=\"\" alt=\"disminuir-nivel-de-zoom\" width=\"377\" height=\"236\"><\/figure>\n<\/div>\n<p> Cambia el nivel de zoom al 100% y tendr\u00e1s una vista de hoja de c\u00e1lculo como esta. <\/p>\n<div class=\"wp-block-image\">\n<figure class=\"aligncenter size-full is-resized\"><img loading=\"lazy\" decoding=\"async\" class=\"wp-image-77744\" src=\"https:\/\/exceladvisor.org\/wp-content\/uploads\/2023\/08\/15-changer-le-niveau-de-zoom-a-100.png\" sizes=\"auto, \" srcset=\"\" alt=\"cambiar el nivel de zoom al 100%\" width=\"680\" height=\"423\"><\/figure>\n<\/div>\n<div class=\"gb-container gb-container-4db6181c gb-container-mt\"> <a class=\"gb-button gb-button-c5897111 gb-button-text gb-button-mt-button\" href=\"https:\/\/exceladvisor.org\/es\/avance-de-excel\/\">Tutoriales avanzados de Excel<\/a><\/p>\n<h2 class=\"gb-headline gb-headline-665e5f6b gb-headline-text gb-headline-mt-heading\"> Tutoriales relacionados <\/h2>\n<div class=\"gb-grid-wrapper gb-grid-wrapper-a20baf7c gb-grid-wrapper-mt-grid\">\n<div class=\"gb-grid-column gb-grid-column-65ddf67e\">\n<div class=\"gb-container gb-container-65ddf67e\">\n<ul>\n<li> <a href=\"https:\/\/exceladvisor.org\/es\/fusionar-celdas-sin-perder-datos\/\">Fusionar celdas sin perder datos en Excel<\/a><\/li>\n<li> <a href=\"https:\/\/exceladvisor.org\/es\/pegar-multiplicar-especial\/\">Multiplicar en Excel usando Pegado especial<\/a><\/li>\n<li> <a href=\"https:\/\/exceladvisor.org\/es\/agregar-un-codigo-de-barras\/\" data-wpil=\"url\">Agregar un c\u00f3digo de barras en Excel<\/a><\/li>\n<li> <a href=\"https:\/\/exceladvisor.org\/es\/fuente-predeterminada\/\">Cambiar la fuente predeterminada en Excel<\/a><\/li>\n<li> <a href=\"https:\/\/exceladvisor.org\/es\/filtrar-por-color\/\">Filtrar por color en Excel<\/a><\/li>\n<\/ul>\n<\/div>\n<\/div>\n<\/div>\n<\/div>\n","protected":false},"excerpt":{"rendered":"<p>Cuando comparte un informe o datos con alguien, puede atenuar las celdas no utilizadas. Esto ayuda al usuario a centrarse \u00fanicamente en la parte de la hoja de c\u00e1lculo donde tenemos datos. En este tutorial veremos diferentes formas de agregar un color gris a celdas que no est\u00e1n en uso. Utilice formato condicional para atenuar [&hellip;]<\/p>\n","protected":false},"author":1,"featured_media":0,"parent":0,"menu_order":0,"comment_status":"open","ping_status":"closed","template":"","meta":{"ub_ctt_via":"","footnotes":""},"class_list":["post-446","page","type-page","status-publish","hentry"],"featured_image_src":null,"yoast_head":"<!-- This site is optimized with the Yoast SEO plugin v25.4 - https:\/\/yoast.com\/wordpress\/plugins\/seo\/ -->\n<title>\u00bfc\u00f3mo atenuar las celdas en excel?<\/title>\n<meta name=\"robots\" content=\"index, follow, max-snippet:-1, max-image-preview:large, max-video-preview:-1\" \/>\n<link rel=\"canonical\" href=\"https:\/\/exceladvisor.org\/es\/celdas-grises\/\" \/>\n<meta property=\"og:locale\" content=\"es_ES\" \/>\n<meta property=\"og:type\" content=\"article\" \/>\n<meta property=\"og:title\" content=\"\u00bfc\u00f3mo atenuar las celdas en excel?\" \/>\n<meta property=\"og:description\" content=\"Cuando comparte un informe o datos con alguien, puede atenuar las celdas no utilizadas. Esto ayuda al usuario a centrarse \u00fanicamente en la parte de la hoja de c\u00e1lculo donde tenemos datos. En este tutorial veremos diferentes formas de agregar un color gris a celdas que no est\u00e1n en uso. Utilice formato condicional para atenuar [&hellip;]\" \/>\n<meta property=\"og:url\" content=\"https:\/\/exceladvisor.org\/es\/celdas-grises\/\" \/>\n<meta property=\"og:site_name\" content=\"Excel Advisor\" \/>\n<meta property=\"article:modified_time\" content=\"2023-12-25T10:23:35+00:00\" \/>\n<meta property=\"og:image\" content=\"https:\/\/exceladvisor.org\/wp-content\/uploads\/2023\/08\/1-cellules-grisees.png\" \/>\n<meta name=\"twitter:card\" content=\"summary_large_image\" \/>\n<meta name=\"twitter:label1\" content=\"Tiempo de lectura\" \/>\n\t<meta name=\"twitter:data1\" content=\"2 minutos\" \/>\n<script type=\"application\/ld+json\" class=\"yoast-schema-graph\">{\"@context\":\"https:\/\/schema.org\",\"@graph\":[{\"@type\":\"WebPage\",\"@id\":\"https:\/\/exceladvisor.org\/es\/celdas-grises\/\",\"url\":\"https:\/\/exceladvisor.org\/es\/celdas-grises\/\",\"name\":\"\u00bfc\u00f3mo atenuar las celdas en excel?\",\"isPartOf\":{\"@id\":\"https:\/\/exceladvisor.org\/es\/#website\"},\"primaryImageOfPage\":{\"@id\":\"https:\/\/exceladvisor.org\/es\/celdas-grises\/#primaryimage\"},\"image\":{\"@id\":\"https:\/\/exceladvisor.org\/es\/celdas-grises\/#primaryimage\"},\"thumbnailUrl\":\"https:\/\/exceladvisor.org\/wp-content\/uploads\/2023\/08\/1-cellules-grisees.png\",\"datePublished\":\"2023-10-28T02:23:25+00:00\",\"dateModified\":\"2023-12-25T10:23:35+00:00\",\"breadcrumb\":{\"@id\":\"https:\/\/exceladvisor.org\/es\/celdas-grises\/#breadcrumb\"},\"inLanguage\":\"es\",\"potentialAction\":[{\"@type\":\"ReadAction\",\"target\":[\"https:\/\/exceladvisor.org\/es\/celdas-grises\/\"]}]},{\"@type\":\"ImageObject\",\"inLanguage\":\"es\",\"@id\":\"https:\/\/exceladvisor.org\/es\/celdas-grises\/#primaryimage\",\"url\":\"https:\/\/exceladvisor.org\/wp-content\/uploads\/2023\/08\/1-cellules-grisees.png\",\"contentUrl\":\"https:\/\/exceladvisor.org\/wp-content\/uploads\/2023\/08\/1-cellules-grisees.png\"},{\"@type\":\"BreadcrumbList\",\"@id\":\"https:\/\/exceladvisor.org\/es\/celdas-grises\/#breadcrumb\",\"itemListElement\":[{\"@type\":\"ListItem\",\"position\":1,\"name\":\"Hogar\",\"item\":\"https:\/\/exceladvisor.org\/es\/\"},{\"@type\":\"ListItem\",\"position\":2,\"name\":\"\u00bfc\u00f3mo atenuar las celdas en excel?\"}]},{\"@type\":\"WebSite\",\"@id\":\"https:\/\/exceladvisor.org\/es\/#website\",\"url\":\"https:\/\/exceladvisor.org\/es\/\",\"name\":\"Excel Advisor\",\"description\":\"Su gu\u00eda para la dominaci\u00f3n de datos!\",\"publisher\":{\"@id\":\"https:\/\/exceladvisor.org\/es\/#organization\"},\"potentialAction\":[{\"@type\":\"SearchAction\",\"target\":{\"@type\":\"EntryPoint\",\"urlTemplate\":\"https:\/\/exceladvisor.org\/es\/?s={search_term_string}\"},\"query-input\":{\"@type\":\"PropertyValueSpecification\",\"valueRequired\":true,\"valueName\":\"search_term_string\"}}],\"inLanguage\":\"es\"},{\"@type\":\"Organization\",\"@id\":\"https:\/\/exceladvisor.org\/es\/#organization\",\"name\":\"Excel Advisor\",\"url\":\"https:\/\/exceladvisor.org\/es\/\",\"logo\":{\"@type\":\"ImageObject\",\"inLanguage\":\"es\",\"@id\":\"https:\/\/exceladvisor.org\/es\/#\/schema\/logo\/image\/\",\"url\":\"https:\/\/exceladvisor.org\/es\/wp-content\/uploads\/2023\/12\/exceladvisor.org_.png\",\"contentUrl\":\"https:\/\/exceladvisor.org\/es\/wp-content\/uploads\/2023\/12\/exceladvisor.org_.png\",\"width\":105,\"height\":36,\"caption\":\"Excel Advisor\"},\"image\":{\"@id\":\"https:\/\/exceladvisor.org\/es\/#\/schema\/logo\/image\/\"}}]}<\/script>\n<!-- \/ Yoast SEO plugin. -->","yoast_head_json":{"title":"\u00bfc\u00f3mo atenuar las celdas en excel?","robots":{"index":"index","follow":"follow","max-snippet":"max-snippet:-1","max-image-preview":"max-image-preview:large","max-video-preview":"max-video-preview:-1"},"canonical":"https:\/\/exceladvisor.org\/es\/celdas-grises\/","og_locale":"es_ES","og_type":"article","og_title":"\u00bfc\u00f3mo atenuar las celdas en excel?","og_description":"Cuando comparte un informe o datos con alguien, puede atenuar las celdas no utilizadas. Esto ayuda al usuario a centrarse \u00fanicamente en la parte de la hoja de c\u00e1lculo donde tenemos datos. En este tutorial veremos diferentes formas de agregar un color gris a celdas que no est\u00e1n en uso. Utilice formato condicional para atenuar [&hellip;]","og_url":"https:\/\/exceladvisor.org\/es\/celdas-grises\/","og_site_name":"Excel Advisor","article_modified_time":"2023-12-25T10:23:35+00:00","og_image":[{"url":"https:\/\/exceladvisor.org\/wp-content\/uploads\/2023\/08\/1-cellules-grisees.png","type":"","width":"","height":""}],"twitter_card":"summary_large_image","twitter_misc":{"Tiempo de lectura":"2 minutos"},"schema":{"@context":"https:\/\/schema.org","@graph":[{"@type":"WebPage","@id":"https:\/\/exceladvisor.org\/es\/celdas-grises\/","url":"https:\/\/exceladvisor.org\/es\/celdas-grises\/","name":"\u00bfc\u00f3mo atenuar las celdas en excel?","isPartOf":{"@id":"https:\/\/exceladvisor.org\/es\/#website"},"primaryImageOfPage":{"@id":"https:\/\/exceladvisor.org\/es\/celdas-grises\/#primaryimage"},"image":{"@id":"https:\/\/exceladvisor.org\/es\/celdas-grises\/#primaryimage"},"thumbnailUrl":"https:\/\/exceladvisor.org\/wp-content\/uploads\/2023\/08\/1-cellules-grisees.png","datePublished":"2023-10-28T02:23:25+00:00","dateModified":"2023-12-25T10:23:35+00:00","breadcrumb":{"@id":"https:\/\/exceladvisor.org\/es\/celdas-grises\/#breadcrumb"},"inLanguage":"es","potentialAction":[{"@type":"ReadAction","target":["https:\/\/exceladvisor.org\/es\/celdas-grises\/"]}]},{"@type":"ImageObject","inLanguage":"es","@id":"https:\/\/exceladvisor.org\/es\/celdas-grises\/#primaryimage","url":"https:\/\/exceladvisor.org\/wp-content\/uploads\/2023\/08\/1-cellules-grisees.png","contentUrl":"https:\/\/exceladvisor.org\/wp-content\/uploads\/2023\/08\/1-cellules-grisees.png"},{"@type":"BreadcrumbList","@id":"https:\/\/exceladvisor.org\/es\/celdas-grises\/#breadcrumb","itemListElement":[{"@type":"ListItem","position":1,"name":"Hogar","item":"https:\/\/exceladvisor.org\/es\/"},{"@type":"ListItem","position":2,"name":"\u00bfc\u00f3mo atenuar las celdas en excel?"}]},{"@type":"WebSite","@id":"https:\/\/exceladvisor.org\/es\/#website","url":"https:\/\/exceladvisor.org\/es\/","name":"Excel Advisor","description":"Su gu\u00eda para la dominaci\u00f3n de datos!","publisher":{"@id":"https:\/\/exceladvisor.org\/es\/#organization"},"potentialAction":[{"@type":"SearchAction","target":{"@type":"EntryPoint","urlTemplate":"https:\/\/exceladvisor.org\/es\/?s={search_term_string}"},"query-input":{"@type":"PropertyValueSpecification","valueRequired":true,"valueName":"search_term_string"}}],"inLanguage":"es"},{"@type":"Organization","@id":"https:\/\/exceladvisor.org\/es\/#organization","name":"Excel Advisor","url":"https:\/\/exceladvisor.org\/es\/","logo":{"@type":"ImageObject","inLanguage":"es","@id":"https:\/\/exceladvisor.org\/es\/#\/schema\/logo\/image\/","url":"https:\/\/exceladvisor.org\/es\/wp-content\/uploads\/2023\/12\/exceladvisor.org_.png","contentUrl":"https:\/\/exceladvisor.org\/es\/wp-content\/uploads\/2023\/12\/exceladvisor.org_.png","width":105,"height":36,"caption":"Excel Advisor"},"image":{"@id":"https:\/\/exceladvisor.org\/es\/#\/schema\/logo\/image\/"}}]}},"yoast_meta":{"yoast_wpseo_title":"","yoast_wpseo_metadesc":"","yoast_wpseo_canonical":""},"_links":{"self":[{"href":"https:\/\/exceladvisor.org\/es\/wp-json\/wp\/v2\/pages\/446","targetHints":{"allow":["GET"]}}],"collection":[{"href":"https:\/\/exceladvisor.org\/es\/wp-json\/wp\/v2\/pages"}],"about":[{"href":"https:\/\/exceladvisor.org\/es\/wp-json\/wp\/v2\/types\/page"}],"author":[{"embeddable":true,"href":"https:\/\/exceladvisor.org\/es\/wp-json\/wp\/v2\/users\/1"}],"replies":[{"embeddable":true,"href":"https:\/\/exceladvisor.org\/es\/wp-json\/wp\/v2\/comments?post=446"}],"version-history":[{"count":1,"href":"https:\/\/exceladvisor.org\/es\/wp-json\/wp\/v2\/pages\/446\/revisions"}],"predecessor-version":[{"id":856,"href":"https:\/\/exceladvisor.org\/es\/wp-json\/wp\/v2\/pages\/446\/revisions\/856"}],"wp:attachment":[{"href":"https:\/\/exceladvisor.org\/es\/wp-json\/wp\/v2\/media?parent=446"}],"curies":[{"name":"wp","href":"https:\/\/api.w.org\/{rel}","templated":true}]}}