{"id":447,"date":"2023-10-28T02:08:06","date_gmt":"2023-10-28T02:08:06","guid":{"rendered":"https:\/\/exceladvisor.org\/es\/hacer-las-celulas-mas-grandes\/"},"modified":"2023-12-25T10:22:47","modified_gmt":"2023-12-25T10:22:47","slug":"hacer-las-celulas-mas-grandes","status":"publish","type":"page","link":"https:\/\/exceladvisor.org\/es\/hacer-las-celulas-mas-grandes\/","title":{"rendered":"\u00bfc\u00f3mo agrandar las celdas en excel?"},"content":{"rendered":"<div class=\"excel-antes-del-contenido\" id=\"excel-2853713833\"><script type=\"text\/javascript\">\r\n\tatOptions = {\r\n\t\t'key' : 'c1158f160081d6540a8409e6925dab94',\r\n\t\t'format' : 'iframe',\r\n\t\t'height' : 250,\r\n\t\t'width' : 300,\r\n\t\t'params' : {}\r\n\t};\r\n<\/script>\r\n<script type=\"text\/javascript\" src=\"\/\/www.highperformanceformat.com\/c1158f160081d6540a8409e6925dab94\/invoke.js\"><\/script><\/div><p>Cuando abre el libro, siempre encontrar\u00e1 las celdas con la altura y el ancho predeterminados y podr\u00e1 ajustar el tama\u00f1o de las celdas si es necesario.<\/p>\n<p> Las celdas son parte de filas y columnas. Por lo tanto, si agranda una celda de una fila y columna, tambi\u00e9n se escalar\u00e1n otras celdas de la misma fila y columna.<\/p>\n<p> En este tutorial, hemos explicado algunas formas muy comunes de agrandar celdas.<\/p>\n<h2 class=\"wp-block-heading\"> 1. Agrandar las celdas ajustando la altura de la fila y el ancho de la columna.<\/h2>\n<p> Puede ampliar las celdas aumentando la altura de la fila y el ancho de la columna y para ello debe seguir los pasos a continuaci\u00f3n:<\/p>\n<ol>\n<li> Primero, seleccione las celdas que desea ampliar.<\/li>\n<li> Una vez seleccionado, vaya a la pesta\u00f1a \u00abInicio\u00bb, haga clic en el icono \u00abFormato\u00bb debajo del grupo de celdas, luego haga clic en \u00abAlto de fila\u00bb en el men\u00fa desplegable. <br \/><img loading=\"lazy\" decoding=\"async\" title=\"1-icono-de-formato-de-pesta\u00f1a-de-inicio\" src=\"https:\/\/exceladvisor.org\/wp-content\/uploads\/2023\/08\/1-icone-de-format-donglet-daccueil.png\" sizes=\"auto, \" srcset=\"\" alt=\"home-tab-format-icon\" width=\"486\" height=\"366\"><\/li>\n<li> Despu\u00e9s de eso, ingrese la altura de la fila seg\u00fan su elecci\u00f3n y haga clic en Aceptar. <br \/><img loading=\"lazy\" decoding=\"async\" title=\"2-ingrese el valor de la altura de la fila\" src=\"https:\/\/exceladvisor.org\/wp-content\/uploads\/2023\/08\/2-entrez-la-valeur-de-hauteur-de-ligne.png\" sizes=\"auto, \" srcset=\"\" alt=\"enter-row-height-value\" width=\"396\" height=\"247\"><\/li>\n<li> En este momento, se ha aumentado la altura de las celdas seleccionadas. <br \/><img loading=\"lazy\" decoding=\"async\" title=\"3 celdas de altura aumentada\" src=\"https:\/\/exceladvisor.org\/wp-content\/uploads\/2023\/08\/Hauteur-de-3-cellules-augmentee.png\" sizes=\"auto, \" srcset=\"\" alt=\"cells-height-increased\" width=\"241\" height=\"372\"><\/li>\n<li> Nuevamente, seleccione las celdas y vaya al \u00edcono \u00abFormato\u00bb, y esta vez haga clic en \u00abAncho de columna\u00bb en el men\u00fa desplegable. <br \/><img loading=\"lazy\" decoding=\"async\" title=\"4-elegir-ancho-de-columna\" src=\"https:\/\/exceladvisor.org\/wp-content\/uploads\/2023\/08\/4-choisir-la-largeur-de-colonne.png\" sizes=\"auto, \" srcset=\"\" alt=\"choose-column-width\" width=\"492\" height=\"443\"><\/li>\n<li> Ahora ingrese el ancho de la columna seg\u00fan su elecci\u00f3n y haga clic en Aceptar. <br \/><img loading=\"lazy\" decoding=\"async\" title=\"5-ingrese el valor del ancho de la columna\" src=\"https:\/\/exceladvisor.org\/wp-content\/uploads\/2023\/08\/5-entrez-la-valeur-de-largeur-de-colonne.png\" sizes=\"auto, \" srcset=\"\" alt=\"enter-column-width-value\" width=\"356\" height=\"342\"><\/li>\n<li> En este momento, el ancho de las celdas seleccionadas aument\u00f3, lo que aument\u00f3 el tama\u00f1o de las celdas seleccionadas. <br \/><img loading=\"lazy\" decoding=\"async\" title=\"6 celdas de ancho aumentado\" src=\"https:\/\/exceladvisor.org\/wp-content\/uploads\/2023\/08\/6-largeurs-de-cellules-ont-ete-augmentees.png\" sizes=\"auto, \" srcset=\"\" alt=\"width-of-cells-got-increased\" width=\"356\" height=\"348\"><\/li>\n<\/ol>\n<p> En el ejemplo anterior, seleccionamos las celdas que est\u00e1n debajo de dos columnas (A y B) y en filas (1 a 13) e ingresamos la altura de la fila y el ancho de la columna como 25, lo que ampli\u00f3 las celdas.<\/p>\n<p> Puede aumentar la altura de la fila hasta 409 y el ancho de la columna hasta 255.<\/p>\n<h2 class=\"wp-block-heading\"> 2. Agrandar las celdas usando AutoFit altura de fila y ancho de columna<\/h2>\n<p> Esta opci\u00f3n de ajuste autom\u00e1tico se utiliza para ajustar el tama\u00f1o de la celda seg\u00fan los valores de la celda. Cuando utiliza la funci\u00f3n de ajuste autom\u00e1tico, las celdas se ampl\u00edan o reducen seg\u00fan el valor de la celda.<\/p>\n<ol>\n<li> Primero, seleccione las celdas o la columna completa en la que los valores de las celdas son largos y\/o se superponen y\/o est\u00e1n parcialmente ocultos.<\/li>\n<li> Una vez seleccionado, vaya a la pesta\u00f1a \u00abInicio\u00bb, haga clic en el icono \u00abFormato\u00bb debajo del grupo de celdas, luego haga clic en \u00abAutoajustar altura de fila\u00bb en el men\u00fa desplegable. <br \/><img loading=\"lazy\" decoding=\"async\" title=\"7-elegir-autoajuste-altura-de-fila\" src=\"https:\/\/exceladvisor.org\/wp-content\/uploads\/2023\/08\/7-choisir-la-hauteur-de-ligne-dajustement-automatique.png\" sizes=\"auto, \" srcset=\"\" alt=\"choose-autofit-row-height\" width=\"528\" height=\"400\"><\/li>\n<li> Una vez que haga clic en \u00abAutoajustar altura de fila\u00bb, solo aumentar\u00e1 la altura de las celdas donde los datos est\u00e1n disponibles en las filas y est\u00e1n ocultos. <br \/><img loading=\"lazy\" decoding=\"async\" title=\"8 filas de mayor altura\" src=\"https:\/\/exceladvisor.org\/wp-content\/uploads\/2023\/08\/Hauteur-de-8-rangees-augmentee.png\" sizes=\"auto, \" srcset=\"\" alt=\"row-height-increased\" width=\"258\" height=\"316\"><\/li>\n<li> Ahora seleccione las celdas o la columna nuevamente y vaya al \u00edcono \u00abFormato\u00bb debajo del grupo de celdas y esta vez haga clic en \u00abAutoajustar ancho de columna\u00bb en el men\u00fa desplegable. <br \/><img loading=\"lazy\" decoding=\"async\" title=\"9-elegir-autoajuste-ancho-de-columna\" src=\"https:\/\/exceladvisor.org\/wp-content\/uploads\/2023\/08\/9-choisir-la-largeur-de-colonne-dajustement-automatique.png\" sizes=\"auto, \" srcset=\"\" alt=\"choose-autofit-column-width\" width=\"526\" height=\"398\"><\/li>\n<li> En este punto, todas las celdas de la columna crecer\u00e1n hasta el tama\u00f1o del valor m\u00e1s largo que tendr\u00eda en cualquiera de las celdas de las celdas seleccionadas en la columna. <br \/><img loading=\"lazy\" decoding=\"async\" title=\"Aumento de ancho de 10 celdas\" src=\"https:\/\/exceladvisor.org\/wp-content\/uploads\/2023\/08\/10-augmentation-de-la-largeur-des-cellules.png\" sizes=\"auto, \" srcset=\"\" alt=\"increased-cells-width\" width=\"313\" height=\"287\"><\/li>\n<\/ol>\n<p> En el ejemplo anterior, cuando usamos AutoAjustar altura de fila, solo ampli\u00f3 una celda porque solo esa celda ten\u00eda el valor oculto y el valor almacenado en las filas y cuando usamos AutoAjustar ancho de columna, esto ampli\u00f3 todas las celdas al aumentar el ancho de la celda y el ancho se increment\u00f3 al valor m\u00e1s largo.<\/p>\n<h2 class=\"wp-block-heading\"> 3.Agrande las celdas usando texto envolvente<\/h2>\n<p> El texto de l\u00ednea ampl\u00eda las celdas ajustando los valores en las celdas aumentando solo la altura de la celda.<\/p>\n<ol>\n<li> Primero, seleccione las celdas o la columna completa en la que desea ampliar las celdas utilizando la funci\u00f3n de ajuste de texto.<\/li>\n<li> Despu\u00e9s de eso, vaya a la pesta\u00f1a \u00abInicio\u00bb, luego haga clic en el \u00edcono \u00abAjustar texto\u00bb debajo del \u00edcono \u00abAlineaci\u00f3n\u00bb. <br \/><img loading=\"lazy\" decoding=\"async\" title=\"\u00cdcono de 11 textos envolventes\" src=\"https:\/\/exceladvisor.org\/wp-content\/uploads\/2023\/08\/11-icone-de-texte-dhabillage.png\" sizes=\"auto, \" srcset=\"\" alt=\"wraptext-icon\" width=\"540\" height=\"352\"><\/li>\n<li> Una vez que haga clic en \u00abAjustar texto\u00bb, la altura de las celdas aumentar\u00e1 y el valor en las celdas se ajustar\u00e1 y las celdas se har\u00e1n m\u00e1s grandes, excepto las celdas que tendr\u00e1n valores en filas como tenemos en la celda B2. . <br \/><img loading=\"lazy\" decoding=\"async\" title=\"12-texto-aplicado\" src=\"https:\/\/exceladvisor.org\/wp-content\/uploads\/2023\/08\/12-wraptext-applique.png\" sizes=\"auto, \" srcset=\"\" alt=\"wraptext-applied\" width=\"255\" height=\"435\"><\/li>\n<\/ol>\n<h2 class=\"wp-block-heading\"> 4.Agrande las celdas con el mouse<\/h2>\n<p> Tambi\u00e9n puede ampliar las celdas aumentando el ancho de la columna y el alto de la fila usando un mouse colocando el cursor sobre los bordes del encabezado de la columna y los bordes del n\u00famero de fila y puede expandir el ancho y la l\u00ednea usando el mouse. <\/p>\n<div class=\"wp-block-image\">\n<figure class=\"aligncenter size-full is-resized\"><img loading=\"lazy\" decoding=\"async\" class=\"wp-image-77414\" src=\"https:\/\/exceladvisor.org\/wp-content\/uploads\/2023\/08\/13-developper-la-largeur-de-colonne-et-la-hauteur-de-ligne.png\" sizes=\"auto, \" srcset=\"\" alt=\"expandir-ancho-de-columna-y-alto-de-fila\" width=\"278\" height=\"269\"><\/figure>\n<\/div>\n<h2 class=\"wp-block-heading\"> 5.Agrande todas las celdas a la vez en Excel<\/h2>\n<p> Puede ampliar todas las celdas de una hoja de trabajo incluso si no tiene valores en esas celdas.<\/p>\n<ol>\n<li> Primero, haga clic en la esquina superior derecha de la hoja de trabajo para seleccionar todas las celdas a la vez. <br \/><img loading=\"lazy\" decoding=\"async\" title=\"14 seleccionar todas las celdas\" src=\"https:\/\/exceladvisor.org\/wp-content\/uploads\/2023\/08\/14-selectionner-toutes-les-cellules.png\" sizes=\"auto, \" srcset=\"\" alt=\"select-all-cells\" width=\"433\" height=\"274\"><\/li>\n<li> Despu\u00e9s de eso, haga clic en el separador entre las columnas A y B y mantenga presionado el clic. Y manteniendo presionado el mouse, aumente el ancho de la columna (esto aumentar\u00e1 el ancho de las columnas de la hoja de trabajo). <br \/><img loading=\"lazy\" decoding=\"async\" title=\"Separador de 15 clics entre columnas.\" src=\"https:\/\/exceladvisor.org\/wp-content\/uploads\/2023\/08\/15-clics-entre-les-separateurs-de-colonnes.png\" sizes=\"auto, \" srcset=\"\" alt=\"click-between-columns-divider\" width=\"340\" height=\"274\"><\/li>\n<li> A continuaci\u00f3n, haga clic en el separador entre las l\u00edneas 1 y 2 y mantenga presionado. Y manteniendo presionado el mouse, aumente la altura de la fila (esto aumentar\u00e1 la altura de todas las filas de la hoja de trabajo). <br \/><img loading=\"lazy\" decoding=\"async\" title=\"Separador de 16 clics entre filas.\" src=\"https:\/\/exceladvisor.org\/wp-content\/uploads\/2023\/08\/Separateur-16-clics-entre-les-lignes.png\" sizes=\"auto, \" srcset=\"\" alt=\"click-between-rows-divider\" width=\"441\" height=\"299\"><\/li>\n<li> Al final, haga clic en cualquier lugar de la hoja de trabajo y <a href=\"https:\/\/exceladvisor.org\/es\/deseleccionar-celdas\/\">anule la selecci\u00f3n de las celdas<\/a> . <br \/><img loading=\"lazy\" decoding=\"async\" title=\"17-deseleccionar-celdas\" src=\"https:\/\/exceladvisor.org\/wp-content\/uploads\/2023\/08\/17-deselectionner-les-cellules.png\" sizes=\"auto, \" srcset=\"\" alt=\"deselect-the-cells\" width=\"491\" height=\"326\"><\/li>\n<\/ol>\n<h2 class=\"wp-block-heading\"> 6. Agrandar celdas con <a href=\"https:\/\/exceladvisor.org\/es\/atajos-de-teclado\/\">atajos de teclado<\/a> <a href=\"https:\/\/exceladvisor.org\/es\/ajuste-automatico\/\">AutoFit<\/a><\/h2>\n<ul>\n<li> Para ajustar autom\u00e1ticamente el ancho de las celdas (columnas): Alt \u21e2 H \u21e2 O \u21e2 I.<\/li>\n<li> Para ajustar autom\u00e1ticamente la altura de la l\u00ednea (filas): Alt \u21e2 H \u21e2 O \u21e2 A.<\/li>\n<li> Para ingresar la altura de la fila manualmente: Alt \u21e2 H \u21e2 O \u21e2 H.<\/li>\n<li> Para ingresar el ancho de la columna manualmente: Alt \u21e2 H \u21e2 O \u21e2 W.<\/li>\n<\/ul>\n<p> Puede utilizar estos atajos de teclado con una celda y con todas las celdas de una hoja de trabajo.<\/p>\n<h2 class=\"wp-block-heading\"> 7. Aumente el tama\u00f1o de fuente para agrandar las celdas.<\/h2>\n<p> Si desea aumentar instant\u00e1neamente el tama\u00f1o de la celda, simplemente puede aumentar el tama\u00f1o de fuente de todas las celdas. En Excel, la <a href=\"https:\/\/exceladvisor.org\/es\/fuente-predeterminada\/\">fuente predeterminada<\/a> es Calibri con tama\u00f1o 11. Y cuando aumenta el tama\u00f1o de fuente, se agrandan todas las celdas seg\u00fan el tama\u00f1o de fuente.<\/p>\n<ul>\n<li> Seleccione Todas las celdas.<\/li>\n<li> Aumente el tama\u00f1o de la fuente. <\/li>\n<\/ul>\n<div class=\"wp-block-image\">\n<figure class=\"aligncenter size-full is-resized\"><img loading=\"lazy\" decoding=\"async\" class=\"wp-image-77447\" src=\"https:\/\/exceladvisor.org\/wp-content\/uploads\/2023\/08\/18-augmenter-la-taille-de-la-police.png\" sizes=\"auto, \" srcset=\"\" alt=\"aumenta el tama\u00f1o de la fuente\" width=\"549\" height=\"387\"><\/figure>\n<\/div>\n<h2 class=\"wp-block-heading\"> 8. Aumente el zoom para agrandar las celdas.<\/h2>\n<p> Si solo desea que las celdas sean m\u00e1s grandes para una mejor vista, puede aumentar el <a href=\"https:\/\/exceladvisor.org\/es\/ampliar-reducir\/\">nivel de zoom de la hoja de trabajo<\/a> . Simplemente use el desplazamiento de zoom en la parte inferior derecha de la ventana de Excel. <\/p>\n<div class=\"wp-block-image\">\n<figure class=\"aligncenter size-full is-resized\"><img loading=\"lazy\" decoding=\"async\" class=\"wp-image-77448\" src=\"https:\/\/exceladvisor.org\/wp-content\/uploads\/2023\/08\/19-changer-le-niveau-de-zoom.png\" sizes=\"auto, \" srcset=\"\" alt=\"cambiar el nivel de zoom\" width=\"552\" height=\"292\"><\/figure>\n<\/div>\n<p> Esto solo ampliar\u00e1 las celdas de la hoja de trabajo actual.<\/p>\n<div class=\"gb-container gb-container-4db6181c gb-container-mt\"> <a class=\"gb-button gb-button-c5897111 gb-button-text gb-button-mt-button\" href=\"https:\/\/exceladvisor.org\/es\/avance-de-excel\/\">Tutoriales avanzados de Excel<\/a><\/p>\n<h2 class=\"gb-headline gb-headline-665e5f6b gb-headline-text gb-headline-mt-heading\"> Tutoriales relacionados <\/h2>\n<div class=\"gb-grid-wrapper gb-grid-wrapper-a20baf7c gb-grid-wrapper-mt-grid\">\n<div class=\"gb-grid-column gb-grid-column-50067b57\">\n<div class=\"gb-container gb-container-50067b57\">\n<ul>\n<li> <a href=\"https:\/\/exceladvisor.org\/es\/cambiar-el-nombre-de-la-tabla\/\">Cambiar el nombre de una tabla en Excel<\/a><\/li>\n<li> <a href=\"https:\/\/exceladvisor.org\/es\/numeros-de-columna\/\">N\u00fameros de columna en Excel<\/a><\/li>\n<li> <a href=\"https:\/\/exceladvisor.org\/es\/celdas-grises\/\">Celdas grises en Excel<\/a><\/li>\n<li> <a href=\"https:\/\/exceladvisor.org\/es\/eliminar-guiones\/\">Eliminar guiones en Excel<\/a><\/li>\n<li> <a href=\"https:\/\/exceladvisor.org\/es\/encontrar-celdas-fusionadas\/\">Encuentra celdas combinadas en Excel<\/a><\/li>\n<\/ul>\n<\/div>\n<\/div>\n<\/div>\n<\/div>\n","protected":false},"excerpt":{"rendered":"<p>Cuando abre el libro, siempre encontrar\u00e1 las celdas con la altura y el ancho predeterminados y podr\u00e1 ajustar el tama\u00f1o de las celdas si es necesario. Las celdas son parte de filas y columnas. Por lo tanto, si agranda una celda de una fila y columna, tambi\u00e9n se escalar\u00e1n otras celdas de la misma fila [&hellip;]<\/p>\n","protected":false},"author":1,"featured_media":0,"parent":0,"menu_order":0,"comment_status":"open","ping_status":"closed","template":"","meta":{"ub_ctt_via":"","footnotes":""},"class_list":["post-447","page","type-page","status-publish","hentry"],"featured_image_src":null,"yoast_head":"<!-- This site is optimized with the Yoast SEO plugin v25.4 - https:\/\/yoast.com\/wordpress\/plugins\/seo\/ -->\n<title>\u00bfc\u00f3mo agrandar las celdas en excel?<\/title>\n<meta name=\"robots\" content=\"index, follow, max-snippet:-1, max-image-preview:large, max-video-preview:-1\" \/>\n<link rel=\"canonical\" href=\"https:\/\/exceladvisor.org\/es\/hacer-las-celulas-mas-grandes\/\" \/>\n<meta property=\"og:locale\" content=\"es_ES\" \/>\n<meta property=\"og:type\" content=\"article\" \/>\n<meta property=\"og:title\" content=\"\u00bfc\u00f3mo agrandar las celdas en excel?\" \/>\n<meta property=\"og:description\" content=\"Cuando abre el libro, siempre encontrar\u00e1 las celdas con la altura y el ancho predeterminados y podr\u00e1 ajustar el tama\u00f1o de las celdas si es necesario. Las celdas son parte de filas y columnas. Por lo tanto, si agranda una celda de una fila y columna, tambi\u00e9n se escalar\u00e1n otras celdas de la misma fila [&hellip;]\" \/>\n<meta property=\"og:url\" content=\"https:\/\/exceladvisor.org\/es\/hacer-las-celulas-mas-grandes\/\" \/>\n<meta property=\"og:site_name\" content=\"Excel Advisor\" \/>\n<meta property=\"article:modified_time\" content=\"2023-12-25T10:22:47+00:00\" \/>\n<meta property=\"og:image\" content=\"https:\/\/exceladvisor.org\/wp-content\/uploads\/2023\/08\/1-icone-de-format-donglet-daccueil.png\" \/>\n<meta name=\"twitter:card\" content=\"summary_large_image\" \/>\n<meta name=\"twitter:label1\" content=\"Tiempo de lectura\" \/>\n\t<meta name=\"twitter:data1\" content=\"6 minutos\" \/>\n<script type=\"application\/ld+json\" class=\"yoast-schema-graph\">{\"@context\":\"https:\/\/schema.org\",\"@graph\":[{\"@type\":\"WebPage\",\"@id\":\"https:\/\/exceladvisor.org\/es\/hacer-las-celulas-mas-grandes\/\",\"url\":\"https:\/\/exceladvisor.org\/es\/hacer-las-celulas-mas-grandes\/\",\"name\":\"\u00bfc\u00f3mo agrandar las celdas en excel?\",\"isPartOf\":{\"@id\":\"https:\/\/exceladvisor.org\/es\/#website\"},\"primaryImageOfPage\":{\"@id\":\"https:\/\/exceladvisor.org\/es\/hacer-las-celulas-mas-grandes\/#primaryimage\"},\"image\":{\"@id\":\"https:\/\/exceladvisor.org\/es\/hacer-las-celulas-mas-grandes\/#primaryimage\"},\"thumbnailUrl\":\"https:\/\/exceladvisor.org\/wp-content\/uploads\/2023\/08\/1-icone-de-format-donglet-daccueil.png\",\"datePublished\":\"2023-10-28T02:08:06+00:00\",\"dateModified\":\"2023-12-25T10:22:47+00:00\",\"breadcrumb\":{\"@id\":\"https:\/\/exceladvisor.org\/es\/hacer-las-celulas-mas-grandes\/#breadcrumb\"},\"inLanguage\":\"es\",\"potentialAction\":[{\"@type\":\"ReadAction\",\"target\":[\"https:\/\/exceladvisor.org\/es\/hacer-las-celulas-mas-grandes\/\"]}]},{\"@type\":\"ImageObject\",\"inLanguage\":\"es\",\"@id\":\"https:\/\/exceladvisor.org\/es\/hacer-las-celulas-mas-grandes\/#primaryimage\",\"url\":\"https:\/\/exceladvisor.org\/wp-content\/uploads\/2023\/08\/1-icone-de-format-donglet-daccueil.png\",\"contentUrl\":\"https:\/\/exceladvisor.org\/wp-content\/uploads\/2023\/08\/1-icone-de-format-donglet-daccueil.png\"},{\"@type\":\"BreadcrumbList\",\"@id\":\"https:\/\/exceladvisor.org\/es\/hacer-las-celulas-mas-grandes\/#breadcrumb\",\"itemListElement\":[{\"@type\":\"ListItem\",\"position\":1,\"name\":\"Hogar\",\"item\":\"https:\/\/exceladvisor.org\/es\/\"},{\"@type\":\"ListItem\",\"position\":2,\"name\":\"\u00bfc\u00f3mo agrandar las celdas en excel?\"}]},{\"@type\":\"WebSite\",\"@id\":\"https:\/\/exceladvisor.org\/es\/#website\",\"url\":\"https:\/\/exceladvisor.org\/es\/\",\"name\":\"Excel Advisor\",\"description\":\"Su gu\u00eda para la dominaci\u00f3n de datos!\",\"publisher\":{\"@id\":\"https:\/\/exceladvisor.org\/es\/#organization\"},\"potentialAction\":[{\"@type\":\"SearchAction\",\"target\":{\"@type\":\"EntryPoint\",\"urlTemplate\":\"https:\/\/exceladvisor.org\/es\/?s={search_term_string}\"},\"query-input\":{\"@type\":\"PropertyValueSpecification\",\"valueRequired\":true,\"valueName\":\"search_term_string\"}}],\"inLanguage\":\"es\"},{\"@type\":\"Organization\",\"@id\":\"https:\/\/exceladvisor.org\/es\/#organization\",\"name\":\"Excel Advisor\",\"url\":\"https:\/\/exceladvisor.org\/es\/\",\"logo\":{\"@type\":\"ImageObject\",\"inLanguage\":\"es\",\"@id\":\"https:\/\/exceladvisor.org\/es\/#\/schema\/logo\/image\/\",\"url\":\"https:\/\/exceladvisor.org\/es\/wp-content\/uploads\/2023\/12\/exceladvisor.org_.png\",\"contentUrl\":\"https:\/\/exceladvisor.org\/es\/wp-content\/uploads\/2023\/12\/exceladvisor.org_.png\",\"width\":105,\"height\":36,\"caption\":\"Excel Advisor\"},\"image\":{\"@id\":\"https:\/\/exceladvisor.org\/es\/#\/schema\/logo\/image\/\"}}]}<\/script>\n<!-- \/ Yoast SEO plugin. -->","yoast_head_json":{"title":"\u00bfc\u00f3mo agrandar las celdas en excel?","robots":{"index":"index","follow":"follow","max-snippet":"max-snippet:-1","max-image-preview":"max-image-preview:large","max-video-preview":"max-video-preview:-1"},"canonical":"https:\/\/exceladvisor.org\/es\/hacer-las-celulas-mas-grandes\/","og_locale":"es_ES","og_type":"article","og_title":"\u00bfc\u00f3mo agrandar las celdas en excel?","og_description":"Cuando abre el libro, siempre encontrar\u00e1 las celdas con la altura y el ancho predeterminados y podr\u00e1 ajustar el tama\u00f1o de las celdas si es necesario. Las celdas son parte de filas y columnas. Por lo tanto, si agranda una celda de una fila y columna, tambi\u00e9n se escalar\u00e1n otras celdas de la misma fila [&hellip;]","og_url":"https:\/\/exceladvisor.org\/es\/hacer-las-celulas-mas-grandes\/","og_site_name":"Excel Advisor","article_modified_time":"2023-12-25T10:22:47+00:00","og_image":[{"url":"https:\/\/exceladvisor.org\/wp-content\/uploads\/2023\/08\/1-icone-de-format-donglet-daccueil.png","type":"","width":"","height":""}],"twitter_card":"summary_large_image","twitter_misc":{"Tiempo de lectura":"6 minutos"},"schema":{"@context":"https:\/\/schema.org","@graph":[{"@type":"WebPage","@id":"https:\/\/exceladvisor.org\/es\/hacer-las-celulas-mas-grandes\/","url":"https:\/\/exceladvisor.org\/es\/hacer-las-celulas-mas-grandes\/","name":"\u00bfc\u00f3mo agrandar las celdas en excel?","isPartOf":{"@id":"https:\/\/exceladvisor.org\/es\/#website"},"primaryImageOfPage":{"@id":"https:\/\/exceladvisor.org\/es\/hacer-las-celulas-mas-grandes\/#primaryimage"},"image":{"@id":"https:\/\/exceladvisor.org\/es\/hacer-las-celulas-mas-grandes\/#primaryimage"},"thumbnailUrl":"https:\/\/exceladvisor.org\/wp-content\/uploads\/2023\/08\/1-icone-de-format-donglet-daccueil.png","datePublished":"2023-10-28T02:08:06+00:00","dateModified":"2023-12-25T10:22:47+00:00","breadcrumb":{"@id":"https:\/\/exceladvisor.org\/es\/hacer-las-celulas-mas-grandes\/#breadcrumb"},"inLanguage":"es","potentialAction":[{"@type":"ReadAction","target":["https:\/\/exceladvisor.org\/es\/hacer-las-celulas-mas-grandes\/"]}]},{"@type":"ImageObject","inLanguage":"es","@id":"https:\/\/exceladvisor.org\/es\/hacer-las-celulas-mas-grandes\/#primaryimage","url":"https:\/\/exceladvisor.org\/wp-content\/uploads\/2023\/08\/1-icone-de-format-donglet-daccueil.png","contentUrl":"https:\/\/exceladvisor.org\/wp-content\/uploads\/2023\/08\/1-icone-de-format-donglet-daccueil.png"},{"@type":"BreadcrumbList","@id":"https:\/\/exceladvisor.org\/es\/hacer-las-celulas-mas-grandes\/#breadcrumb","itemListElement":[{"@type":"ListItem","position":1,"name":"Hogar","item":"https:\/\/exceladvisor.org\/es\/"},{"@type":"ListItem","position":2,"name":"\u00bfc\u00f3mo agrandar las celdas en excel?"}]},{"@type":"WebSite","@id":"https:\/\/exceladvisor.org\/es\/#website","url":"https:\/\/exceladvisor.org\/es\/","name":"Excel Advisor","description":"Su gu\u00eda para la dominaci\u00f3n de datos!","publisher":{"@id":"https:\/\/exceladvisor.org\/es\/#organization"},"potentialAction":[{"@type":"SearchAction","target":{"@type":"EntryPoint","urlTemplate":"https:\/\/exceladvisor.org\/es\/?s={search_term_string}"},"query-input":{"@type":"PropertyValueSpecification","valueRequired":true,"valueName":"search_term_string"}}],"inLanguage":"es"},{"@type":"Organization","@id":"https:\/\/exceladvisor.org\/es\/#organization","name":"Excel Advisor","url":"https:\/\/exceladvisor.org\/es\/","logo":{"@type":"ImageObject","inLanguage":"es","@id":"https:\/\/exceladvisor.org\/es\/#\/schema\/logo\/image\/","url":"https:\/\/exceladvisor.org\/es\/wp-content\/uploads\/2023\/12\/exceladvisor.org_.png","contentUrl":"https:\/\/exceladvisor.org\/es\/wp-content\/uploads\/2023\/12\/exceladvisor.org_.png","width":105,"height":36,"caption":"Excel Advisor"},"image":{"@id":"https:\/\/exceladvisor.org\/es\/#\/schema\/logo\/image\/"}}]}},"yoast_meta":{"yoast_wpseo_title":"","yoast_wpseo_metadesc":"","yoast_wpseo_canonical":""},"_links":{"self":[{"href":"https:\/\/exceladvisor.org\/es\/wp-json\/wp\/v2\/pages\/447","targetHints":{"allow":["GET"]}}],"collection":[{"href":"https:\/\/exceladvisor.org\/es\/wp-json\/wp\/v2\/pages"}],"about":[{"href":"https:\/\/exceladvisor.org\/es\/wp-json\/wp\/v2\/types\/page"}],"author":[{"embeddable":true,"href":"https:\/\/exceladvisor.org\/es\/wp-json\/wp\/v2\/users\/1"}],"replies":[{"embeddable":true,"href":"https:\/\/exceladvisor.org\/es\/wp-json\/wp\/v2\/comments?post=447"}],"version-history":[{"count":1,"href":"https:\/\/exceladvisor.org\/es\/wp-json\/wp\/v2\/pages\/447\/revisions"}],"predecessor-version":[{"id":791,"href":"https:\/\/exceladvisor.org\/es\/wp-json\/wp\/v2\/pages\/447\/revisions\/791"}],"wp:attachment":[{"href":"https:\/\/exceladvisor.org\/es\/wp-json\/wp\/v2\/media?parent=447"}],"curies":[{"name":"wp","href":"https:\/\/api.w.org\/{rel}","templated":true}]}}