{"id":448,"date":"2023-10-28T01:54:46","date_gmt":"2023-10-28T01:54:46","guid":{"rendered":"https:\/\/exceladvisor.org\/es\/buscar-objetivo\/"},"modified":"2023-12-25T10:28:15","modified_gmt":"2023-12-25T10:28:15","slug":"buscar-objetivo","status":"publish","type":"page","link":"https:\/\/exceladvisor.org\/es\/buscar-objetivo\/","title":{"rendered":"\u00bfc\u00f3mo utilizar la b\u00fasqueda de objetivos en excel?"},"content":{"rendered":"<div class=\"excel-antes-del-contenido\" id=\"excel-2392646946\"><script type=\"text\/javascript\">\r\n\tatOptions = {\r\n\t\t'key' : 'c1158f160081d6540a8409e6925dab94',\r\n\t\t'format' : 'iframe',\r\n\t\t'height' : 250,\r\n\t\t'width' : 300,\r\n\t\t'params' : {}\r\n\t};\r\n<\/script>\r\n<script type=\"text\/javascript\" src=\"\/\/www.highperformanceformat.com\/c1158f160081d6540a8409e6925dab94\/invoke.js\"><\/script><\/div><p class=\"has-text-align-left\">En la escuela secundaria, sol\u00eda resolver ecuaciones matem\u00e1ticas en las que ten\u00eda el resultado de la ecuaci\u00f3n pero no el valor de entrada. Entonces, si est\u00e1s planeando resolver el mismo tipo de problemas en Excel, tienes una herramienta espec\u00edfica que puede ayudarte.<\/p>\n<p> <strong>Buscar objetivo<\/strong><\/p>\n<p> Su idea b\u00e1sica es encontrar el valor de entrada que la f\u00f3rmula necesita para obtener ese resultado. En pocas palabras, si sabe qu\u00e9 valor de resultado real desea, puede utilizar la B\u00fasqueda de objetivos para encontrar el mejor valor de entrada para obtenerlo.<\/p>\n<p> Por ejemplo: digamos que necesitas pedirle dinero prestado a tu amigo. Sabes cu\u00e1nto dinero necesitas, cu\u00e1nto tiempo quieres tardar en liquidar el pr\u00e9stamo y cu\u00e1nto puedes pagar cada mes.<\/p>\n<p> Puede utilizar la b\u00fasqueda de objetivos para calcular la tasa de inter\u00e9s que necesitar\u00e1 obtener con su amigo. Hay N n\u00fameros de problemas complejos que puedes resolver buscando objetivos.<\/p>\n<p> Entonces, hoy en este art\u00edculo aprender\u00e1 c\u00f3mo usar la B\u00fasqueda de objetivos en Excel, c\u00f3mo funciona y las cosas importantes que debe cuidar. Empecemos.<\/p>\n<h2 id=\"tab-con-1\" class=\"wp-block-heading\"> C\u00f3mo abrir la b\u00fasqueda de objetivos<\/h2>\n<p> Para abrir una lente, intente utilizar uno de estos dos m\u00e9todos.<\/p>\n<ul>\n<li> Vaya a la pesta\u00f1a Datos \u2192 An\u00e1lisis de hip\u00f3tesis \u2192 B\u00fasqueda de objetivos. <\/li>\n<\/ul>\n<div class=\"wp-block-image\">\n<figure class=\"aligncenter\"><img decoding=\"async\" src=\"https:\/\/exceladvisor.org\/wp-content\/uploads\/2023\/08\/recherche-dobjectif-ouvert-dans-excel-1.png\" sizes=\"\" srcset=\"\" alt=\"abrir busqueda objetiva en excel\"><\/figure>\n<\/div>\n<ul>\n<li> Utilice la tecla de m\u00e9todo abreviado Alt + T + G.<\/li>\n<\/ul>\n<p> Puede utilizar estos m\u00e9todos para habilitar la b\u00fasqueda de objetivos en las versiones de Microsoft Excel 2007 a 2016.<\/p>\n<h2 id=\"tab-con-2\" class=\"wp-block-heading\"> Componentes de la funci\u00f3n de b\u00fasqueda de objetivos<\/h2>\n<p> Cuando abras Goal Seek, aparecer\u00e1 una peque\u00f1a ventana emergente para ingresar datos. B\u00e1sicamente tiene tres componentes requeridos. <\/p>\n<div class=\"wp-block-image\">\n<figure class=\"aligncenter\"><img decoding=\"async\" src=\"https:\/\/exceladvisor.org\/wp-content\/uploads\/2023\/08\/objectif-chercher-dans-excel-une-petite-fenetre-pop-up-1.png\" sizes=\"\" srcset=\"\" alt=\"b\u00fasqueda objetiva en excel una peque\u00f1a ventana emergente\"><\/figure>\n<\/div>\n<ol>\n<li> Establecer Celda: Celda en la que desea lograr el resultado deseado. Aseg\u00farese de que la celda a la que se refiere aqu\u00ed contenga una f\u00f3rmula.<\/li>\n<li> A valorar: Valor que desea como resultado.<\/li>\n<li> Cambiando de celda: la celda en la que se quiere que el cambio produzca el resultado es igual al \u201cvalor en\u201d. Aseg\u00farese de que la celda a la que se refiere aqu\u00ed se utilice en la f\u00f3rmula de la celda a la que se hace referencia en \u00abDefinir celda\u00bb.<\/li>\n<\/ol>\n<h2 id=\"tab-con-3\" class=\"wp-block-heading\"> Resolver un problema en Excel con Goal Seek<\/h2>\n<p> Imagine que trabaja en una empresa que intenta ganar una licitaci\u00f3n ofreciendo el precio m\u00e1s bajo.<\/p>\n<p> Para esto, necesita preparar una estructura de precios en la que su precio de aterrizaje (para el cliente) debe ser de $1000. Mientras que su precio final actual es de $1089.9. <\/p>\n<div class=\"wp-block-image\">\n<figure class=\"aligncenter\"><img decoding=\"async\" src=\"https:\/\/exceladvisor.org\/wp-content\/uploads\/2023\/08\/structure-de-prix-des-produits-pour-lutilisation-de-la-recherche-dobjectifs-dans-Excel-1.png\" sizes=\"\" srcset=\"\" alt=\"Estructura de precios de productos para usar la b\u00fasqueda de objetivos en Excel.\"><\/figure>\n<\/div>\n<p> Si quieres hacerlo manualmente, tienes dos opciones.<\/p>\n<ol>\n<li> Haga un c\u00e1lculo retrospectivo en el que deber\u00e1 deducir todos los impuestos y tarifas del precio de aterrizaje ($1000) para llegar al precio base.<\/li>\n<li> Sin embargo, debe cambiar su precio base para obtener el precio final que desea.<\/li>\n<\/ol>\n<p> No es tan f\u00e1cil como parece, pero encontrar objetivos puede cambiar las reglas del juego aqu\u00ed.<\/p>\n<p> <a href=\"https:\/\/exceladvisor.org\/wp-content\/uploads\/2023\/08\/recherche-dobjectif-dans-excel.zip\" rel=\"nofollow\">Descargue este archivo desde aqu\u00ed<\/a> y siga los pasos a continuaci\u00f3n.<\/p>\n<ul>\n<li> Cuando abras la b\u00fasqueda de objetivos te aparecer\u00e1 una ventana como esta. <\/li>\n<\/ul>\n<div class=\"wp-block-image\">\n<figure class=\"aligncenter\"><img decoding=\"async\" src=\"https:\/\/exceladvisor.org\/wp-content\/uploads\/2023\/08\/utiliser-la-recherche-dobjectifs-dans-Excel-pour-calculer-le-nouveau-prix-final-1.png\" sizes=\"\" srcset=\"\" alt=\"utilice la b\u00fasqueda de objetivos en Excel para calcular el nuevo precio final\"><\/figure>\n<\/div>\n<ul>\n<li> Ahora debe ingresar los siguientes valores.\n<ol>\n<li> Haga clic en \u00abEstablecer valor\u00bb y consulte la celda con un precio de aterrizaje.<\/li>\n<li> Haga clic en \u00abA valor\u00bb e ingrese el valor que desea como resultado, en la celda con un precio de aterrizaje.<\/li>\n<li> Al final, haga clic en \u201cAl cambiar de celda\u201d y consulte la celda con un precio base. <\/li>\n<\/ol>\n<\/li>\n<\/ul>\n<div class=\"wp-block-image\">\n<figure class=\"aligncenter\"><img decoding=\"async\" src=\"https:\/\/exceladvisor.org\/wp-content\/uploads\/2023\/08\/specifier-les-valeurs-a-utiliser-la-recherche-dobjectifs-dans-Excel-1.png\" sizes=\"\" srcset=\"\" alt=\"especificar valores para usar la b\u00fasqueda de objetivos en Excel\"><\/figure>\n<\/div>\n<ul>\n<li> Haga clic en Aceptar.<\/li>\n<li> Goal Seek har\u00e1 algo como esto con su hoja de c\u00e1lculo. <\/li>\n<\/ul>\n<div class=\"wp-block-image\">\n<figure class=\"aligncenter\"><img decoding=\"async\" src=\"https:\/\/exceladvisor.org\/wp-content\/uploads\/2023\/08\/utiliser-la-recherche-dobjectifs-dans-Excel-pour-calculer-le-prix-de-chargement-1.gif\" sizes=\"\" srcset=\"\" alt=\"use la b\u00fasqueda de objetivos en Excel para calcular el precio de carga\"><\/figure>\n<\/div>\n<h3 class=\"wp-block-heading\"> C\u00f3mo funciona<\/h3>\n<p> Ahora, si marca la celda de precio base, su valor cambia a $925 y con eso, su precio de aterrizaje cambia a $1000. Su base cambi\u00f3 mediante b\u00fasqueda objetiva mediante un <a href=\"https:\/\/www.meritnation.com\/ask-answer\/question\/how-to-use-hit-and-trial-method\/mensuration\/3630981\" target=\"_blank\" rel=\"noreferrer noopener\">m\u00e9todo de prueba y error<\/a> . Pero la b\u00fasqueda objetiva es bastante r\u00e1pida y no puedes ver todo el proceso.<\/p>\n<h2 id=\"tab-con-4\" class=\"wp-block-heading\"> Puntos importantes sobre la b\u00fasqueda de objetivos<\/h2>\n<p> Estos son algunos puntos que deben tenerse en cuenta al utilizar la b\u00fasqueda de objetivos.<\/p>\n<ol>\n<li> Una celda utilizada como celda de conjunto debe contener una f\u00f3rmula que dependa de la celda \u00abAl cambiar de celda\u00bb.<\/li>\n<li> Goal Seek utiliza el m\u00e9todo de iteraci\u00f3n para alcanzar el valor objetivo que mencionas en \u00abAl valor\u00bb. Puede ajustar su iteraci\u00f3n desde Archivo-&gt;Opciones-&gt;F\u00f3rmulas (esto puede aumentar su nivel de precisi\u00f3n).<\/li>\n<li> A veces Excel no podr\u00e1 darte el resultado deseado y mostrar\u00e1 un mensaje que dice \u00abtal vez no encontr\u00f3 una soluci\u00f3n\u00bb. En esta situaci\u00f3n, puede ingresar un valor m\u00e1s cercano a su resultado e intentar nuevamente ($999,95 en lugar de $1000). Tambi\u00e9n aseg\u00farese de comprobar los dos consejos anteriores.<\/li>\n<li> La b\u00fasqueda de objetivos solo puede funcionar con un valor de entrada de celda a la vez.<\/li>\n<\/ol>\n<h2 id=\"tab-con-5\" class=\"wp-block-heading\"> Usando Goal Seek con c\u00f3digo VBA<\/h2>\n<p> Puede disfrutar de su caf\u00e9 mientras trabaja con el comando de b\u00fasqueda de objetivos de Excel. Espero que no te importe si puedes agregar chocolate adicional usando VBA. S\u00ed, tienes raz\u00f3n, puedes utilizar la b\u00fasqueda de objetivos con VBA.<\/p>\n<p> expresi\u00f3n.GoalSeek (objetivo, celda cambiante)<\/p>\n<ol>\n<li> Expresi\u00f3n: Esta deber\u00eda ser una celda donde desea lograr el resultado deseado.<\/li>\n<li> Objetivo: el resultado deseado que queremos obtener como resultado.<\/li>\n<li> Celda cambiante: Celda en la que se requieren cambios para obtener el valor del resultado.<\/li>\n<\/ol>\n<p> Aqu\u00ed hay un c\u00f3digo de macro que puede usar.<\/p>\n<pre class=\"wp-block-code\"> <code class=\"language-visual-basic line-numbers\" lang=\"visual-basic\">Sub GoalSeekVBA() Rem: \/\/\/\/\/\/\/\/\/\/ Code by Exceladvisor.org Dim Target As Long On Error GoTo Errorhandler Target = InputBox(\"Enter the required value\", \"Enter Value\") Worksheets(\"Goal_Seek\").Activate With ActiveSheet.Range(\"C7\") .GoalSeek _ Goal:=Target, _ ChangingCell:=Range(\"C2\") End With Exit Sub Errorhandler: MsgBox (\"Sorry, value is not valid.\") End Sub<\/code><\/pre>\n<p> <a href=\"https:\/\/exceladvisor.org\/wp-content\/uploads\/2023\/08\/recherche-dobjectif-dans-excel.zip\" rel=\"nofollow\"><strong>archivo de muestra<\/strong><\/a><\/p>\n<h2 class=\"wp-block-heading\"> Conclusi\u00f3n<\/h2>\n<p> Como dije, si intentas encontrar el valor de entrada aplicando un m\u00e9todo manual, tendr\u00e1s que dedicar mucho tiempo o crear una f\u00f3rmula para realizar un c\u00e1lculo.<\/p>\n<p> Pero usando Lens Search puedes hacerlo con solo un clic. Har\u00e1 todos los c\u00e1lculos complejos por usted en un segundo. La mejor parte es que tambi\u00e9n puedes usarlo con VBA. Y espero que esto te ayude a mejorar en Excel.<\/p>\n<p class=\"qt-tip\"> <em><strong>Nota r\u00e1pida<\/strong> : Este es uno de esos <a href=\"https:\/\/exceladvisor.org\/es\/consejo\/\" data-wpil=\"url\">consejos de Excel<\/a> que pueden ayudarle a mejorar <a href=\"https:\/\/exceladvisor.org\/es\/habilidades-de-sobresalir\/\">sus habilidades en Excel<\/a> .<\/em><\/p>\n<div class=\"gb-container gb-container-4db6181c gb-container-mt\"> <a class=\"gb-button gb-button-c5897111 gb-button-text gb-button-mt-button\" href=\"https:\/\/exceladvisor.org\/es\/avance-de-excel\/\">Tutoriales avanzados de Excel<\/a><\/p>\n<h2 class=\"gb-headline gb-headline-665e5f6b gb-headline-text gb-headline-mt-heading\"> Tutoriales relacionados <\/h2>\n<div class=\"gb-grid-wrapper gb-grid-wrapper-a20baf7c gb-grid-wrapper-mt-grid\">\n<div class=\"gb-grid-column gb-grid-column-65ddf67e\">\n<div class=\"gb-container gb-container-65ddf67e\">\n<ul>\n<li> <a href=\"https:\/\/exceladvisor.org\/es\/herramienta-de-camara\/\">Herramienta de c\u00e1mara de Excel<\/a><\/li>\n<li> <a href=\"https:\/\/exceladvisor.org\/es\/ver-ventana\/\">Ventana de observaci\u00f3n en Excel<\/a><\/li>\n<li> <a href=\"https:\/\/exceladvisor.org\/es\/rebanador-de-excel\/\">Cortadora de Excel (gu\u00eda completa)<\/a><\/li>\n<li> <a href=\"https:\/\/exceladvisor.org\/es\/excel-por-defecto-en-mac\/\">Hacer que Excel sea el predeterminado en Mac<\/a><\/li>\n<li> <a href=\"https:\/\/exceladvisor.org\/es\/modo-seguro-de-excel\/\">Abra Excel en modo seguro<\/a><\/li>\n<\/ul>\n<\/div>\n<\/div>\n<\/div>\n<\/div>\n","protected":false},"excerpt":{"rendered":"<p>En la escuela secundaria, sol\u00eda resolver ecuaciones matem\u00e1ticas en las que ten\u00eda el resultado de la ecuaci\u00f3n pero no el valor de entrada. Entonces, si est\u00e1s planeando resolver el mismo tipo de problemas en Excel, tienes una herramienta espec\u00edfica que puede ayudarte. Buscar objetivo Su idea b\u00e1sica es encontrar el valor de entrada que la [&hellip;]<\/p>\n","protected":false},"author":1,"featured_media":0,"parent":0,"menu_order":0,"comment_status":"open","ping_status":"closed","template":"","meta":{"ub_ctt_via":"","footnotes":""},"class_list":["post-448","page","type-page","status-publish","hentry"],"featured_image_src":null,"yoast_head":"<!-- This site is optimized with the Yoast SEO plugin v25.4 - https:\/\/yoast.com\/wordpress\/plugins\/seo\/ -->\n<title>\u00bfc\u00f3mo utilizar la b\u00fasqueda de objetivos en excel?<\/title>\n<meta name=\"robots\" content=\"index, follow, max-snippet:-1, max-image-preview:large, max-video-preview:-1\" \/>\n<link rel=\"canonical\" href=\"https:\/\/exceladvisor.org\/es\/buscar-objetivo\/\" \/>\n<meta property=\"og:locale\" content=\"es_ES\" \/>\n<meta property=\"og:type\" content=\"article\" \/>\n<meta property=\"og:title\" content=\"\u00bfc\u00f3mo utilizar la b\u00fasqueda de objetivos en excel?\" \/>\n<meta property=\"og:description\" content=\"En la escuela secundaria, sol\u00eda resolver ecuaciones matem\u00e1ticas en las que ten\u00eda el resultado de la ecuaci\u00f3n pero no el valor de entrada. Entonces, si est\u00e1s planeando resolver el mismo tipo de problemas en Excel, tienes una herramienta espec\u00edfica que puede ayudarte. Buscar objetivo Su idea b\u00e1sica es encontrar el valor de entrada que la [&hellip;]\" \/>\n<meta property=\"og:url\" content=\"https:\/\/exceladvisor.org\/es\/buscar-objetivo\/\" \/>\n<meta property=\"og:site_name\" content=\"Excel Advisor\" \/>\n<meta property=\"article:modified_time\" content=\"2023-12-25T10:28:15+00:00\" \/>\n<meta property=\"og:image\" content=\"https:\/\/exceladvisor.org\/wp-content\/uploads\/2023\/08\/recherche-dobjectif-ouvert-dans-excel-1.png\" \/>\n<meta name=\"twitter:card\" content=\"summary_large_image\" \/>\n<meta name=\"twitter:label1\" content=\"Tiempo de lectura\" \/>\n\t<meta name=\"twitter:data1\" content=\"5 minutos\" \/>\n<script type=\"application\/ld+json\" class=\"yoast-schema-graph\">{\"@context\":\"https:\/\/schema.org\",\"@graph\":[{\"@type\":\"WebPage\",\"@id\":\"https:\/\/exceladvisor.org\/es\/buscar-objetivo\/\",\"url\":\"https:\/\/exceladvisor.org\/es\/buscar-objetivo\/\",\"name\":\"\u00bfc\u00f3mo utilizar la b\u00fasqueda de objetivos en excel?\",\"isPartOf\":{\"@id\":\"https:\/\/exceladvisor.org\/es\/#website\"},\"primaryImageOfPage\":{\"@id\":\"https:\/\/exceladvisor.org\/es\/buscar-objetivo\/#primaryimage\"},\"image\":{\"@id\":\"https:\/\/exceladvisor.org\/es\/buscar-objetivo\/#primaryimage\"},\"thumbnailUrl\":\"https:\/\/exceladvisor.org\/wp-content\/uploads\/2023\/08\/recherche-dobjectif-ouvert-dans-excel-1.png\",\"datePublished\":\"2023-10-28T01:54:46+00:00\",\"dateModified\":\"2023-12-25T10:28:15+00:00\",\"breadcrumb\":{\"@id\":\"https:\/\/exceladvisor.org\/es\/buscar-objetivo\/#breadcrumb\"},\"inLanguage\":\"es\",\"potentialAction\":[{\"@type\":\"ReadAction\",\"target\":[\"https:\/\/exceladvisor.org\/es\/buscar-objetivo\/\"]}]},{\"@type\":\"ImageObject\",\"inLanguage\":\"es\",\"@id\":\"https:\/\/exceladvisor.org\/es\/buscar-objetivo\/#primaryimage\",\"url\":\"https:\/\/exceladvisor.org\/wp-content\/uploads\/2023\/08\/recherche-dobjectif-ouvert-dans-excel-1.png\",\"contentUrl\":\"https:\/\/exceladvisor.org\/wp-content\/uploads\/2023\/08\/recherche-dobjectif-ouvert-dans-excel-1.png\"},{\"@type\":\"BreadcrumbList\",\"@id\":\"https:\/\/exceladvisor.org\/es\/buscar-objetivo\/#breadcrumb\",\"itemListElement\":[{\"@type\":\"ListItem\",\"position\":1,\"name\":\"Hogar\",\"item\":\"https:\/\/exceladvisor.org\/es\/\"},{\"@type\":\"ListItem\",\"position\":2,\"name\":\"\u00bfc\u00f3mo utilizar la b\u00fasqueda de objetivos en excel?\"}]},{\"@type\":\"WebSite\",\"@id\":\"https:\/\/exceladvisor.org\/es\/#website\",\"url\":\"https:\/\/exceladvisor.org\/es\/\",\"name\":\"Excel Advisor\",\"description\":\"Su gu\u00eda para la dominaci\u00f3n de datos!\",\"publisher\":{\"@id\":\"https:\/\/exceladvisor.org\/es\/#organization\"},\"potentialAction\":[{\"@type\":\"SearchAction\",\"target\":{\"@type\":\"EntryPoint\",\"urlTemplate\":\"https:\/\/exceladvisor.org\/es\/?s={search_term_string}\"},\"query-input\":{\"@type\":\"PropertyValueSpecification\",\"valueRequired\":true,\"valueName\":\"search_term_string\"}}],\"inLanguage\":\"es\"},{\"@type\":\"Organization\",\"@id\":\"https:\/\/exceladvisor.org\/es\/#organization\",\"name\":\"Excel Advisor\",\"url\":\"https:\/\/exceladvisor.org\/es\/\",\"logo\":{\"@type\":\"ImageObject\",\"inLanguage\":\"es\",\"@id\":\"https:\/\/exceladvisor.org\/es\/#\/schema\/logo\/image\/\",\"url\":\"https:\/\/exceladvisor.org\/es\/wp-content\/uploads\/2023\/12\/exceladvisor.org_.png\",\"contentUrl\":\"https:\/\/exceladvisor.org\/es\/wp-content\/uploads\/2023\/12\/exceladvisor.org_.png\",\"width\":105,\"height\":36,\"caption\":\"Excel Advisor\"},\"image\":{\"@id\":\"https:\/\/exceladvisor.org\/es\/#\/schema\/logo\/image\/\"}}]}<\/script>\n<!-- \/ Yoast SEO plugin. -->","yoast_head_json":{"title":"\u00bfc\u00f3mo utilizar la b\u00fasqueda de objetivos en excel?","robots":{"index":"index","follow":"follow","max-snippet":"max-snippet:-1","max-image-preview":"max-image-preview:large","max-video-preview":"max-video-preview:-1"},"canonical":"https:\/\/exceladvisor.org\/es\/buscar-objetivo\/","og_locale":"es_ES","og_type":"article","og_title":"\u00bfc\u00f3mo utilizar la b\u00fasqueda de objetivos en excel?","og_description":"En la escuela secundaria, sol\u00eda resolver ecuaciones matem\u00e1ticas en las que ten\u00eda el resultado de la ecuaci\u00f3n pero no el valor de entrada. Entonces, si est\u00e1s planeando resolver el mismo tipo de problemas en Excel, tienes una herramienta espec\u00edfica que puede ayudarte. Buscar objetivo Su idea b\u00e1sica es encontrar el valor de entrada que la [&hellip;]","og_url":"https:\/\/exceladvisor.org\/es\/buscar-objetivo\/","og_site_name":"Excel Advisor","article_modified_time":"2023-12-25T10:28:15+00:00","og_image":[{"url":"https:\/\/exceladvisor.org\/wp-content\/uploads\/2023\/08\/recherche-dobjectif-ouvert-dans-excel-1.png","type":"","width":"","height":""}],"twitter_card":"summary_large_image","twitter_misc":{"Tiempo de lectura":"5 minutos"},"schema":{"@context":"https:\/\/schema.org","@graph":[{"@type":"WebPage","@id":"https:\/\/exceladvisor.org\/es\/buscar-objetivo\/","url":"https:\/\/exceladvisor.org\/es\/buscar-objetivo\/","name":"\u00bfc\u00f3mo utilizar la b\u00fasqueda de objetivos en excel?","isPartOf":{"@id":"https:\/\/exceladvisor.org\/es\/#website"},"primaryImageOfPage":{"@id":"https:\/\/exceladvisor.org\/es\/buscar-objetivo\/#primaryimage"},"image":{"@id":"https:\/\/exceladvisor.org\/es\/buscar-objetivo\/#primaryimage"},"thumbnailUrl":"https:\/\/exceladvisor.org\/wp-content\/uploads\/2023\/08\/recherche-dobjectif-ouvert-dans-excel-1.png","datePublished":"2023-10-28T01:54:46+00:00","dateModified":"2023-12-25T10:28:15+00:00","breadcrumb":{"@id":"https:\/\/exceladvisor.org\/es\/buscar-objetivo\/#breadcrumb"},"inLanguage":"es","potentialAction":[{"@type":"ReadAction","target":["https:\/\/exceladvisor.org\/es\/buscar-objetivo\/"]}]},{"@type":"ImageObject","inLanguage":"es","@id":"https:\/\/exceladvisor.org\/es\/buscar-objetivo\/#primaryimage","url":"https:\/\/exceladvisor.org\/wp-content\/uploads\/2023\/08\/recherche-dobjectif-ouvert-dans-excel-1.png","contentUrl":"https:\/\/exceladvisor.org\/wp-content\/uploads\/2023\/08\/recherche-dobjectif-ouvert-dans-excel-1.png"},{"@type":"BreadcrumbList","@id":"https:\/\/exceladvisor.org\/es\/buscar-objetivo\/#breadcrumb","itemListElement":[{"@type":"ListItem","position":1,"name":"Hogar","item":"https:\/\/exceladvisor.org\/es\/"},{"@type":"ListItem","position":2,"name":"\u00bfc\u00f3mo utilizar la b\u00fasqueda de objetivos en excel?"}]},{"@type":"WebSite","@id":"https:\/\/exceladvisor.org\/es\/#website","url":"https:\/\/exceladvisor.org\/es\/","name":"Excel Advisor","description":"Su gu\u00eda para la dominaci\u00f3n de datos!","publisher":{"@id":"https:\/\/exceladvisor.org\/es\/#organization"},"potentialAction":[{"@type":"SearchAction","target":{"@type":"EntryPoint","urlTemplate":"https:\/\/exceladvisor.org\/es\/?s={search_term_string}"},"query-input":{"@type":"PropertyValueSpecification","valueRequired":true,"valueName":"search_term_string"}}],"inLanguage":"es"},{"@type":"Organization","@id":"https:\/\/exceladvisor.org\/es\/#organization","name":"Excel Advisor","url":"https:\/\/exceladvisor.org\/es\/","logo":{"@type":"ImageObject","inLanguage":"es","@id":"https:\/\/exceladvisor.org\/es\/#\/schema\/logo\/image\/","url":"https:\/\/exceladvisor.org\/es\/wp-content\/uploads\/2023\/12\/exceladvisor.org_.png","contentUrl":"https:\/\/exceladvisor.org\/es\/wp-content\/uploads\/2023\/12\/exceladvisor.org_.png","width":105,"height":36,"caption":"Excel Advisor"},"image":{"@id":"https:\/\/exceladvisor.org\/es\/#\/schema\/logo\/image\/"}}]}},"yoast_meta":{"yoast_wpseo_title":"","yoast_wpseo_metadesc":"","yoast_wpseo_canonical":""},"_links":{"self":[{"href":"https:\/\/exceladvisor.org\/es\/wp-json\/wp\/v2\/pages\/448","targetHints":{"allow":["GET"]}}],"collection":[{"href":"https:\/\/exceladvisor.org\/es\/wp-json\/wp\/v2\/pages"}],"about":[{"href":"https:\/\/exceladvisor.org\/es\/wp-json\/wp\/v2\/types\/page"}],"author":[{"embeddable":true,"href":"https:\/\/exceladvisor.org\/es\/wp-json\/wp\/v2\/users\/1"}],"replies":[{"embeddable":true,"href":"https:\/\/exceladvisor.org\/es\/wp-json\/wp\/v2\/comments?post=448"}],"version-history":[{"count":1,"href":"https:\/\/exceladvisor.org\/es\/wp-json\/wp\/v2\/pages\/448\/revisions"}],"predecessor-version":[{"id":1286,"href":"https:\/\/exceladvisor.org\/es\/wp-json\/wp\/v2\/pages\/448\/revisions\/1286"}],"wp:attachment":[{"href":"https:\/\/exceladvisor.org\/es\/wp-json\/wp\/v2\/media?parent=448"}],"curies":[{"name":"wp","href":"https:\/\/api.w.org\/{rel}","templated":true}]}}