{"id":449,"date":"2023-10-28T01:26:59","date_gmt":"2023-10-28T01:26:59","guid":{"rendered":"https:\/\/exceladvisor.org\/es\/resaltar-los-valores-superiores-e-inferiores\/"},"modified":"2023-12-25T10:27:01","modified_gmt":"2023-12-25T10:27:01","slug":"resaltar-los-valores-superiores-e-inferiores","status":"publish","type":"page","link":"https:\/\/exceladvisor.org\/es\/resaltar-los-valores-superiores-e-inferiores\/","title":{"rendered":"\u00bfc\u00f3mo resaltar los valores n superiores e inferiores?"},"content":{"rendered":"<div class=\"excel-antes-del-contenido\" id=\"excel-1192952986\"><script type=\"text\/javascript\">\r\n\tatOptions = {\r\n\t\t'key' : 'c1158f160081d6540a8409e6925dab94',\r\n\t\t'format' : 'iframe',\r\n\t\t'height' : 250,\r\n\t\t'width' : 300,\r\n\t\t'params' : {}\r\n\t};\r\n<\/script>\r\n<script type=\"text\/javascript\" src=\"\/\/www.highperformanceformat.com\/c1158f160081d6540a8409e6925dab94\/invoke.js\"><\/script><\/div><p>La mejor manera de resaltar valores de arriba a abajo es utilizar formato condicional. Es r\u00e1pido y f\u00e1cil y s\u00f3lo requiere unos pocos clics. Pero la mejor parte es que ni siquiera necesitas escribir una f\u00f3rmula para esto.<\/p>\n<p> Lo he estado usando desde que consegu\u00ed mi primer trabajo. me llama mi jefe Siempre que con alg\u00fan tipo de informe lo hago sin dejar de resaltar los valores superiores e inferiores. Y, si a\u00fan no lo est\u00e1s usando, d\u00e9jame decirte c\u00f3mo usarlo. <\/p>\n<div class=\"wp-block-image\">\n<figure class=\"aligncenter\"><img loading=\"lazy\" decoding=\"async\" class=\"wp-image-10058\" src=\"https:\/\/exceladvisor.org\/wp-content\/uploads\/2023\/08\/comment-mettre-en-surbrillance-les-valeurs-n-superieures-inferieures-dans-le-tableau-de-donnees-Excel-1.png\" sizes=\"auto, \" srcset=\"\" alt=\"c\u00f3mo resaltar los valores n superiores e inferiores en la tabla de datos de Excel\" width=\"202\" height=\"555\"><\/figure>\n<\/div>\n<p> A continuaci\u00f3n tengo una tabla con ventas por d\u00eda y quiero resaltar los 10 d\u00edas con mayor venta (la tabla es un poco larga aqu\u00ed).<\/p>\n<h2 class=\"wp-block-heading\"> Resalte los 10 valores principales<\/h2>\n<ul>\n<li> Primero, seleccione los datos de los que desea resaltar los valores m\u00e1s altos.<\/li>\n<li> Vaya a la pesta\u00f1a Inicio -&gt; Estilos -&gt; Formato condicional -&gt; Reglas superiores\/inferiores -&gt; 10 principales. <\/li>\n<\/ul>\n<div class=\"wp-block-image\">\n<figure class=\"aligncenter\"><img loading=\"lazy\" decoding=\"async\" class=\"wp-image-10056\" src=\"https:\/\/exceladvisor.org\/wp-content\/uploads\/2023\/08\/comment-mettre-en-surbrillance-les-n-valeurs-les-plus-basses-dans-la-regle-excel-top-botm-1.png\" sizes=\"auto, \" srcset=\"\" alt=\"c\u00f3mo resaltar los valores n m\u00e1s bajos en la regla inferior superior de Excel\" width=\"357\" height=\"412\"><\/figure>\n<\/div>\n<ul>\n<li> Ahora en la ventana emergente tienes dos cosas que especificar.\n<ol>\n<li> N\u00famero de valores a destacar ( <em>top 10 por ahora<\/em> ).<\/li>\n<li> Formato a utilizar para resaltar valores. <\/li>\n<\/ol>\n<\/li>\n<\/ul>\n<div class=\"wp-block-image\">\n<figure class=\"aligncenter\"><img loading=\"lazy\" decoding=\"async\" class=\"wp-image-10054\" src=\"https:\/\/exceladvisor.org\/wp-content\/uploads\/2023\/08\/comment-mettre-en-surbrillance-les-n-valeurs-superieures-inferieures-au-format-Excel-pour-mettre-en-surbrillance-les-cellules-1.png\" sizes=\"auto, \" srcset=\"\" alt=\"c\u00f3mo resaltar los valores n superiores e inferiores en la tabla de datos de Excel\" width=\"307\" height=\"190\"><\/figure>\n<\/div>\n<ul>\n<li> Despu\u00e9s de eso, haga clic en Aceptar. <\/li>\n<\/ul>\n<div class=\"wp-block-image\">\n<figure class=\"aligncenter\"><img loading=\"lazy\" decoding=\"async\" class=\"wp-image-10059\" src=\"https:\/\/exceladvisor.org\/wp-content\/uploads\/2023\/08\/comment-mettre-en-surbrillance-les-valeurs-n-superieures-inferieures-dans-Excel-avec-le-formatage-1.png\" sizes=\"auto, \" srcset=\"\" alt=\"c\u00f3mo resaltar los valores n superiores e inferiores en Excel con formato\" width=\"202\" height=\"555\"><\/figure>\n<\/div>\n<p> Resaltar\u00e1 instant\u00e1neamente los primeros 10 valores de los datos con el estilo de formato que mencionaste.<\/p>\n<h2 class=\"wp-block-heading\"> Resalte los \u00faltimos 10 valores<\/h2>\n<p> Para resaltar los \u00faltimos 10 valores, puedes seguir los mismos pasos. Pero en lugar de los 10 primeros, simplemente haga clic en los 10 inferiores y el resto de las cosas ser\u00e1n iguales.<\/p>\n<ul>\n<li> Seleccione los n\u00fameros de valores a resaltar.<\/li>\n<li> Y el formato a utilizar.<\/li>\n<\/ul>\n<h2 class=\"wp-block-heading\"> \u00bfQu\u00e9 otra cosa? <\/h2>\n<div class=\"wp-block-image\">\n<figure class=\"aligncenter\"><img loading=\"lazy\" decoding=\"async\" class=\"wp-image-10055\" src=\"https:\/\/exceladvisor.org\/wp-content\/uploads\/2023\/08\/comment-mettre-en-surbrillance-les-valeurs-n-superieures-inferieures-dans-Excel-autres-options-1.png\" sizes=\"auto, \" srcset=\"\" alt=\"c\u00f3mo resaltar valores n superiores e inferiores en otras opciones de Excel\" width=\"176\" height=\"266\"><\/figure>\n<\/div>\n<p> En la opci\u00f3n de regla superior\/inferior de formato condicional, tiene otras opciones \u00fatiles.<\/p>\n<ul>\n<li> <strong>10% superior<\/strong> : utilice esto para resaltar los valores superiores que equivalen al 10% de los datos.<\/li>\n<li> <strong>10% inferior<\/strong> : resalte los valores inferiores que equivalen al 10% de los datos.<\/li>\n<li> <strong>Por encima del promedio<\/strong> : para resaltar valores por encima del valor promedio de los datos.<\/li>\n<li> <strong>Por debajo del promedio<\/strong> : utilice esta opci\u00f3n para resaltar valores por debajo del valor promedio de los datos.<\/li>\n<\/ul>\n<p> Como dije antes, resalto los valores superior e inferior en todos mis informes. Y tambi\u00e9n ayuda a la otra persona a obtener una descripci\u00f3n general r\u00e1pida, incluso si los datos son solo una tabla.<\/p>\n<div class=\"gb-container gb-container-4db6181c gb-container-mt\"> <a class=\"gb-button gb-button-c5897111 gb-button-text gb-button-mt-button\" href=\"https:\/\/exceladvisor.org\/es\/avance-de-excel\/\">Tutoriales avanzados de Excel<\/a><\/p>\n<h2 class=\"gb-headline gb-headline-665e5f6b gb-headline-text gb-headline-mt-heading\"> Tutoriales relacionados <\/h2>\n<div class=\"gb-grid-wrapper gb-grid-wrapper-a20baf7c gb-grid-wrapper-mt-grid\">\n<div class=\"gb-grid-column gb-grid-column-65ddf67e\">\n<div class=\"gb-container gb-container-65ddf67e\">\n<ul>\n<li> <a href=\"https:\/\/exceladvisor.org\/es\/fusionar-celdas-sin-perder-datos\/\">Fusionar celdas sin perder datos en Excel<\/a><\/li>\n<li> <a href=\"https:\/\/exceladvisor.org\/es\/pegar-multiplicar-especial\/\">Multiplicar en Excel usando Pegado especial<\/a><\/li>\n<li> <a href=\"https:\/\/exceladvisor.org\/es\/agregar-un-codigo-de-barras\/\" data-wpil=\"url\">Agregar un c\u00f3digo de barras en Excel<\/a><\/li>\n<li> <a href=\"https:\/\/exceladvisor.org\/es\/fuente-predeterminada\/\">Cambiar la fuente predeterminada en Excel<\/a><\/li>\n<li> <a href=\"https:\/\/exceladvisor.org\/es\/filtrar-por-color\/\">Filtrar por color en Excel<\/a><\/li>\n<\/ul>\n<\/div>\n<\/div>\n<\/div>\n<\/div>\n","protected":false},"excerpt":{"rendered":"<p>La mejor manera de resaltar valores de arriba a abajo es utilizar formato condicional. Es r\u00e1pido y f\u00e1cil y s\u00f3lo requiere unos pocos clics. Pero la mejor parte es que ni siquiera necesitas escribir una f\u00f3rmula para esto. Lo he estado usando desde que consegu\u00ed mi primer trabajo. me llama mi jefe Siempre que con [&hellip;]<\/p>\n","protected":false},"author":1,"featured_media":0,"parent":0,"menu_order":0,"comment_status":"open","ping_status":"closed","template":"","meta":{"ub_ctt_via":"","footnotes":""},"class_list":["post-449","page","type-page","status-publish","hentry"],"featured_image_src":null,"yoast_head":"<!-- This site is optimized with the Yoast SEO plugin v25.4 - https:\/\/yoast.com\/wordpress\/plugins\/seo\/ -->\n<title>\u00bfc\u00f3mo resaltar los valores n superiores e inferiores?<\/title>\n<meta name=\"robots\" content=\"index, follow, max-snippet:-1, max-image-preview:large, max-video-preview:-1\" \/>\n<link rel=\"canonical\" href=\"https:\/\/exceladvisor.org\/es\/resaltar-los-valores-superiores-e-inferiores\/\" \/>\n<meta property=\"og:locale\" content=\"es_ES\" \/>\n<meta property=\"og:type\" content=\"article\" \/>\n<meta property=\"og:title\" content=\"\u00bfc\u00f3mo resaltar los valores n superiores e inferiores?\" \/>\n<meta property=\"og:description\" content=\"La mejor manera de resaltar valores de arriba a abajo es utilizar formato condicional. Es r\u00e1pido y f\u00e1cil y s\u00f3lo requiere unos pocos clics. Pero la mejor parte es que ni siquiera necesitas escribir una f\u00f3rmula para esto. Lo he estado usando desde que consegu\u00ed mi primer trabajo. me llama mi jefe Siempre que con [&hellip;]\" \/>\n<meta property=\"og:url\" content=\"https:\/\/exceladvisor.org\/es\/resaltar-los-valores-superiores-e-inferiores\/\" \/>\n<meta property=\"og:site_name\" content=\"Excel Advisor\" \/>\n<meta property=\"article:modified_time\" content=\"2023-12-25T10:27:01+00:00\" \/>\n<meta property=\"og:image\" content=\"https:\/\/exceladvisor.org\/wp-content\/uploads\/2023\/08\/comment-mettre-en-surbrillance-les-valeurs-n-superieures-inferieures-dans-le-tableau-de-donnees-Excel-1.png\" \/>\n<meta name=\"twitter:card\" content=\"summary_large_image\" \/>\n<meta name=\"twitter:label1\" content=\"Tiempo de lectura\" \/>\n\t<meta name=\"twitter:data1\" content=\"2 minutos\" \/>\n<script type=\"application\/ld+json\" class=\"yoast-schema-graph\">{\"@context\":\"https:\/\/schema.org\",\"@graph\":[{\"@type\":\"WebPage\",\"@id\":\"https:\/\/exceladvisor.org\/es\/resaltar-los-valores-superiores-e-inferiores\/\",\"url\":\"https:\/\/exceladvisor.org\/es\/resaltar-los-valores-superiores-e-inferiores\/\",\"name\":\"\u00bfc\u00f3mo resaltar los valores n superiores e inferiores?\",\"isPartOf\":{\"@id\":\"https:\/\/exceladvisor.org\/es\/#website\"},\"primaryImageOfPage\":{\"@id\":\"https:\/\/exceladvisor.org\/es\/resaltar-los-valores-superiores-e-inferiores\/#primaryimage\"},\"image\":{\"@id\":\"https:\/\/exceladvisor.org\/es\/resaltar-los-valores-superiores-e-inferiores\/#primaryimage\"},\"thumbnailUrl\":\"https:\/\/exceladvisor.org\/wp-content\/uploads\/2023\/08\/comment-mettre-en-surbrillance-les-valeurs-n-superieures-inferieures-dans-le-tableau-de-donnees-Excel-1.png\",\"datePublished\":\"2023-10-28T01:26:59+00:00\",\"dateModified\":\"2023-12-25T10:27:01+00:00\",\"breadcrumb\":{\"@id\":\"https:\/\/exceladvisor.org\/es\/resaltar-los-valores-superiores-e-inferiores\/#breadcrumb\"},\"inLanguage\":\"es\",\"potentialAction\":[{\"@type\":\"ReadAction\",\"target\":[\"https:\/\/exceladvisor.org\/es\/resaltar-los-valores-superiores-e-inferiores\/\"]}]},{\"@type\":\"ImageObject\",\"inLanguage\":\"es\",\"@id\":\"https:\/\/exceladvisor.org\/es\/resaltar-los-valores-superiores-e-inferiores\/#primaryimage\",\"url\":\"https:\/\/exceladvisor.org\/wp-content\/uploads\/2023\/08\/comment-mettre-en-surbrillance-les-valeurs-n-superieures-inferieures-dans-le-tableau-de-donnees-Excel-1.png\",\"contentUrl\":\"https:\/\/exceladvisor.org\/wp-content\/uploads\/2023\/08\/comment-mettre-en-surbrillance-les-valeurs-n-superieures-inferieures-dans-le-tableau-de-donnees-Excel-1.png\"},{\"@type\":\"BreadcrumbList\",\"@id\":\"https:\/\/exceladvisor.org\/es\/resaltar-los-valores-superiores-e-inferiores\/#breadcrumb\",\"itemListElement\":[{\"@type\":\"ListItem\",\"position\":1,\"name\":\"Hogar\",\"item\":\"https:\/\/exceladvisor.org\/es\/\"},{\"@type\":\"ListItem\",\"position\":2,\"name\":\"\u00bfc\u00f3mo resaltar los valores n superiores e inferiores?\"}]},{\"@type\":\"WebSite\",\"@id\":\"https:\/\/exceladvisor.org\/es\/#website\",\"url\":\"https:\/\/exceladvisor.org\/es\/\",\"name\":\"Excel Advisor\",\"description\":\"Su gu\u00eda para la dominaci\u00f3n de datos!\",\"publisher\":{\"@id\":\"https:\/\/exceladvisor.org\/es\/#organization\"},\"potentialAction\":[{\"@type\":\"SearchAction\",\"target\":{\"@type\":\"EntryPoint\",\"urlTemplate\":\"https:\/\/exceladvisor.org\/es\/?s={search_term_string}\"},\"query-input\":{\"@type\":\"PropertyValueSpecification\",\"valueRequired\":true,\"valueName\":\"search_term_string\"}}],\"inLanguage\":\"es\"},{\"@type\":\"Organization\",\"@id\":\"https:\/\/exceladvisor.org\/es\/#organization\",\"name\":\"Excel Advisor\",\"url\":\"https:\/\/exceladvisor.org\/es\/\",\"logo\":{\"@type\":\"ImageObject\",\"inLanguage\":\"es\",\"@id\":\"https:\/\/exceladvisor.org\/es\/#\/schema\/logo\/image\/\",\"url\":\"https:\/\/exceladvisor.org\/es\/wp-content\/uploads\/2023\/12\/exceladvisor.org_.png\",\"contentUrl\":\"https:\/\/exceladvisor.org\/es\/wp-content\/uploads\/2023\/12\/exceladvisor.org_.png\",\"width\":105,\"height\":36,\"caption\":\"Excel Advisor\"},\"image\":{\"@id\":\"https:\/\/exceladvisor.org\/es\/#\/schema\/logo\/image\/\"}}]}<\/script>\n<!-- \/ Yoast SEO plugin. -->","yoast_head_json":{"title":"\u00bfc\u00f3mo resaltar los valores n superiores e inferiores?","robots":{"index":"index","follow":"follow","max-snippet":"max-snippet:-1","max-image-preview":"max-image-preview:large","max-video-preview":"max-video-preview:-1"},"canonical":"https:\/\/exceladvisor.org\/es\/resaltar-los-valores-superiores-e-inferiores\/","og_locale":"es_ES","og_type":"article","og_title":"\u00bfc\u00f3mo resaltar los valores n superiores e inferiores?","og_description":"La mejor manera de resaltar valores de arriba a abajo es utilizar formato condicional. Es r\u00e1pido y f\u00e1cil y s\u00f3lo requiere unos pocos clics. Pero la mejor parte es que ni siquiera necesitas escribir una f\u00f3rmula para esto. Lo he estado usando desde que consegu\u00ed mi primer trabajo. me llama mi jefe Siempre que con [&hellip;]","og_url":"https:\/\/exceladvisor.org\/es\/resaltar-los-valores-superiores-e-inferiores\/","og_site_name":"Excel Advisor","article_modified_time":"2023-12-25T10:27:01+00:00","og_image":[{"url":"https:\/\/exceladvisor.org\/wp-content\/uploads\/2023\/08\/comment-mettre-en-surbrillance-les-valeurs-n-superieures-inferieures-dans-le-tableau-de-donnees-Excel-1.png","type":"","width":"","height":""}],"twitter_card":"summary_large_image","twitter_misc":{"Tiempo de lectura":"2 minutos"},"schema":{"@context":"https:\/\/schema.org","@graph":[{"@type":"WebPage","@id":"https:\/\/exceladvisor.org\/es\/resaltar-los-valores-superiores-e-inferiores\/","url":"https:\/\/exceladvisor.org\/es\/resaltar-los-valores-superiores-e-inferiores\/","name":"\u00bfc\u00f3mo resaltar los valores n superiores e inferiores?","isPartOf":{"@id":"https:\/\/exceladvisor.org\/es\/#website"},"primaryImageOfPage":{"@id":"https:\/\/exceladvisor.org\/es\/resaltar-los-valores-superiores-e-inferiores\/#primaryimage"},"image":{"@id":"https:\/\/exceladvisor.org\/es\/resaltar-los-valores-superiores-e-inferiores\/#primaryimage"},"thumbnailUrl":"https:\/\/exceladvisor.org\/wp-content\/uploads\/2023\/08\/comment-mettre-en-surbrillance-les-valeurs-n-superieures-inferieures-dans-le-tableau-de-donnees-Excel-1.png","datePublished":"2023-10-28T01:26:59+00:00","dateModified":"2023-12-25T10:27:01+00:00","breadcrumb":{"@id":"https:\/\/exceladvisor.org\/es\/resaltar-los-valores-superiores-e-inferiores\/#breadcrumb"},"inLanguage":"es","potentialAction":[{"@type":"ReadAction","target":["https:\/\/exceladvisor.org\/es\/resaltar-los-valores-superiores-e-inferiores\/"]}]},{"@type":"ImageObject","inLanguage":"es","@id":"https:\/\/exceladvisor.org\/es\/resaltar-los-valores-superiores-e-inferiores\/#primaryimage","url":"https:\/\/exceladvisor.org\/wp-content\/uploads\/2023\/08\/comment-mettre-en-surbrillance-les-valeurs-n-superieures-inferieures-dans-le-tableau-de-donnees-Excel-1.png","contentUrl":"https:\/\/exceladvisor.org\/wp-content\/uploads\/2023\/08\/comment-mettre-en-surbrillance-les-valeurs-n-superieures-inferieures-dans-le-tableau-de-donnees-Excel-1.png"},{"@type":"BreadcrumbList","@id":"https:\/\/exceladvisor.org\/es\/resaltar-los-valores-superiores-e-inferiores\/#breadcrumb","itemListElement":[{"@type":"ListItem","position":1,"name":"Hogar","item":"https:\/\/exceladvisor.org\/es\/"},{"@type":"ListItem","position":2,"name":"\u00bfc\u00f3mo resaltar los valores n superiores e inferiores?"}]},{"@type":"WebSite","@id":"https:\/\/exceladvisor.org\/es\/#website","url":"https:\/\/exceladvisor.org\/es\/","name":"Excel Advisor","description":"Su gu\u00eda para la dominaci\u00f3n de datos!","publisher":{"@id":"https:\/\/exceladvisor.org\/es\/#organization"},"potentialAction":[{"@type":"SearchAction","target":{"@type":"EntryPoint","urlTemplate":"https:\/\/exceladvisor.org\/es\/?s={search_term_string}"},"query-input":{"@type":"PropertyValueSpecification","valueRequired":true,"valueName":"search_term_string"}}],"inLanguage":"es"},{"@type":"Organization","@id":"https:\/\/exceladvisor.org\/es\/#organization","name":"Excel Advisor","url":"https:\/\/exceladvisor.org\/es\/","logo":{"@type":"ImageObject","inLanguage":"es","@id":"https:\/\/exceladvisor.org\/es\/#\/schema\/logo\/image\/","url":"https:\/\/exceladvisor.org\/es\/wp-content\/uploads\/2023\/12\/exceladvisor.org_.png","contentUrl":"https:\/\/exceladvisor.org\/es\/wp-content\/uploads\/2023\/12\/exceladvisor.org_.png","width":105,"height":36,"caption":"Excel Advisor"},"image":{"@id":"https:\/\/exceladvisor.org\/es\/#\/schema\/logo\/image\/"}}]}},"yoast_meta":{"yoast_wpseo_title":"","yoast_wpseo_metadesc":"","yoast_wpseo_canonical":""},"_links":{"self":[{"href":"https:\/\/exceladvisor.org\/es\/wp-json\/wp\/v2\/pages\/449","targetHints":{"allow":["GET"]}}],"collection":[{"href":"https:\/\/exceladvisor.org\/es\/wp-json\/wp\/v2\/pages"}],"about":[{"href":"https:\/\/exceladvisor.org\/es\/wp-json\/wp\/v2\/types\/page"}],"author":[{"embeddable":true,"href":"https:\/\/exceladvisor.org\/es\/wp-json\/wp\/v2\/users\/1"}],"replies":[{"embeddable":true,"href":"https:\/\/exceladvisor.org\/es\/wp-json\/wp\/v2\/comments?post=449"}],"version-history":[{"count":1,"href":"https:\/\/exceladvisor.org\/es\/wp-json\/wp\/v2\/pages\/449\/revisions"}],"predecessor-version":[{"id":1175,"href":"https:\/\/exceladvisor.org\/es\/wp-json\/wp\/v2\/pages\/449\/revisions\/1175"}],"wp:attachment":[{"href":"https:\/\/exceladvisor.org\/es\/wp-json\/wp\/v2\/media?parent=449"}],"curies":[{"name":"wp","href":"https:\/\/api.w.org\/{rel}","templated":true}]}}