{"id":45,"date":"2023-11-18T05:28:14","date_gmt":"2023-11-18T05:28:14","guid":{"rendered":"https:\/\/exceladvisor.org\/es\/pinturas\/"},"modified":"2023-12-25T10:33:51","modified_gmt":"2023-12-25T10:33:51","slug":"pinturas","status":"publish","type":"page","link":"https:\/\/exceladvisor.org\/es\/pinturas\/","title":{"rendered":"Tabla vba: gu\u00eda b\u00e1sica a avanzada"},"content":{"rendered":"<div class=\"excel-antes-del-contenido\" id=\"excel-362675294\"><script type=\"text\/javascript\">\r\n\tatOptions = {\r\n\t\t'key' : 'c1158f160081d6540a8409e6925dab94',\r\n\t\t'format' : 'iframe',\r\n\t\t'height' : 250,\r\n\t\t'width' : 300,\r\n\t\t'params' : {}\r\n\t};\r\n<\/script>\r\n<script type=\"text\/javascript\" src=\"\/\/www.highperformanceformat.com\/c1158f160081d6540a8409e6925dab94\/invoke.js\"><\/script><\/div><p class=\"wp-block-heading\"><strong>Puntos clave<\/strong><\/p>\n<ul>\n<li> Piense en una tabla dentro de una tabla VBA como una mini base de datos para almacenar y organizar datos (ejemplo: nombre del estudiante, materia y puntajes).<\/li>\n<li> Antes de usarlo, debes declarar una matriz; con su tipo de datos y la cantidad de valores que desea almacenar en \u00e9l.<\/li>\n<\/ul>\n<p> Si desea trabajar con big data usando VBA, necesita comprender las tablas y c\u00f3mo usarlas en c\u00f3digos VBA. En esta gu\u00eda explorar\u00e1s todos los aspectos de la tabla y tambi\u00e9n veremos algunos ejemplos para usar. a ellos.<\/p>\n<h2 class=\"wp-block-heading\"> \u00bfQu\u00e9 es una tabla en VBA?<\/h2>\n<p> En VBA, una matriz es una variable que puede <strong>almacenar m\u00faltiples valores<\/strong> . Puede acceder a todos los valores de esta matriz a la vez o tambi\u00e9n puede acceder a un solo valor especificando su n\u00famero de \u00edndice que es la posici\u00f3n de ese valor en la matriz. Imagine que tiene una cita con el nombre, la materia y las calificaciones del estudiante.<\/p>\n<p> Puedes almacenar toda esta informaci\u00f3n en una tabla, no s\u00f3lo para un estudiante sino para cientos. A continuaci\u00f3n se muestra un ejemplo sencillo para explicar una tabla. <\/p>\n<div class=\"wp-block-image\">\n<figure class=\"aligncenter size-large is-resized\"><img loading=\"lazy\" decoding=\"async\" class=\"wp-image-52233\" src=\"https:\/\/exceladvisor.org\/wp-content\/uploads\/2023\/08\/1-exemple-pour-expliquer-un-tableau.png\" sizes=\"auto, \" srcset=\"\" alt=\"ejemplo-para-explicar-una-tabla\" width=\"511\" height=\"303\"><\/figure>\n<\/div>\n<p> En el ejemplo anterior, tiene una matriz de diez elementos (tama\u00f1o de matriz) y cada elemento tiene una posici\u00f3n espec\u00edfica (\u00cdndice).<\/p>\n<p> Entonces, si deseas utilizar un elemento que est\u00e1 en la octava posici\u00f3n, debes referirte a ese elemento usando su n\u00famero de \u00edndice.<\/p>\n<p> La matriz que utilizamos en el ejemplo anterior es una matriz unidimensional. Pero m\u00e1s adelante en esta gu\u00eda, tambi\u00e9n aprenderemos sobre matrices multidimensionales.<\/p>\n<h2 class=\"wp-block-heading\"> C\u00f3mo declarar una matriz en VBA<\/h2>\n<p> Como mencion\u00e9 anteriormente, una matriz es el tipo de variable, por lo que debes declararla usando las palabras clave (Dim, Private, Public y Static). A diferencia de una variable normal, cuando declaras una matriz, debes usar un par de par\u00e9ntesis despu\u00e9s del nombre de la matriz.<\/p>\n<p> Digamos que desea declarar una matriz que usamos en el ejemplo anterior.<\/p>\n<p> <strong>Pasos para declarar un array.<\/strong><\/p>\n<ul>\n<li> Primero, use la palabra clave \u00abDim\u00bb, ingrese el nombre de la tabla y escriba par\u00e9ntesis. <br \/><img loading=\"lazy\" decoding=\"async\" title=\"2-usa-la-palabra-clave-tenue\" src=\"https:\/\/exceladvisor.org\/wp-content\/uploads\/2023\/08\/2-utiliser-le-mot-cle-dim.png\" sizes=\"auto, \" srcset=\"\" alt=\"use-the-keyword-dim\" width=\"375\" height=\"215\"><\/li>\n<li> A continuaci\u00f3n, debe especificar el tipo de datos de la matriz. Si no tiene un tipo de datos especificado, VBA asignar\u00e1 el tipo de datos apropiado. <br \/><img loading=\"lazy\" decoding=\"async\" title=\"3-especificar-el-tipo-de-datos-de-una-matriz\" src=\"https:\/\/exceladvisor.org\/wp-content\/uploads\/2023\/08\/3-specifier-le-type-de-donnees-dun-tableau.png\" sizes=\"auto, \" srcset=\"\" alt=\"specify-data-type-of-an-array\" width=\"377\" height=\"197\"><\/li>\n<li> Despu\u00e9s de eso, debe definir la cantidad de elementos que desea almacenar en la matriz. <br \/><img loading=\"lazy\" decoding=\"async\" title=\"4-conjunto-de-n\u00famero-de-art\u00edculos\" src=\"https:\/\/exceladvisor.org\/wp-content\/uploads\/2023\/08\/4-definir-le-nombre-darticles.png\" sizes=\"auto, \" srcset=\"\" alt=\"define-the-number-of-items\" width=\"381\" height=\"176\"><\/li>\n<li> En \u00faltima instancia, para asignar un valor a un elemento en una matriz, debe usar el n\u00famero de \u00edndice del elemento para identificarlo y luego asignarle un valor. <br \/><img loading=\"lazy\" decoding=\"async\" title=\"5-asignar-un-valor-a-un-art\u00edculo\" src=\"https:\/\/exceladvisor.org\/wp-content\/uploads\/2023\/08\/5-attribuer-une-valeur-a-un-element.png\" sizes=\"auto, \" srcset=\"\" alt=\"assign-a-vale-to-an-item\" width=\"336\" height=\"391\"><\/li>\n<\/ul>\n<p> <strong>c\u00f3digo completo<\/strong><\/p>\n<pre class=\"wp-block-code\"> <code class=\"language-visual-basic\" lang=\"visual-basic\">Sub vba_array_example() Dim StudentsNames(10) As String StudentsNames(0) = \"Waylon\" StudentsNames(1) = \"Morton\" StudentsNames(2) = \"Rudolph\" StudentsNames(3) = \"Georgene\" StudentsNames(4) = \"Billi\" StudentsNames(5) = \"Enid\" StudentsNames(6) = \"Genevieve\" StudentsNames(7) = \"Judi\" StudentsNames(8) = \"Madaline\" StudentsNames(9) = \"Elton\" End Sub<\/code><\/pre>\n<h3 class=\"wp-block-heading\"> Notas r\u00e1pidas<\/h3>\n<ul>\n<li> En el c\u00f3digo anterior, primero tiene la declaraci\u00f3n Dim que define la matriz unidimensional que puede almacenar hasta 10 elementos y tiene un tipo de datos de cadena.<\/li>\n<li> Despu\u00e9s de eso, tienes 10 l\u00edneas de c\u00f3digo que definen los elementos de una matriz del 0 al 9.<\/li>\n<\/ul>\n<h3 class=\"wp-block-heading\"> Tabla con diferentes tipos de datos<\/h3>\n<p> Al declarar una matriz, si no especifica el tipo de datos, VBA usar\u00e1 autom\u00e1ticamente el tipo de datos variable, lo que resultar\u00e1 en un ligero aumento en el uso de la memoria, y este aumento en el uso de la memoria podr\u00eda ralentizar el rendimiento del c\u00f3digo.<\/p>\n<p> Por lo tanto, es mejor definir un tipo de datos espec\u00edfico cuando declara una matriz, a menos que sea necesario utilizar el tipo de datos variante.<\/p>\n<h2 class=\"wp-block-heading\"> Devolver informaci\u00f3n de una matriz<\/h2>\n<p> Como mencion\u00e9 anteriormente, para obtener informaci\u00f3n de una matriz, puedes usar el n\u00famero de \u00edndice del elemento para especificar su posici\u00f3n. Por ejemplo, si quisieras devolver el octavo elemento del \u00e1rea que creamos en el ejemplo anterior, el c\u00f3digo ser\u00eda: <\/p>\n<div class=\"wp-block-image\">\n<figure class=\"aligncenter size-large is-resized\"><img loading=\"lazy\" decoding=\"async\" class=\"wp-image-52238\" src=\"https:\/\/exceladvisor.org\/wp-content\/uploads\/2023\/08\/6-retour-dinformations-a-partir-dun-tableau.png\" sizes=\"auto, \" srcset=\"\" alt=\"retroalimentaci\u00f3n desde una mesa\" width=\"479\" height=\"451\"><\/figure>\n<\/div>\n<p> En el c\u00f3digo anterior, ingres\u00f3 el valor en la celda A1 usando el elemento de matriz 8.<\/p>\n<h2 class=\"wp-block-heading\"> Utilice la opci\u00f3n base 1<\/h2>\n<p> Estoy seguro de que ahora mismo tienes esta pregunta en mente: \u00bfpor qu\u00e9 comenzamos nuestra lista de elementos desde cero en lugar de uno?<\/p>\n<p> Bueno, eso no es un error.<\/p>\n<p> Cuando se construyeron por primera vez los lenguajes de programaci\u00f3n <a href=\"http:\/\/www.cs.utexas.edu\/users\/EWD\/transcriptions\/EWD08xx\/EWD831.html\" target=\"_blank\" rel=\"noreferrer noopener\">, alg\u00fan descuido convirti\u00f3 esta estructura<\/a> en una lista de elementos en una matriz. En la mayor\u00eda de los lenguajes de programaci\u00f3n, puede encontrar la misma estructura de elementos de lista.<\/p>\n<p> Sin embargo, a diferencia de la mayor\u00eda de los otros lenguajes inform\u00e1ticos, en VBA puedes normalizar c\u00f3mo funciona el \u00edndice, lo que significa que puedes hacer que comience con 1. Lo \u00fanico que necesitas hacer es agregar una declaraci\u00f3n basada en opciones al inicio del m\u00f3dulo antes de declarar un matriz.matriz.<\/p>\n<p> Ahora esta tabla se ver\u00e1 as\u00ed: <\/p>\n<div class=\"wp-block-image\">\n<figure class=\"aligncenter size-large is-resized\"><img loading=\"lazy\" decoding=\"async\" class=\"wp-image-52239\" src=\"https:\/\/exceladvisor.org\/wp-content\/uploads\/2023\/08\/7-utiliser-la-base-doptions-1.png\" sizes=\"auto, \" srcset=\"\" alt=\"opci\u00f3n-de-uso-base-1\" width=\"344\" height=\"424\"><\/figure>\n<\/div>\n<h2 class=\"wp-block-heading\"> Buscar en una tabla<\/h2>\n<p> Cuando almacena valores en una matriz, puede haber ocasiones en las que necesite realizar una b\u00fasqueda en la matriz.<\/p>\n<p> En este caso, necesita conocer los m\u00e9todos que puede utilizar. Ahora mire el c\u00f3digo a continuaci\u00f3n que puede ayudarlo a comprender c\u00f3mo buscar un valor en una matriz. <\/p>\n<pre class=\"wp-block-code\"> <code class=\"language-visual-basic\" lang=\"visual-basic\">Sub vba_array_search() 'this section declares an array and variables _ that you need to search within the array. Dim myArray(10) As Integer Dim i As Integer Dim varUserNumber As Variant Dim strMsg As String 'This part of the code adds 10 random numbers to _ the array and shows the result in the _ immediate window as well. For i = 1 To 10 myArray(i) = Int(Rnd * 10) Debug.Print myArray(i) Next i 'it is an input box that asks you the number that you want to find. Loopback: varUserNumber = InputBox _ (\"Enter a number between 1 and 10 to search for:\", _ \"Linear Search Demonstrator\") 'it's an IF statement that checks for the value that you _ have entered in the input box. If varUserNumber = \"\" Then End If Not IsNumeric(varUserNumber) Then GoTo Loopback If varUserNumber &lt; 1 Or varUserNumber &gt; 10 Then GoTo Loopback 'message to show if the value doesn't found. strMsg = \"Your value, \" &amp; varUserNumber &amp; _ \", was not found in the array.\" 'loop through the array and match each value with the _ the value you have entered in the input box. For i = 1 To UBound(myArray) If myArray(i) = varUserNumber Then strMsg = \"Your value, \" &amp; varUserNumber &amp; _ \", was found at position \" &amp; i &amp; \" in the array.\" Exit For End If Next i 'message box in the end MsgBox strMsg, vbOKOnly + vbInformation, \"Linear Search Result\" End Sub<\/code> <\/pre>\n<div class=\"wp-block-image\">\n<figure class=\"aligncenter size-large is-resized\"><img loading=\"lazy\" decoding=\"async\" class=\"wp-image-52240\" src=\"https:\/\/exceladvisor.org\/wp-content\/uploads\/2023\/08\/8-recherche-dans-un-tableau.png\" sizes=\"auto, \" srcset=\"\" alt=\"buscar en una tabla\" width=\"529\" height=\"1087\"><\/figure>\n<\/div>\n<ol>\n<li> En la primera parte del c\u00f3digo tienes variables que necesitar\u00e1s usar m\u00e1s adelante en el c\u00f3digo.<\/li>\n<li> Despu\u00e9s de eso, la siguiente parte es generar n\u00fameros aleatorios usando RND para obtener 10 valores para la matriz.<\/li>\n<li> A continuaci\u00f3n, un cuadro de entrada para ingresar el valor que desea buscar en la tabla.<\/li>\n<li> En esta parte tienes un c\u00f3digo para la cadena que usar\u00e1s en el cuadro de mensaje si no se encuentra el valor que ingresaste.<\/li>\n<li> Esta parte del c\u00f3digo utiliza un bucle para recorrer cada elemento de la matriz y verificar si el valor que ingres\u00f3 est\u00e1 en la matriz o no.<\/li>\n<li> La \u00faltima parte del c\u00f3digo muestra un mensaje que indica si se encuentra un valor o no.<\/li>\n<\/ol>\n<div class=\"gb-container gb-container-4db6181c gb-container-mt\"> <a class=\"gb-button gb-button-c5897111 gb-button-text gb-button-mt-button\" href=\"https:\/\/exceladvisor.org\/es\/vba\/\">\u00bfQu\u00e9 es VBA?<\/a><\/p>\n<h2 class=\"gb-headline gb-headline-665e5f6b gb-headline-text gb-headline-mt-heading\"> Obtenga m\u00e1s informaci\u00f3n sobre las tablas VBA <\/h2>\n<div class=\"gb-grid-wrapper gb-grid-wrapper-a20baf7c gb-grid-wrapper-mt-grid\">\n<div class=\"gb-grid-column gb-grid-column-65ddf67e\">\n<div class=\"gb-container gb-container-65ddf67e\">\n<ul>\n<li> <a href=\"https:\/\/exceladvisor.org\/es\/tamano-de-matriz\/\">Longitud de la matriz VBA (tama\u00f1o)<\/a><\/li>\n<li> <a href=\"https:\/\/exceladvisor.org\/es\/mesa-con-cadenas\/\">Matriz VBA con cadenas<\/a><\/li>\n<li> <a href=\"https:\/\/exceladvisor.org\/es\/borrar-la-pizarra\/\">Matriz clara de VBA<\/a><\/li>\n<li> <a href=\"https:\/\/exceladvisor.org\/es\/tabla-dinamica\/\">Tabla din\u00e1mica VBA<\/a> <\/li>\n<\/ul>\n<\/div>\n<\/div>\n<div class=\"gb-grid-column gb-grid-column-50067b57\">\n<div class=\"gb-container gb-container-50067b57\"><\/div>\n<\/div>\n<\/div>\n<\/div>\n","protected":false},"excerpt":{"rendered":"<p>Puntos clave Piense en una tabla dentro de una tabla VBA como una mini base de datos para almacenar y organizar datos (ejemplo: nombre del estudiante, materia y puntajes). Antes de usarlo, debes declarar una matriz; con su tipo de datos y la cantidad de valores que desea almacenar en \u00e9l. Si desea trabajar con [&hellip;]<\/p>\n","protected":false},"author":1,"featured_media":0,"parent":0,"menu_order":0,"comment_status":"open","ping_status":"closed","template":"","meta":{"ub_ctt_via":"","footnotes":""},"class_list":["post-45","page","type-page","status-publish","hentry"],"featured_image_src":null,"yoast_head":"<!-- This site is optimized with the Yoast SEO plugin v25.4 - https:\/\/yoast.com\/wordpress\/plugins\/seo\/ -->\n<title>Tabla vba: gu\u00eda b\u00e1sica a avanzada<\/title>\n<meta name=\"robots\" content=\"index, follow, max-snippet:-1, max-image-preview:large, max-video-preview:-1\" \/>\n<link rel=\"canonical\" href=\"https:\/\/exceladvisor.org\/es\/pinturas\/\" \/>\n<meta property=\"og:locale\" content=\"es_ES\" \/>\n<meta property=\"og:type\" content=\"article\" \/>\n<meta property=\"og:title\" content=\"Tabla vba: gu\u00eda b\u00e1sica a avanzada\" \/>\n<meta property=\"og:description\" content=\"Puntos clave Piense en una tabla dentro de una tabla VBA como una mini base de datos para almacenar y organizar datos (ejemplo: nombre del estudiante, materia y puntajes). Antes de usarlo, debes declarar una matriz; con su tipo de datos y la cantidad de valores que desea almacenar en \u00e9l. Si desea trabajar con [&hellip;]\" \/>\n<meta property=\"og:url\" content=\"https:\/\/exceladvisor.org\/es\/pinturas\/\" \/>\n<meta property=\"og:site_name\" content=\"Excel Advisor\" \/>\n<meta property=\"article:modified_time\" content=\"2023-12-25T10:33:51+00:00\" \/>\n<meta property=\"og:image\" content=\"https:\/\/exceladvisor.org\/wp-content\/uploads\/2023\/08\/1-exemple-pour-expliquer-un-tableau.png\" \/>\n<meta name=\"twitter:card\" content=\"summary_large_image\" \/>\n<meta name=\"twitter:label1\" content=\"Tiempo de lectura\" \/>\n\t<meta name=\"twitter:data1\" content=\"6 minutos\" \/>\n<script type=\"application\/ld+json\" class=\"yoast-schema-graph\">{\"@context\":\"https:\/\/schema.org\",\"@graph\":[{\"@type\":\"WebPage\",\"@id\":\"https:\/\/exceladvisor.org\/es\/pinturas\/\",\"url\":\"https:\/\/exceladvisor.org\/es\/pinturas\/\",\"name\":\"Tabla vba: gu\u00eda b\u00e1sica a avanzada\",\"isPartOf\":{\"@id\":\"https:\/\/exceladvisor.org\/es\/#website\"},\"primaryImageOfPage\":{\"@id\":\"https:\/\/exceladvisor.org\/es\/pinturas\/#primaryimage\"},\"image\":{\"@id\":\"https:\/\/exceladvisor.org\/es\/pinturas\/#primaryimage\"},\"thumbnailUrl\":\"https:\/\/exceladvisor.org\/wp-content\/uploads\/2023\/08\/1-exemple-pour-expliquer-un-tableau.png\",\"datePublished\":\"2023-11-18T05:28:14+00:00\",\"dateModified\":\"2023-12-25T10:33:51+00:00\",\"breadcrumb\":{\"@id\":\"https:\/\/exceladvisor.org\/es\/pinturas\/#breadcrumb\"},\"inLanguage\":\"es\",\"potentialAction\":[{\"@type\":\"ReadAction\",\"target\":[\"https:\/\/exceladvisor.org\/es\/pinturas\/\"]}]},{\"@type\":\"ImageObject\",\"inLanguage\":\"es\",\"@id\":\"https:\/\/exceladvisor.org\/es\/pinturas\/#primaryimage\",\"url\":\"https:\/\/exceladvisor.org\/wp-content\/uploads\/2023\/08\/1-exemple-pour-expliquer-un-tableau.png\",\"contentUrl\":\"https:\/\/exceladvisor.org\/wp-content\/uploads\/2023\/08\/1-exemple-pour-expliquer-un-tableau.png\"},{\"@type\":\"BreadcrumbList\",\"@id\":\"https:\/\/exceladvisor.org\/es\/pinturas\/#breadcrumb\",\"itemListElement\":[{\"@type\":\"ListItem\",\"position\":1,\"name\":\"Hogar\",\"item\":\"https:\/\/exceladvisor.org\/es\/\"},{\"@type\":\"ListItem\",\"position\":2,\"name\":\"Tabla vba: gu\u00eda b\u00e1sica a avanzada\"}]},{\"@type\":\"WebSite\",\"@id\":\"https:\/\/exceladvisor.org\/es\/#website\",\"url\":\"https:\/\/exceladvisor.org\/es\/\",\"name\":\"Excel Advisor\",\"description\":\"Su gu\u00eda para la dominaci\u00f3n de datos!\",\"publisher\":{\"@id\":\"https:\/\/exceladvisor.org\/es\/#organization\"},\"potentialAction\":[{\"@type\":\"SearchAction\",\"target\":{\"@type\":\"EntryPoint\",\"urlTemplate\":\"https:\/\/exceladvisor.org\/es\/?s={search_term_string}\"},\"query-input\":{\"@type\":\"PropertyValueSpecification\",\"valueRequired\":true,\"valueName\":\"search_term_string\"}}],\"inLanguage\":\"es\"},{\"@type\":\"Organization\",\"@id\":\"https:\/\/exceladvisor.org\/es\/#organization\",\"name\":\"Excel Advisor\",\"url\":\"https:\/\/exceladvisor.org\/es\/\",\"logo\":{\"@type\":\"ImageObject\",\"inLanguage\":\"es\",\"@id\":\"https:\/\/exceladvisor.org\/es\/#\/schema\/logo\/image\/\",\"url\":\"https:\/\/exceladvisor.org\/es\/wp-content\/uploads\/2023\/12\/exceladvisor.org_.png\",\"contentUrl\":\"https:\/\/exceladvisor.org\/es\/wp-content\/uploads\/2023\/12\/exceladvisor.org_.png\",\"width\":105,\"height\":36,\"caption\":\"Excel Advisor\"},\"image\":{\"@id\":\"https:\/\/exceladvisor.org\/es\/#\/schema\/logo\/image\/\"}}]}<\/script>\n<!-- \/ Yoast SEO plugin. -->","yoast_head_json":{"title":"Tabla vba: gu\u00eda b\u00e1sica a avanzada","robots":{"index":"index","follow":"follow","max-snippet":"max-snippet:-1","max-image-preview":"max-image-preview:large","max-video-preview":"max-video-preview:-1"},"canonical":"https:\/\/exceladvisor.org\/es\/pinturas\/","og_locale":"es_ES","og_type":"article","og_title":"Tabla vba: gu\u00eda b\u00e1sica a avanzada","og_description":"Puntos clave Piense en una tabla dentro de una tabla VBA como una mini base de datos para almacenar y organizar datos (ejemplo: nombre del estudiante, materia y puntajes). Antes de usarlo, debes declarar una matriz; con su tipo de datos y la cantidad de valores que desea almacenar en \u00e9l. Si desea trabajar con [&hellip;]","og_url":"https:\/\/exceladvisor.org\/es\/pinturas\/","og_site_name":"Excel Advisor","article_modified_time":"2023-12-25T10:33:51+00:00","og_image":[{"url":"https:\/\/exceladvisor.org\/wp-content\/uploads\/2023\/08\/1-exemple-pour-expliquer-un-tableau.png","type":"","width":"","height":""}],"twitter_card":"summary_large_image","twitter_misc":{"Tiempo de lectura":"6 minutos"},"schema":{"@context":"https:\/\/schema.org","@graph":[{"@type":"WebPage","@id":"https:\/\/exceladvisor.org\/es\/pinturas\/","url":"https:\/\/exceladvisor.org\/es\/pinturas\/","name":"Tabla vba: gu\u00eda b\u00e1sica a avanzada","isPartOf":{"@id":"https:\/\/exceladvisor.org\/es\/#website"},"primaryImageOfPage":{"@id":"https:\/\/exceladvisor.org\/es\/pinturas\/#primaryimage"},"image":{"@id":"https:\/\/exceladvisor.org\/es\/pinturas\/#primaryimage"},"thumbnailUrl":"https:\/\/exceladvisor.org\/wp-content\/uploads\/2023\/08\/1-exemple-pour-expliquer-un-tableau.png","datePublished":"2023-11-18T05:28:14+00:00","dateModified":"2023-12-25T10:33:51+00:00","breadcrumb":{"@id":"https:\/\/exceladvisor.org\/es\/pinturas\/#breadcrumb"},"inLanguage":"es","potentialAction":[{"@type":"ReadAction","target":["https:\/\/exceladvisor.org\/es\/pinturas\/"]}]},{"@type":"ImageObject","inLanguage":"es","@id":"https:\/\/exceladvisor.org\/es\/pinturas\/#primaryimage","url":"https:\/\/exceladvisor.org\/wp-content\/uploads\/2023\/08\/1-exemple-pour-expliquer-un-tableau.png","contentUrl":"https:\/\/exceladvisor.org\/wp-content\/uploads\/2023\/08\/1-exemple-pour-expliquer-un-tableau.png"},{"@type":"BreadcrumbList","@id":"https:\/\/exceladvisor.org\/es\/pinturas\/#breadcrumb","itemListElement":[{"@type":"ListItem","position":1,"name":"Hogar","item":"https:\/\/exceladvisor.org\/es\/"},{"@type":"ListItem","position":2,"name":"Tabla vba: gu\u00eda b\u00e1sica a avanzada"}]},{"@type":"WebSite","@id":"https:\/\/exceladvisor.org\/es\/#website","url":"https:\/\/exceladvisor.org\/es\/","name":"Excel Advisor","description":"Su gu\u00eda para la dominaci\u00f3n de datos!","publisher":{"@id":"https:\/\/exceladvisor.org\/es\/#organization"},"potentialAction":[{"@type":"SearchAction","target":{"@type":"EntryPoint","urlTemplate":"https:\/\/exceladvisor.org\/es\/?s={search_term_string}"},"query-input":{"@type":"PropertyValueSpecification","valueRequired":true,"valueName":"search_term_string"}}],"inLanguage":"es"},{"@type":"Organization","@id":"https:\/\/exceladvisor.org\/es\/#organization","name":"Excel Advisor","url":"https:\/\/exceladvisor.org\/es\/","logo":{"@type":"ImageObject","inLanguage":"es","@id":"https:\/\/exceladvisor.org\/es\/#\/schema\/logo\/image\/","url":"https:\/\/exceladvisor.org\/es\/wp-content\/uploads\/2023\/12\/exceladvisor.org_.png","contentUrl":"https:\/\/exceladvisor.org\/es\/wp-content\/uploads\/2023\/12\/exceladvisor.org_.png","width":105,"height":36,"caption":"Excel Advisor"},"image":{"@id":"https:\/\/exceladvisor.org\/es\/#\/schema\/logo\/image\/"}}]}},"yoast_meta":{"yoast_wpseo_title":"","yoast_wpseo_metadesc":"","yoast_wpseo_canonical":""},"_links":{"self":[{"href":"https:\/\/exceladvisor.org\/es\/wp-json\/wp\/v2\/pages\/45","targetHints":{"allow":["GET"]}}],"collection":[{"href":"https:\/\/exceladvisor.org\/es\/wp-json\/wp\/v2\/pages"}],"about":[{"href":"https:\/\/exceladvisor.org\/es\/wp-json\/wp\/v2\/types\/page"}],"author":[{"embeddable":true,"href":"https:\/\/exceladvisor.org\/es\/wp-json\/wp\/v2\/users\/1"}],"replies":[{"embeddable":true,"href":"https:\/\/exceladvisor.org\/es\/wp-json\/wp\/v2\/comments?post=45"}],"version-history":[{"count":1,"href":"https:\/\/exceladvisor.org\/es\/wp-json\/wp\/v2\/pages\/45\/revisions"}],"predecessor-version":[{"id":1500,"href":"https:\/\/exceladvisor.org\/es\/wp-json\/wp\/v2\/pages\/45\/revisions\/1500"}],"wp:attachment":[{"href":"https:\/\/exceladvisor.org\/es\/wp-json\/wp\/v2\/media?parent=45"}],"curies":[{"name":"wp","href":"https:\/\/api.w.org\/{rel}","templated":true}]}}