{"id":450,"date":"2023-10-28T00:51:49","date_gmt":"2023-10-28T00:51:49","guid":{"rendered":"https:\/\/exceladvisor.org\/es\/listas-personalizadas\/"},"modified":"2023-12-25T10:25:28","modified_gmt":"2023-12-25T10:25:28","slug":"listas-personalizadas","status":"publish","type":"page","link":"https:\/\/exceladvisor.org\/es\/listas-personalizadas\/","title":{"rendered":"\u00bfc\u00f3mo crear una lista personalizada en excel?"},"content":{"rendered":"<div class=\"excel-antes-del-contenido\" id=\"excel-1912522907\"><script type=\"text\/javascript\">\r\n\tatOptions = {\r\n\t\t'key' : 'c1158f160081d6540a8409e6925dab94',\r\n\t\t'format' : 'iframe',\r\n\t\t'height' : 250,\r\n\t\t'width' : 300,\r\n\t\t'params' : {}\r\n\t};\r\n<\/script>\r\n<script type=\"text\/javascript\" src=\"\/\/www.highperformanceformat.com\/c1158f160081d6540a8409e6925dab94\/invoke.js\"><\/script><\/div><p>Las listas personalizadas en Excel son listas que los usuarios pueden crear seg\u00fan sea necesario y usar para completar autom\u00e1ticamente rangos de celdas y ordenar datos seg\u00fan estas listas. La funci\u00f3n de lista personalizada es muy \u00fatil para usuarios que trabajan principalmente con conjuntos de datos similares.<\/p>\n<p> Los usuarios pueden crear sus listas personalizadas como nombres de empleados, nombres de estudiantes, nombres de clientes, nombres de departamentos, prioridades, etc., y usted usa estas listas para completar autom\u00e1ticamente el rango de datos usando <strong>.<\/strong> <\/p>\n<div class=\"wp-block-image\">\n<figure class=\"aligncenter size-full is-resized\"><img loading=\"lazy\" decoding=\"async\" class=\"wp-image-80406\" src=\"https:\/\/exceladvisor.org\/wp-content\/uploads\/2023\/08\/1-remplissage-automatique-a-laide-de-la-poignee-de-remplissage-min.gif\" sizes=\"auto, \" srcset=\"\" alt=\"llenado autom\u00e1tico mediante el mango de llenado\" width=\"224\" height=\"353\"><\/figure>\n<\/div>\n<p> Excel, de forma predeterminada, tiene dos listas personalizadas predefinidas integradas de nombres de semanas y nombres de meses.<\/p>\n<p> Cuando desee ingresar los nombres de la semana o el mes en las celdas, simplemente ingrese el primer nombre en la celda, como domingo o domingo para los nombres de las semanas y enero o enero para los nombres de los meses.<\/p>\n<p> Puede autocompletar los d\u00edas de descanso o los nombres de los meses usando el controlador de llenado. <\/p>\n<div class=\"wp-block-image\">\n<figure class=\"aligncenter size-full is-resized\"><img loading=\"lazy\" decoding=\"async\" class=\"wp-image-80407\" src=\"https:\/\/exceladvisor.org\/wp-content\/uploads\/2023\/08\/2-boite-de-dialogue-de-liste-personnalisee.png\" sizes=\"auto, \" srcset=\"\" alt=\"cuadro de di\u00e1logo de lista personalizada\" width=\"540\" height=\"421\"><\/figure>\n<\/div>\n<h2 class=\"wp-block-heading\"> Pasos para crear listas personalizadas en Excel<\/h2>\n<p> Puede crear sus propias listas definidas personalizadas siguiendo los pasos a continuaci\u00f3n:<\/p>\n<ol>\n<li> Primero, vaya a la pesta\u00f1a \u00abArchivo\u00bb. <br \/><img loading=\"lazy\" decoding=\"async\" title=\"men\u00fa de 3 archivos\" src=\"https:\/\/exceladvisor.org\/wp-content\/uploads\/2023\/08\/Menu-3-fichiers.png\" sizes=\"auto, \" srcset=\"\" alt=\"file-menu\" width=\"437\" height=\"160\"><\/li>\n<li> Luego haga clic en \u00abOpciones\u00bb para abrir el cuadro de di\u00e1logo \u00abOpci\u00f3n de Excel\u00bb. <br \/><img loading=\"lazy\" decoding=\"async\" title=\"4 opciones de Excel\" src=\"https:\/\/exceladvisor.org\/wp-content\/uploads\/2023\/08\/4-options-Excel.png\" sizes=\"auto, \" srcset=\"\" alt=\"excel-options\" width=\"132\" height=\"392\"><\/li>\n<li> Despu\u00e9s de eso, haga clic en \u00abAvanzado\u00bb, luego despl\u00e1cese hacia abajo en la barra de desplazamiento derecha hasta \u00abGeneral\u00bb, luego haga clic en la opci\u00f3n \u00abEditar listas personalizadas\u00bb. <br \/><img loading=\"lazy\" decoding=\"async\" title=\"5-clic-editar-listas-personalizadas\" src=\"https:\/\/exceladvisor.org\/wp-content\/uploads\/2023\/08\/5-clics-pour-modifier-les-listes-personnalisees.png\" sizes=\"auto, \" srcset=\"\" alt=\"click-edit-custom-lists\" width=\"562\" height=\"565\"><\/li>\n<li> Una vez que haga clic en \u00abEditar listas personalizadas\u00bb, se abre el cuadro de di\u00e1logo \u00abListas personalizadas\u00bb para crear las listas personalizadas.<\/li>\n<li> Aqu\u00ed, haga clic en el campo \u00abImportar lista de celdas\u00bb y seleccione el rango enumerado si ya ha creado uno o ingrese el nombre del \u00abRango de nombres\u00bb si est\u00e1 creado, luego haga clic en el bot\u00f3n \u00abImportar\u00bb para importar la lista.<\/li>\n<li> O puede ingresar la lista manualmente en el cuadro \u00abEntrada de lista\u00bb.<\/li>\n<li> Una vez que haya terminado con la lista de importaci\u00f3n o la lista manual, haga clic en el bot\u00f3n \u00abAgregar\u00bb y luego haga clic en Aceptar.<\/li>\n<li> Ahora ha creado su lista personalizada y est\u00e1 comenzando a reflejarse en las listas personalizadas integradas. <br \/><img loading=\"lazy\" decoding=\"async\" title=\"6-importar-lista-personalizada\" src=\"https:\/\/exceladvisor.org\/wp-content\/uploads\/2023\/08\/6-importer-une-liste-personnalisee.png\" sizes=\"auto, \" srcset=\"\" alt=\"import-custom-list\" width=\"520\" height=\"408\"><\/li>\n<li> En este punto, su lista personalizada ya est\u00e1 lista para usarse para autocompletar usando el <a href=\"https:\/\/exceladvisor.org\/es\/mango-de-llenado\/\">\u00abControl de llenado\u00bb<\/a> . <br \/><img loading=\"lazy\" decoding=\"async\" title=\"7-listo-lista-personalizada-min.gif\" src=\"https:\/\/exceladvisor.org\/wp-content\/uploads\/2023\/08\/7-liste-personnalisee-prete-min.gif\" sizes=\"auto, \" srcset=\"\" alt=\"ready-custom-list\" width=\"206\" height=\"265\"><\/li>\n<\/ol>\n<h2 class=\"wp-block-heading\"> Ordenar datos usando listas personalizadas<\/h2>\n<p> Normalmente, puede ordenar los datos alfab\u00e9ticamente de la A a la Z o de la Z a la A y num\u00e9ricamente en orden ascendente o descendente.<\/p>\n<p> Sin embargo, muchos de nosotros no sabemos que tambi\u00e9n puede ordenar datos seg\u00fan la secuencia de su lista personalizada.<\/p>\n<p> Comprenda la funcionalidad \u00abOrdenar datos usando listas personalizadas\u00bb usando la lista personalizada que creamos en los pasos anteriores.<\/p>\n<ol>\n<li> Primero, navegue hasta cualquier celda del conjunto de datos y haga clic en la pesta\u00f1a \u00abDatos\u00bb, luego haga clic en el icono \u00abOrdenar\u00bb debajo del grupo \u00abOrdenar y filtrar\u00bb en la cinta. <br \/><img loading=\"lazy\" decoding=\"async\" title=\"icono de clasificaci\u00f3n de 8 pesta\u00f1as de datos\" src=\"https:\/\/exceladvisor.org\/wp-content\/uploads\/2023\/08\/8-icone-de-tri-des-onglets-de-donnees.png\" sizes=\"auto, \" srcset=\"\" alt=\"data-tab-sort-icon\" width=\"655\" height=\"405\"><\/li>\n<li> Despu\u00e9s de eso, elija y seleccione el encabezado de la columna en el campo \u00abOrdenar por\u00bb.<\/li>\n<li> Ahora, haga clic en la flecha desplegable del campo \u00abPedido\u00bb y haga clic en \u00abLista personalizada\u00bb, luego elija la lista que desea usar para ordenar los datos y haga clic en Aceptar. <br \/><img loading=\"lazy\" decoding=\"async\" title=\"Di\u00e1logo de 9 tipos\" src=\"https:\/\/exceladvisor.org\/wp-content\/uploads\/2023\/08\/9-boite-de-dialogue-de-tri.png\" sizes=\"auto, \" srcset=\"\" alt=\"sort-dialog-box\" width=\"551\" height=\"259\"><\/li>\n<li> En este momento, sus datos se ordenar\u00e1n seg\u00fan la secuencia de la lista personalizada. <br \/><img loading=\"lazy\" decoding=\"async\" title=\"10 datos ordenados por lista personalizada\" src=\"https:\/\/exceladvisor.org\/wp-content\/uploads\/2023\/08\/10-donnees-triees-par-liste-personnalisee.png\" sizes=\"auto, \" srcset=\"\" alt=\"sorted-data-per-custom-list\" width=\"421\" height=\"255\"><\/li>\n<\/ol>\n<p> Puede ver en la imagen de arriba que los datos se ordenaron seg\u00fan la secuencia de la lista personalizada, no alfab\u00e9ticamente de la A a la Z o de la Z a la A.<\/p>\n<h2 class=\"wp-block-heading\"> Eliminar o eliminar cualquier lista personalizada<\/h2>\n<ol>\n<li> Para eliminar la lista personalizada, abra el cuadro de di\u00e1logo \u00abListas personalizadas\u00bb.<\/li>\n<li> Despu\u00e9s de eso, haga clic en la lista que desea eliminar, luego haga clic en el bot\u00f3n \u00abEliminar\u00bb y, al final, haga clic en Aceptar. <\/li>\n<\/ol>\n<div class=\"wp-block-image\">\n<figure class=\"aligncenter size-full is-resized\"><img loading=\"lazy\" decoding=\"async\" class=\"wp-image-80416\" src=\"https:\/\/exceladvisor.org\/wp-content\/uploads\/2023\/08\/11-supprimer-la-liste-personnalisee.png\" sizes=\"auto, \" srcset=\"\" alt=\"eliminar-lista-personalizada\" width=\"539\" height=\"404\"><\/figure>\n<\/div>\n<p class=\"grey-note\"> No puede eliminar listas personalizadas integradas predefinidas (nombres de semanas y meses) en Excel.<\/p>\n<div class=\"gb-container gb-container-4db6181c gb-container-mt\"> <a class=\"gb-button gb-button-c5897111 gb-button-text gb-button-mt-button\" href=\"https:\/\/exceladvisor.org\/es\/avance-de-excel\/\">Tutoriales avanzados de Excel<\/a><\/p>\n<h2 class=\"gb-headline gb-headline-665e5f6b gb-headline-text gb-headline-mt-heading\"> Tutoriales relacionados <\/h2>\n<div class=\"gb-grid-wrapper gb-grid-wrapper-a20baf7c gb-grid-wrapper-mt-grid\">\n<div class=\"gb-grid-column gb-grid-column-65ddf67e\">\n<div class=\"gb-container gb-container-65ddf67e\">\n<ul>\n<li> <a href=\"https:\/\/exceladvisor.org\/es\/herramienta-de-camara\/\">Herramienta de c\u00e1mara de Excel<\/a><\/li>\n<li> <a href=\"https:\/\/exceladvisor.org\/es\/buscar-objetivo\/\">Buscador de objetivos en Excel<\/a><\/li>\n<li> <a href=\"https:\/\/exceladvisor.org\/es\/ver-ventana\/\">Ventana de observaci\u00f3n en Excel<\/a><\/li>\n<li> <a href=\"https:\/\/exceladvisor.org\/es\/rebanador-de-excel\/\">Cortadora de Excel (gu\u00eda completa)<\/a><\/li>\n<li> <a href=\"https:\/\/exceladvisor.org\/es\/excel-por-defecto-en-mac\/\">Hacer que Excel sea el predeterminado en Mac<\/a><\/li>\n<\/ul>\n<\/div>\n<\/div>\n<\/div>\n<\/div>\n","protected":false},"excerpt":{"rendered":"<p>Las listas personalizadas en Excel son listas que los usuarios pueden crear seg\u00fan sea necesario y usar para completar autom\u00e1ticamente rangos de celdas y ordenar datos seg\u00fan estas listas. La funci\u00f3n de lista personalizada es muy \u00fatil para usuarios que trabajan principalmente con conjuntos de datos similares. Los usuarios pueden crear sus listas personalizadas como [&hellip;]<\/p>\n","protected":false},"author":1,"featured_media":0,"parent":0,"menu_order":0,"comment_status":"open","ping_status":"closed","template":"","meta":{"ub_ctt_via":"","footnotes":""},"class_list":["post-450","page","type-page","status-publish","hentry"],"featured_image_src":null,"yoast_head":"<!-- This site is optimized with the Yoast SEO plugin v25.4 - https:\/\/yoast.com\/wordpress\/plugins\/seo\/ -->\n<title>\u00bfc\u00f3mo crear una lista personalizada en excel?<\/title>\n<meta name=\"robots\" content=\"index, follow, max-snippet:-1, max-image-preview:large, max-video-preview:-1\" \/>\n<link rel=\"canonical\" href=\"https:\/\/exceladvisor.org\/es\/listas-personalizadas\/\" \/>\n<meta property=\"og:locale\" content=\"es_ES\" \/>\n<meta property=\"og:type\" content=\"article\" \/>\n<meta property=\"og:title\" content=\"\u00bfc\u00f3mo crear una lista personalizada en excel?\" \/>\n<meta property=\"og:description\" content=\"Las listas personalizadas en Excel son listas que los usuarios pueden crear seg\u00fan sea necesario y usar para completar autom\u00e1ticamente rangos de celdas y ordenar datos seg\u00fan estas listas. La funci\u00f3n de lista personalizada es muy \u00fatil para usuarios que trabajan principalmente con conjuntos de datos similares. Los usuarios pueden crear sus listas personalizadas como [&hellip;]\" \/>\n<meta property=\"og:url\" content=\"https:\/\/exceladvisor.org\/es\/listas-personalizadas\/\" \/>\n<meta property=\"og:site_name\" content=\"Excel Advisor\" \/>\n<meta property=\"article:modified_time\" content=\"2023-12-25T10:25:28+00:00\" \/>\n<meta property=\"og:image\" content=\"https:\/\/exceladvisor.org\/wp-content\/uploads\/2023\/08\/1-remplissage-automatique-a-laide-de-la-poignee-de-remplissage-min.gif\" \/>\n<meta name=\"twitter:card\" content=\"summary_large_image\" \/>\n<meta name=\"twitter:label1\" content=\"Tiempo de lectura\" \/>\n\t<meta name=\"twitter:data1\" content=\"3 minutos\" \/>\n<script type=\"application\/ld+json\" class=\"yoast-schema-graph\">{\"@context\":\"https:\/\/schema.org\",\"@graph\":[{\"@type\":\"WebPage\",\"@id\":\"https:\/\/exceladvisor.org\/es\/listas-personalizadas\/\",\"url\":\"https:\/\/exceladvisor.org\/es\/listas-personalizadas\/\",\"name\":\"\u00bfc\u00f3mo crear una lista personalizada en excel?\",\"isPartOf\":{\"@id\":\"https:\/\/exceladvisor.org\/es\/#website\"},\"primaryImageOfPage\":{\"@id\":\"https:\/\/exceladvisor.org\/es\/listas-personalizadas\/#primaryimage\"},\"image\":{\"@id\":\"https:\/\/exceladvisor.org\/es\/listas-personalizadas\/#primaryimage\"},\"thumbnailUrl\":\"https:\/\/exceladvisor.org\/wp-content\/uploads\/2023\/08\/1-remplissage-automatique-a-laide-de-la-poignee-de-remplissage-min.gif\",\"datePublished\":\"2023-10-28T00:51:49+00:00\",\"dateModified\":\"2023-12-25T10:25:28+00:00\",\"breadcrumb\":{\"@id\":\"https:\/\/exceladvisor.org\/es\/listas-personalizadas\/#breadcrumb\"},\"inLanguage\":\"es\",\"potentialAction\":[{\"@type\":\"ReadAction\",\"target\":[\"https:\/\/exceladvisor.org\/es\/listas-personalizadas\/\"]}]},{\"@type\":\"ImageObject\",\"inLanguage\":\"es\",\"@id\":\"https:\/\/exceladvisor.org\/es\/listas-personalizadas\/#primaryimage\",\"url\":\"https:\/\/exceladvisor.org\/wp-content\/uploads\/2023\/08\/1-remplissage-automatique-a-laide-de-la-poignee-de-remplissage-min.gif\",\"contentUrl\":\"https:\/\/exceladvisor.org\/wp-content\/uploads\/2023\/08\/1-remplissage-automatique-a-laide-de-la-poignee-de-remplissage-min.gif\"},{\"@type\":\"BreadcrumbList\",\"@id\":\"https:\/\/exceladvisor.org\/es\/listas-personalizadas\/#breadcrumb\",\"itemListElement\":[{\"@type\":\"ListItem\",\"position\":1,\"name\":\"Hogar\",\"item\":\"https:\/\/exceladvisor.org\/es\/\"},{\"@type\":\"ListItem\",\"position\":2,\"name\":\"\u00bfc\u00f3mo crear una lista personalizada en excel?\"}]},{\"@type\":\"WebSite\",\"@id\":\"https:\/\/exceladvisor.org\/es\/#website\",\"url\":\"https:\/\/exceladvisor.org\/es\/\",\"name\":\"Excel Advisor\",\"description\":\"Su gu\u00eda para la dominaci\u00f3n de datos!\",\"publisher\":{\"@id\":\"https:\/\/exceladvisor.org\/es\/#organization\"},\"potentialAction\":[{\"@type\":\"SearchAction\",\"target\":{\"@type\":\"EntryPoint\",\"urlTemplate\":\"https:\/\/exceladvisor.org\/es\/?s={search_term_string}\"},\"query-input\":{\"@type\":\"PropertyValueSpecification\",\"valueRequired\":true,\"valueName\":\"search_term_string\"}}],\"inLanguage\":\"es\"},{\"@type\":\"Organization\",\"@id\":\"https:\/\/exceladvisor.org\/es\/#organization\",\"name\":\"Excel Advisor\",\"url\":\"https:\/\/exceladvisor.org\/es\/\",\"logo\":{\"@type\":\"ImageObject\",\"inLanguage\":\"es\",\"@id\":\"https:\/\/exceladvisor.org\/es\/#\/schema\/logo\/image\/\",\"url\":\"https:\/\/exceladvisor.org\/es\/wp-content\/uploads\/2023\/12\/exceladvisor.org_.png\",\"contentUrl\":\"https:\/\/exceladvisor.org\/es\/wp-content\/uploads\/2023\/12\/exceladvisor.org_.png\",\"width\":105,\"height\":36,\"caption\":\"Excel Advisor\"},\"image\":{\"@id\":\"https:\/\/exceladvisor.org\/es\/#\/schema\/logo\/image\/\"}}]}<\/script>\n<!-- \/ Yoast SEO plugin. -->","yoast_head_json":{"title":"\u00bfc\u00f3mo crear una lista personalizada en excel?","robots":{"index":"index","follow":"follow","max-snippet":"max-snippet:-1","max-image-preview":"max-image-preview:large","max-video-preview":"max-video-preview:-1"},"canonical":"https:\/\/exceladvisor.org\/es\/listas-personalizadas\/","og_locale":"es_ES","og_type":"article","og_title":"\u00bfc\u00f3mo crear una lista personalizada en excel?","og_description":"Las listas personalizadas en Excel son listas que los usuarios pueden crear seg\u00fan sea necesario y usar para completar autom\u00e1ticamente rangos de celdas y ordenar datos seg\u00fan estas listas. La funci\u00f3n de lista personalizada es muy \u00fatil para usuarios que trabajan principalmente con conjuntos de datos similares. Los usuarios pueden crear sus listas personalizadas como [&hellip;]","og_url":"https:\/\/exceladvisor.org\/es\/listas-personalizadas\/","og_site_name":"Excel Advisor","article_modified_time":"2023-12-25T10:25:28+00:00","og_image":[{"url":"https:\/\/exceladvisor.org\/wp-content\/uploads\/2023\/08\/1-remplissage-automatique-a-laide-de-la-poignee-de-remplissage-min.gif","type":"","width":"","height":""}],"twitter_card":"summary_large_image","twitter_misc":{"Tiempo de lectura":"3 minutos"},"schema":{"@context":"https:\/\/schema.org","@graph":[{"@type":"WebPage","@id":"https:\/\/exceladvisor.org\/es\/listas-personalizadas\/","url":"https:\/\/exceladvisor.org\/es\/listas-personalizadas\/","name":"\u00bfc\u00f3mo crear una lista personalizada en excel?","isPartOf":{"@id":"https:\/\/exceladvisor.org\/es\/#website"},"primaryImageOfPage":{"@id":"https:\/\/exceladvisor.org\/es\/listas-personalizadas\/#primaryimage"},"image":{"@id":"https:\/\/exceladvisor.org\/es\/listas-personalizadas\/#primaryimage"},"thumbnailUrl":"https:\/\/exceladvisor.org\/wp-content\/uploads\/2023\/08\/1-remplissage-automatique-a-laide-de-la-poignee-de-remplissage-min.gif","datePublished":"2023-10-28T00:51:49+00:00","dateModified":"2023-12-25T10:25:28+00:00","breadcrumb":{"@id":"https:\/\/exceladvisor.org\/es\/listas-personalizadas\/#breadcrumb"},"inLanguage":"es","potentialAction":[{"@type":"ReadAction","target":["https:\/\/exceladvisor.org\/es\/listas-personalizadas\/"]}]},{"@type":"ImageObject","inLanguage":"es","@id":"https:\/\/exceladvisor.org\/es\/listas-personalizadas\/#primaryimage","url":"https:\/\/exceladvisor.org\/wp-content\/uploads\/2023\/08\/1-remplissage-automatique-a-laide-de-la-poignee-de-remplissage-min.gif","contentUrl":"https:\/\/exceladvisor.org\/wp-content\/uploads\/2023\/08\/1-remplissage-automatique-a-laide-de-la-poignee-de-remplissage-min.gif"},{"@type":"BreadcrumbList","@id":"https:\/\/exceladvisor.org\/es\/listas-personalizadas\/#breadcrumb","itemListElement":[{"@type":"ListItem","position":1,"name":"Hogar","item":"https:\/\/exceladvisor.org\/es\/"},{"@type":"ListItem","position":2,"name":"\u00bfc\u00f3mo crear una lista personalizada en excel?"}]},{"@type":"WebSite","@id":"https:\/\/exceladvisor.org\/es\/#website","url":"https:\/\/exceladvisor.org\/es\/","name":"Excel Advisor","description":"Su gu\u00eda para la dominaci\u00f3n de datos!","publisher":{"@id":"https:\/\/exceladvisor.org\/es\/#organization"},"potentialAction":[{"@type":"SearchAction","target":{"@type":"EntryPoint","urlTemplate":"https:\/\/exceladvisor.org\/es\/?s={search_term_string}"},"query-input":{"@type":"PropertyValueSpecification","valueRequired":true,"valueName":"search_term_string"}}],"inLanguage":"es"},{"@type":"Organization","@id":"https:\/\/exceladvisor.org\/es\/#organization","name":"Excel Advisor","url":"https:\/\/exceladvisor.org\/es\/","logo":{"@type":"ImageObject","inLanguage":"es","@id":"https:\/\/exceladvisor.org\/es\/#\/schema\/logo\/image\/","url":"https:\/\/exceladvisor.org\/es\/wp-content\/uploads\/2023\/12\/exceladvisor.org_.png","contentUrl":"https:\/\/exceladvisor.org\/es\/wp-content\/uploads\/2023\/12\/exceladvisor.org_.png","width":105,"height":36,"caption":"Excel Advisor"},"image":{"@id":"https:\/\/exceladvisor.org\/es\/#\/schema\/logo\/image\/"}}]}},"yoast_meta":{"yoast_wpseo_title":"","yoast_wpseo_metadesc":"","yoast_wpseo_canonical":""},"_links":{"self":[{"href":"https:\/\/exceladvisor.org\/es\/wp-json\/wp\/v2\/pages\/450","targetHints":{"allow":["GET"]}}],"collection":[{"href":"https:\/\/exceladvisor.org\/es\/wp-json\/wp\/v2\/pages"}],"about":[{"href":"https:\/\/exceladvisor.org\/es\/wp-json\/wp\/v2\/types\/page"}],"author":[{"embeddable":true,"href":"https:\/\/exceladvisor.org\/es\/wp-json\/wp\/v2\/users\/1"}],"replies":[{"embeddable":true,"href":"https:\/\/exceladvisor.org\/es\/wp-json\/wp\/v2\/comments?post=450"}],"version-history":[{"count":1,"href":"https:\/\/exceladvisor.org\/es\/wp-json\/wp\/v2\/pages\/450\/revisions"}],"predecessor-version":[{"id":1065,"href":"https:\/\/exceladvisor.org\/es\/wp-json\/wp\/v2\/pages\/450\/revisions\/1065"}],"wp:attachment":[{"href":"https:\/\/exceladvisor.org\/es\/wp-json\/wp\/v2\/media?parent=450"}],"curies":[{"name":"wp","href":"https:\/\/api.w.org\/{rel}","templated":true}]}}