{"id":451,"date":"2023-10-27T23:50:11","date_gmt":"2023-10-27T23:50:11","guid":{"rendered":"https:\/\/exceladvisor.org\/es\/insertar-una-imagen\/"},"modified":"2023-12-25T10:33:21","modified_gmt":"2023-12-25T10:33:21","slug":"insertar-una-imagen","status":"publish","type":"page","link":"https:\/\/exceladvisor.org\/es\/insertar-una-imagen\/","title":{"rendered":"Insertar una imagen en una celda en excel"},"content":{"rendered":"<div class=\"excel-antes-del-contenido\" id=\"excel-514523002\"><script type=\"text\/javascript\">\r\n\tatOptions = {\r\n\t\t'key' : 'c1158f160081d6540a8409e6925dab94',\r\n\t\t'format' : 'iframe',\r\n\t\t'height' : 250,\r\n\t\t'width' : 300,\r\n\t\t'params' : {}\r\n\t};\r\n<\/script>\r\n<script type=\"text\/javascript\" src=\"\/\/www.highperformanceformat.com\/c1158f160081d6540a8409e6925dab94\/invoke.js\"><\/script><\/div><p>Como todo el mundo sabe, Excel se utiliza principalmente para trabajar con n\u00fameros y datos de texto, pero Excel tambi\u00e9n tiene la capacidad de insertar im\u00e1genes en las celdas. Insertar la imagen en una celda es una tarea muy sencilla y puedes insertar la imagen desde tu sistema local o en l\u00ednea.<\/p>\n<p> A veces te encuentras en una situaci\u00f3n en la que trabajas en una organizaci\u00f3n en la que deseas incluir im\u00e1genes y datos para proporcionar los elementos visuales a esos datos a los que se hace referencia.<\/p>\n<p> Suponga que est\u00e1 trabajando en una empresa de fabricaci\u00f3n de productos donde necesita mantener los detalles de su producto en Excel y tambi\u00e9n desea agregar las im\u00e1genes de referencia de esos productos; All\u00ed puede utilizar la funci\u00f3n Insertar imagen de Excel.<\/p>\n<p> Hay muchos tipos de organizaciones en las que siempre se necesita esta funci\u00f3n, como bienes ra\u00edces, logotipos o dise\u00f1o de edificios, y muchas m\u00e1s para mostrar las im\u00e1genes de referencia con los datos.<\/p>\n<h2 class=\"wp-block-heading\"> Pasos para insertar una imagen en una celda<\/h2>\n<ol>\n<li> Primero, vaya a la pesta\u00f1a \u00abInsertar\u00bb en la cinta, luego haga clic en el icono \u00abIm\u00e1genes\u00bb debajo del grupo \u00abIlustraciones\u00bb.<\/li>\n<li> Una vez que haces clic en \u00abIm\u00e1genes\u00bb, se abre el cuadro desplegable para elegir d\u00f3nde deseas insertar una imagen desde tu sistema local o en l\u00ednea.<\/li>\n<li> Despu\u00e9s de eso, haga clic en \u00abEste dispositivo\u00bb para insertar la imagen de su sistema local o conectado o haga clic en \u00abIm\u00e1genes en l\u00ednea\u00bb si desea insertar la imagen en l\u00ednea. <br \/><img loading=\"lazy\" decoding=\"async\" title=\"1-insertar-imagen-en-excel\" src=\"https:\/\/exceladvisor.org\/wp-content\/uploads\/2023\/08\/1-insertion-dimage-dans-excel.png\" sizes=\"auto, \" srcset=\"\" alt=\"insert-picture-in-excel\" width=\"414\" height=\"207\"><\/li>\n<li> Aqu\u00ed, ubique y elija la imagen que desea insertar y haga clic en el bot\u00f3n \u201cInsertar\u201d. <br \/><img loading=\"lazy\" decoding=\"async\" title=\"2-elige-la-foto\" src=\"https:\/\/exceladvisor.org\/wp-content\/uploads\/2023\/08\/2-choisir-limage.png\" sizes=\"auto, \" srcset=\"\" alt=\"choose-the-picture\" width=\"648\" height=\"407\"><\/li>\n<li> Una vez que haga clic en \u00abInsertar\u00bb, la imagen se insertar\u00e1 en la hoja de c\u00e1lculo.<\/li>\n<li> Ahora, coloque el cursor del mouse sobre cualquier borde de forma redonda, luego arrastre y reduzca la imagen para cambiar su tama\u00f1o y que quepa en una celda. <br \/><img loading=\"lazy\" decoding=\"async\" title=\"3-cambiar el tama\u00f1o de la imagen\" src=\"https:\/\/exceladvisor.org\/wp-content\/uploads\/2023\/08\/3-redimensionner-limage.png\" sizes=\"auto, \" srcset=\"\" alt=\"resize-the-image\" width=\"582\" height=\"157\"><\/li>\n<li> Una vez redimensionado, con el clic del mouse, mantenga presionado uno de los bordes y arrastre la imagen a la celda donde desea colocarla. <br \/><img loading=\"lazy\" decoding=\"async\" title=\"4-arrastra la imagen\" src=\"https:\/\/exceladvisor.org\/wp-content\/uploads\/2023\/08\/4-faites-glisser-limage.png\" sizes=\"auto, \" srcset=\"\" alt=\"drag-the-image\" width=\"491\" height=\"173\"><\/li>\n<\/ol>\n<h2 class=\"wp-block-heading\"> Bloquear imagen en celda<\/h2>\n<p> La imagen, por defecto, no se fija ni permanece en su lugar despu\u00e9s de que las asignamos a sus respectivas celdas, lo que significa que al cambiar el tama\u00f1o de la celda, la imagen se puede mover libremente a otro lugar.<\/p>\n<p> Entonces, despu\u00e9s de colocar la imagen, debemos bloquearla para que la imagen quede incrustada en la celda y no se mueva de su lugar. Para hacer esto, siga los pasos a continuaci\u00f3n despu\u00e9s de insertar la imagen.<\/p>\n<ol>\n<li> Primero, haga clic derecho en la imagen\/imagen y abrir\u00e1 la lista desplegable.<\/li>\n<li> Despu\u00e9s de eso, elija la opci\u00f3n \u00abTama\u00f1o y propiedades\u00bb. <br \/><img loading=\"lazy\" decoding=\"async\" title=\"Opci\u00f3n de 5 tama\u00f1os y propiedades\" src=\"https:\/\/exceladvisor.org\/wp-content\/uploads\/2023\/08\/5-options-de-taille-et-de-proprietes.png\" sizes=\"auto, \" srcset=\"\" alt=\"size-and-properties-option\" width=\"651\" height=\"374\"><\/li>\n<li> Ahora seleccione la opci\u00f3n \u00abMover y dimensionar con celdas\u00bb para que pueda bloquearse en esta celda y solo moverse dentro de la celda. <br \/><img loading=\"lazy\" decoding=\"async\" title=\"6-movimiento-y-tama\u00f1o-con-celdas\" src=\"https:\/\/exceladvisor.org\/wp-content\/uploads\/2023\/08\/6-deplacer-et-dimensionner-avec-des-cellules.png\" sizes=\"auto, \" srcset=\"\" alt=\"move-and-size-with-cells\" width=\"746\" height=\"501\"><\/li>\n<\/ol>\n<p> Ahora esta imagen s\u00f3lo se mover\u00e1 con el movimiento de la celda; por ejemplo, ahora que he insertado la fila entre las columnas \u00abB\u00bb y \u00abC\u00bb, la imagen se ha movido hacia la derecha con el movimiento de la celda.<\/p>\n<p> Cuando cambi\u00e9 el tama\u00f1o de la celda, la imagen se ajust\u00f3 en consecuencia y no se movi\u00f3 fuera de la celda. <\/p>\n<div class=\"wp-block-image\">\n<figure class=\"aligncenter size-full is-resized\"><img loading=\"lazy\" decoding=\"async\" class=\"wp-image-79183\" src=\"https:\/\/exceladvisor.org\/wp-content\/uploads\/2023\/08\/7-image-enfermee-dans-une-cellule.png\" sizes=\"auto, \" srcset=\"\" alt=\"imagen-bloqueada-en-la-celda\" width=\"538\" height=\"125\"><\/figure>\n<\/div>\n<div class=\"gb-container gb-container-4db6181c gb-container-mt\"> <a class=\"gb-button gb-button-c5897111 gb-button-text gb-button-mt-button\" href=\"https:\/\/exceladvisor.org\/es\/avance-de-excel\/\">Tutoriales avanzados de Excel<\/a><\/p>\n<h2 class=\"gb-headline gb-headline-665e5f6b gb-headline-text gb-headline-mt-heading\"> Tutoriales relacionados <\/h2>\n<div class=\"gb-grid-wrapper gb-grid-wrapper-a20baf7c gb-grid-wrapper-mt-grid\">\n<div class=\"gb-grid-column gb-grid-column-65ddf67e\">\n<div class=\"gb-container gb-container-65ddf67e\">\n<ul>\n<li> <a href=\"https:\/\/exceladvisor.org\/es\/herramienta-de-camara\/\">Herramienta de c\u00e1mara de Excel<\/a><\/li>\n<li> <a href=\"https:\/\/exceladvisor.org\/es\/buscar-objetivo\/\">Buscador de objetivos en Excel<\/a><\/li>\n<li> <a href=\"https:\/\/exceladvisor.org\/es\/ver-ventana\/\">Ventana de observaci\u00f3n en Excel<\/a><\/li>\n<li> <a href=\"https:\/\/exceladvisor.org\/es\/rebanador-de-excel\/\">Cortadora de Excel (gu\u00eda completa)<\/a><\/li>\n<li> <a href=\"https:\/\/exceladvisor.org\/es\/excel-por-defecto-en-mac\/\">Hacer que Excel sea el predeterminado en Mac<\/a><\/li>\n<\/ul>\n<\/div>\n<\/div>\n<\/div>\n<\/div>\n","protected":false},"excerpt":{"rendered":"<p>Como todo el mundo sabe, Excel se utiliza principalmente para trabajar con n\u00fameros y datos de texto, pero Excel tambi\u00e9n tiene la capacidad de insertar im\u00e1genes en las celdas. Insertar la imagen en una celda es una tarea muy sencilla y puedes insertar la imagen desde tu sistema local o en l\u00ednea. A veces te [&hellip;]<\/p>\n","protected":false},"author":1,"featured_media":0,"parent":0,"menu_order":0,"comment_status":"open","ping_status":"closed","template":"","meta":{"ub_ctt_via":"","footnotes":""},"class_list":["post-451","page","type-page","status-publish","hentry"],"featured_image_src":null,"yoast_head":"<!-- This site is optimized with the Yoast SEO plugin v25.4 - https:\/\/yoast.com\/wordpress\/plugins\/seo\/ -->\n<title>Insertar una imagen en una celda en excel<\/title>\n<meta name=\"robots\" content=\"index, follow, max-snippet:-1, max-image-preview:large, max-video-preview:-1\" \/>\n<link rel=\"canonical\" href=\"https:\/\/exceladvisor.org\/es\/insertar-una-imagen\/\" \/>\n<meta property=\"og:locale\" content=\"es_ES\" \/>\n<meta property=\"og:type\" content=\"article\" \/>\n<meta property=\"og:title\" content=\"Insertar una imagen en una celda en excel\" \/>\n<meta property=\"og:description\" content=\"Como todo el mundo sabe, Excel se utiliza principalmente para trabajar con n\u00fameros y datos de texto, pero Excel tambi\u00e9n tiene la capacidad de insertar im\u00e1genes en las celdas. Insertar la imagen en una celda es una tarea muy sencilla y puedes insertar la imagen desde tu sistema local o en l\u00ednea. A veces te [&hellip;]\" \/>\n<meta property=\"og:url\" content=\"https:\/\/exceladvisor.org\/es\/insertar-una-imagen\/\" \/>\n<meta property=\"og:site_name\" content=\"Excel Advisor\" \/>\n<meta property=\"article:modified_time\" content=\"2023-12-25T10:33:21+00:00\" \/>\n<meta property=\"og:image\" content=\"https:\/\/exceladvisor.org\/wp-content\/uploads\/2023\/08\/1-insertion-dimage-dans-excel.png\" \/>\n<meta name=\"twitter:card\" content=\"summary_large_image\" \/>\n<meta name=\"twitter:label1\" content=\"Tiempo de lectura\" \/>\n\t<meta name=\"twitter:data1\" content=\"3 minutos\" \/>\n<script type=\"application\/ld+json\" class=\"yoast-schema-graph\">{\"@context\":\"https:\/\/schema.org\",\"@graph\":[{\"@type\":\"WebPage\",\"@id\":\"https:\/\/exceladvisor.org\/es\/insertar-una-imagen\/\",\"url\":\"https:\/\/exceladvisor.org\/es\/insertar-una-imagen\/\",\"name\":\"Insertar una imagen en una celda en excel\",\"isPartOf\":{\"@id\":\"https:\/\/exceladvisor.org\/es\/#website\"},\"primaryImageOfPage\":{\"@id\":\"https:\/\/exceladvisor.org\/es\/insertar-una-imagen\/#primaryimage\"},\"image\":{\"@id\":\"https:\/\/exceladvisor.org\/es\/insertar-una-imagen\/#primaryimage\"},\"thumbnailUrl\":\"https:\/\/exceladvisor.org\/wp-content\/uploads\/2023\/08\/1-insertion-dimage-dans-excel.png\",\"datePublished\":\"2023-10-27T23:50:11+00:00\",\"dateModified\":\"2023-12-25T10:33:21+00:00\",\"breadcrumb\":{\"@id\":\"https:\/\/exceladvisor.org\/es\/insertar-una-imagen\/#breadcrumb\"},\"inLanguage\":\"es\",\"potentialAction\":[{\"@type\":\"ReadAction\",\"target\":[\"https:\/\/exceladvisor.org\/es\/insertar-una-imagen\/\"]}]},{\"@type\":\"ImageObject\",\"inLanguage\":\"es\",\"@id\":\"https:\/\/exceladvisor.org\/es\/insertar-una-imagen\/#primaryimage\",\"url\":\"https:\/\/exceladvisor.org\/wp-content\/uploads\/2023\/08\/1-insertion-dimage-dans-excel.png\",\"contentUrl\":\"https:\/\/exceladvisor.org\/wp-content\/uploads\/2023\/08\/1-insertion-dimage-dans-excel.png\"},{\"@type\":\"BreadcrumbList\",\"@id\":\"https:\/\/exceladvisor.org\/es\/insertar-una-imagen\/#breadcrumb\",\"itemListElement\":[{\"@type\":\"ListItem\",\"position\":1,\"name\":\"Hogar\",\"item\":\"https:\/\/exceladvisor.org\/es\/\"},{\"@type\":\"ListItem\",\"position\":2,\"name\":\"Insertar una imagen en una celda en excel\"}]},{\"@type\":\"WebSite\",\"@id\":\"https:\/\/exceladvisor.org\/es\/#website\",\"url\":\"https:\/\/exceladvisor.org\/es\/\",\"name\":\"Excel Advisor\",\"description\":\"Su gu\u00eda para la dominaci\u00f3n de datos!\",\"publisher\":{\"@id\":\"https:\/\/exceladvisor.org\/es\/#organization\"},\"potentialAction\":[{\"@type\":\"SearchAction\",\"target\":{\"@type\":\"EntryPoint\",\"urlTemplate\":\"https:\/\/exceladvisor.org\/es\/?s={search_term_string}\"},\"query-input\":{\"@type\":\"PropertyValueSpecification\",\"valueRequired\":true,\"valueName\":\"search_term_string\"}}],\"inLanguage\":\"es\"},{\"@type\":\"Organization\",\"@id\":\"https:\/\/exceladvisor.org\/es\/#organization\",\"name\":\"Excel Advisor\",\"url\":\"https:\/\/exceladvisor.org\/es\/\",\"logo\":{\"@type\":\"ImageObject\",\"inLanguage\":\"es\",\"@id\":\"https:\/\/exceladvisor.org\/es\/#\/schema\/logo\/image\/\",\"url\":\"https:\/\/exceladvisor.org\/es\/wp-content\/uploads\/2023\/12\/exceladvisor.org_.png\",\"contentUrl\":\"https:\/\/exceladvisor.org\/es\/wp-content\/uploads\/2023\/12\/exceladvisor.org_.png\",\"width\":105,\"height\":36,\"caption\":\"Excel Advisor\"},\"image\":{\"@id\":\"https:\/\/exceladvisor.org\/es\/#\/schema\/logo\/image\/\"}}]}<\/script>\n<!-- \/ Yoast SEO plugin. -->","yoast_head_json":{"title":"Insertar una imagen en una celda en excel","robots":{"index":"index","follow":"follow","max-snippet":"max-snippet:-1","max-image-preview":"max-image-preview:large","max-video-preview":"max-video-preview:-1"},"canonical":"https:\/\/exceladvisor.org\/es\/insertar-una-imagen\/","og_locale":"es_ES","og_type":"article","og_title":"Insertar una imagen en una celda en excel","og_description":"Como todo el mundo sabe, Excel se utiliza principalmente para trabajar con n\u00fameros y datos de texto, pero Excel tambi\u00e9n tiene la capacidad de insertar im\u00e1genes en las celdas. Insertar la imagen en una celda es una tarea muy sencilla y puedes insertar la imagen desde tu sistema local o en l\u00ednea. A veces te [&hellip;]","og_url":"https:\/\/exceladvisor.org\/es\/insertar-una-imagen\/","og_site_name":"Excel Advisor","article_modified_time":"2023-12-25T10:33:21+00:00","og_image":[{"url":"https:\/\/exceladvisor.org\/wp-content\/uploads\/2023\/08\/1-insertion-dimage-dans-excel.png","type":"","width":"","height":""}],"twitter_card":"summary_large_image","twitter_misc":{"Tiempo de lectura":"3 minutos"},"schema":{"@context":"https:\/\/schema.org","@graph":[{"@type":"WebPage","@id":"https:\/\/exceladvisor.org\/es\/insertar-una-imagen\/","url":"https:\/\/exceladvisor.org\/es\/insertar-una-imagen\/","name":"Insertar una imagen en una celda en excel","isPartOf":{"@id":"https:\/\/exceladvisor.org\/es\/#website"},"primaryImageOfPage":{"@id":"https:\/\/exceladvisor.org\/es\/insertar-una-imagen\/#primaryimage"},"image":{"@id":"https:\/\/exceladvisor.org\/es\/insertar-una-imagen\/#primaryimage"},"thumbnailUrl":"https:\/\/exceladvisor.org\/wp-content\/uploads\/2023\/08\/1-insertion-dimage-dans-excel.png","datePublished":"2023-10-27T23:50:11+00:00","dateModified":"2023-12-25T10:33:21+00:00","breadcrumb":{"@id":"https:\/\/exceladvisor.org\/es\/insertar-una-imagen\/#breadcrumb"},"inLanguage":"es","potentialAction":[{"@type":"ReadAction","target":["https:\/\/exceladvisor.org\/es\/insertar-una-imagen\/"]}]},{"@type":"ImageObject","inLanguage":"es","@id":"https:\/\/exceladvisor.org\/es\/insertar-una-imagen\/#primaryimage","url":"https:\/\/exceladvisor.org\/wp-content\/uploads\/2023\/08\/1-insertion-dimage-dans-excel.png","contentUrl":"https:\/\/exceladvisor.org\/wp-content\/uploads\/2023\/08\/1-insertion-dimage-dans-excel.png"},{"@type":"BreadcrumbList","@id":"https:\/\/exceladvisor.org\/es\/insertar-una-imagen\/#breadcrumb","itemListElement":[{"@type":"ListItem","position":1,"name":"Hogar","item":"https:\/\/exceladvisor.org\/es\/"},{"@type":"ListItem","position":2,"name":"Insertar una imagen en una celda en excel"}]},{"@type":"WebSite","@id":"https:\/\/exceladvisor.org\/es\/#website","url":"https:\/\/exceladvisor.org\/es\/","name":"Excel Advisor","description":"Su gu\u00eda para la dominaci\u00f3n de datos!","publisher":{"@id":"https:\/\/exceladvisor.org\/es\/#organization"},"potentialAction":[{"@type":"SearchAction","target":{"@type":"EntryPoint","urlTemplate":"https:\/\/exceladvisor.org\/es\/?s={search_term_string}"},"query-input":{"@type":"PropertyValueSpecification","valueRequired":true,"valueName":"search_term_string"}}],"inLanguage":"es"},{"@type":"Organization","@id":"https:\/\/exceladvisor.org\/es\/#organization","name":"Excel Advisor","url":"https:\/\/exceladvisor.org\/es\/","logo":{"@type":"ImageObject","inLanguage":"es","@id":"https:\/\/exceladvisor.org\/es\/#\/schema\/logo\/image\/","url":"https:\/\/exceladvisor.org\/es\/wp-content\/uploads\/2023\/12\/exceladvisor.org_.png","contentUrl":"https:\/\/exceladvisor.org\/es\/wp-content\/uploads\/2023\/12\/exceladvisor.org_.png","width":105,"height":36,"caption":"Excel Advisor"},"image":{"@id":"https:\/\/exceladvisor.org\/es\/#\/schema\/logo\/image\/"}}]}},"yoast_meta":{"yoast_wpseo_title":"","yoast_wpseo_metadesc":"","yoast_wpseo_canonical":""},"_links":{"self":[{"href":"https:\/\/exceladvisor.org\/es\/wp-json\/wp\/v2\/pages\/451","targetHints":{"allow":["GET"]}}],"collection":[{"href":"https:\/\/exceladvisor.org\/es\/wp-json\/wp\/v2\/pages"}],"about":[{"href":"https:\/\/exceladvisor.org\/es\/wp-json\/wp\/v2\/types\/page"}],"author":[{"embeddable":true,"href":"https:\/\/exceladvisor.org\/es\/wp-json\/wp\/v2\/users\/1"}],"replies":[{"embeddable":true,"href":"https:\/\/exceladvisor.org\/es\/wp-json\/wp\/v2\/comments?post=451"}],"version-history":[{"count":1,"href":"https:\/\/exceladvisor.org\/es\/wp-json\/wp\/v2\/pages\/451\/revisions"}],"predecessor-version":[{"id":1472,"href":"https:\/\/exceladvisor.org\/es\/wp-json\/wp\/v2\/pages\/451\/revisions\/1472"}],"wp:attachment":[{"href":"https:\/\/exceladvisor.org\/es\/wp-json\/wp\/v2\/media?parent=451"}],"curies":[{"name":"wp","href":"https:\/\/api.w.org\/{rel}","templated":true}]}}