{"id":452,"date":"2023-10-27T23:44:57","date_gmt":"2023-10-27T23:44:57","guid":{"rendered":"https:\/\/exceladvisor.org\/es\/encontrar-rango-de-nombres\/"},"modified":"2023-12-25T10:25:12","modified_gmt":"2023-12-25T10:25:12","slug":"encontrar-rango-de-nombres","status":"publish","type":"page","link":"https:\/\/exceladvisor.org\/es\/encontrar-rango-de-nombres\/","title":{"rendered":"\u00bfc\u00f3mo encontrar una variedad de nombres en excel?"},"content":{"rendered":"<div class=\"excel-antes-del-contenido\" id=\"excel-90311481\"><script type=\"text\/javascript\">\r\n\tatOptions = {\r\n\t\t'key' : 'c1158f160081d6540a8409e6925dab94',\r\n\t\t'format' : 'iframe',\r\n\t\t'height' : 250,\r\n\t\t'width' : 300,\r\n\t\t'params' : {}\r\n\t};\r\n<\/script>\r\n<script type=\"text\/javascript\" src=\"\/\/www.highperformanceformat.com\/c1158f160081d6540a8409e6925dab94\/invoke.js\"><\/script><\/div><p>En Excel, nombrar un rango de celdas es la forma m\u00e1s f\u00e1cil y r\u00e1pida de hacer referencia a esas celdas en la f\u00f3rmula. Puede crear varios rangos de nombres en la hoja de trabajo y usarlos como referencia de celda al aplicar la f\u00f3rmula.<\/p>\n<p> Pero a veces, si tiene varios rangos con nombres en el libro de trabajo, puede resultar dif\u00edcil recordar los nombres y las ubicaciones de los rangos de nombres.<\/p>\n<p> Entonces, en este tutorial, le mostraremos c\u00f3mo encontrar los rangos de nombres en el libro de trabajo actual.<\/p>\n<h2 class=\"wp-block-heading\"> Pasos para encontrar el rango de nombres usando el Administrador de nombres<\/h2>\n<p> El mejor m\u00e9todo recomendado para encontrar todos los rangos de nombres en todo el libro es utilizar el \u00abAdministrador de nombres\u00bb. Desde aqu\u00ed tambi\u00e9n puede editar las celdas relativas de cualquier rango con nombre y cambiar el nombre de cualquier rango con nombre siguiendo los pasos a continuaci\u00f3n:<\/p>\n<ol>\n<li> Primero, vaya a la pesta\u00f1a \u00abF\u00f3rmulas\u00bb, luego haga clic en el icono \u00abAdministrador de nombres\u00bb en el grupo \u00abNombres definidos\u00bb.<\/li>\n<li> O primero, mantenga presionada la tecla \u00abCtrl\u00bb y luego presione la tecla \u00abF3\u00bb. <br \/><img loading=\"lazy\" decoding=\"async\" title=\"-nombre-administrador-icono\" src=\"https:\/\/exceladvisor.org\/wp-content\/uploads\/2023\/08\/1-icone-de-gestionnaire-de-noms.png\" sizes=\"auto, \" srcset=\"\" alt=\"name-manager-icon\" width=\"726\" height=\"132\"><\/li>\n<li> En este punto, se abrir\u00e1 el cuadro de di\u00e1logo \u00abAdministrador de nombres\u00bb.<\/li>\n<li> En \u00e9l encontrar\u00e1 todos los rangos de nombres con sus nombres en la pesta\u00f1a \u00abNombre\u00bb y la ubicaci\u00f3n (nombre de la hoja), incluido el rango de celdas asignado a ellos en la pesta\u00f1a \u00abReferir\u00bb.<\/li>\n<li> Desde all\u00ed, haga doble clic en uno de los rangos de nombres que desea editar o navegue hasta las celdas relativas para ese rango de nombres. <br \/><img loading=\"lazy\" decoding=\"async\" title=\"-di\u00e1logo-nombre-administrador\" src=\"https:\/\/exceladvisor.org\/wp-content\/uploads\/2023\/08\/Boite-de-dialogue-du-gestionnaire-de-2-noms.png\" sizes=\"auto, \" srcset=\"\" alt=\"name-manager-dialog-box\" width=\"517\" height=\"405\"><\/li>\n<li> En el momento en que haga doble clic en el rango de nombres individual, se abrir\u00e1 el cuadro de di\u00e1logo para ese rango de nombres como se muestra en la imagen a continuaci\u00f3n.<\/li>\n<li> Ahora, para cambiar el nombre de este rango de nombres, vaya al campo \u00abNombre\u00bb, elimine el nombre existente y agregue el nuevo nombre, luego presione OK.<\/li>\n<li> Para acceder a las celdas referenciadas, haga clic en la \u00faltima de la referencia dada y lo llevar\u00e1 a las celdas referenciadas. <br \/><img loading=\"lazy\" decoding=\"async\" title=\"-editar cuadro de di\u00e1logo de rango de nombres\" src=\"https:\/\/exceladvisor.org\/wp-content\/uploads\/2023\/08\/3-boite-de-dialogue-de-modification-de-la-plage-de-noms.png\" sizes=\"auto, \" srcset=\"\" alt=\"edit-name-range-dialog-box\" width=\"299\" height=\"227\"><\/li>\n<li> Desde aqu\u00ed puede volver a seleccionar el rango de celdas y el rango se actualizar\u00e1.<\/li>\n<li> puede verlo en el campo \u00abSe refiere a\u00bb en el cuadro de di\u00e1logo, luego presione Aceptar. <br \/><img loading=\"lazy\" decoding=\"async\" title=\"-volver a seleccionar-rango\" src=\"https:\/\/exceladvisor.org\/wp-content\/uploads\/2023\/08\/4-reselectionner-la-gamme.png\" sizes=\"auto, \" srcset=\"\" alt=\"reselect-the-range\" width=\"446\" height=\"276\"><\/li>\n<\/ol>\n<h2 class=\"wp-block-heading\"> Encuentre el rango de nombres usando la opci\u00f3n Ir a<\/h2>\n<ol>\n<li> Primero, vaya a la pesta\u00f1a \u00abInicio\u00bb, luego haga clic en el icono \u00abBuscar y seleccionar\u00bb, luego haga clic en la opci\u00f3n \u00abIR A\u00bb para abrir el cuadro de di\u00e1logo \u00abIR A\u00bb.<\/li>\n<li> O simplemente presione el m\u00e9todo abreviado de teclado \u00abCtrl + G\u00bb y se abrir\u00e1 el cuadro de di\u00e1logo \u00abIR A\u00bb. <br \/><img loading=\"lazy\" decoding=\"async\" title=\"-ir a la opci\u00f3n\" src=\"https:\/\/exceladvisor.org\/wp-content\/uploads\/2023\/08\/5-aller-a-loption.png\" sizes=\"auto, \" srcset=\"\" alt=\"go-to-option\" width=\"653\" height=\"277\"><\/li>\n<li> Aqu\u00ed, en el cuadro de di\u00e1logo \u00abIR A\u00bb, encontrar\u00e1 todos los rangos de nombres en su libro de trabajo. <br \/><img loading=\"lazy\" decoding=\"async\" title=\"-ir al cuadro de di\u00e1logo\" src=\"https:\/\/exceladvisor.org\/wp-content\/uploads\/2023\/08\/6-aller-a-la-boite-de-dialogue.png\" sizes=\"auto, \" srcset=\"\" alt=\"go-to-dialog-box\" width=\"329\" height=\"270\"><\/li>\n<\/ol>\n<h2 class=\"wp-block-heading\"> Encuentre el rango de nombres alej\u00e1ndose<\/h2>\n<p> Para encontrar los rangos de nombres en la hoja de trabajo actual, simplemente aleje la hoja de trabajo al 30% y encontrar\u00e1 los nombres de los rangos de nombres resaltados en sus celdas relativas. <\/p>\n<div class=\"wp-block-image\">\n<figure class=\"aligncenter size-full\"><img loading=\"lazy\" decoding=\"async\" class=\"wp-image-82876\" src=\"https:\/\/exceladvisor.org\/wp-content\/uploads\/2023\/08\/7-dezoomer.png\" sizes=\"auto, \" srcset=\"\" alt=\"Disminuir el zoom\" width=\"424\" height=\"83\"><\/figure>\n<\/div>\n<p> En la imagen a continuaci\u00f3n, la hoja de trabajo tiene un zoom del 30% y puede ver que tenemos dos rangos de nombres separados definidos en la hoja de trabajo actual donde los nombres est\u00e1n resaltados. <\/p>\n<div class=\"wp-block-image\">\n<figure class=\"aligncenter size-full is-resized\"><img loading=\"lazy\" decoding=\"async\" class=\"wp-image-82877\" src=\"https:\/\/exceladvisor.org\/wp-content\/uploads\/2023\/08\/8-plages-de-noms-en-surbrillance.png\" sizes=\"auto, \" srcset=\"\" alt=\"rangos de nombres resaltados\" width=\"472\" height=\"253\"><\/figure>\n<\/div>\n<h2 class=\"wp-block-heading\"> Buscar rango de nombres en el cuadro de nombres<\/h2>\n<p> Tambi\u00e9n puede encontrar los rangos de nombres en el \u00abcuadro de nombre\u00bb en la parte superior izquierda de la hoja de c\u00e1lculo y para navegar a las celdas relevantes en el rango de nombres, simplemente haga clic en ellas. <\/p>\n<div class=\"wp-block-image\">\n<figure class=\"aligncenter size-full is-resized\"><img loading=\"lazy\" decoding=\"async\" class=\"wp-image-82878\" src=\"https:\/\/exceladvisor.org\/wp-content\/uploads\/2023\/08\/boite-a-9-noms.png\" sizes=\"auto, \" srcset=\"\" alt=\"nombre-cuadro\" width=\"223\" height=\"393\"><\/figure>\n<\/div>\n<div class=\"gb-container gb-container-4db6181c gb-container-mt\"> <a class=\"gb-button gb-button-c5897111 gb-button-text gb-button-mt-button\" href=\"https:\/\/exceladvisor.org\/es\/avance-de-excel\/\">Tutoriales avanzados de Excel<\/a><\/p>\n<h2 class=\"gb-headline gb-headline-665e5f6b gb-headline-text gb-headline-mt-heading\"> Tutoriales relacionados <\/h2>\n<div class=\"gb-grid-wrapper gb-grid-wrapper-a20baf7c gb-grid-wrapper-mt-grid\">\n<div class=\"gb-grid-column gb-grid-column-65ddf67e\">\n<div class=\"gb-container gb-container-65ddf67e\">\n<ul>\n<li> <a href=\"https:\/\/exceladvisor.org\/es\/herramienta-de-analisis-rapido\/\">Herramienta de an\u00e1lisis r\u00e1pido en Excel<\/a><\/li>\n<li> <a href=\"https:\/\/exceladvisor.org\/es\/aplicar-multiples-filtros\/\">Aplicar m\u00faltiples filtros a las columnas<\/a><\/li>\n<li> <a href=\"https:\/\/exceladvisor.org\/es\/resaltar-los-valores-superiores-e-inferiores\/\">Resalte los valores N superiores e inferiores en Excel<\/a><\/li>\n<li> <a href=\"https:\/\/exceladvisor.org\/es\/casilla-de-verificacion\/\">Insertar una casilla de verificaci\u00f3n en Excel<\/a><\/li>\n<li> <a href=\"https:\/\/exceladvisor.org\/es\/fusionar-celdas-sin-perder-datos\/\">Fusionar celdas sin perder datos en Excel<\/a><\/li>\n<\/ul>\n<\/div>\n<\/div>\n<\/div>\n<\/div>\n","protected":false},"excerpt":{"rendered":"<p>En Excel, nombrar un rango de celdas es la forma m\u00e1s f\u00e1cil y r\u00e1pida de hacer referencia a esas celdas en la f\u00f3rmula. Puede crear varios rangos de nombres en la hoja de trabajo y usarlos como referencia de celda al aplicar la f\u00f3rmula. Pero a veces, si tiene varios rangos con nombres en el [&hellip;]<\/p>\n","protected":false},"author":1,"featured_media":0,"parent":0,"menu_order":0,"comment_status":"open","ping_status":"closed","template":"","meta":{"ub_ctt_via":"","footnotes":""},"class_list":["post-452","page","type-page","status-publish","hentry"],"featured_image_src":null,"yoast_head":"<!-- This site is optimized with the Yoast SEO plugin v25.4 - https:\/\/yoast.com\/wordpress\/plugins\/seo\/ -->\n<title>\u00bfc\u00f3mo encontrar una variedad de nombres en excel?<\/title>\n<meta name=\"robots\" content=\"index, follow, max-snippet:-1, max-image-preview:large, max-video-preview:-1\" \/>\n<link rel=\"canonical\" href=\"https:\/\/exceladvisor.org\/es\/encontrar-rango-de-nombres\/\" \/>\n<meta property=\"og:locale\" content=\"es_ES\" \/>\n<meta property=\"og:type\" content=\"article\" \/>\n<meta property=\"og:title\" content=\"\u00bfc\u00f3mo encontrar una variedad de nombres en excel?\" \/>\n<meta property=\"og:description\" content=\"En Excel, nombrar un rango de celdas es la forma m\u00e1s f\u00e1cil y r\u00e1pida de hacer referencia a esas celdas en la f\u00f3rmula. Puede crear varios rangos de nombres en la hoja de trabajo y usarlos como referencia de celda al aplicar la f\u00f3rmula. Pero a veces, si tiene varios rangos con nombres en el [&hellip;]\" \/>\n<meta property=\"og:url\" content=\"https:\/\/exceladvisor.org\/es\/encontrar-rango-de-nombres\/\" \/>\n<meta property=\"og:site_name\" content=\"Excel Advisor\" \/>\n<meta property=\"article:modified_time\" content=\"2023-12-25T10:25:12+00:00\" \/>\n<meta property=\"og:image\" content=\"https:\/\/exceladvisor.org\/wp-content\/uploads\/2023\/08\/1-icone-de-gestionnaire-de-noms.png\" \/>\n<meta name=\"twitter:card\" content=\"summary_large_image\" \/>\n<meta name=\"twitter:label1\" content=\"Tiempo de lectura\" \/>\n\t<meta name=\"twitter:data1\" content=\"3 minutos\" \/>\n<script type=\"application\/ld+json\" class=\"yoast-schema-graph\">{\"@context\":\"https:\/\/schema.org\",\"@graph\":[{\"@type\":\"WebPage\",\"@id\":\"https:\/\/exceladvisor.org\/es\/encontrar-rango-de-nombres\/\",\"url\":\"https:\/\/exceladvisor.org\/es\/encontrar-rango-de-nombres\/\",\"name\":\"\u00bfc\u00f3mo encontrar una variedad de nombres en excel?\",\"isPartOf\":{\"@id\":\"https:\/\/exceladvisor.org\/es\/#website\"},\"primaryImageOfPage\":{\"@id\":\"https:\/\/exceladvisor.org\/es\/encontrar-rango-de-nombres\/#primaryimage\"},\"image\":{\"@id\":\"https:\/\/exceladvisor.org\/es\/encontrar-rango-de-nombres\/#primaryimage\"},\"thumbnailUrl\":\"https:\/\/exceladvisor.org\/wp-content\/uploads\/2023\/08\/1-icone-de-gestionnaire-de-noms.png\",\"datePublished\":\"2023-10-27T23:44:57+00:00\",\"dateModified\":\"2023-12-25T10:25:12+00:00\",\"breadcrumb\":{\"@id\":\"https:\/\/exceladvisor.org\/es\/encontrar-rango-de-nombres\/#breadcrumb\"},\"inLanguage\":\"es\",\"potentialAction\":[{\"@type\":\"ReadAction\",\"target\":[\"https:\/\/exceladvisor.org\/es\/encontrar-rango-de-nombres\/\"]}]},{\"@type\":\"ImageObject\",\"inLanguage\":\"es\",\"@id\":\"https:\/\/exceladvisor.org\/es\/encontrar-rango-de-nombres\/#primaryimage\",\"url\":\"https:\/\/exceladvisor.org\/wp-content\/uploads\/2023\/08\/1-icone-de-gestionnaire-de-noms.png\",\"contentUrl\":\"https:\/\/exceladvisor.org\/wp-content\/uploads\/2023\/08\/1-icone-de-gestionnaire-de-noms.png\"},{\"@type\":\"BreadcrumbList\",\"@id\":\"https:\/\/exceladvisor.org\/es\/encontrar-rango-de-nombres\/#breadcrumb\",\"itemListElement\":[{\"@type\":\"ListItem\",\"position\":1,\"name\":\"Hogar\",\"item\":\"https:\/\/exceladvisor.org\/es\/\"},{\"@type\":\"ListItem\",\"position\":2,\"name\":\"\u00bfc\u00f3mo encontrar una variedad de nombres en excel?\"}]},{\"@type\":\"WebSite\",\"@id\":\"https:\/\/exceladvisor.org\/es\/#website\",\"url\":\"https:\/\/exceladvisor.org\/es\/\",\"name\":\"Excel Advisor\",\"description\":\"Su gu\u00eda para la dominaci\u00f3n de datos!\",\"publisher\":{\"@id\":\"https:\/\/exceladvisor.org\/es\/#organization\"},\"potentialAction\":[{\"@type\":\"SearchAction\",\"target\":{\"@type\":\"EntryPoint\",\"urlTemplate\":\"https:\/\/exceladvisor.org\/es\/?s={search_term_string}\"},\"query-input\":{\"@type\":\"PropertyValueSpecification\",\"valueRequired\":true,\"valueName\":\"search_term_string\"}}],\"inLanguage\":\"es\"},{\"@type\":\"Organization\",\"@id\":\"https:\/\/exceladvisor.org\/es\/#organization\",\"name\":\"Excel Advisor\",\"url\":\"https:\/\/exceladvisor.org\/es\/\",\"logo\":{\"@type\":\"ImageObject\",\"inLanguage\":\"es\",\"@id\":\"https:\/\/exceladvisor.org\/es\/#\/schema\/logo\/image\/\",\"url\":\"https:\/\/exceladvisor.org\/es\/wp-content\/uploads\/2023\/12\/exceladvisor.org_.png\",\"contentUrl\":\"https:\/\/exceladvisor.org\/es\/wp-content\/uploads\/2023\/12\/exceladvisor.org_.png\",\"width\":105,\"height\":36,\"caption\":\"Excel Advisor\"},\"image\":{\"@id\":\"https:\/\/exceladvisor.org\/es\/#\/schema\/logo\/image\/\"}}]}<\/script>\n<!-- \/ Yoast SEO plugin. -->","yoast_head_json":{"title":"\u00bfc\u00f3mo encontrar una variedad de nombres en excel?","robots":{"index":"index","follow":"follow","max-snippet":"max-snippet:-1","max-image-preview":"max-image-preview:large","max-video-preview":"max-video-preview:-1"},"canonical":"https:\/\/exceladvisor.org\/es\/encontrar-rango-de-nombres\/","og_locale":"es_ES","og_type":"article","og_title":"\u00bfc\u00f3mo encontrar una variedad de nombres en excel?","og_description":"En Excel, nombrar un rango de celdas es la forma m\u00e1s f\u00e1cil y r\u00e1pida de hacer referencia a esas celdas en la f\u00f3rmula. Puede crear varios rangos de nombres en la hoja de trabajo y usarlos como referencia de celda al aplicar la f\u00f3rmula. Pero a veces, si tiene varios rangos con nombres en el [&hellip;]","og_url":"https:\/\/exceladvisor.org\/es\/encontrar-rango-de-nombres\/","og_site_name":"Excel Advisor","article_modified_time":"2023-12-25T10:25:12+00:00","og_image":[{"url":"https:\/\/exceladvisor.org\/wp-content\/uploads\/2023\/08\/1-icone-de-gestionnaire-de-noms.png","type":"","width":"","height":""}],"twitter_card":"summary_large_image","twitter_misc":{"Tiempo de lectura":"3 minutos"},"schema":{"@context":"https:\/\/schema.org","@graph":[{"@type":"WebPage","@id":"https:\/\/exceladvisor.org\/es\/encontrar-rango-de-nombres\/","url":"https:\/\/exceladvisor.org\/es\/encontrar-rango-de-nombres\/","name":"\u00bfc\u00f3mo encontrar una variedad de nombres en excel?","isPartOf":{"@id":"https:\/\/exceladvisor.org\/es\/#website"},"primaryImageOfPage":{"@id":"https:\/\/exceladvisor.org\/es\/encontrar-rango-de-nombres\/#primaryimage"},"image":{"@id":"https:\/\/exceladvisor.org\/es\/encontrar-rango-de-nombres\/#primaryimage"},"thumbnailUrl":"https:\/\/exceladvisor.org\/wp-content\/uploads\/2023\/08\/1-icone-de-gestionnaire-de-noms.png","datePublished":"2023-10-27T23:44:57+00:00","dateModified":"2023-12-25T10:25:12+00:00","breadcrumb":{"@id":"https:\/\/exceladvisor.org\/es\/encontrar-rango-de-nombres\/#breadcrumb"},"inLanguage":"es","potentialAction":[{"@type":"ReadAction","target":["https:\/\/exceladvisor.org\/es\/encontrar-rango-de-nombres\/"]}]},{"@type":"ImageObject","inLanguage":"es","@id":"https:\/\/exceladvisor.org\/es\/encontrar-rango-de-nombres\/#primaryimage","url":"https:\/\/exceladvisor.org\/wp-content\/uploads\/2023\/08\/1-icone-de-gestionnaire-de-noms.png","contentUrl":"https:\/\/exceladvisor.org\/wp-content\/uploads\/2023\/08\/1-icone-de-gestionnaire-de-noms.png"},{"@type":"BreadcrumbList","@id":"https:\/\/exceladvisor.org\/es\/encontrar-rango-de-nombres\/#breadcrumb","itemListElement":[{"@type":"ListItem","position":1,"name":"Hogar","item":"https:\/\/exceladvisor.org\/es\/"},{"@type":"ListItem","position":2,"name":"\u00bfc\u00f3mo encontrar una variedad de nombres en excel?"}]},{"@type":"WebSite","@id":"https:\/\/exceladvisor.org\/es\/#website","url":"https:\/\/exceladvisor.org\/es\/","name":"Excel Advisor","description":"Su gu\u00eda para la dominaci\u00f3n de datos!","publisher":{"@id":"https:\/\/exceladvisor.org\/es\/#organization"},"potentialAction":[{"@type":"SearchAction","target":{"@type":"EntryPoint","urlTemplate":"https:\/\/exceladvisor.org\/es\/?s={search_term_string}"},"query-input":{"@type":"PropertyValueSpecification","valueRequired":true,"valueName":"search_term_string"}}],"inLanguage":"es"},{"@type":"Organization","@id":"https:\/\/exceladvisor.org\/es\/#organization","name":"Excel Advisor","url":"https:\/\/exceladvisor.org\/es\/","logo":{"@type":"ImageObject","inLanguage":"es","@id":"https:\/\/exceladvisor.org\/es\/#\/schema\/logo\/image\/","url":"https:\/\/exceladvisor.org\/es\/wp-content\/uploads\/2023\/12\/exceladvisor.org_.png","contentUrl":"https:\/\/exceladvisor.org\/es\/wp-content\/uploads\/2023\/12\/exceladvisor.org_.png","width":105,"height":36,"caption":"Excel Advisor"},"image":{"@id":"https:\/\/exceladvisor.org\/es\/#\/schema\/logo\/image\/"}}]}},"yoast_meta":{"yoast_wpseo_title":"","yoast_wpseo_metadesc":"","yoast_wpseo_canonical":""},"_links":{"self":[{"href":"https:\/\/exceladvisor.org\/es\/wp-json\/wp\/v2\/pages\/452","targetHints":{"allow":["GET"]}}],"collection":[{"href":"https:\/\/exceladvisor.org\/es\/wp-json\/wp\/v2\/pages"}],"about":[{"href":"https:\/\/exceladvisor.org\/es\/wp-json\/wp\/v2\/types\/page"}],"author":[{"embeddable":true,"href":"https:\/\/exceladvisor.org\/es\/wp-json\/wp\/v2\/users\/1"}],"replies":[{"embeddable":true,"href":"https:\/\/exceladvisor.org\/es\/wp-json\/wp\/v2\/comments?post=452"}],"version-history":[{"count":1,"href":"https:\/\/exceladvisor.org\/es\/wp-json\/wp\/v2\/pages\/452\/revisions"}],"predecessor-version":[{"id":1022,"href":"https:\/\/exceladvisor.org\/es\/wp-json\/wp\/v2\/pages\/452\/revisions\/1022"}],"wp:attachment":[{"href":"https:\/\/exceladvisor.org\/es\/wp-json\/wp\/v2\/media?parent=452"}],"curies":[{"name":"wp","href":"https:\/\/api.w.org\/{rel}","templated":true}]}}