{"id":453,"date":"2023-10-27T23:22:27","date_gmt":"2023-10-27T23:22:27","guid":{"rendered":"https:\/\/exceladvisor.org\/es\/solo-lectura\/"},"modified":"2023-12-25T10:25:34","modified_gmt":"2023-12-25T10:25:34","slug":"solo-lectura","status":"publish","type":"page","link":"https:\/\/exceladvisor.org\/es\/solo-lectura\/","title":{"rendered":"\u00bfc\u00f3mo hacer que excel sea de solo lectura?"},"content":{"rendered":"<div class=\"excel-antes-del-contenido\" id=\"excel-2659756469\"><script type=\"text\/javascript\">\r\n\tatOptions = {\r\n\t\t'key' : 'c1158f160081d6540a8409e6925dab94',\r\n\t\t'format' : 'iframe',\r\n\t\t'height' : 250,\r\n\t\t'width' : 300,\r\n\t\t'params' : {}\r\n\t};\r\n<\/script>\r\n<script type=\"text\/javascript\" src=\"\/\/www.highperformanceformat.com\/c1158f160081d6540a8409e6925dab94\/invoke.js\"><\/script><\/div><p>A veces, los usuarios desean configurar el modo predeterminado del libro en solo lectura para evitar que cambien accidental o intencionalmente algo en los datos.<\/p>\n<p> Los usuarios normalmente preparan el modo libro de trabajo s\u00f3lo cuando tienen demasiadas f\u00f3rmulas o c\u00e1lculos en los datos y no quieren estropearlos.<\/p>\n<p> En este tutorial, le mostraremos varias formas de preparar solo el modo de libro de Excel predeterminado y podr\u00e1 elegir cualquiera de ellas seg\u00fan sus preferencias.<\/p>\n<h2 id=\"h-make-workbook-ready-only-using-save-as\" class=\"wp-block-heading\"> Prepare el libro solo usando Guardar como<\/h2>\n<ol>\n<li> Primero, vaya a la pesta\u00f1a \u00abArchivo\u00bb y luego haga clic en \u00abGuardar como\u00bb para guardar el libro en modo de solo lectura. <br \/><img loading=\"lazy\" decoding=\"async\" title=\"1-guardar-como-opci\u00f3n\" src=\"https:\/\/exceladvisor.org\/wp-content\/uploads\/2023\/08\/1-enregistrer-en-tant-quoption.png\" sizes=\"auto, \" srcset=\"\" alt=\"save-as-option\" width=\"130\" height=\"367\"><\/li>\n<li> Despu\u00e9s de eso, elija la ubicaci\u00f3n para guardarlo, luego haga clic en el bot\u00f3n \u00abHerramientas\u00bb y luego elija \u00abOpciones generales\u00bb en el men\u00fa desplegable. <br \/><img loading=\"lazy\" decoding=\"async\" title=\"2-elegir-opciones-generales\" src=\"https:\/\/exceladvisor.org\/wp-content\/uploads\/2023\/08\/2-choisir-les-options-generales.png\" sizes=\"auto, \" srcset=\"\" alt=\"choose-general-options\" width=\"674\" height=\"251\">\n<\/li>\n<li> Ahora, establezca la contrase\u00f1a en el campo \u00abContrase\u00f1a para cambiar\u00bb, luego seleccione la opci\u00f3n \u00abSolo lectura recomendada\u00bb y haga clic en Aceptar. <br \/><img loading=\"lazy\" decoding=\"async\" title=\"3-ingrese-la-contrase\u00f1a-para-cambiar\" src=\"https:\/\/exceladvisor.org\/wp-content\/uploads\/2023\/08\/3-entrez-le-mot-de-passe-pour-modifier.png\" sizes=\"auto, \" srcset=\"\" alt=\"enter-password-to-modify\" width=\"305\" height=\"206\"><\/li>\n<li> Deje el campo \u00abContrase\u00f1a para cambiar\u00bb en blanco si no desea establecer una contrase\u00f1a y solo desea recomendar que los usuarios abran el archivo en modo de solo lectura. <br \/><img loading=\"lazy\" decoding=\"async\" title=\"4-marcas de verificaci\u00f3n-solo lectura-recomendado\" src=\"https:\/\/exceladvisor.org\/wp-content\/uploads\/2023\/08\/4-coches-lecture-seule-recommandee.png\" sizes=\"auto, \" srcset=\"\" alt=\"tickmark-read-only-recommended\" width=\"305\" height=\"209\"><\/li>\n<li> Una vez hecho esto, junto con la contrase\u00f1a, los usuarios recibir\u00e1n el cuadro de mensaje para ingresar la contrase\u00f1a si desean abrir en modo de edici\u00f3n o hacer clic en \u00abSolo lectura\u00bb para abrir en modo de solo vista. <br \/><img loading=\"lazy\" decoding=\"async\" title=\"Se requieren 5 contrase\u00f1as para abrir en modo de edici\u00f3n\" src=\"https:\/\/exceladvisor.org\/wp-content\/uploads\/2023\/08\/5-mot-de-passe-requis-pour-ouvrir-en-mode-edition.png\" sizes=\"auto, \" srcset=\"\" alt=\"password-required-to-open-in-edit-mode\" width=\"332\" height=\"173\"><\/li>\n<\/ol>\n<h2 id=\"h-make-workbook-ready-only-using-info-option\" class=\"wp-block-heading\"> Prepare el libro de trabajo solo usando la opci\u00f3n de informaci\u00f3n<\/h2>\n<ol>\n<li> Primero, vaya a la pesta\u00f1a \u00abArchivo\u00bb. <br \/><img loading=\"lazy\" decoding=\"async\" title=\"pesta\u00f1a 6-ir-al-archivo\" src=\"https:\/\/exceladvisor.org\/wp-content\/uploads\/2023\/08\/6-aller-a-longlet-fichier.png\" sizes=\"auto, \" srcset=\"\" alt=\"go-to-file-tab\" width=\"329\" height=\"179\"><\/li>\n<li> Despu\u00e9s de eso, haga clic en la opci\u00f3n \u00abInformaci\u00f3n\u00bb, luego haga clic en \u00abProteger libro de trabajo\u00bb, luego elija la opci\u00f3n \u00abAbrir siempre como de solo lectura\u00bb. <br \/><img loading=\"lazy\" decoding=\"async\" title=\"7-elegir-siempre-abierto-solo lectura\" src=\"https:\/\/exceladvisor.org\/wp-content\/uploads\/2023\/08\/7-choisissez-toujours-ouvert-en-lecture-seule.png\" sizes=\"auto, \" srcset=\"\" alt=\"choose-always-open-read-only\" width=\"540\" height=\"381\"><\/li>\n<li> Ahora el modo predeterminado del libro ha cambiado a solo lectura y cualquiera que abra este archivo recibir\u00e1 el mensaje que preguntar\u00e1 \u00abAbra el archivo en modo Solo listo como lo solicit\u00f3 el autor o en modo editable al abrir el libro\u00bb.<\/li>\n<li> Haga clic en \u00abS\u00ed\u00bb y se abrir\u00e1 en modo de solo lectura; de lo contrario, haga clic en \u00abNo\u00bb si desea abrirlo en modo editable. <br \/><img loading=\"lazy\" decoding=\"async\" title=\"8-elija-s\u00ed-para-abrir-en-modo-de-solo-lectura\" src=\"https:\/\/exceladvisor.org\/wp-content\/uploads\/2023\/08\/8-choisissez-oui-pour-ouvrir-en-mode-lecture-seule.png\" sizes=\"auto, \" srcset=\"\" alt=\"choose-yes-to-open-in-read-only-mode\" width=\"664\" height=\"118\"><\/li>\n<\/ol>\n<h2 id=\"h-make-workbook-to-ready-only-mode-using-toggle-read-only\" class=\"wp-block-heading\"> Coloque el libro en modo listo solo usando la opci\u00f3n de solo lectura<\/h2>\n<p> Cambiar a solo lectura es la forma mejor y m\u00e1s r\u00e1pida de cambiar el libro al modo de solo lectura y al modo editable en cualquier momento sin crear una copia de ese libro.<\/p>\n<ol>\n<li> Primero, haga clic en el signo de \u00abFlecha\u00bb en la \u00abBarra de herramientas de acceso r\u00e1pido\u00bb y elija \u00abM\u00e1s comandos\u00bb en el men\u00fa desplegable. <br \/><img loading=\"lazy\" decoding=\"async\" title=\"Opci\u00f3n de 9 pedidos m\u00e1s\" src=\"https:\/\/exceladvisor.org\/wp-content\/uploads\/2023\/08\/9-options-de-commandes-supplementaires.png\" sizes=\"auto, \" srcset=\"\" alt=\"more-commands-option\" width=\"281\" height=\"389\"><\/li>\n<li> Despu\u00e9s de eso, seleccione la opci\u00f3n \u00abComandos no en la cinta\u00bb en el campo \u00abElegir comandos de\u00bb.<\/li>\n<li> Ahora, despl\u00e1cese hacia abajo y haga clic en la opci\u00f3n \u00abCambiar a solo lectura\u00bb, luego haga clic en \u00abAgregar\u00bb para agregarlo a la \u00abBarra de herramientas de acceso r\u00e1pido\u00bb.<\/li>\n<li> Cuando termine, haga clic en Aceptar. <br \/><img loading=\"lazy\" decoding=\"async\" title=\"10-agregar-alternar-solo-lectura-en-la-barra de herramientas\" src=\"https:\/\/exceladvisor.org\/wp-content\/uploads\/2023\/08\/10-ajouter-une-bascule-en-lecture-seule-dans-la-barre-doutils.png\" sizes=\"auto, \" srcset=\"\" alt=\"add-toggle-read-only-in-toolbar\" width=\"664\" height=\"547\"><\/li>\n<li> En este punto, el bot\u00f3n \u00abAlternar solo lectura\u00bb se agreg\u00f3 a la \u00abBarra de herramientas de acceso r\u00e1pido\u00bb.<\/li>\n<li> Ahora, para habilitar el modo de solo lectura, haga clic en el bot\u00f3n \u00abCambiar a solo lectura\u00bb y el modo del libro de trabajo cambiar\u00e1 a modo de solo lectura.<\/li>\n<li> Para volver a activar el modo editable, haga clic nuevamente en el bot\u00f3n \u00abCambiar a solo lectura\u00bb. <br \/><img loading=\"lazy\" decoding=\"async\" title=\"11 botones de alternancia de solo lectura\" src=\"https:\/\/exceladvisor.org\/wp-content\/uploads\/2023\/08\/11-basculer-le-bouton-de-lecture-seule.png\" sizes=\"auto, \" srcset=\"\" alt=\"toggle-read-only-button\" width=\"326\" height=\"172\"><\/li>\n<\/ol>\n<p class=\"qt-tip\"> <strong>Nota:<\/strong> Si no ha guardado el libro, Excel le pedir\u00e1 que guarde los cambios que ya haya realizado antes de habilitar el modo de solo lectura. <\/p>\n<div class=\"wp-block-image\">\n<figure class=\"aligncenter size-full is-resized\"><img loading=\"lazy\" decoding=\"async\" class=\"wp-image-84807\" src=\"https:\/\/exceladvisor.org\/wp-content\/uploads\/2023\/08\/12-enregistrer-les-modifications.png\" sizes=\"auto, \" srcset=\"\" alt=\"Guardar cambios\" width=\"390\" height=\"133\"><\/figure>\n<\/div>\n<h2 id=\"h-remove-read-only-mode-of-the-file\" class=\"wp-block-heading\"> Eliminar el modo de solo lectura del archivo<\/h2>\n<p> Para eliminar el modo de solo lectura del libro y hacerlo editable nuevamente, debe crear una nueva copia del libro usando \u00abGuardar como\u00bb y, mientras guarda la nueva copia, debe desmarcar la opci\u00f3n \u00abSolo lectura recomendada\u00bb del \u00bb Cuadro de di\u00e1logo Opciones generales. <\/p>\n<div class=\"wp-block-image\">\n<figure class=\"aligncenter size-full is-resized\"><img loading=\"lazy\" decoding=\"async\" class=\"wp-image-84808\" src=\"https:\/\/exceladvisor.org\/wp-content\/uploads\/2023\/08\/13-supprimer-le-mode-lecture-seule.png\" sizes=\"auto, \" srcset=\"\" alt=\"eliminar el modo de solo lectura\" width=\"658\" height=\"346\"><\/figure>\n<\/div>\n<div class=\"gb-container gb-container-4db6181c gb-container-mt\"> <a class=\"gb-button gb-button-c5897111 gb-button-text gb-button-mt-button\" href=\"https:\/\/exceladvisor.org\/es\/avance-de-excel\/\">Tutoriales avanzados de Excel<\/a><\/p>\n<h2 class=\"gb-headline gb-headline-665e5f6b gb-headline-text gb-headline-mt-heading\"> Tutoriales relacionados <\/h2>\n<div class=\"gb-grid-wrapper gb-grid-wrapper-a20baf7c gb-grid-wrapper-mt-grid\">\n<div class=\"gb-grid-column gb-grid-column-65ddf67e\">\n<div class=\"gb-container gb-container-65ddf67e\">\n<ul>\n<li> <a href=\"https:\/\/exceladvisor.org\/es\/herramienta-de-camara\/\">Herramienta de c\u00e1mara de Excel<\/a><\/li>\n<li> <a href=\"https:\/\/exceladvisor.org\/es\/ver-ventana\/\">Ventana de observaci\u00f3n en Excel<\/a><\/li>\n<li> <a href=\"https:\/\/exceladvisor.org\/es\/rebanador-de-excel\/\">Cortadora de Excel (gu\u00eda completa)<\/a><\/li>\n<li> <a href=\"https:\/\/exceladvisor.org\/es\/excel-por-defecto-en-mac\/\">Hacer que Excel sea el predeterminado en Mac<\/a><\/li>\n<\/ul>\n<\/div>\n<\/div>\n<\/div>\n<\/div>\n","protected":false},"excerpt":{"rendered":"<p>A veces, los usuarios desean configurar el modo predeterminado del libro en solo lectura para evitar que cambien accidental o intencionalmente algo en los datos. Los usuarios normalmente preparan el modo libro de trabajo s\u00f3lo cuando tienen demasiadas f\u00f3rmulas o c\u00e1lculos en los datos y no quieren estropearlos. En este tutorial, le mostraremos varias formas [&hellip;]<\/p>\n","protected":false},"author":1,"featured_media":0,"parent":0,"menu_order":0,"comment_status":"open","ping_status":"closed","template":"","meta":{"ub_ctt_via":"","footnotes":""},"class_list":["post-453","page","type-page","status-publish","hentry"],"featured_image_src":null,"yoast_head":"<!-- This site is optimized with the Yoast SEO plugin v25.4 - https:\/\/yoast.com\/wordpress\/plugins\/seo\/ -->\n<title>\u00bfc\u00f3mo hacer que excel sea de solo lectura?<\/title>\n<meta name=\"robots\" content=\"index, follow, max-snippet:-1, max-image-preview:large, max-video-preview:-1\" \/>\n<link rel=\"canonical\" href=\"https:\/\/exceladvisor.org\/es\/solo-lectura\/\" \/>\n<meta property=\"og:locale\" content=\"es_ES\" \/>\n<meta property=\"og:type\" content=\"article\" \/>\n<meta property=\"og:title\" content=\"\u00bfc\u00f3mo hacer que excel sea de solo lectura?\" \/>\n<meta property=\"og:description\" content=\"A veces, los usuarios desean configurar el modo predeterminado del libro en solo lectura para evitar que cambien accidental o intencionalmente algo en los datos. Los usuarios normalmente preparan el modo libro de trabajo s\u00f3lo cuando tienen demasiadas f\u00f3rmulas o c\u00e1lculos en los datos y no quieren estropearlos. En este tutorial, le mostraremos varias formas [&hellip;]\" \/>\n<meta property=\"og:url\" content=\"https:\/\/exceladvisor.org\/es\/solo-lectura\/\" \/>\n<meta property=\"og:site_name\" content=\"Excel Advisor\" \/>\n<meta property=\"article:modified_time\" content=\"2023-12-25T10:25:34+00:00\" \/>\n<meta property=\"og:image\" content=\"https:\/\/exceladvisor.org\/wp-content\/uploads\/2023\/08\/1-enregistrer-en-tant-quoption.png\" \/>\n<meta name=\"twitter:card\" content=\"summary_large_image\" \/>\n<meta name=\"twitter:label1\" content=\"Tiempo de lectura\" \/>\n\t<meta name=\"twitter:data1\" content=\"3 minutos\" \/>\n<script type=\"application\/ld+json\" class=\"yoast-schema-graph\">{\"@context\":\"https:\/\/schema.org\",\"@graph\":[{\"@type\":\"WebPage\",\"@id\":\"https:\/\/exceladvisor.org\/es\/solo-lectura\/\",\"url\":\"https:\/\/exceladvisor.org\/es\/solo-lectura\/\",\"name\":\"\u00bfc\u00f3mo hacer que excel sea de solo lectura?\",\"isPartOf\":{\"@id\":\"https:\/\/exceladvisor.org\/es\/#website\"},\"primaryImageOfPage\":{\"@id\":\"https:\/\/exceladvisor.org\/es\/solo-lectura\/#primaryimage\"},\"image\":{\"@id\":\"https:\/\/exceladvisor.org\/es\/solo-lectura\/#primaryimage\"},\"thumbnailUrl\":\"https:\/\/exceladvisor.org\/wp-content\/uploads\/2023\/08\/1-enregistrer-en-tant-quoption.png\",\"datePublished\":\"2023-10-27T23:22:27+00:00\",\"dateModified\":\"2023-12-25T10:25:34+00:00\",\"breadcrumb\":{\"@id\":\"https:\/\/exceladvisor.org\/es\/solo-lectura\/#breadcrumb\"},\"inLanguage\":\"es\",\"potentialAction\":[{\"@type\":\"ReadAction\",\"target\":[\"https:\/\/exceladvisor.org\/es\/solo-lectura\/\"]}]},{\"@type\":\"ImageObject\",\"inLanguage\":\"es\",\"@id\":\"https:\/\/exceladvisor.org\/es\/solo-lectura\/#primaryimage\",\"url\":\"https:\/\/exceladvisor.org\/wp-content\/uploads\/2023\/08\/1-enregistrer-en-tant-quoption.png\",\"contentUrl\":\"https:\/\/exceladvisor.org\/wp-content\/uploads\/2023\/08\/1-enregistrer-en-tant-quoption.png\"},{\"@type\":\"BreadcrumbList\",\"@id\":\"https:\/\/exceladvisor.org\/es\/solo-lectura\/#breadcrumb\",\"itemListElement\":[{\"@type\":\"ListItem\",\"position\":1,\"name\":\"Hogar\",\"item\":\"https:\/\/exceladvisor.org\/es\/\"},{\"@type\":\"ListItem\",\"position\":2,\"name\":\"\u00bfc\u00f3mo hacer que excel sea de solo lectura?\"}]},{\"@type\":\"WebSite\",\"@id\":\"https:\/\/exceladvisor.org\/es\/#website\",\"url\":\"https:\/\/exceladvisor.org\/es\/\",\"name\":\"Excel Advisor\",\"description\":\"Su gu\u00eda para la dominaci\u00f3n de datos!\",\"publisher\":{\"@id\":\"https:\/\/exceladvisor.org\/es\/#organization\"},\"potentialAction\":[{\"@type\":\"SearchAction\",\"target\":{\"@type\":\"EntryPoint\",\"urlTemplate\":\"https:\/\/exceladvisor.org\/es\/?s={search_term_string}\"},\"query-input\":{\"@type\":\"PropertyValueSpecification\",\"valueRequired\":true,\"valueName\":\"search_term_string\"}}],\"inLanguage\":\"es\"},{\"@type\":\"Organization\",\"@id\":\"https:\/\/exceladvisor.org\/es\/#organization\",\"name\":\"Excel Advisor\",\"url\":\"https:\/\/exceladvisor.org\/es\/\",\"logo\":{\"@type\":\"ImageObject\",\"inLanguage\":\"es\",\"@id\":\"https:\/\/exceladvisor.org\/es\/#\/schema\/logo\/image\/\",\"url\":\"https:\/\/exceladvisor.org\/es\/wp-content\/uploads\/2023\/12\/exceladvisor.org_.png\",\"contentUrl\":\"https:\/\/exceladvisor.org\/es\/wp-content\/uploads\/2023\/12\/exceladvisor.org_.png\",\"width\":105,\"height\":36,\"caption\":\"Excel Advisor\"},\"image\":{\"@id\":\"https:\/\/exceladvisor.org\/es\/#\/schema\/logo\/image\/\"}}]}<\/script>\n<!-- \/ Yoast SEO plugin. -->","yoast_head_json":{"title":"\u00bfc\u00f3mo hacer que excel sea de solo lectura?","robots":{"index":"index","follow":"follow","max-snippet":"max-snippet:-1","max-image-preview":"max-image-preview:large","max-video-preview":"max-video-preview:-1"},"canonical":"https:\/\/exceladvisor.org\/es\/solo-lectura\/","og_locale":"es_ES","og_type":"article","og_title":"\u00bfc\u00f3mo hacer que excel sea de solo lectura?","og_description":"A veces, los usuarios desean configurar el modo predeterminado del libro en solo lectura para evitar que cambien accidental o intencionalmente algo en los datos. Los usuarios normalmente preparan el modo libro de trabajo s\u00f3lo cuando tienen demasiadas f\u00f3rmulas o c\u00e1lculos en los datos y no quieren estropearlos. En este tutorial, le mostraremos varias formas [&hellip;]","og_url":"https:\/\/exceladvisor.org\/es\/solo-lectura\/","og_site_name":"Excel Advisor","article_modified_time":"2023-12-25T10:25:34+00:00","og_image":[{"url":"https:\/\/exceladvisor.org\/wp-content\/uploads\/2023\/08\/1-enregistrer-en-tant-quoption.png","type":"","width":"","height":""}],"twitter_card":"summary_large_image","twitter_misc":{"Tiempo de lectura":"3 minutos"},"schema":{"@context":"https:\/\/schema.org","@graph":[{"@type":"WebPage","@id":"https:\/\/exceladvisor.org\/es\/solo-lectura\/","url":"https:\/\/exceladvisor.org\/es\/solo-lectura\/","name":"\u00bfc\u00f3mo hacer que excel sea de solo lectura?","isPartOf":{"@id":"https:\/\/exceladvisor.org\/es\/#website"},"primaryImageOfPage":{"@id":"https:\/\/exceladvisor.org\/es\/solo-lectura\/#primaryimage"},"image":{"@id":"https:\/\/exceladvisor.org\/es\/solo-lectura\/#primaryimage"},"thumbnailUrl":"https:\/\/exceladvisor.org\/wp-content\/uploads\/2023\/08\/1-enregistrer-en-tant-quoption.png","datePublished":"2023-10-27T23:22:27+00:00","dateModified":"2023-12-25T10:25:34+00:00","breadcrumb":{"@id":"https:\/\/exceladvisor.org\/es\/solo-lectura\/#breadcrumb"},"inLanguage":"es","potentialAction":[{"@type":"ReadAction","target":["https:\/\/exceladvisor.org\/es\/solo-lectura\/"]}]},{"@type":"ImageObject","inLanguage":"es","@id":"https:\/\/exceladvisor.org\/es\/solo-lectura\/#primaryimage","url":"https:\/\/exceladvisor.org\/wp-content\/uploads\/2023\/08\/1-enregistrer-en-tant-quoption.png","contentUrl":"https:\/\/exceladvisor.org\/wp-content\/uploads\/2023\/08\/1-enregistrer-en-tant-quoption.png"},{"@type":"BreadcrumbList","@id":"https:\/\/exceladvisor.org\/es\/solo-lectura\/#breadcrumb","itemListElement":[{"@type":"ListItem","position":1,"name":"Hogar","item":"https:\/\/exceladvisor.org\/es\/"},{"@type":"ListItem","position":2,"name":"\u00bfc\u00f3mo hacer que excel sea de solo lectura?"}]},{"@type":"WebSite","@id":"https:\/\/exceladvisor.org\/es\/#website","url":"https:\/\/exceladvisor.org\/es\/","name":"Excel Advisor","description":"Su gu\u00eda para la dominaci\u00f3n de datos!","publisher":{"@id":"https:\/\/exceladvisor.org\/es\/#organization"},"potentialAction":[{"@type":"SearchAction","target":{"@type":"EntryPoint","urlTemplate":"https:\/\/exceladvisor.org\/es\/?s={search_term_string}"},"query-input":{"@type":"PropertyValueSpecification","valueRequired":true,"valueName":"search_term_string"}}],"inLanguage":"es"},{"@type":"Organization","@id":"https:\/\/exceladvisor.org\/es\/#organization","name":"Excel Advisor","url":"https:\/\/exceladvisor.org\/es\/","logo":{"@type":"ImageObject","inLanguage":"es","@id":"https:\/\/exceladvisor.org\/es\/#\/schema\/logo\/image\/","url":"https:\/\/exceladvisor.org\/es\/wp-content\/uploads\/2023\/12\/exceladvisor.org_.png","contentUrl":"https:\/\/exceladvisor.org\/es\/wp-content\/uploads\/2023\/12\/exceladvisor.org_.png","width":105,"height":36,"caption":"Excel Advisor"},"image":{"@id":"https:\/\/exceladvisor.org\/es\/#\/schema\/logo\/image\/"}}]}},"yoast_meta":{"yoast_wpseo_title":"","yoast_wpseo_metadesc":"","yoast_wpseo_canonical":""},"_links":{"self":[{"href":"https:\/\/exceladvisor.org\/es\/wp-json\/wp\/v2\/pages\/453","targetHints":{"allow":["GET"]}}],"collection":[{"href":"https:\/\/exceladvisor.org\/es\/wp-json\/wp\/v2\/pages"}],"about":[{"href":"https:\/\/exceladvisor.org\/es\/wp-json\/wp\/v2\/types\/page"}],"author":[{"embeddable":true,"href":"https:\/\/exceladvisor.org\/es\/wp-json\/wp\/v2\/users\/1"}],"replies":[{"embeddable":true,"href":"https:\/\/exceladvisor.org\/es\/wp-json\/wp\/v2\/comments?post=453"}],"version-history":[{"count":1,"href":"https:\/\/exceladvisor.org\/es\/wp-json\/wp\/v2\/pages\/453\/revisions"}],"predecessor-version":[{"id":1080,"href":"https:\/\/exceladvisor.org\/es\/wp-json\/wp\/v2\/pages\/453\/revisions\/1080"}],"wp:attachment":[{"href":"https:\/\/exceladvisor.org\/es\/wp-json\/wp\/v2\/media?parent=453"}],"curies":[{"name":"wp","href":"https:\/\/api.w.org\/{rel}","templated":true}]}}