{"id":454,"date":"2023-10-27T23:10:54","date_gmt":"2023-10-27T23:10:54","guid":{"rendered":"https:\/\/exceladvisor.org\/es\/desactivar-el-guardado-automatico\/"},"modified":"2023-12-25T10:24:47","modified_gmt":"2023-12-25T10:24:47","slug":"desactivar-el-guardado-automatico","status":"publish","type":"page","link":"https:\/\/exceladvisor.org\/es\/desactivar-el-guardado-automatico\/","title":{"rendered":"\u00bfc\u00f3mo deshabilitar el guardado autom\u00e1tico en excel?"},"content":{"rendered":"<div class=\"excel-antes-del-contenido\" id=\"excel-1127395789\"><script type=\"text\/javascript\">\r\n\tatOptions = {\r\n\t\t'key' : 'c1158f160081d6540a8409e6925dab94',\r\n\t\t'format' : 'iframe',\r\n\t\t'height' : 250,\r\n\t\t'width' : 300,\r\n\t\t'params' : {}\r\n\t};\r\n<\/script>\r\n<script type=\"text\/javascript\" src=\"\/\/www.highperformanceformat.com\/c1158f160081d6540a8409e6925dab94\/invoke.js\"><\/script><\/div><p>Autoguardado es una nueva caracter\u00edstica introducida por Microsoft en todas las aplicaciones de Office, incluido Excel. Funciona con OneDrive y SharePoint para guardar autom\u00e1ticamente sus archivos a intervalos regulares. As\u00ed que siempre hay un reverso del archivo. <\/p>\n<div class=\"wp-block-image\">\n<figure class=\"aligncenter size-full is-resized\"><img loading=\"lazy\" decoding=\"async\" class=\"wp-image-85885\" src=\"https:\/\/exceladvisor.org\/wp-content\/uploads\/2023\/08\/1-desactiver-la-fonction-de-sauvegarde-automatique.png\" sizes=\"auto, \" srcset=\"\" alt=\"desactivar la funci\u00f3n de guardado autom\u00e1tico\" width=\"476\" height=\"220\"><\/figure>\n<\/div>\n<p> Y si quieres desactivarlo, puedes hacerlo.<\/p>\n<h2 class=\"wp-block-heading\"> Deshabilite el guardado autom\u00e1tico desde las opciones de Excel<\/h2>\n<ol>\n<li> Primero, vaya a la pesta\u00f1a Archivo y luego a Opciones para abrir <a href=\"https:\/\/exceladvisor.org\/es\/opciones\/\">Opciones de Excel<\/a> .<\/li>\n<li> Despu\u00e9s de eso, haga clic en la pesta\u00f1a Guardar en el lado derecho.<\/li>\n<li> Bajo el encabezado \u00abGuardar libros\u00bb, desmarque la opci\u00f3n \u00abGuardar autom\u00e1ticamente archivos almacenados en la nube de forma predeterminada en Excel\u00bb.<\/li>\n<li> Al final, haga clic en Aceptar para guardar la configuraci\u00f3n. <\/li>\n<\/ol>\n<div class=\"wp-block-image\">\n<figure class=\"aligncenter size-full is-resized\"><img loading=\"lazy\" decoding=\"async\" class=\"wp-image-85886\" src=\"https:\/\/exceladvisor.org\/wp-content\/uploads\/2023\/08\/2-options-de-sauvegarde-automatique-a-partir-dExcel.png\" sizes=\"auto, \" srcset=\"\" alt=\"opciones de autoguardado desde excel\" width=\"750\" height=\"460\"><\/figure>\n<\/div>\n<p> Una vez que guarde esta configuraci\u00f3n, Excel dejar\u00e1 de habilitar el guardado autom\u00e1tico para el nuevo archivo que guarde en OneDrive.<\/p>\n<p> Pero los archivos guardados en OneDrive antes de esta configuraci\u00f3n seguir\u00e1n teniendo el autoguardado \u00abactivado\u00bb y tendr\u00e1s que desactivarlo desde el bot\u00f3n Autoguardado, que tienes en la <a href=\"https:\/\/exceladvisor.org\/es\/barra-de-acceso-rapido\/\">barra de herramientas de acceso r\u00e1pido<\/a> .<\/p>\n<h2 class=\"wp-block-heading\"> \u00a1Desactive el guardado autom\u00e1tico sin apagarlo!<\/h2>\n<p> Autoguardado es una caracter\u00edstica fant\u00e1stica que te ayuda a guardar archivos. Y le recomiendo que en lugar de deshabilitarlo desde las Opciones de Excel, puede usar el bot\u00f3n de alternancia de la barra de herramientas de acceso r\u00e1pido para habilitarlo y deshabilitarlo. <\/p>\n<div class=\"wp-block-image\">\n<figure class=\"aligncenter size-full is-resized\"><img loading=\"lazy\" decoding=\"async\" class=\"wp-image-85887\" src=\"https:\/\/exceladvisor.org\/wp-content\/uploads\/2023\/08\/3-desactiver-la-sauvegarde-automatique-sans-la-desactiver.png\" sizes=\"auto, \" srcset=\"\" alt=\"desactivar-guardado-autom\u00e1tico-sin-apagarlo\" width=\"682\" height=\"175\"><\/figure>\n<\/div>\n<div class=\"gb-container gb-container-4db6181c gb-container-mt\"> <a class=\"gb-button gb-button-c5897111 gb-button-text gb-button-mt-button\" href=\"https:\/\/exceladvisor.org\/es\/avance-de-excel\/\">Tutoriales avanzados de Excel<\/a><\/p>\n<h2 class=\"gb-headline gb-headline-665e5f6b gb-headline-text gb-headline-mt-heading\"> Tutoriales relacionados <\/h2>\n<div class=\"gb-grid-wrapper gb-grid-wrapper-a20baf7c gb-grid-wrapper-mt-grid\">\n<div class=\"gb-grid-column gb-grid-column-65ddf67e\">\n<div class=\"gb-container gb-container-65ddf67e\">\n<ul>\n<li> <a href=\"https:\/\/exceladvisor.org\/es\/herramienta-de-camara\/\">Herramienta de c\u00e1mara de Excel<\/a><\/li>\n<li> <a href=\"https:\/\/exceladvisor.org\/es\/buscar-objetivo\/\">Buscador de objetivos en Excel<\/a><\/li>\n<li> <a href=\"https:\/\/exceladvisor.org\/es\/ver-ventana\/\">Ventana de observaci\u00f3n en Excel<\/a><\/li>\n<li> <a href=\"https:\/\/exceladvisor.org\/es\/rebanador-de-excel\/\">Cortadora de Excel (gu\u00eda completa)<\/a><\/li>\n<li> <a href=\"https:\/\/exceladvisor.org\/es\/excel-por-defecto-en-mac\/\">Hacer que Excel sea el predeterminado en Mac<\/a><\/li>\n<\/ul>\n<\/div>\n<\/div>\n<\/div>\n<\/div>\n","protected":false},"excerpt":{"rendered":"<p>Autoguardado es una nueva caracter\u00edstica introducida por Microsoft en todas las aplicaciones de Office, incluido Excel. Funciona con OneDrive y SharePoint para guardar autom\u00e1ticamente sus archivos a intervalos regulares. As\u00ed que siempre hay un reverso del archivo. Y si quieres desactivarlo, puedes hacerlo. Deshabilite el guardado autom\u00e1tico desde las opciones de Excel Primero, vaya a [&hellip;]<\/p>\n","protected":false},"author":1,"featured_media":0,"parent":0,"menu_order":0,"comment_status":"open","ping_status":"closed","template":"","meta":{"ub_ctt_via":"","footnotes":""},"class_list":["post-454","page","type-page","status-publish","hentry"],"featured_image_src":null,"yoast_head":"<!-- This site is optimized with the Yoast SEO plugin v25.4 - https:\/\/yoast.com\/wordpress\/plugins\/seo\/ -->\n<title>\u00bfc\u00f3mo deshabilitar el guardado autom\u00e1tico en excel?<\/title>\n<meta name=\"robots\" content=\"index, follow, max-snippet:-1, max-image-preview:large, max-video-preview:-1\" \/>\n<link rel=\"canonical\" href=\"https:\/\/exceladvisor.org\/es\/desactivar-el-guardado-automatico\/\" \/>\n<meta property=\"og:locale\" content=\"es_ES\" \/>\n<meta property=\"og:type\" content=\"article\" \/>\n<meta property=\"og:title\" content=\"\u00bfc\u00f3mo deshabilitar el guardado autom\u00e1tico en excel?\" \/>\n<meta property=\"og:description\" content=\"Autoguardado es una nueva caracter\u00edstica introducida por Microsoft en todas las aplicaciones de Office, incluido Excel. Funciona con OneDrive y SharePoint para guardar autom\u00e1ticamente sus archivos a intervalos regulares. As\u00ed que siempre hay un reverso del archivo. Y si quieres desactivarlo, puedes hacerlo. Deshabilite el guardado autom\u00e1tico desde las opciones de Excel Primero, vaya a [&hellip;]\" \/>\n<meta property=\"og:url\" content=\"https:\/\/exceladvisor.org\/es\/desactivar-el-guardado-automatico\/\" \/>\n<meta property=\"og:site_name\" content=\"Excel Advisor\" \/>\n<meta property=\"article:modified_time\" content=\"2023-12-25T10:24:47+00:00\" \/>\n<meta property=\"og:image\" content=\"https:\/\/exceladvisor.org\/wp-content\/uploads\/2023\/08\/1-desactiver-la-fonction-de-sauvegarde-automatique.png\" \/>\n<meta name=\"twitter:card\" content=\"summary_large_image\" \/>\n<meta name=\"twitter:label1\" content=\"Tiempo de lectura\" \/>\n\t<meta name=\"twitter:data1\" content=\"1 minuto\" \/>\n<script type=\"application\/ld+json\" class=\"yoast-schema-graph\">{\"@context\":\"https:\/\/schema.org\",\"@graph\":[{\"@type\":\"WebPage\",\"@id\":\"https:\/\/exceladvisor.org\/es\/desactivar-el-guardado-automatico\/\",\"url\":\"https:\/\/exceladvisor.org\/es\/desactivar-el-guardado-automatico\/\",\"name\":\"\u00bfc\u00f3mo deshabilitar el guardado autom\u00e1tico en excel?\",\"isPartOf\":{\"@id\":\"https:\/\/exceladvisor.org\/es\/#website\"},\"primaryImageOfPage\":{\"@id\":\"https:\/\/exceladvisor.org\/es\/desactivar-el-guardado-automatico\/#primaryimage\"},\"image\":{\"@id\":\"https:\/\/exceladvisor.org\/es\/desactivar-el-guardado-automatico\/#primaryimage\"},\"thumbnailUrl\":\"https:\/\/exceladvisor.org\/wp-content\/uploads\/2023\/08\/1-desactiver-la-fonction-de-sauvegarde-automatique.png\",\"datePublished\":\"2023-10-27T23:10:54+00:00\",\"dateModified\":\"2023-12-25T10:24:47+00:00\",\"breadcrumb\":{\"@id\":\"https:\/\/exceladvisor.org\/es\/desactivar-el-guardado-automatico\/#breadcrumb\"},\"inLanguage\":\"es\",\"potentialAction\":[{\"@type\":\"ReadAction\",\"target\":[\"https:\/\/exceladvisor.org\/es\/desactivar-el-guardado-automatico\/\"]}]},{\"@type\":\"ImageObject\",\"inLanguage\":\"es\",\"@id\":\"https:\/\/exceladvisor.org\/es\/desactivar-el-guardado-automatico\/#primaryimage\",\"url\":\"https:\/\/exceladvisor.org\/wp-content\/uploads\/2023\/08\/1-desactiver-la-fonction-de-sauvegarde-automatique.png\",\"contentUrl\":\"https:\/\/exceladvisor.org\/wp-content\/uploads\/2023\/08\/1-desactiver-la-fonction-de-sauvegarde-automatique.png\"},{\"@type\":\"BreadcrumbList\",\"@id\":\"https:\/\/exceladvisor.org\/es\/desactivar-el-guardado-automatico\/#breadcrumb\",\"itemListElement\":[{\"@type\":\"ListItem\",\"position\":1,\"name\":\"Hogar\",\"item\":\"https:\/\/exceladvisor.org\/es\/\"},{\"@type\":\"ListItem\",\"position\":2,\"name\":\"\u00bfc\u00f3mo deshabilitar el guardado autom\u00e1tico en excel?\"}]},{\"@type\":\"WebSite\",\"@id\":\"https:\/\/exceladvisor.org\/es\/#website\",\"url\":\"https:\/\/exceladvisor.org\/es\/\",\"name\":\"Excel Advisor\",\"description\":\"Su gu\u00eda para la dominaci\u00f3n de datos!\",\"publisher\":{\"@id\":\"https:\/\/exceladvisor.org\/es\/#organization\"},\"potentialAction\":[{\"@type\":\"SearchAction\",\"target\":{\"@type\":\"EntryPoint\",\"urlTemplate\":\"https:\/\/exceladvisor.org\/es\/?s={search_term_string}\"},\"query-input\":{\"@type\":\"PropertyValueSpecification\",\"valueRequired\":true,\"valueName\":\"search_term_string\"}}],\"inLanguage\":\"es\"},{\"@type\":\"Organization\",\"@id\":\"https:\/\/exceladvisor.org\/es\/#organization\",\"name\":\"Excel Advisor\",\"url\":\"https:\/\/exceladvisor.org\/es\/\",\"logo\":{\"@type\":\"ImageObject\",\"inLanguage\":\"es\",\"@id\":\"https:\/\/exceladvisor.org\/es\/#\/schema\/logo\/image\/\",\"url\":\"https:\/\/exceladvisor.org\/es\/wp-content\/uploads\/2023\/12\/exceladvisor.org_.png\",\"contentUrl\":\"https:\/\/exceladvisor.org\/es\/wp-content\/uploads\/2023\/12\/exceladvisor.org_.png\",\"width\":105,\"height\":36,\"caption\":\"Excel Advisor\"},\"image\":{\"@id\":\"https:\/\/exceladvisor.org\/es\/#\/schema\/logo\/image\/\"}}]}<\/script>\n<!-- \/ Yoast SEO plugin. -->","yoast_head_json":{"title":"\u00bfc\u00f3mo deshabilitar el guardado autom\u00e1tico en excel?","robots":{"index":"index","follow":"follow","max-snippet":"max-snippet:-1","max-image-preview":"max-image-preview:large","max-video-preview":"max-video-preview:-1"},"canonical":"https:\/\/exceladvisor.org\/es\/desactivar-el-guardado-automatico\/","og_locale":"es_ES","og_type":"article","og_title":"\u00bfc\u00f3mo deshabilitar el guardado autom\u00e1tico en excel?","og_description":"Autoguardado es una nueva caracter\u00edstica introducida por Microsoft en todas las aplicaciones de Office, incluido Excel. Funciona con OneDrive y SharePoint para guardar autom\u00e1ticamente sus archivos a intervalos regulares. As\u00ed que siempre hay un reverso del archivo. Y si quieres desactivarlo, puedes hacerlo. Deshabilite el guardado autom\u00e1tico desde las opciones de Excel Primero, vaya a [&hellip;]","og_url":"https:\/\/exceladvisor.org\/es\/desactivar-el-guardado-automatico\/","og_site_name":"Excel Advisor","article_modified_time":"2023-12-25T10:24:47+00:00","og_image":[{"url":"https:\/\/exceladvisor.org\/wp-content\/uploads\/2023\/08\/1-desactiver-la-fonction-de-sauvegarde-automatique.png","type":"","width":"","height":""}],"twitter_card":"summary_large_image","twitter_misc":{"Tiempo de lectura":"1 minuto"},"schema":{"@context":"https:\/\/schema.org","@graph":[{"@type":"WebPage","@id":"https:\/\/exceladvisor.org\/es\/desactivar-el-guardado-automatico\/","url":"https:\/\/exceladvisor.org\/es\/desactivar-el-guardado-automatico\/","name":"\u00bfc\u00f3mo deshabilitar el guardado autom\u00e1tico en excel?","isPartOf":{"@id":"https:\/\/exceladvisor.org\/es\/#website"},"primaryImageOfPage":{"@id":"https:\/\/exceladvisor.org\/es\/desactivar-el-guardado-automatico\/#primaryimage"},"image":{"@id":"https:\/\/exceladvisor.org\/es\/desactivar-el-guardado-automatico\/#primaryimage"},"thumbnailUrl":"https:\/\/exceladvisor.org\/wp-content\/uploads\/2023\/08\/1-desactiver-la-fonction-de-sauvegarde-automatique.png","datePublished":"2023-10-27T23:10:54+00:00","dateModified":"2023-12-25T10:24:47+00:00","breadcrumb":{"@id":"https:\/\/exceladvisor.org\/es\/desactivar-el-guardado-automatico\/#breadcrumb"},"inLanguage":"es","potentialAction":[{"@type":"ReadAction","target":["https:\/\/exceladvisor.org\/es\/desactivar-el-guardado-automatico\/"]}]},{"@type":"ImageObject","inLanguage":"es","@id":"https:\/\/exceladvisor.org\/es\/desactivar-el-guardado-automatico\/#primaryimage","url":"https:\/\/exceladvisor.org\/wp-content\/uploads\/2023\/08\/1-desactiver-la-fonction-de-sauvegarde-automatique.png","contentUrl":"https:\/\/exceladvisor.org\/wp-content\/uploads\/2023\/08\/1-desactiver-la-fonction-de-sauvegarde-automatique.png"},{"@type":"BreadcrumbList","@id":"https:\/\/exceladvisor.org\/es\/desactivar-el-guardado-automatico\/#breadcrumb","itemListElement":[{"@type":"ListItem","position":1,"name":"Hogar","item":"https:\/\/exceladvisor.org\/es\/"},{"@type":"ListItem","position":2,"name":"\u00bfc\u00f3mo deshabilitar el guardado autom\u00e1tico en excel?"}]},{"@type":"WebSite","@id":"https:\/\/exceladvisor.org\/es\/#website","url":"https:\/\/exceladvisor.org\/es\/","name":"Excel Advisor","description":"Su gu\u00eda para la dominaci\u00f3n de datos!","publisher":{"@id":"https:\/\/exceladvisor.org\/es\/#organization"},"potentialAction":[{"@type":"SearchAction","target":{"@type":"EntryPoint","urlTemplate":"https:\/\/exceladvisor.org\/es\/?s={search_term_string}"},"query-input":{"@type":"PropertyValueSpecification","valueRequired":true,"valueName":"search_term_string"}}],"inLanguage":"es"},{"@type":"Organization","@id":"https:\/\/exceladvisor.org\/es\/#organization","name":"Excel Advisor","url":"https:\/\/exceladvisor.org\/es\/","logo":{"@type":"ImageObject","inLanguage":"es","@id":"https:\/\/exceladvisor.org\/es\/#\/schema\/logo\/image\/","url":"https:\/\/exceladvisor.org\/es\/wp-content\/uploads\/2023\/12\/exceladvisor.org_.png","contentUrl":"https:\/\/exceladvisor.org\/es\/wp-content\/uploads\/2023\/12\/exceladvisor.org_.png","width":105,"height":36,"caption":"Excel Advisor"},"image":{"@id":"https:\/\/exceladvisor.org\/es\/#\/schema\/logo\/image\/"}}]}},"yoast_meta":{"yoast_wpseo_title":"","yoast_wpseo_metadesc":"","yoast_wpseo_canonical":""},"_links":{"self":[{"href":"https:\/\/exceladvisor.org\/es\/wp-json\/wp\/v2\/pages\/454","targetHints":{"allow":["GET"]}}],"collection":[{"href":"https:\/\/exceladvisor.org\/es\/wp-json\/wp\/v2\/pages"}],"about":[{"href":"https:\/\/exceladvisor.org\/es\/wp-json\/wp\/v2\/types\/page"}],"author":[{"embeddable":true,"href":"https:\/\/exceladvisor.org\/es\/wp-json\/wp\/v2\/users\/1"}],"replies":[{"embeddable":true,"href":"https:\/\/exceladvisor.org\/es\/wp-json\/wp\/v2\/comments?post=454"}],"version-history":[{"count":1,"href":"https:\/\/exceladvisor.org\/es\/wp-json\/wp\/v2\/pages\/454\/revisions"}],"predecessor-version":[{"id":954,"href":"https:\/\/exceladvisor.org\/es\/wp-json\/wp\/v2\/pages\/454\/revisions\/954"}],"wp:attachment":[{"href":"https:\/\/exceladvisor.org\/es\/wp-json\/wp\/v2\/media?parent=454"}],"curies":[{"name":"wp","href":"https:\/\/api.w.org\/{rel}","templated":true}]}}