{"id":457,"date":"2023-10-27T19:06:55","date_gmt":"2023-10-27T19:06:55","guid":{"rendered":"https:\/\/exceladvisor.org\/es\/tabla-de-personas\/"},"modified":"2023-12-25T10:25:52","modified_gmt":"2023-12-25T10:25:52","slug":"tabla-de-personas","status":"publish","type":"page","link":"https:\/\/exceladvisor.org\/es\/tabla-de-personas\/","title":{"rendered":"\u00bfc\u00f3mo insertar un gr\u00e1fico de personas en excel?"},"content":{"rendered":"<div class=\"excel-antes-del-contenido\" id=\"excel-3573484211\"><script type=\"text\/javascript\">\r\n\tatOptions = {\r\n\t\t'key' : 'c1158f160081d6540a8409e6925dab94',\r\n\t\t'format' : 'iframe',\r\n\t\t'height' : 250,\r\n\t\t'width' : 300,\r\n\t\t'params' : {}\r\n\t};\r\n<\/script>\r\n<script type=\"text\/javascript\" src=\"\/\/www.highperformanceformat.com\/c1158f160081d6540a8409e6925dab94\/invoke.js\"><\/script><\/div><p>Siempre me han fascinado las infograf\u00edas y las im\u00e1genes basadas en historias. Este tipo de cosas me ayuda a contar una historia con datos. Un <a style=\"outline: none;\" href=\"https:\/\/exceladvisor.org\/es\/pictograma\/\">pictograma es un excelente ejemplo<\/a> . Pero aparte de eso, hay un gr\u00e1fico en Excel que la mayor\u00eda de nosotros no conocemos.<\/p>\n<p> Se llama: <strong>Gr\u00e1fico de personas<\/strong> <\/p>\n<div class=\"wp-block-image\">\n<figure class=\"aligncenter\"><img decoding=\"async\" src=\"https:\/\/exceladvisor.org\/wp-content\/uploads\/2023\/08\/inserer-un-graphique-de-personnes-dans-excel-min-1.png\" sizes=\"\" srcset=\"\" alt=\"insertar un gr\u00e1fico de personas en excel\"><\/figure>\n<\/div>\n<p> Se introdujo por primera vez con Microsoft Excel 2013 para ayudar a las personas a crear infograf\u00edas. En un gr\u00e1fico de personas, en lugar de una columna, barra o l\u00ednea, tenemos \u00edconos para presentar los datos. Y se ve bonito y profesional.<\/p>\n<p> Hoy en este art\u00edculo me gustar\u00eda compartir pasos simples para insertar un gr\u00e1fico de personas en Excel y la opci\u00f3n que podemos usar con \u00e9l. Entonces empecemos.<\/p>\n<h2 class=\"wp-block-heading\"> 7 pasos para insertar un gr\u00e1fico de personas en Excel<\/h2>\n<p> Crear un gr\u00e1fico de personas en Excel es sencillo y f\u00e1cil, s\u00f3lo necesitamos unos pocos clics. Aqu\u00ed est\u00e1 la tabla de datos que uso aqu\u00ed, puede descargarla aqu\u00ed para seguirla. <\/p>\n<div class=\"wp-block-image\">\n<figure class=\"aligncenter\"><img decoding=\"async\" src=\"https:\/\/exceladvisor.org\/wp-content\/uploads\/2023\/08\/donnees-pour-inserer-un-graphique-de-personnes-dans-excel-min-1.png\" sizes=\"\" srcset=\"\" alt=\"datos para insertar un organigrama de personas en excel\"><\/figure>\n<\/div>\n<ol>\n<li> Primero, vaya a la pesta\u00f1a Insertar -&gt; Complementos -&gt; haga clic en el peque\u00f1o bot\u00f3n verde. <br \/><img decoding=\"async\" title=\"ir a insertar pesta\u00f1a para insertar un gr\u00e1fico de personas en Excel Min\" src=\"https:\/\/exceladvisor.org\/wp-content\/uploads\/2023\/08\/allez-a-longlet-inserer-pour-inserer-un-graphique-de-personnes-dans-excel-min-1.png\" sizes=\"\" srcset=\"\" alt=\"go to insert tab to insert a people graph in excel\"><\/li>\n<li> Insertar\u00e1 un gr\u00e1fico de personas con datos ficticios. <br \/><img decoding=\"async\" title=\"insertar gr\u00e1fico de personas en Excel-min\" src=\"https:\/\/exceladvisor.org\/wp-content\/uploads\/2023\/08\/inserer-un-graphique-de-personnes-dans-excel-min-1.png\" sizes=\"\" srcset=\"\" alt=\"insert a people graph in excel\"><\/li>\n<li> Ahora su siguiente paso es conectar los datos al gr\u00e1fico. <br \/><img decoding=\"async\" title=\"dos-iconos-para-insertar-un-gr\u00e1fico-de-personas-en-excel-min\" src=\"https:\/\/exceladvisor.org\/wp-content\/uploads\/2023\/08\/deux-icones-pour-inserer-un-graphique-de-personnes-dans-excel-min-1.png\" sizes=\"\" srcset=\"\" alt=\"two icons to insert a people graph in excel\"><\/li>\n<li> Haga clic en el \u00edcono de datos, luego haga clic en el bot\u00f3n seleccione sus datos. <br \/><img decoding=\"async\" title=\"seleccione-sus-datos-para-insertar-un-gr\u00e1fico-de-personas-en-excel-min-1\" src=\"https:\/\/exceladvisor.org\/wp-content\/uploads\/2023\/08\/selectionnez-vos-donnees-pour-inserer-un-graphique-de-personnes-dans-excel-min-1.png\" sizes=\"\" srcset=\"\" alt=\"select your data to insert a people graph in excel\"><\/li>\n<li> Ahora seleccione la tabla de datos y haga clic en el bot\u00f3n Crear. <br \/><img decoding=\"async\" title=\"haga clic en crear para insertar un gr\u00e1fico de personas en Excel-min\" src=\"https:\/\/exceladvisor.org\/wp-content\/uploads\/2023\/08\/cliquez-sur-creer-pour-inserer-un-graphique-de-personnes-dans-excel-min-1.png\" sizes=\"\" srcset=\"\" alt=\"click on create to insert a people graph in excel\"><\/li>\n<li> Lo \u00faltimo que debes hacer es un t\u00edtulo para tu gr\u00e1fico.<\/li>\n<li> Haga clic en el \u00edcono de datos nuevamente y cambie el t\u00edtulo predeterminado al t\u00edtulo que desee. <br \/><img decoding=\"async\" title=\"ingrese-t\u00edtulo-para-insertar-un-gr\u00e1fico-de-personas-en-excel-min\" src=\"https:\/\/exceladvisor.org\/wp-content\/uploads\/2023\/08\/entrez-le-titre-pour-inserer-un-graphique-de-personnes-dans-Excel-min-1.png\" sizes=\"\" srcset=\"\" alt=\"\"><\/li>\n<\/ol>\n<p> \u00a1Felicidades! Su primera infograf\u00eda est\u00e1 lista para contar su historia. Es un momento de orgullo. <\/p>\n<div class=\"wp-block-image\">\n<figure class=\"aligncenter\"><img decoding=\"async\" src=\"https:\/\/exceladvisor.org\/wp-content\/uploads\/2023\/08\/pret-a-utiliser-le-graphique-des-personnes-dans-excel-min-1.png\" sizes=\"\" srcset=\"\" alt=\"gr\u00e1fico de personas listo para usar en excel\"><\/figure>\n<\/div>\n<h2 class=\"wp-block-heading\"> Personalizaci\u00f3n y otras opciones.<\/h2>\n<p> Como dije, es f\u00e1cil insertar un gr\u00e1fico de personas. Pero hay algunas opciones de personalizaci\u00f3n que se pueden realizar despu\u00e9s de eso.<\/p>\n<h3 class=\"wp-block-heading\"> 1.Tipo de gr\u00e1fico<\/h3>\n<p> Hay 3 tipos de gr\u00e1ficos predefinidos que podemos utilizar. Haga clic en el bot\u00f3n de configuraci\u00f3n y seleccione el tipo que desee. <\/p>\n<div class=\"wp-block-image\">\n<figure class=\"aligncenter\"><img decoding=\"async\" src=\"https:\/\/exceladvisor.org\/wp-content\/uploads\/2023\/08\/changer-le-type-dans-le-graphique-des-personnes-dans-excel-min-1.png\" sizes=\"\" srcset=\"\" alt=\"tipo de cambio en el gr\u00e1fico de personas en excel\"><\/figure>\n<\/div>\n<h3 class=\"wp-block-heading\"> 2. Tema<\/h3>\n<p> Tambi\u00e9n podemos utilizar diferentes temas para nuestro gr\u00e1fico. Hay 7 temas predefinidos que podemos utilizar. Haga clic en el bot\u00f3n de configuraci\u00f3n y seleccione el tipo que desee. <\/p>\n<div class=\"wp-block-image\">\n<figure class=\"aligncenter\"><img decoding=\"async\" src=\"https:\/\/exceladvisor.org\/wp-content\/uploads\/2023\/08\/changer-le-theme-dans-le-graphique-des-personnes-dans-excel-min-1.png\" sizes=\"\" srcset=\"\" alt=\"cambiar tema en gr\u00e1fico de personas en excel\"><\/figure>\n<\/div>\n<h3 class=\"wp-block-heading\"> 3.Forma (icono)<\/h3>\n<p> No podemos utilizar un \u00fanico formulario para todos los tipos de datos. Por eso hay 12 formas diferentes entre las que podemos elegir. Haga clic en el bot\u00f3n de configuraci\u00f3n y seleccione la forma que desee. <\/p>\n<div class=\"wp-block-image\">\n<figure class=\"aligncenter\"><img decoding=\"async\" src=\"https:\/\/exceladvisor.org\/wp-content\/uploads\/2023\/08\/changer-les-icones-dans-le-graphique-des-personnes-dans-excel-min-1.png\" sizes=\"\" srcset=\"\" alt=\"cambiar iconos en el gr\u00e1fico de personas en excel\"><\/figure>\n<\/div>\n<h3 class=\"wp-block-heading\"> 4. Guardar como imagen<\/h3>\n<p> Hay una opci\u00f3n para guardarlo como una imagen. Con esto podemos usarlo m\u00e1s en PowerPoint, enviarlo por correo electr\u00f3nico, subirlo a la web, etc.<\/p>\n<h3 class=\"wp-block-heading\"> 5 m\u00e1s<\/h3>\n<ul>\n<li> Cuando actualice un valor en los datos de origen, aseg\u00farese de hacer clic en el gr\u00e1fico una vez para actualizarlo.<\/li>\n<li> Tambi\u00e9n puedes pegarlo como una imagen en la hoja de c\u00e1lculo copiando y pegando.<\/li>\n<\/ul>\n<h2 class=\"wp-block-heading\"> Conclusi\u00f3n<\/h2>\n<p> Las infograf\u00edas son excelentes para presentar datos de forma v\u00edvida. Y creo que crear un gr\u00e1fico de personas en Excel es realmente divertido.<\/p>\n<p> Tambi\u00e9n puede usarlo en sus paneles y plantillas para que se vean impresionantes y como una forma eficaz de hacer que los dem\u00e1s comprendan los datos. Estoy seguro de que este cuadro le result\u00f3 \u00fatil y le ayudar\u00e1 en su trabajo.<\/p>\n<p> Ahora dime una cosa.<\/p>\n<p> <span style=\"color: #ea493f;\">\u00bfAlguna vez has probado esto antes?<\/span> \u00bfY crees que podemos usarlo en nuestros paneles de control?<\/p>\n<p> Comparta sus pensamientos en la secci\u00f3n de comentarios, me encantar\u00eda saber de usted. Y no olvides compartir este consejo con tus amigos.<\/p>\n<h2 class=\"wp-block-heading\"> M\u00e1s consejos y tutoriales sobre gr\u00e1ficos<\/h2>\n<ul>\n<li> <a style=\"outline: none;\" href=\"https:\/\/exceladvisor.org\/es\/agregar-una-linea-horizontal\/\">C\u00f3mo agregar una l\u00ednea horizontal a un gr\u00e1fico en Excel<\/a><\/li>\n<li> <a style=\"outline: none;\" href=\"https:\/\/exceladvisor.org\/es\/agregar-una-linea-vertical\/\">C\u00f3mo agregar una l\u00ednea vertical a un gr\u00e1fico en Excel<\/a><\/li>\n<li> <a style=\"outline: none;\" href=\"https:\/\/exceladvisor.org\/es\/tablero-de-balas\/\">C\u00f3mo crear un gr\u00e1fico de vi\u00f1etas en Excel<\/a><\/li>\n<li> <a style=\"outline: none;\" href=\"https:\/\/exceladvisor.org\/es\/rango-de-grafico-dinamico\/\">C\u00f3mo crear un rango de gr\u00e1fico din\u00e1mico en Excel<\/a><\/li>\n<li> <a style=\"outline: none;\" href=\"https:\/\/exceladvisor.org\/es\/titulo-del-grafico-dinamico\/\">C\u00f3mo crear un t\u00edtulo de gr\u00e1fico din\u00e1mico en Excel<\/a><\/li>\n<\/ul>\n","protected":false},"excerpt":{"rendered":"<p>Siempre me han fascinado las infograf\u00edas y las im\u00e1genes basadas en historias. Este tipo de cosas me ayuda a contar una historia con datos. Un pictograma es un excelente ejemplo . Pero aparte de eso, hay un gr\u00e1fico en Excel que la mayor\u00eda de nosotros no conocemos. Se llama: Gr\u00e1fico de personas Se introdujo por [&hellip;]<\/p>\n","protected":false},"author":1,"featured_media":0,"parent":0,"menu_order":0,"comment_status":"open","ping_status":"closed","template":"","meta":{"ub_ctt_via":"","footnotes":""},"class_list":["post-457","page","type-page","status-publish","hentry"],"featured_image_src":null,"yoast_head":"<!-- This site is optimized with the Yoast SEO plugin v25.4 - https:\/\/yoast.com\/wordpress\/plugins\/seo\/ -->\n<title>\u00bfc\u00f3mo insertar un gr\u00e1fico de personas en excel?<\/title>\n<meta name=\"robots\" content=\"index, follow, max-snippet:-1, max-image-preview:large, max-video-preview:-1\" \/>\n<link rel=\"canonical\" href=\"https:\/\/exceladvisor.org\/es\/tabla-de-personas\/\" \/>\n<meta property=\"og:locale\" content=\"es_ES\" \/>\n<meta property=\"og:type\" content=\"article\" \/>\n<meta property=\"og:title\" content=\"\u00bfc\u00f3mo insertar un gr\u00e1fico de personas en excel?\" \/>\n<meta property=\"og:description\" content=\"Siempre me han fascinado las infograf\u00edas y las im\u00e1genes basadas en historias. Este tipo de cosas me ayuda a contar una historia con datos. Un pictograma es un excelente ejemplo . Pero aparte de eso, hay un gr\u00e1fico en Excel que la mayor\u00eda de nosotros no conocemos. Se llama: Gr\u00e1fico de personas Se introdujo por [&hellip;]\" \/>\n<meta property=\"og:url\" content=\"https:\/\/exceladvisor.org\/es\/tabla-de-personas\/\" \/>\n<meta property=\"og:site_name\" content=\"Excel Advisor\" \/>\n<meta property=\"article:modified_time\" content=\"2023-12-25T10:25:52+00:00\" \/>\n<meta property=\"og:image\" content=\"https:\/\/exceladvisor.org\/wp-content\/uploads\/2023\/08\/inserer-un-graphique-de-personnes-dans-excel-min-1.png\" \/>\n<meta name=\"twitter:card\" content=\"summary_large_image\" \/>\n<meta name=\"twitter:label1\" content=\"Tiempo de lectura\" \/>\n\t<meta name=\"twitter:data1\" content=\"3 minutos\" \/>\n<script type=\"application\/ld+json\" class=\"yoast-schema-graph\">{\"@context\":\"https:\/\/schema.org\",\"@graph\":[{\"@type\":\"WebPage\",\"@id\":\"https:\/\/exceladvisor.org\/es\/tabla-de-personas\/\",\"url\":\"https:\/\/exceladvisor.org\/es\/tabla-de-personas\/\",\"name\":\"\u00bfc\u00f3mo insertar un gr\u00e1fico de personas en excel?\",\"isPartOf\":{\"@id\":\"https:\/\/exceladvisor.org\/es\/#website\"},\"primaryImageOfPage\":{\"@id\":\"https:\/\/exceladvisor.org\/es\/tabla-de-personas\/#primaryimage\"},\"image\":{\"@id\":\"https:\/\/exceladvisor.org\/es\/tabla-de-personas\/#primaryimage\"},\"thumbnailUrl\":\"https:\/\/exceladvisor.org\/wp-content\/uploads\/2023\/08\/inserer-un-graphique-de-personnes-dans-excel-min-1.png\",\"datePublished\":\"2023-10-27T19:06:55+00:00\",\"dateModified\":\"2023-12-25T10:25:52+00:00\",\"breadcrumb\":{\"@id\":\"https:\/\/exceladvisor.org\/es\/tabla-de-personas\/#breadcrumb\"},\"inLanguage\":\"es\",\"potentialAction\":[{\"@type\":\"ReadAction\",\"target\":[\"https:\/\/exceladvisor.org\/es\/tabla-de-personas\/\"]}]},{\"@type\":\"ImageObject\",\"inLanguage\":\"es\",\"@id\":\"https:\/\/exceladvisor.org\/es\/tabla-de-personas\/#primaryimage\",\"url\":\"https:\/\/exceladvisor.org\/wp-content\/uploads\/2023\/08\/inserer-un-graphique-de-personnes-dans-excel-min-1.png\",\"contentUrl\":\"https:\/\/exceladvisor.org\/wp-content\/uploads\/2023\/08\/inserer-un-graphique-de-personnes-dans-excel-min-1.png\"},{\"@type\":\"BreadcrumbList\",\"@id\":\"https:\/\/exceladvisor.org\/es\/tabla-de-personas\/#breadcrumb\",\"itemListElement\":[{\"@type\":\"ListItem\",\"position\":1,\"name\":\"Hogar\",\"item\":\"https:\/\/exceladvisor.org\/es\/\"},{\"@type\":\"ListItem\",\"position\":2,\"name\":\"\u00bfc\u00f3mo insertar un gr\u00e1fico de personas en excel?\"}]},{\"@type\":\"WebSite\",\"@id\":\"https:\/\/exceladvisor.org\/es\/#website\",\"url\":\"https:\/\/exceladvisor.org\/es\/\",\"name\":\"Excel Advisor\",\"description\":\"Su gu\u00eda para la dominaci\u00f3n de datos!\",\"publisher\":{\"@id\":\"https:\/\/exceladvisor.org\/es\/#organization\"},\"potentialAction\":[{\"@type\":\"SearchAction\",\"target\":{\"@type\":\"EntryPoint\",\"urlTemplate\":\"https:\/\/exceladvisor.org\/es\/?s={search_term_string}\"},\"query-input\":{\"@type\":\"PropertyValueSpecification\",\"valueRequired\":true,\"valueName\":\"search_term_string\"}}],\"inLanguage\":\"es\"},{\"@type\":\"Organization\",\"@id\":\"https:\/\/exceladvisor.org\/es\/#organization\",\"name\":\"Excel Advisor\",\"url\":\"https:\/\/exceladvisor.org\/es\/\",\"logo\":{\"@type\":\"ImageObject\",\"inLanguage\":\"es\",\"@id\":\"https:\/\/exceladvisor.org\/es\/#\/schema\/logo\/image\/\",\"url\":\"https:\/\/exceladvisor.org\/es\/wp-content\/uploads\/2023\/12\/exceladvisor.org_.png\",\"contentUrl\":\"https:\/\/exceladvisor.org\/es\/wp-content\/uploads\/2023\/12\/exceladvisor.org_.png\",\"width\":105,\"height\":36,\"caption\":\"Excel Advisor\"},\"image\":{\"@id\":\"https:\/\/exceladvisor.org\/es\/#\/schema\/logo\/image\/\"}}]}<\/script>\n<!-- \/ Yoast SEO plugin. -->","yoast_head_json":{"title":"\u00bfc\u00f3mo insertar un gr\u00e1fico de personas en excel?","robots":{"index":"index","follow":"follow","max-snippet":"max-snippet:-1","max-image-preview":"max-image-preview:large","max-video-preview":"max-video-preview:-1"},"canonical":"https:\/\/exceladvisor.org\/es\/tabla-de-personas\/","og_locale":"es_ES","og_type":"article","og_title":"\u00bfc\u00f3mo insertar un gr\u00e1fico de personas en excel?","og_description":"Siempre me han fascinado las infograf\u00edas y las im\u00e1genes basadas en historias. Este tipo de cosas me ayuda a contar una historia con datos. Un pictograma es un excelente ejemplo . Pero aparte de eso, hay un gr\u00e1fico en Excel que la mayor\u00eda de nosotros no conocemos. Se llama: Gr\u00e1fico de personas Se introdujo por [&hellip;]","og_url":"https:\/\/exceladvisor.org\/es\/tabla-de-personas\/","og_site_name":"Excel Advisor","article_modified_time":"2023-12-25T10:25:52+00:00","og_image":[{"url":"https:\/\/exceladvisor.org\/wp-content\/uploads\/2023\/08\/inserer-un-graphique-de-personnes-dans-excel-min-1.png","type":"","width":"","height":""}],"twitter_card":"summary_large_image","twitter_misc":{"Tiempo de lectura":"3 minutos"},"schema":{"@context":"https:\/\/schema.org","@graph":[{"@type":"WebPage","@id":"https:\/\/exceladvisor.org\/es\/tabla-de-personas\/","url":"https:\/\/exceladvisor.org\/es\/tabla-de-personas\/","name":"\u00bfc\u00f3mo insertar un gr\u00e1fico de personas en excel?","isPartOf":{"@id":"https:\/\/exceladvisor.org\/es\/#website"},"primaryImageOfPage":{"@id":"https:\/\/exceladvisor.org\/es\/tabla-de-personas\/#primaryimage"},"image":{"@id":"https:\/\/exceladvisor.org\/es\/tabla-de-personas\/#primaryimage"},"thumbnailUrl":"https:\/\/exceladvisor.org\/wp-content\/uploads\/2023\/08\/inserer-un-graphique-de-personnes-dans-excel-min-1.png","datePublished":"2023-10-27T19:06:55+00:00","dateModified":"2023-12-25T10:25:52+00:00","breadcrumb":{"@id":"https:\/\/exceladvisor.org\/es\/tabla-de-personas\/#breadcrumb"},"inLanguage":"es","potentialAction":[{"@type":"ReadAction","target":["https:\/\/exceladvisor.org\/es\/tabla-de-personas\/"]}]},{"@type":"ImageObject","inLanguage":"es","@id":"https:\/\/exceladvisor.org\/es\/tabla-de-personas\/#primaryimage","url":"https:\/\/exceladvisor.org\/wp-content\/uploads\/2023\/08\/inserer-un-graphique-de-personnes-dans-excel-min-1.png","contentUrl":"https:\/\/exceladvisor.org\/wp-content\/uploads\/2023\/08\/inserer-un-graphique-de-personnes-dans-excel-min-1.png"},{"@type":"BreadcrumbList","@id":"https:\/\/exceladvisor.org\/es\/tabla-de-personas\/#breadcrumb","itemListElement":[{"@type":"ListItem","position":1,"name":"Hogar","item":"https:\/\/exceladvisor.org\/es\/"},{"@type":"ListItem","position":2,"name":"\u00bfc\u00f3mo insertar un gr\u00e1fico de personas en excel?"}]},{"@type":"WebSite","@id":"https:\/\/exceladvisor.org\/es\/#website","url":"https:\/\/exceladvisor.org\/es\/","name":"Excel Advisor","description":"Su gu\u00eda para la dominaci\u00f3n de datos!","publisher":{"@id":"https:\/\/exceladvisor.org\/es\/#organization"},"potentialAction":[{"@type":"SearchAction","target":{"@type":"EntryPoint","urlTemplate":"https:\/\/exceladvisor.org\/es\/?s={search_term_string}"},"query-input":{"@type":"PropertyValueSpecification","valueRequired":true,"valueName":"search_term_string"}}],"inLanguage":"es"},{"@type":"Organization","@id":"https:\/\/exceladvisor.org\/es\/#organization","name":"Excel Advisor","url":"https:\/\/exceladvisor.org\/es\/","logo":{"@type":"ImageObject","inLanguage":"es","@id":"https:\/\/exceladvisor.org\/es\/#\/schema\/logo\/image\/","url":"https:\/\/exceladvisor.org\/es\/wp-content\/uploads\/2023\/12\/exceladvisor.org_.png","contentUrl":"https:\/\/exceladvisor.org\/es\/wp-content\/uploads\/2023\/12\/exceladvisor.org_.png","width":105,"height":36,"caption":"Excel Advisor"},"image":{"@id":"https:\/\/exceladvisor.org\/es\/#\/schema\/logo\/image\/"}}]}},"yoast_meta":{"yoast_wpseo_title":"","yoast_wpseo_metadesc":"","yoast_wpseo_canonical":""},"_links":{"self":[{"href":"https:\/\/exceladvisor.org\/es\/wp-json\/wp\/v2\/pages\/457","targetHints":{"allow":["GET"]}}],"collection":[{"href":"https:\/\/exceladvisor.org\/es\/wp-json\/wp\/v2\/pages"}],"about":[{"href":"https:\/\/exceladvisor.org\/es\/wp-json\/wp\/v2\/types\/page"}],"author":[{"embeddable":true,"href":"https:\/\/exceladvisor.org\/es\/wp-json\/wp\/v2\/users\/1"}],"replies":[{"embeddable":true,"href":"https:\/\/exceladvisor.org\/es\/wp-json\/wp\/v2\/comments?post=457"}],"version-history":[{"count":1,"href":"https:\/\/exceladvisor.org\/es\/wp-json\/wp\/v2\/pages\/457\/revisions"}],"predecessor-version":[{"id":1105,"href":"https:\/\/exceladvisor.org\/es\/wp-json\/wp\/v2\/pages\/457\/revisions\/1105"}],"wp:attachment":[{"href":"https:\/\/exceladvisor.org\/es\/wp-json\/wp\/v2\/media?parent=457"}],"curies":[{"name":"wp","href":"https:\/\/api.w.org\/{rel}","templated":true}]}}