{"id":458,"date":"2023-10-27T17:17:39","date_gmt":"2023-10-27T17:17:39","guid":{"rendered":"https:\/\/exceladvisor.org\/es\/graficos-avanzados\/"},"modified":"2023-12-25T10:33:24","modified_gmt":"2023-12-25T10:33:24","slug":"graficos-avanzados","status":"publish","type":"page","link":"https:\/\/exceladvisor.org\/es\/graficos-avanzados\/","title":{"rendered":"Las 10 mejores tablas y gr\u00e1ficos avanzados de excel"},"content":{"rendered":"<div class=\"excel-antes-del-contenido\" id=\"excel-1445155180\"><script type=\"text\/javascript\">\r\n\tatOptions = {\r\n\t\t'key' : 'c1158f160081d6540a8409e6925dab94',\r\n\t\t'format' : 'iframe',\r\n\t\t'height' : 250,\r\n\t\t'width' : 300,\r\n\t\t'params' : {}\r\n\t};\r\n<\/script>\r\n<script type=\"text\/javascript\" src=\"\/\/www.highperformanceformat.com\/c1158f160081d6540a8409e6925dab94\/invoke.js\"><\/script><\/div><p class=\"has-text-align-left\">Los gr\u00e1ficos son una de las partes m\u00e1s importantes de Microsoft Excel. Esto nos ayuda a presentar nuestros datos de una manera comprensible. En Excel contamos con diferentes tipos de tablas y gr\u00e1ficos para presentar nuestros datos de diferentes formas.<\/p>\n<p> Incluso hay muchos cuadros y gr\u00e1ficos avanzados que podemos crear en Excel realizando peque\u00f1os cambios en los cuadros predeterminados. Ahora bien, la mala noticia es que la mayor\u00eda de los usuarios de Excel no exploran mucho las t\u00e9cnicas de gr\u00e1ficos. Pero puedes aprender a crear todos estos gr\u00e1ficos con un poco de esfuerzo extra.<\/p>\n<p> La ventaja de utilizar gr\u00e1ficos avanzados en Excel es que se centran en un tipo espec\u00edfico de datos y los hacen m\u00e1s comprensibles. Hoy, en este art\u00edculo, tengo una lista de las 10 mejores tablas y gr\u00e1ficos avanzados de Excel solo para usted.<\/p>\n<p> Y estos gr\u00e1ficos pueden ayudarle a convertirse en un experto en gr\u00e1ficos y puede convertirse en una sensaci\u00f3n de gr\u00e1ficos en su oficina de la noche a la ma\u00f1ana y es por eso que esto es parte de nuestra lista <a style=\"outline: none;\" href=\"https:\/\/exceladvisor.org\/es\/habilidades-de-sobresalir\/\">de habilidades avanzadas de Excel<\/a> .<\/p>\n<p class=\"qt-tip\"> <strong>Nota:<\/strong> Para cada gr\u00e1fico, hay un tutorial detallado paso a paso que puede ver y aprender a crearlo. Tambi\u00e9n puedes descargar todas las plantillas <strong><a style=\"outline: none;\" href=\"https:\/\/exceladvisor.org\/wp-content\/uploads\/2023\/11\/graphiques-excel-avances.zip\" rel=\"nofollow\" data-wpel-link=\"internal\">desde aqu\u00ed para obtener m\u00e1s informaci\u00f3n<\/a><\/strong> .<\/p>\n<h2 class=\"wp-block-heading\"> \u00bfQu\u00e9 es una tabla o gr\u00e1fico avanzado de Excel?<\/h2>\n<p> Un gr\u00e1fico o tabla avanzada de Excel es un gr\u00e1fico que tiene un uso espec\u00edfico o presenta datos de una manera espec\u00edfica para un uso. En Excel, se puede crear un gr\u00e1fico avanzado utilizando los gr\u00e1ficos b\u00e1sicos que ya est\u00e1n presentes en Excel, se puede crear desde cero o utilizando plantillas y complementos predefinidos.<\/p>\n<h2 class=\"wp-block-heading\"> 10 tablas y gr\u00e1ficos avanzados de Excel<\/h2>\n<p> A continuaci\u00f3n se muestra una lista de las principales tablas y gr\u00e1ficos avanzados que se tratan en esta gu\u00eda.<\/p>\n<h3 class=\"wp-block-heading\"> 1. <a style=\"outline: none;\" href=\"https:\/\/exceladvisor.org\/es\/tabla-de-pasos\/\" data-wpel-link=\"internal\">Mesa de paso<\/a><\/h3>\n<p id=\"tab-con-14\"> Un gr\u00e1fico de pasos es una versi\u00f3n ampliada de un gr\u00e1fico de l\u00edneas. Es perfecto para usar cuando desea ver los cambios que se han producido a intervalos irregulares. A diferencia del gr\u00e1fico de l\u00edneas, no conecta puntos de datos mediante una l\u00ednea de corta distancia. Utiliza l\u00edneas verticales y horizontales para conectar puntos de datos. <\/p>\n<div class=\"wp-block-image\">\n<figure class=\"aligncenter\"><img decoding=\"async\" src=\"https:\/\/exceladvisor.org\/wp-content\/uploads\/2023\/08\/graphiques-excel-avances-etape-min-2.png\" sizes=\"\" srcset=\"\" alt=\"\"><\/figure>\n<\/div>\n<h4 id=\"tab-con-0\" class=\"wp-block-heading\"> <span style=\"font-weight: normal;\">Beneficios del gr\u00e1fico de pasos<\/span><\/h4>\n<ol>\n<li> Esto ayuda a mostrar la hora exacta del cambio.<\/li>\n<li> Da la tendencia real de los datos a lo largo del per\u00edodo.<\/li>\n<li> En un gr\u00e1fico de l\u00edneas no es posible mostrar el per\u00edodo constante, pero en el gr\u00e1fico de pasos s\u00ed puedes mostrarlo.<\/li>\n<li> Muestra el n\u00famero real de cambios que ocurrieron durante un per\u00edodo.<\/li>\n<\/ol>\n<h3 class=\"wp-block-heading\"> 2. <a style=\"outline: none;\" href=\"https:\/\/exceladvisor.org\/es\/tabla-de-hitos\/\" data-wpel-link=\"internal\">Mesa de paso<\/a><\/h3>\n<p> Un gr\u00e1fico de hitos tambi\u00e9n se conoce como gr\u00e1fico de l\u00ednea de tiempo. Es uno de los gr\u00e1ficos favoritos de los directores de proyectos y les ayuda a realizar un seguimiento sencillo del progreso de su proyecto. Es como un momento en el que cada paso del proyecto queda capturado con la fecha de finalizaci\u00f3n.<\/p>\n<blockquote class=\"wp-block-quote\">\n<p> <span style=\"font-family: Georgia,serif;\">Los hitos son herramientas que se utilizan en la gesti\u00f3n de proyectos para marcar puntos espec\u00edficos a lo largo del cronograma del proyecto. Estos puntos pueden se\u00f1alar puntos de anclaje como la fecha de inicio y finalizaci\u00f3n del proyecto, la necesidad de una revisi\u00f3n externa o verificaci\u00f3n de los insumos y el presupuesto, entre otros. \u2013Wikipedia<\/span> <\/p>\n<\/blockquote>\n<div class=\"wp-block-image\">\n<figure class=\"aligncenter\"><img decoding=\"async\" title=\"gr\u00e1ficos-excel-avanzado-hito-min\" src=\"https:\/\/exceladvisor.org\/wp-content\/uploads\/2023\/08\/graphiques-excel-avances-etape-min-3.png\" sizes=\"\" srcset=\"\" alt=\"advanced-excel-charts-milestone\"><\/figure>\n<\/div>\n<h4 id=\"tab-con-2\" class=\"wp-block-heading\"> <span style=\"font-weight: normal;\">Beneficios del gr\u00e1fico de pasos<\/span><\/h4>\n<ol>\n<li> Es simple de crear y f\u00e1cilmente comprensible.<\/li>\n<li> Tienes toda la informaci\u00f3n importante en un solo gr\u00e1fico.<\/li>\n<\/ol>\n<h3 class=\"wp-block-heading\"> 3. <a href=\"https:\/\/exceladvisor.org\/es\/grafico-de-gofres\/\" data-wpel-link=\"internal\">Gr\u00e1fico de gofres<\/a><\/h3>\n<p> Es m\u00e1s probable que un gr\u00e1fico de gofres sea un gr\u00e1fico circular cuadrado. Es una pila de 100 cuadrados peque\u00f1os donde un cuadrado representa el 1% del valor total. Estoy seguro de que lo ha visto en paneles y gr\u00e1ficos de art\u00edculos de noticias. Y, para crearlo, necesitamos utilizar formato condicional. <\/p>\n<div class=\"wp-block-image\">\n<figure class=\"aligncenter\"><img decoding=\"async\" src=\"https:\/\/exceladvisor.org\/wp-content\/uploads\/2023\/08\/gaufre-de-graphiques-excel-avances-1.gif\" sizes=\"\" srcset=\"\" alt=\"\"><\/figure>\n<\/div>\n<h4 id=\"tab-con-3\" class=\"wp-block-heading\"> <span style=\"font-weight: normal;\">Ventajas de los gr\u00e1ficos en relieve<\/span><\/h4>\n<ol>\n<li> Ideal para objetivos de un solo punto versus logros.<\/li>\n<li> F\u00e1cil de crear y sencillo de entender para el usuario.<\/li>\n<\/ol>\n<h3 class=\"wp-block-heading\"> 4. <a style=\"outline: none;\" href=\"https:\/\/exceladvisor.org\/es\/tabla-de-tornados\/\" data-wpel-link=\"internal\">Gr\u00e1fico de tornados<\/a><\/h3>\n<p> Cuando se trata de mostrar c\u00f3mo se comparan las diferentes cosas entre s\u00ed, el gr\u00e1fico de tornados puede resultarle \u00fatil. Parece un tornado real donde los objetos m\u00e1s grandes est\u00e1n arriba y los m\u00e1s peque\u00f1os abajo. Y cada elemento tiene un elemento opuesto para comparar. <\/p>\n<div class=\"wp-block-image\">\n<figure class=\"aligncenter\"><img decoding=\"async\" src=\"https:\/\/exceladvisor.org\/wp-content\/uploads\/2023\/08\/graphiques-excel-avances-tornade-min-1.png\" sizes=\"\" srcset=\"\" alt=\"\"><\/figure>\n<\/div>\n<h4 id=\"tab-con-4\" class=\"wp-block-heading\"> <span style=\"font-weight: normal;\">Ventajas del gr\u00e1fico de tornado<\/span><\/h4>\n<ol>\n<li> Puede comparar f\u00e1cilmente elementos de dos per\u00edodos de tiempo diferentes.<\/li>\n<li> Tambi\u00e9n determine los elementos superior e inferior.<\/li>\n<\/ol>\n<h3 class=\"wp-block-heading\"> 5. <a style=\"outline: none;\" href=\"https:\/\/exceladvisor.org\/es\/grafico-de-gantt\/\" data-wpel-link=\"internal\">Diagrama de Gantt<\/a><\/h3>\n<p> El diagrama de Gantt es uno de los diagramas m\u00e1s \u00fatiles para los directores de proyectos. Esto puede ayudarnos a seguir el progreso del proyecto. A diferencia de un gr\u00e1fico de hitos, un diagrama de Gantt puede realizar un seguimiento de los d\u00edas completados, los d\u00edas vencidos, los d\u00edas pendientes, el total de d\u00edas, etc. En definitiva, es un tablero completo para realizar el seguimiento de tus proyectos con todos los detalles importantes que todos necesitan. <\/p>\n<div class=\"wp-block-image\">\n<figure class=\"aligncenter\"><img decoding=\"async\" src=\"https:\/\/exceladvisor.org\/wp-content\/uploads\/2023\/08\/graphiques-excel-avances-gantt-min-1.png\" sizes=\"\" srcset=\"\" alt=\"\"><\/figure>\n<\/div>\n<h4 id=\"tab-con-5\" class=\"wp-block-heading\"> <span style=\"font-weight: normal;\">Beneficios del diagrama de Gantt<\/span><\/h4>\n<ol>\n<li> Es una tabla completa con todos los detalles para seguir un proyecto.<\/li>\n<li> Esto facilita la toma de decisiones y nos permite revisar peri\u00f3dicamente nuestro plan de proyecto para localizar conflictos u otros problemas.<\/li>\n<\/ol>\n<h3 class=\"wp-block-heading\"> 6. <a style=\"outline: none;\" href=\"https:\/\/exceladvisor.org\/es\/tablero-de-balas\/\" data-wpel-link=\"internal\">Tablero de vi\u00f1etas<\/a><\/h3>\n<p> Un gr\u00e1fico de vi\u00f1etas es como un gr\u00e1fico de columnas, pero en lugar de varias columnas, solo tenemos una. Esto puede ayudarnos a realizar un seguimiento de un objetivo de un solo punto frente al logro. Un gr\u00e1fico de vi\u00f1etas tiene tres componentes principales:<\/p>\n<ol>\n<li> Un marcador de objetivo para representar el objetivo.<\/li>\n<li> Una barra de logros para representar el valor real.<\/li>\n<li> Un rango de comparaci\u00f3n para el tema del color. <\/li>\n<\/ol>\n<div class=\"wp-block-image\">\n<figure class=\"aligncenter\"><img decoding=\"async\" src=\"https:\/\/exceladvisor.org\/wp-content\/uploads\/2023\/08\/graphiques-excel-avances-puce-1.png\" sizes=\"\" srcset=\"\" alt=\"chips-gr\u00e1ficos-excel-avanzado\"><\/figure>\n<\/div>\n<h4 id=\"tab-con-6\" class=\"wp-block-heading\"> <span style=\"font-weight: normal;\">Beneficios del gr\u00e1fico de vi\u00f1etas<\/span><\/h4>\n<ol>\n<li> El mejor gr\u00e1fico para realizar un seguimiento de un objetivo de un solo punto frente al logro.<\/li>\n<li> Se utiliza para reemplazar los indicadores y medidores del tablero.<\/li>\n<\/ol>\n<h3 class=\"wp-block-heading\"> 7. <a style=\"outline: none;\" href=\"https:\/\/exceladvisor.org\/es\/mesa-de-termometro\/\" data-wpel-link=\"internal\">Cuadro de term\u00f3metro<\/a><\/h3>\n<p> Un gr\u00e1fico de term\u00f3metro es otro gr\u00e1fico \u00fatil para realizar un seguimiento de un objetivo de un solo punto frente al logro y puede ayudarnos a presentar nuestros datos de una manera comprensible. Parece un term\u00f3metro donde todo el tablero presenta el objetivo y la parte llena es el logro. La parte completada aumenta a medida que aumenta el \u00e9xito. <\/p>\n<div class=\"wp-block-image\">\n<figure class=\"aligncenter\"><img decoding=\"async\" src=\"https:\/\/exceladvisor.org\/wp-content\/uploads\/2023\/08\/thermometre-graphique-excel-avance-1.gif\" sizes=\"\" srcset=\"\" alt=\"\"><\/figure>\n<\/div>\n<h4 id=\"tab-con-7\" class=\"wp-block-heading\"> <span style=\"font-weight: normal;\">Beneficios de la tabla de term\u00f3metros<\/span><\/h4>\n<ol>\n<li> Es simple de entender y f\u00e1cil de crear.<\/li>\n<li> Este es un gr\u00e1fico perfecto para usar en paneles.<\/li>\n<\/ol>\n<h3 class=\"wp-block-heading\"> 8. <a style=\"outline: none;\" href=\"https:\/\/exceladvisor.org\/es\/velocimetro\/\" data-wpil=\"url\" data-wpel-link=\"internal\">Veloc\u00edmetro<\/a><\/h3>\n<p> Este es el tipo de cosas que puedes encontrar en tu vida diaria [basta con mirar el VELOC\u00cdMETRO de tu coche]. Tambi\u00e9n se le conoce como tabla de calibres. <\/p>\n<div class=\"wp-block-image\">\n<figure class=\"aligncenter\"><img decoding=\"async\" src=\"https:\/\/exceladvisor.org\/wp-content\/uploads\/2023\/08\/etapes-simples-pour-creer-un-indicateur-de-vitesse-dans-excel.png\" sizes=\"\" srcset=\"\" alt=\"\"><\/figure>\n<\/div>\n<h4 id=\"tab-con-8\" class=\"wp-block-heading\"> <span style=\"font-weight: normal;\">Beneficios del veloc\u00edmetro<\/span><\/h4>\n<ol>\n<li> Puede ayudarle a presentar datos oportunos en su panel y KPI.<\/li>\n<li> Es f\u00e1cil de crear y sencillo de entender para los usuarios.<\/li>\n<\/ol>\n<h3 class=\"wp-block-heading\"> 9. <a style=\"outline: none;\" href=\"https:\/\/exceladvisor.org\/es\/diagrama-piramidal\/\" data-wpel-link=\"internal\">Pir\u00e1mide de edad<\/a><\/h3>\n<p> Un gr\u00e1fico demogr\u00e1fico es un gr\u00e1fico de barras de dos caras que nos ayuda a comparar la poblaci\u00f3n de diferentes grupos de edad y sexos. <\/p>\n<div class=\"wp-block-image\">\n<figure class=\"aligncenter\"><img decoding=\"async\" src=\"https:\/\/exceladvisor.org\/wp-content\/uploads\/2023\/08\/graphiques-excel-avances-pyramide-des-ages-1.gif\" sizes=\"\" srcset=\"\" alt=\"\"><\/figure>\n<\/div>\n<h4 id=\"tab-con-9\" class=\"wp-block-heading\"> <span style=\"font-weight: normal;\">Ventajas de la pir\u00e1mide de edad<\/span><\/h4>\n<ol>\n<li> Al comparar dos elementos, puede comprender f\u00e1cilmente qu\u00e9 grupo est\u00e1 creciendo.<\/li>\n<li> Tambi\u00e9n podemos usarlo para comparar art\u00edculos de dos per\u00edodos de tiempo diferentes.<\/li>\n<\/ol>\n<h3 class=\"wp-block-heading\"> 10. <a style=\"outline: none;\" href=\"https:\/\/exceladvisor.org\/es\/pictograma\/\" data-wpel-link=\"internal\">Pictograma<\/a><\/h3>\n<p> Un pictograma no es un tipo de gr\u00e1fico independiente. Al crear un pictograma, podemos utilizar una imagen en un gr\u00e1fico para hacerlo m\u00e1s presentable. Al igual que usamos un \u00edcono en la siguiente tabla para presentar la cantidad de empleados de una empresa en diferentes grupos de edad. <\/p>\n<div class=\"wp-block-image\">\n<figure class=\"aligncenter\"><img decoding=\"async\" src=\"https:\/\/exceladvisor.org\/wp-content\/uploads\/2023\/08\/pictogramme-de-graphiques-excel-avance.gif\" sizes=\"\" srcset=\"\" alt=\"Pictograma de gr\u00e1ficos avanzados de Excel.\"><\/figure>\n<\/div>\n<h4 class=\"wp-block-heading\"> <span style=\"font-weight: normal;\">Ventajas del pictograma<\/span><\/h4>\n<ol>\n<li> Usar una imagen en un gr\u00e1fico lo hace m\u00e1s significativo.<\/li>\n<li> Esto nos ayuda a llevar nuestras habilidades cartogr\u00e1ficas a un nivel completamente nuevo.<\/li>\n<\/ol>\n<h2 class=\"wp-block-heading\"> Conclusi\u00f3n<\/h2>\n<p> Las t\u00e9cnicas avanzadas de gr\u00e1ficos son una de esas cosas que separan a los expertos de los usuarios novatos de Excel.<\/p>\n<p> Como dije, el uso de gr\u00e1ficos avanzados de Excel hace que sus datos est\u00e9n m\u00e1s enfocados y sean m\u00e1s f\u00e1ciles de entender. Tambi\u00e9n puede utilizarlos en sus paneles y plantillas para hacerlos m\u00e1s efectivos.<\/p>\n<p> Espero que la lista de gr\u00e1ficos que compart\u00ed contigo te ayude a mejorar en los gr\u00e1ficos, pero ahora necesitas decirme una cosa.<\/p>\n<p style=\"font-size: 26px;\"> <em>\u00bfTiene otro gr\u00e1fico que utiliza con frecuencia en su trabajo?<\/em><\/p>\n<p> Comp\u00e1rtelo conmigo en la secci\u00f3n de comentarios, me encantar\u00eda saber de ti y no olvides compartir esta lista con tus amigos. Estoy seguro de que lo apreciar\u00e1n.<\/p>\n","protected":false},"excerpt":{"rendered":"<p>Los gr\u00e1ficos son una de las partes m\u00e1s importantes de Microsoft Excel. Esto nos ayuda a presentar nuestros datos de una manera comprensible. En Excel contamos con diferentes tipos de tablas y gr\u00e1ficos para presentar nuestros datos de diferentes formas. Incluso hay muchos cuadros y gr\u00e1ficos avanzados que podemos crear en Excel realizando peque\u00f1os cambios [&hellip;]<\/p>\n","protected":false},"author":1,"featured_media":0,"parent":0,"menu_order":0,"comment_status":"open","ping_status":"closed","template":"","meta":{"ub_ctt_via":"","footnotes":""},"class_list":["post-458","page","type-page","status-publish","hentry"],"featured_image_src":null,"yoast_head":"<!-- This site is optimized with the Yoast SEO plugin v25.4 - https:\/\/yoast.com\/wordpress\/plugins\/seo\/ -->\n<title>Las 10 mejores tablas y gr\u00e1ficos avanzados de excel<\/title>\n<meta name=\"robots\" content=\"index, follow, max-snippet:-1, max-image-preview:large, max-video-preview:-1\" \/>\n<link rel=\"canonical\" href=\"https:\/\/exceladvisor.org\/es\/graficos-avanzados\/\" \/>\n<meta property=\"og:locale\" content=\"es_ES\" \/>\n<meta property=\"og:type\" content=\"article\" \/>\n<meta property=\"og:title\" content=\"Las 10 mejores tablas y gr\u00e1ficos avanzados de excel\" \/>\n<meta property=\"og:description\" content=\"Los gr\u00e1ficos son una de las partes m\u00e1s importantes de Microsoft Excel. Esto nos ayuda a presentar nuestros datos de una manera comprensible. En Excel contamos con diferentes tipos de tablas y gr\u00e1ficos para presentar nuestros datos de diferentes formas. Incluso hay muchos cuadros y gr\u00e1ficos avanzados que podemos crear en Excel realizando peque\u00f1os cambios [&hellip;]\" \/>\n<meta property=\"og:url\" content=\"https:\/\/exceladvisor.org\/es\/graficos-avanzados\/\" \/>\n<meta property=\"og:site_name\" content=\"Excel Advisor\" \/>\n<meta property=\"article:modified_time\" content=\"2023-12-25T10:33:24+00:00\" \/>\n<meta property=\"og:image\" content=\"https:\/\/exceladvisor.org\/wp-content\/uploads\/2023\/08\/graphiques-excel-avances-etape-min-2.png\" \/>\n<meta name=\"twitter:card\" content=\"summary_large_image\" \/>\n<meta name=\"twitter:label1\" content=\"Tiempo de lectura\" \/>\n\t<meta name=\"twitter:data1\" content=\"7 minutos\" \/>\n<script type=\"application\/ld+json\" class=\"yoast-schema-graph\">{\"@context\":\"https:\/\/schema.org\",\"@graph\":[{\"@type\":\"WebPage\",\"@id\":\"https:\/\/exceladvisor.org\/es\/graficos-avanzados\/\",\"url\":\"https:\/\/exceladvisor.org\/es\/graficos-avanzados\/\",\"name\":\"Las 10 mejores tablas y gr\u00e1ficos avanzados de excel\",\"isPartOf\":{\"@id\":\"https:\/\/exceladvisor.org\/es\/#website\"},\"primaryImageOfPage\":{\"@id\":\"https:\/\/exceladvisor.org\/es\/graficos-avanzados\/#primaryimage\"},\"image\":{\"@id\":\"https:\/\/exceladvisor.org\/es\/graficos-avanzados\/#primaryimage\"},\"thumbnailUrl\":\"https:\/\/exceladvisor.org\/wp-content\/uploads\/2023\/08\/graphiques-excel-avances-etape-min-2.png\",\"datePublished\":\"2023-10-27T17:17:39+00:00\",\"dateModified\":\"2023-12-25T10:33:24+00:00\",\"breadcrumb\":{\"@id\":\"https:\/\/exceladvisor.org\/es\/graficos-avanzados\/#breadcrumb\"},\"inLanguage\":\"es\",\"potentialAction\":[{\"@type\":\"ReadAction\",\"target\":[\"https:\/\/exceladvisor.org\/es\/graficos-avanzados\/\"]}]},{\"@type\":\"ImageObject\",\"inLanguage\":\"es\",\"@id\":\"https:\/\/exceladvisor.org\/es\/graficos-avanzados\/#primaryimage\",\"url\":\"https:\/\/exceladvisor.org\/wp-content\/uploads\/2023\/08\/graphiques-excel-avances-etape-min-2.png\",\"contentUrl\":\"https:\/\/exceladvisor.org\/wp-content\/uploads\/2023\/08\/graphiques-excel-avances-etape-min-2.png\"},{\"@type\":\"BreadcrumbList\",\"@id\":\"https:\/\/exceladvisor.org\/es\/graficos-avanzados\/#breadcrumb\",\"itemListElement\":[{\"@type\":\"ListItem\",\"position\":1,\"name\":\"Hogar\",\"item\":\"https:\/\/exceladvisor.org\/es\/\"},{\"@type\":\"ListItem\",\"position\":2,\"name\":\"Las 10 mejores tablas y gr\u00e1ficos avanzados de excel\"}]},{\"@type\":\"WebSite\",\"@id\":\"https:\/\/exceladvisor.org\/es\/#website\",\"url\":\"https:\/\/exceladvisor.org\/es\/\",\"name\":\"Excel Advisor\",\"description\":\"Su gu\u00eda para la dominaci\u00f3n de datos!\",\"publisher\":{\"@id\":\"https:\/\/exceladvisor.org\/es\/#organization\"},\"potentialAction\":[{\"@type\":\"SearchAction\",\"target\":{\"@type\":\"EntryPoint\",\"urlTemplate\":\"https:\/\/exceladvisor.org\/es\/?s={search_term_string}\"},\"query-input\":{\"@type\":\"PropertyValueSpecification\",\"valueRequired\":true,\"valueName\":\"search_term_string\"}}],\"inLanguage\":\"es\"},{\"@type\":\"Organization\",\"@id\":\"https:\/\/exceladvisor.org\/es\/#organization\",\"name\":\"Excel Advisor\",\"url\":\"https:\/\/exceladvisor.org\/es\/\",\"logo\":{\"@type\":\"ImageObject\",\"inLanguage\":\"es\",\"@id\":\"https:\/\/exceladvisor.org\/es\/#\/schema\/logo\/image\/\",\"url\":\"https:\/\/exceladvisor.org\/es\/wp-content\/uploads\/2023\/12\/exceladvisor.org_.png\",\"contentUrl\":\"https:\/\/exceladvisor.org\/es\/wp-content\/uploads\/2023\/12\/exceladvisor.org_.png\",\"width\":105,\"height\":36,\"caption\":\"Excel Advisor\"},\"image\":{\"@id\":\"https:\/\/exceladvisor.org\/es\/#\/schema\/logo\/image\/\"}}]}<\/script>\n<!-- \/ Yoast SEO plugin. -->","yoast_head_json":{"title":"Las 10 mejores tablas y gr\u00e1ficos avanzados de excel","robots":{"index":"index","follow":"follow","max-snippet":"max-snippet:-1","max-image-preview":"max-image-preview:large","max-video-preview":"max-video-preview:-1"},"canonical":"https:\/\/exceladvisor.org\/es\/graficos-avanzados\/","og_locale":"es_ES","og_type":"article","og_title":"Las 10 mejores tablas y gr\u00e1ficos avanzados de excel","og_description":"Los gr\u00e1ficos son una de las partes m\u00e1s importantes de Microsoft Excel. Esto nos ayuda a presentar nuestros datos de una manera comprensible. En Excel contamos con diferentes tipos de tablas y gr\u00e1ficos para presentar nuestros datos de diferentes formas. Incluso hay muchos cuadros y gr\u00e1ficos avanzados que podemos crear en Excel realizando peque\u00f1os cambios [&hellip;]","og_url":"https:\/\/exceladvisor.org\/es\/graficos-avanzados\/","og_site_name":"Excel Advisor","article_modified_time":"2023-12-25T10:33:24+00:00","og_image":[{"url":"https:\/\/exceladvisor.org\/wp-content\/uploads\/2023\/08\/graphiques-excel-avances-etape-min-2.png","type":"","width":"","height":""}],"twitter_card":"summary_large_image","twitter_misc":{"Tiempo de lectura":"7 minutos"},"schema":{"@context":"https:\/\/schema.org","@graph":[{"@type":"WebPage","@id":"https:\/\/exceladvisor.org\/es\/graficos-avanzados\/","url":"https:\/\/exceladvisor.org\/es\/graficos-avanzados\/","name":"Las 10 mejores tablas y gr\u00e1ficos avanzados de excel","isPartOf":{"@id":"https:\/\/exceladvisor.org\/es\/#website"},"primaryImageOfPage":{"@id":"https:\/\/exceladvisor.org\/es\/graficos-avanzados\/#primaryimage"},"image":{"@id":"https:\/\/exceladvisor.org\/es\/graficos-avanzados\/#primaryimage"},"thumbnailUrl":"https:\/\/exceladvisor.org\/wp-content\/uploads\/2023\/08\/graphiques-excel-avances-etape-min-2.png","datePublished":"2023-10-27T17:17:39+00:00","dateModified":"2023-12-25T10:33:24+00:00","breadcrumb":{"@id":"https:\/\/exceladvisor.org\/es\/graficos-avanzados\/#breadcrumb"},"inLanguage":"es","potentialAction":[{"@type":"ReadAction","target":["https:\/\/exceladvisor.org\/es\/graficos-avanzados\/"]}]},{"@type":"ImageObject","inLanguage":"es","@id":"https:\/\/exceladvisor.org\/es\/graficos-avanzados\/#primaryimage","url":"https:\/\/exceladvisor.org\/wp-content\/uploads\/2023\/08\/graphiques-excel-avances-etape-min-2.png","contentUrl":"https:\/\/exceladvisor.org\/wp-content\/uploads\/2023\/08\/graphiques-excel-avances-etape-min-2.png"},{"@type":"BreadcrumbList","@id":"https:\/\/exceladvisor.org\/es\/graficos-avanzados\/#breadcrumb","itemListElement":[{"@type":"ListItem","position":1,"name":"Hogar","item":"https:\/\/exceladvisor.org\/es\/"},{"@type":"ListItem","position":2,"name":"Las 10 mejores tablas y gr\u00e1ficos avanzados de excel"}]},{"@type":"WebSite","@id":"https:\/\/exceladvisor.org\/es\/#website","url":"https:\/\/exceladvisor.org\/es\/","name":"Excel Advisor","description":"Su gu\u00eda para la dominaci\u00f3n de datos!","publisher":{"@id":"https:\/\/exceladvisor.org\/es\/#organization"},"potentialAction":[{"@type":"SearchAction","target":{"@type":"EntryPoint","urlTemplate":"https:\/\/exceladvisor.org\/es\/?s={search_term_string}"},"query-input":{"@type":"PropertyValueSpecification","valueRequired":true,"valueName":"search_term_string"}}],"inLanguage":"es"},{"@type":"Organization","@id":"https:\/\/exceladvisor.org\/es\/#organization","name":"Excel Advisor","url":"https:\/\/exceladvisor.org\/es\/","logo":{"@type":"ImageObject","inLanguage":"es","@id":"https:\/\/exceladvisor.org\/es\/#\/schema\/logo\/image\/","url":"https:\/\/exceladvisor.org\/es\/wp-content\/uploads\/2023\/12\/exceladvisor.org_.png","contentUrl":"https:\/\/exceladvisor.org\/es\/wp-content\/uploads\/2023\/12\/exceladvisor.org_.png","width":105,"height":36,"caption":"Excel Advisor"},"image":{"@id":"https:\/\/exceladvisor.org\/es\/#\/schema\/logo\/image\/"}}]}},"yoast_meta":{"yoast_wpseo_title":"","yoast_wpseo_metadesc":"","yoast_wpseo_canonical":""},"_links":{"self":[{"href":"https:\/\/exceladvisor.org\/es\/wp-json\/wp\/v2\/pages\/458","targetHints":{"allow":["GET"]}}],"collection":[{"href":"https:\/\/exceladvisor.org\/es\/wp-json\/wp\/v2\/pages"}],"about":[{"href":"https:\/\/exceladvisor.org\/es\/wp-json\/wp\/v2\/types\/page"}],"author":[{"embeddable":true,"href":"https:\/\/exceladvisor.org\/es\/wp-json\/wp\/v2\/users\/1"}],"replies":[{"embeddable":true,"href":"https:\/\/exceladvisor.org\/es\/wp-json\/wp\/v2\/comments?post=458"}],"version-history":[{"count":1,"href":"https:\/\/exceladvisor.org\/es\/wp-json\/wp\/v2\/pages\/458\/revisions"}],"predecessor-version":[{"id":1475,"href":"https:\/\/exceladvisor.org\/es\/wp-json\/wp\/v2\/pages\/458\/revisions\/1475"}],"wp:attachment":[{"href":"https:\/\/exceladvisor.org\/es\/wp-json\/wp\/v2\/media?parent=458"}],"curies":[{"name":"wp","href":"https:\/\/api.w.org\/{rel}","templated":true}]}}