{"id":459,"date":"2023-10-27T16:38:30","date_gmt":"2023-10-27T16:38:30","guid":{"rendered":"https:\/\/exceladvisor.org\/es\/pictograma\/"},"modified":"2023-12-25T10:25:20","modified_gmt":"2023-12-25T10:25:20","slug":"pictograma","status":"publish","type":"page","link":"https:\/\/exceladvisor.org\/es\/pictograma\/","title":{"rendered":"\u00bfc\u00f3mo crear un pictograma en excel?"},"content":{"rendered":"<div class=\"excel-antes-del-contenido\" id=\"excel-1324223269\"><script type=\"text\/javascript\">\r\n\tatOptions = {\r\n\t\t'key' : 'c1158f160081d6540a8409e6925dab94',\r\n\t\t'format' : 'iframe',\r\n\t\t'height' : 250,\r\n\t\t'width' : 300,\r\n\t\t'params' : {}\r\n\t};\r\n<\/script>\r\n<script type=\"text\/javascript\" src=\"\/\/www.highperformanceformat.com\/c1158f160081d6540a8409e6925dab94\/invoke.js\"><\/script><\/div><p>Si sabe c\u00f3mo presentar datos de una manera comprensible y eficaz, podr\u00e1 transmitir su mensaje de manera poderosa. Para ello, una de mis cosas favoritas es un PICT\u00d3GRAFO. Y en Excel, crear un pictograma es bastante sencillo y f\u00e1cil. <\/p>\n<div class=\"wp-block-image\">\n<figure class=\"aligncenter\"><img decoding=\"async\" src=\"https:\/\/exceladvisor.org\/wp-content\/uploads\/2023\/08\/comment-faire-un-pictogramme-dans-excel-en-utilisant-un-graphique-a-barres-1.png\" sizes=\"\" srcset=\"\" alt=\"C\u00f3mo hacer un pictograma en Excel usando un gr\u00e1fico de barras.\"><\/figure>\n<\/div>\n<p> Hoy en este art\u00edculo me gustar\u00eda compartir contigo un proceso sencillo paso a paso para crear un pictograma en Excel. Aqu\u00ed mi idea es presentar el n\u00famero de empleados de diferentes grupos de edad en una empresa.<\/p>\n<p> Ahora, sin m\u00e1s pre\u00e1mbulos, comencemos.<\/p>\n<h2 class=\"wp-block-heading\"> Pasos sencillos para crear un pictograma en Excel<\/h2>\n<p> Necesitamos utilizar los datos a continuaci\u00f3n para este gr\u00e1fico, puede <a style=\"outline: none;\" href=\"https:\/\/exceladvisor.org\/wp-content\/uploads\/2023\/08\/pictogramme-de-fichiers.zip\" rel=\"nofollow\"><span style=\"color: #0000ee;\">descargarlo aqu\u00ed<\/span><\/a> <span style=\"color: #0000ee;\">&nbsp;<\/span> continuar\u00e1. Como dije, este es el n\u00famero total de empleados de una empresa seg\u00fan la edad y no es necesario presentar estos grupos usando esta tabla. <\/p>\n<div class=\"wp-block-image\">\n<figure class=\"aligncenter\"><img decoding=\"async\" src=\"https:\/\/exceladvisor.org\/wp-content\/uploads\/2023\/08\/donnees-pour-creer-un-pictogramme-simple-dans-excel.png\" sizes=\"\" srcset=\"\" alt=\"datos para crear un pictograma simple en excel\"><\/figure>\n<\/div>\n<p> Pero antes de comenzar, necesitamos un \u00edcono para usar en este foro y puedes <a href=\"https:\/\/www.iconfinder.com\/icons\/2530821\/business_man_employee_general_human_member_office_tie_icon#size=256\" target=\"_blank\" rel=\"noreferrer noopener nofollow\">descargarlo desde un sitio de \u00edconos gratuito<\/a> .<\/p>\n<ul>\n<li> Primero, simplemente seleccione sus datos para crear un gr\u00e1fico de barras. Para hacer esto, vaya a Insertar \u279c Gr\u00e1ficos \u279c Gr\u00e1fico de barras agrupadas 2D. <br \/><img decoding=\"async\" title=\"inserte un gr\u00e1fico de barras agrupadas para crear un pictograma en Excel\" src=\"https:\/\/exceladvisor.org\/wp-content\/uploads\/2023\/08\/inserer-un-graphique-a-barres-groupees-pour-creer-un-pictogramme-dans-Excel.png\" sizes=\"\" srcset=\"\" alt=\"insert a clustered bar chart to create a pictograph in excel\"><\/li>\n<li> Despu\u00e9s de eso, seleccione las barras de datos en el gr\u00e1fico y vaya a la opci\u00f3n Clic derecho \u279c Formatear serie de datos. <br \/><img decoding=\"async\" title=\"opci\u00f3n-ir-a-la-serie-de-datos-para-crear-una-pictograf\u00edagh-en-excel\" src=\"https:\/\/exceladvisor.org\/wp-content\/uploads\/2023\/08\/aller-a-loption-de-serie-de-donnees-pour-creer-un-pictogramme-dans-Excel.png\" sizes=\"\" srcset=\"\" alt=\"go to data series option to create a pictograph in excel\"><\/li>\n<li> Desde all\u00ed, vaya a la secci\u00f3n \u00abRelleno\u00bb y seleccione la opci\u00f3n \u00abRelleno de imagen o textura\u00bb y una vez que lo haga, obtendr\u00e1 una opci\u00f3n de insertar imagen. <br \/><img decoding=\"async\" title=\"ir a completar la secci\u00f3n para agregar una imagen a un pictograma en Excel\" src=\"https:\/\/exceladvisor.org\/wp-content\/uploads\/2023\/08\/aller-remplir-la-section-pour-ajouter-une-image-a-un-pictogramme-dans-Excel.png\" sizes=\"\" srcset=\"\" alt=\"go fill section to add picture to a pictograph in excel\"><\/li>\n<li> Ahora toca insertar la imagen y tenemos tres opciones para ello. Haz clic en la opci\u00f3n \u201cArchivo\u201d y sube la <a href=\"https:\/\/www.iconfinder.com\/icons\/2530821\/business_man_employee_general_human_member_office_tie_icon#size=256\" target=\"_blank\" rel=\"noopener noreferrer\">imagen que descargaste<\/a> .<\/li>\n<li> Una vez que inserta la imagen, tiene otras tres opciones para mostrar esa imagen en el gr\u00e1fico. [ <strong>Seleccione la tercera opci\u00f3n<\/strong> ]<\/li>\n<\/ul>\n<ol>\n<li> Estirar: una sola imagen se estirar\u00e1 en la barra de datos.<\/li>\n<li> Apilar: obtendr\u00e1s im\u00e1genes apiladas en la barra de datos.<\/li>\n<li> Apilar y escalar con: las im\u00e1genes se mostrar\u00e1n seg\u00fan los datos.<\/li>\n<\/ol>\n<p> <strong><span style=\"color: #000000; background-color: #ffff00;\">\u00a1Auge!<\/span><\/strong> nuestra mesa est\u00e1 lista para rockear. <\/p>\n<div class=\"wp-block-image\">\n<figure class=\"aligncenter\"><img decoding=\"async\" src=\"https:\/\/exceladvisor.org\/wp-content\/uploads\/2023\/08\/pictogramme-simple-pret-a-lemploi-dans-excel.png\" sizes=\"\" srcset=\"\" alt=\"pictograma simple listo para usar en excel\"><\/figure>\n<\/div>\n<p class=\"qt-tip\"> <strong>Nota:<\/strong> Existe una opci\u00f3n para especificar una unidad\/marco para el gr\u00e1fico. Puedes usarlo si los valores por barra en tu gr\u00e1fico son grandes (m\u00e1s de 20). La cuesti\u00f3n es que los iconos de las im\u00e1genes se har\u00e1n m\u00e1s peque\u00f1os con m\u00e1s n\u00fameros y esta opci\u00f3n ayuda en este caso. <\/p>\n<div class=\"wp-block-image\">\n<figure class=\"aligncenter\"><img decoding=\"async\" src=\"https:\/\/exceladvisor.org\/wp-content\/uploads\/2023\/08\/utiliser-lunite-par-image-pour-diffuser-limage-de-la-ligne-dans-le-pictogramme-Excel-1.png\" sizes=\"\" srcset=\"\" alt=\"use unidad por imagen para difundir la imagen de l\u00ednea en el pictograma de Excel\"><\/figure>\n<\/div>\n<p> Tambi\u00e9n puedes usar una imagen diferente para diferentes barras, como us\u00e9 en la siguiente tabla. <\/p>\n<div class=\"wp-block-image\">\n<figure class=\"aligncenter\"><img decoding=\"async\" src=\"https:\/\/exceladvisor.org\/wp-content\/uploads\/2023\/08\/utiliser-differentes-images-en-pictogramme-dans-excel-1.png\" sizes=\"\" srcset=\"\" alt=\"usar diferentes im\u00e1genes como pictogramas en excel\"><\/figure>\n<\/div>\n<p> Seleccione cada barra de datos por separado e inserte una imagen una por una para todas las barras.<\/p>\n<h2 id=\"tab-con-1\" class=\"wp-block-heading\"> Pictograma din\u00e1mico en Excel<\/h2>\n<p> Siempre me ha gustado <a href=\"https:\/\/exceladvisor.org\/es\/graficos-interactivos\/\">crear gr\u00e1ficos interactivos<\/a> y esta vez quiero convertir este PICT\u00d3GRAFO en un gr\u00e1fico en el que podamos usar los datos de forma din\u00e1mica. Como a continuaci\u00f3n. <\/p>\n<div class=\"wp-block-image\">\n<figure class=\"aligncenter\"><img decoding=\"async\" src=\"https:\/\/exceladvisor.org\/wp-content\/uploads\/2023\/08\/notre-pictogramme-dynamique-pret-a-lemploi-dans-excel-1.gif\" sizes=\"\" srcset=\"\" alt=\"nuestro pictograma din\u00e1mico listo para usar en excel\"><\/figure>\n<\/div>\n<p> Mire los datos a continuaci\u00f3n donde tenemos los datos de los empleados de la misma empresa, pero por departamento y necesitamos crear un gr\u00e1fico din\u00e1mico aqu\u00ed que podemos usar con el bot\u00f3n de opci\u00f3n. <\/p>\n<div class=\"wp-block-image\">\n<figure class=\"aligncenter\"><img decoding=\"async\" src=\"https:\/\/exceladvisor.org\/wp-content\/uploads\/2023\/08\/donnees-pour-creer-un-pictogramme-dynamique-dans-excel-1.png\" sizes=\"\" srcset=\"\" alt=\"datos para crear un pictograma din\u00e1mico en excel\"><\/figure>\n<\/div>\n<p> Puedes <a href=\"https:\/\/exceladvisor.org\/wp-content\/uploads\/2023\/08\/pictogramme-de-fichiers.zip\" rel=\"nofollow\"><span style=\"color: #0000ee;\">descargar este archivo aqu\u00ed<\/span><\/a> <span style=\"color: #0000ee;\">&nbsp;<\/span> a seguir y ahora utilice los pasos a continuaci\u00f3n para crear un pictograma din\u00e1mico.<\/p>\n<ul>\n<li> <strong>Primero<\/strong> , cree una tabla diferente con dos columnas, como hice a continuaci\u00f3n. <br \/><img decoding=\"async\" title=\"crear-una-nueva-tabla-peque\u00f1a-para-crear-un-pictograma-din\u00e1mico-en-excel\" src=\"https:\/\/exceladvisor.org\/wp-content\/uploads\/2023\/08\/creer-un-nouveau-petit-tableau-pour-creer-un-pictogramme-dynamique-dans-excel-1.png\" sizes=\"\" srcset=\"\" alt=\"create a new small table to create a dynamic pictograph in excel\"><\/li>\n<li> Ahora, inserte cuatro botones de opci\u00f3n en su hoja de c\u00e1lculo. Para hacer esto, vaya a <a href=\"https:\/\/exceladvisor.org\/es\/agregar-una-pestana-de-desarrollador\/\">la pesta\u00f1a Desarrollador<\/a> \u279c Controles \u279c Insertar \u279c Bot\u00f3n de opci\u00f3n.<\/li>\n<li> Despu\u00e9s de eso, conecta estos botones de opci\u00f3n con una celda. En mi caso los conecto con el celular A8. <br \/><img decoding=\"async\" title=\"conectar-botones-de-opci\u00f3n-con-un-pictograma-din\u00e1mico-de-celda-para-controlar\" src=\"https:\/\/exceladvisor.org\/wp-content\/uploads\/2023\/08\/connectez-les-boutons-doption-avec-une-cellule-pour-controler-le-pictogramme-dynamique-1.png\" sizes=\"\" srcset=\"\" alt=\"connect option buttons with a cell to control dynamic pictograph\"><\/li>\n<li> Dado que necesitamos controlar los datos (por departamento) con botones de opci\u00f3n, aseg\u00farese de nombrar todos los botones seg\u00fan el nombre del departamento.<\/li>\n<li> Desde all\u00ed, inserte la siguiente f\u00f3rmula en la primera celda (encabezado) hasta la \u00faltima celda de la segunda columna de la nueva tabla.<\/li>\n<\/ul>\n<p style=\"padding-left: 40px;\"> = <a href=\"https:\/\/exceladvisor.org\/es\/funciones-de-busqueda-de-excel\/\" target=\"_blank\" rel=\"noopener noreferrer\">BUSCARV<\/a> (A9,A1:E6,$A$8+1.0) <\/p>\n<p style=\"padding-left: 80px;\"><img decoding=\"async\" style=\"display: block; margin-left: auto; margin-right: auto;\" title=\"insertar-f\u00f3rmula-para-crear-una-tabla-din\u00e1mica-para-pictograma\" src=\"https:\/\/exceladvisor.org\/wp-content\/uploads\/2023\/08\/inserer-une-formule-pour-creer-un-tableau-dynamique-pour-le-pictogramme-1.png\" sizes=\"\" srcset=\"\" alt=\"insert formula to create a dynamic table for pictograph\"><\/p>\n<ul>\n<li> En este punto tenemos una tabla din\u00e1mica donde podemos obtener datos usando botones de opciones. <br \/><img decoding=\"async\" title=\"ahora-la-tabla-din\u00e1mica-est\u00e1-lista-para-crear-un-pictograma-en-excel.gif\" src=\"https:\/\/exceladvisor.org\/wp-content\/uploads\/2023\/08\/le-tableau-dynamique-est-maintenant-pret-a-creer-un-pictogramme-dans-Excel-1.gif\" sizes=\"\" srcset=\"\" alt=\"now dynamic table is ready to create a pictograph in excel\"><\/li>\n<li> Al final, seleccione esta tabla e inserte un gr\u00e1fico de barras y convi\u00e9rtalo en un pictograma siguiendo los pasos que aprendi\u00f3.<\/li>\n<\/ul>\n<p> <span style=\"color: #000000; background-color: #ffff00;\"><strong>\u00a1Prisa!<\/strong><\/span> Nuestro pictograma din\u00e1mico est\u00e1 aqu\u00ed. <\/p>\n<div class=\"wp-block-image\">\n<figure class=\"aligncenter\"><img decoding=\"async\" src=\"https:\/\/exceladvisor.org\/wp-content\/uploads\/2023\/08\/notre-pictogramme-dynamique-pret-a-lemploi-dans-excel-1.gif\" sizes=\"\" srcset=\"\" alt=\"nuestro pictograma din\u00e1mico listo para usar en excel\"><\/figure>\n<\/div>\n<p> <a href=\"https:\/\/exceladvisor.org\/wp-content\/uploads\/2023\/08\/pictogramme-de-fichiers.zip\" rel=\"nofollow\"><span style=\"color: #0000ee;\"><strong>archivo de muestra<\/strong><\/span><\/a><\/p>\n<div class=\"gb-container gb-container-a61970aa gb-container-mt\"> <a class=\"gb-button gb-button-b4293c6c gb-button-text gb-button-mt-button\" href=\"https:\/\/exceladvisor.org\/es\/graficos-de-excel\/\">Tipos de gr\u00e1ficos de Excel<\/a><\/p>\n<h2 class=\"gb-headline gb-headline-5bf2e581 gb-headline-text gb-headline-mt-heading\"> Tutoriales relacionados <\/h2>\n<div class=\"gb-grid-wrapper gb-grid-wrapper-9b70abf1 gb-grid-wrapper-mt-grid\">\n<div class=\"gb-grid-column gb-grid-column-97a95c29\">\n<div class=\"gb-container gb-container-97a95c29\">\n<ul>\n<li> <a href=\"https:\/\/exceladvisor.org\/es\/grafico-de-gofres\/\">TABLERO EN RELIEVE<\/a><\/li>\n<li> <a href=\"https:\/\/exceladvisor.org\/es\/grafico-de-embudo\/\">gr\u00e1fico de embudo<\/a><\/li>\n<li> <a href=\"https:\/\/exceladvisor.org\/es\/grafico-de-gantt\/\">Gr\u00e1fico de gantt<\/a><\/li>\n<li> <a href=\"https:\/\/exceladvisor.org\/es\/tablero-de-balas\/\">gr\u00e1fico de vi\u00f1etas<\/a><\/li>\n<li> <a href=\"https:\/\/exceladvisor.org\/es\/mapa-de-calor\/\">Mapa de calor<\/a><\/li>\n<\/ul>\n<\/div>\n<\/div>\n<\/div>\n<\/div>\n","protected":false},"excerpt":{"rendered":"<p>Si sabe c\u00f3mo presentar datos de una manera comprensible y eficaz, podr\u00e1 transmitir su mensaje de manera poderosa. Para ello, una de mis cosas favoritas es un PICT\u00d3GRAFO. Y en Excel, crear un pictograma es bastante sencillo y f\u00e1cil. Hoy en este art\u00edculo me gustar\u00eda compartir contigo un proceso sencillo paso a paso para crear [&hellip;]<\/p>\n","protected":false},"author":1,"featured_media":0,"parent":0,"menu_order":0,"comment_status":"open","ping_status":"closed","template":"","meta":{"ub_ctt_via":"","footnotes":""},"class_list":["post-459","page","type-page","status-publish","hentry"],"featured_image_src":null,"yoast_head":"<!-- This site is optimized with the Yoast SEO plugin v25.4 - https:\/\/yoast.com\/wordpress\/plugins\/seo\/ -->\n<title>\u00bfc\u00f3mo crear un pictograma en excel?<\/title>\n<meta name=\"robots\" content=\"index, follow, max-snippet:-1, max-image-preview:large, max-video-preview:-1\" \/>\n<link rel=\"canonical\" href=\"https:\/\/exceladvisor.org\/es\/pictograma\/\" \/>\n<meta property=\"og:locale\" content=\"es_ES\" \/>\n<meta property=\"og:type\" content=\"article\" \/>\n<meta property=\"og:title\" content=\"\u00bfc\u00f3mo crear un pictograma en excel?\" \/>\n<meta property=\"og:description\" content=\"Si sabe c\u00f3mo presentar datos de una manera comprensible y eficaz, podr\u00e1 transmitir su mensaje de manera poderosa. Para ello, una de mis cosas favoritas es un PICT\u00d3GRAFO. Y en Excel, crear un pictograma es bastante sencillo y f\u00e1cil. Hoy en este art\u00edculo me gustar\u00eda compartir contigo un proceso sencillo paso a paso para crear [&hellip;]\" \/>\n<meta property=\"og:url\" content=\"https:\/\/exceladvisor.org\/es\/pictograma\/\" \/>\n<meta property=\"og:site_name\" content=\"Excel Advisor\" \/>\n<meta property=\"article:modified_time\" content=\"2023-12-25T10:25:20+00:00\" \/>\n<meta property=\"og:image\" content=\"https:\/\/exceladvisor.org\/wp-content\/uploads\/2023\/08\/comment-faire-un-pictogramme-dans-excel-en-utilisant-un-graphique-a-barres-1.png\" \/>\n<meta name=\"twitter:card\" content=\"summary_large_image\" \/>\n<meta name=\"twitter:label1\" content=\"Tiempo de lectura\" \/>\n\t<meta name=\"twitter:data1\" content=\"4 minutos\" \/>\n<script type=\"application\/ld+json\" class=\"yoast-schema-graph\">{\"@context\":\"https:\/\/schema.org\",\"@graph\":[{\"@type\":\"WebPage\",\"@id\":\"https:\/\/exceladvisor.org\/es\/pictograma\/\",\"url\":\"https:\/\/exceladvisor.org\/es\/pictograma\/\",\"name\":\"\u00bfc\u00f3mo crear un pictograma en excel?\",\"isPartOf\":{\"@id\":\"https:\/\/exceladvisor.org\/es\/#website\"},\"primaryImageOfPage\":{\"@id\":\"https:\/\/exceladvisor.org\/es\/pictograma\/#primaryimage\"},\"image\":{\"@id\":\"https:\/\/exceladvisor.org\/es\/pictograma\/#primaryimage\"},\"thumbnailUrl\":\"https:\/\/exceladvisor.org\/wp-content\/uploads\/2023\/08\/comment-faire-un-pictogramme-dans-excel-en-utilisant-un-graphique-a-barres-1.png\",\"datePublished\":\"2023-10-27T16:38:30+00:00\",\"dateModified\":\"2023-12-25T10:25:20+00:00\",\"breadcrumb\":{\"@id\":\"https:\/\/exceladvisor.org\/es\/pictograma\/#breadcrumb\"},\"inLanguage\":\"es\",\"potentialAction\":[{\"@type\":\"ReadAction\",\"target\":[\"https:\/\/exceladvisor.org\/es\/pictograma\/\"]}]},{\"@type\":\"ImageObject\",\"inLanguage\":\"es\",\"@id\":\"https:\/\/exceladvisor.org\/es\/pictograma\/#primaryimage\",\"url\":\"https:\/\/exceladvisor.org\/wp-content\/uploads\/2023\/08\/comment-faire-un-pictogramme-dans-excel-en-utilisant-un-graphique-a-barres-1.png\",\"contentUrl\":\"https:\/\/exceladvisor.org\/wp-content\/uploads\/2023\/08\/comment-faire-un-pictogramme-dans-excel-en-utilisant-un-graphique-a-barres-1.png\"},{\"@type\":\"BreadcrumbList\",\"@id\":\"https:\/\/exceladvisor.org\/es\/pictograma\/#breadcrumb\",\"itemListElement\":[{\"@type\":\"ListItem\",\"position\":1,\"name\":\"Hogar\",\"item\":\"https:\/\/exceladvisor.org\/es\/\"},{\"@type\":\"ListItem\",\"position\":2,\"name\":\"\u00bfc\u00f3mo crear un pictograma en excel?\"}]},{\"@type\":\"WebSite\",\"@id\":\"https:\/\/exceladvisor.org\/es\/#website\",\"url\":\"https:\/\/exceladvisor.org\/es\/\",\"name\":\"Excel Advisor\",\"description\":\"Su gu\u00eda para la dominaci\u00f3n de datos!\",\"publisher\":{\"@id\":\"https:\/\/exceladvisor.org\/es\/#organization\"},\"potentialAction\":[{\"@type\":\"SearchAction\",\"target\":{\"@type\":\"EntryPoint\",\"urlTemplate\":\"https:\/\/exceladvisor.org\/es\/?s={search_term_string}\"},\"query-input\":{\"@type\":\"PropertyValueSpecification\",\"valueRequired\":true,\"valueName\":\"search_term_string\"}}],\"inLanguage\":\"es\"},{\"@type\":\"Organization\",\"@id\":\"https:\/\/exceladvisor.org\/es\/#organization\",\"name\":\"Excel Advisor\",\"url\":\"https:\/\/exceladvisor.org\/es\/\",\"logo\":{\"@type\":\"ImageObject\",\"inLanguage\":\"es\",\"@id\":\"https:\/\/exceladvisor.org\/es\/#\/schema\/logo\/image\/\",\"url\":\"https:\/\/exceladvisor.org\/es\/wp-content\/uploads\/2023\/12\/exceladvisor.org_.png\",\"contentUrl\":\"https:\/\/exceladvisor.org\/es\/wp-content\/uploads\/2023\/12\/exceladvisor.org_.png\",\"width\":105,\"height\":36,\"caption\":\"Excel Advisor\"},\"image\":{\"@id\":\"https:\/\/exceladvisor.org\/es\/#\/schema\/logo\/image\/\"}}]}<\/script>\n<!-- \/ Yoast SEO plugin. -->","yoast_head_json":{"title":"\u00bfc\u00f3mo crear un pictograma en excel?","robots":{"index":"index","follow":"follow","max-snippet":"max-snippet:-1","max-image-preview":"max-image-preview:large","max-video-preview":"max-video-preview:-1"},"canonical":"https:\/\/exceladvisor.org\/es\/pictograma\/","og_locale":"es_ES","og_type":"article","og_title":"\u00bfc\u00f3mo crear un pictograma en excel?","og_description":"Si sabe c\u00f3mo presentar datos de una manera comprensible y eficaz, podr\u00e1 transmitir su mensaje de manera poderosa. Para ello, una de mis cosas favoritas es un PICT\u00d3GRAFO. Y en Excel, crear un pictograma es bastante sencillo y f\u00e1cil. Hoy en este art\u00edculo me gustar\u00eda compartir contigo un proceso sencillo paso a paso para crear [&hellip;]","og_url":"https:\/\/exceladvisor.org\/es\/pictograma\/","og_site_name":"Excel Advisor","article_modified_time":"2023-12-25T10:25:20+00:00","og_image":[{"url":"https:\/\/exceladvisor.org\/wp-content\/uploads\/2023\/08\/comment-faire-un-pictogramme-dans-excel-en-utilisant-un-graphique-a-barres-1.png","type":"","width":"","height":""}],"twitter_card":"summary_large_image","twitter_misc":{"Tiempo de lectura":"4 minutos"},"schema":{"@context":"https:\/\/schema.org","@graph":[{"@type":"WebPage","@id":"https:\/\/exceladvisor.org\/es\/pictograma\/","url":"https:\/\/exceladvisor.org\/es\/pictograma\/","name":"\u00bfc\u00f3mo crear un pictograma en excel?","isPartOf":{"@id":"https:\/\/exceladvisor.org\/es\/#website"},"primaryImageOfPage":{"@id":"https:\/\/exceladvisor.org\/es\/pictograma\/#primaryimage"},"image":{"@id":"https:\/\/exceladvisor.org\/es\/pictograma\/#primaryimage"},"thumbnailUrl":"https:\/\/exceladvisor.org\/wp-content\/uploads\/2023\/08\/comment-faire-un-pictogramme-dans-excel-en-utilisant-un-graphique-a-barres-1.png","datePublished":"2023-10-27T16:38:30+00:00","dateModified":"2023-12-25T10:25:20+00:00","breadcrumb":{"@id":"https:\/\/exceladvisor.org\/es\/pictograma\/#breadcrumb"},"inLanguage":"es","potentialAction":[{"@type":"ReadAction","target":["https:\/\/exceladvisor.org\/es\/pictograma\/"]}]},{"@type":"ImageObject","inLanguage":"es","@id":"https:\/\/exceladvisor.org\/es\/pictograma\/#primaryimage","url":"https:\/\/exceladvisor.org\/wp-content\/uploads\/2023\/08\/comment-faire-un-pictogramme-dans-excel-en-utilisant-un-graphique-a-barres-1.png","contentUrl":"https:\/\/exceladvisor.org\/wp-content\/uploads\/2023\/08\/comment-faire-un-pictogramme-dans-excel-en-utilisant-un-graphique-a-barres-1.png"},{"@type":"BreadcrumbList","@id":"https:\/\/exceladvisor.org\/es\/pictograma\/#breadcrumb","itemListElement":[{"@type":"ListItem","position":1,"name":"Hogar","item":"https:\/\/exceladvisor.org\/es\/"},{"@type":"ListItem","position":2,"name":"\u00bfc\u00f3mo crear un pictograma en excel?"}]},{"@type":"WebSite","@id":"https:\/\/exceladvisor.org\/es\/#website","url":"https:\/\/exceladvisor.org\/es\/","name":"Excel Advisor","description":"Su gu\u00eda para la dominaci\u00f3n de datos!","publisher":{"@id":"https:\/\/exceladvisor.org\/es\/#organization"},"potentialAction":[{"@type":"SearchAction","target":{"@type":"EntryPoint","urlTemplate":"https:\/\/exceladvisor.org\/es\/?s={search_term_string}"},"query-input":{"@type":"PropertyValueSpecification","valueRequired":true,"valueName":"search_term_string"}}],"inLanguage":"es"},{"@type":"Organization","@id":"https:\/\/exceladvisor.org\/es\/#organization","name":"Excel Advisor","url":"https:\/\/exceladvisor.org\/es\/","logo":{"@type":"ImageObject","inLanguage":"es","@id":"https:\/\/exceladvisor.org\/es\/#\/schema\/logo\/image\/","url":"https:\/\/exceladvisor.org\/es\/wp-content\/uploads\/2023\/12\/exceladvisor.org_.png","contentUrl":"https:\/\/exceladvisor.org\/es\/wp-content\/uploads\/2023\/12\/exceladvisor.org_.png","width":105,"height":36,"caption":"Excel Advisor"},"image":{"@id":"https:\/\/exceladvisor.org\/es\/#\/schema\/logo\/image\/"}}]}},"yoast_meta":{"yoast_wpseo_title":"","yoast_wpseo_metadesc":"","yoast_wpseo_canonical":""},"_links":{"self":[{"href":"https:\/\/exceladvisor.org\/es\/wp-json\/wp\/v2\/pages\/459","targetHints":{"allow":["GET"]}}],"collection":[{"href":"https:\/\/exceladvisor.org\/es\/wp-json\/wp\/v2\/pages"}],"about":[{"href":"https:\/\/exceladvisor.org\/es\/wp-json\/wp\/v2\/types\/page"}],"author":[{"embeddable":true,"href":"https:\/\/exceladvisor.org\/es\/wp-json\/wp\/v2\/users\/1"}],"replies":[{"embeddable":true,"href":"https:\/\/exceladvisor.org\/es\/wp-json\/wp\/v2\/comments?post=459"}],"version-history":[{"count":1,"href":"https:\/\/exceladvisor.org\/es\/wp-json\/wp\/v2\/pages\/459\/revisions"}],"predecessor-version":[{"id":1043,"href":"https:\/\/exceladvisor.org\/es\/wp-json\/wp\/v2\/pages\/459\/revisions\/1043"}],"wp:attachment":[{"href":"https:\/\/exceladvisor.org\/es\/wp-json\/wp\/v2\/media?parent=459"}],"curies":[{"name":"wp","href":"https:\/\/api.w.org\/{rel}","templated":true}]}}