{"id":460,"date":"2023-10-27T15:36:20","date_gmt":"2023-10-27T15:36:20","guid":{"rendered":"https:\/\/exceladvisor.org\/es\/copiar-formato-de-grafico\/"},"modified":"2023-12-25T10:25:00","modified_gmt":"2023-12-25T10:25:00","slug":"copiar-formato-de-grafico","status":"publish","type":"page","link":"https:\/\/exceladvisor.org\/es\/copiar-formato-de-grafico\/","title":{"rendered":"\u00bfc\u00f3mo copiar y pegar formatos de gr\u00e1ficos?"},"content":{"rendered":"<div class=\"excel-antes-del-contenido\" id=\"excel-883190590\"><script type=\"text\/javascript\">\r\n\tatOptions = {\r\n\t\t'key' : 'c1158f160081d6540a8409e6925dab94',\r\n\t\t'format' : 'iframe',\r\n\t\t'height' : 250,\r\n\t\t'width' : 300,\r\n\t\t'params' : {}\r\n\t};\r\n<\/script>\r\n<script type=\"text\/javascript\" src=\"\/\/www.highperformanceformat.com\/c1158f160081d6540a8409e6925dab94\/invoke.js\"><\/script><\/div><p>Digamos que con sus esfuerzos extremos usted formate\u00f3 un gr\u00e1fico, luego se da cuenta de que tiene m\u00e1s gr\u00e1ficos para formatear. Aplicar el mismo formato a todos los gr\u00e1ficos es una tarea tediosa, lo mismo una y otra vez. Es un dolor.<\/p>\n<p> La buena noticia es que existe una soluci\u00f3n s\u00faper r\u00e1pida para tu dolor. Todo lo que necesitas son unos pocos clics con el mouse. S\u00ed, es verdad. Con la opci\u00f3n de pegar especial, puede copiar el formato de un gr\u00e1fico a otro tal como lo har\u00eda con una simple copia y pega. Aprendamos este truco y \u00a1GUAU a todos!<\/p>\n<h2 class=\"wp-block-heading\"> Pasos para copiar formato de un gr\u00e1fico a otro <\/h2>\n<div class=\"wp-block-image\">\n<figure class=\"aligncenter\"><img decoding=\"async\" src=\"https:\/\/exceladvisor.org\/wp-content\/uploads\/2023\/08\/copier-la-mise-en-forme-du-graphique-dun-graphique-a-un-autre-en-utilisant-le-collage-special.gif\" sizes=\"\" srcset=\"\" alt=\"copie el formato del gr\u00e1fico de un gr\u00e1fico a otro usando el pegado especial.\"><\/figure>\n<\/div>\n<ol>\n<li> Primero, haga clic derecho en el gr\u00e1fico desde el cual desea copiar el formato del gr\u00e1fico.<\/li>\n<li> Y luego haga clic en copiar.<\/li>\n<li> Despu\u00e9s de eso, haga clic derecho en el otro gr\u00e1fico al que desea aplicar\/pegar el formato.<\/li>\n<li> Ahora vaya a la pesta\u00f1a Inicio -&gt; Portapapeles -&gt; Pegar -&gt; Pegado especial.<\/li>\n<li> Aqu\u00ed tienes una ventana emergente.<\/li>\n<li> Seleccione los formatos y haga clic en Aceptar.<\/li>\n<\/ol>\n<h2 class=\"wp-block-heading\"> Acceso directo para copiar el formato del gr\u00e1fico<\/h2>\n<p> S\u00ed, puedes usar una tecla de acceso directo para hacer esto. Simplemente haga clic en el gr\u00e1fico que desea copiar y use Ctrl + C para copiar, luego seleccione el otro gr\u00e1fico. Al final, use la tecla de acceso directo Alt + E + S para pegar\/aplicar formato.<\/p>\n<h2 class=\"wp-block-heading\"> Cosas para recordar<\/h2>\n<ol>\n<li> No puede aplicar el tama\u00f1o de un gr\u00e1fico a otro.<\/li>\n<li><u><\/u> Debe aplicar formato a cada gr\u00e1fico uno por uno; no se puede aplicar formato a varios gr\u00e1ficos de forma conjunta.<\/li>\n<li> Si intenta aplicar formato de un gr\u00e1fico (por ejemplo, un gr\u00e1fico de barras) a otro tipo de gr\u00e1fico (por ejemplo, un gr\u00e1fico de l\u00edneas), esto tambi\u00e9n cambiar\u00e1 el tipo de gr\u00e1fico de destino.<\/li>\n<\/ol>\n<p> Ahora no tiene que preocuparse por formatear varios gr\u00e1ficos. Tiene una manera muy r\u00e1pida de copiar el formato del gr\u00e1fico a otro gr\u00e1fico de Excel. Espero que este consejo te haya resultado \u00fatil. <strong>\u00bfQu\u00e9 opinas?<\/strong> Comparta sus pensamientos conmigo en la secci\u00f3n de comentarios, me encantar\u00eda saber de usted.<\/p>\n<p> <strong>Debes leer tutoriales de gr\u00e1ficos.<\/strong><\/p>\n<ol>\n<li> <a href=\"https:\/\/exceladvisor.org\/es\/agregar-una-linea-horizontal\/\">C\u00f3mo agregar una l\u00ednea horizontal a un gr\u00e1fico<\/a><\/li>\n<li> <a href=\"https:\/\/exceladvisor.org\/es\/agregar-una-linea-vertical\/\">C\u00f3mo agregar una l\u00ednea vertical a un gr\u00e1fico<\/a><\/li>\n<li> <a href=\"https:\/\/exceladvisor.org\/es\/rango-de-grafico-dinamico\/\">C\u00f3mo crear un rango de gr\u00e1fico din\u00e1mico en Excel<\/a><\/li>\n<li> <a href=\"https:\/\/exceladvisor.org\/es\/titulo-del-grafico-dinamico\/\">C\u00f3mo crear un t\u00edtulo de gr\u00e1fico din\u00e1mico en Excel<\/a><\/li>\n<li> <a href=\"https:\/\/exceladvisor.org\/es\/graficos-avanzados\/\">Los 10 mejores gr\u00e1ficos avanzados de Excel que deber\u00edas aprender<\/a><\/li>\n<\/ol>\n","protected":false},"excerpt":{"rendered":"<p>Digamos que con sus esfuerzos extremos usted formate\u00f3 un gr\u00e1fico, luego se da cuenta de que tiene m\u00e1s gr\u00e1ficos para formatear. Aplicar el mismo formato a todos los gr\u00e1ficos es una tarea tediosa, lo mismo una y otra vez. Es un dolor. La buena noticia es que existe una soluci\u00f3n s\u00faper r\u00e1pida para tu dolor. [&hellip;]<\/p>\n","protected":false},"author":1,"featured_media":0,"parent":0,"menu_order":0,"comment_status":"open","ping_status":"closed","template":"","meta":{"ub_ctt_via":"","footnotes":""},"class_list":["post-460","page","type-page","status-publish","hentry"],"featured_image_src":null,"yoast_head":"<!-- This site is optimized with the Yoast SEO plugin v25.4 - https:\/\/yoast.com\/wordpress\/plugins\/seo\/ -->\n<title>\u00bfc\u00f3mo copiar y pegar formatos de gr\u00e1ficos?<\/title>\n<meta name=\"robots\" content=\"index, follow, max-snippet:-1, max-image-preview:large, max-video-preview:-1\" \/>\n<link rel=\"canonical\" href=\"https:\/\/exceladvisor.org\/es\/copiar-formato-de-grafico\/\" \/>\n<meta property=\"og:locale\" content=\"es_ES\" \/>\n<meta property=\"og:type\" content=\"article\" \/>\n<meta property=\"og:title\" content=\"\u00bfc\u00f3mo copiar y pegar formatos de gr\u00e1ficos?\" \/>\n<meta property=\"og:description\" content=\"Digamos que con sus esfuerzos extremos usted formate\u00f3 un gr\u00e1fico, luego se da cuenta de que tiene m\u00e1s gr\u00e1ficos para formatear. Aplicar el mismo formato a todos los gr\u00e1ficos es una tarea tediosa, lo mismo una y otra vez. Es un dolor. La buena noticia es que existe una soluci\u00f3n s\u00faper r\u00e1pida para tu dolor. [&hellip;]\" \/>\n<meta property=\"og:url\" content=\"https:\/\/exceladvisor.org\/es\/copiar-formato-de-grafico\/\" \/>\n<meta property=\"og:site_name\" content=\"Excel Advisor\" \/>\n<meta property=\"article:modified_time\" content=\"2023-12-25T10:25:00+00:00\" \/>\n<meta property=\"og:image\" content=\"https:\/\/exceladvisor.org\/wp-content\/uploads\/2023\/08\/copier-la-mise-en-forme-du-graphique-dun-graphique-a-un-autre-en-utilisant-le-collage-special.gif\" \/>\n<meta name=\"twitter:card\" content=\"summary_large_image\" \/>\n<meta name=\"twitter:label1\" content=\"Tiempo de lectura\" \/>\n\t<meta name=\"twitter:data1\" content=\"2 minutos\" \/>\n<script type=\"application\/ld+json\" class=\"yoast-schema-graph\">{\"@context\":\"https:\/\/schema.org\",\"@graph\":[{\"@type\":\"WebPage\",\"@id\":\"https:\/\/exceladvisor.org\/es\/copiar-formato-de-grafico\/\",\"url\":\"https:\/\/exceladvisor.org\/es\/copiar-formato-de-grafico\/\",\"name\":\"\u00bfc\u00f3mo copiar y pegar formatos de gr\u00e1ficos?\",\"isPartOf\":{\"@id\":\"https:\/\/exceladvisor.org\/es\/#website\"},\"primaryImageOfPage\":{\"@id\":\"https:\/\/exceladvisor.org\/es\/copiar-formato-de-grafico\/#primaryimage\"},\"image\":{\"@id\":\"https:\/\/exceladvisor.org\/es\/copiar-formato-de-grafico\/#primaryimage\"},\"thumbnailUrl\":\"https:\/\/exceladvisor.org\/wp-content\/uploads\/2023\/08\/copier-la-mise-en-forme-du-graphique-dun-graphique-a-un-autre-en-utilisant-le-collage-special.gif\",\"datePublished\":\"2023-10-27T15:36:20+00:00\",\"dateModified\":\"2023-12-25T10:25:00+00:00\",\"breadcrumb\":{\"@id\":\"https:\/\/exceladvisor.org\/es\/copiar-formato-de-grafico\/#breadcrumb\"},\"inLanguage\":\"es\",\"potentialAction\":[{\"@type\":\"ReadAction\",\"target\":[\"https:\/\/exceladvisor.org\/es\/copiar-formato-de-grafico\/\"]}]},{\"@type\":\"ImageObject\",\"inLanguage\":\"es\",\"@id\":\"https:\/\/exceladvisor.org\/es\/copiar-formato-de-grafico\/#primaryimage\",\"url\":\"https:\/\/exceladvisor.org\/wp-content\/uploads\/2023\/08\/copier-la-mise-en-forme-du-graphique-dun-graphique-a-un-autre-en-utilisant-le-collage-special.gif\",\"contentUrl\":\"https:\/\/exceladvisor.org\/wp-content\/uploads\/2023\/08\/copier-la-mise-en-forme-du-graphique-dun-graphique-a-un-autre-en-utilisant-le-collage-special.gif\"},{\"@type\":\"BreadcrumbList\",\"@id\":\"https:\/\/exceladvisor.org\/es\/copiar-formato-de-grafico\/#breadcrumb\",\"itemListElement\":[{\"@type\":\"ListItem\",\"position\":1,\"name\":\"Hogar\",\"item\":\"https:\/\/exceladvisor.org\/es\/\"},{\"@type\":\"ListItem\",\"position\":2,\"name\":\"\u00bfc\u00f3mo copiar y pegar formatos de gr\u00e1ficos?\"}]},{\"@type\":\"WebSite\",\"@id\":\"https:\/\/exceladvisor.org\/es\/#website\",\"url\":\"https:\/\/exceladvisor.org\/es\/\",\"name\":\"Excel Advisor\",\"description\":\"Su gu\u00eda para la dominaci\u00f3n de datos!\",\"publisher\":{\"@id\":\"https:\/\/exceladvisor.org\/es\/#organization\"},\"potentialAction\":[{\"@type\":\"SearchAction\",\"target\":{\"@type\":\"EntryPoint\",\"urlTemplate\":\"https:\/\/exceladvisor.org\/es\/?s={search_term_string}\"},\"query-input\":{\"@type\":\"PropertyValueSpecification\",\"valueRequired\":true,\"valueName\":\"search_term_string\"}}],\"inLanguage\":\"es\"},{\"@type\":\"Organization\",\"@id\":\"https:\/\/exceladvisor.org\/es\/#organization\",\"name\":\"Excel Advisor\",\"url\":\"https:\/\/exceladvisor.org\/es\/\",\"logo\":{\"@type\":\"ImageObject\",\"inLanguage\":\"es\",\"@id\":\"https:\/\/exceladvisor.org\/es\/#\/schema\/logo\/image\/\",\"url\":\"https:\/\/exceladvisor.org\/es\/wp-content\/uploads\/2023\/12\/exceladvisor.org_.png\",\"contentUrl\":\"https:\/\/exceladvisor.org\/es\/wp-content\/uploads\/2023\/12\/exceladvisor.org_.png\",\"width\":105,\"height\":36,\"caption\":\"Excel Advisor\"},\"image\":{\"@id\":\"https:\/\/exceladvisor.org\/es\/#\/schema\/logo\/image\/\"}}]}<\/script>\n<!-- \/ Yoast SEO plugin. -->","yoast_head_json":{"title":"\u00bfc\u00f3mo copiar y pegar formatos de gr\u00e1ficos?","robots":{"index":"index","follow":"follow","max-snippet":"max-snippet:-1","max-image-preview":"max-image-preview:large","max-video-preview":"max-video-preview:-1"},"canonical":"https:\/\/exceladvisor.org\/es\/copiar-formato-de-grafico\/","og_locale":"es_ES","og_type":"article","og_title":"\u00bfc\u00f3mo copiar y pegar formatos de gr\u00e1ficos?","og_description":"Digamos que con sus esfuerzos extremos usted formate\u00f3 un gr\u00e1fico, luego se da cuenta de que tiene m\u00e1s gr\u00e1ficos para formatear. Aplicar el mismo formato a todos los gr\u00e1ficos es una tarea tediosa, lo mismo una y otra vez. Es un dolor. La buena noticia es que existe una soluci\u00f3n s\u00faper r\u00e1pida para tu dolor. [&hellip;]","og_url":"https:\/\/exceladvisor.org\/es\/copiar-formato-de-grafico\/","og_site_name":"Excel Advisor","article_modified_time":"2023-12-25T10:25:00+00:00","og_image":[{"url":"https:\/\/exceladvisor.org\/wp-content\/uploads\/2023\/08\/copier-la-mise-en-forme-du-graphique-dun-graphique-a-un-autre-en-utilisant-le-collage-special.gif","type":"","width":"","height":""}],"twitter_card":"summary_large_image","twitter_misc":{"Tiempo de lectura":"2 minutos"},"schema":{"@context":"https:\/\/schema.org","@graph":[{"@type":"WebPage","@id":"https:\/\/exceladvisor.org\/es\/copiar-formato-de-grafico\/","url":"https:\/\/exceladvisor.org\/es\/copiar-formato-de-grafico\/","name":"\u00bfc\u00f3mo copiar y pegar formatos de gr\u00e1ficos?","isPartOf":{"@id":"https:\/\/exceladvisor.org\/es\/#website"},"primaryImageOfPage":{"@id":"https:\/\/exceladvisor.org\/es\/copiar-formato-de-grafico\/#primaryimage"},"image":{"@id":"https:\/\/exceladvisor.org\/es\/copiar-formato-de-grafico\/#primaryimage"},"thumbnailUrl":"https:\/\/exceladvisor.org\/wp-content\/uploads\/2023\/08\/copier-la-mise-en-forme-du-graphique-dun-graphique-a-un-autre-en-utilisant-le-collage-special.gif","datePublished":"2023-10-27T15:36:20+00:00","dateModified":"2023-12-25T10:25:00+00:00","breadcrumb":{"@id":"https:\/\/exceladvisor.org\/es\/copiar-formato-de-grafico\/#breadcrumb"},"inLanguage":"es","potentialAction":[{"@type":"ReadAction","target":["https:\/\/exceladvisor.org\/es\/copiar-formato-de-grafico\/"]}]},{"@type":"ImageObject","inLanguage":"es","@id":"https:\/\/exceladvisor.org\/es\/copiar-formato-de-grafico\/#primaryimage","url":"https:\/\/exceladvisor.org\/wp-content\/uploads\/2023\/08\/copier-la-mise-en-forme-du-graphique-dun-graphique-a-un-autre-en-utilisant-le-collage-special.gif","contentUrl":"https:\/\/exceladvisor.org\/wp-content\/uploads\/2023\/08\/copier-la-mise-en-forme-du-graphique-dun-graphique-a-un-autre-en-utilisant-le-collage-special.gif"},{"@type":"BreadcrumbList","@id":"https:\/\/exceladvisor.org\/es\/copiar-formato-de-grafico\/#breadcrumb","itemListElement":[{"@type":"ListItem","position":1,"name":"Hogar","item":"https:\/\/exceladvisor.org\/es\/"},{"@type":"ListItem","position":2,"name":"\u00bfc\u00f3mo copiar y pegar formatos de gr\u00e1ficos?"}]},{"@type":"WebSite","@id":"https:\/\/exceladvisor.org\/es\/#website","url":"https:\/\/exceladvisor.org\/es\/","name":"Excel Advisor","description":"Su gu\u00eda para la dominaci\u00f3n de datos!","publisher":{"@id":"https:\/\/exceladvisor.org\/es\/#organization"},"potentialAction":[{"@type":"SearchAction","target":{"@type":"EntryPoint","urlTemplate":"https:\/\/exceladvisor.org\/es\/?s={search_term_string}"},"query-input":{"@type":"PropertyValueSpecification","valueRequired":true,"valueName":"search_term_string"}}],"inLanguage":"es"},{"@type":"Organization","@id":"https:\/\/exceladvisor.org\/es\/#organization","name":"Excel Advisor","url":"https:\/\/exceladvisor.org\/es\/","logo":{"@type":"ImageObject","inLanguage":"es","@id":"https:\/\/exceladvisor.org\/es\/#\/schema\/logo\/image\/","url":"https:\/\/exceladvisor.org\/es\/wp-content\/uploads\/2023\/12\/exceladvisor.org_.png","contentUrl":"https:\/\/exceladvisor.org\/es\/wp-content\/uploads\/2023\/12\/exceladvisor.org_.png","width":105,"height":36,"caption":"Excel Advisor"},"image":{"@id":"https:\/\/exceladvisor.org\/es\/#\/schema\/logo\/image\/"}}]}},"yoast_meta":{"yoast_wpseo_title":"","yoast_wpseo_metadesc":"","yoast_wpseo_canonical":""},"_links":{"self":[{"href":"https:\/\/exceladvisor.org\/es\/wp-json\/wp\/v2\/pages\/460","targetHints":{"allow":["GET"]}}],"collection":[{"href":"https:\/\/exceladvisor.org\/es\/wp-json\/wp\/v2\/pages"}],"about":[{"href":"https:\/\/exceladvisor.org\/es\/wp-json\/wp\/v2\/types\/page"}],"author":[{"embeddable":true,"href":"https:\/\/exceladvisor.org\/es\/wp-json\/wp\/v2\/users\/1"}],"replies":[{"embeddable":true,"href":"https:\/\/exceladvisor.org\/es\/wp-json\/wp\/v2\/comments?post=460"}],"version-history":[{"count":1,"href":"https:\/\/exceladvisor.org\/es\/wp-json\/wp\/v2\/pages\/460\/revisions"}],"predecessor-version":[{"id":991,"href":"https:\/\/exceladvisor.org\/es\/wp-json\/wp\/v2\/pages\/460\/revisions\/991"}],"wp:attachment":[{"href":"https:\/\/exceladvisor.org\/es\/wp-json\/wp\/v2\/media?parent=460"}],"curies":[{"name":"wp","href":"https:\/\/api.w.org\/{rel}","templated":true}]}}