{"id":464,"date":"2023-10-27T14:59:30","date_gmt":"2023-10-27T14:59:30","guid":{"rendered":"https:\/\/exceladvisor.org\/es\/atn\/"},"modified":"2023-12-25T10:30:00","modified_gmt":"2023-12-25T10:30:00","slug":"atn","status":"publish","type":"page","link":"https:\/\/exceladvisor.org\/es\/atn\/","title":{"rendered":"\u00bfc\u00f3mo utilizar la funci\u00f3n vba atn?"},"content":{"rendered":"<div class=\"excel-antes-del-contenido\" id=\"excel-1462843792\"><script type=\"text\/javascript\">\r\n\tatOptions = {\r\n\t\t'key' : 'c1158f160081d6540a8409e6925dab94',\r\n\t\t'format' : 'iframe',\r\n\t\t'height' : 250,\r\n\t\t'width' : 300,\r\n\t\t'params' : {}\r\n\t};\r\n<\/script>\r\n<script type=\"text\/javascript\" src=\"\/\/www.highperformanceformat.com\/c1158f160081d6540a8409e6925dab94\/invoke.js\"><\/script><\/div><p>La funci\u00f3n VBA ATN figura en la categor\u00eda matem\u00e1tica de funciones VBA. Cuando lo usa en c\u00f3digo VBA, <strong>puede devolver el arcotangente de un n\u00famero que usted proporcione.<\/strong> En t\u00e9rminos simples, el arcotangente se usa para calcular los \u00e1ngulos de un tri\u00e1ngulo rect\u00e1ngulo y ATN lo devuelve para el n\u00famero que especificaste.<\/p>\n<h2 class=\"wp-block-heading\"> Sintaxis<\/h2>\n<p> <strong>Atn(N\u00famero)<\/strong><\/p>\n<h2 class=\"wp-block-heading\"> Argumentos<\/h2>\n<ul>\n<li> <strong>N\u00famero<\/strong> : El n\u00famero para el cual desea calcular el arcotangente.<\/li>\n<\/ul>\n<h2 class=\"wp-block-heading\"> Ejemplo<\/h2>\n<p> Para comprender pr\u00e1cticamente c\u00f3mo usar la funci\u00f3n VBA ATN, debe seguir el siguiente ejemplo donde escribimos un c\u00f3digo VBA us\u00e1ndola: <\/p>\n<div class=\"wp-block-image\">\n<figure class=\"aligncenter is-resized\"><img loading=\"lazy\" decoding=\"async\" title=\"ejemplo-vba-atn-funci\u00f3n\" src=\"https:\/\/exceladvisor.org\/wp-content\/uploads\/2023\/08\/exemple-de-fonction-vba-atn.png\" sizes=\"auto, \" srcset=\"\" alt=\"example-vba-atn-function\" width=\"718\" height=\"452\"><\/figure>\n<\/div>\n<pre class=\"wp-block-code\"> <code class=\"language-visual-basic\" lang=\"visual-basic\">Sub example_ATN() Range(\"B1\").Value = Atn(Range(\"A1\")) End Sub<\/code><\/pre>\n<p> En el ejemplo anterior usamos el valor de la celda A1 donde tenemos un n\u00famero para el cual queremos calcular el arcotangente y luego usamos ATN para convertir ese valor a un n\u00famero absoluto e ingresar ese valor en la celda B1.<\/p>\n<h2 class=\"wp-block-heading\"> Comentarios<\/h2>\n<ul>\n<li> Si el valor especificado es un valor distinto de un n\u00famero o un n\u00famero que no puede reconocerse como un n\u00famero, VBA devolver\u00e1 el error de tiempo de ejecuci\u00f3n 13.<\/li>\n<li> Puede multiplicar el resultado devuelto por ATN por pi\/180 para convertirlo a radianes y 180\/pi para convertirlo a grados. <\/li>\n<\/ul>\n<div class=\"wp-block-group more-tutorials is-layout-flow\">\n<div class=\"wp-block-group__inner-container\">\n<h2 class=\"wp-block-heading\"> M\u00e1s tutoriales <\/h2>\n<div class=\"wp-block-columns is-layout-flex wp-container-51\">\n<div class=\"wp-block-column is-layout-flow\">\n<ul>\n<li> <a href=\"https:\/\/exceladvisor.org\/es\/abdominales-1\/\">ABS VBA<\/a><\/li>\n<li> <a href=\"https:\/\/exceladvisor.org\/es\/porque\/\">Porque VBA<\/a><\/li>\n<li> <a href=\"https:\/\/exceladvisor.org\/es\/exp\/\">EXPERIENCIA VBA<\/a><\/li>\n<li> <a href=\"https:\/\/exceladvisor.org\/es\/arreglar\/\">ARREGLO DE VBA<\/a><\/li>\n<li> <a href=\"https:\/\/exceladvisor.org\/es\/en-t\/\">VBA INT<\/a><\/li>\n<\/ul>\n<\/div>\n<div class=\"wp-block-column is-layout-flow\"><\/div>\n<\/div>\n<\/div>\n<\/div>\n","protected":false},"excerpt":{"rendered":"<p>La funci\u00f3n VBA ATN figura en la categor\u00eda matem\u00e1tica de funciones VBA. Cuando lo usa en c\u00f3digo VBA, puede devolver el arcotangente de un n\u00famero que usted proporcione. En t\u00e9rminos simples, el arcotangente se usa para calcular los \u00e1ngulos de un tri\u00e1ngulo rect\u00e1ngulo y ATN lo devuelve para el n\u00famero que especificaste. Sintaxis Atn(N\u00famero) Argumentos [&hellip;]<\/p>\n","protected":false},"author":1,"featured_media":0,"parent":0,"menu_order":0,"comment_status":"open","ping_status":"closed","template":"","meta":{"ub_ctt_via":"","footnotes":""},"class_list":["post-464","page","type-page","status-publish","hentry"],"featured_image_src":null,"yoast_head":"<!-- This site is optimized with the Yoast SEO plugin v25.4 - https:\/\/yoast.com\/wordpress\/plugins\/seo\/ -->\n<title>\u00bfc\u00f3mo utilizar la funci\u00f3n vba atn?<\/title>\n<meta name=\"robots\" content=\"index, follow, max-snippet:-1, max-image-preview:large, max-video-preview:-1\" \/>\n<link rel=\"canonical\" href=\"https:\/\/exceladvisor.org\/es\/atn\/\" \/>\n<meta property=\"og:locale\" content=\"es_ES\" \/>\n<meta property=\"og:type\" content=\"article\" \/>\n<meta property=\"og:title\" content=\"\u00bfc\u00f3mo utilizar la funci\u00f3n vba atn?\" \/>\n<meta property=\"og:description\" content=\"La funci\u00f3n VBA ATN figura en la categor\u00eda matem\u00e1tica de funciones VBA. Cuando lo usa en c\u00f3digo VBA, puede devolver el arcotangente de un n\u00famero que usted proporcione. En t\u00e9rminos simples, el arcotangente se usa para calcular los \u00e1ngulos de un tri\u00e1ngulo rect\u00e1ngulo y ATN lo devuelve para el n\u00famero que especificaste. Sintaxis Atn(N\u00famero) Argumentos [&hellip;]\" \/>\n<meta property=\"og:url\" content=\"https:\/\/exceladvisor.org\/es\/atn\/\" \/>\n<meta property=\"og:site_name\" content=\"Excel Advisor\" \/>\n<meta property=\"article:modified_time\" content=\"2023-12-25T10:30:00+00:00\" \/>\n<meta property=\"og:image\" content=\"https:\/\/exceladvisor.org\/wp-content\/uploads\/2023\/08\/exemple-de-fonction-vba-atn.png\" \/>\n<meta name=\"twitter:card\" content=\"summary_large_image\" \/>\n<meta name=\"twitter:label1\" content=\"Tiempo de lectura\" \/>\n\t<meta name=\"twitter:data1\" content=\"1 minuto\" \/>\n<script type=\"application\/ld+json\" class=\"yoast-schema-graph\">{\"@context\":\"https:\/\/schema.org\",\"@graph\":[{\"@type\":\"WebPage\",\"@id\":\"https:\/\/exceladvisor.org\/es\/atn\/\",\"url\":\"https:\/\/exceladvisor.org\/es\/atn\/\",\"name\":\"\u00bfc\u00f3mo utilizar la funci\u00f3n vba atn?\",\"isPartOf\":{\"@id\":\"https:\/\/exceladvisor.org\/es\/#website\"},\"primaryImageOfPage\":{\"@id\":\"https:\/\/exceladvisor.org\/es\/atn\/#primaryimage\"},\"image\":{\"@id\":\"https:\/\/exceladvisor.org\/es\/atn\/#primaryimage\"},\"thumbnailUrl\":\"https:\/\/exceladvisor.org\/wp-content\/uploads\/2023\/08\/exemple-de-fonction-vba-atn.png\",\"datePublished\":\"2023-10-27T14:59:30+00:00\",\"dateModified\":\"2023-12-25T10:30:00+00:00\",\"breadcrumb\":{\"@id\":\"https:\/\/exceladvisor.org\/es\/atn\/#breadcrumb\"},\"inLanguage\":\"es\",\"potentialAction\":[{\"@type\":\"ReadAction\",\"target\":[\"https:\/\/exceladvisor.org\/es\/atn\/\"]}]},{\"@type\":\"ImageObject\",\"inLanguage\":\"es\",\"@id\":\"https:\/\/exceladvisor.org\/es\/atn\/#primaryimage\",\"url\":\"https:\/\/exceladvisor.org\/wp-content\/uploads\/2023\/08\/exemple-de-fonction-vba-atn.png\",\"contentUrl\":\"https:\/\/exceladvisor.org\/wp-content\/uploads\/2023\/08\/exemple-de-fonction-vba-atn.png\"},{\"@type\":\"BreadcrumbList\",\"@id\":\"https:\/\/exceladvisor.org\/es\/atn\/#breadcrumb\",\"itemListElement\":[{\"@type\":\"ListItem\",\"position\":1,\"name\":\"Hogar\",\"item\":\"https:\/\/exceladvisor.org\/es\/\"},{\"@type\":\"ListItem\",\"position\":2,\"name\":\"\u00bfc\u00f3mo utilizar la funci\u00f3n vba atn?\"}]},{\"@type\":\"WebSite\",\"@id\":\"https:\/\/exceladvisor.org\/es\/#website\",\"url\":\"https:\/\/exceladvisor.org\/es\/\",\"name\":\"Excel Advisor\",\"description\":\"Su gu\u00eda para la dominaci\u00f3n de datos!\",\"publisher\":{\"@id\":\"https:\/\/exceladvisor.org\/es\/#organization\"},\"potentialAction\":[{\"@type\":\"SearchAction\",\"target\":{\"@type\":\"EntryPoint\",\"urlTemplate\":\"https:\/\/exceladvisor.org\/es\/?s={search_term_string}\"},\"query-input\":{\"@type\":\"PropertyValueSpecification\",\"valueRequired\":true,\"valueName\":\"search_term_string\"}}],\"inLanguage\":\"es\"},{\"@type\":\"Organization\",\"@id\":\"https:\/\/exceladvisor.org\/es\/#organization\",\"name\":\"Excel Advisor\",\"url\":\"https:\/\/exceladvisor.org\/es\/\",\"logo\":{\"@type\":\"ImageObject\",\"inLanguage\":\"es\",\"@id\":\"https:\/\/exceladvisor.org\/es\/#\/schema\/logo\/image\/\",\"url\":\"https:\/\/exceladvisor.org\/es\/wp-content\/uploads\/2023\/12\/exceladvisor.org_.png\",\"contentUrl\":\"https:\/\/exceladvisor.org\/es\/wp-content\/uploads\/2023\/12\/exceladvisor.org_.png\",\"width\":105,\"height\":36,\"caption\":\"Excel Advisor\"},\"image\":{\"@id\":\"https:\/\/exceladvisor.org\/es\/#\/schema\/logo\/image\/\"}}]}<\/script>\n<!-- \/ Yoast SEO plugin. -->","yoast_head_json":{"title":"\u00bfc\u00f3mo utilizar la funci\u00f3n vba atn?","robots":{"index":"index","follow":"follow","max-snippet":"max-snippet:-1","max-image-preview":"max-image-preview:large","max-video-preview":"max-video-preview:-1"},"canonical":"https:\/\/exceladvisor.org\/es\/atn\/","og_locale":"es_ES","og_type":"article","og_title":"\u00bfc\u00f3mo utilizar la funci\u00f3n vba atn?","og_description":"La funci\u00f3n VBA ATN figura en la categor\u00eda matem\u00e1tica de funciones VBA. Cuando lo usa en c\u00f3digo VBA, puede devolver el arcotangente de un n\u00famero que usted proporcione. En t\u00e9rminos simples, el arcotangente se usa para calcular los \u00e1ngulos de un tri\u00e1ngulo rect\u00e1ngulo y ATN lo devuelve para el n\u00famero que especificaste. Sintaxis Atn(N\u00famero) Argumentos [&hellip;]","og_url":"https:\/\/exceladvisor.org\/es\/atn\/","og_site_name":"Excel Advisor","article_modified_time":"2023-12-25T10:30:00+00:00","og_image":[{"url":"https:\/\/exceladvisor.org\/wp-content\/uploads\/2023\/08\/exemple-de-fonction-vba-atn.png","type":"","width":"","height":""}],"twitter_card":"summary_large_image","twitter_misc":{"Tiempo de lectura":"1 minuto"},"schema":{"@context":"https:\/\/schema.org","@graph":[{"@type":"WebPage","@id":"https:\/\/exceladvisor.org\/es\/atn\/","url":"https:\/\/exceladvisor.org\/es\/atn\/","name":"\u00bfc\u00f3mo utilizar la funci\u00f3n vba atn?","isPartOf":{"@id":"https:\/\/exceladvisor.org\/es\/#website"},"primaryImageOfPage":{"@id":"https:\/\/exceladvisor.org\/es\/atn\/#primaryimage"},"image":{"@id":"https:\/\/exceladvisor.org\/es\/atn\/#primaryimage"},"thumbnailUrl":"https:\/\/exceladvisor.org\/wp-content\/uploads\/2023\/08\/exemple-de-fonction-vba-atn.png","datePublished":"2023-10-27T14:59:30+00:00","dateModified":"2023-12-25T10:30:00+00:00","breadcrumb":{"@id":"https:\/\/exceladvisor.org\/es\/atn\/#breadcrumb"},"inLanguage":"es","potentialAction":[{"@type":"ReadAction","target":["https:\/\/exceladvisor.org\/es\/atn\/"]}]},{"@type":"ImageObject","inLanguage":"es","@id":"https:\/\/exceladvisor.org\/es\/atn\/#primaryimage","url":"https:\/\/exceladvisor.org\/wp-content\/uploads\/2023\/08\/exemple-de-fonction-vba-atn.png","contentUrl":"https:\/\/exceladvisor.org\/wp-content\/uploads\/2023\/08\/exemple-de-fonction-vba-atn.png"},{"@type":"BreadcrumbList","@id":"https:\/\/exceladvisor.org\/es\/atn\/#breadcrumb","itemListElement":[{"@type":"ListItem","position":1,"name":"Hogar","item":"https:\/\/exceladvisor.org\/es\/"},{"@type":"ListItem","position":2,"name":"\u00bfc\u00f3mo utilizar la funci\u00f3n vba atn?"}]},{"@type":"WebSite","@id":"https:\/\/exceladvisor.org\/es\/#website","url":"https:\/\/exceladvisor.org\/es\/","name":"Excel Advisor","description":"Su gu\u00eda para la dominaci\u00f3n de datos!","publisher":{"@id":"https:\/\/exceladvisor.org\/es\/#organization"},"potentialAction":[{"@type":"SearchAction","target":{"@type":"EntryPoint","urlTemplate":"https:\/\/exceladvisor.org\/es\/?s={search_term_string}"},"query-input":{"@type":"PropertyValueSpecification","valueRequired":true,"valueName":"search_term_string"}}],"inLanguage":"es"},{"@type":"Organization","@id":"https:\/\/exceladvisor.org\/es\/#organization","name":"Excel Advisor","url":"https:\/\/exceladvisor.org\/es\/","logo":{"@type":"ImageObject","inLanguage":"es","@id":"https:\/\/exceladvisor.org\/es\/#\/schema\/logo\/image\/","url":"https:\/\/exceladvisor.org\/es\/wp-content\/uploads\/2023\/12\/exceladvisor.org_.png","contentUrl":"https:\/\/exceladvisor.org\/es\/wp-content\/uploads\/2023\/12\/exceladvisor.org_.png","width":105,"height":36,"caption":"Excel Advisor"},"image":{"@id":"https:\/\/exceladvisor.org\/es\/#\/schema\/logo\/image\/"}}]}},"yoast_meta":{"yoast_wpseo_title":"","yoast_wpseo_metadesc":"","yoast_wpseo_canonical":""},"_links":{"self":[{"href":"https:\/\/exceladvisor.org\/es\/wp-json\/wp\/v2\/pages\/464","targetHints":{"allow":["GET"]}}],"collection":[{"href":"https:\/\/exceladvisor.org\/es\/wp-json\/wp\/v2\/pages"}],"about":[{"href":"https:\/\/exceladvisor.org\/es\/wp-json\/wp\/v2\/types\/page"}],"author":[{"embeddable":true,"href":"https:\/\/exceladvisor.org\/es\/wp-json\/wp\/v2\/users\/1"}],"replies":[{"embeddable":true,"href":"https:\/\/exceladvisor.org\/es\/wp-json\/wp\/v2\/comments?post=464"}],"version-history":[{"count":1,"href":"https:\/\/exceladvisor.org\/es\/wp-json\/wp\/v2\/pages\/464\/revisions"}],"predecessor-version":[{"id":1215,"href":"https:\/\/exceladvisor.org\/es\/wp-json\/wp\/v2\/pages\/464\/revisions\/1215"}],"wp:attachment":[{"href":"https:\/\/exceladvisor.org\/es\/wp-json\/wp\/v2\/media?parent=464"}],"curies":[{"name":"wp","href":"https:\/\/api.w.org\/{rel}","templated":true}]}}