{"id":47,"date":"2023-11-18T02:27:00","date_gmt":"2023-11-18T02:27:00","guid":{"rendered":"https:\/\/exceladvisor.org\/es\/contar-lineas-2\/"},"modified":"2023-12-25T10:24:40","modified_gmt":"2023-12-25T10:24:40","slug":"contar-lineas-2","status":"publish","type":"page","link":"https:\/\/exceladvisor.org\/es\/contar-lineas-2\/","title":{"rendered":"\u00bfc\u00f3mo contar filas en excel?"},"content":{"rendered":"<div class=\"excel-antes-del-contenido\" id=\"excel-3069135356\"><script type=\"text\/javascript\">\r\n\tatOptions = {\r\n\t\t'key' : 'c1158f160081d6540a8409e6925dab94',\r\n\t\t'format' : 'iframe',\r\n\t\t'height' : 250,\r\n\t\t'width' : 300,\r\n\t\t'params' : {}\r\n\t};\r\n<\/script>\r\n<script type=\"text\/javascript\" src=\"\/\/www.highperformanceformat.com\/c1158f160081d6540a8409e6925dab94\/invoke.js\"><\/script><\/div><p>Hay varias formas de contar filas en Excel. Pero si desea contar filas independientemente de si los datos est\u00e1n en celdas, puede usar la funci\u00f3n FILAS. <\/p>\n<div class=\"wp-block-image\">\n<figure class=\"aligncenter size-full is-resized\"><img loading=\"lazy\" decoding=\"async\" class=\"wp-image-83632\" src=\"https:\/\/exceladvisor.org\/wp-content\/uploads\/2023\/08\/1-nombre-de-rangees.png\" sizes=\"auto, \" srcset=\"\" alt=\"contar las filas\" width=\"431\" height=\"392\"><\/figure>\n<\/div>\n<ol type=\"1\">\n<li> Ingrese la funci\u00f3n \u201cFILAS\u201d en una celda.<\/li>\n<li> Escriba los par\u00e9ntesis iniciales.<\/li>\n<li> Consulte el rango de celdas.<\/li>\n<li> Escriba los par\u00e9ntesis de cierre.<\/li>\n<li> Presione Enter para obtener el resultado. <\/li>\n<\/ol>\n<div class=\"wp-block-image\">\n<figure class=\"aligncenter size-full is-resized\"><img loading=\"lazy\" decoding=\"async\" class=\"wp-image-83633\" src=\"https:\/\/exceladvisor.org\/wp-content\/uploads\/2023\/08\/Fonction-2-lignes-pour-compter-les-lignes.png\" sizes=\"auto, \" srcset=\"\" alt=\"funciones-de-fila-para-contar-filas\" width=\"443\" height=\"423\"><\/figure>\n<\/div>\n<h2 class=\"wp-block-heading\"> Contar filas con celda no vac\u00eda<\/h2>\n<p> Y si desea contar filas para celdas con un valor, puede usar la funci\u00f3n de conteo. <\/p>\n<div class=\"wp-block-image\">\n<figure class=\"aligncenter size-full is-resized\"><img loading=\"lazy\" decoding=\"async\" class=\"wp-image-83634\" src=\"https:\/\/exceladvisor.org\/wp-content\/uploads\/2023\/08\/3-lignes-de-comptage-avec-des-cellules-non-vides.png\" sizes=\"auto, \" srcset=\"\" alt=\"contar filas con celdas que no est\u00e1n en blanco\" width=\"459\" height=\"439\"><\/figure>\n<\/div>\n<pre class=\"wp-block-code\"> <code class=\"language-excel-formula\" lang=\"excel-formula\">=COUNTA(A1:A10)<\/code><\/pre>\n<p> Cuando presiona Enter despu\u00e9s de hacer referencia al rango, devuelve 5, el n\u00famero total de filas en los datos. <\/p>\n<div class=\"wp-block-image\">\n<figure class=\"aligncenter size-full is-resized\"><img loading=\"lazy\" decoding=\"async\" class=\"wp-image-83635\" src=\"https:\/\/exceladvisor.org\/wp-content\/uploads\/2023\/08\/4-counta-pour-compter-les-lignes-non-vides.png\" sizes=\"auto, \" srcset=\"\" alt=\"contar para contar filas que no est\u00e1n en blanco\" width=\"465\" height=\"423\"><\/figure>\n<\/div>\n<h2 class=\"wp-block-heading\"> Contar filas con celdas vac\u00edas<\/h2>\n<p> De la misma manera, tambi\u00e9n puedes contar las filas con la celda que no tienen datos, lo que significa celdas vac\u00edas. <\/p>\n<div class=\"wp-block-image\">\n<figure class=\"aligncenter size-full is-resized\"><img loading=\"lazy\" decoding=\"async\" class=\"wp-image-83636\" src=\"https:\/\/exceladvisor.org\/wp-content\/uploads\/2023\/08\/5-lignes-de-comptage-avec-des-cellules-vides.png\" sizes=\"auto, \" srcset=\"\" alt=\"contar-filas-con-celdas-vac\u00edas\" width=\"488\" height=\"445\"><\/figure>\n<\/div>\n<p> Una vez que presionas Enter, devuelve 5, el n\u00famero exacto de filas con celdas vac\u00edas. <\/p>\n<div class=\"wp-block-image\">\n<figure class=\"aligncenter size-full is-resized\"><img loading=\"lazy\" decoding=\"async\" class=\"wp-image-83637\" src=\"https:\/\/exceladvisor.org\/wp-content\/uploads\/2023\/08\/6-lignes-avec-des-cellules-vides.png\" sizes=\"auto, \" srcset=\"\" alt=\"l\u00edneas con celdas vac\u00edas\" width=\"496\" height=\"474\"><\/figure>\n<\/div>\n<h2 class=\"wp-block-heading\"> contar l\u00edneas con n\u00fameros<\/h2>\n<p> La funci\u00f3n CONTAR debe usarse para contar filas con n\u00fameros. <\/p>\n<div class=\"wp-block-image\">\n<figure class=\"aligncenter size-full is-resized\"><img loading=\"lazy\" decoding=\"async\" class=\"wp-image-83638\" src=\"https:\/\/exceladvisor.org\/wp-content\/uploads\/2023\/08\/7-lignes-de-comptage-avec-des-chiffres.png\" sizes=\"auto, \" srcset=\"\" alt=\"contar l\u00edneas con n\u00fameros\" width=\"422\" height=\"474\"><\/figure>\n<\/div>\n<p> En el momento en que presionas enter, devuelve 3 en el resultado. Como puede ver, tenemos 5 celdas vac\u00edas y 5 filas no vac\u00edas. Pero en las filas no vac\u00edas (con valor), solo tenemos tres celdas con los n\u00fameros, y por eso el resultado es 3. <\/p>\n<div class=\"wp-block-image\">\n<figure class=\"aligncenter size-full is-resized\"><img loading=\"lazy\" decoding=\"async\" class=\"wp-image-83639\" src=\"https:\/\/exceladvisor.org\/wp-content\/uploads\/2023\/08\/8-lignes-avec-des-chiffres-uniquement.png\" sizes=\"auto, \" srcset=\"\" alt=\"l\u00edneas solo con n\u00fameros\" width=\"447\" height=\"406\"><\/figure>\n<\/div>\n<div class=\"gb-container gb-container-52dfcee1 gb-container-sample-file\">\n<h2 class=\"gb-headline gb-headline-e289c143 gb-headline-text gb-headline-4f7959c2\"> Obtener el archivo Excel<\/h2>\n<p> <a class=\"gb-button gb-button-e88d6bee gb-button-text gb-button-button1\" href=\"https:\/\/exceladvisor.org\/es\/a\/\" rel=\"nofollow\">Descargar<\/a><\/div>\n<div class=\"gb-container gb-container-0df56012 gb-container-mt\"> <a class=\"gb-button gb-button-f9f432f4 gb-button-text gb-button-mt-button\" href=\"https:\/\/exceladvisor.org\/es\/formulas\/\">Lista de f\u00f3rmulas de Excel<\/a><\/p>\n<h2 class=\"gb-headline gb-headline-233444e8 gb-headline-text gb-headline-mt-heading\"> F\u00f3rmulas relacionadas <\/h2>\n<div class=\"gb-grid-wrapper gb-grid-wrapper-a16fa65c gb-grid-wrapper-mt-grid\">\n<div class=\"gb-grid-column gb-grid-column-50d07e0d\">\n<div class=\"gb-container gb-container-50d07e0d\">\n<ul>\n<li> <a href=\"https:\/\/exceladvisor.org\/es\/contar-celdas-con-texto\/\">Contar celdas con texto en Excel<\/a><\/li>\n<li> <a href=\"https:\/\/exceladvisor.org\/es\/contar-caracteres-especificos\/\">Contar caracteres espec\u00edficos en Excel<\/a><\/li>\n<li> <a href=\"https:\/\/exceladvisor.org\/es\/contar-el-numero-total-de-celulas\/\">Cuente el n\u00famero total de celdas en un rango en Excel<\/a><\/li>\n<li> <a href=\"https:\/\/exceladvisor.org\/es\/contar-valores-unicos-1\/\">Contar valores \u00fanicos en Excel<\/a><\/li>\n<li> <a href=\"https:\/\/exceladvisor.org\/es\/contar-contra-contar\/\">CONTAR Vs. CONTARA<\/a> <\/li>\n<\/ul>\n<\/div>\n<\/div>\n<div class=\"gb-grid-column gb-grid-column-5b4a0cf9\">\n<div class=\"gb-container gb-container-5b4a0cf9\"><\/div>\n<\/div>\n<\/div>\n<\/div>\n","protected":false},"excerpt":{"rendered":"<p>Hay varias formas de contar filas en Excel. Pero si desea contar filas independientemente de si los datos est\u00e1n en celdas, puede usar la funci\u00f3n FILAS. Ingrese la funci\u00f3n \u201cFILAS\u201d en una celda. Escriba los par\u00e9ntesis iniciales. Consulte el rango de celdas. Escriba los par\u00e9ntesis de cierre. Presione Enter para obtener el resultado. Contar filas [&hellip;]<\/p>\n","protected":false},"author":1,"featured_media":0,"parent":0,"menu_order":0,"comment_status":"open","ping_status":"closed","template":"","meta":{"ub_ctt_via":"","footnotes":""},"class_list":["post-47","page","type-page","status-publish","hentry"],"featured_image_src":null,"yoast_head":"<!-- This site is optimized with the Yoast SEO plugin v25.4 - https:\/\/yoast.com\/wordpress\/plugins\/seo\/ -->\n<title>\u00bfc\u00f3mo contar filas en excel?<\/title>\n<meta name=\"robots\" content=\"index, follow, max-snippet:-1, max-image-preview:large, max-video-preview:-1\" \/>\n<link rel=\"canonical\" href=\"https:\/\/exceladvisor.org\/es\/contar-lineas-2\/\" \/>\n<meta property=\"og:locale\" content=\"es_ES\" \/>\n<meta property=\"og:type\" content=\"article\" \/>\n<meta property=\"og:title\" content=\"\u00bfc\u00f3mo contar filas en excel?\" \/>\n<meta property=\"og:description\" content=\"Hay varias formas de contar filas en Excel. Pero si desea contar filas independientemente de si los datos est\u00e1n en celdas, puede usar la funci\u00f3n FILAS. Ingrese la funci\u00f3n \u201cFILAS\u201d en una celda. Escriba los par\u00e9ntesis iniciales. Consulte el rango de celdas. Escriba los par\u00e9ntesis de cierre. Presione Enter para obtener el resultado. Contar filas [&hellip;]\" \/>\n<meta property=\"og:url\" content=\"https:\/\/exceladvisor.org\/es\/contar-lineas-2\/\" \/>\n<meta property=\"og:site_name\" content=\"Excel Advisor\" \/>\n<meta property=\"article:modified_time\" content=\"2023-12-25T10:24:40+00:00\" \/>\n<meta property=\"og:image\" content=\"https:\/\/exceladvisor.org\/wp-content\/uploads\/2023\/08\/1-nombre-de-rangees.png\" \/>\n<meta name=\"twitter:card\" content=\"summary_large_image\" \/>\n<meta name=\"twitter:label1\" content=\"Tiempo de lectura\" \/>\n\t<meta name=\"twitter:data1\" content=\"1 minuto\" \/>\n<script type=\"application\/ld+json\" class=\"yoast-schema-graph\">{\"@context\":\"https:\/\/schema.org\",\"@graph\":[{\"@type\":\"WebPage\",\"@id\":\"https:\/\/exceladvisor.org\/es\/contar-lineas-2\/\",\"url\":\"https:\/\/exceladvisor.org\/es\/contar-lineas-2\/\",\"name\":\"\u00bfc\u00f3mo contar filas en excel?\",\"isPartOf\":{\"@id\":\"https:\/\/exceladvisor.org\/es\/#website\"},\"primaryImageOfPage\":{\"@id\":\"https:\/\/exceladvisor.org\/es\/contar-lineas-2\/#primaryimage\"},\"image\":{\"@id\":\"https:\/\/exceladvisor.org\/es\/contar-lineas-2\/#primaryimage\"},\"thumbnailUrl\":\"https:\/\/exceladvisor.org\/wp-content\/uploads\/2023\/08\/1-nombre-de-rangees.png\",\"datePublished\":\"2023-11-18T02:27:00+00:00\",\"dateModified\":\"2023-12-25T10:24:40+00:00\",\"breadcrumb\":{\"@id\":\"https:\/\/exceladvisor.org\/es\/contar-lineas-2\/#breadcrumb\"},\"inLanguage\":\"es\",\"potentialAction\":[{\"@type\":\"ReadAction\",\"target\":[\"https:\/\/exceladvisor.org\/es\/contar-lineas-2\/\"]}]},{\"@type\":\"ImageObject\",\"inLanguage\":\"es\",\"@id\":\"https:\/\/exceladvisor.org\/es\/contar-lineas-2\/#primaryimage\",\"url\":\"https:\/\/exceladvisor.org\/wp-content\/uploads\/2023\/08\/1-nombre-de-rangees.png\",\"contentUrl\":\"https:\/\/exceladvisor.org\/wp-content\/uploads\/2023\/08\/1-nombre-de-rangees.png\"},{\"@type\":\"BreadcrumbList\",\"@id\":\"https:\/\/exceladvisor.org\/es\/contar-lineas-2\/#breadcrumb\",\"itemListElement\":[{\"@type\":\"ListItem\",\"position\":1,\"name\":\"Hogar\",\"item\":\"https:\/\/exceladvisor.org\/es\/\"},{\"@type\":\"ListItem\",\"position\":2,\"name\":\"\u00bfc\u00f3mo contar filas en excel?\"}]},{\"@type\":\"WebSite\",\"@id\":\"https:\/\/exceladvisor.org\/es\/#website\",\"url\":\"https:\/\/exceladvisor.org\/es\/\",\"name\":\"Excel Advisor\",\"description\":\"Su gu\u00eda para la dominaci\u00f3n de datos!\",\"publisher\":{\"@id\":\"https:\/\/exceladvisor.org\/es\/#organization\"},\"potentialAction\":[{\"@type\":\"SearchAction\",\"target\":{\"@type\":\"EntryPoint\",\"urlTemplate\":\"https:\/\/exceladvisor.org\/es\/?s={search_term_string}\"},\"query-input\":{\"@type\":\"PropertyValueSpecification\",\"valueRequired\":true,\"valueName\":\"search_term_string\"}}],\"inLanguage\":\"es\"},{\"@type\":\"Organization\",\"@id\":\"https:\/\/exceladvisor.org\/es\/#organization\",\"name\":\"Excel Advisor\",\"url\":\"https:\/\/exceladvisor.org\/es\/\",\"logo\":{\"@type\":\"ImageObject\",\"inLanguage\":\"es\",\"@id\":\"https:\/\/exceladvisor.org\/es\/#\/schema\/logo\/image\/\",\"url\":\"https:\/\/exceladvisor.org\/es\/wp-content\/uploads\/2023\/12\/exceladvisor.org_.png\",\"contentUrl\":\"https:\/\/exceladvisor.org\/es\/wp-content\/uploads\/2023\/12\/exceladvisor.org_.png\",\"width\":105,\"height\":36,\"caption\":\"Excel Advisor\"},\"image\":{\"@id\":\"https:\/\/exceladvisor.org\/es\/#\/schema\/logo\/image\/\"}}]}<\/script>\n<!-- \/ Yoast SEO plugin. -->","yoast_head_json":{"title":"\u00bfc\u00f3mo contar filas en excel?","robots":{"index":"index","follow":"follow","max-snippet":"max-snippet:-1","max-image-preview":"max-image-preview:large","max-video-preview":"max-video-preview:-1"},"canonical":"https:\/\/exceladvisor.org\/es\/contar-lineas-2\/","og_locale":"es_ES","og_type":"article","og_title":"\u00bfc\u00f3mo contar filas en excel?","og_description":"Hay varias formas de contar filas en Excel. Pero si desea contar filas independientemente de si los datos est\u00e1n en celdas, puede usar la funci\u00f3n FILAS. Ingrese la funci\u00f3n \u201cFILAS\u201d en una celda. Escriba los par\u00e9ntesis iniciales. Consulte el rango de celdas. Escriba los par\u00e9ntesis de cierre. Presione Enter para obtener el resultado. Contar filas [&hellip;]","og_url":"https:\/\/exceladvisor.org\/es\/contar-lineas-2\/","og_site_name":"Excel Advisor","article_modified_time":"2023-12-25T10:24:40+00:00","og_image":[{"url":"https:\/\/exceladvisor.org\/wp-content\/uploads\/2023\/08\/1-nombre-de-rangees.png","type":"","width":"","height":""}],"twitter_card":"summary_large_image","twitter_misc":{"Tiempo de lectura":"1 minuto"},"schema":{"@context":"https:\/\/schema.org","@graph":[{"@type":"WebPage","@id":"https:\/\/exceladvisor.org\/es\/contar-lineas-2\/","url":"https:\/\/exceladvisor.org\/es\/contar-lineas-2\/","name":"\u00bfc\u00f3mo contar filas en excel?","isPartOf":{"@id":"https:\/\/exceladvisor.org\/es\/#website"},"primaryImageOfPage":{"@id":"https:\/\/exceladvisor.org\/es\/contar-lineas-2\/#primaryimage"},"image":{"@id":"https:\/\/exceladvisor.org\/es\/contar-lineas-2\/#primaryimage"},"thumbnailUrl":"https:\/\/exceladvisor.org\/wp-content\/uploads\/2023\/08\/1-nombre-de-rangees.png","datePublished":"2023-11-18T02:27:00+00:00","dateModified":"2023-12-25T10:24:40+00:00","breadcrumb":{"@id":"https:\/\/exceladvisor.org\/es\/contar-lineas-2\/#breadcrumb"},"inLanguage":"es","potentialAction":[{"@type":"ReadAction","target":["https:\/\/exceladvisor.org\/es\/contar-lineas-2\/"]}]},{"@type":"ImageObject","inLanguage":"es","@id":"https:\/\/exceladvisor.org\/es\/contar-lineas-2\/#primaryimage","url":"https:\/\/exceladvisor.org\/wp-content\/uploads\/2023\/08\/1-nombre-de-rangees.png","contentUrl":"https:\/\/exceladvisor.org\/wp-content\/uploads\/2023\/08\/1-nombre-de-rangees.png"},{"@type":"BreadcrumbList","@id":"https:\/\/exceladvisor.org\/es\/contar-lineas-2\/#breadcrumb","itemListElement":[{"@type":"ListItem","position":1,"name":"Hogar","item":"https:\/\/exceladvisor.org\/es\/"},{"@type":"ListItem","position":2,"name":"\u00bfc\u00f3mo contar filas en excel?"}]},{"@type":"WebSite","@id":"https:\/\/exceladvisor.org\/es\/#website","url":"https:\/\/exceladvisor.org\/es\/","name":"Excel Advisor","description":"Su gu\u00eda para la dominaci\u00f3n de datos!","publisher":{"@id":"https:\/\/exceladvisor.org\/es\/#organization"},"potentialAction":[{"@type":"SearchAction","target":{"@type":"EntryPoint","urlTemplate":"https:\/\/exceladvisor.org\/es\/?s={search_term_string}"},"query-input":{"@type":"PropertyValueSpecification","valueRequired":true,"valueName":"search_term_string"}}],"inLanguage":"es"},{"@type":"Organization","@id":"https:\/\/exceladvisor.org\/es\/#organization","name":"Excel Advisor","url":"https:\/\/exceladvisor.org\/es\/","logo":{"@type":"ImageObject","inLanguage":"es","@id":"https:\/\/exceladvisor.org\/es\/#\/schema\/logo\/image\/","url":"https:\/\/exceladvisor.org\/es\/wp-content\/uploads\/2023\/12\/exceladvisor.org_.png","contentUrl":"https:\/\/exceladvisor.org\/es\/wp-content\/uploads\/2023\/12\/exceladvisor.org_.png","width":105,"height":36,"caption":"Excel Advisor"},"image":{"@id":"https:\/\/exceladvisor.org\/es\/#\/schema\/logo\/image\/"}}]}},"yoast_meta":{"yoast_wpseo_title":"","yoast_wpseo_metadesc":"","yoast_wpseo_canonical":""},"_links":{"self":[{"href":"https:\/\/exceladvisor.org\/es\/wp-json\/wp\/v2\/pages\/47","targetHints":{"allow":["GET"]}}],"collection":[{"href":"https:\/\/exceladvisor.org\/es\/wp-json\/wp\/v2\/pages"}],"about":[{"href":"https:\/\/exceladvisor.org\/es\/wp-json\/wp\/v2\/types\/page"}],"author":[{"embeddable":true,"href":"https:\/\/exceladvisor.org\/es\/wp-json\/wp\/v2\/users\/1"}],"replies":[{"embeddable":true,"href":"https:\/\/exceladvisor.org\/es\/wp-json\/wp\/v2\/comments?post=47"}],"version-history":[{"count":1,"href":"https:\/\/exceladvisor.org\/es\/wp-json\/wp\/v2\/pages\/47\/revisions"}],"predecessor-version":[{"id":945,"href":"https:\/\/exceladvisor.org\/es\/wp-json\/wp\/v2\/pages\/47\/revisions\/945"}],"wp:attachment":[{"href":"https:\/\/exceladvisor.org\/es\/wp-json\/wp\/v2\/media?parent=47"}],"curies":[{"name":"wp","href":"https:\/\/api.w.org\/{rel}","templated":true}]}}