{"id":470,"date":"2023-10-27T00:49:48","date_gmt":"2023-10-27T00:49:48","guid":{"rendered":"https:\/\/exceladvisor.org\/es\/bloquear-celdas-1\/"},"modified":"2023-12-25T10:23:36","modified_gmt":"2023-12-25T10:23:36","slug":"bloquear-celdas-1","status":"publish","type":"page","link":"https:\/\/exceladvisor.org\/es\/bloquear-celdas-1\/","title":{"rendered":"\u00bfc\u00f3mo bloquear celdas en excel?"},"content":{"rendered":"<div class=\"excel-antes-del-contenido\" id=\"excel-3959085041\"><script type=\"text\/javascript\">\r\n\tatOptions = {\r\n\t\t'key' : 'c1158f160081d6540a8409e6925dab94',\r\n\t\t'format' : 'iframe',\r\n\t\t'height' : 250,\r\n\t\t'width' : 300,\r\n\t\t'params' : {}\r\n\t};\r\n<\/script>\r\n<script type=\"text\/javascript\" src=\"\/\/www.highperformanceformat.com\/c1158f160081d6540a8409e6925dab94\/invoke.js\"><\/script><\/div><p>El bloqueo de celdas es una caracter\u00edstica de Excel para evitar que cualquier usuario edite, modifique o elimine los datos de las celdas.<\/p>\n<p> En Excel, los usuarios pueden bloquear todas las celdas con la hoja de trabajo espec\u00edfica para proteger todas las celdas de la hoja de trabajo o bloquear solo celdas espec\u00edficas de la hoja de trabajo para proteger solo esas celdas espec\u00edficas de la edici\u00f3n.<\/p>\n<p> En este tutorial hemos explicado c\u00f3mo bloquear todas las celdas, celdas espec\u00edficas y celdas con f\u00f3rmulas y desbloquearlas.<\/p>\n<h2 id=\"h-steps-to-lock-all-cells-in-excel\" class=\"wp-block-heading\"> Pasos para bloquear todas las celdas en Excel<\/h2>\n<p> En Excel, todas las celdas est\u00e1n bloqueadas de forma predeterminada, pero cualquiera puede editar las celdas hasta que <a href=\"https:\/\/exceladvisor.org\/es\/proteger-la-hoja\/\">protejamos la hoja de c\u00e1lculo<\/a> . Para habilitar la funci\u00f3n de bloqueo de celdas, es necesario proteger la hoja y, una vez que la hoja est\u00e9 protegida, todas las celdas quedar\u00e1n bloqueadas y no ser\u00e1n editables.<\/p>\n<p> Para que todas las funciones de celdas bloqueadas sean efectivas, siga los pasos a continuaci\u00f3n:<\/p>\n<ol>\n<li> Primero, seleccione todas las celdas usando el atajo \u00abCtrl + A\u00bb o haciendo clic en el tri\u00e1ngulo en la parte superior izquierda de la barra del encabezado de la columna. <br \/><img loading=\"lazy\" decoding=\"async\" title=\"1-seleccionar todas las celdas\" src=\"https:\/\/exceladvisor.org\/wp-content\/uploads\/2023\/08\/1-selectionner-toutes-les-cellules.png\" sizes=\"auto, \" srcset=\"\" alt=\"select-all-cells\" width=\"746\" height=\"262\"><\/li>\n<li> Despu\u00e9s de eso, haga clic derecho y seleccione la opci\u00f3n \u00abFormato de celdas\u00bb o haga clic en la flecha en el grupo \u00abAlineaci\u00f3n\u00bb para abrir el cuadro de di\u00e1logo \u00abFormato de celdas\u00bb. <br \/><img loading=\"lazy\" decoding=\"async\" title=\"Opci\u00f3n de formato abierto de 2 celdas\" src=\"https:\/\/exceladvisor.org\/wp-content\/uploads\/2023\/08\/Option-2-cellules-de-format-ouvert.png\" sizes=\"auto, \" srcset=\"\" alt=\"open-format-cells-option\" width=\"713\" height=\"499\"><\/li>\n<li> Aqu\u00ed, haga clic en la pesta\u00f1a \u00abProtecci\u00f3n\u00bb y vea si la opci\u00f3n \u00abBloqueado\u00bb est\u00e1 seleccionada o no; de lo contrario, seleccione la opci\u00f3n \u00abBloqueado\u00bb y haga clic en Aceptar. <br \/><img loading=\"lazy\" decoding=\"async\" title=\"3-seleccionar-opci\u00f3n-bloqueada\" src=\"https:\/\/exceladvisor.org\/wp-content\/uploads\/2023\/08\/3-selectionnez-loption-verrouillee.png\" sizes=\"auto, \" srcset=\"\" alt=\"select-locked-option\" width=\"705\" height=\"365\"><\/li>\n<li> Ahora vaya a la pesta\u00f1a \u00abRevisar\u00bb y haga clic en \u00abProteger hoja\u00bb, luego proporcione la contrase\u00f1a y otros permisos que desee otorgar a los usuarios, luego haga clic en Aceptar. <br \/><img loading=\"lazy\" decoding=\"async\" title=\"4-icono-de-hoja-de-protecci\u00f3n\" src=\"https:\/\/exceladvisor.org\/wp-content\/uploads\/2023\/08\/4-proteger-licone-de-la-feuille.png\" sizes=\"auto, \" srcset=\"\" alt=\"protect-sheet-icon\" width=\"863\" height=\"534\"><\/li>\n<li> Al final, ingrese la contrase\u00f1a nuevamente y la funci\u00f3n de bloquear todas las celdas entrar\u00e1 en vigencia. Ahora nadie podr\u00e1 editar una celda a menos que la hoja est\u00e9 desprotegida. <br \/><img loading=\"lazy\" decoding=\"async\" title=\"5-vuelve a ingresar la contrase\u00f1a\" src=\"https:\/\/exceladvisor.org\/wp-content\/uploads\/2023\/08\/5-re-entrer-le-mot-de-passe.png\" sizes=\"auto, \" srcset=\"\" alt=\"re-enter-password\" width=\"353\" height=\"197\"><\/li>\n<\/ol>\n<h2 id=\"h-lock-specific-cells-in-excel\" class=\"wp-block-heading\"> Bloquear celdas espec\u00edficas en Excel<\/h2>\n<ol>\n<li> Primero, seleccione todas las celdas usando \u00abCtrl + A\u00bb o haciendo clic en el tri\u00e1ngulo en la parte superior izquierda de la barra del encabezado de la columna.<\/li>\n<li> Despu\u00e9s de eso, haga clic derecho y seleccione la opci\u00f3n \u00abFormato de celdas\u00bb o haga clic en la flecha en el grupo \u00abAlineaci\u00f3n\u00bb para abrir el cuadro de di\u00e1logo \u00abFormato de celdas\u00bb. <br \/><img loading=\"lazy\" decoding=\"async\" title=\"Solo 6 celdas espec\u00edficas para cerraduras\" src=\"https:\/\/exceladvisor.org\/wp-content\/uploads\/2023\/08\/6-verrouiller-des-cellules-specifiques-uniquement.png\" sizes=\"auto, \" srcset=\"\" alt=\"lock-specific-cells-only\" width=\"680\" height=\"476\"><\/li>\n<li> Aqu\u00ed, haga clic en la pesta\u00f1a \u00abProtecci\u00f3n\u00bb y aseg\u00farese de anular la selecci\u00f3n de la opci\u00f3n \u00abBloqueado\u00bb para desbloquear las celdas bloqueadas de forma predeterminada y haga clic en Aceptar. <br \/><img loading=\"lazy\" decoding=\"async\" title=\"7-deseleccionar-opci\u00f3n-bloqueada\" src=\"https:\/\/exceladvisor.org\/wp-content\/uploads\/2023\/08\/7-deselectionnez-loption-verrouillee.png\" sizes=\"auto, \" srcset=\"\" alt=\"un-select-locked-option\" width=\"541\" height=\"311\"><\/li>\n<li> Ahora, seleccione solo las celdas o el rango de celdas que desea bloquear y abra el cuadro de di\u00e1logo \u00abFormato de celdas\u00bb. <br \/><img loading=\"lazy\" decoding=\"async\" title=\"8 rangos para bloquear\" src=\"https:\/\/exceladvisor.org\/wp-content\/uploads\/2023\/08\/8-plages-a-verrouiller.png\" sizes=\"auto, \" srcset=\"\" alt=\"range-to-be-locked\" width=\"684\" height=\"203\"><\/li>\n<li> En el cuadro de di\u00e1logo \u00abFormato de celdas\u00bb, vaya a la pesta\u00f1a \u00abProtecci\u00f3n\u00bb y seleccione la opci\u00f3n \u00abBloqueado\u00bb para que esta vez solo se bloqueen las celdas seleccionadas. <br \/><img loading=\"lazy\" decoding=\"async\" title=\"Opci\u00f3n de bloqueo de 9 pasos\" src=\"https:\/\/exceladvisor.org\/wp-content\/uploads\/2023\/08\/9-option-verrouillee-par-une-coche.png\" sizes=\"auto, \" srcset=\"\" alt=\"tickmark-locked-option\" width=\"619\" height=\"395\"><\/li>\n<li> En este punto, vaya a la pesta\u00f1a \u00abRevisar\u00bb y haga clic en el icono \u00abProteger hoja\u00bb, luego proporcione la contrase\u00f1a y otros permisos que desee otorgar a los usuarios, luego haga clic en Aceptar. <br \/><img loading=\"lazy\" decoding=\"async\" title=\"10-ingresa-contrase\u00f1a-para-proteger-la-hoja\" src=\"https:\/\/exceladvisor.org\/wp-content\/uploads\/2023\/08\/10-entrez-le-mot-de-passe-pour-proteger-la-feuille.png\" sizes=\"auto, \" srcset=\"\" alt=\"enter-password-to-protect-sheet\" width=\"805\" height=\"499\"><\/li>\n<li> Al final, vuelva a ingresar la contrase\u00f1a y esta vez solo las celdas seleccionadas se bloquear\u00e1n y ahora los usuarios solo pueden editar celdas que no sean las celdas de bloqueo seleccionadas. <br \/><img loading=\"lazy\" decoding=\"async\" title=\"11-ingresar-contrase\u00f1a-otra vez\" src=\"https:\/\/exceladvisor.org\/wp-content\/uploads\/2023\/08\/11-saisir-a-nouveau-le-mot-de-passe.png\" sizes=\"auto, \" srcset=\"\" alt=\"enter-password-again\" width=\"351\" height=\"196\"><\/li>\n<\/ol>\n<h2 id=\"h-shortcut-to-lock-specific-cells-in-excel\" class=\"wp-block-heading\"> Acceso directo para bloquear celdas espec\u00edficas en Excel<\/h2>\n<p> No existe un atajo de teclado directo para bloquear celdas, pero puede usar una combinaci\u00f3n de dos atajos para bloquear celdas, como se muestra a continuaci\u00f3n:<\/p>\n<ol>\n<li> Primero, seleccione la hoja completa usando el m\u00e9todo abreviado de teclado \u00abCtrl + A\u00bb.<\/li>\n<li> Despu\u00e9s de eso, presione las teclas \u00abCtrl+1\u00bb para <a href=\"https:\/\/exceladvisor.org\/es\/opciones-de-celda-de-formato-abierto\/\" target=\"_blank\" rel=\"noopener\">abrir el cuadro de di\u00e1logo \u00abFormato de celdas\u00bb<\/a> .<\/li>\n<li> Ingrese la tecla \u00abP\u00bb para navegar a la pesta\u00f1a \u00abProtecci\u00f3n\u00bb, luego presione las teclas \u00abTab + Barra espaciadora\u00bb simult\u00e1neamente para anular la selecci\u00f3n de la opci\u00f3n \u00abBloqueado\u00bb y presione \u00abEntrar\u00bb. <br \/><img loading=\"lazy\" decoding=\"async\" title=\"Opci\u00f3n 12: desmarcar y bloquear\" src=\"https:\/\/exceladvisor.org\/wp-content\/uploads\/2023\/08\/12-decochez-loption-verrouillee.png\" sizes=\"auto, \" srcset=\"\" alt=\"untick-locked-option\" width=\"529\" height=\"304\"><\/li>\n<li> Ahora seleccione las celdas o el rango de celdas que solo desea bloquear.<\/li>\n<li> Nuevamente, presione las teclas \u00abCtrl+1\u00bb y se abrir\u00e1 el cuadro de di\u00e1logo \u00abFormato de celdas\u00bb.<\/li>\n<li> Ingrese la tecla \u00abP\u00bb para ir a la pesta\u00f1a \u00abProtecci\u00f3n\u00bb, luego presione la tecla \u00abTab\u00bb y luego la tecla \u00abBarra espaciadora\u00bb para seleccionar la opci\u00f3n \u00abBloqueado\u00bb y presione \u00abEntrar\u00bb. <br \/><img loading=\"lazy\" decoding=\"async\" title=\"13 opciones bloqueadas seleccionadas\" src=\"https:\/\/exceladvisor.org\/wp-content\/uploads\/2023\/08\/13-option-verrouillee-selectionnee.png\" sizes=\"auto, \" srcset=\"\" alt=\"locked-option-selected\" width=\"543\" height=\"252\"><\/li>\n<li> Al final, presione \u201cAlt \u2192 T \u2192 P \u2192 P\u201d para abrir el cuadro de di\u00e1logo \u201cProteger hoja\u201d e ingrese la contrase\u00f1a, luego presione \u201cEntrar\u201d. <br \/><img loading=\"lazy\" decoding=\"async\" title=\"14 atajos para ingresar la contrase\u00f1a\" src=\"https:\/\/exceladvisor.org\/wp-content\/uploads\/2023\/08\/14-raccourci-pour-entrer-le-mot-de-passe.png\" sizes=\"auto, \" srcset=\"\" alt=\"shortcut-to-enter-password\" width=\"259\" height=\"434\"><\/li>\n<\/ol>\n<h2 id=\"h-lock-only-the-formula-cells-in-excel\" class=\"wp-block-heading\"> Bloquear solo celdas de f\u00f3rmula en Excel<\/h2>\n<ol>\n<li> Primero, seleccione todas las celdas y abra el cuadro de di\u00e1logo \u00abFormato de celdas\u00bb para anular la selecci\u00f3n de la opci\u00f3n \u00abBloqueado\u00bb. <br \/><img loading=\"lazy\" decoding=\"async\" title=\"F\u00f3rmula de 15 c\u00e9lulas de bloqueo\" src=\"https:\/\/exceladvisor.org\/wp-content\/uploads\/2023\/08\/15-cellules-de-formule-de-verrouillage.png\" sizes=\"auto, \" srcset=\"\" alt=\"lock-formula-cells\" width=\"517\" height=\"297\"><\/li>\n<li> Despu\u00e9s de eso, vaya a la pesta\u00f1a \u00abInicio\u00bb, luego haga clic en el icono \u00abBuscar y reemplazar\u00bb, luego haga clic en la opci\u00f3n \u00abIr a Especial\u00bb. <br \/><img loading=\"lazy\" decoding=\"async\" title=\"16-ir-a-opci\u00f3n-especial\" src=\"https:\/\/exceladvisor.org\/wp-content\/uploads\/2023\/08\/16-aller-a-loption-speciale.png\" sizes=\"auto, \" srcset=\"\" alt=\"go-to-special-option\" width=\"949\" height=\"374\"><\/li>\n<li> Ahora, seleccione la opci\u00f3n \u00abF\u00f3rmulas\u00bb y luego haga clic en Aceptar. <br \/><img loading=\"lazy\" decoding=\"async\" title=\"Opci\u00f3n 17 s\u00f3lo f\u00f3rmulas de selecci\u00f3n\" src=\"https:\/\/exceladvisor.org\/wp-content\/uploads\/2023\/08\/17-selectionner-uniquement-loption-de-formules.png\" sizes=\"auto, \" srcset=\"\" alt=\"select-only-formulas-option\" width=\"305\" height=\"358\"><\/li>\n<li> En el momento en que haga clic en Aceptar, se seleccionar\u00e1n todas las celdas que contengan f\u00f3rmulas. <br \/><img loading=\"lazy\" decoding=\"async\" title=\"18-celdas-seleccionadas-con-f\u00f3rmulas\" src=\"https:\/\/exceladvisor.org\/wp-content\/uploads\/2023\/08\/18-cellules-selectionnees-avec-des-formules.png\" sizes=\"auto, \" srcset=\"\" alt=\"selected-cells-with-formulas\" width=\"611\" height=\"240\"><\/li>\n<li> En este punto, abra nuevamente el cuadro de di\u00e1logo \u00abFormato de celdas\u00bb y seleccione la opci\u00f3n \u00abBloqueado\u00bb para bloquear solo las celdas seleccionadas anteriormente. <br \/><img loading=\"lazy\" decoding=\"async\" title=\"Cuadro de di\u00e1logo abierto con formato de 19 celdas\" src=\"https:\/\/exceladvisor.org\/wp-content\/uploads\/2023\/08\/Boite-de-dialogue-de-format-19-cellules-ouverte.png\" sizes=\"auto, \" srcset=\"\" alt=\"format-cells-dialog-box-opened\" width=\"847\" height=\"231\"><\/li>\n<li> Para ello, vaya a la pesta\u00f1a \u00abRevisar\u00bb y haga clic en el icono \u00abProteger hoja\u00bb, luego proporcione la contrase\u00f1a y otros permisos que desee otorgar a los usuarios, luego haga clic en Aceptar. <br \/><img loading=\"lazy\" decoding=\"async\" title=\"20 contrase\u00f1as para proteger la hoja\" src=\"https:\/\/exceladvisor.org\/wp-content\/uploads\/2023\/08\/20-mot-de-passe-pour-proteger-la-feuille.png\" sizes=\"auto, \" srcset=\"\" alt=\"password-to-protect-sheet\" width=\"809\" height=\"501\"><\/li>\n<\/ol>\n<p> Ahora s\u00f3lo las celdas seleccionadas con f\u00f3rmulas est\u00e1n bloqueadas para su edici\u00f3n.<\/p>\n<h2 id=\"h-unlock-the-locked-cells-in-excel\" class=\"wp-block-heading\"> Desbloquear celdas bloqueadas en Excel<\/h2>\n<p> Para desbloquear las celdas, desproteja la hoja y las celdas se desbloquear\u00e1n.<\/p>\n<div class=\"gb-container gb-container-4db6181c gb-container-mt\"> <a class=\"gb-button gb-button-c5897111 gb-button-text gb-button-mt-button\" href=\"https:\/\/exceladvisor.org\/es\/avance-de-excel\/\">Tutoriales avanzados de Excel<\/a><\/p>\n<h2 class=\"gb-headline gb-headline-665e5f6b gb-headline-text gb-headline-mt-heading\"> Tutoriales relacionados <\/h2>\n<div class=\"gb-grid-wrapper gb-grid-wrapper-a20baf7c gb-grid-wrapper-mt-grid\">\n<div class=\"gb-grid-column gb-grid-column-65ddf67e\">\n<div class=\"gb-container gb-container-65ddf67e\">\n<ul>\n<li> <a href=\"https:\/\/exceladvisor.org\/es\/fusionar-celdas-sin-perder-datos\/\">Fusionar celdas sin perder datos en Excel<\/a><\/li>\n<li> <a href=\"https:\/\/exceladvisor.org\/es\/pegar-multiplicar-especial\/\">Multiplicar en Excel usando Pegado especial<\/a><\/li>\n<li> <a href=\"https:\/\/exceladvisor.org\/es\/agregar-un-codigo-de-barras\/\" data-wpil=\"url\">Agregar un c\u00f3digo de barras en Excel<\/a><\/li>\n<li> <a href=\"https:\/\/exceladvisor.org\/es\/fuente-predeterminada\/\">Cambiar la fuente predeterminada en Excel<\/a><\/li>\n<li> <a href=\"https:\/\/exceladvisor.org\/es\/filtrar-por-color\/\">Filtrar por color en Excel<\/a><\/li>\n<\/ul>\n<\/div>\n<\/div>\n<\/div>\n<\/div>\n","protected":false},"excerpt":{"rendered":"<p>El bloqueo de celdas es una caracter\u00edstica de Excel para evitar que cualquier usuario edite, modifique o elimine los datos de las celdas. En Excel, los usuarios pueden bloquear todas las celdas con la hoja de trabajo espec\u00edfica para proteger todas las celdas de la hoja de trabajo o bloquear solo celdas espec\u00edficas de la [&hellip;]<\/p>\n","protected":false},"author":1,"featured_media":0,"parent":0,"menu_order":0,"comment_status":"open","ping_status":"closed","template":"","meta":{"ub_ctt_via":"","footnotes":""},"class_list":["post-470","page","type-page","status-publish","hentry"],"featured_image_src":null,"yoast_head":"<!-- This site is optimized with the Yoast SEO plugin v25.4 - https:\/\/yoast.com\/wordpress\/plugins\/seo\/ -->\n<title>\u00bfc\u00f3mo bloquear celdas en excel?<\/title>\n<meta name=\"robots\" content=\"index, follow, max-snippet:-1, max-image-preview:large, max-video-preview:-1\" \/>\n<link rel=\"canonical\" href=\"https:\/\/exceladvisor.org\/es\/bloquear-celdas-1\/\" \/>\n<meta property=\"og:locale\" content=\"es_ES\" \/>\n<meta property=\"og:type\" content=\"article\" \/>\n<meta property=\"og:title\" content=\"\u00bfc\u00f3mo bloquear celdas en excel?\" \/>\n<meta property=\"og:description\" content=\"El bloqueo de celdas es una caracter\u00edstica de Excel para evitar que cualquier usuario edite, modifique o elimine los datos de las celdas. En Excel, los usuarios pueden bloquear todas las celdas con la hoja de trabajo espec\u00edfica para proteger todas las celdas de la hoja de trabajo o bloquear solo celdas espec\u00edficas de la [&hellip;]\" \/>\n<meta property=\"og:url\" content=\"https:\/\/exceladvisor.org\/es\/bloquear-celdas-1\/\" \/>\n<meta property=\"og:site_name\" content=\"Excel Advisor\" \/>\n<meta property=\"article:modified_time\" content=\"2023-12-25T10:23:36+00:00\" \/>\n<meta property=\"og:image\" content=\"https:\/\/exceladvisor.org\/wp-content\/uploads\/2023\/08\/1-selectionner-toutes-les-cellules.png\" \/>\n<meta name=\"twitter:card\" content=\"summary_large_image\" \/>\n<meta name=\"twitter:label1\" content=\"Tiempo de lectura\" \/>\n\t<meta name=\"twitter:data1\" content=\"5 minutos\" \/>\n<script type=\"application\/ld+json\" class=\"yoast-schema-graph\">{\"@context\":\"https:\/\/schema.org\",\"@graph\":[{\"@type\":\"WebPage\",\"@id\":\"https:\/\/exceladvisor.org\/es\/bloquear-celdas-1\/\",\"url\":\"https:\/\/exceladvisor.org\/es\/bloquear-celdas-1\/\",\"name\":\"\u00bfc\u00f3mo bloquear celdas en excel?\",\"isPartOf\":{\"@id\":\"https:\/\/exceladvisor.org\/es\/#website\"},\"primaryImageOfPage\":{\"@id\":\"https:\/\/exceladvisor.org\/es\/bloquear-celdas-1\/#primaryimage\"},\"image\":{\"@id\":\"https:\/\/exceladvisor.org\/es\/bloquear-celdas-1\/#primaryimage\"},\"thumbnailUrl\":\"https:\/\/exceladvisor.org\/wp-content\/uploads\/2023\/08\/1-selectionner-toutes-les-cellules.png\",\"datePublished\":\"2023-10-27T00:49:48+00:00\",\"dateModified\":\"2023-12-25T10:23:36+00:00\",\"breadcrumb\":{\"@id\":\"https:\/\/exceladvisor.org\/es\/bloquear-celdas-1\/#breadcrumb\"},\"inLanguage\":\"es\",\"potentialAction\":[{\"@type\":\"ReadAction\",\"target\":[\"https:\/\/exceladvisor.org\/es\/bloquear-celdas-1\/\"]}]},{\"@type\":\"ImageObject\",\"inLanguage\":\"es\",\"@id\":\"https:\/\/exceladvisor.org\/es\/bloquear-celdas-1\/#primaryimage\",\"url\":\"https:\/\/exceladvisor.org\/wp-content\/uploads\/2023\/08\/1-selectionner-toutes-les-cellules.png\",\"contentUrl\":\"https:\/\/exceladvisor.org\/wp-content\/uploads\/2023\/08\/1-selectionner-toutes-les-cellules.png\"},{\"@type\":\"BreadcrumbList\",\"@id\":\"https:\/\/exceladvisor.org\/es\/bloquear-celdas-1\/#breadcrumb\",\"itemListElement\":[{\"@type\":\"ListItem\",\"position\":1,\"name\":\"Hogar\",\"item\":\"https:\/\/exceladvisor.org\/es\/\"},{\"@type\":\"ListItem\",\"position\":2,\"name\":\"\u00bfc\u00f3mo bloquear celdas en excel?\"}]},{\"@type\":\"WebSite\",\"@id\":\"https:\/\/exceladvisor.org\/es\/#website\",\"url\":\"https:\/\/exceladvisor.org\/es\/\",\"name\":\"Excel Advisor\",\"description\":\"Su gu\u00eda para la dominaci\u00f3n de datos!\",\"publisher\":{\"@id\":\"https:\/\/exceladvisor.org\/es\/#organization\"},\"potentialAction\":[{\"@type\":\"SearchAction\",\"target\":{\"@type\":\"EntryPoint\",\"urlTemplate\":\"https:\/\/exceladvisor.org\/es\/?s={search_term_string}\"},\"query-input\":{\"@type\":\"PropertyValueSpecification\",\"valueRequired\":true,\"valueName\":\"search_term_string\"}}],\"inLanguage\":\"es\"},{\"@type\":\"Organization\",\"@id\":\"https:\/\/exceladvisor.org\/es\/#organization\",\"name\":\"Excel Advisor\",\"url\":\"https:\/\/exceladvisor.org\/es\/\",\"logo\":{\"@type\":\"ImageObject\",\"inLanguage\":\"es\",\"@id\":\"https:\/\/exceladvisor.org\/es\/#\/schema\/logo\/image\/\",\"url\":\"https:\/\/exceladvisor.org\/es\/wp-content\/uploads\/2023\/12\/exceladvisor.org_.png\",\"contentUrl\":\"https:\/\/exceladvisor.org\/es\/wp-content\/uploads\/2023\/12\/exceladvisor.org_.png\",\"width\":105,\"height\":36,\"caption\":\"Excel Advisor\"},\"image\":{\"@id\":\"https:\/\/exceladvisor.org\/es\/#\/schema\/logo\/image\/\"}}]}<\/script>\n<!-- \/ Yoast SEO plugin. -->","yoast_head_json":{"title":"\u00bfc\u00f3mo bloquear celdas en excel?","robots":{"index":"index","follow":"follow","max-snippet":"max-snippet:-1","max-image-preview":"max-image-preview:large","max-video-preview":"max-video-preview:-1"},"canonical":"https:\/\/exceladvisor.org\/es\/bloquear-celdas-1\/","og_locale":"es_ES","og_type":"article","og_title":"\u00bfc\u00f3mo bloquear celdas en excel?","og_description":"El bloqueo de celdas es una caracter\u00edstica de Excel para evitar que cualquier usuario edite, modifique o elimine los datos de las celdas. En Excel, los usuarios pueden bloquear todas las celdas con la hoja de trabajo espec\u00edfica para proteger todas las celdas de la hoja de trabajo o bloquear solo celdas espec\u00edficas de la [&hellip;]","og_url":"https:\/\/exceladvisor.org\/es\/bloquear-celdas-1\/","og_site_name":"Excel Advisor","article_modified_time":"2023-12-25T10:23:36+00:00","og_image":[{"url":"https:\/\/exceladvisor.org\/wp-content\/uploads\/2023\/08\/1-selectionner-toutes-les-cellules.png","type":"","width":"","height":""}],"twitter_card":"summary_large_image","twitter_misc":{"Tiempo de lectura":"5 minutos"},"schema":{"@context":"https:\/\/schema.org","@graph":[{"@type":"WebPage","@id":"https:\/\/exceladvisor.org\/es\/bloquear-celdas-1\/","url":"https:\/\/exceladvisor.org\/es\/bloquear-celdas-1\/","name":"\u00bfc\u00f3mo bloquear celdas en excel?","isPartOf":{"@id":"https:\/\/exceladvisor.org\/es\/#website"},"primaryImageOfPage":{"@id":"https:\/\/exceladvisor.org\/es\/bloquear-celdas-1\/#primaryimage"},"image":{"@id":"https:\/\/exceladvisor.org\/es\/bloquear-celdas-1\/#primaryimage"},"thumbnailUrl":"https:\/\/exceladvisor.org\/wp-content\/uploads\/2023\/08\/1-selectionner-toutes-les-cellules.png","datePublished":"2023-10-27T00:49:48+00:00","dateModified":"2023-12-25T10:23:36+00:00","breadcrumb":{"@id":"https:\/\/exceladvisor.org\/es\/bloquear-celdas-1\/#breadcrumb"},"inLanguage":"es","potentialAction":[{"@type":"ReadAction","target":["https:\/\/exceladvisor.org\/es\/bloquear-celdas-1\/"]}]},{"@type":"ImageObject","inLanguage":"es","@id":"https:\/\/exceladvisor.org\/es\/bloquear-celdas-1\/#primaryimage","url":"https:\/\/exceladvisor.org\/wp-content\/uploads\/2023\/08\/1-selectionner-toutes-les-cellules.png","contentUrl":"https:\/\/exceladvisor.org\/wp-content\/uploads\/2023\/08\/1-selectionner-toutes-les-cellules.png"},{"@type":"BreadcrumbList","@id":"https:\/\/exceladvisor.org\/es\/bloquear-celdas-1\/#breadcrumb","itemListElement":[{"@type":"ListItem","position":1,"name":"Hogar","item":"https:\/\/exceladvisor.org\/es\/"},{"@type":"ListItem","position":2,"name":"\u00bfc\u00f3mo bloquear celdas en excel?"}]},{"@type":"WebSite","@id":"https:\/\/exceladvisor.org\/es\/#website","url":"https:\/\/exceladvisor.org\/es\/","name":"Excel Advisor","description":"Su gu\u00eda para la dominaci\u00f3n de datos!","publisher":{"@id":"https:\/\/exceladvisor.org\/es\/#organization"},"potentialAction":[{"@type":"SearchAction","target":{"@type":"EntryPoint","urlTemplate":"https:\/\/exceladvisor.org\/es\/?s={search_term_string}"},"query-input":{"@type":"PropertyValueSpecification","valueRequired":true,"valueName":"search_term_string"}}],"inLanguage":"es"},{"@type":"Organization","@id":"https:\/\/exceladvisor.org\/es\/#organization","name":"Excel Advisor","url":"https:\/\/exceladvisor.org\/es\/","logo":{"@type":"ImageObject","inLanguage":"es","@id":"https:\/\/exceladvisor.org\/es\/#\/schema\/logo\/image\/","url":"https:\/\/exceladvisor.org\/es\/wp-content\/uploads\/2023\/12\/exceladvisor.org_.png","contentUrl":"https:\/\/exceladvisor.org\/es\/wp-content\/uploads\/2023\/12\/exceladvisor.org_.png","width":105,"height":36,"caption":"Excel Advisor"},"image":{"@id":"https:\/\/exceladvisor.org\/es\/#\/schema\/logo\/image\/"}}]}},"yoast_meta":{"yoast_wpseo_title":"","yoast_wpseo_metadesc":"","yoast_wpseo_canonical":""},"_links":{"self":[{"href":"https:\/\/exceladvisor.org\/es\/wp-json\/wp\/v2\/pages\/470","targetHints":{"allow":["GET"]}}],"collection":[{"href":"https:\/\/exceladvisor.org\/es\/wp-json\/wp\/v2\/pages"}],"about":[{"href":"https:\/\/exceladvisor.org\/es\/wp-json\/wp\/v2\/types\/page"}],"author":[{"embeddable":true,"href":"https:\/\/exceladvisor.org\/es\/wp-json\/wp\/v2\/users\/1"}],"replies":[{"embeddable":true,"href":"https:\/\/exceladvisor.org\/es\/wp-json\/wp\/v2\/comments?post=470"}],"version-history":[{"count":1,"href":"https:\/\/exceladvisor.org\/es\/wp-json\/wp\/v2\/pages\/470\/revisions"}],"predecessor-version":[{"id":858,"href":"https:\/\/exceladvisor.org\/es\/wp-json\/wp\/v2\/pages\/470\/revisions\/858"}],"wp:attachment":[{"href":"https:\/\/exceladvisor.org\/es\/wp-json\/wp\/v2\/media?parent=470"}],"curies":[{"name":"wp","href":"https:\/\/api.w.org\/{rel}","templated":true}]}}