{"id":471,"date":"2023-10-27T00:16:49","date_gmt":"2023-10-27T00:16:49","guid":{"rendered":"https:\/\/exceladvisor.org\/es\/autocorreccion\/"},"modified":"2023-12-25T10:28:12","modified_gmt":"2023-12-25T10:28:12","slug":"autocorreccion","status":"publish","type":"page","link":"https:\/\/exceladvisor.org\/es\/autocorreccion\/","title":{"rendered":"\u00bfc\u00f3mo utilizar la autocorrecci\u00f3n en excel?"},"content":{"rendered":"<div class=\"excel-antes-del-contenido\" id=\"excel-2240837365\"><script type=\"text\/javascript\">\r\n\tatOptions = {\r\n\t\t'key' : 'c1158f160081d6540a8409e6925dab94',\r\n\t\t'format' : 'iframe',\r\n\t\t'height' : 250,\r\n\t\t'width' : 300,\r\n\t\t'params' : {}\r\n\t};\r\n<\/script>\r\n<script type=\"text\/javascript\" src=\"\/\/www.highperformanceformat.com\/c1158f160081d6540a8409e6925dab94\/invoke.js\"><\/script><\/div><p>Como sugiere el nombre, Autocorrecci\u00f3n es una funci\u00f3n de Excel que corrige autom\u00e1ticamente las palabras mal escritas. Pero no se limita s\u00f3lo a corregir palabras mal escritas. Tiene muchas caracter\u00edsticas adicionales con las que se puede utilizar para:<\/p>\n<ul>\n<li> Corregir errores tipogr\u00e1ficos,<\/li>\n<li> Errores de capitalizaci\u00f3n,<\/li>\n<li> Convertir abreviaturas a texto completo,<\/li>\n<li> Agregar marcas de verificaci\u00f3n,<\/li>\n<li> s\u00edmbolos,<\/li>\n<li> Etc.<\/li>\n<\/ul>\n<p> En este tutorial, aprender\u00e1 sobre las diferentes opciones disponibles para usar en la funci\u00f3n Autocorrecci\u00f3n.<\/p>\n<h2 class=\"wp-block-heading\"> Seleccione solo las opciones de autocorrecci\u00f3n requeridas en Excel<\/h2>\n<p> La autocorrecci\u00f3n es la funci\u00f3n habilitada de forma predeterminada en Excel con todas las opciones disponibles. Sin embargo, puede elegir y deshabilitar una o m\u00e1s opciones que no desea utilizar como parte de la funci\u00f3n de autocorrecci\u00f3n, y para ello debe seguir los siguientes pasos:<\/p>\n<ol>\n<li> Primero, vaya a la pesta\u00f1a \u00abArchivo\u00bb en la cinta, luego haga clic en \u00abOpciones\u00bb y se abrir\u00e1 el cuadro de di\u00e1logo \u00abOpciones de Excel\u00bb. <br \/><img loading=\"lazy\" decoding=\"async\" title=\"1-opciones-excel\" src=\"https:\/\/exceladvisor.org\/wp-content\/uploads\/2023\/08\/1-option-excel.png\" sizes=\"auto, \" srcset=\"\" alt=\"excel-options\" width=\"517\" height=\"480\"><\/li>\n<li> Despu\u00e9s de eso, haga clic en \u00abRevisi\u00f3n\u00bb en el panel izquierdo y luego haga clic en \u00abOpciones de autocorrecci\u00f3n\u00bb. <br \/><img loading=\"lazy\" decoding=\"async\" title=\"Opci\u00f3n de 2 autocorrecci\u00f3n\" src=\"https:\/\/exceladvisor.org\/wp-content\/uploads\/2023\/08\/2-options-de-correction-automatique.png\" sizes=\"auto, \" srcset=\"\" alt=\"autocorrect-option\" width=\"552\" height=\"418\"><\/li>\n<li> En este punto, se abrir\u00e1 el cuadro de di\u00e1logo \u00abAutocorrecci\u00f3n\u00bb con todas las opciones predeterminadas ya seleccionadas.<\/li>\n<li> En la pesta\u00f1a \u00abAutocorrecci\u00f3n\u00bb, anule la selecci\u00f3n de la opci\u00f3n que no desea utilizar como parte de la funci\u00f3n Autocorrecci\u00f3n y luego haga clic en Aceptar. La funci\u00f3n de autocorrecci\u00f3n se habilitar\u00e1 al excluir esta opci\u00f3n. <br \/><img loading=\"lazy\" decoding=\"async\" title=\"Di\u00e1logo de 3 autocorrecci\u00f3n\" src=\"https:\/\/exceladvisor.org\/wp-content\/uploads\/2023\/08\/3-boite-de-dialogue-de-correction-automatique.png\" sizes=\"auto, \" srcset=\"\" alt=\"autocorrect-dialog-box\" width=\"359\" height=\"428\"><\/li>\n<\/ol>\n<h2 class=\"wp-block-heading\"> Opciones de la pesta\u00f1a Autocorrecci\u00f3n<\/h2>\n<p> Hay muchas opciones disponibles en Autocorrecci\u00f3n, que se seleccionan de forma predeterminada para usar con la funci\u00f3n Autocorrecci\u00f3n. Aqu\u00ed hemos explicado las definiciones de estas opciones para que las comprenda.<\/p>\n<ol>\n<li> <strong>Corregir ambas may\u00fasculas iniciales:<\/strong> esta opci\u00f3n, cuando est\u00e1 habilitada, corrige autom\u00e1ticamente las dos primeras letras may\u00fasculas iniciales de las palabras. Por ejemplo, si escribes \u00abMENSaje\u00bb, autom\u00e1ticamente lo corregir\u00e1 como Mensaje. Pero, si anula la selecci\u00f3n de esta opci\u00f3n, la autocorrecci\u00f3n no corregir\u00e1 las dos primeras letras may\u00fasculas iniciales.<\/li>\n<li> <strong>Poner en may\u00fascula la primera letra de las oraciones:<\/strong> esta opci\u00f3n, cuando est\u00e1 habilitada, escribe autom\u00e1ticamente en may\u00fascula la primera letra de cada oraci\u00f3n nueva. Por ejemplo, si escribe \u201c\u00bfC\u00f3mo est\u00e1n chicos? estamos bien\u201d, autom\u00e1ticamente pondr\u00e1 en may\u00fascula la letra \u201cw\u201d en nosotros y formar\u00e1 la oraci\u00f3n \u201c\u00bfC\u00f3mo est\u00e1n ustedes? Estamos bien.<\/li>\n<li> <strong>Poner en may\u00fascula los nombres de los d\u00edas:<\/strong> como sugiere el nombre, esta opci\u00f3n, cuando est\u00e1 habilitada, pone autom\u00e1ticamente en may\u00fascula el nombre de los d\u00edas que ingresa en Excel. Por ejemplo, si escribe \u00abdomingo\u00bb, la letra \u00abs\u00bb se escribir\u00e1 en may\u00fascula y se convertir\u00e1 en \u00abdomingo\u00bb.<\/li>\n<li> <strong>Corregir el uso accidental de la tecla de bloqueo de may\u00fasculas:<\/strong> esta opci\u00f3n, cuando est\u00e1 habilitada, corrige autom\u00e1ticamente las palabras escritas accidentalmente usando el bloqueo de may\u00fasculas. Por ejemplo, si escribe \u00abdomingo\u00bb, autom\u00e1ticamente corrige esa palabra a \u00abdomingo\u00bb.<\/li>\n<li> <strong>Reemplazar texto a medida que escribe:<\/strong> esta opci\u00f3n se usa para reemplazar algunos c\u00f3digos cortos, texto completo o abreviaturas, reemplazar parte del texto con s\u00edmbolos y reemplazar algunas palabras mal escritas con las palabras correctas. Autocorrecci\u00f3n ya tiene la lista predefinida de texto y palabras que cuando las ingresamos en la hoja de c\u00e1lculo se reemplazar\u00e1n autom\u00e1ticamente con los resultados predefinidos. Puede eliminar ciertas palabras predefinidas de la lista y expandir la lista agregando otras palabras a esta lista.<\/li>\n<\/ol>\n<h2 class=\"wp-block-heading\"> Excepciones de autocorrecci\u00f3n<\/h2>\n<p> La funci\u00f3n de autocorrecci\u00f3n tambi\u00e9n tiene la capacidad de establecer ciertas excepciones. Encontrar\u00e1 la lista predefinida debajo de las excepciones que puede expandir agregando m\u00e1s excepciones o eliminar eliminando excepciones no requeridas de la lista.<\/p>\n<ol>\n<li> En la pesta\u00f1a Autocorrecci\u00f3n, haga clic en el bot\u00f3n \u00abExcepciones\u00bb. <br \/><img loading=\"lazy\" decoding=\"async\" title=\"4 excepciones de autocorrecci\u00f3n\" src=\"https:\/\/exceladvisor.org\/wp-content\/uploads\/2023\/08\/4-exceptions-de-correction-automatique.png\" sizes=\"auto, \" srcset=\"\" alt=\"autocorrect-exceptions\" width=\"364\" height=\"433\"><\/li>\n<li> Una vez que haga clic en el bot\u00f3n \u00abExcepciones\u00bb, se abre el cuadro de di\u00e1logo \u00abExcepciones de Autocorrecci\u00f3n\u00bb.<\/li>\n<li> En la pesta\u00f1a \u00abPrimera letra\u00bb, encontrar\u00e1 la lista predefinida de excepciones que despu\u00e9s del punto (.)\/punto de letras o palabras espec\u00edficas, la autocorrecci\u00f3n no pondr\u00e1 en may\u00fascula la primera letra. Puedes ampliar o eliminar esta lista seg\u00fan tus necesidades. <br \/><img loading=\"lazy\" decoding=\"async\" title=\"pesta\u00f1a 5-primera letra\" src=\"https:\/\/exceladvisor.org\/wp-content\/uploads\/2023\/08\/5-onglet-premiere-lettre.png\" sizes=\"auto, \" srcset=\"\" alt=\"first-letter-tab\" width=\"337\" height=\"265\"><\/li>\n<li> En la pesta\u00f1a \u00abMay\u00fasculas iniciales\u00bb, puede agregar la lista de palabras en las que no desea que la autocorrecci\u00f3n verifique las dos primeras letras may\u00fasculas de las palabras como lo hace cuando selecciona las opciones de \u00abdos letras iniciales en may\u00fascula\u00bb en las opciones de autocorrecci\u00f3n, como mencionado anteriormente. <br \/><img loading=\"lazy\" decoding=\"async\" title=\"pesta\u00f1a 6 letras may\u00fasculas iniciales\" src=\"https:\/\/exceladvisor.org\/wp-content\/uploads\/2023\/08\/Onglet-6-majuscules-initiales.png\" sizes=\"auto, \" srcset=\"\" alt=\"initial-caps-tab\" width=\"333\" height=\"261\"><\/li>\n<\/ol>\n<p> Como puede ver en la captura de pantalla anterior, agregamos \u00abExceladvisor\u00bb e ID\u00bb en la lista, lo que significa que de ahora en adelante, cada vez que ingresemos estas dos palabras en el c\u00e1lculo de la hoja de c\u00e1lculo, la autocorrecci\u00f3n no cambiar\u00e1 la segunda letra de la palabra. hasta el final porque hemos definido la excepci\u00f3n para estas dos palabras.<\/p>\n<h2 class=\"wp-block-heading\"> Opciones de formato autom\u00e1tico mientras escribes<\/h2>\n<p> La pesta\u00f1a Formato autom\u00e1tico consta de tres opciones de formato autom\u00e1tico seleccionadas de forma predeterminada que son muy \u00fatiles cuando se trabaja en Excel, las cuales se explican a continuaci\u00f3n: <\/p>\n<div class=\"wp-block-image\">\n<figure class=\"aligncenter size-full is-resized\"><img loading=\"lazy\" decoding=\"async\" class=\"wp-image-79157\" src=\"https:\/\/exceladvisor.org\/wp-content\/uploads\/2023\/08\/7-mise-en-forme-automatique-au-fur-et-a-mesure-de-la-frappe.png\" sizes=\"auto, \" srcset=\"\" alt=\"formato autom\u00e1tico a medida que escribes\" width=\"391\" height=\"461\"><\/figure>\n<\/div>\n<ol>\n<li> <strong>Ruta de Internet y red con hiperv\u00ednculos:<\/strong> siempre ha visto que cuando ingresa un hiperv\u00ednculo o direcci\u00f3n web en la hoja de c\u00e1lculo, se convierte en un hiperv\u00ednculo al hacer clic en el que puede redirigir a esa direcci\u00f3n de enlace. Todo esto sucede gracias a esta opci\u00f3n. Si no desea convertir estos enlaces en hiperv\u00ednculos, anule la selecci\u00f3n de esta opci\u00f3n.<\/li>\n<li> <strong>Nuevas filas y columnas en la tabla:<\/strong> siempre ha visto que cuando ingresa un valor en la columna o fila adyacente de la tabla de Excel, la tabla se extender\u00e1 a esa fila o columna incluy\u00e9ndolos en la tabla. Todo esto sucede gracias a esta opci\u00f3n. Si lo desactiva, la tabla de Excel ya no se expandir\u00e1 autom\u00e1ticamente.<\/li>\n<li> <strong>Completar f\u00f3rmulas en la tabla:<\/strong> esta opci\u00f3n copia autom\u00e1ticamente la f\u00f3rmula que ingres\u00f3 en todas las celdas de la misma columna en la tabla de Excel ajustando las referencias de celda de la f\u00f3rmula.<\/li>\n<\/ol>\n<h2 class=\"wp-block-heading\"> Acciones de pesta\u00f1a<\/h2>\n<p> La pesta\u00f1a de acci\u00f3n puede crear acciones adicionales basadas en palabras, texto o valores espec\u00edficos. De forma predeterminada, encontrar\u00e1 acciones adicionales deshabilitadas y, para habilitarlas, seleccione la opci\u00f3n \u00abHabilitar acciones adicionales desde el men\u00fa contextual\u00bb.<\/p>\n<p> Excel solo tiene Fecha (XML) como acci\u00f3n predefinida adicional en la lista, pero puede crear otras seg\u00fan sea necesario. <\/p>\n<div class=\"wp-block-image\">\n<figure class=\"aligncenter size-full is-resized\"><img loading=\"lazy\" decoding=\"async\" class=\"wp-image-79158\" src=\"https:\/\/exceladvisor.org\/wp-content\/uploads\/2023\/08\/onglet-8-actions.png\" sizes=\"auto, \" srcset=\"\" alt=\"acciones de pesta\u00f1a\" width=\"379\" height=\"446\"><\/figure>\n<\/div>\n<p> Una vez que habilite esta opci\u00f3n, la acci\u00f3n de fecha se habilitar\u00e1 porque est\u00e1 predefinida por Excel, es decir, despu\u00e9s de eso, cuando ingrese la fecha en la celda.<\/p>\n<p> Si hace clic derecho sobre \u00e9l, Excel le mostrar\u00e1 las opciones del Calendario de Outlook. Al hacer clic, acceder\u00e1 a su calendario.<\/p>\n<p> Outlook debe configurarse con el ID de correo electr\u00f3nico para mostrar esta opci\u00f3n de calendario adicional.<\/p>\n<h2 class=\"wp-block-heading\"> Pesta\u00f1a Autocorrecci\u00f3n matem\u00e1tica<\/h2>\n<p> La pesta\u00f1a Autocorrecci\u00f3n matem\u00e1tica se utiliza para insertar s\u00edmbolos matem\u00e1ticos en ecuaciones. <\/p>\n<div class=\"wp-block-image\">\n<figure class=\"aligncenter size-full is-resized\"><img loading=\"lazy\" decoding=\"async\" class=\"wp-image-79159\" src=\"https:\/\/exceladvisor.org\/wp-content\/uploads\/2023\/08\/9-onglet-de-correction-automatique-des-mathematiques.png\" sizes=\"auto, \" srcset=\"\" alt=\"pesta\u00f1a matem\u00e1tica-autocorrecci\u00f3n\" width=\"379\" height=\"445\"><\/figure>\n<\/div>\n<p class=\"grey-note\"> Esta funci\u00f3n de Autocorrecci\u00f3n matem\u00e1tica no funciona en la celda. Esto solo funciona en ecuaciones (pesta\u00f1a Insertar en S\u00edmbolos a ecuaciones)<\/p>\n<h2 class=\"wp-block-heading\"> Desactivar la autocorrecci\u00f3n<\/h2>\n<p> Excel no tiene ninguna opci\u00f3n para desactivar la funci\u00f3n Autocorrecci\u00f3n directamente. Para detener completamente la funci\u00f3n de Autocorrecci\u00f3n, los usuarios deben anular la selecci\u00f3n de todas las opciones de pesta\u00f1as de \u201cAutocorrecci\u00f3n\u201d y otras. <\/p>\n<div class=\"wp-block-image\">\n<figure class=\"aligncenter size-full is-resized\"><img loading=\"lazy\" decoding=\"async\" class=\"wp-image-79160\" src=\"https:\/\/exceladvisor.org\/wp-content\/uploads\/2023\/08\/10-options-de-correction-automatique.png\" sizes=\"auto, \" srcset=\"\" alt=\"anular la selecci\u00f3n de opciones de autocorrecci\u00f3n\" width=\"382\" height=\"449\"><\/figure>\n<\/div>\n<div class=\"gb-container gb-container-4db6181c gb-container-mt\"> <a class=\"gb-button gb-button-c5897111 gb-button-text gb-button-mt-button\" href=\"https:\/\/exceladvisor.org\/es\/avance-de-excel\/\">Tutoriales avanzados de Excel<\/a><\/p>\n<h2 class=\"gb-headline gb-headline-665e5f6b gb-headline-text gb-headline-mt-heading\"> Tutoriales relacionados <\/h2>\n<div class=\"gb-grid-wrapper gb-grid-wrapper-a20baf7c gb-grid-wrapper-mt-grid\">\n<div class=\"gb-grid-column gb-grid-column-50067b57\">\n<div class=\"gb-container gb-container-50067b57\">\n<ul>\n<li> <a href=\"https:\/\/exceladvisor.org\/es\/listas-personalizadas\/\">Lista personalizada en Excel<\/a><\/li>\n<li> <a href=\"https:\/\/exceladvisor.org\/es\/pdf-en-excel\/\">Insertar un PDF en Excel<\/a><\/li>\n<li> <a href=\"https:\/\/exceladvisor.org\/es\/insertar-una-imagen\/\">Insertar una imagen en una celda en Excel<\/a><\/li>\n<li> <a href=\"https:\/\/exceladvisor.org\/es\/insertar-archivo\/\">Incrustar un archivo en Excel<\/a><\/li>\n<li> Convertir PDF a Excel<\/li>\n<\/ul>\n<\/div>\n<\/div>\n<\/div>\n<\/div>\n","protected":false},"excerpt":{"rendered":"<p>Como sugiere el nombre, Autocorrecci\u00f3n es una funci\u00f3n de Excel que corrige autom\u00e1ticamente las palabras mal escritas. Pero no se limita s\u00f3lo a corregir palabras mal escritas. Tiene muchas caracter\u00edsticas adicionales con las que se puede utilizar para: Corregir errores tipogr\u00e1ficos, Errores de capitalizaci\u00f3n, Convertir abreviaturas a texto completo, Agregar marcas de verificaci\u00f3n, s\u00edmbolos, Etc. [&hellip;]<\/p>\n","protected":false},"author":1,"featured_media":0,"parent":0,"menu_order":0,"comment_status":"open","ping_status":"closed","template":"","meta":{"ub_ctt_via":"","footnotes":""},"class_list":["post-471","page","type-page","status-publish","hentry"],"featured_image_src":null,"yoast_head":"<!-- This site is optimized with the Yoast SEO plugin v25.4 - https:\/\/yoast.com\/wordpress\/plugins\/seo\/ -->\n<title>\u00bfc\u00f3mo utilizar la autocorrecci\u00f3n en excel?<\/title>\n<meta name=\"robots\" content=\"index, follow, max-snippet:-1, max-image-preview:large, max-video-preview:-1\" \/>\n<link rel=\"canonical\" href=\"https:\/\/exceladvisor.org\/es\/autocorreccion\/\" \/>\n<meta property=\"og:locale\" content=\"es_ES\" \/>\n<meta property=\"og:type\" content=\"article\" \/>\n<meta property=\"og:title\" content=\"\u00bfc\u00f3mo utilizar la autocorrecci\u00f3n en excel?\" \/>\n<meta property=\"og:description\" content=\"Como sugiere el nombre, Autocorrecci\u00f3n es una funci\u00f3n de Excel que corrige autom\u00e1ticamente las palabras mal escritas. Pero no se limita s\u00f3lo a corregir palabras mal escritas. Tiene muchas caracter\u00edsticas adicionales con las que se puede utilizar para: Corregir errores tipogr\u00e1ficos, Errores de capitalizaci\u00f3n, Convertir abreviaturas a texto completo, Agregar marcas de verificaci\u00f3n, s\u00edmbolos, Etc. [&hellip;]\" \/>\n<meta property=\"og:url\" content=\"https:\/\/exceladvisor.org\/es\/autocorreccion\/\" \/>\n<meta property=\"og:site_name\" content=\"Excel Advisor\" \/>\n<meta property=\"article:modified_time\" content=\"2023-12-25T10:28:12+00:00\" \/>\n<meta property=\"og:image\" content=\"https:\/\/exceladvisor.org\/wp-content\/uploads\/2023\/08\/1-option-excel.png\" \/>\n<meta name=\"twitter:card\" content=\"summary_large_image\" \/>\n<meta name=\"twitter:label1\" content=\"Tiempo de lectura\" \/>\n\t<meta name=\"twitter:data1\" content=\"7 minutos\" \/>\n<script type=\"application\/ld+json\" class=\"yoast-schema-graph\">{\"@context\":\"https:\/\/schema.org\",\"@graph\":[{\"@type\":\"WebPage\",\"@id\":\"https:\/\/exceladvisor.org\/es\/autocorreccion\/\",\"url\":\"https:\/\/exceladvisor.org\/es\/autocorreccion\/\",\"name\":\"\u00bfc\u00f3mo utilizar la autocorrecci\u00f3n en excel?\",\"isPartOf\":{\"@id\":\"https:\/\/exceladvisor.org\/es\/#website\"},\"primaryImageOfPage\":{\"@id\":\"https:\/\/exceladvisor.org\/es\/autocorreccion\/#primaryimage\"},\"image\":{\"@id\":\"https:\/\/exceladvisor.org\/es\/autocorreccion\/#primaryimage\"},\"thumbnailUrl\":\"https:\/\/exceladvisor.org\/wp-content\/uploads\/2023\/08\/1-option-excel.png\",\"datePublished\":\"2023-10-27T00:16:49+00:00\",\"dateModified\":\"2023-12-25T10:28:12+00:00\",\"breadcrumb\":{\"@id\":\"https:\/\/exceladvisor.org\/es\/autocorreccion\/#breadcrumb\"},\"inLanguage\":\"es\",\"potentialAction\":[{\"@type\":\"ReadAction\",\"target\":[\"https:\/\/exceladvisor.org\/es\/autocorreccion\/\"]}]},{\"@type\":\"ImageObject\",\"inLanguage\":\"es\",\"@id\":\"https:\/\/exceladvisor.org\/es\/autocorreccion\/#primaryimage\",\"url\":\"https:\/\/exceladvisor.org\/wp-content\/uploads\/2023\/08\/1-option-excel.png\",\"contentUrl\":\"https:\/\/exceladvisor.org\/wp-content\/uploads\/2023\/08\/1-option-excel.png\"},{\"@type\":\"BreadcrumbList\",\"@id\":\"https:\/\/exceladvisor.org\/es\/autocorreccion\/#breadcrumb\",\"itemListElement\":[{\"@type\":\"ListItem\",\"position\":1,\"name\":\"Hogar\",\"item\":\"https:\/\/exceladvisor.org\/es\/\"},{\"@type\":\"ListItem\",\"position\":2,\"name\":\"\u00bfc\u00f3mo utilizar la autocorrecci\u00f3n en excel?\"}]},{\"@type\":\"WebSite\",\"@id\":\"https:\/\/exceladvisor.org\/es\/#website\",\"url\":\"https:\/\/exceladvisor.org\/es\/\",\"name\":\"Excel Advisor\",\"description\":\"Su gu\u00eda para la dominaci\u00f3n de datos!\",\"publisher\":{\"@id\":\"https:\/\/exceladvisor.org\/es\/#organization\"},\"potentialAction\":[{\"@type\":\"SearchAction\",\"target\":{\"@type\":\"EntryPoint\",\"urlTemplate\":\"https:\/\/exceladvisor.org\/es\/?s={search_term_string}\"},\"query-input\":{\"@type\":\"PropertyValueSpecification\",\"valueRequired\":true,\"valueName\":\"search_term_string\"}}],\"inLanguage\":\"es\"},{\"@type\":\"Organization\",\"@id\":\"https:\/\/exceladvisor.org\/es\/#organization\",\"name\":\"Excel Advisor\",\"url\":\"https:\/\/exceladvisor.org\/es\/\",\"logo\":{\"@type\":\"ImageObject\",\"inLanguage\":\"es\",\"@id\":\"https:\/\/exceladvisor.org\/es\/#\/schema\/logo\/image\/\",\"url\":\"https:\/\/exceladvisor.org\/es\/wp-content\/uploads\/2023\/12\/exceladvisor.org_.png\",\"contentUrl\":\"https:\/\/exceladvisor.org\/es\/wp-content\/uploads\/2023\/12\/exceladvisor.org_.png\",\"width\":105,\"height\":36,\"caption\":\"Excel Advisor\"},\"image\":{\"@id\":\"https:\/\/exceladvisor.org\/es\/#\/schema\/logo\/image\/\"}}]}<\/script>\n<!-- \/ Yoast SEO plugin. -->","yoast_head_json":{"title":"\u00bfc\u00f3mo utilizar la autocorrecci\u00f3n en excel?","robots":{"index":"index","follow":"follow","max-snippet":"max-snippet:-1","max-image-preview":"max-image-preview:large","max-video-preview":"max-video-preview:-1"},"canonical":"https:\/\/exceladvisor.org\/es\/autocorreccion\/","og_locale":"es_ES","og_type":"article","og_title":"\u00bfc\u00f3mo utilizar la autocorrecci\u00f3n en excel?","og_description":"Como sugiere el nombre, Autocorrecci\u00f3n es una funci\u00f3n de Excel que corrige autom\u00e1ticamente las palabras mal escritas. Pero no se limita s\u00f3lo a corregir palabras mal escritas. Tiene muchas caracter\u00edsticas adicionales con las que se puede utilizar para: Corregir errores tipogr\u00e1ficos, Errores de capitalizaci\u00f3n, Convertir abreviaturas a texto completo, Agregar marcas de verificaci\u00f3n, s\u00edmbolos, Etc. [&hellip;]","og_url":"https:\/\/exceladvisor.org\/es\/autocorreccion\/","og_site_name":"Excel Advisor","article_modified_time":"2023-12-25T10:28:12+00:00","og_image":[{"url":"https:\/\/exceladvisor.org\/wp-content\/uploads\/2023\/08\/1-option-excel.png","type":"","width":"","height":""}],"twitter_card":"summary_large_image","twitter_misc":{"Tiempo de lectura":"7 minutos"},"schema":{"@context":"https:\/\/schema.org","@graph":[{"@type":"WebPage","@id":"https:\/\/exceladvisor.org\/es\/autocorreccion\/","url":"https:\/\/exceladvisor.org\/es\/autocorreccion\/","name":"\u00bfc\u00f3mo utilizar la autocorrecci\u00f3n en excel?","isPartOf":{"@id":"https:\/\/exceladvisor.org\/es\/#website"},"primaryImageOfPage":{"@id":"https:\/\/exceladvisor.org\/es\/autocorreccion\/#primaryimage"},"image":{"@id":"https:\/\/exceladvisor.org\/es\/autocorreccion\/#primaryimage"},"thumbnailUrl":"https:\/\/exceladvisor.org\/wp-content\/uploads\/2023\/08\/1-option-excel.png","datePublished":"2023-10-27T00:16:49+00:00","dateModified":"2023-12-25T10:28:12+00:00","breadcrumb":{"@id":"https:\/\/exceladvisor.org\/es\/autocorreccion\/#breadcrumb"},"inLanguage":"es","potentialAction":[{"@type":"ReadAction","target":["https:\/\/exceladvisor.org\/es\/autocorreccion\/"]}]},{"@type":"ImageObject","inLanguage":"es","@id":"https:\/\/exceladvisor.org\/es\/autocorreccion\/#primaryimage","url":"https:\/\/exceladvisor.org\/wp-content\/uploads\/2023\/08\/1-option-excel.png","contentUrl":"https:\/\/exceladvisor.org\/wp-content\/uploads\/2023\/08\/1-option-excel.png"},{"@type":"BreadcrumbList","@id":"https:\/\/exceladvisor.org\/es\/autocorreccion\/#breadcrumb","itemListElement":[{"@type":"ListItem","position":1,"name":"Hogar","item":"https:\/\/exceladvisor.org\/es\/"},{"@type":"ListItem","position":2,"name":"\u00bfc\u00f3mo utilizar la autocorrecci\u00f3n en excel?"}]},{"@type":"WebSite","@id":"https:\/\/exceladvisor.org\/es\/#website","url":"https:\/\/exceladvisor.org\/es\/","name":"Excel Advisor","description":"Su gu\u00eda para la dominaci\u00f3n de datos!","publisher":{"@id":"https:\/\/exceladvisor.org\/es\/#organization"},"potentialAction":[{"@type":"SearchAction","target":{"@type":"EntryPoint","urlTemplate":"https:\/\/exceladvisor.org\/es\/?s={search_term_string}"},"query-input":{"@type":"PropertyValueSpecification","valueRequired":true,"valueName":"search_term_string"}}],"inLanguage":"es"},{"@type":"Organization","@id":"https:\/\/exceladvisor.org\/es\/#organization","name":"Excel Advisor","url":"https:\/\/exceladvisor.org\/es\/","logo":{"@type":"ImageObject","inLanguage":"es","@id":"https:\/\/exceladvisor.org\/es\/#\/schema\/logo\/image\/","url":"https:\/\/exceladvisor.org\/es\/wp-content\/uploads\/2023\/12\/exceladvisor.org_.png","contentUrl":"https:\/\/exceladvisor.org\/es\/wp-content\/uploads\/2023\/12\/exceladvisor.org_.png","width":105,"height":36,"caption":"Excel Advisor"},"image":{"@id":"https:\/\/exceladvisor.org\/es\/#\/schema\/logo\/image\/"}}]}},"yoast_meta":{"yoast_wpseo_title":"","yoast_wpseo_metadesc":"","yoast_wpseo_canonical":""},"_links":{"self":[{"href":"https:\/\/exceladvisor.org\/es\/wp-json\/wp\/v2\/pages\/471","targetHints":{"allow":["GET"]}}],"collection":[{"href":"https:\/\/exceladvisor.org\/es\/wp-json\/wp\/v2\/pages"}],"about":[{"href":"https:\/\/exceladvisor.org\/es\/wp-json\/wp\/v2\/types\/page"}],"author":[{"embeddable":true,"href":"https:\/\/exceladvisor.org\/es\/wp-json\/wp\/v2\/users\/1"}],"replies":[{"embeddable":true,"href":"https:\/\/exceladvisor.org\/es\/wp-json\/wp\/v2\/comments?post=471"}],"version-history":[{"count":1,"href":"https:\/\/exceladvisor.org\/es\/wp-json\/wp\/v2\/pages\/471\/revisions"}],"predecessor-version":[{"id":1279,"href":"https:\/\/exceladvisor.org\/es\/wp-json\/wp\/v2\/pages\/471\/revisions\/1279"}],"wp:attachment":[{"href":"https:\/\/exceladvisor.org\/es\/wp-json\/wp\/v2\/media?parent=471"}],"curies":[{"name":"wp","href":"https:\/\/api.w.org\/{rel}","templated":true}]}}