{"id":472,"date":"2023-10-27T00:10:45","date_gmt":"2023-10-27T00:10:45","guid":{"rendered":"https:\/\/exceladvisor.org\/es\/pdf-en-excel\/"},"modified":"2023-12-25T10:25:53","modified_gmt":"2023-12-25T10:25:53","slug":"pdf-en-excel","status":"publish","type":"page","link":"https:\/\/exceladvisor.org\/es\/pdf-en-excel\/","title":{"rendered":"\u00bfc\u00f3mo insertar un pdf en excel?"},"content":{"rendered":"<div class=\"excel-antes-del-contenido\" id=\"excel-3105427221\"><script type=\"text\/javascript\">\r\n\tatOptions = {\r\n\t\t'key' : 'c1158f160081d6540a8409e6925dab94',\r\n\t\t'format' : 'iframe',\r\n\t\t'height' : 250,\r\n\t\t'width' : 300,\r\n\t\t'params' : {}\r\n\t};\r\n<\/script>\r\n<script type=\"text\/javascript\" src=\"\/\/www.highperformanceformat.com\/c1158f160081d6540a8409e6925dab94\/invoke.js\"><\/script><\/div><p>Microsoft Excel puede insertar documentos PDF en la hoja de c\u00e1lculo sin afectar el conjunto de datos. Los usuarios pueden insertar o incrustar documentos PDF en la hoja de c\u00e1lculo cuando quieran compartir y consultar ese documento PDF con la hoja de c\u00e1lculo.<\/p>\n<p> Este tutorial le mostrar\u00e1 c\u00f3mo insertar r\u00e1pidamente archivos PDF en cualquier hoja de c\u00e1lculo.<\/p>\n<h2 class=\"wp-block-heading\"> Insertar PDF en Excel como objeto<\/h2>\n<p> Puede insertar el documento PDF como un objeto en la hoja de c\u00e1lculo.<\/p>\n<p> Y una vez agregado, cada vez que comparta o env\u00ede este archivo de Excel a cualquier usuario, ese usuario obtendr\u00e1 este archivo PDF y Excel incrustado y podr\u00e1 abrir y guardar este PDF.<\/p>\n<ol>\n<li> <span data-preserver-spaces=\"true\">Primero, abra un libro de trabajo donde desee insertar el documento PDF como archivo adjunto.<\/span><\/li>\n<li> Despu\u00e9s de eso, vaya a la pesta\u00f1a \u00abInsertar\u00bb y haga clic en el icono \u00abTexto\u00bb y luego haga clic en la opci\u00f3n \u00abObjeto\u00bb. <br \/><img loading=\"lazy\" decoding=\"async\" title=\"1-icono-de-texto-en-cinta\" src=\"https:\/\/exceladvisor.org\/wp-content\/uploads\/2023\/08\/1-icone-de-texte-dans-le-ruban.png\" sizes=\"auto, \" srcset=\"\" alt=\"text-icon-in-ribbon\" width=\"652\" height=\"354\"><\/li>\n<li> Aqu\u00ed, en el cuadro de di\u00e1logo \u00abObjeto\u00bb, haga clic en la pesta\u00f1a \u00abCrear desde archivo\u00bb y luego en el bot\u00f3n \u00abExaminar\u00bb para elegir el archivo PDF de su sistema. <br \/><img loading=\"lazy\" decoding=\"async\" title=\"pesta\u00f1a 2-crear-desde-archivo\" src=\"https:\/\/exceladvisor.org\/wp-content\/uploads\/2023\/08\/2-creer-a-partir-de-longlet-fichier.png\" sizes=\"auto, \" srcset=\"\" alt=\"create-from-file-tab\" width=\"506\" height=\"439\"><\/li>\n<li> Despu\u00e9s de seleccionar el archivo, seleccione la opci\u00f3n \u00abMostrar como icono\u00bb para que el archivo quede incrustado como un objeto y haga clic en Aceptar.<\/li>\n<li> Si desea sincronizar los cambios en el PDF incrustado, lo que har\u00e1 en el documento PDF original, seleccione tambi\u00e9n \u00abVincular al archivo\u00bb al mismo tiempo. <br \/><img loading=\"lazy\" decoding=\"async\" title=\"3-seleccionar-mostrar-como-icono\" src=\"https:\/\/exceladvisor.org\/wp-content\/uploads\/2023\/08\/3-selectionner-laffichage-sous-forme-dicone.png\" sizes=\"auto, \" srcset=\"\" alt=\"select-display-as-icon\" width=\"507\" height=\"443\"><\/li>\n<li> Despu\u00e9s de incrustar el PDF, puede cambiar su tama\u00f1o al tama\u00f1o de la celda colocando el cursor del mouse sobre cualquier borde redondo y luego arrastr\u00e1ndolo y encogi\u00e9ndolo para que se ajuste a una celda. <br \/><img loading=\"lazy\" decoding=\"async\" title=\"4-documentos-pdf-incrustados\" src=\"https:\/\/exceladvisor.org\/wp-content\/uploads\/2023\/08\/4-documents-pdf-integres.png\" sizes=\"auto, \" srcset=\"\" alt=\"embedded-pdf-document\" width=\"373\" height=\"188\"><\/li>\n<li> Ahora, para bloquear el \u00edcono del documento PDF incrustado en la celda, haga clic derecho sobre \u00e9l y haga clic en la opci\u00f3n \u00abFormatear objeto\u00bb. <br \/><img loading=\"lazy\" decoding=\"async\" title=\"5-bloquear-las-incrustaciones-pdf\" src=\"https:\/\/exceladvisor.org\/wp-content\/uploads\/2023\/08\/5-verrouiller-le-pdf-integre.png\" sizes=\"auto, \" srcset=\"\" alt=\"lock-the-embedded-pdf\" width=\"505\" height=\"308\"><\/li>\n<li> Al final, en el cuadro de di\u00e1logo \u00abFormatear objeto\u00bb, vaya a la pesta\u00f1a \u00abPropiedades\u00bb, luego seleccione la opci\u00f3n \u00abMover y dimensionar con celdas\u00bb para que el icono quede bloqueado y solo se mueva dentro de la celda, luego haga clic en Aceptar. <br \/><img loading=\"lazy\" decoding=\"async\" title=\"6-seleccionar-mover-y-tama\u00f1o-con-celdas\" src=\"https:\/\/exceladvisor.org\/wp-content\/uploads\/2023\/08\/6-selectionner-le-deplacement-et-la-taille-avec-les-cellules.png\" sizes=\"auto, \" srcset=\"\" alt=\"select-move-and-size-with-cells\" width=\"479\" height=\"459\"><\/li>\n<\/ol>\n<h2 class=\"wp-block-heading\"> Otras formas de insertar un PDF en Excel.<\/h2>\n<ol>\n<li> Si solo tiene un documento PDF de una sola p\u00e1gina, puede convertirlo en una imagen (jpg, png) y agregar esa <strong>imagen a Excel<\/strong> .<\/li>\n<li> Si tiene una tabla de datos en el documento PDF y desea insertar esta tabla de datos en Excel, convierta el formato PDF a Excel usando el convertidor.<\/li>\n<\/ol>\n<div class=\"gb-container gb-container-4db6181c gb-container-mt\"> <a class=\"gb-button gb-button-c5897111 gb-button-text gb-button-mt-button\" href=\"https:\/\/exceladvisor.org\/es\/avance-de-excel\/\">Tutoriales avanzados de Excel<\/a><\/p>\n<h2 class=\"gb-headline gb-headline-665e5f6b gb-headline-text gb-headline-mt-heading\"> Tutoriales relacionados <\/h2>\n<div class=\"gb-grid-wrapper gb-grid-wrapper-a20baf7c gb-grid-wrapper-mt-grid\">\n<div class=\"gb-grid-column gb-grid-column-65ddf67e\">\n<div class=\"gb-container gb-container-65ddf67e\">\n<ul>\n<li> <a href=\"https:\/\/exceladvisor.org\/es\/herramienta-de-camara\/\">Herramienta de c\u00e1mara de Excel<\/a><\/li>\n<li> <a href=\"https:\/\/exceladvisor.org\/es\/buscar-objetivo\/\">Buscador de objetivos en Excel<\/a><\/li>\n<li> <a href=\"https:\/\/exceladvisor.org\/es\/ver-ventana\/\">Ventana de observaci\u00f3n en Excel<\/a><\/li>\n<li> <a href=\"https:\/\/exceladvisor.org\/es\/rebanador-de-excel\/\">Cortadora de Excel (gu\u00eda completa)<\/a><\/li>\n<li> <a href=\"https:\/\/exceladvisor.org\/es\/excel-por-defecto-en-mac\/\">Hacer que Excel sea el predeterminado en Mac<\/a><\/li>\n<\/ul>\n<\/div>\n<\/div>\n<\/div>\n<\/div>\n","protected":false},"excerpt":{"rendered":"<p>Microsoft Excel puede insertar documentos PDF en la hoja de c\u00e1lculo sin afectar el conjunto de datos. Los usuarios pueden insertar o incrustar documentos PDF en la hoja de c\u00e1lculo cuando quieran compartir y consultar ese documento PDF con la hoja de c\u00e1lculo. Este tutorial le mostrar\u00e1 c\u00f3mo insertar r\u00e1pidamente archivos PDF en cualquier hoja [&hellip;]<\/p>\n","protected":false},"author":1,"featured_media":0,"parent":0,"menu_order":0,"comment_status":"open","ping_status":"closed","template":"","meta":{"ub_ctt_via":"","footnotes":""},"class_list":["post-472","page","type-page","status-publish","hentry"],"featured_image_src":null,"yoast_head":"<!-- This site is optimized with the Yoast SEO plugin v25.4 - https:\/\/yoast.com\/wordpress\/plugins\/seo\/ -->\n<title>\u00bfc\u00f3mo insertar un pdf en excel?<\/title>\n<meta name=\"robots\" content=\"index, follow, max-snippet:-1, max-image-preview:large, max-video-preview:-1\" \/>\n<link rel=\"canonical\" href=\"https:\/\/exceladvisor.org\/es\/pdf-en-excel\/\" \/>\n<meta property=\"og:locale\" content=\"es_ES\" \/>\n<meta property=\"og:type\" content=\"article\" \/>\n<meta property=\"og:title\" content=\"\u00bfc\u00f3mo insertar un pdf en excel?\" \/>\n<meta property=\"og:description\" content=\"Microsoft Excel puede insertar documentos PDF en la hoja de c\u00e1lculo sin afectar el conjunto de datos. Los usuarios pueden insertar o incrustar documentos PDF en la hoja de c\u00e1lculo cuando quieran compartir y consultar ese documento PDF con la hoja de c\u00e1lculo. Este tutorial le mostrar\u00e1 c\u00f3mo insertar r\u00e1pidamente archivos PDF en cualquier hoja [&hellip;]\" \/>\n<meta property=\"og:url\" content=\"https:\/\/exceladvisor.org\/es\/pdf-en-excel\/\" \/>\n<meta property=\"og:site_name\" content=\"Excel Advisor\" \/>\n<meta property=\"article:modified_time\" content=\"2023-12-25T10:25:53+00:00\" \/>\n<meta property=\"og:image\" content=\"https:\/\/exceladvisor.org\/wp-content\/uploads\/2023\/08\/1-icone-de-texte-dans-le-ruban.png\" \/>\n<meta name=\"twitter:card\" content=\"summary_large_image\" \/>\n<meta name=\"twitter:label1\" content=\"Tiempo de lectura\" \/>\n\t<meta name=\"twitter:data1\" content=\"2 minutos\" \/>\n<script type=\"application\/ld+json\" class=\"yoast-schema-graph\">{\"@context\":\"https:\/\/schema.org\",\"@graph\":[{\"@type\":\"WebPage\",\"@id\":\"https:\/\/exceladvisor.org\/es\/pdf-en-excel\/\",\"url\":\"https:\/\/exceladvisor.org\/es\/pdf-en-excel\/\",\"name\":\"\u00bfc\u00f3mo insertar un pdf en excel?\",\"isPartOf\":{\"@id\":\"https:\/\/exceladvisor.org\/es\/#website\"},\"primaryImageOfPage\":{\"@id\":\"https:\/\/exceladvisor.org\/es\/pdf-en-excel\/#primaryimage\"},\"image\":{\"@id\":\"https:\/\/exceladvisor.org\/es\/pdf-en-excel\/#primaryimage\"},\"thumbnailUrl\":\"https:\/\/exceladvisor.org\/wp-content\/uploads\/2023\/08\/1-icone-de-texte-dans-le-ruban.png\",\"datePublished\":\"2023-10-27T00:10:45+00:00\",\"dateModified\":\"2023-12-25T10:25:53+00:00\",\"breadcrumb\":{\"@id\":\"https:\/\/exceladvisor.org\/es\/pdf-en-excel\/#breadcrumb\"},\"inLanguage\":\"es\",\"potentialAction\":[{\"@type\":\"ReadAction\",\"target\":[\"https:\/\/exceladvisor.org\/es\/pdf-en-excel\/\"]}]},{\"@type\":\"ImageObject\",\"inLanguage\":\"es\",\"@id\":\"https:\/\/exceladvisor.org\/es\/pdf-en-excel\/#primaryimage\",\"url\":\"https:\/\/exceladvisor.org\/wp-content\/uploads\/2023\/08\/1-icone-de-texte-dans-le-ruban.png\",\"contentUrl\":\"https:\/\/exceladvisor.org\/wp-content\/uploads\/2023\/08\/1-icone-de-texte-dans-le-ruban.png\"},{\"@type\":\"BreadcrumbList\",\"@id\":\"https:\/\/exceladvisor.org\/es\/pdf-en-excel\/#breadcrumb\",\"itemListElement\":[{\"@type\":\"ListItem\",\"position\":1,\"name\":\"Hogar\",\"item\":\"https:\/\/exceladvisor.org\/es\/\"},{\"@type\":\"ListItem\",\"position\":2,\"name\":\"\u00bfc\u00f3mo insertar un pdf en excel?\"}]},{\"@type\":\"WebSite\",\"@id\":\"https:\/\/exceladvisor.org\/es\/#website\",\"url\":\"https:\/\/exceladvisor.org\/es\/\",\"name\":\"Excel Advisor\",\"description\":\"Su gu\u00eda para la dominaci\u00f3n de datos!\",\"publisher\":{\"@id\":\"https:\/\/exceladvisor.org\/es\/#organization\"},\"potentialAction\":[{\"@type\":\"SearchAction\",\"target\":{\"@type\":\"EntryPoint\",\"urlTemplate\":\"https:\/\/exceladvisor.org\/es\/?s={search_term_string}\"},\"query-input\":{\"@type\":\"PropertyValueSpecification\",\"valueRequired\":true,\"valueName\":\"search_term_string\"}}],\"inLanguage\":\"es\"},{\"@type\":\"Organization\",\"@id\":\"https:\/\/exceladvisor.org\/es\/#organization\",\"name\":\"Excel Advisor\",\"url\":\"https:\/\/exceladvisor.org\/es\/\",\"logo\":{\"@type\":\"ImageObject\",\"inLanguage\":\"es\",\"@id\":\"https:\/\/exceladvisor.org\/es\/#\/schema\/logo\/image\/\",\"url\":\"https:\/\/exceladvisor.org\/es\/wp-content\/uploads\/2023\/12\/exceladvisor.org_.png\",\"contentUrl\":\"https:\/\/exceladvisor.org\/es\/wp-content\/uploads\/2023\/12\/exceladvisor.org_.png\",\"width\":105,\"height\":36,\"caption\":\"Excel Advisor\"},\"image\":{\"@id\":\"https:\/\/exceladvisor.org\/es\/#\/schema\/logo\/image\/\"}}]}<\/script>\n<!-- \/ Yoast SEO plugin. -->","yoast_head_json":{"title":"\u00bfc\u00f3mo insertar un pdf en excel?","robots":{"index":"index","follow":"follow","max-snippet":"max-snippet:-1","max-image-preview":"max-image-preview:large","max-video-preview":"max-video-preview:-1"},"canonical":"https:\/\/exceladvisor.org\/es\/pdf-en-excel\/","og_locale":"es_ES","og_type":"article","og_title":"\u00bfc\u00f3mo insertar un pdf en excel?","og_description":"Microsoft Excel puede insertar documentos PDF en la hoja de c\u00e1lculo sin afectar el conjunto de datos. Los usuarios pueden insertar o incrustar documentos PDF en la hoja de c\u00e1lculo cuando quieran compartir y consultar ese documento PDF con la hoja de c\u00e1lculo. Este tutorial le mostrar\u00e1 c\u00f3mo insertar r\u00e1pidamente archivos PDF en cualquier hoja [&hellip;]","og_url":"https:\/\/exceladvisor.org\/es\/pdf-en-excel\/","og_site_name":"Excel Advisor","article_modified_time":"2023-12-25T10:25:53+00:00","og_image":[{"url":"https:\/\/exceladvisor.org\/wp-content\/uploads\/2023\/08\/1-icone-de-texte-dans-le-ruban.png","type":"","width":"","height":""}],"twitter_card":"summary_large_image","twitter_misc":{"Tiempo de lectura":"2 minutos"},"schema":{"@context":"https:\/\/schema.org","@graph":[{"@type":"WebPage","@id":"https:\/\/exceladvisor.org\/es\/pdf-en-excel\/","url":"https:\/\/exceladvisor.org\/es\/pdf-en-excel\/","name":"\u00bfc\u00f3mo insertar un pdf en excel?","isPartOf":{"@id":"https:\/\/exceladvisor.org\/es\/#website"},"primaryImageOfPage":{"@id":"https:\/\/exceladvisor.org\/es\/pdf-en-excel\/#primaryimage"},"image":{"@id":"https:\/\/exceladvisor.org\/es\/pdf-en-excel\/#primaryimage"},"thumbnailUrl":"https:\/\/exceladvisor.org\/wp-content\/uploads\/2023\/08\/1-icone-de-texte-dans-le-ruban.png","datePublished":"2023-10-27T00:10:45+00:00","dateModified":"2023-12-25T10:25:53+00:00","breadcrumb":{"@id":"https:\/\/exceladvisor.org\/es\/pdf-en-excel\/#breadcrumb"},"inLanguage":"es","potentialAction":[{"@type":"ReadAction","target":["https:\/\/exceladvisor.org\/es\/pdf-en-excel\/"]}]},{"@type":"ImageObject","inLanguage":"es","@id":"https:\/\/exceladvisor.org\/es\/pdf-en-excel\/#primaryimage","url":"https:\/\/exceladvisor.org\/wp-content\/uploads\/2023\/08\/1-icone-de-texte-dans-le-ruban.png","contentUrl":"https:\/\/exceladvisor.org\/wp-content\/uploads\/2023\/08\/1-icone-de-texte-dans-le-ruban.png"},{"@type":"BreadcrumbList","@id":"https:\/\/exceladvisor.org\/es\/pdf-en-excel\/#breadcrumb","itemListElement":[{"@type":"ListItem","position":1,"name":"Hogar","item":"https:\/\/exceladvisor.org\/es\/"},{"@type":"ListItem","position":2,"name":"\u00bfc\u00f3mo insertar un pdf en excel?"}]},{"@type":"WebSite","@id":"https:\/\/exceladvisor.org\/es\/#website","url":"https:\/\/exceladvisor.org\/es\/","name":"Excel Advisor","description":"Su gu\u00eda para la dominaci\u00f3n de datos!","publisher":{"@id":"https:\/\/exceladvisor.org\/es\/#organization"},"potentialAction":[{"@type":"SearchAction","target":{"@type":"EntryPoint","urlTemplate":"https:\/\/exceladvisor.org\/es\/?s={search_term_string}"},"query-input":{"@type":"PropertyValueSpecification","valueRequired":true,"valueName":"search_term_string"}}],"inLanguage":"es"},{"@type":"Organization","@id":"https:\/\/exceladvisor.org\/es\/#organization","name":"Excel Advisor","url":"https:\/\/exceladvisor.org\/es\/","logo":{"@type":"ImageObject","inLanguage":"es","@id":"https:\/\/exceladvisor.org\/es\/#\/schema\/logo\/image\/","url":"https:\/\/exceladvisor.org\/es\/wp-content\/uploads\/2023\/12\/exceladvisor.org_.png","contentUrl":"https:\/\/exceladvisor.org\/es\/wp-content\/uploads\/2023\/12\/exceladvisor.org_.png","width":105,"height":36,"caption":"Excel Advisor"},"image":{"@id":"https:\/\/exceladvisor.org\/es\/#\/schema\/logo\/image\/"}}]}},"yoast_meta":{"yoast_wpseo_title":"","yoast_wpseo_metadesc":"","yoast_wpseo_canonical":""},"_links":{"self":[{"href":"https:\/\/exceladvisor.org\/es\/wp-json\/wp\/v2\/pages\/472","targetHints":{"allow":["GET"]}}],"collection":[{"href":"https:\/\/exceladvisor.org\/es\/wp-json\/wp\/v2\/pages"}],"about":[{"href":"https:\/\/exceladvisor.org\/es\/wp-json\/wp\/v2\/types\/page"}],"author":[{"embeddable":true,"href":"https:\/\/exceladvisor.org\/es\/wp-json\/wp\/v2\/users\/1"}],"replies":[{"embeddable":true,"href":"https:\/\/exceladvisor.org\/es\/wp-json\/wp\/v2\/comments?post=472"}],"version-history":[{"count":1,"href":"https:\/\/exceladvisor.org\/es\/wp-json\/wp\/v2\/pages\/472\/revisions"}],"predecessor-version":[{"id":1106,"href":"https:\/\/exceladvisor.org\/es\/wp-json\/wp\/v2\/pages\/472\/revisions\/1106"}],"wp:attachment":[{"href":"https:\/\/exceladvisor.org\/es\/wp-json\/wp\/v2\/media?parent=472"}],"curies":[{"name":"wp","href":"https:\/\/api.w.org\/{rel}","templated":true}]}}