{"id":473,"date":"2023-10-26T16:23:45","date_gmt":"2023-10-26T16:23:45","guid":{"rendered":"https:\/\/exceladvisor.org\/es\/diagrama-piramidal\/"},"modified":"2023-12-25T10:25:16","modified_gmt":"2023-12-25T10:25:16","slug":"diagrama-piramidal","status":"publish","type":"page","link":"https:\/\/exceladvisor.org\/es\/diagrama-piramidal\/","title":{"rendered":"\u00bfc\u00f3mo crear un gr\u00e1fico piramidal de poblaci\u00f3n en excel?"},"content":{"rendered":"<div class=\"excel-antes-del-contenido\" id=\"excel-585541016\"><script type=\"text\/javascript\">\r\n\tatOptions = {\r\n\t\t'key' : 'c1158f160081d6540a8409e6925dab94',\r\n\t\t'format' : 'iframe',\r\n\t\t'height' : 250,\r\n\t\t'width' : 300,\r\n\t\t'params' : {}\r\n\t};\r\n<\/script>\r\n<script type=\"text\/javascript\" src=\"\/\/www.highperformanceformat.com\/c1158f160081d6540a8409e6925dab94\/invoke.js\"><\/script><\/div><p>Un gr\u00e1fico piramidal de poblaci\u00f3n es un gr\u00e1fico espec\u00edfico que nos ayuda a presentar y analizar la poblaci\u00f3n de ambos sexos utilizando grupos de edad.<\/p>\n<blockquote class=\"wp-block-quote\">\n<p> Una pir\u00e1mide de poblaci\u00f3n, tambi\u00e9n llamada pir\u00e1mide de poblaci\u00f3n o imagen de edades, es una ilustraci\u00f3n gr\u00e1fica que muestra la distribuci\u00f3n de los diferentes grupos de edad en una poblaci\u00f3n, que toma la forma de una pir\u00e1mide a medida que aumenta la poblaci\u00f3n. En Excel, podemos crear un gr\u00e1fico piramidal de poblaci\u00f3n utilizando un gr\u00e1fico de barras, como se muestra a continuaci\u00f3n.<\/p>\n<p> <cite>Wikipedia<\/cite> <\/p><\/blockquote>\n<div class=\"wp-block-image\">\n<figure class=\"aligncenter\"><img decoding=\"async\" src=\"https:\/\/exceladvisor.org\/wp-content\/uploads\/2023\/08\/creer-un-graphique-pyramidal-des-ages-dans-Excel-de-differentes-manieres-1.gif\" sizes=\"\" srcset=\"\" alt=\"cree un gr\u00e1fico piramidal de edad en Excel de diferentes maneras\"><\/figure>\n<\/div>\n<p> Inserte un gr\u00e1fico de barras, luego personalice un poco, eso es todo.<\/p>\n<p> Pero aqu\u00ed est\u00e1 el giro. Descubr\u00ed que adem\u00e1s de este m\u00e9todo tradicional, tambi\u00e9n podemos utilizar dos m\u00e9todos diferentes. Y hoy, en este art\u00edculo, me gustar\u00eda compartir estos tres m\u00e9todos [pasos exactos] con ustedes. Entonces empecemos.<\/p>\n<h2 class=\"wp-block-heading\"> Pasos sencillos para crear un gr\u00e1fico piramidal de poblaci\u00f3n utilizando un gr\u00e1fico de barras<\/h2>\n<p> Antes de crear este gr\u00e1fico, debemos preparar los datos. En la tabla con la poblaci\u00f3n total, la poblaci\u00f3n femenina en valores negativos y la poblaci\u00f3n masculina en valores positivos. <\/p>\n<div class=\"wp-block-image\">\n<figure class=\"aligncenter\"><img decoding=\"async\" src=\"https:\/\/exceladvisor.org\/wp-content\/uploads\/2023\/08\/tableau-de-donnees-pour-creer-un-diagramme-de-pyramide-des-ages-dans-excel-min-1.png\" sizes=\"\" srcset=\"\" alt=\"tabla de datos para crear un gr\u00e1fico piramidal de poblaci\u00f3n en excel\"><\/figure>\n<\/div>\n<p class=\"qt-tip\"> <strong><span style=\"color: #000000; background-color: #ffff00;\">Nota:<\/span><\/strong> No es obligatoria una columna para la poblaci\u00f3n total, pero aseg\u00farese de tener una poblaci\u00f3n femenina negativa.<\/p>\n<ol>\n<li> <strong>Primero<\/strong> necesitamos insertar un gr\u00e1fico de barras. Para hacer esto, seleccione las columnas de datos de grupo de edad, mujeres y hombres e inserte un gr\u00e1fico de barras desde la pesta\u00f1a Insertar \u279c Gr\u00e1ficos \u279c Barra 2D \u279c Barra agrupada.<\/li>\n<li> Ahora tenemos un gr\u00e1fico como el siguiente y adem\u00e1s debemos personalizarlo para crear una pir\u00e1mide de poblaci\u00f3n. <br \/><img decoding=\"async\" title=\"inserte un gr\u00e1fico de barras para crear un gr\u00e1fico piramidal de poblaci\u00f3n en Excel-min\" src=\"https:\/\/exceladvisor.org\/wp-content\/uploads\/2023\/08\/inserer-un-graphique-a-barres-pour-creer-un-graphique-en-pyramide-des-ages-dans-Excel-min-1.png\" sizes=\"\" srcset=\"\" alt=\"insert a bar chart to create a population pyramid chart in excel\"><\/li>\n<li> Desde aqu\u00ed necesitamos crear un eje vertical en orden inverso y desde all\u00ed ir a Formatear eje \u279c Opciones de eje \u279c Posici\u00f3n del eje \u279c marcar \u00abCategor\u00eda en orden inverso\u00bb. <br \/><img decoding=\"async\" title=\"aplicar-orden-inverso-para-crear-un-gr\u00e1fico-piramidal-de-poblaci\u00f3n-en-excel-min\" src=\"https:\/\/exceladvisor.org\/wp-content\/uploads\/2023\/08\/appliquer-lordre-inverse-pour-creer-un-graphique-de-pyramide-des-ages-dans-Excel-min-1.png\" sizes=\"\" srcset=\"\" alt=\"apply reverse order to create a population pyramid chart in excel\"><\/li>\n<li> Despu\u00e9s de eso, vaya a Formato de eje \u279c Opciones de eje \u279c Etiquetas \u279c cambie la posici\u00f3n de la etiqueta a \u00abBaja\u00bb. <br \/><img decoding=\"async\" title=\"cambiar la tabla para crear un gr\u00e1fico piramidal de poblaci\u00f3n en Excel\" src=\"https:\/\/exceladvisor.org\/wp-content\/uploads\/2023\/08\/changer-letiquette-pour-creer-un-graphique-pyramidal-des-ages-dans-Excel-1.png\" sizes=\"\" srcset=\"\" alt=\"change label to create a population pyramid chart in excel\"><\/li>\n<li> A continuaci\u00f3n, debemos cambiar la superposici\u00f3n de series al 100% y el ancho del espacio a 0%. Para hacer esto, vaya a Formatear eje \u279c Opci\u00f3n de serie. <br \/><img decoding=\"async\" title=\"cambiar-ancho-para-crear-un-gr\u00e1fico-piramidal-de-poblaci\u00f3n-en-excel-min\" src=\"https:\/\/exceladvisor.org\/wp-content\/uploads\/2023\/08\/modifier-la-largeur-pour-creer-un-graphique-pyramidal-des-ages-dans-Excel-min-1.png\" sizes=\"\" srcset=\"\" alt=\"change width to create a population pyramid chart in excel\"><\/li>\n<li> En \u00faltima instancia, necesitamos convertir las etiquetas de datos negativos de la barra de datos femenina en positivas. Para esto, seleccione las etiquetas de datos y vaya a Formatear etiquetas de datos \u279c Opciones de etiqueta \u279c Seleccione N\u00famero personalizado de la categor\u00eda y agregue el formato \u201c#,##0.00;#,##0.00\u201d. <br \/><img decoding=\"async\" title=\"formatear-etiqueta-de-datos-como-n\u00fameros-positivos-en-gr\u00e1fico-piramidal-de-poblaci\u00f3n-de-excel\" src=\"https:\/\/exceladvisor.org\/wp-content\/uploads\/2023\/08\/formater-letiquette-de-donnees-sous-forme-de-nombres-positifs-dans-le-graphique-de-la-pyramide-des-ages-Excel-1.png\" sizes=\"\" srcset=\"\" alt=\"format data label as positive numbers in excel population pyramid chart\"><\/li>\n<\/ol>\n<p> <strong><span style=\"color: #000000; background-color: #ffff00;\">\u00a1Felicidades!<\/span><\/strong> Nuestro gr\u00e1fico piramidal est\u00e1 listo para rockear. <\/p>\n<div class=\"wp-block-image\">\n<figure class=\"aligncenter\"><img decoding=\"async\" src=\"https:\/\/exceladvisor.org\/wp-content\/uploads\/2023\/08\/diagramme-de-pyramide-des-ages-pret-a-lemploi-dans-excel-min-1.png\" sizes=\"\" srcset=\"\" alt=\"Diagrama piramidal de edad listo para usar en Excel.\"><\/figure>\n<\/div>\n<h2 class=\"wp-block-heading\"> Utilice formato condicional para crear simplemente un gr\u00e1fico piramidal en Excel<\/h2>\n<p> Tambi\u00e9n podemos crear un gr\u00e1fico piramidal usando formato condicional y estos son los pasos a seguir.<\/p>\n<ol>\n<li> Primero, crea una tabla con datos de la poblaci\u00f3n masculina y femenina con grupos de edad. <br \/><img decoding=\"async\" title=\"tabla-de-datos-para-crear-un-gr\u00e1fico-piramidal-de-poblaci\u00f3n-en-excel-con-formato-condicional\" src=\"https:\/\/exceladvisor.org\/wp-content\/uploads\/2023\/08\/tableau-de-donnees-pour-creer-un-graphique-en-pyramide-des-ages-dans-Excel-avec-mise-en-forme-conditionnelle.png\" sizes=\"\" srcset=\"\" alt=\"data table to create a population pyramid chart in excel with conditional formatting\"><\/li>\n<li> A continuaci\u00f3n, seleccione una sola columna masculina o femenina y aplique barras de datos de formato condicional desde la pesta\u00f1a Inicio \u279c Estilos \u279c Barras de datos \u279c M\u00e1s reglas.<\/li>\n<li> Despu\u00e9s de eso, en el nuevo cuadro de di\u00e1logo de formato, marque la casilla \u00abMostrar solo barra\u00bb, agregue un borde s\u00f3lido y cambie la direcci\u00f3n de la barra (las barras femenina y masculina deben estar en la direcci\u00f3n opuesta). <br \/><img decoding=\"async\" title=\"mostrar-barras-solo-para-crear-un-gr\u00e1fico-piramidal-de-poblaci\u00f3n-en-Excel-con-formato-condicional\" src=\"https:\/\/exceladvisor.org\/wp-content\/uploads\/2023\/08\/afficher-les-barres-uniquement-pour-creer-un-graphique-en-pyramide-des-ages-dans-Excel-avec-une-mise-en-forme-conditionnelle.png\" sizes=\"\" srcset=\"\" alt=\"show bars only to create a population pyramid chart in excel with conditional formatting\"><\/li>\n<li> Ahora seleccione la segunda columna de datos y agr\u00e9guele barras de datos de la misma manera, y obtendr\u00e1 un gr\u00e1fico piramidal como el que se muestra a continuaci\u00f3n. <br \/><img decoding=\"async\" title=\"tabla-piramidal-de-poblaci\u00f3n-simple-en-excel-con-formato-condicional\" src=\"https:\/\/exceladvisor.org\/wp-content\/uploads\/2023\/08\/graphique-de-pyramide-des-ages-simple-dans-excel-avec-mise-en-forme-conditionnelle-1.png\" sizes=\"\" srcset=\"\" alt=\"simple population pyramid chart in excel with conditional formatting\"><\/li>\n<li> Al final, como toque final, agregue dos columnas a ambos lados del gr\u00e1fico para agregar etiquetas de datos.<\/li>\n<\/ol>\n<p> <strong><span style=\"color: #000000; background-color: #ffff00;\">\u00a1Auge!<\/span><\/strong> Nuestra mesa est\u00e1 lista. <\/p>\n<div class=\"wp-block-image\">\n<figure class=\"aligncenter\"><img decoding=\"async\" src=\"https:\/\/exceladvisor.org\/wp-content\/uploads\/2023\/08\/graphique-pyramidal-des-ages-final-dans-excel-avec-mise-en-forme-conditionnelle-1.png\" sizes=\"\" srcset=\"\" alt=\"gr\u00e1fico piramidal de edad final en excel con formato condicional\"><\/figure>\n<\/div>\n<h2 class=\"wp-block-heading\"> Cree un gr\u00e1fico piramidal de poblaci\u00f3n en una celda en Excel<\/h2>\n<p> Soy un gran admirador de REPT y lo mejor es que puedes usarlo para crear una pir\u00e1mide de poblaci\u00f3n simple.<\/p>\n<ol>\n<li> Primero, cree una tabla como la siguiente. <br \/><img decoding=\"async\" title=\"tabla-de-datos-a-usar-para-crear-un-gr\u00e1fico-piramidal-de-poblaci\u00f3n-en-excel-usando-la-funci\u00f3n-rept\" src=\"https:\/\/exceladvisor.org\/wp-content\/uploads\/2023\/08\/table-de-donnees-a-utiliser-pour-creer-un-graphique-pyramidal-des-ages-dans-Excel-a-laide-de-la-fonction-rept-1.png\" sizes=\"\" srcset=\"\" alt=\"data table to use to create population pyramid chart in excel using rept function\"><\/li>\n<li> Ahora agregue la f\u00f3rmula a continuaci\u00f3n en las columnas femenina y masculina y arr\u00e1strela hacia abajo.\n<pre> Female Column: =IFERROR(REPT(\u201c|\u201d,C5*4),\u201d\u201d)<\/pre>\n<pre> Male Column: =IFERROR(REPT(\u201c|\u201d,F5*4),\u201d\u201d)<\/pre>\n<\/li>\n<li> Despu\u00e9s de eso, cambie el estilo de fuente a Playbill (Tama\u00f1o de fuente \u2013 10) o tambi\u00e9n puede usar Plantilla (Tama\u00f1o de fuente \u2013 10).<\/li>\n<li> Al final, cambie el color de fuente para ambas columnas y alinee la columna femenina a la derecha y la columna masculina a la izquierda.<\/li>\n<\/ol>\n<p> El tablero est\u00e1 listo. <\/p>\n<div class=\"wp-block-image\">\n<figure class=\"aligncenter\"><img decoding=\"async\" src=\"https:\/\/exceladvisor.org\/wp-content\/uploads\/2023\/08\/diagramme-de-pyramide-des-ages-simple-dans-excel-utilisant-la-fonction-rept-1.png\" sizes=\"\" srcset=\"\" alt=\"Gr\u00e1fico-piramidal-de-poblaci\u00f3n-simple-en-excel-usando-la-funci\u00f3n-rept\"><\/figure>\n<\/div>\n<h2 class=\"wp-block-heading\"> Archivo de ejemplo<\/h2>\n<p> <a href=\"https:\/\/exceladvisor.org\/wp-content\/uploads\/2023\/08\/diagramme-pyramidal-2.zip\" rel=\"nofollow\">Descargue este archivo de muestra aqu\u00ed<\/a><\/p>\n<h2 class=\"wp-block-heading\"> Conclusi\u00f3n<\/h2>\n<p> Quiz\u00e1s te preguntes si un gr\u00e1fico piramidal es s\u00f3lo para datos demogr\u00e1ficos, pero la verdad es que puedes usarlo para todo tipo de datos.<\/p>\n<p> Siempre que necesite comparar diferentes puntos de datos para dos per\u00edodos diferentes, es mejor utilizar un gr\u00e1fico piramidal, por ejemplo, datos de ventas de diferentes productos durante dos a\u00f1os.<\/p>\n<p> Esta es una de mis listas de <a style=\"outline: none;\" href=\"https:\/\/exceladvisor.org\/es\/graficos-avanzados\/\">tablas y gr\u00e1ficos avanzados de Excel<\/a> . Espero que este consejo te haya resultado \u00fatil, pero dime una cosa.<\/p>\n<p> <strong>\u00bfHas usado alguna vez un gr\u00e1fico piramidal?<\/strong> \u00bfO tienes otra forma de crearlo?<\/p>\n<p> Comparta sus pensamientos conmigo en la secci\u00f3n de comentarios, me encantar\u00eda saber de usted. Y no olvides compartir este consejo con tus amigos.<\/p>\n<div class=\"gb-container gb-container-a61970aa gb-container-mt\"> <a class=\"gb-button gb-button-b4293c6c gb-button-text gb-button-mt-button\" href=\"https:\/\/exceladvisor.org\/es\/graficos-de-excel\/\">Tipos de gr\u00e1ficos de Excel<\/a><\/p>\n<h2 class=\"gb-headline gb-headline-5bf2e581 gb-headline-text gb-headline-mt-heading\"> Tutoriales relacionados <\/h2>\n<div class=\"gb-grid-wrapper gb-grid-wrapper-9b70abf1 gb-grid-wrapper-mt-grid\">\n<div class=\"gb-grid-column gb-grid-column-97a95c29\">\n<div class=\"gb-container gb-container-97a95c29\">\n<ul>\n<li> <a href=\"https:\/\/exceladvisor.org\/es\/grafico-de-gofres\/\">TABLERO EN RELIEVE<\/a><\/li>\n<li> <a href=\"https:\/\/exceladvisor.org\/es\/grafico-de-embudo\/\">gr\u00e1fico de embudo<\/a><\/li>\n<li> <a href=\"https:\/\/exceladvisor.org\/es\/grafico-de-gantt\/\">Gr\u00e1fico de gantt<\/a><\/li>\n<li> <a href=\"https:\/\/exceladvisor.org\/es\/tablero-de-balas\/\">gr\u00e1fico de vi\u00f1etas<\/a><\/li>\n<li> <a href=\"https:\/\/exceladvisor.org\/es\/mapa-de-calor\/\">Mapa de calor<\/a><\/li>\n<\/ul>\n<\/div>\n<\/div>\n<\/div>\n<\/div>\n","protected":false},"excerpt":{"rendered":"<p>Un gr\u00e1fico piramidal de poblaci\u00f3n es un gr\u00e1fico espec\u00edfico que nos ayuda a presentar y analizar la poblaci\u00f3n de ambos sexos utilizando grupos de edad. Una pir\u00e1mide de poblaci\u00f3n, tambi\u00e9n llamada pir\u00e1mide de poblaci\u00f3n o imagen de edades, es una ilustraci\u00f3n gr\u00e1fica que muestra la distribuci\u00f3n de los diferentes grupos de edad en una poblaci\u00f3n, [&hellip;]<\/p>\n","protected":false},"author":1,"featured_media":0,"parent":0,"menu_order":0,"comment_status":"open","ping_status":"closed","template":"","meta":{"ub_ctt_via":"","footnotes":""},"class_list":["post-473","page","type-page","status-publish","hentry"],"featured_image_src":null,"yoast_head":"<!-- This site is optimized with the Yoast SEO plugin v25.4 - https:\/\/yoast.com\/wordpress\/plugins\/seo\/ -->\n<title>\u00bfc\u00f3mo crear un gr\u00e1fico piramidal de poblaci\u00f3n en excel?<\/title>\n<meta name=\"robots\" content=\"index, follow, max-snippet:-1, max-image-preview:large, max-video-preview:-1\" \/>\n<link rel=\"canonical\" href=\"https:\/\/exceladvisor.org\/es\/diagrama-piramidal\/\" \/>\n<meta property=\"og:locale\" content=\"es_ES\" \/>\n<meta property=\"og:type\" content=\"article\" \/>\n<meta property=\"og:title\" content=\"\u00bfc\u00f3mo crear un gr\u00e1fico piramidal de poblaci\u00f3n en excel?\" \/>\n<meta property=\"og:description\" content=\"Un gr\u00e1fico piramidal de poblaci\u00f3n es un gr\u00e1fico espec\u00edfico que nos ayuda a presentar y analizar la poblaci\u00f3n de ambos sexos utilizando grupos de edad. Una pir\u00e1mide de poblaci\u00f3n, tambi\u00e9n llamada pir\u00e1mide de poblaci\u00f3n o imagen de edades, es una ilustraci\u00f3n gr\u00e1fica que muestra la distribuci\u00f3n de los diferentes grupos de edad en una poblaci\u00f3n, [&hellip;]\" \/>\n<meta property=\"og:url\" content=\"https:\/\/exceladvisor.org\/es\/diagrama-piramidal\/\" \/>\n<meta property=\"og:site_name\" content=\"Excel Advisor\" \/>\n<meta property=\"article:modified_time\" content=\"2023-12-25T10:25:16+00:00\" \/>\n<meta property=\"og:image\" content=\"https:\/\/exceladvisor.org\/wp-content\/uploads\/2023\/08\/creer-un-graphique-pyramidal-des-ages-dans-Excel-de-differentes-manieres-1.gif\" \/>\n<meta name=\"twitter:card\" content=\"summary_large_image\" \/>\n<meta name=\"twitter:label1\" content=\"Tiempo de lectura\" \/>\n\t<meta name=\"twitter:data1\" content=\"4 minutos\" \/>\n<script type=\"application\/ld+json\" class=\"yoast-schema-graph\">{\"@context\":\"https:\/\/schema.org\",\"@graph\":[{\"@type\":\"WebPage\",\"@id\":\"https:\/\/exceladvisor.org\/es\/diagrama-piramidal\/\",\"url\":\"https:\/\/exceladvisor.org\/es\/diagrama-piramidal\/\",\"name\":\"\u00bfc\u00f3mo crear un gr\u00e1fico piramidal de poblaci\u00f3n en excel?\",\"isPartOf\":{\"@id\":\"https:\/\/exceladvisor.org\/es\/#website\"},\"primaryImageOfPage\":{\"@id\":\"https:\/\/exceladvisor.org\/es\/diagrama-piramidal\/#primaryimage\"},\"image\":{\"@id\":\"https:\/\/exceladvisor.org\/es\/diagrama-piramidal\/#primaryimage\"},\"thumbnailUrl\":\"https:\/\/exceladvisor.org\/wp-content\/uploads\/2023\/08\/creer-un-graphique-pyramidal-des-ages-dans-Excel-de-differentes-manieres-1.gif\",\"datePublished\":\"2023-10-26T16:23:45+00:00\",\"dateModified\":\"2023-12-25T10:25:16+00:00\",\"breadcrumb\":{\"@id\":\"https:\/\/exceladvisor.org\/es\/diagrama-piramidal\/#breadcrumb\"},\"inLanguage\":\"es\",\"potentialAction\":[{\"@type\":\"ReadAction\",\"target\":[\"https:\/\/exceladvisor.org\/es\/diagrama-piramidal\/\"]}]},{\"@type\":\"ImageObject\",\"inLanguage\":\"es\",\"@id\":\"https:\/\/exceladvisor.org\/es\/diagrama-piramidal\/#primaryimage\",\"url\":\"https:\/\/exceladvisor.org\/wp-content\/uploads\/2023\/08\/creer-un-graphique-pyramidal-des-ages-dans-Excel-de-differentes-manieres-1.gif\",\"contentUrl\":\"https:\/\/exceladvisor.org\/wp-content\/uploads\/2023\/08\/creer-un-graphique-pyramidal-des-ages-dans-Excel-de-differentes-manieres-1.gif\"},{\"@type\":\"BreadcrumbList\",\"@id\":\"https:\/\/exceladvisor.org\/es\/diagrama-piramidal\/#breadcrumb\",\"itemListElement\":[{\"@type\":\"ListItem\",\"position\":1,\"name\":\"Hogar\",\"item\":\"https:\/\/exceladvisor.org\/es\/\"},{\"@type\":\"ListItem\",\"position\":2,\"name\":\"\u00bfc\u00f3mo crear un gr\u00e1fico piramidal de poblaci\u00f3n en excel?\"}]},{\"@type\":\"WebSite\",\"@id\":\"https:\/\/exceladvisor.org\/es\/#website\",\"url\":\"https:\/\/exceladvisor.org\/es\/\",\"name\":\"Excel Advisor\",\"description\":\"Su gu\u00eda para la dominaci\u00f3n de datos!\",\"publisher\":{\"@id\":\"https:\/\/exceladvisor.org\/es\/#organization\"},\"potentialAction\":[{\"@type\":\"SearchAction\",\"target\":{\"@type\":\"EntryPoint\",\"urlTemplate\":\"https:\/\/exceladvisor.org\/es\/?s={search_term_string}\"},\"query-input\":{\"@type\":\"PropertyValueSpecification\",\"valueRequired\":true,\"valueName\":\"search_term_string\"}}],\"inLanguage\":\"es\"},{\"@type\":\"Organization\",\"@id\":\"https:\/\/exceladvisor.org\/es\/#organization\",\"name\":\"Excel Advisor\",\"url\":\"https:\/\/exceladvisor.org\/es\/\",\"logo\":{\"@type\":\"ImageObject\",\"inLanguage\":\"es\",\"@id\":\"https:\/\/exceladvisor.org\/es\/#\/schema\/logo\/image\/\",\"url\":\"https:\/\/exceladvisor.org\/es\/wp-content\/uploads\/2023\/12\/exceladvisor.org_.png\",\"contentUrl\":\"https:\/\/exceladvisor.org\/es\/wp-content\/uploads\/2023\/12\/exceladvisor.org_.png\",\"width\":105,\"height\":36,\"caption\":\"Excel Advisor\"},\"image\":{\"@id\":\"https:\/\/exceladvisor.org\/es\/#\/schema\/logo\/image\/\"}}]}<\/script>\n<!-- \/ Yoast SEO plugin. -->","yoast_head_json":{"title":"\u00bfc\u00f3mo crear un gr\u00e1fico piramidal de poblaci\u00f3n en excel?","robots":{"index":"index","follow":"follow","max-snippet":"max-snippet:-1","max-image-preview":"max-image-preview:large","max-video-preview":"max-video-preview:-1"},"canonical":"https:\/\/exceladvisor.org\/es\/diagrama-piramidal\/","og_locale":"es_ES","og_type":"article","og_title":"\u00bfc\u00f3mo crear un gr\u00e1fico piramidal de poblaci\u00f3n en excel?","og_description":"Un gr\u00e1fico piramidal de poblaci\u00f3n es un gr\u00e1fico espec\u00edfico que nos ayuda a presentar y analizar la poblaci\u00f3n de ambos sexos utilizando grupos de edad. Una pir\u00e1mide de poblaci\u00f3n, tambi\u00e9n llamada pir\u00e1mide de poblaci\u00f3n o imagen de edades, es una ilustraci\u00f3n gr\u00e1fica que muestra la distribuci\u00f3n de los diferentes grupos de edad en una poblaci\u00f3n, [&hellip;]","og_url":"https:\/\/exceladvisor.org\/es\/diagrama-piramidal\/","og_site_name":"Excel Advisor","article_modified_time":"2023-12-25T10:25:16+00:00","og_image":[{"url":"https:\/\/exceladvisor.org\/wp-content\/uploads\/2023\/08\/creer-un-graphique-pyramidal-des-ages-dans-Excel-de-differentes-manieres-1.gif","type":"","width":"","height":""}],"twitter_card":"summary_large_image","twitter_misc":{"Tiempo de lectura":"4 minutos"},"schema":{"@context":"https:\/\/schema.org","@graph":[{"@type":"WebPage","@id":"https:\/\/exceladvisor.org\/es\/diagrama-piramidal\/","url":"https:\/\/exceladvisor.org\/es\/diagrama-piramidal\/","name":"\u00bfc\u00f3mo crear un gr\u00e1fico piramidal de poblaci\u00f3n en excel?","isPartOf":{"@id":"https:\/\/exceladvisor.org\/es\/#website"},"primaryImageOfPage":{"@id":"https:\/\/exceladvisor.org\/es\/diagrama-piramidal\/#primaryimage"},"image":{"@id":"https:\/\/exceladvisor.org\/es\/diagrama-piramidal\/#primaryimage"},"thumbnailUrl":"https:\/\/exceladvisor.org\/wp-content\/uploads\/2023\/08\/creer-un-graphique-pyramidal-des-ages-dans-Excel-de-differentes-manieres-1.gif","datePublished":"2023-10-26T16:23:45+00:00","dateModified":"2023-12-25T10:25:16+00:00","breadcrumb":{"@id":"https:\/\/exceladvisor.org\/es\/diagrama-piramidal\/#breadcrumb"},"inLanguage":"es","potentialAction":[{"@type":"ReadAction","target":["https:\/\/exceladvisor.org\/es\/diagrama-piramidal\/"]}]},{"@type":"ImageObject","inLanguage":"es","@id":"https:\/\/exceladvisor.org\/es\/diagrama-piramidal\/#primaryimage","url":"https:\/\/exceladvisor.org\/wp-content\/uploads\/2023\/08\/creer-un-graphique-pyramidal-des-ages-dans-Excel-de-differentes-manieres-1.gif","contentUrl":"https:\/\/exceladvisor.org\/wp-content\/uploads\/2023\/08\/creer-un-graphique-pyramidal-des-ages-dans-Excel-de-differentes-manieres-1.gif"},{"@type":"BreadcrumbList","@id":"https:\/\/exceladvisor.org\/es\/diagrama-piramidal\/#breadcrumb","itemListElement":[{"@type":"ListItem","position":1,"name":"Hogar","item":"https:\/\/exceladvisor.org\/es\/"},{"@type":"ListItem","position":2,"name":"\u00bfc\u00f3mo crear un gr\u00e1fico piramidal de poblaci\u00f3n en excel?"}]},{"@type":"WebSite","@id":"https:\/\/exceladvisor.org\/es\/#website","url":"https:\/\/exceladvisor.org\/es\/","name":"Excel Advisor","description":"Su gu\u00eda para la dominaci\u00f3n de datos!","publisher":{"@id":"https:\/\/exceladvisor.org\/es\/#organization"},"potentialAction":[{"@type":"SearchAction","target":{"@type":"EntryPoint","urlTemplate":"https:\/\/exceladvisor.org\/es\/?s={search_term_string}"},"query-input":{"@type":"PropertyValueSpecification","valueRequired":true,"valueName":"search_term_string"}}],"inLanguage":"es"},{"@type":"Organization","@id":"https:\/\/exceladvisor.org\/es\/#organization","name":"Excel Advisor","url":"https:\/\/exceladvisor.org\/es\/","logo":{"@type":"ImageObject","inLanguage":"es","@id":"https:\/\/exceladvisor.org\/es\/#\/schema\/logo\/image\/","url":"https:\/\/exceladvisor.org\/es\/wp-content\/uploads\/2023\/12\/exceladvisor.org_.png","contentUrl":"https:\/\/exceladvisor.org\/es\/wp-content\/uploads\/2023\/12\/exceladvisor.org_.png","width":105,"height":36,"caption":"Excel Advisor"},"image":{"@id":"https:\/\/exceladvisor.org\/es\/#\/schema\/logo\/image\/"}}]}},"yoast_meta":{"yoast_wpseo_title":"","yoast_wpseo_metadesc":"","yoast_wpseo_canonical":""},"_links":{"self":[{"href":"https:\/\/exceladvisor.org\/es\/wp-json\/wp\/v2\/pages\/473","targetHints":{"allow":["GET"]}}],"collection":[{"href":"https:\/\/exceladvisor.org\/es\/wp-json\/wp\/v2\/pages"}],"about":[{"href":"https:\/\/exceladvisor.org\/es\/wp-json\/wp\/v2\/types\/page"}],"author":[{"embeddable":true,"href":"https:\/\/exceladvisor.org\/es\/wp-json\/wp\/v2\/users\/1"}],"replies":[{"embeddable":true,"href":"https:\/\/exceladvisor.org\/es\/wp-json\/wp\/v2\/comments?post=473"}],"version-history":[{"count":1,"href":"https:\/\/exceladvisor.org\/es\/wp-json\/wp\/v2\/pages\/473\/revisions"}],"predecessor-version":[{"id":1031,"href":"https:\/\/exceladvisor.org\/es\/wp-json\/wp\/v2\/pages\/473\/revisions\/1031"}],"wp:attachment":[{"href":"https:\/\/exceladvisor.org\/es\/wp-json\/wp\/v2\/media?parent=473"}],"curies":[{"name":"wp","href":"https:\/\/api.w.org\/{rel}","templated":true}]}}