{"id":484,"date":"2023-10-26T11:46:37","date_gmt":"2023-10-26T11:46:37","guid":{"rendered":"https:\/\/exceladvisor.org\/es\/fechaanadir\/"},"modified":"2023-12-25T10:30:16","modified_gmt":"2023-12-25T10:30:16","slug":"fechaanadir","status":"publish","type":"page","link":"https:\/\/exceladvisor.org\/es\/fechaanadir\/","title":{"rendered":"\u00bfc\u00f3mo utilizar la funci\u00f3n vba dateadd?"},"content":{"rendered":"<div class=\"excel-antes-del-contenido\" id=\"excel-674639701\"><script type=\"text\/javascript\">\r\n\tatOptions = {\r\n\t\t'key' : 'c1158f160081d6540a8409e6925dab94',\r\n\t\t'format' : 'iframe',\r\n\t\t'height' : 250,\r\n\t\t'width' : 300,\r\n\t\t'params' : {}\r\n\t};\r\n<\/script>\r\n<script type=\"text\/javascript\" src=\"\/\/www.highperformanceformat.com\/c1158f160081d6540a8409e6925dab94\/invoke.js\"><\/script><\/div><p>La funci\u00f3n VBA DATEADD aparece en la categor\u00eda de fecha y hora de las funciones de VBA. Cuando lo usa en c\u00f3digo VBA, <strong><mark class=\"has-inline-color\" style=\"background-color: #fdde6c;\">devuelve una fecha u hora con un intervalo agregado<\/mark><\/strong> . En t\u00e9rminos simples, puede agregar segundos, minutos, horas, d\u00edas, meses o a\u00f1os al valor de fecha u hora y devolver esta nueva fecha y hora en el resultado.<\/p>\n<h2 class=\"wp-block-heading\"> Sintaxis<\/h2>\n<p> <strong>Fechaadd(Intervalo, N\u00famero, Fecha)<\/strong><\/p>\n<h2 class=\"wp-block-heading\"> Argumentos<\/h2>\n<ul>\n<li> <strong>Intervalo<\/strong> : una cadena para especificar el intervalo.\n<ul>\n<li> \u201cD\u201d \u2013 D\u00edas<\/li>\n<li> \u201cH\u201d \u2013 Horas<\/li>\n<li> \u201cN\u201d \u2013 Minutos<\/li>\n<li> \u201cM\u201d \u2013 Mes<\/li>\n<li> \u201cQ\u201d \u2013 Trimestres (de un a\u00f1o)<\/li>\n<li> \u201cS\u201d \u2013 Segundos<\/li>\n<li> \u201cww\u201d \u2013 Semanas<\/li>\n<li> \u201caaaa\u201d \u2013 A\u00f1os<\/li>\n<\/ul>\n<\/li>\n<li> <strong>N\u00famero<\/strong> : el n\u00famero de intervalos que se agregar\u00e1n a la fecha.<\/li>\n<li> <strong>Fecha<\/strong> : La fecha en la que desea agregar el n\u00famero espec\u00edfico de intervalos.<\/li>\n<\/ul>\n<h2 class=\"wp-block-heading\"> Ejemplo<\/h2>\n<p> Para comprender pr\u00e1cticamente c\u00f3mo usar la funci\u00f3n VBA DATEADD, debe seguir el siguiente ejemplo donde escribimos un c\u00f3digo vba us\u00e1ndola: <\/p>\n<div class=\"wp-block-image\">\n<figure class=\"aligncenter is-resized\"><img loading=\"lazy\" decoding=\"async\" title=\"ejemplo-vba-dateadd-funci\u00f3n\" src=\"https:\/\/exceladvisor.org\/wp-content\/uploads\/2023\/08\/exemple-de-fonction-vba-dateadd.png\" sizes=\"auto, \" srcset=\"\" alt=\"example-vba-dateadd-function\" width=\"831\" height=\"487\"><\/figure>\n<\/div>\n<pre class=\"wp-block-code\"> <code class=\"language-visual-basic\" lang=\"visual-basic\">Sub example_DATE() Range(\"B1\") = DateAdd(\"YYYY\", 2, Range(\"A1\")) End Sub<\/code><\/pre>\n<p> En el ejemplo anterior, usamos la funci\u00f3n DATEADD para agregar tres a\u00f1os a la fecha que tenemos en la celda A1.<\/p>\n<p> Bueno, la fecha que tenemos en la celda A1 es el 13 de noviembre de 2017, y en la funci\u00f3n usamos el intervalo \u00abAAAA\u00bb para mencionar que queremos agregarle un a\u00f1o a eso, y luego especificamos los 2 como a\u00f1os.<\/p>\n<p> Como resultado, regres\u00f3 el 13 de noviembre de 2019, que es la fecha exacta despu\u00e9s de los 3 a\u00f1os.<\/p>\n<h2 class=\"wp-block-heading\"> Comentarios<\/h2>\n<ul>\n<li> Si el valor especificado es un valor distinto de una fecha o una fecha que no puede reconocerse como fecha, VBA devolver\u00e1 el error de ejecuci\u00f3n 13. <\/li>\n<\/ul>\n<div class=\"wp-block-group more-tutorials is-layout-flow\">\n<div class=\"wp-block-group__inner-container\">\n<h2 class=\"wp-block-heading\"> M\u00e1s tutoriales <\/h2>\n<div class=\"wp-block-columns is-layout-flex wp-container-304\">\n<div class=\"wp-block-column is-layout-flow\">\n<ul>\n<li> <a href=\"https:\/\/exceladvisor.org\/es\/fecha-2\/\">FECHA VBA<\/a><\/li>\n<li> <a href=\"https:\/\/exceladvisor.org\/es\/parte-de-fecha\/\">PARTES DE FECHA DE VBA<\/a><\/li>\n<li> <a href=\"https:\/\/exceladvisor.org\/es\/serie-de-fechas\/\">SERIE DE FECHA VBA<\/a><\/li>\n<li> <a href=\"https:\/\/exceladvisor.org\/es\/valor-de-fecha\/\">VALOR FECHA VBA<\/a><\/li>\n<li> <a href=\"https:\/\/exceladvisor.org\/es\/dia\/\">D\u00cdA VBA<\/a><\/li>\n<\/ul>\n<\/div>\n<\/div>\n<\/div>\n<\/div>\n","protected":false},"excerpt":{"rendered":"<p>La funci\u00f3n VBA DATEADD aparece en la categor\u00eda de fecha y hora de las funciones de VBA. Cuando lo usa en c\u00f3digo VBA, devuelve una fecha u hora con un intervalo agregado . En t\u00e9rminos simples, puede agregar segundos, minutos, horas, d\u00edas, meses o a\u00f1os al valor de fecha u hora y devolver esta nueva [&hellip;]<\/p>\n","protected":false},"author":1,"featured_media":0,"parent":0,"menu_order":0,"comment_status":"open","ping_status":"closed","template":"","meta":{"ub_ctt_via":"","footnotes":""},"class_list":["post-484","page","type-page","status-publish","hentry"],"featured_image_src":null,"yoast_head":"<!-- This site is optimized with the Yoast SEO plugin v25.4 - https:\/\/yoast.com\/wordpress\/plugins\/seo\/ -->\n<title>\u00bfc\u00f3mo utilizar la funci\u00f3n vba dateadd?<\/title>\n<meta name=\"robots\" content=\"index, follow, max-snippet:-1, max-image-preview:large, max-video-preview:-1\" \/>\n<link rel=\"canonical\" href=\"https:\/\/exceladvisor.org\/es\/fechaanadir\/\" \/>\n<meta property=\"og:locale\" content=\"es_ES\" \/>\n<meta property=\"og:type\" content=\"article\" \/>\n<meta property=\"og:title\" content=\"\u00bfc\u00f3mo utilizar la funci\u00f3n vba dateadd?\" \/>\n<meta property=\"og:description\" content=\"La funci\u00f3n VBA DATEADD aparece en la categor\u00eda de fecha y hora de las funciones de VBA. Cuando lo usa en c\u00f3digo VBA, devuelve una fecha u hora con un intervalo agregado . En t\u00e9rminos simples, puede agregar segundos, minutos, horas, d\u00edas, meses o a\u00f1os al valor de fecha u hora y devolver esta nueva [&hellip;]\" \/>\n<meta property=\"og:url\" content=\"https:\/\/exceladvisor.org\/es\/fechaanadir\/\" \/>\n<meta property=\"og:site_name\" content=\"Excel Advisor\" \/>\n<meta property=\"article:modified_time\" content=\"2023-12-25T10:30:16+00:00\" \/>\n<meta property=\"og:image\" content=\"https:\/\/exceladvisor.org\/wp-content\/uploads\/2023\/08\/exemple-de-fonction-vba-dateadd.png\" \/>\n<meta name=\"twitter:card\" content=\"summary_large_image\" \/>\n<meta name=\"twitter:label1\" content=\"Tiempo de lectura\" \/>\n\t<meta name=\"twitter:data1\" content=\"1 minuto\" \/>\n<script type=\"application\/ld+json\" class=\"yoast-schema-graph\">{\"@context\":\"https:\/\/schema.org\",\"@graph\":[{\"@type\":\"WebPage\",\"@id\":\"https:\/\/exceladvisor.org\/es\/fechaanadir\/\",\"url\":\"https:\/\/exceladvisor.org\/es\/fechaanadir\/\",\"name\":\"\u00bfc\u00f3mo utilizar la funci\u00f3n vba dateadd?\",\"isPartOf\":{\"@id\":\"https:\/\/exceladvisor.org\/es\/#website\"},\"primaryImageOfPage\":{\"@id\":\"https:\/\/exceladvisor.org\/es\/fechaanadir\/#primaryimage\"},\"image\":{\"@id\":\"https:\/\/exceladvisor.org\/es\/fechaanadir\/#primaryimage\"},\"thumbnailUrl\":\"https:\/\/exceladvisor.org\/wp-content\/uploads\/2023\/08\/exemple-de-fonction-vba-dateadd.png\",\"datePublished\":\"2023-10-26T11:46:37+00:00\",\"dateModified\":\"2023-12-25T10:30:16+00:00\",\"breadcrumb\":{\"@id\":\"https:\/\/exceladvisor.org\/es\/fechaanadir\/#breadcrumb\"},\"inLanguage\":\"es\",\"potentialAction\":[{\"@type\":\"ReadAction\",\"target\":[\"https:\/\/exceladvisor.org\/es\/fechaanadir\/\"]}]},{\"@type\":\"ImageObject\",\"inLanguage\":\"es\",\"@id\":\"https:\/\/exceladvisor.org\/es\/fechaanadir\/#primaryimage\",\"url\":\"https:\/\/exceladvisor.org\/wp-content\/uploads\/2023\/08\/exemple-de-fonction-vba-dateadd.png\",\"contentUrl\":\"https:\/\/exceladvisor.org\/wp-content\/uploads\/2023\/08\/exemple-de-fonction-vba-dateadd.png\"},{\"@type\":\"BreadcrumbList\",\"@id\":\"https:\/\/exceladvisor.org\/es\/fechaanadir\/#breadcrumb\",\"itemListElement\":[{\"@type\":\"ListItem\",\"position\":1,\"name\":\"Hogar\",\"item\":\"https:\/\/exceladvisor.org\/es\/\"},{\"@type\":\"ListItem\",\"position\":2,\"name\":\"\u00bfc\u00f3mo utilizar la funci\u00f3n vba dateadd?\"}]},{\"@type\":\"WebSite\",\"@id\":\"https:\/\/exceladvisor.org\/es\/#website\",\"url\":\"https:\/\/exceladvisor.org\/es\/\",\"name\":\"Excel Advisor\",\"description\":\"Su gu\u00eda para la dominaci\u00f3n de datos!\",\"publisher\":{\"@id\":\"https:\/\/exceladvisor.org\/es\/#organization\"},\"potentialAction\":[{\"@type\":\"SearchAction\",\"target\":{\"@type\":\"EntryPoint\",\"urlTemplate\":\"https:\/\/exceladvisor.org\/es\/?s={search_term_string}\"},\"query-input\":{\"@type\":\"PropertyValueSpecification\",\"valueRequired\":true,\"valueName\":\"search_term_string\"}}],\"inLanguage\":\"es\"},{\"@type\":\"Organization\",\"@id\":\"https:\/\/exceladvisor.org\/es\/#organization\",\"name\":\"Excel Advisor\",\"url\":\"https:\/\/exceladvisor.org\/es\/\",\"logo\":{\"@type\":\"ImageObject\",\"inLanguage\":\"es\",\"@id\":\"https:\/\/exceladvisor.org\/es\/#\/schema\/logo\/image\/\",\"url\":\"https:\/\/exceladvisor.org\/es\/wp-content\/uploads\/2023\/12\/exceladvisor.org_.png\",\"contentUrl\":\"https:\/\/exceladvisor.org\/es\/wp-content\/uploads\/2023\/12\/exceladvisor.org_.png\",\"width\":105,\"height\":36,\"caption\":\"Excel Advisor\"},\"image\":{\"@id\":\"https:\/\/exceladvisor.org\/es\/#\/schema\/logo\/image\/\"}}]}<\/script>\n<!-- \/ Yoast SEO plugin. -->","yoast_head_json":{"title":"\u00bfc\u00f3mo utilizar la funci\u00f3n vba dateadd?","robots":{"index":"index","follow":"follow","max-snippet":"max-snippet:-1","max-image-preview":"max-image-preview:large","max-video-preview":"max-video-preview:-1"},"canonical":"https:\/\/exceladvisor.org\/es\/fechaanadir\/","og_locale":"es_ES","og_type":"article","og_title":"\u00bfc\u00f3mo utilizar la funci\u00f3n vba dateadd?","og_description":"La funci\u00f3n VBA DATEADD aparece en la categor\u00eda de fecha y hora de las funciones de VBA. Cuando lo usa en c\u00f3digo VBA, devuelve una fecha u hora con un intervalo agregado . En t\u00e9rminos simples, puede agregar segundos, minutos, horas, d\u00edas, meses o a\u00f1os al valor de fecha u hora y devolver esta nueva [&hellip;]","og_url":"https:\/\/exceladvisor.org\/es\/fechaanadir\/","og_site_name":"Excel Advisor","article_modified_time":"2023-12-25T10:30:16+00:00","og_image":[{"url":"https:\/\/exceladvisor.org\/wp-content\/uploads\/2023\/08\/exemple-de-fonction-vba-dateadd.png","type":"","width":"","height":""}],"twitter_card":"summary_large_image","twitter_misc":{"Tiempo de lectura":"1 minuto"},"schema":{"@context":"https:\/\/schema.org","@graph":[{"@type":"WebPage","@id":"https:\/\/exceladvisor.org\/es\/fechaanadir\/","url":"https:\/\/exceladvisor.org\/es\/fechaanadir\/","name":"\u00bfc\u00f3mo utilizar la funci\u00f3n vba dateadd?","isPartOf":{"@id":"https:\/\/exceladvisor.org\/es\/#website"},"primaryImageOfPage":{"@id":"https:\/\/exceladvisor.org\/es\/fechaanadir\/#primaryimage"},"image":{"@id":"https:\/\/exceladvisor.org\/es\/fechaanadir\/#primaryimage"},"thumbnailUrl":"https:\/\/exceladvisor.org\/wp-content\/uploads\/2023\/08\/exemple-de-fonction-vba-dateadd.png","datePublished":"2023-10-26T11:46:37+00:00","dateModified":"2023-12-25T10:30:16+00:00","breadcrumb":{"@id":"https:\/\/exceladvisor.org\/es\/fechaanadir\/#breadcrumb"},"inLanguage":"es","potentialAction":[{"@type":"ReadAction","target":["https:\/\/exceladvisor.org\/es\/fechaanadir\/"]}]},{"@type":"ImageObject","inLanguage":"es","@id":"https:\/\/exceladvisor.org\/es\/fechaanadir\/#primaryimage","url":"https:\/\/exceladvisor.org\/wp-content\/uploads\/2023\/08\/exemple-de-fonction-vba-dateadd.png","contentUrl":"https:\/\/exceladvisor.org\/wp-content\/uploads\/2023\/08\/exemple-de-fonction-vba-dateadd.png"},{"@type":"BreadcrumbList","@id":"https:\/\/exceladvisor.org\/es\/fechaanadir\/#breadcrumb","itemListElement":[{"@type":"ListItem","position":1,"name":"Hogar","item":"https:\/\/exceladvisor.org\/es\/"},{"@type":"ListItem","position":2,"name":"\u00bfc\u00f3mo utilizar la funci\u00f3n vba dateadd?"}]},{"@type":"WebSite","@id":"https:\/\/exceladvisor.org\/es\/#website","url":"https:\/\/exceladvisor.org\/es\/","name":"Excel Advisor","description":"Su gu\u00eda para la dominaci\u00f3n de datos!","publisher":{"@id":"https:\/\/exceladvisor.org\/es\/#organization"},"potentialAction":[{"@type":"SearchAction","target":{"@type":"EntryPoint","urlTemplate":"https:\/\/exceladvisor.org\/es\/?s={search_term_string}"},"query-input":{"@type":"PropertyValueSpecification","valueRequired":true,"valueName":"search_term_string"}}],"inLanguage":"es"},{"@type":"Organization","@id":"https:\/\/exceladvisor.org\/es\/#organization","name":"Excel Advisor","url":"https:\/\/exceladvisor.org\/es\/","logo":{"@type":"ImageObject","inLanguage":"es","@id":"https:\/\/exceladvisor.org\/es\/#\/schema\/logo\/image\/","url":"https:\/\/exceladvisor.org\/es\/wp-content\/uploads\/2023\/12\/exceladvisor.org_.png","contentUrl":"https:\/\/exceladvisor.org\/es\/wp-content\/uploads\/2023\/12\/exceladvisor.org_.png","width":105,"height":36,"caption":"Excel Advisor"},"image":{"@id":"https:\/\/exceladvisor.org\/es\/#\/schema\/logo\/image\/"}}]}},"yoast_meta":{"yoast_wpseo_title":"","yoast_wpseo_metadesc":"","yoast_wpseo_canonical":""},"_links":{"self":[{"href":"https:\/\/exceladvisor.org\/es\/wp-json\/wp\/v2\/pages\/484","targetHints":{"allow":["GET"]}}],"collection":[{"href":"https:\/\/exceladvisor.org\/es\/wp-json\/wp\/v2\/pages"}],"about":[{"href":"https:\/\/exceladvisor.org\/es\/wp-json\/wp\/v2\/types\/page"}],"author":[{"embeddable":true,"href":"https:\/\/exceladvisor.org\/es\/wp-json\/wp\/v2\/users\/1"}],"replies":[{"embeddable":true,"href":"https:\/\/exceladvisor.org\/es\/wp-json\/wp\/v2\/comments?post=484"}],"version-history":[{"count":1,"href":"https:\/\/exceladvisor.org\/es\/wp-json\/wp\/v2\/pages\/484\/revisions"}],"predecessor-version":[{"id":1245,"href":"https:\/\/exceladvisor.org\/es\/wp-json\/wp\/v2\/pages\/484\/revisions\/1245"}],"wp:attachment":[{"href":"https:\/\/exceladvisor.org\/es\/wp-json\/wp\/v2\/media?parent=484"}],"curies":[{"name":"wp","href":"https:\/\/api.w.org\/{rel}","templated":true}]}}