{"id":485,"date":"2023-10-26T11:30:55","date_gmt":"2023-10-26T11:30:55","guid":{"rendered":"https:\/\/exceladvisor.org\/es\/parte-de-fecha\/"},"modified":"2023-12-25T10:30:17","modified_gmt":"2023-12-25T10:30:17","slug":"parte-de-fecha","status":"publish","type":"page","link":"https:\/\/exceladvisor.org\/es\/parte-de-fecha\/","title":{"rendered":"\u00bfc\u00f3mo utilizar la funci\u00f3n vba datepart?"},"content":{"rendered":"<div class=\"excel-antes-del-contenido\" id=\"excel-1109691773\"><script type=\"text\/javascript\">\r\n\tatOptions = {\r\n\t\t'key' : 'c1158f160081d6540a8409e6925dab94',\r\n\t\t'format' : 'iframe',\r\n\t\t'height' : 250,\r\n\t\t'width' : 300,\r\n\t\t'params' : {}\r\n\t};\r\n<\/script>\r\n<script type=\"text\/javascript\" src=\"\/\/www.highperformanceformat.com\/c1158f160081d6540a8409e6925dab94\/invoke.js\"><\/script><\/div><p>La funci\u00f3n VBA DATEPART aparece en la categor\u00eda de fecha de las funciones VBA. Cuando lo usa en c\u00f3digo VBA, <strong>puede devolver el valor del d\u00eda a partir de un valor de fecha u hora<\/strong> . En t\u00e9rminos simples, puede obtener segundos, minutos, horas, d\u00edas, meses o a\u00f1os a partir de un valor de fecha u hora.<\/p>\n<h2 class=\"wp-block-heading\"> Sintaxis<\/h2>\n<p> <strong>DatePart(intervalo, fecha, [primer d\u00eda de la semana, [primera semana del a\u00f1o]])<\/strong><\/p>\n<h2 class=\"wp-block-heading\"> Argumentos<\/h2>\n<ul>\n<li> <strong>Intervalo<\/strong> : una cadena para especificar qu\u00e9 parte de la fecha debe devolverse en el resultado.<\/li>\n<li> <strong>Fecha<\/strong> : la fecha a partir de la cual debe regresar la parte de fecha.<\/li>\n<li> <strong>[FirstDayOfWeek]<\/strong> : una cadena para definir el primer d\u00eda de la semana [Este es un argumento opcional y, si se omite, vbSunday de forma predeterminada].\n<ul>\n<li> vbUseSystemDayOfWeek: seg\u00fan la configuraci\u00f3n del sistema.<\/li>\n<li> vbDomingo \u2013 Domingo<\/li>\n<li> vblunday \u2013 lunes<\/li>\n<li> vbMartes \u2013 Martes<\/li>\n<li> vbMi\u00e9rcoles \u2013 Mi\u00e9rcoles<\/li>\n<li> vbjueves \u2013 jueves<\/li>\n<li> vbviernes \u2013 viernes<\/li>\n<li> vbs\u00e1bado \u2013 s\u00e1bado<\/li>\n<\/ul>\n<\/li>\n<li> <strong>[FirstWeekOfYear]<\/strong> : una cadena para definir la primera semana del a\u00f1o [Este es un argumento opcional y, si se omite, vbFirstJan1 de forma predeterminada].\n<ul>\n<li> vbSystem: dependiendo de la configuraci\u00f3n del sistema.<\/li>\n<li> vbFirstJan1: la semana en la que ocurre el 1 de enero.<\/li>\n<li> vbFirstFourDays: la primera semana que contiene al menos cuatro d\u00edas en el nuevo a\u00f1o.<\/li>\n<li> vbFirstFullWeek: la primera semana completa del nuevo a\u00f1o.<\/li>\n<\/ul>\n<\/li>\n<\/ul>\n<h2 class=\"wp-block-heading\"> Ejemplo<\/h2>\n<p> Para comprender pr\u00e1cticamente c\u00f3mo usar la funci\u00f3n VBA DATEPART, debe seguir el siguiente ejemplo donde escribimos un c\u00f3digo vba us\u00e1ndola: <\/p>\n<div class=\"wp-block-image\">\n<figure class=\"aligncenter is-resized\"><img loading=\"lazy\" decoding=\"async\" title=\"ejemplo-vba-datepart-funci\u00f3n\" src=\"https:\/\/exceladvisor.org\/wp-content\/uploads\/2023\/08\/exemple-de-fonction-vba-datepart.png\" sizes=\"auto, \" srcset=\"\" alt=\"example-vba-datepart-function\" width=\"793\" height=\"587\"><\/figure>\n<\/div>\n<pre class=\"wp-block-code\"> <code class=\"language-visual-basic\" lang=\"visual-basic\">Sub example_DATEPART() Range(\"A2\").Value = DatePart(\"d\", Range(\"A1\")) Range(\"A3\").Value = DatePart(\"h\", Range(\"A1\")) Range(\"A4\").Value = DatePart(\"m\", Range(\"A1\")) Range(\"A5\").Value = DatePart(\"n\", Range(\"A1\")) Range(\"A6\").Value = DatePart(\"q\", Range(\"A1\")) Range(\"A7\").Value = DatePart(\"s\", Range(\"A1\")) Range(\"A8\").Value = DatePart(\"w\", Range(\"A1\")) Range(\"A9\").Value = DatePart(\"ww\", Range(\"A1\")) Range(\"A11\").Value = DatePart(\"y\", Range(\"A1\")) Range(\"A12\").Value = DatePart(\"yyyy\", Range(\"A1\")) End Sub<\/code><\/pre>\n<p> En el c\u00f3digo anterior, utilizamos un intervalo diferente en DATEPART:<\/p>\n<ul>\n<li> &#8216;d&#8217; para obtener el d\u00eda y devolvi\u00f3 15.<\/li>\n<li> &#8216;h&#8217; para obtener las horas, pero como no tenemos tiempo en la fecha, devolvi\u00f3 0 en el resultado.<\/li>\n<li> &#8216;m&#8217; para obtener el mes y devolvi\u00f3 1.<\/li>\n<li> &#8216;n&#8217; para obtener los minutos pero como no tenemos tiempo en la fecha, devolvi\u00f3 0 en el resultado.<\/li>\n<li> \u201cq\u201d para obtener la moneda y devolvi\u00f3 1.<\/li>\n<li> &#8216;s&#8217; para obtener los segundos, pero como no tenemos tiempo en la fecha, devolvi\u00f3 0 en el resultado.<\/li>\n<li> &#8216;w&#8217; para obtener el d\u00eda de la semana y devolvi\u00f3 3.<\/li>\n<li> &#8216;ww&#8217; para obtener la semana del a\u00f1o y volvi\u00f3 3.<\/li>\n<li> &#8216;y&#8217; para obtener el d\u00eda del a\u00f1o y devolvi\u00f3 15.<\/li>\n<li> \u201caaaa\u201d para obtener el a\u00f1o y volvi\u00f3 a 2019.<\/li>\n<\/ul>\n<h2 class=\"wp-block-heading\"> Comentarios<\/h2>\n<ul>\n<li> Si se proporciona una fecha sin el a\u00f1o, se utilizar\u00e1 el a\u00f1o actual.<\/li>\n<li> Si el valor especificado es un valor distinto de una fecha o una fecha que no puede reconocerse como fecha, VBA devolver\u00e1 el error de ejecuci\u00f3n 13.<\/li>\n<li> Establecer el argumento \u00abprimer d\u00eda de la semana\u00bb solo funciona cuando el \u00abintervalo\u00bb es \u00abw\u00bb o \u00abww\u00bb. <\/li>\n<\/ul>\n<div class=\"wp-block-group more-tutorials is-layout-flow\">\n<div class=\"wp-block-group__inner-container\">\n<h2 class=\"wp-block-heading\"> M\u00e1s tutoriales <\/h2>\n<div class=\"wp-block-columns is-layout-flex wp-container-300\">\n<div class=\"wp-block-column is-layout-flow\">\n<ul>\n<li> <a href=\"https:\/\/exceladvisor.org\/es\/fecha-2\/\">FECHA VBA<\/a><\/li>\n<li> <a href=\"https:\/\/exceladvisor.org\/es\/fechaanadir\/\">VBA FECHA AGREGAR<\/a><\/li>\n<li> <a href=\"https:\/\/exceladvisor.org\/es\/serie-de-fechas\/\">SERIE DE FECHA VBA<\/a><\/li>\n<li> <a href=\"https:\/\/exceladvisor.org\/es\/valor-de-fecha\/\">VALOR FECHA VBA<\/a><\/li>\n<li> <a href=\"https:\/\/exceladvisor.org\/es\/dia\/\">D\u00cdA VBA<\/a><\/li>\n<\/ul>\n<\/div>\n<\/div>\n<\/div>\n<\/div>\n","protected":false},"excerpt":{"rendered":"<p>La funci\u00f3n VBA DATEPART aparece en la categor\u00eda de fecha de las funciones VBA. Cuando lo usa en c\u00f3digo VBA, puede devolver el valor del d\u00eda a partir de un valor de fecha u hora . En t\u00e9rminos simples, puede obtener segundos, minutos, horas, d\u00edas, meses o a\u00f1os a partir de un valor de fecha [&hellip;]<\/p>\n","protected":false},"author":1,"featured_media":0,"parent":0,"menu_order":0,"comment_status":"open","ping_status":"closed","template":"","meta":{"ub_ctt_via":"","footnotes":""},"class_list":["post-485","page","type-page","status-publish","hentry"],"featured_image_src":null,"yoast_head":"<!-- This site is optimized with the Yoast SEO plugin v25.4 - https:\/\/yoast.com\/wordpress\/plugins\/seo\/ -->\n<title>\u00bfc\u00f3mo utilizar la funci\u00f3n vba datepart?<\/title>\n<meta name=\"robots\" content=\"index, follow, max-snippet:-1, max-image-preview:large, max-video-preview:-1\" \/>\n<link rel=\"canonical\" href=\"https:\/\/exceladvisor.org\/es\/parte-de-fecha\/\" \/>\n<meta property=\"og:locale\" content=\"es_ES\" \/>\n<meta property=\"og:type\" content=\"article\" \/>\n<meta property=\"og:title\" content=\"\u00bfc\u00f3mo utilizar la funci\u00f3n vba datepart?\" \/>\n<meta property=\"og:description\" content=\"La funci\u00f3n VBA DATEPART aparece en la categor\u00eda de fecha de las funciones VBA. Cuando lo usa en c\u00f3digo VBA, puede devolver el valor del d\u00eda a partir de un valor de fecha u hora . En t\u00e9rminos simples, puede obtener segundos, minutos, horas, d\u00edas, meses o a\u00f1os a partir de un valor de fecha [&hellip;]\" \/>\n<meta property=\"og:url\" content=\"https:\/\/exceladvisor.org\/es\/parte-de-fecha\/\" \/>\n<meta property=\"og:site_name\" content=\"Excel Advisor\" \/>\n<meta property=\"article:modified_time\" content=\"2023-12-25T10:30:17+00:00\" \/>\n<meta property=\"og:image\" content=\"https:\/\/exceladvisor.org\/wp-content\/uploads\/2023\/08\/exemple-de-fonction-vba-datepart.png\" \/>\n<meta name=\"twitter:card\" content=\"summary_large_image\" \/>\n<meta name=\"twitter:label1\" content=\"Tiempo de lectura\" \/>\n\t<meta name=\"twitter:data1\" content=\"3 minutos\" \/>\n<script type=\"application\/ld+json\" class=\"yoast-schema-graph\">{\"@context\":\"https:\/\/schema.org\",\"@graph\":[{\"@type\":\"WebPage\",\"@id\":\"https:\/\/exceladvisor.org\/es\/parte-de-fecha\/\",\"url\":\"https:\/\/exceladvisor.org\/es\/parte-de-fecha\/\",\"name\":\"\u00bfc\u00f3mo utilizar la funci\u00f3n vba datepart?\",\"isPartOf\":{\"@id\":\"https:\/\/exceladvisor.org\/es\/#website\"},\"primaryImageOfPage\":{\"@id\":\"https:\/\/exceladvisor.org\/es\/parte-de-fecha\/#primaryimage\"},\"image\":{\"@id\":\"https:\/\/exceladvisor.org\/es\/parte-de-fecha\/#primaryimage\"},\"thumbnailUrl\":\"https:\/\/exceladvisor.org\/wp-content\/uploads\/2023\/08\/exemple-de-fonction-vba-datepart.png\",\"datePublished\":\"2023-10-26T11:30:55+00:00\",\"dateModified\":\"2023-12-25T10:30:17+00:00\",\"breadcrumb\":{\"@id\":\"https:\/\/exceladvisor.org\/es\/parte-de-fecha\/#breadcrumb\"},\"inLanguage\":\"es\",\"potentialAction\":[{\"@type\":\"ReadAction\",\"target\":[\"https:\/\/exceladvisor.org\/es\/parte-de-fecha\/\"]}]},{\"@type\":\"ImageObject\",\"inLanguage\":\"es\",\"@id\":\"https:\/\/exceladvisor.org\/es\/parte-de-fecha\/#primaryimage\",\"url\":\"https:\/\/exceladvisor.org\/wp-content\/uploads\/2023\/08\/exemple-de-fonction-vba-datepart.png\",\"contentUrl\":\"https:\/\/exceladvisor.org\/wp-content\/uploads\/2023\/08\/exemple-de-fonction-vba-datepart.png\"},{\"@type\":\"BreadcrumbList\",\"@id\":\"https:\/\/exceladvisor.org\/es\/parte-de-fecha\/#breadcrumb\",\"itemListElement\":[{\"@type\":\"ListItem\",\"position\":1,\"name\":\"Hogar\",\"item\":\"https:\/\/exceladvisor.org\/es\/\"},{\"@type\":\"ListItem\",\"position\":2,\"name\":\"\u00bfc\u00f3mo utilizar la funci\u00f3n vba datepart?\"}]},{\"@type\":\"WebSite\",\"@id\":\"https:\/\/exceladvisor.org\/es\/#website\",\"url\":\"https:\/\/exceladvisor.org\/es\/\",\"name\":\"Excel Advisor\",\"description\":\"Su gu\u00eda para la dominaci\u00f3n de datos!\",\"publisher\":{\"@id\":\"https:\/\/exceladvisor.org\/es\/#organization\"},\"potentialAction\":[{\"@type\":\"SearchAction\",\"target\":{\"@type\":\"EntryPoint\",\"urlTemplate\":\"https:\/\/exceladvisor.org\/es\/?s={search_term_string}\"},\"query-input\":{\"@type\":\"PropertyValueSpecification\",\"valueRequired\":true,\"valueName\":\"search_term_string\"}}],\"inLanguage\":\"es\"},{\"@type\":\"Organization\",\"@id\":\"https:\/\/exceladvisor.org\/es\/#organization\",\"name\":\"Excel Advisor\",\"url\":\"https:\/\/exceladvisor.org\/es\/\",\"logo\":{\"@type\":\"ImageObject\",\"inLanguage\":\"es\",\"@id\":\"https:\/\/exceladvisor.org\/es\/#\/schema\/logo\/image\/\",\"url\":\"https:\/\/exceladvisor.org\/es\/wp-content\/uploads\/2023\/12\/exceladvisor.org_.png\",\"contentUrl\":\"https:\/\/exceladvisor.org\/es\/wp-content\/uploads\/2023\/12\/exceladvisor.org_.png\",\"width\":105,\"height\":36,\"caption\":\"Excel Advisor\"},\"image\":{\"@id\":\"https:\/\/exceladvisor.org\/es\/#\/schema\/logo\/image\/\"}}]}<\/script>\n<!-- \/ Yoast SEO plugin. -->","yoast_head_json":{"title":"\u00bfc\u00f3mo utilizar la funci\u00f3n vba datepart?","robots":{"index":"index","follow":"follow","max-snippet":"max-snippet:-1","max-image-preview":"max-image-preview:large","max-video-preview":"max-video-preview:-1"},"canonical":"https:\/\/exceladvisor.org\/es\/parte-de-fecha\/","og_locale":"es_ES","og_type":"article","og_title":"\u00bfc\u00f3mo utilizar la funci\u00f3n vba datepart?","og_description":"La funci\u00f3n VBA DATEPART aparece en la categor\u00eda de fecha de las funciones VBA. Cuando lo usa en c\u00f3digo VBA, puede devolver el valor del d\u00eda a partir de un valor de fecha u hora . En t\u00e9rminos simples, puede obtener segundos, minutos, horas, d\u00edas, meses o a\u00f1os a partir de un valor de fecha [&hellip;]","og_url":"https:\/\/exceladvisor.org\/es\/parte-de-fecha\/","og_site_name":"Excel Advisor","article_modified_time":"2023-12-25T10:30:17+00:00","og_image":[{"url":"https:\/\/exceladvisor.org\/wp-content\/uploads\/2023\/08\/exemple-de-fonction-vba-datepart.png","type":"","width":"","height":""}],"twitter_card":"summary_large_image","twitter_misc":{"Tiempo de lectura":"3 minutos"},"schema":{"@context":"https:\/\/schema.org","@graph":[{"@type":"WebPage","@id":"https:\/\/exceladvisor.org\/es\/parte-de-fecha\/","url":"https:\/\/exceladvisor.org\/es\/parte-de-fecha\/","name":"\u00bfc\u00f3mo utilizar la funci\u00f3n vba datepart?","isPartOf":{"@id":"https:\/\/exceladvisor.org\/es\/#website"},"primaryImageOfPage":{"@id":"https:\/\/exceladvisor.org\/es\/parte-de-fecha\/#primaryimage"},"image":{"@id":"https:\/\/exceladvisor.org\/es\/parte-de-fecha\/#primaryimage"},"thumbnailUrl":"https:\/\/exceladvisor.org\/wp-content\/uploads\/2023\/08\/exemple-de-fonction-vba-datepart.png","datePublished":"2023-10-26T11:30:55+00:00","dateModified":"2023-12-25T10:30:17+00:00","breadcrumb":{"@id":"https:\/\/exceladvisor.org\/es\/parte-de-fecha\/#breadcrumb"},"inLanguage":"es","potentialAction":[{"@type":"ReadAction","target":["https:\/\/exceladvisor.org\/es\/parte-de-fecha\/"]}]},{"@type":"ImageObject","inLanguage":"es","@id":"https:\/\/exceladvisor.org\/es\/parte-de-fecha\/#primaryimage","url":"https:\/\/exceladvisor.org\/wp-content\/uploads\/2023\/08\/exemple-de-fonction-vba-datepart.png","contentUrl":"https:\/\/exceladvisor.org\/wp-content\/uploads\/2023\/08\/exemple-de-fonction-vba-datepart.png"},{"@type":"BreadcrumbList","@id":"https:\/\/exceladvisor.org\/es\/parte-de-fecha\/#breadcrumb","itemListElement":[{"@type":"ListItem","position":1,"name":"Hogar","item":"https:\/\/exceladvisor.org\/es\/"},{"@type":"ListItem","position":2,"name":"\u00bfc\u00f3mo utilizar la funci\u00f3n vba datepart?"}]},{"@type":"WebSite","@id":"https:\/\/exceladvisor.org\/es\/#website","url":"https:\/\/exceladvisor.org\/es\/","name":"Excel Advisor","description":"Su gu\u00eda para la dominaci\u00f3n de datos!","publisher":{"@id":"https:\/\/exceladvisor.org\/es\/#organization"},"potentialAction":[{"@type":"SearchAction","target":{"@type":"EntryPoint","urlTemplate":"https:\/\/exceladvisor.org\/es\/?s={search_term_string}"},"query-input":{"@type":"PropertyValueSpecification","valueRequired":true,"valueName":"search_term_string"}}],"inLanguage":"es"},{"@type":"Organization","@id":"https:\/\/exceladvisor.org\/es\/#organization","name":"Excel Advisor","url":"https:\/\/exceladvisor.org\/es\/","logo":{"@type":"ImageObject","inLanguage":"es","@id":"https:\/\/exceladvisor.org\/es\/#\/schema\/logo\/image\/","url":"https:\/\/exceladvisor.org\/es\/wp-content\/uploads\/2023\/12\/exceladvisor.org_.png","contentUrl":"https:\/\/exceladvisor.org\/es\/wp-content\/uploads\/2023\/12\/exceladvisor.org_.png","width":105,"height":36,"caption":"Excel Advisor"},"image":{"@id":"https:\/\/exceladvisor.org\/es\/#\/schema\/logo\/image\/"}}]}},"yoast_meta":{"yoast_wpseo_title":"","yoast_wpseo_metadesc":"","yoast_wpseo_canonical":""},"_links":{"self":[{"href":"https:\/\/exceladvisor.org\/es\/wp-json\/wp\/v2\/pages\/485","targetHints":{"allow":["GET"]}}],"collection":[{"href":"https:\/\/exceladvisor.org\/es\/wp-json\/wp\/v2\/pages"}],"about":[{"href":"https:\/\/exceladvisor.org\/es\/wp-json\/wp\/v2\/types\/page"}],"author":[{"embeddable":true,"href":"https:\/\/exceladvisor.org\/es\/wp-json\/wp\/v2\/users\/1"}],"replies":[{"embeddable":true,"href":"https:\/\/exceladvisor.org\/es\/wp-json\/wp\/v2\/comments?post=485"}],"version-history":[{"count":1,"href":"https:\/\/exceladvisor.org\/es\/wp-json\/wp\/v2\/pages\/485\/revisions"}],"predecessor-version":[{"id":1247,"href":"https:\/\/exceladvisor.org\/es\/wp-json\/wp\/v2\/pages\/485\/revisions\/1247"}],"wp:attachment":[{"href":"https:\/\/exceladvisor.org\/es\/wp-json\/wp\/v2\/media?parent=485"}],"curies":[{"name":"wp","href":"https:\/\/api.w.org\/{rel}","templated":true}]}}