{"id":498,"date":"2023-10-26T08:55:35","date_gmt":"2023-10-26T08:55:35","guid":{"rendered":"https:\/\/exceladvisor.org\/es\/fv-2\/"},"modified":"2023-12-25T10:30:29","modified_gmt":"2023-12-25T10:30:29","slug":"fv-2","status":"publish","type":"page","link":"https:\/\/exceladvisor.org\/es\/fv-2\/","title":{"rendered":"\u00bfc\u00f3mo utilizar la funci\u00f3n vba fv?"},"content":{"rendered":"<div class=\"excel-antes-del-contenido\" id=\"excel-2454889440\"><script type=\"text\/javascript\">\r\n\tatOptions = {\r\n\t\t'key' : 'c1158f160081d6540a8409e6925dab94',\r\n\t\t'format' : 'iframe',\r\n\t\t'height' : 250,\r\n\t\t'width' : 300,\r\n\t\t'params' : {}\r\n\t};\r\n<\/script>\r\n<script type=\"text\/javascript\" src=\"\/\/www.highperformanceformat.com\/c1158f160081d6540a8409e6925dab94\/invoke.js\"><\/script><\/div><p>La funci\u00f3n VBA FV figura en la categor\u00eda financiera de funciones VBA. Cuando lo usas en c\u00f3digo VBA, <strong>devuelve el valor futuro de un pr\u00e9stamo o inversi\u00f3n<\/strong> . En pocas palabras, FV puede calcular el valor futuro de una inversi\u00f3n o pr\u00e9stamo mediante pagos peri\u00f3dicos fijos y una tasa de inter\u00e9s fija.<\/p>\n<p> Funciona como la funci\u00f3n FV en la <a href=\"https:\/\/exceladvisor.org\/es\/excel-funciones-financieras\/\">hoja de c\u00e1lculo<\/a> .<\/p>\n<h2 class=\"wp-block-heading\"> Sintaxis<\/h2>\n<p> <strong>FV(Tasa, Nper, Pago, [Pv], [Vencimiento])<\/strong><\/p>\n<h2 class=\"wp-block-heading\"> Argumentos<\/h2>\n<ul>\n<li> <strong>Tasa<\/strong> : La tasa de inter\u00e9s, por per\u00edodo.<\/li>\n<li> <strong>Nper<\/strong> : El n\u00famero de per\u00edodos para reembolsar el pr\u00e9stamo o la inversi\u00f3n.<\/li>\n<li> <strong>Pmt<\/strong> : El monto fijo del pago.<\/li>\n<li> <strong>[Pv]<\/strong> : El valor actual del pr\u00e9stamo\/inversi\u00f3n. (Este es un argumento opcional y, si se omite, VBA tomar\u00e1 0 de forma predeterminada).<\/li>\n<li> <strong>[Vence]<\/strong> : un argumento para definir si el pago vence al inicio o al final del per\u00edodo (este es un argumento opcional y, si se omite, VBA tomar\u00e1 el final del per\u00edodo como predeterminado).<\/li>\n<\/ul>\n<h2 class=\"wp-block-heading\"> Ejemplo<\/h2>\n<p> Para comprender pr\u00e1cticamente c\u00f3mo usar la funci\u00f3n VBA FV, debe seguir el siguiente ejemplo donde escribimos un c\u00f3digo VBA us\u00e1ndola: <\/p>\n<div class=\"wp-block-image\">\n<figure class=\"aligncenter is-resized\"><img loading=\"lazy\" decoding=\"async\" title=\"ejemplo-vba-fv-funci\u00f3n\" src=\"https:\/\/exceladvisor.org\/wp-content\/uploads\/2023\/08\/exemple-de-fonction-vba-fv.png\" sizes=\"auto, \" srcset=\"\" alt=\"example-vba-fv-function\" width=\"838\" height=\"460\"><\/figure>\n<\/div>\n<pre class=\"wp-block-code\"> <code class=\"language-visual-basic\" lang=\"visual-basic\">Sub example_FV() Range(\"A8\") = FV(0.5 \/ 12, 5 * 12, -1500) End Sub<\/code><\/pre>\n<p> En el c\u00f3digo anterior, hemos utilizado FV para calcular el valor futuro de la inversi\u00f3n. Ingresamos todos los valores directamente en la funci\u00f3n y devolvi\u00f3 <strong>380896,7585<\/strong> como valor futuro de la inversi\u00f3n.<\/p>\n<h2 class=\"wp-block-heading\"> Comentarios<\/h2>\n<ul>\n<li> El efectivo pagado debe proporcionarse como valor negativo.<\/li>\n<li> Si \u00abpv\u00bb o \u00abPMT\u00bb se dejan en blanco, se asumir\u00e1 0. <\/li>\n<\/ul>\n<div class=\"wp-block-group more-tutorials is-layout-flow\">\n<div class=\"wp-block-group__inner-container\">\n<h2 class=\"wp-block-heading\"> M\u00e1s tutoriales <\/h2>\n<div class=\"wp-block-columns is-layout-flex wp-container-252\">\n<div class=\"wp-block-column is-layout-flow\">\n<ul>\n<li> <a href=\"https:\/\/exceladvisor.org\/es\/ddb\/\">VBA DDB<\/a><\/li>\n<li> <a href=\"https:\/\/exceladvisor.org\/es\/ipmt\/\">IPMT-VBA<\/a><\/li>\n<li> <a href=\"https:\/\/exceladvisor.org\/es\/irr\/\">SALIDA VBA<\/a><\/li>\n<li> <a href=\"https:\/\/exceladvisor.org\/es\/espejo\/\">ESPEJO VBA<\/a><\/li>\n<li> <a href=\"https:\/\/exceladvisor.org\/es\/nper\/\">NPER VBA<\/a><\/li>\n<\/ul>\n<\/div>\n<\/div>\n<\/div>\n<\/div>\n","protected":false},"excerpt":{"rendered":"<p>La funci\u00f3n VBA FV figura en la categor\u00eda financiera de funciones VBA. Cuando lo usas en c\u00f3digo VBA, devuelve el valor futuro de un pr\u00e9stamo o inversi\u00f3n . En pocas palabras, FV puede calcular el valor futuro de una inversi\u00f3n o pr\u00e9stamo mediante pagos peri\u00f3dicos fijos y una tasa de inter\u00e9s fija. Funciona como la [&hellip;]<\/p>\n","protected":false},"author":1,"featured_media":0,"parent":0,"menu_order":0,"comment_status":"open","ping_status":"closed","template":"","meta":{"ub_ctt_via":"","footnotes":""},"class_list":["post-498","page","type-page","status-publish","hentry"],"featured_image_src":null,"yoast_head":"<!-- This site is optimized with the Yoast SEO plugin v25.4 - https:\/\/yoast.com\/wordpress\/plugins\/seo\/ -->\n<title>\u00bfc\u00f3mo utilizar la funci\u00f3n vba fv?<\/title>\n<meta name=\"robots\" content=\"index, follow, max-snippet:-1, max-image-preview:large, max-video-preview:-1\" \/>\n<link rel=\"canonical\" href=\"https:\/\/exceladvisor.org\/es\/fv-2\/\" \/>\n<meta property=\"og:locale\" content=\"es_ES\" \/>\n<meta property=\"og:type\" content=\"article\" \/>\n<meta property=\"og:title\" content=\"\u00bfc\u00f3mo utilizar la funci\u00f3n vba fv?\" \/>\n<meta property=\"og:description\" content=\"La funci\u00f3n VBA FV figura en la categor\u00eda financiera de funciones VBA. Cuando lo usas en c\u00f3digo VBA, devuelve el valor futuro de un pr\u00e9stamo o inversi\u00f3n . En pocas palabras, FV puede calcular el valor futuro de una inversi\u00f3n o pr\u00e9stamo mediante pagos peri\u00f3dicos fijos y una tasa de inter\u00e9s fija. Funciona como la [&hellip;]\" \/>\n<meta property=\"og:url\" content=\"https:\/\/exceladvisor.org\/es\/fv-2\/\" \/>\n<meta property=\"og:site_name\" content=\"Excel Advisor\" \/>\n<meta property=\"article:modified_time\" content=\"2023-12-25T10:30:29+00:00\" \/>\n<meta property=\"og:image\" content=\"https:\/\/exceladvisor.org\/wp-content\/uploads\/2023\/08\/exemple-de-fonction-vba-fv.png\" \/>\n<meta name=\"twitter:card\" content=\"summary_large_image\" \/>\n<meta name=\"twitter:label1\" content=\"Tiempo de lectura\" \/>\n\t<meta name=\"twitter:data1\" content=\"1 minuto\" \/>\n<script type=\"application\/ld+json\" class=\"yoast-schema-graph\">{\"@context\":\"https:\/\/schema.org\",\"@graph\":[{\"@type\":\"WebPage\",\"@id\":\"https:\/\/exceladvisor.org\/es\/fv-2\/\",\"url\":\"https:\/\/exceladvisor.org\/es\/fv-2\/\",\"name\":\"\u00bfc\u00f3mo utilizar la funci\u00f3n vba fv?\",\"isPartOf\":{\"@id\":\"https:\/\/exceladvisor.org\/es\/#website\"},\"primaryImageOfPage\":{\"@id\":\"https:\/\/exceladvisor.org\/es\/fv-2\/#primaryimage\"},\"image\":{\"@id\":\"https:\/\/exceladvisor.org\/es\/fv-2\/#primaryimage\"},\"thumbnailUrl\":\"https:\/\/exceladvisor.org\/wp-content\/uploads\/2023\/08\/exemple-de-fonction-vba-fv.png\",\"datePublished\":\"2023-10-26T08:55:35+00:00\",\"dateModified\":\"2023-12-25T10:30:29+00:00\",\"breadcrumb\":{\"@id\":\"https:\/\/exceladvisor.org\/es\/fv-2\/#breadcrumb\"},\"inLanguage\":\"es\",\"potentialAction\":[{\"@type\":\"ReadAction\",\"target\":[\"https:\/\/exceladvisor.org\/es\/fv-2\/\"]}]},{\"@type\":\"ImageObject\",\"inLanguage\":\"es\",\"@id\":\"https:\/\/exceladvisor.org\/es\/fv-2\/#primaryimage\",\"url\":\"https:\/\/exceladvisor.org\/wp-content\/uploads\/2023\/08\/exemple-de-fonction-vba-fv.png\",\"contentUrl\":\"https:\/\/exceladvisor.org\/wp-content\/uploads\/2023\/08\/exemple-de-fonction-vba-fv.png\"},{\"@type\":\"BreadcrumbList\",\"@id\":\"https:\/\/exceladvisor.org\/es\/fv-2\/#breadcrumb\",\"itemListElement\":[{\"@type\":\"ListItem\",\"position\":1,\"name\":\"Hogar\",\"item\":\"https:\/\/exceladvisor.org\/es\/\"},{\"@type\":\"ListItem\",\"position\":2,\"name\":\"\u00bfc\u00f3mo utilizar la funci\u00f3n vba fv?\"}]},{\"@type\":\"WebSite\",\"@id\":\"https:\/\/exceladvisor.org\/es\/#website\",\"url\":\"https:\/\/exceladvisor.org\/es\/\",\"name\":\"Excel Advisor\",\"description\":\"Su gu\u00eda para la dominaci\u00f3n de datos!\",\"publisher\":{\"@id\":\"https:\/\/exceladvisor.org\/es\/#organization\"},\"potentialAction\":[{\"@type\":\"SearchAction\",\"target\":{\"@type\":\"EntryPoint\",\"urlTemplate\":\"https:\/\/exceladvisor.org\/es\/?s={search_term_string}\"},\"query-input\":{\"@type\":\"PropertyValueSpecification\",\"valueRequired\":true,\"valueName\":\"search_term_string\"}}],\"inLanguage\":\"es\"},{\"@type\":\"Organization\",\"@id\":\"https:\/\/exceladvisor.org\/es\/#organization\",\"name\":\"Excel Advisor\",\"url\":\"https:\/\/exceladvisor.org\/es\/\",\"logo\":{\"@type\":\"ImageObject\",\"inLanguage\":\"es\",\"@id\":\"https:\/\/exceladvisor.org\/es\/#\/schema\/logo\/image\/\",\"url\":\"https:\/\/exceladvisor.org\/es\/wp-content\/uploads\/2023\/12\/exceladvisor.org_.png\",\"contentUrl\":\"https:\/\/exceladvisor.org\/es\/wp-content\/uploads\/2023\/12\/exceladvisor.org_.png\",\"width\":105,\"height\":36,\"caption\":\"Excel Advisor\"},\"image\":{\"@id\":\"https:\/\/exceladvisor.org\/es\/#\/schema\/logo\/image\/\"}}]}<\/script>\n<!-- \/ Yoast SEO plugin. -->","yoast_head_json":{"title":"\u00bfc\u00f3mo utilizar la funci\u00f3n vba fv?","robots":{"index":"index","follow":"follow","max-snippet":"max-snippet:-1","max-image-preview":"max-image-preview:large","max-video-preview":"max-video-preview:-1"},"canonical":"https:\/\/exceladvisor.org\/es\/fv-2\/","og_locale":"es_ES","og_type":"article","og_title":"\u00bfc\u00f3mo utilizar la funci\u00f3n vba fv?","og_description":"La funci\u00f3n VBA FV figura en la categor\u00eda financiera de funciones VBA. Cuando lo usas en c\u00f3digo VBA, devuelve el valor futuro de un pr\u00e9stamo o inversi\u00f3n . En pocas palabras, FV puede calcular el valor futuro de una inversi\u00f3n o pr\u00e9stamo mediante pagos peri\u00f3dicos fijos y una tasa de inter\u00e9s fija. Funciona como la [&hellip;]","og_url":"https:\/\/exceladvisor.org\/es\/fv-2\/","og_site_name":"Excel Advisor","article_modified_time":"2023-12-25T10:30:29+00:00","og_image":[{"url":"https:\/\/exceladvisor.org\/wp-content\/uploads\/2023\/08\/exemple-de-fonction-vba-fv.png","type":"","width":"","height":""}],"twitter_card":"summary_large_image","twitter_misc":{"Tiempo de lectura":"1 minuto"},"schema":{"@context":"https:\/\/schema.org","@graph":[{"@type":"WebPage","@id":"https:\/\/exceladvisor.org\/es\/fv-2\/","url":"https:\/\/exceladvisor.org\/es\/fv-2\/","name":"\u00bfc\u00f3mo utilizar la funci\u00f3n vba fv?","isPartOf":{"@id":"https:\/\/exceladvisor.org\/es\/#website"},"primaryImageOfPage":{"@id":"https:\/\/exceladvisor.org\/es\/fv-2\/#primaryimage"},"image":{"@id":"https:\/\/exceladvisor.org\/es\/fv-2\/#primaryimage"},"thumbnailUrl":"https:\/\/exceladvisor.org\/wp-content\/uploads\/2023\/08\/exemple-de-fonction-vba-fv.png","datePublished":"2023-10-26T08:55:35+00:00","dateModified":"2023-12-25T10:30:29+00:00","breadcrumb":{"@id":"https:\/\/exceladvisor.org\/es\/fv-2\/#breadcrumb"},"inLanguage":"es","potentialAction":[{"@type":"ReadAction","target":["https:\/\/exceladvisor.org\/es\/fv-2\/"]}]},{"@type":"ImageObject","inLanguage":"es","@id":"https:\/\/exceladvisor.org\/es\/fv-2\/#primaryimage","url":"https:\/\/exceladvisor.org\/wp-content\/uploads\/2023\/08\/exemple-de-fonction-vba-fv.png","contentUrl":"https:\/\/exceladvisor.org\/wp-content\/uploads\/2023\/08\/exemple-de-fonction-vba-fv.png"},{"@type":"BreadcrumbList","@id":"https:\/\/exceladvisor.org\/es\/fv-2\/#breadcrumb","itemListElement":[{"@type":"ListItem","position":1,"name":"Hogar","item":"https:\/\/exceladvisor.org\/es\/"},{"@type":"ListItem","position":2,"name":"\u00bfc\u00f3mo utilizar la funci\u00f3n vba fv?"}]},{"@type":"WebSite","@id":"https:\/\/exceladvisor.org\/es\/#website","url":"https:\/\/exceladvisor.org\/es\/","name":"Excel Advisor","description":"Su gu\u00eda para la dominaci\u00f3n de datos!","publisher":{"@id":"https:\/\/exceladvisor.org\/es\/#organization"},"potentialAction":[{"@type":"SearchAction","target":{"@type":"EntryPoint","urlTemplate":"https:\/\/exceladvisor.org\/es\/?s={search_term_string}"},"query-input":{"@type":"PropertyValueSpecification","valueRequired":true,"valueName":"search_term_string"}}],"inLanguage":"es"},{"@type":"Organization","@id":"https:\/\/exceladvisor.org\/es\/#organization","name":"Excel Advisor","url":"https:\/\/exceladvisor.org\/es\/","logo":{"@type":"ImageObject","inLanguage":"es","@id":"https:\/\/exceladvisor.org\/es\/#\/schema\/logo\/image\/","url":"https:\/\/exceladvisor.org\/es\/wp-content\/uploads\/2023\/12\/exceladvisor.org_.png","contentUrl":"https:\/\/exceladvisor.org\/es\/wp-content\/uploads\/2023\/12\/exceladvisor.org_.png","width":105,"height":36,"caption":"Excel Advisor"},"image":{"@id":"https:\/\/exceladvisor.org\/es\/#\/schema\/logo\/image\/"}}]}},"yoast_meta":{"yoast_wpseo_title":"","yoast_wpseo_metadesc":"","yoast_wpseo_canonical":""},"_links":{"self":[{"href":"https:\/\/exceladvisor.org\/es\/wp-json\/wp\/v2\/pages\/498","targetHints":{"allow":["GET"]}}],"collection":[{"href":"https:\/\/exceladvisor.org\/es\/wp-json\/wp\/v2\/pages"}],"about":[{"href":"https:\/\/exceladvisor.org\/es\/wp-json\/wp\/v2\/types\/page"}],"author":[{"embeddable":true,"href":"https:\/\/exceladvisor.org\/es\/wp-json\/wp\/v2\/users\/1"}],"replies":[{"embeddable":true,"href":"https:\/\/exceladvisor.org\/es\/wp-json\/wp\/v2\/comments?post=498"}],"version-history":[{"count":1,"href":"https:\/\/exceladvisor.org\/es\/wp-json\/wp\/v2\/pages\/498\/revisions"}],"predecessor-version":[{"id":1272,"href":"https:\/\/exceladvisor.org\/es\/wp-json\/wp\/v2\/pages\/498\/revisions\/1272"}],"wp:attachment":[{"href":"https:\/\/exceladvisor.org\/es\/wp-json\/wp\/v2\/media?parent=498"}],"curies":[{"name":"wp","href":"https:\/\/api.w.org\/{rel}","templated":true}]}}