{"id":50,"date":"2023-11-17T23:31:48","date_gmt":"2023-11-17T23:31:48","guid":{"rendered":"https:\/\/exceladvisor.org\/es\/operadores-aritmeticos\/"},"modified":"2023-12-25T10:31:40","modified_gmt":"2023-12-25T10:31:40","slug":"operadores-aritmeticos","status":"publish","type":"page","link":"https:\/\/exceladvisor.org\/es\/operadores-aritmeticos\/","title":{"rendered":"\u00bfc\u00f3mo utilizar operadores aritm\u00e9ticos en excel?"},"content":{"rendered":"<div class=\"excel-antes-del-contenido\" id=\"excel-889518479\"><script type=\"text\/javascript\">\r\n\tatOptions = {\r\n\t\t'key' : 'c1158f160081d6540a8409e6925dab94',\r\n\t\t'format' : 'iframe',\r\n\t\t'height' : 250,\r\n\t\t'width' : 300,\r\n\t\t'params' : {}\r\n\t};\r\n<\/script>\r\n<script type=\"text\/javascript\" src=\"\/\/www.highperformanceformat.com\/c1158f160081d6540a8409e6925dab94\/invoke.js\"><\/script><\/div><p>En Excel, existen seis operadores aritm\u00e9ticos principales que puede utilizar para realizar c\u00e1lculos.<\/p>\n<ol type=\"1\">\n<li> Suma (+)<\/li>\n<li> Resta (-)<\/li>\n<li> Multiplicaci\u00f3n (*)<\/li>\n<li> Secci\u00f3n (\/)<\/li>\n<li> Porcentaje (%)<\/li>\n<li> Exponentaci\u00f3n (^)<\/li>\n<\/ol>\n<p> Como sugiere el nombre, cada uno de estos operadores puede realizar un c\u00e1lculo espec\u00edfico. Y en este tutorial, aprenderemos a utilizar estos operadores. <\/p>\n<div class=\"wp-block-image\">\n<figure class=\"aligncenter size-full is-resized\"><img loading=\"lazy\" decoding=\"async\" class=\"wp-image-84283\" src=\"https:\/\/exceladvisor.org\/wp-content\/uploads\/2023\/08\/1-operateurs-arithmetiques.png\" sizes=\"auto, \" srcset=\"\" alt=\"operadores aritm\u00e9ticos\" width=\"782\" height=\"198\"><\/figure>\n<\/div>\n<p class=\"tip-box\"> En Excel, realizar un c\u00e1lculo con estos operadores requiere que use (=) para iniciar la f\u00f3rmula. Y para escribir estos operadores, debes usar las teclas de tu teclado.<\/p>\n<h2 class=\"wp-block-heading\"> 1. Suma (+)<\/h2>\n<p> Con el operador de suma puedes calcular la suma de dos o m\u00e1s valores. <\/p>\n<div class=\"wp-block-image\">\n<figure class=\"aligncenter size-full is-resized\"><img loading=\"lazy\" decoding=\"async\" class=\"wp-image-84284\" src=\"https:\/\/exceladvisor.org\/wp-content\/uploads\/2023\/08\/2-operateur-daddition.png\" sizes=\"auto, \" srcset=\"\" alt=\"operador de suma\" width=\"451\" height=\"284\"><\/figure>\n<\/div>\n<pre class=\"wp-block-code\"> <code class=\"language-excel-formula\" lang=\"excel-formula\">=value1 + value2 =100 + 200<\/code><\/pre>\n<p> En el ejemplo anterior, calculamos una suma de 100 y 200 usando el (+) en el medio. Y de la misma forma, tambi\u00e9n puedes utilizar la referencia de celda. <\/p>\n<div class=\"wp-block-image\">\n<figure class=\"aligncenter size-full is-resized\"><img loading=\"lazy\" decoding=\"async\" class=\"wp-image-84285\" src=\"https:\/\/exceladvisor.org\/wp-content\/uploads\/2023\/08\/3-somme-utilisant-loperateur-daddition.png\" sizes=\"auto, \" srcset=\"\" alt=\"suma-usando-operador-suma\" width=\"554\" height=\"298\"><\/figure>\n<\/div>\n<h2 class=\"wp-block-heading\"> 2. Resta (-)<\/h2>\n<p> Puede utilizar el operador de resta para restar un valor de otro. <\/p>\n<div class=\"wp-block-image\">\n<figure class=\"aligncenter size-full is-resized\"><img loading=\"lazy\" decoding=\"async\" class=\"wp-image-84286\" src=\"https:\/\/exceladvisor.org\/wp-content\/uploads\/2023\/08\/4-operateur-de-soustraction.png\" sizes=\"auto, \" srcset=\"\" alt=\"operador de resta\" width=\"538\" height=\"290\"><\/figure>\n<\/div>\n<p> En el ejemplo anterior, tiene la f\u00f3rmula para restar el valor de la celda A1 por el valor de la celda A2. Pero tambi\u00e9n puedes utilizar valores de entrada directos. <\/p>\n<div class=\"wp-block-image\">\n<figure class=\"aligncenter size-full is-resized\"><img loading=\"lazy\" decoding=\"async\" class=\"wp-image-84287\" src=\"https:\/\/exceladvisor.org\/wp-content\/uploads\/2023\/08\/5-soustraire-en-utilisant-loperateur-de-soustraction.png\" sizes=\"auto, \" srcset=\"\" alt=\"restar-usando-el-operador-de-resta\" width=\"459\" height=\"292\"><\/figure>\n<\/div>\n<h2 class=\"wp-block-heading\"> 3. Multiplicaci\u00f3n (*)<\/h2>\n<p> Para realizar la multiplicaci\u00f3n en Excel, debes utilizar el operador de asterisco, el cual puedes insertar usando la tecla de tu teclado. <\/p>\n<div class=\"wp-block-image\">\n<figure class=\"aligncenter size-full is-resized\"><img loading=\"lazy\" decoding=\"async\" class=\"wp-image-84288\" src=\"https:\/\/exceladvisor.org\/wp-content\/uploads\/2023\/08\/6-operateur-de-multiplication.png\" sizes=\"auto, \" srcset=\"\" alt=\"operador de multiplicaci\u00f3n\" width=\"524\" height=\"324\"><\/figure>\n<\/div>\n<p> Y aqu\u00ed tambi\u00e9n puedes introducir los valores directamente en la f\u00f3rmula. <\/p>\n<div class=\"wp-block-image\">\n<figure class=\"aligncenter size-full is-resized\"><img loading=\"lazy\" decoding=\"async\" class=\"wp-image-84289\" src=\"https:\/\/exceladvisor.org\/wp-content\/uploads\/2023\/08\/7-multiplier-en-utilisant-loperateur-de-multiplication.png\" sizes=\"auto, \" srcset=\"\" alt=\"multiplicar-usando-el-operador-de-multiplicaci\u00f3n\" width=\"493\" height=\"315\"><\/figure>\n<\/div>\n<pre class=\"wp-block-code\"> <code class=\"language-excel-formula\" lang=\"excel-formula\">=100*20<\/code><\/pre>\n<h2 class=\"wp-block-heading\"> 4. Secci\u00f3n (\/)<\/h2>\n<p> Para dividir, debes utilizar la barra diagonal (\/). <\/p>\n<div class=\"wp-block-image\">\n<figure class=\"aligncenter size-full is-resized\"><img loading=\"lazy\" decoding=\"async\" class=\"wp-image-84290\" src=\"https:\/\/exceladvisor.org\/wp-content\/uploads\/2023\/08\/Operateur-8-divisions.png\" sizes=\"auto, \" srcset=\"\" alt=\"operador de divisi\u00f3n\" width=\"464\" height=\"299\"><\/figure>\n<\/div>\n<pre class=\"wp-block-code\"> <code class=\"language-excel-formula\" lang=\"excel-formula\">=Dividend\/Divisor<\/code><\/pre>\n<p> Y debajo cuando ingresas los valores directamente en la f\u00f3rmula. <\/p>\n<div class=\"wp-block-image\">\n<figure class=\"aligncenter size-full is-resized\"><img loading=\"lazy\" decoding=\"async\" class=\"wp-image-84291\" src=\"https:\/\/exceladvisor.org\/wp-content\/uploads\/2023\/08\/9-diviser-en-utilisant-loperateur-de-division.png\" sizes=\"auto, \" srcset=\"\" alt=\"dividir-usando-el-operador-de-divisi\u00f3n\" width=\"482\" height=\"306\"><\/figure>\n<\/div>\n<h2 class=\"wp-block-heading\"> 5. Porcentaje (%)<\/h2>\n<p> Puede convertir un valor num\u00e9rico a un porcentaje con el operador de porcentaje. Cuando ingresa un n\u00famero en una celda, ingrese el operador de porcentaje usando la tecla de su teclado. <\/p>\n<div class=\"wp-block-image\">\n<figure class=\"aligncenter size-full is-resized\"><img loading=\"lazy\" decoding=\"async\" class=\"wp-image-84292\" src=\"https:\/\/exceladvisor.org\/wp-content\/uploads\/2023\/08\/Operateur-10-.png\" sizes=\"auto, \" srcset=\"\" alt=\"operador de porcentaje\" width=\"501\" height=\"318\"><\/figure>\n<\/div>\n<p> Y si desea calcular el porcentaje de un valor, debe utilizar el operador de asterisco (multiplicaci\u00f3n) para ello. <\/p>\n<div class=\"wp-block-image\">\n<figure class=\"aligncenter size-full is-resized\"><img loading=\"lazy\" decoding=\"async\" class=\"wp-image-84293\" src=\"https:\/\/exceladvisor.org\/wp-content\/uploads\/2023\/08\/11-pourcentage-a-laide-de-loperateur-de-pourcentage.png\" sizes=\"auto, \" srcset=\"\" alt=\"porcentaje-usando-operador-porcentaje\" width=\"431\" height=\"326\"><\/figure>\n<\/div>\n<h2 class=\"wp-block-heading\"> 6. Exponente (^)<\/h2>\n<p> Con \u00e9l puedes elevar un n\u00famero a una potencia. Por ejemplo, en Excel puedes ingresar directamente un operador exponente y usar un n\u00famero para aumentar la potencia. <\/p>\n<div class=\"wp-block-image\">\n<figure class=\"aligncenter size-full is-resized\"><img loading=\"lazy\" decoding=\"async\" class=\"wp-image-84294\" src=\"https:\/\/exceladvisor.org\/wp-content\/uploads\/2023\/08\/Operateur-a-12-exposants.png\" sizes=\"auto, \" srcset=\"\" alt=\"operador exponente\" width=\"459\" height=\"290\"><\/figure>\n<\/div>\n<p> Puedes usarlo para calcular <a href=\"https:\/\/exceladvisor.org\/es\/raiz-cuadrada\/\">ra\u00edz cuadrada<\/a> , <a href=\"https:\/\/exceladvisor.org\/es\/numero-cuadrado\/\">cuadrado<\/a> , cubo, etc.<\/p>\n","protected":false},"excerpt":{"rendered":"<p>En Excel, existen seis operadores aritm\u00e9ticos principales que puede utilizar para realizar c\u00e1lculos. Suma (+) Resta (-) Multiplicaci\u00f3n (*) Secci\u00f3n (\/) Porcentaje (%) Exponentaci\u00f3n (^) Como sugiere el nombre, cada uno de estos operadores puede realizar un c\u00e1lculo espec\u00edfico. Y en este tutorial, aprenderemos a utilizar estos operadores. En Excel, realizar un c\u00e1lculo con estos [&hellip;]<\/p>\n","protected":false},"author":1,"featured_media":0,"parent":0,"menu_order":0,"comment_status":"open","ping_status":"closed","template":"","meta":{"ub_ctt_via":"","footnotes":""},"class_list":["post-50","page","type-page","status-publish","hentry"],"featured_image_src":null,"yoast_head":"<!-- This site is optimized with the Yoast SEO plugin v25.4 - https:\/\/yoast.com\/wordpress\/plugins\/seo\/ -->\n<title>\u00bfc\u00f3mo utilizar operadores aritm\u00e9ticos en excel?<\/title>\n<meta name=\"robots\" content=\"index, follow, max-snippet:-1, max-image-preview:large, max-video-preview:-1\" \/>\n<link rel=\"canonical\" href=\"https:\/\/exceladvisor.org\/es\/operadores-aritmeticos\/\" \/>\n<meta property=\"og:locale\" content=\"es_ES\" \/>\n<meta property=\"og:type\" content=\"article\" \/>\n<meta property=\"og:title\" content=\"\u00bfc\u00f3mo utilizar operadores aritm\u00e9ticos en excel?\" \/>\n<meta property=\"og:description\" content=\"En Excel, existen seis operadores aritm\u00e9ticos principales que puede utilizar para realizar c\u00e1lculos. Suma (+) Resta (-) Multiplicaci\u00f3n (*) Secci\u00f3n (\/) Porcentaje (%) Exponentaci\u00f3n (^) Como sugiere el nombre, cada uno de estos operadores puede realizar un c\u00e1lculo espec\u00edfico. Y en este tutorial, aprenderemos a utilizar estos operadores. En Excel, realizar un c\u00e1lculo con estos [&hellip;]\" \/>\n<meta property=\"og:url\" content=\"https:\/\/exceladvisor.org\/es\/operadores-aritmeticos\/\" \/>\n<meta property=\"og:site_name\" content=\"Excel Advisor\" \/>\n<meta property=\"article:modified_time\" content=\"2023-12-25T10:31:40+00:00\" \/>\n<meta property=\"og:image\" content=\"https:\/\/exceladvisor.org\/wp-content\/uploads\/2023\/08\/1-operateurs-arithmetiques.png\" \/>\n<meta name=\"twitter:card\" content=\"summary_large_image\" \/>\n<meta name=\"twitter:label1\" content=\"Tiempo de lectura\" \/>\n\t<meta name=\"twitter:data1\" content=\"2 minutos\" \/>\n<script type=\"application\/ld+json\" class=\"yoast-schema-graph\">{\"@context\":\"https:\/\/schema.org\",\"@graph\":[{\"@type\":\"WebPage\",\"@id\":\"https:\/\/exceladvisor.org\/es\/operadores-aritmeticos\/\",\"url\":\"https:\/\/exceladvisor.org\/es\/operadores-aritmeticos\/\",\"name\":\"\u00bfc\u00f3mo utilizar operadores aritm\u00e9ticos en excel?\",\"isPartOf\":{\"@id\":\"https:\/\/exceladvisor.org\/es\/#website\"},\"primaryImageOfPage\":{\"@id\":\"https:\/\/exceladvisor.org\/es\/operadores-aritmeticos\/#primaryimage\"},\"image\":{\"@id\":\"https:\/\/exceladvisor.org\/es\/operadores-aritmeticos\/#primaryimage\"},\"thumbnailUrl\":\"https:\/\/exceladvisor.org\/wp-content\/uploads\/2023\/08\/1-operateurs-arithmetiques.png\",\"datePublished\":\"2023-11-17T23:31:48+00:00\",\"dateModified\":\"2023-12-25T10:31:40+00:00\",\"breadcrumb\":{\"@id\":\"https:\/\/exceladvisor.org\/es\/operadores-aritmeticos\/#breadcrumb\"},\"inLanguage\":\"es\",\"potentialAction\":[{\"@type\":\"ReadAction\",\"target\":[\"https:\/\/exceladvisor.org\/es\/operadores-aritmeticos\/\"]}]},{\"@type\":\"ImageObject\",\"inLanguage\":\"es\",\"@id\":\"https:\/\/exceladvisor.org\/es\/operadores-aritmeticos\/#primaryimage\",\"url\":\"https:\/\/exceladvisor.org\/wp-content\/uploads\/2023\/08\/1-operateurs-arithmetiques.png\",\"contentUrl\":\"https:\/\/exceladvisor.org\/wp-content\/uploads\/2023\/08\/1-operateurs-arithmetiques.png\"},{\"@type\":\"BreadcrumbList\",\"@id\":\"https:\/\/exceladvisor.org\/es\/operadores-aritmeticos\/#breadcrumb\",\"itemListElement\":[{\"@type\":\"ListItem\",\"position\":1,\"name\":\"Hogar\",\"item\":\"https:\/\/exceladvisor.org\/es\/\"},{\"@type\":\"ListItem\",\"position\":2,\"name\":\"\u00bfc\u00f3mo utilizar operadores aritm\u00e9ticos en excel?\"}]},{\"@type\":\"WebSite\",\"@id\":\"https:\/\/exceladvisor.org\/es\/#website\",\"url\":\"https:\/\/exceladvisor.org\/es\/\",\"name\":\"Excel Advisor\",\"description\":\"Su gu\u00eda para la dominaci\u00f3n de datos!\",\"publisher\":{\"@id\":\"https:\/\/exceladvisor.org\/es\/#organization\"},\"potentialAction\":[{\"@type\":\"SearchAction\",\"target\":{\"@type\":\"EntryPoint\",\"urlTemplate\":\"https:\/\/exceladvisor.org\/es\/?s={search_term_string}\"},\"query-input\":{\"@type\":\"PropertyValueSpecification\",\"valueRequired\":true,\"valueName\":\"search_term_string\"}}],\"inLanguage\":\"es\"},{\"@type\":\"Organization\",\"@id\":\"https:\/\/exceladvisor.org\/es\/#organization\",\"name\":\"Excel Advisor\",\"url\":\"https:\/\/exceladvisor.org\/es\/\",\"logo\":{\"@type\":\"ImageObject\",\"inLanguage\":\"es\",\"@id\":\"https:\/\/exceladvisor.org\/es\/#\/schema\/logo\/image\/\",\"url\":\"https:\/\/exceladvisor.org\/es\/wp-content\/uploads\/2023\/12\/exceladvisor.org_.png\",\"contentUrl\":\"https:\/\/exceladvisor.org\/es\/wp-content\/uploads\/2023\/12\/exceladvisor.org_.png\",\"width\":105,\"height\":36,\"caption\":\"Excel Advisor\"},\"image\":{\"@id\":\"https:\/\/exceladvisor.org\/es\/#\/schema\/logo\/image\/\"}}]}<\/script>\n<!-- \/ Yoast SEO plugin. -->","yoast_head_json":{"title":"\u00bfc\u00f3mo utilizar operadores aritm\u00e9ticos en excel?","robots":{"index":"index","follow":"follow","max-snippet":"max-snippet:-1","max-image-preview":"max-image-preview:large","max-video-preview":"max-video-preview:-1"},"canonical":"https:\/\/exceladvisor.org\/es\/operadores-aritmeticos\/","og_locale":"es_ES","og_type":"article","og_title":"\u00bfc\u00f3mo utilizar operadores aritm\u00e9ticos en excel?","og_description":"En Excel, existen seis operadores aritm\u00e9ticos principales que puede utilizar para realizar c\u00e1lculos. Suma (+) Resta (-) Multiplicaci\u00f3n (*) Secci\u00f3n (\/) Porcentaje (%) Exponentaci\u00f3n (^) Como sugiere el nombre, cada uno de estos operadores puede realizar un c\u00e1lculo espec\u00edfico. Y en este tutorial, aprenderemos a utilizar estos operadores. En Excel, realizar un c\u00e1lculo con estos [&hellip;]","og_url":"https:\/\/exceladvisor.org\/es\/operadores-aritmeticos\/","og_site_name":"Excel Advisor","article_modified_time":"2023-12-25T10:31:40+00:00","og_image":[{"url":"https:\/\/exceladvisor.org\/wp-content\/uploads\/2023\/08\/1-operateurs-arithmetiques.png","type":"","width":"","height":""}],"twitter_card":"summary_large_image","twitter_misc":{"Tiempo de lectura":"2 minutos"},"schema":{"@context":"https:\/\/schema.org","@graph":[{"@type":"WebPage","@id":"https:\/\/exceladvisor.org\/es\/operadores-aritmeticos\/","url":"https:\/\/exceladvisor.org\/es\/operadores-aritmeticos\/","name":"\u00bfc\u00f3mo utilizar operadores aritm\u00e9ticos en excel?","isPartOf":{"@id":"https:\/\/exceladvisor.org\/es\/#website"},"primaryImageOfPage":{"@id":"https:\/\/exceladvisor.org\/es\/operadores-aritmeticos\/#primaryimage"},"image":{"@id":"https:\/\/exceladvisor.org\/es\/operadores-aritmeticos\/#primaryimage"},"thumbnailUrl":"https:\/\/exceladvisor.org\/wp-content\/uploads\/2023\/08\/1-operateurs-arithmetiques.png","datePublished":"2023-11-17T23:31:48+00:00","dateModified":"2023-12-25T10:31:40+00:00","breadcrumb":{"@id":"https:\/\/exceladvisor.org\/es\/operadores-aritmeticos\/#breadcrumb"},"inLanguage":"es","potentialAction":[{"@type":"ReadAction","target":["https:\/\/exceladvisor.org\/es\/operadores-aritmeticos\/"]}]},{"@type":"ImageObject","inLanguage":"es","@id":"https:\/\/exceladvisor.org\/es\/operadores-aritmeticos\/#primaryimage","url":"https:\/\/exceladvisor.org\/wp-content\/uploads\/2023\/08\/1-operateurs-arithmetiques.png","contentUrl":"https:\/\/exceladvisor.org\/wp-content\/uploads\/2023\/08\/1-operateurs-arithmetiques.png"},{"@type":"BreadcrumbList","@id":"https:\/\/exceladvisor.org\/es\/operadores-aritmeticos\/#breadcrumb","itemListElement":[{"@type":"ListItem","position":1,"name":"Hogar","item":"https:\/\/exceladvisor.org\/es\/"},{"@type":"ListItem","position":2,"name":"\u00bfc\u00f3mo utilizar operadores aritm\u00e9ticos en excel?"}]},{"@type":"WebSite","@id":"https:\/\/exceladvisor.org\/es\/#website","url":"https:\/\/exceladvisor.org\/es\/","name":"Excel Advisor","description":"Su gu\u00eda para la dominaci\u00f3n de datos!","publisher":{"@id":"https:\/\/exceladvisor.org\/es\/#organization"},"potentialAction":[{"@type":"SearchAction","target":{"@type":"EntryPoint","urlTemplate":"https:\/\/exceladvisor.org\/es\/?s={search_term_string}"},"query-input":{"@type":"PropertyValueSpecification","valueRequired":true,"valueName":"search_term_string"}}],"inLanguage":"es"},{"@type":"Organization","@id":"https:\/\/exceladvisor.org\/es\/#organization","name":"Excel Advisor","url":"https:\/\/exceladvisor.org\/es\/","logo":{"@type":"ImageObject","inLanguage":"es","@id":"https:\/\/exceladvisor.org\/es\/#\/schema\/logo\/image\/","url":"https:\/\/exceladvisor.org\/es\/wp-content\/uploads\/2023\/12\/exceladvisor.org_.png","contentUrl":"https:\/\/exceladvisor.org\/es\/wp-content\/uploads\/2023\/12\/exceladvisor.org_.png","width":105,"height":36,"caption":"Excel Advisor"},"image":{"@id":"https:\/\/exceladvisor.org\/es\/#\/schema\/logo\/image\/"}}]}},"yoast_meta":{"yoast_wpseo_title":"","yoast_wpseo_metadesc":"","yoast_wpseo_canonical":""},"_links":{"self":[{"href":"https:\/\/exceladvisor.org\/es\/wp-json\/wp\/v2\/pages\/50","targetHints":{"allow":["GET"]}}],"collection":[{"href":"https:\/\/exceladvisor.org\/es\/wp-json\/wp\/v2\/pages"}],"about":[{"href":"https:\/\/exceladvisor.org\/es\/wp-json\/wp\/v2\/types\/page"}],"author":[{"embeddable":true,"href":"https:\/\/exceladvisor.org\/es\/wp-json\/wp\/v2\/users\/1"}],"replies":[{"embeddable":true,"href":"https:\/\/exceladvisor.org\/es\/wp-json\/wp\/v2\/comments?post=50"}],"version-history":[{"count":1,"href":"https:\/\/exceladvisor.org\/es\/wp-json\/wp\/v2\/pages\/50\/revisions"}],"predecessor-version":[{"id":1375,"href":"https:\/\/exceladvisor.org\/es\/wp-json\/wp\/v2\/pages\/50\/revisions\/1375"}],"wp:attachment":[{"href":"https:\/\/exceladvisor.org\/es\/wp-json\/wp\/v2\/media?parent=50"}],"curies":[{"name":"wp","href":"https:\/\/api.w.org\/{rel}","templated":true}]}}