{"id":505,"date":"2023-10-25T07:35:31","date_gmt":"2023-10-25T07:35:31","guid":{"rendered":"https:\/\/exceladvisor.org\/es\/ipmt\/"},"modified":"2023-12-25T10:30:35","modified_gmt":"2023-12-25T10:30:35","slug":"ipmt","status":"publish","type":"page","link":"https:\/\/exceladvisor.org\/es\/ipmt\/","title":{"rendered":"\u00bfc\u00f3mo utilizar la funci\u00f3n vba ipmt?"},"content":{"rendered":"<div class=\"excel-antes-del-contenido\" id=\"excel-4151590521\"><script type=\"text\/javascript\">\r\n\tatOptions = {\r\n\t\t'key' : 'c1158f160081d6540a8409e6925dab94',\r\n\t\t'format' : 'iframe',\r\n\t\t'height' : 250,\r\n\t\t'width' : 300,\r\n\t\t'params' : {}\r\n\t};\r\n<\/script>\r\n<script type=\"text\/javascript\" src=\"\/\/www.highperformanceformat.com\/c1158f160081d6540a8409e6925dab94\/invoke.js\"><\/script><\/div><p>La funci\u00f3n VBA IPMT figura en la categor\u00eda financiera de funciones VBA. Cuando lo usa en c\u00f3digo VBA, <strong>calcula el pago de intereses, durante un per\u00edodo espec\u00edfico, para un pr\u00e9stamo o inversi\u00f3n<\/strong> que se paga mediante pagos peri\u00f3dicos constantes y utilizando una tasa de inter\u00e9s constante.<\/p>\n<h2 class=\"wp-block-heading\"> Sintaxis<\/h2>\n<p> <strong>IPmt (tasa, por, Nper, Pv, [Fv], [vencido])<\/strong><\/p>\n<h2 class=\"wp-block-heading\"> Argumentos<\/h2>\n<ul>\n<li> <strong>Tasa<\/strong> : La tasa de inter\u00e9s para el per\u00edodo.<\/li>\n<li> <strong>Por<\/strong> : El n\u00famero de periodos para los cuales desea calcular el inter\u00e9s [Debe estar entre 1 y Nper].<\/li>\n<li> <strong>Nper<\/strong> : El n\u00famero de per\u00edodos durante los cuales se debe pagar el pr\u00e9stamo o la inversi\u00f3n.<\/li>\n<li> <strong>PV<\/strong> : El valor actual de la inversi\u00f3n o pr\u00e9stamo.<\/li>\n<li> <strong>[FV]<\/strong> : El valor futuro del pr\u00e9stamo\/inversi\u00f3n [Este es un argumento opcional y si se omite, VBA por defecto es 0].<\/li>\n<li> <strong>[Vence]<\/strong> : define si el pago vence al inicio o al final del per\u00edodo [Este es un argumento opcional y, si se omite, VBA se realiza de forma predeterminada al final del per\u00edodo].\n<ul>\n<li> Utilice 0 para el final del per\u00edodo y 1 para el inicio del per\u00edodo.<\/li>\n<\/ul>\n<\/li>\n<\/ul>\n<h2 class=\"wp-block-heading\"> Ejemplo<\/h2>\n<p> Para comprender pr\u00e1cticamente c\u00f3mo usar la funci\u00f3n VBA IPMT, debe seguir el siguiente ejemplo donde escribimos un c\u00f3digo vba us\u00e1ndola: <\/p>\n<figure class=\"wp-block-image is-resized\"><img loading=\"lazy\" decoding=\"async\" title=\"ejemplo-vba-ipmt-funci\u00f3n\" src=\"https:\/\/exceladvisor.org\/wp-content\/uploads\/2023\/08\/exemple-de-fonction-vba-ipmt.png\" sizes=\"auto, \" srcset=\"\" alt=\"example-vba-ipmt-function\" width=\"840\" height=\"455\"><\/figure>\n<pre class=\"wp-block-code\"> <code class=\"language-visual-basic\" lang=\"visual-basic\">Sub example_IPMT() Range(\"A10\") = IPmt(0.08 \/ 12, 1, 5 * 12, 60000) End Sub<\/code><\/pre>\n<p> En el c\u00f3digo anterior usamos IPMT para obtener el monto de inter\u00e9s del pago del primer mes y arroj\u00f3 -400 en el resultado cuando usamos 2 para obtener el inter\u00e9s del segundo mes arroj\u00f3 -394,56. <\/p>\n<figure class=\"wp-block-image is-resized\"><img loading=\"lazy\" decoding=\"async\" title=\"ejemplo-vba-ipmt-funci\u00f3n2\" src=\"https:\/\/exceladvisor.org\/wp-content\/uploads\/2023\/08\/exemple-vba-fonction-ipmt2.png\" sizes=\"auto, \" srcset=\"\" alt=\"example-vba-ipmt-function2\" width=\"838\" height=\"454\"><\/figure>\n<h2 class=\"wp-block-heading\"> Comentarios<\/h2>\n<ul>\n<li> Cuando se utiliza IPMT, el dinero pagado se representa con un n\u00famero negativo y el dinero recibido se representa con un n\u00famero positivo.<\/li>\n<li> Si proporcionamos Per, que es 0 &gt; o &gt; NPer, VBA devolver\u00e1 un error de tiempo de ejecuci\u00f3n 5. <\/li>\n<\/ul>\n<div class=\"wp-block-group more-tutorials is-layout-flow\">\n<div class=\"wp-block-group__inner-container\">\n<h2 class=\"wp-block-heading\"> M\u00e1s tutoriales <\/h2>\n<div class=\"wp-block-columns is-layout-flex wp-container-228\">\n<div class=\"wp-block-column is-layout-flow\">\n<ul>\n<li> <a href=\"https:\/\/exceladvisor.org\/es\/ddb\/\">VBA DDB<\/a><\/li>\n<li> <a href=\"https:\/\/exceladvisor.org\/es\/fv-2\/\">VBA VF<\/a><\/li>\n<li> <a href=\"https:\/\/exceladvisor.org\/es\/irr\/\">SALIDA VBA<\/a><\/li>\n<li> <a href=\"https:\/\/exceladvisor.org\/es\/espejo\/\">ESPEJO VBA<\/a><\/li>\n<li> <a href=\"https:\/\/exceladvisor.org\/es\/nper\/\">NPER VBA<\/a><\/li>\n<\/ul>\n<\/div>\n<\/div>\n<\/div>\n<\/div>\n","protected":false},"excerpt":{"rendered":"<p>La funci\u00f3n VBA IPMT figura en la categor\u00eda financiera de funciones VBA. Cuando lo usa en c\u00f3digo VBA, calcula el pago de intereses, durante un per\u00edodo espec\u00edfico, para un pr\u00e9stamo o inversi\u00f3n que se paga mediante pagos peri\u00f3dicos constantes y utilizando una tasa de inter\u00e9s constante. Sintaxis IPmt (tasa, por, Nper, Pv, [Fv], [vencido]) Argumentos [&hellip;]<\/p>\n","protected":false},"author":1,"featured_media":0,"parent":0,"menu_order":0,"comment_status":"open","ping_status":"closed","template":"","meta":{"ub_ctt_via":"","footnotes":""},"class_list":["post-505","page","type-page","status-publish","hentry"],"featured_image_src":null,"yoast_head":"<!-- This site is optimized with the Yoast SEO plugin v25.4 - https:\/\/yoast.com\/wordpress\/plugins\/seo\/ -->\n<title>\u00bfc\u00f3mo utilizar la funci\u00f3n vba ipmt?<\/title>\n<meta name=\"robots\" content=\"index, follow, max-snippet:-1, max-image-preview:large, max-video-preview:-1\" \/>\n<link rel=\"canonical\" href=\"https:\/\/exceladvisor.org\/es\/ipmt\/\" \/>\n<meta property=\"og:locale\" content=\"es_ES\" \/>\n<meta property=\"og:type\" content=\"article\" \/>\n<meta property=\"og:title\" content=\"\u00bfc\u00f3mo utilizar la funci\u00f3n vba ipmt?\" \/>\n<meta property=\"og:description\" content=\"La funci\u00f3n VBA IPMT figura en la categor\u00eda financiera de funciones VBA. Cuando lo usa en c\u00f3digo VBA, calcula el pago de intereses, durante un per\u00edodo espec\u00edfico, para un pr\u00e9stamo o inversi\u00f3n que se paga mediante pagos peri\u00f3dicos constantes y utilizando una tasa de inter\u00e9s constante. Sintaxis IPmt (tasa, por, Nper, Pv, [Fv], [vencido]) Argumentos [&hellip;]\" \/>\n<meta property=\"og:url\" content=\"https:\/\/exceladvisor.org\/es\/ipmt\/\" \/>\n<meta property=\"og:site_name\" content=\"Excel Advisor\" \/>\n<meta property=\"article:modified_time\" content=\"2023-12-25T10:30:35+00:00\" \/>\n<meta property=\"og:image\" content=\"https:\/\/exceladvisor.org\/wp-content\/uploads\/2023\/08\/exemple-de-fonction-vba-ipmt.png\" \/>\n<meta name=\"twitter:card\" content=\"summary_large_image\" \/>\n<meta name=\"twitter:label1\" content=\"Tiempo de lectura\" \/>\n\t<meta name=\"twitter:data1\" content=\"2 minutos\" \/>\n<script type=\"application\/ld+json\" class=\"yoast-schema-graph\">{\"@context\":\"https:\/\/schema.org\",\"@graph\":[{\"@type\":\"WebPage\",\"@id\":\"https:\/\/exceladvisor.org\/es\/ipmt\/\",\"url\":\"https:\/\/exceladvisor.org\/es\/ipmt\/\",\"name\":\"\u00bfc\u00f3mo utilizar la funci\u00f3n vba ipmt?\",\"isPartOf\":{\"@id\":\"https:\/\/exceladvisor.org\/es\/#website\"},\"primaryImageOfPage\":{\"@id\":\"https:\/\/exceladvisor.org\/es\/ipmt\/#primaryimage\"},\"image\":{\"@id\":\"https:\/\/exceladvisor.org\/es\/ipmt\/#primaryimage\"},\"thumbnailUrl\":\"https:\/\/exceladvisor.org\/wp-content\/uploads\/2023\/08\/exemple-de-fonction-vba-ipmt.png\",\"datePublished\":\"2023-10-25T07:35:31+00:00\",\"dateModified\":\"2023-12-25T10:30:35+00:00\",\"breadcrumb\":{\"@id\":\"https:\/\/exceladvisor.org\/es\/ipmt\/#breadcrumb\"},\"inLanguage\":\"es\",\"potentialAction\":[{\"@type\":\"ReadAction\",\"target\":[\"https:\/\/exceladvisor.org\/es\/ipmt\/\"]}]},{\"@type\":\"ImageObject\",\"inLanguage\":\"es\",\"@id\":\"https:\/\/exceladvisor.org\/es\/ipmt\/#primaryimage\",\"url\":\"https:\/\/exceladvisor.org\/wp-content\/uploads\/2023\/08\/exemple-de-fonction-vba-ipmt.png\",\"contentUrl\":\"https:\/\/exceladvisor.org\/wp-content\/uploads\/2023\/08\/exemple-de-fonction-vba-ipmt.png\"},{\"@type\":\"BreadcrumbList\",\"@id\":\"https:\/\/exceladvisor.org\/es\/ipmt\/#breadcrumb\",\"itemListElement\":[{\"@type\":\"ListItem\",\"position\":1,\"name\":\"Hogar\",\"item\":\"https:\/\/exceladvisor.org\/es\/\"},{\"@type\":\"ListItem\",\"position\":2,\"name\":\"\u00bfc\u00f3mo utilizar la funci\u00f3n vba ipmt?\"}]},{\"@type\":\"WebSite\",\"@id\":\"https:\/\/exceladvisor.org\/es\/#website\",\"url\":\"https:\/\/exceladvisor.org\/es\/\",\"name\":\"Excel Advisor\",\"description\":\"Su gu\u00eda para la dominaci\u00f3n de datos!\",\"publisher\":{\"@id\":\"https:\/\/exceladvisor.org\/es\/#organization\"},\"potentialAction\":[{\"@type\":\"SearchAction\",\"target\":{\"@type\":\"EntryPoint\",\"urlTemplate\":\"https:\/\/exceladvisor.org\/es\/?s={search_term_string}\"},\"query-input\":{\"@type\":\"PropertyValueSpecification\",\"valueRequired\":true,\"valueName\":\"search_term_string\"}}],\"inLanguage\":\"es\"},{\"@type\":\"Organization\",\"@id\":\"https:\/\/exceladvisor.org\/es\/#organization\",\"name\":\"Excel Advisor\",\"url\":\"https:\/\/exceladvisor.org\/es\/\",\"logo\":{\"@type\":\"ImageObject\",\"inLanguage\":\"es\",\"@id\":\"https:\/\/exceladvisor.org\/es\/#\/schema\/logo\/image\/\",\"url\":\"https:\/\/exceladvisor.org\/es\/wp-content\/uploads\/2023\/12\/exceladvisor.org_.png\",\"contentUrl\":\"https:\/\/exceladvisor.org\/es\/wp-content\/uploads\/2023\/12\/exceladvisor.org_.png\",\"width\":105,\"height\":36,\"caption\":\"Excel Advisor\"},\"image\":{\"@id\":\"https:\/\/exceladvisor.org\/es\/#\/schema\/logo\/image\/\"}}]}<\/script>\n<!-- \/ Yoast SEO plugin. -->","yoast_head_json":{"title":"\u00bfc\u00f3mo utilizar la funci\u00f3n vba ipmt?","robots":{"index":"index","follow":"follow","max-snippet":"max-snippet:-1","max-image-preview":"max-image-preview:large","max-video-preview":"max-video-preview:-1"},"canonical":"https:\/\/exceladvisor.org\/es\/ipmt\/","og_locale":"es_ES","og_type":"article","og_title":"\u00bfc\u00f3mo utilizar la funci\u00f3n vba ipmt?","og_description":"La funci\u00f3n VBA IPMT figura en la categor\u00eda financiera de funciones VBA. Cuando lo usa en c\u00f3digo VBA, calcula el pago de intereses, durante un per\u00edodo espec\u00edfico, para un pr\u00e9stamo o inversi\u00f3n que se paga mediante pagos peri\u00f3dicos constantes y utilizando una tasa de inter\u00e9s constante. Sintaxis IPmt (tasa, por, Nper, Pv, [Fv], [vencido]) Argumentos [&hellip;]","og_url":"https:\/\/exceladvisor.org\/es\/ipmt\/","og_site_name":"Excel Advisor","article_modified_time":"2023-12-25T10:30:35+00:00","og_image":[{"url":"https:\/\/exceladvisor.org\/wp-content\/uploads\/2023\/08\/exemple-de-fonction-vba-ipmt.png","type":"","width":"","height":""}],"twitter_card":"summary_large_image","twitter_misc":{"Tiempo de lectura":"2 minutos"},"schema":{"@context":"https:\/\/schema.org","@graph":[{"@type":"WebPage","@id":"https:\/\/exceladvisor.org\/es\/ipmt\/","url":"https:\/\/exceladvisor.org\/es\/ipmt\/","name":"\u00bfc\u00f3mo utilizar la funci\u00f3n vba ipmt?","isPartOf":{"@id":"https:\/\/exceladvisor.org\/es\/#website"},"primaryImageOfPage":{"@id":"https:\/\/exceladvisor.org\/es\/ipmt\/#primaryimage"},"image":{"@id":"https:\/\/exceladvisor.org\/es\/ipmt\/#primaryimage"},"thumbnailUrl":"https:\/\/exceladvisor.org\/wp-content\/uploads\/2023\/08\/exemple-de-fonction-vba-ipmt.png","datePublished":"2023-10-25T07:35:31+00:00","dateModified":"2023-12-25T10:30:35+00:00","breadcrumb":{"@id":"https:\/\/exceladvisor.org\/es\/ipmt\/#breadcrumb"},"inLanguage":"es","potentialAction":[{"@type":"ReadAction","target":["https:\/\/exceladvisor.org\/es\/ipmt\/"]}]},{"@type":"ImageObject","inLanguage":"es","@id":"https:\/\/exceladvisor.org\/es\/ipmt\/#primaryimage","url":"https:\/\/exceladvisor.org\/wp-content\/uploads\/2023\/08\/exemple-de-fonction-vba-ipmt.png","contentUrl":"https:\/\/exceladvisor.org\/wp-content\/uploads\/2023\/08\/exemple-de-fonction-vba-ipmt.png"},{"@type":"BreadcrumbList","@id":"https:\/\/exceladvisor.org\/es\/ipmt\/#breadcrumb","itemListElement":[{"@type":"ListItem","position":1,"name":"Hogar","item":"https:\/\/exceladvisor.org\/es\/"},{"@type":"ListItem","position":2,"name":"\u00bfc\u00f3mo utilizar la funci\u00f3n vba ipmt?"}]},{"@type":"WebSite","@id":"https:\/\/exceladvisor.org\/es\/#website","url":"https:\/\/exceladvisor.org\/es\/","name":"Excel Advisor","description":"Su gu\u00eda para la dominaci\u00f3n de datos!","publisher":{"@id":"https:\/\/exceladvisor.org\/es\/#organization"},"potentialAction":[{"@type":"SearchAction","target":{"@type":"EntryPoint","urlTemplate":"https:\/\/exceladvisor.org\/es\/?s={search_term_string}"},"query-input":{"@type":"PropertyValueSpecification","valueRequired":true,"valueName":"search_term_string"}}],"inLanguage":"es"},{"@type":"Organization","@id":"https:\/\/exceladvisor.org\/es\/#organization","name":"Excel Advisor","url":"https:\/\/exceladvisor.org\/es\/","logo":{"@type":"ImageObject","inLanguage":"es","@id":"https:\/\/exceladvisor.org\/es\/#\/schema\/logo\/image\/","url":"https:\/\/exceladvisor.org\/es\/wp-content\/uploads\/2023\/12\/exceladvisor.org_.png","contentUrl":"https:\/\/exceladvisor.org\/es\/wp-content\/uploads\/2023\/12\/exceladvisor.org_.png","width":105,"height":36,"caption":"Excel Advisor"},"image":{"@id":"https:\/\/exceladvisor.org\/es\/#\/schema\/logo\/image\/"}}]}},"yoast_meta":{"yoast_wpseo_title":"","yoast_wpseo_metadesc":"","yoast_wpseo_canonical":""},"_links":{"self":[{"href":"https:\/\/exceladvisor.org\/es\/wp-json\/wp\/v2\/pages\/505","targetHints":{"allow":["GET"]}}],"collection":[{"href":"https:\/\/exceladvisor.org\/es\/wp-json\/wp\/v2\/pages"}],"about":[{"href":"https:\/\/exceladvisor.org\/es\/wp-json\/wp\/v2\/types\/page"}],"author":[{"embeddable":true,"href":"https:\/\/exceladvisor.org\/es\/wp-json\/wp\/v2\/users\/1"}],"replies":[{"embeddable":true,"href":"https:\/\/exceladvisor.org\/es\/wp-json\/wp\/v2\/comments?post=505"}],"version-history":[{"count":1,"href":"https:\/\/exceladvisor.org\/es\/wp-json\/wp\/v2\/pages\/505\/revisions"}],"predecessor-version":[{"id":1284,"href":"https:\/\/exceladvisor.org\/es\/wp-json\/wp\/v2\/pages\/505\/revisions\/1284"}],"wp:attachment":[{"href":"https:\/\/exceladvisor.org\/es\/wp-json\/wp\/v2\/media?parent=505"}],"curies":[{"name":"wp","href":"https:\/\/api.w.org\/{rel}","templated":true}]}}