{"id":51,"date":"2023-11-17T23:12:54","date_gmt":"2023-11-17T23:12:54","guid":{"rendered":"https:\/\/exceladvisor.org\/es\/seleccione-el-rango\/"},"modified":"2023-12-25T10:27:10","modified_gmt":"2023-12-25T10:27:10","slug":"seleccione-el-rango","status":"publish","type":"page","link":"https:\/\/exceladvisor.org\/es\/seleccione-el-rango\/","title":{"rendered":"\u00bfc\u00f3mo seleccionar rango en excel?"},"content":{"rendered":"<div class=\"excel-antes-del-contenido\" id=\"excel-2911388938\"><script type=\"text\/javascript\">\r\n\tatOptions = {\r\n\t\t'key' : 'c1158f160081d6540a8409e6925dab94',\r\n\t\t'format' : 'iframe',\r\n\t\t'height' : 250,\r\n\t\t'width' : 300,\r\n\t\t'params' : {}\r\n\t};\r\n<\/script>\r\n<script type=\"text\/javascript\" src=\"\/\/www.highperformanceformat.com\/c1158f160081d6540a8409e6925dab94\/invoke.js\"><\/script><\/div><p>Cuando empiezas a aprender Excel, es importante saber c\u00f3mo seleccionar un rango. En este tutorial, aprenderemos los diferentes m\u00e9todos para seleccionar un rango (celda \u00fanica, celdas continuas y no continuas) usando el mouse y el teclado.<\/p>\n<h2 class=\"wp-block-heading\"> Seleccione una sola celda<\/h2>\n<p> Para seleccionar una sola celda, debe hacer clic en la celda que desea seleccionar. Y en el momento en que selecciona la celda, la direcci\u00f3n de la misma celda se muestra en el cuadro Nombre. Veamos en la instant\u00e1nea a continuaci\u00f3n, seleccionamos la celda A2. <\/p>\n<div class=\"wp-block-image\">\n<figure class=\"aligncenter size-full\"><img loading=\"lazy\" decoding=\"async\" class=\"wp-image-80034\" src=\"https:\/\/exceladvisor.org\/wp-content\/uploads\/2023\/08\/gif-selectionner-une-seule-cellule.gif\" sizes=\"auto, \" srcset=\"\" alt=\"seleccione una sola celda\" width=\"548\" height=\"386\"><\/figure>\n<\/div>\n<h2 class=\"wp-block-heading\"> Seleccione el rango de celdas adyacentes<\/h2>\n<p> Despu\u00e9s de seleccionar una sola celda en Excel, sigamos los pasos r\u00e1pidos para seleccionar varias celdas. Supongamos que desea seleccionar A1:B5:<\/p>\n<ul>\n<li> Primero, coloque el cursor en la celda (A1).<\/li>\n<li> Luego selecci\u00f3nelo presionando el bot\u00f3n izquierdo del mouse.<\/li>\n<li> Y ahora arrastre el cursor mientras mantiene presionado el bot\u00f3n del mouse desde A1 a B5. <\/li>\n<\/ul>\n<div class=\"wp-block-image\">\n<figure class=\"aligncenter size-full\"><img loading=\"lazy\" decoding=\"async\" class=\"wp-image-80035\" src=\"https:\/\/exceladvisor.org\/wp-content\/uploads\/2023\/08\/gif-plage-de-cellules-adjacentes.gif\" sizes=\"auto, \" srcset=\"\" alt=\"rango de celdas adyacentes\" width=\"600\" height=\"361\"><\/figure>\n<\/div>\n<h2 class=\"wp-block-heading\"> Seleccione el rango de celdas no adyacentes<\/h2>\n<p> A veces, mientras trabaja, necesita seleccionar varias celdas no continuas en la hoja de trabajo (como A4 a A7, B3 a B8 y C2 a C5).<\/p>\n<ul>\n<li> Haga clic en la primera celda (A4) y arrastre el cursor a A7.<\/li>\n<li> Despu\u00e9s de eso, mantenga presionada la tecla Control y seleccione el siguiente rango no adyacente uno por uno.<\/li>\n<li> Al final, se resalta todo el rango de celdas seleccionado.<\/li>\n<\/ul>\n<p class=\"grey-note\"> Puede mantener presionada <kbd>la tecla Ctrl<\/kbd> para seleccionar filas o columnas no continuas. <\/p>\n<div class=\"wp-block-image\">\n<figure class=\"aligncenter size-full\"><img loading=\"lazy\" decoding=\"async\" class=\"wp-image-80036\" src=\"https:\/\/exceladvisor.org\/wp-content\/uploads\/2023\/08\/gif-plage-de-cellules-non-adjacentes.gif\" sizes=\"auto, \" srcset=\"\" alt=\"rango de celdas no adyacentes\" width=\"600\" height=\"358\"><\/figure>\n<\/div>\n<h2 class=\"wp-block-heading\"> Seleccione el rango de celdas en la fila<\/h2>\n<p> Para seleccionar el rango de celdas en una sola fila, siga los pasos a continuaci\u00f3n:<\/p>\n<ul>\n<li> Primero seleccione la fila en la que desea seleccionar varias celdas.<\/li>\n<li> Ahora haga clic en una de las celdas de esta fila.<\/li>\n<li> Luego coloque el cursor en esa celda y arr\u00e1strelo hasta la \u00faltima celda para seleccionar.<\/li>\n<\/ul>\n<p> Como en el siguiente ejemplo, hemos seleccionado las primeras cuatro celdas de la fila 3. <\/p>\n<div class=\"wp-block-image\">\n<figure class=\"aligncenter size-full\"><img loading=\"lazy\" decoding=\"async\" class=\"wp-image-80037\" src=\"https:\/\/exceladvisor.org\/wp-content\/uploads\/2023\/08\/gif-plage-de-cellules-daffilee.gif\" sizes=\"auto, \" srcset=\"\" alt=\"rango de celdas en una fila\" width=\"568\" height=\"332\"><\/figure>\n<\/div>\n<h2 class=\"wp-block-heading\"> Seleccione el rango de celdas en la columna<\/h2>\n<p> Tambi\u00e9n puedes seleccionar el grupo de celdas en una sola columna para aplicar cualquier funci\u00f3n haciendo lo siguiente:<\/p>\n<ul>\n<li> Primero, elija la columna en la que desea seleccionar el rango de celdas.<\/li>\n<li> Luego haga clic en cualquier celda y arrastre el cursor hasta la \u00faltima celda.<\/li>\n<\/ul>\n<p> Tomemos un ejemplo de la columna C, donde hemos seleccionado las celdas C3 a C10. <\/p>\n<div class=\"wp-block-image\">\n<figure class=\"aligncenter size-full\"><img loading=\"lazy\" decoding=\"async\" class=\"wp-image-80038\" src=\"https:\/\/exceladvisor.org\/wp-content\/uploads\/2023\/08\/gif-plage-de-cellules-dans-une-colonne.gif\" sizes=\"auto, \" srcset=\"\" alt=\"rango-de-celdas-en-una-columna\" width=\"568\" height=\"390\"><\/figure>\n<\/div>\n<h2 class=\"wp-block-heading\"> Seleccionar todas las celdas de la hoja de trabajo<\/h2>\n<p> Aqu\u00ed la tarea com\u00fan para todos los usuarios de Excel es seleccionar todas las celdas de la hoja de c\u00e1lculo. Debes hacer clic en el peque\u00f1o tri\u00e1ngulo invertido en la esquina superior izquierda y ver\u00e1s que toda la hoja est\u00e1 seleccionada. <\/p>\n<div class=\"wp-block-image\">\n<figure class=\"aligncenter size-full\"><img loading=\"lazy\" decoding=\"async\" class=\"wp-image-80039\" src=\"https:\/\/exceladvisor.org\/wp-content\/uploads\/2023\/08\/gif-selectionner-une-feuille-entiere-a-partir-du-triangle-superieur.gif\" sizes=\"auto, \" srcset=\"\" alt=\"seleccionar-la-hoja-completa-del-tri\u00e1ngulo-superior\" width=\"600\" height=\"308\"><\/figure>\n<\/div>\n<p> Luego, tambi\u00e9n puede usar teclas de m\u00e9todo abreviado para seleccionar celdas en la hoja de trabajo.<\/p>\n<ul>\n<li> Si seleccion\u00f3 la celda en blanco sin datos en la hoja, presione y mantenga presionado Control + A. <\/li>\n<\/ul>\n<div class=\"wp-block-image\">\n<figure class=\"aligncenter size-full is-resized\"><img loading=\"lazy\" decoding=\"async\" class=\"wp-image-80040\" src=\"https:\/\/exceladvisor.org\/wp-content\/uploads\/2023\/08\/gif-selectionner-toutes-les-cellules-ayant-des-cellules-vides.gif\" sizes=\"auto, \" srcset=\"\" alt=\"seleccionar-todas-las-celdas-con-celdas-vacias\" width=\"582\" height=\"348\"><\/figure>\n<\/div>\n<ul>\n<li> Y cuando selecciona la celda que contiene datos o valor, debe presionar y mantener presionado Control + A + A (dos veces A) para seleccionar la hoja completa; de lo contrario, solo seleccionar\u00e1 celdas con datos. <\/li>\n<\/ul>\n<div class=\"wp-block-image\">\n<figure class=\"aligncenter size-full is-resized\"><img loading=\"lazy\" decoding=\"async\" class=\"wp-image-80041\" src=\"https:\/\/exceladvisor.org\/wp-content\/uploads\/2023\/08\/gif-selectionner-une-feuille-avec-des-donnees-dans-une-cellule.gif\" sizes=\"auto, \" srcset=\"\" alt=\"seleccionar-hoja-con-datos-en-una-celda\" width=\"453\" height=\"235\"><\/figure>\n<\/div>\n<div class=\"gb-container gb-container-4db6181c gb-container-mt\"> <a class=\"gb-button gb-button-c5897111 gb-button-text gb-button-mt-button\" href=\"https:\/\/exceladvisor.org\/es\/conceptos-basicos-de-excel\/\">Conceptos b\u00e1sicos de Microsoft Excel (componentes, piezas y notas de conocimiento)<\/a><\/p>\n<h2 class=\"gb-headline gb-headline-665e5f6b gb-headline-text gb-headline-mt-heading\"> Tutoriales relacionados <\/h2>\n<div class=\"gb-grid-wrapper gb-grid-wrapper-a20baf7c gb-grid-wrapper-mt-grid\">\n<div class=\"gb-grid-column gb-grid-column-65ddf67e\">\n<div class=\"gb-container gb-container-65ddf67e\">\n<ul>\n<li> <a href=\"https:\/\/exceladvisor.org\/es\/agregar-eliminar-hipervinculos\/\">Agregar y eliminar hiperv\u00ednculos en Excel<\/a><\/li>\n<li> <a href=\"https:\/\/exceladvisor.org\/es\/agregar-marca-de-agua\/\">Agregar una marca de agua en Excel<\/a><\/li>\n<li> <a href=\"https:\/\/exceladvisor.org\/es\/eliminar-columnas-de-filas-ocultas\/\">Eliminar filas ocultas en Excel<\/a><\/li>\n<li> <a href=\"https:\/\/exceladvisor.org\/es\/deseleccionar-celdas\/\">Deseleccionar celdas en Excel<\/a><\/li>\n<li> <a href=\"https:\/\/exceladvisor.org\/es\/agregar-una-columna\/\">Agregar una columna en Excel<\/a> <\/li>\n<\/ul>\n<\/div>\n<\/div>\n<div class=\"gb-grid-column gb-grid-column-50067b57\">\n<div class=\"gb-container gb-container-50067b57\"><\/div>\n<\/div>\n<\/div>\n<\/div>\n","protected":false},"excerpt":{"rendered":"<p>Cuando empiezas a aprender Excel, es importante saber c\u00f3mo seleccionar un rango. En este tutorial, aprenderemos los diferentes m\u00e9todos para seleccionar un rango (celda \u00fanica, celdas continuas y no continuas) usando el mouse y el teclado. Seleccione una sola celda Para seleccionar una sola celda, debe hacer clic en la celda que desea seleccionar. Y [&hellip;]<\/p>\n","protected":false},"author":1,"featured_media":0,"parent":0,"menu_order":0,"comment_status":"open","ping_status":"closed","template":"","meta":{"ub_ctt_via":"","footnotes":""},"class_list":["post-51","page","type-page","status-publish","hentry"],"featured_image_src":null,"yoast_head":"<!-- This site is optimized with the Yoast SEO plugin v25.4 - https:\/\/yoast.com\/wordpress\/plugins\/seo\/ -->\n<title>\u00bfc\u00f3mo seleccionar rango en excel?<\/title>\n<meta name=\"robots\" content=\"index, follow, max-snippet:-1, max-image-preview:large, max-video-preview:-1\" \/>\n<link rel=\"canonical\" href=\"https:\/\/exceladvisor.org\/es\/seleccione-el-rango\/\" \/>\n<meta property=\"og:locale\" content=\"es_ES\" \/>\n<meta property=\"og:type\" content=\"article\" \/>\n<meta property=\"og:title\" content=\"\u00bfc\u00f3mo seleccionar rango en excel?\" \/>\n<meta property=\"og:description\" content=\"Cuando empiezas a aprender Excel, es importante saber c\u00f3mo seleccionar un rango. En este tutorial, aprenderemos los diferentes m\u00e9todos para seleccionar un rango (celda \u00fanica, celdas continuas y no continuas) usando el mouse y el teclado. Seleccione una sola celda Para seleccionar una sola celda, debe hacer clic en la celda que desea seleccionar. Y [&hellip;]\" \/>\n<meta property=\"og:url\" content=\"https:\/\/exceladvisor.org\/es\/seleccione-el-rango\/\" \/>\n<meta property=\"og:site_name\" content=\"Excel Advisor\" \/>\n<meta property=\"article:modified_time\" content=\"2023-12-25T10:27:10+00:00\" \/>\n<meta property=\"og:image\" content=\"https:\/\/exceladvisor.org\/wp-content\/uploads\/2023\/08\/gif-selectionner-une-seule-cellule.gif\" \/>\n<meta name=\"twitter:card\" content=\"summary_large_image\" \/>\n<meta name=\"twitter:label1\" content=\"Tiempo de lectura\" \/>\n\t<meta name=\"twitter:data1\" content=\"3 minutos\" \/>\n<script type=\"application\/ld+json\" class=\"yoast-schema-graph\">{\"@context\":\"https:\/\/schema.org\",\"@graph\":[{\"@type\":\"WebPage\",\"@id\":\"https:\/\/exceladvisor.org\/es\/seleccione-el-rango\/\",\"url\":\"https:\/\/exceladvisor.org\/es\/seleccione-el-rango\/\",\"name\":\"\u00bfc\u00f3mo seleccionar rango en excel?\",\"isPartOf\":{\"@id\":\"https:\/\/exceladvisor.org\/es\/#website\"},\"primaryImageOfPage\":{\"@id\":\"https:\/\/exceladvisor.org\/es\/seleccione-el-rango\/#primaryimage\"},\"image\":{\"@id\":\"https:\/\/exceladvisor.org\/es\/seleccione-el-rango\/#primaryimage\"},\"thumbnailUrl\":\"https:\/\/exceladvisor.org\/wp-content\/uploads\/2023\/08\/gif-selectionner-une-seule-cellule.gif\",\"datePublished\":\"2023-11-17T23:12:54+00:00\",\"dateModified\":\"2023-12-25T10:27:10+00:00\",\"breadcrumb\":{\"@id\":\"https:\/\/exceladvisor.org\/es\/seleccione-el-rango\/#breadcrumb\"},\"inLanguage\":\"es\",\"potentialAction\":[{\"@type\":\"ReadAction\",\"target\":[\"https:\/\/exceladvisor.org\/es\/seleccione-el-rango\/\"]}]},{\"@type\":\"ImageObject\",\"inLanguage\":\"es\",\"@id\":\"https:\/\/exceladvisor.org\/es\/seleccione-el-rango\/#primaryimage\",\"url\":\"https:\/\/exceladvisor.org\/wp-content\/uploads\/2023\/08\/gif-selectionner-une-seule-cellule.gif\",\"contentUrl\":\"https:\/\/exceladvisor.org\/wp-content\/uploads\/2023\/08\/gif-selectionner-une-seule-cellule.gif\"},{\"@type\":\"BreadcrumbList\",\"@id\":\"https:\/\/exceladvisor.org\/es\/seleccione-el-rango\/#breadcrumb\",\"itemListElement\":[{\"@type\":\"ListItem\",\"position\":1,\"name\":\"Hogar\",\"item\":\"https:\/\/exceladvisor.org\/es\/\"},{\"@type\":\"ListItem\",\"position\":2,\"name\":\"\u00bfc\u00f3mo seleccionar rango en excel?\"}]},{\"@type\":\"WebSite\",\"@id\":\"https:\/\/exceladvisor.org\/es\/#website\",\"url\":\"https:\/\/exceladvisor.org\/es\/\",\"name\":\"Excel Advisor\",\"description\":\"Su gu\u00eda para la dominaci\u00f3n de datos!\",\"publisher\":{\"@id\":\"https:\/\/exceladvisor.org\/es\/#organization\"},\"potentialAction\":[{\"@type\":\"SearchAction\",\"target\":{\"@type\":\"EntryPoint\",\"urlTemplate\":\"https:\/\/exceladvisor.org\/es\/?s={search_term_string}\"},\"query-input\":{\"@type\":\"PropertyValueSpecification\",\"valueRequired\":true,\"valueName\":\"search_term_string\"}}],\"inLanguage\":\"es\"},{\"@type\":\"Organization\",\"@id\":\"https:\/\/exceladvisor.org\/es\/#organization\",\"name\":\"Excel Advisor\",\"url\":\"https:\/\/exceladvisor.org\/es\/\",\"logo\":{\"@type\":\"ImageObject\",\"inLanguage\":\"es\",\"@id\":\"https:\/\/exceladvisor.org\/es\/#\/schema\/logo\/image\/\",\"url\":\"https:\/\/exceladvisor.org\/es\/wp-content\/uploads\/2023\/12\/exceladvisor.org_.png\",\"contentUrl\":\"https:\/\/exceladvisor.org\/es\/wp-content\/uploads\/2023\/12\/exceladvisor.org_.png\",\"width\":105,\"height\":36,\"caption\":\"Excel Advisor\"},\"image\":{\"@id\":\"https:\/\/exceladvisor.org\/es\/#\/schema\/logo\/image\/\"}}]}<\/script>\n<!-- \/ Yoast SEO plugin. -->","yoast_head_json":{"title":"\u00bfc\u00f3mo seleccionar rango en excel?","robots":{"index":"index","follow":"follow","max-snippet":"max-snippet:-1","max-image-preview":"max-image-preview:large","max-video-preview":"max-video-preview:-1"},"canonical":"https:\/\/exceladvisor.org\/es\/seleccione-el-rango\/","og_locale":"es_ES","og_type":"article","og_title":"\u00bfc\u00f3mo seleccionar rango en excel?","og_description":"Cuando empiezas a aprender Excel, es importante saber c\u00f3mo seleccionar un rango. En este tutorial, aprenderemos los diferentes m\u00e9todos para seleccionar un rango (celda \u00fanica, celdas continuas y no continuas) usando el mouse y el teclado. Seleccione una sola celda Para seleccionar una sola celda, debe hacer clic en la celda que desea seleccionar. Y [&hellip;]","og_url":"https:\/\/exceladvisor.org\/es\/seleccione-el-rango\/","og_site_name":"Excel Advisor","article_modified_time":"2023-12-25T10:27:10+00:00","og_image":[{"url":"https:\/\/exceladvisor.org\/wp-content\/uploads\/2023\/08\/gif-selectionner-une-seule-cellule.gif","type":"","width":"","height":""}],"twitter_card":"summary_large_image","twitter_misc":{"Tiempo de lectura":"3 minutos"},"schema":{"@context":"https:\/\/schema.org","@graph":[{"@type":"WebPage","@id":"https:\/\/exceladvisor.org\/es\/seleccione-el-rango\/","url":"https:\/\/exceladvisor.org\/es\/seleccione-el-rango\/","name":"\u00bfc\u00f3mo seleccionar rango en excel?","isPartOf":{"@id":"https:\/\/exceladvisor.org\/es\/#website"},"primaryImageOfPage":{"@id":"https:\/\/exceladvisor.org\/es\/seleccione-el-rango\/#primaryimage"},"image":{"@id":"https:\/\/exceladvisor.org\/es\/seleccione-el-rango\/#primaryimage"},"thumbnailUrl":"https:\/\/exceladvisor.org\/wp-content\/uploads\/2023\/08\/gif-selectionner-une-seule-cellule.gif","datePublished":"2023-11-17T23:12:54+00:00","dateModified":"2023-12-25T10:27:10+00:00","breadcrumb":{"@id":"https:\/\/exceladvisor.org\/es\/seleccione-el-rango\/#breadcrumb"},"inLanguage":"es","potentialAction":[{"@type":"ReadAction","target":["https:\/\/exceladvisor.org\/es\/seleccione-el-rango\/"]}]},{"@type":"ImageObject","inLanguage":"es","@id":"https:\/\/exceladvisor.org\/es\/seleccione-el-rango\/#primaryimage","url":"https:\/\/exceladvisor.org\/wp-content\/uploads\/2023\/08\/gif-selectionner-une-seule-cellule.gif","contentUrl":"https:\/\/exceladvisor.org\/wp-content\/uploads\/2023\/08\/gif-selectionner-une-seule-cellule.gif"},{"@type":"BreadcrumbList","@id":"https:\/\/exceladvisor.org\/es\/seleccione-el-rango\/#breadcrumb","itemListElement":[{"@type":"ListItem","position":1,"name":"Hogar","item":"https:\/\/exceladvisor.org\/es\/"},{"@type":"ListItem","position":2,"name":"\u00bfc\u00f3mo seleccionar rango en excel?"}]},{"@type":"WebSite","@id":"https:\/\/exceladvisor.org\/es\/#website","url":"https:\/\/exceladvisor.org\/es\/","name":"Excel Advisor","description":"Su gu\u00eda para la dominaci\u00f3n de datos!","publisher":{"@id":"https:\/\/exceladvisor.org\/es\/#organization"},"potentialAction":[{"@type":"SearchAction","target":{"@type":"EntryPoint","urlTemplate":"https:\/\/exceladvisor.org\/es\/?s={search_term_string}"},"query-input":{"@type":"PropertyValueSpecification","valueRequired":true,"valueName":"search_term_string"}}],"inLanguage":"es"},{"@type":"Organization","@id":"https:\/\/exceladvisor.org\/es\/#organization","name":"Excel Advisor","url":"https:\/\/exceladvisor.org\/es\/","logo":{"@type":"ImageObject","inLanguage":"es","@id":"https:\/\/exceladvisor.org\/es\/#\/schema\/logo\/image\/","url":"https:\/\/exceladvisor.org\/es\/wp-content\/uploads\/2023\/12\/exceladvisor.org_.png","contentUrl":"https:\/\/exceladvisor.org\/es\/wp-content\/uploads\/2023\/12\/exceladvisor.org_.png","width":105,"height":36,"caption":"Excel Advisor"},"image":{"@id":"https:\/\/exceladvisor.org\/es\/#\/schema\/logo\/image\/"}}]}},"yoast_meta":{"yoast_wpseo_title":"","yoast_wpseo_metadesc":"","yoast_wpseo_canonical":""},"_links":{"self":[{"href":"https:\/\/exceladvisor.org\/es\/wp-json\/wp\/v2\/pages\/51","targetHints":{"allow":["GET"]}}],"collection":[{"href":"https:\/\/exceladvisor.org\/es\/wp-json\/wp\/v2\/pages"}],"about":[{"href":"https:\/\/exceladvisor.org\/es\/wp-json\/wp\/v2\/types\/page"}],"author":[{"embeddable":true,"href":"https:\/\/exceladvisor.org\/es\/wp-json\/wp\/v2\/users\/1"}],"replies":[{"embeddable":true,"href":"https:\/\/exceladvisor.org\/es\/wp-json\/wp\/v2\/comments?post=51"}],"version-history":[{"count":1,"href":"https:\/\/exceladvisor.org\/es\/wp-json\/wp\/v2\/pages\/51\/revisions"}],"predecessor-version":[{"id":1184,"href":"https:\/\/exceladvisor.org\/es\/wp-json\/wp\/v2\/pages\/51\/revisions\/1184"}],"wp:attachment":[{"href":"https:\/\/exceladvisor.org\/es\/wp-json\/wp\/v2\/media?parent=51"}],"curies":[{"name":"wp","href":"https:\/\/api.w.org\/{rel}","templated":true}]}}