{"id":515,"date":"2023-10-25T05:28:23","date_gmt":"2023-10-25T05:28:23","guid":{"rendered":"https:\/\/exceladvisor.org\/es\/unirse\/"},"modified":"2023-12-25T10:30:45","modified_gmt":"2023-12-25T10:30:45","slug":"unirse","status":"publish","type":"page","link":"https:\/\/exceladvisor.org\/es\/unirse\/","title":{"rendered":"\u00bfc\u00f3mo utilizar la funci\u00f3n vba join?"},"content":{"rendered":"<div class=\"excel-antes-del-contenido\" id=\"excel-2777930064\"><script type=\"text\/javascript\">\r\n\tatOptions = {\r\n\t\t'key' : 'c1158f160081d6540a8409e6925dab94',\r\n\t\t'format' : 'iframe',\r\n\t\t'height' : 250,\r\n\t\t'width' : 300,\r\n\t\t'params' : {}\r\n\t};\r\n<\/script>\r\n<script type=\"text\/javascript\" src=\"\/\/www.highperformanceformat.com\/c1158f160081d6540a8409e6925dab94\/invoke.js\"><\/script><\/div><p>La funci\u00f3n VBA JOIN aparece en la categor\u00eda de tabla de funciones VBA. Cuando lo usas en c\u00f3digo VBA, <strong>puede unir dos o m\u00e1s cadenas y devuelve una sola cadena en el resultado<\/strong> . En palabras simples, puede combinar varias cadenas en una, tal como podemos usar <a href=\"https:\/\/exceladvisor.org\/es\/concatenar-un-rango-de-celdas\/\">concatenar en una hoja de c\u00e1lculo para combinar valores<\/a> .<\/p>\n<h2 class=\"wp-block-heading\"> Sintaxis<\/h2>\n<p> <strong>Unirse (ArraySource, [Delimitador])<\/strong><\/p>\n<h2 class=\"wp-block-heading\"> Argumentos<\/h2>\n<ul>\n<li> <strong>SourceArray<\/strong> : una matriz de valores que desea unir como una nueva cadena.<\/li>\n<li> <strong>[Delimitador]<\/strong> : Un delimitador que desea utilizar para separar cada una de las subcadenas al crear la nueva cadena.<\/li>\n<\/ul>\n<h2 class=\"wp-block-heading\"> Ejemplo<\/h2>\n<p> Para comprender pr\u00e1cticamente c\u00f3mo usar la funci\u00f3n VBA JOIN, debe seguir el siguiente ejemplo donde escribimos un c\u00f3digo vba us\u00e1ndola: <\/p>\n<figure class=\"wp-block-image is-resized\"><img loading=\"lazy\" decoding=\"async\" title=\"ejemplo-vba-join-funci\u00f3n\" src=\"https:\/\/exceladvisor.org\/wp-content\/uploads\/2023\/08\/exemple-de-fonction-de-jointure-vba.png\" sizes=\"auto, \" srcset=\"\" alt=\"example-vba-join-function\" width=\"805\" height=\"552\"><\/figure>\n<pre class=\"wp-block-code\"> <code class=\"language-visual-basic\" lang=\"visual-basic\">Sub example_JOIN() Dim myAry(0 To 4) As String myAry(0) = Range(\"A1\") myAry(1) = Range(\"A2\") myAry(2) = Range(\"A3\") myAry(3) = Range(\"A4\") myAry(4) = Range(\"A5\") Range(\"A7\").Value = Join(myAry) End Sub<\/code><\/pre>\n<p> En el c\u00f3digo anterior, usamos el valor JOIN de una matriz (myAry) que toma todos los valores de los rangos de celdas que definimos y devolvimos la nueva cadena en la celda A1.<\/p>\n<h2 class=\"wp-block-heading\"> Comentarios<\/h2>\n<ul>\n<li> La funci\u00f3n de uni\u00f3n no funciona si la matriz se declara como tipo de datos de fecha o tipo de datos variante.<\/li>\n<\/ul>\n<div class=\"gb-container gb-container-078e99df gb-container-mt\"> <a class=\"gb-button gb-button-b61bc159 gb-button-text gb-button-mt-button\" href=\"https:\/\/exceladvisor.org\/es\/vba\/\">\u00bfQu\u00e9 es VBA?<\/a><\/p>\n<h2 class=\"gb-headline gb-headline-eb94b2aa gb-headline-text gb-headline-mt-heading\"> <a href=\"https:\/\/exceladvisor.org\/es\/funciones\/\">Funciones de VBA<\/a> relacionadas <\/h2>\n<div class=\"gb-grid-wrapper gb-grid-wrapper-bea82d60 gb-grid-wrapper-mt-grid\">\n<div class=\"gb-grid-column gb-grid-column-98a91fbb\">\n<div class=\"gb-container gb-container-98a91fbb\">\n<ul>\n<li> <a href=\"https:\/\/exceladvisor.org\/es\/desplegar\/\">TABLA VBA<\/a><\/li>\n<li> <a href=\"https:\/\/exceladvisor.org\/es\/filtrar\/\">FILTRO VBA<\/a><\/li>\n<li> <a href=\"https:\/\/exceladvisor.org\/es\/encuadernado\/\">VBA LIBADO<\/a><\/li>\n<li> <a href=\"https:\/\/exceladvisor.org\/es\/dividir\/\">DIVIDIR VBA<\/a><\/li>\n<li> <a href=\"https:\/\/exceladvisor.org\/es\/ubound\/\">VBA UNIDO<\/a> <\/li>\n<\/ul>\n<\/div>\n<\/div>\n<div class=\"gb-grid-column gb-grid-column-3151f7cb\">\n<div class=\"gb-container gb-container-3151f7cb\"><\/div>\n<\/div>\n<\/div>\n<\/div>\n","protected":false},"excerpt":{"rendered":"<p>La funci\u00f3n VBA JOIN aparece en la categor\u00eda de tabla de funciones VBA. Cuando lo usas en c\u00f3digo VBA, puede unir dos o m\u00e1s cadenas y devuelve una sola cadena en el resultado . En palabras simples, puede combinar varias cadenas en una, tal como podemos usar concatenar en una hoja de c\u00e1lculo para combinar [&hellip;]<\/p>\n","protected":false},"author":1,"featured_media":0,"parent":0,"menu_order":0,"comment_status":"open","ping_status":"closed","template":"","meta":{"ub_ctt_via":"","footnotes":""},"class_list":["post-515","page","type-page","status-publish","hentry"],"featured_image_src":null,"yoast_head":"<!-- This site is optimized with the Yoast SEO plugin v25.4 - https:\/\/yoast.com\/wordpress\/plugins\/seo\/ -->\n<title>\u00bfc\u00f3mo utilizar la funci\u00f3n vba join?<\/title>\n<meta name=\"robots\" content=\"index, follow, max-snippet:-1, max-image-preview:large, max-video-preview:-1\" \/>\n<link rel=\"canonical\" href=\"https:\/\/exceladvisor.org\/es\/unirse\/\" \/>\n<meta property=\"og:locale\" content=\"es_ES\" \/>\n<meta property=\"og:type\" content=\"article\" \/>\n<meta property=\"og:title\" content=\"\u00bfc\u00f3mo utilizar la funci\u00f3n vba join?\" \/>\n<meta property=\"og:description\" content=\"La funci\u00f3n VBA JOIN aparece en la categor\u00eda de tabla de funciones VBA. Cuando lo usas en c\u00f3digo VBA, puede unir dos o m\u00e1s cadenas y devuelve una sola cadena en el resultado . En palabras simples, puede combinar varias cadenas en una, tal como podemos usar concatenar en una hoja de c\u00e1lculo para combinar [&hellip;]\" \/>\n<meta property=\"og:url\" content=\"https:\/\/exceladvisor.org\/es\/unirse\/\" \/>\n<meta property=\"og:site_name\" content=\"Excel Advisor\" \/>\n<meta property=\"article:modified_time\" content=\"2023-12-25T10:30:45+00:00\" \/>\n<meta property=\"og:image\" content=\"https:\/\/exceladvisor.org\/wp-content\/uploads\/2023\/08\/exemple-de-fonction-de-jointure-vba.png\" \/>\n<meta name=\"twitter:card\" content=\"summary_large_image\" \/>\n<meta name=\"twitter:label1\" content=\"Tiempo de lectura\" \/>\n\t<meta name=\"twitter:data1\" content=\"1 minuto\" \/>\n<script type=\"application\/ld+json\" class=\"yoast-schema-graph\">{\"@context\":\"https:\/\/schema.org\",\"@graph\":[{\"@type\":\"WebPage\",\"@id\":\"https:\/\/exceladvisor.org\/es\/unirse\/\",\"url\":\"https:\/\/exceladvisor.org\/es\/unirse\/\",\"name\":\"\u00bfc\u00f3mo utilizar la funci\u00f3n vba join?\",\"isPartOf\":{\"@id\":\"https:\/\/exceladvisor.org\/es\/#website\"},\"primaryImageOfPage\":{\"@id\":\"https:\/\/exceladvisor.org\/es\/unirse\/#primaryimage\"},\"image\":{\"@id\":\"https:\/\/exceladvisor.org\/es\/unirse\/#primaryimage\"},\"thumbnailUrl\":\"https:\/\/exceladvisor.org\/wp-content\/uploads\/2023\/08\/exemple-de-fonction-de-jointure-vba.png\",\"datePublished\":\"2023-10-25T05:28:23+00:00\",\"dateModified\":\"2023-12-25T10:30:45+00:00\",\"breadcrumb\":{\"@id\":\"https:\/\/exceladvisor.org\/es\/unirse\/#breadcrumb\"},\"inLanguage\":\"es\",\"potentialAction\":[{\"@type\":\"ReadAction\",\"target\":[\"https:\/\/exceladvisor.org\/es\/unirse\/\"]}]},{\"@type\":\"ImageObject\",\"inLanguage\":\"es\",\"@id\":\"https:\/\/exceladvisor.org\/es\/unirse\/#primaryimage\",\"url\":\"https:\/\/exceladvisor.org\/wp-content\/uploads\/2023\/08\/exemple-de-fonction-de-jointure-vba.png\",\"contentUrl\":\"https:\/\/exceladvisor.org\/wp-content\/uploads\/2023\/08\/exemple-de-fonction-de-jointure-vba.png\"},{\"@type\":\"BreadcrumbList\",\"@id\":\"https:\/\/exceladvisor.org\/es\/unirse\/#breadcrumb\",\"itemListElement\":[{\"@type\":\"ListItem\",\"position\":1,\"name\":\"Hogar\",\"item\":\"https:\/\/exceladvisor.org\/es\/\"},{\"@type\":\"ListItem\",\"position\":2,\"name\":\"\u00bfc\u00f3mo utilizar la funci\u00f3n vba join?\"}]},{\"@type\":\"WebSite\",\"@id\":\"https:\/\/exceladvisor.org\/es\/#website\",\"url\":\"https:\/\/exceladvisor.org\/es\/\",\"name\":\"Excel Advisor\",\"description\":\"Su gu\u00eda para la dominaci\u00f3n de datos!\",\"publisher\":{\"@id\":\"https:\/\/exceladvisor.org\/es\/#organization\"},\"potentialAction\":[{\"@type\":\"SearchAction\",\"target\":{\"@type\":\"EntryPoint\",\"urlTemplate\":\"https:\/\/exceladvisor.org\/es\/?s={search_term_string}\"},\"query-input\":{\"@type\":\"PropertyValueSpecification\",\"valueRequired\":true,\"valueName\":\"search_term_string\"}}],\"inLanguage\":\"es\"},{\"@type\":\"Organization\",\"@id\":\"https:\/\/exceladvisor.org\/es\/#organization\",\"name\":\"Excel Advisor\",\"url\":\"https:\/\/exceladvisor.org\/es\/\",\"logo\":{\"@type\":\"ImageObject\",\"inLanguage\":\"es\",\"@id\":\"https:\/\/exceladvisor.org\/es\/#\/schema\/logo\/image\/\",\"url\":\"https:\/\/exceladvisor.org\/es\/wp-content\/uploads\/2023\/12\/exceladvisor.org_.png\",\"contentUrl\":\"https:\/\/exceladvisor.org\/es\/wp-content\/uploads\/2023\/12\/exceladvisor.org_.png\",\"width\":105,\"height\":36,\"caption\":\"Excel Advisor\"},\"image\":{\"@id\":\"https:\/\/exceladvisor.org\/es\/#\/schema\/logo\/image\/\"}}]}<\/script>\n<!-- \/ Yoast SEO plugin. -->","yoast_head_json":{"title":"\u00bfc\u00f3mo utilizar la funci\u00f3n vba join?","robots":{"index":"index","follow":"follow","max-snippet":"max-snippet:-1","max-image-preview":"max-image-preview:large","max-video-preview":"max-video-preview:-1"},"canonical":"https:\/\/exceladvisor.org\/es\/unirse\/","og_locale":"es_ES","og_type":"article","og_title":"\u00bfc\u00f3mo utilizar la funci\u00f3n vba join?","og_description":"La funci\u00f3n VBA JOIN aparece en la categor\u00eda de tabla de funciones VBA. Cuando lo usas en c\u00f3digo VBA, puede unir dos o m\u00e1s cadenas y devuelve una sola cadena en el resultado . En palabras simples, puede combinar varias cadenas en una, tal como podemos usar concatenar en una hoja de c\u00e1lculo para combinar [&hellip;]","og_url":"https:\/\/exceladvisor.org\/es\/unirse\/","og_site_name":"Excel Advisor","article_modified_time":"2023-12-25T10:30:45+00:00","og_image":[{"url":"https:\/\/exceladvisor.org\/wp-content\/uploads\/2023\/08\/exemple-de-fonction-de-jointure-vba.png","type":"","width":"","height":""}],"twitter_card":"summary_large_image","twitter_misc":{"Tiempo de lectura":"1 minuto"},"schema":{"@context":"https:\/\/schema.org","@graph":[{"@type":"WebPage","@id":"https:\/\/exceladvisor.org\/es\/unirse\/","url":"https:\/\/exceladvisor.org\/es\/unirse\/","name":"\u00bfc\u00f3mo utilizar la funci\u00f3n vba join?","isPartOf":{"@id":"https:\/\/exceladvisor.org\/es\/#website"},"primaryImageOfPage":{"@id":"https:\/\/exceladvisor.org\/es\/unirse\/#primaryimage"},"image":{"@id":"https:\/\/exceladvisor.org\/es\/unirse\/#primaryimage"},"thumbnailUrl":"https:\/\/exceladvisor.org\/wp-content\/uploads\/2023\/08\/exemple-de-fonction-de-jointure-vba.png","datePublished":"2023-10-25T05:28:23+00:00","dateModified":"2023-12-25T10:30:45+00:00","breadcrumb":{"@id":"https:\/\/exceladvisor.org\/es\/unirse\/#breadcrumb"},"inLanguage":"es","potentialAction":[{"@type":"ReadAction","target":["https:\/\/exceladvisor.org\/es\/unirse\/"]}]},{"@type":"ImageObject","inLanguage":"es","@id":"https:\/\/exceladvisor.org\/es\/unirse\/#primaryimage","url":"https:\/\/exceladvisor.org\/wp-content\/uploads\/2023\/08\/exemple-de-fonction-de-jointure-vba.png","contentUrl":"https:\/\/exceladvisor.org\/wp-content\/uploads\/2023\/08\/exemple-de-fonction-de-jointure-vba.png"},{"@type":"BreadcrumbList","@id":"https:\/\/exceladvisor.org\/es\/unirse\/#breadcrumb","itemListElement":[{"@type":"ListItem","position":1,"name":"Hogar","item":"https:\/\/exceladvisor.org\/es\/"},{"@type":"ListItem","position":2,"name":"\u00bfc\u00f3mo utilizar la funci\u00f3n vba join?"}]},{"@type":"WebSite","@id":"https:\/\/exceladvisor.org\/es\/#website","url":"https:\/\/exceladvisor.org\/es\/","name":"Excel Advisor","description":"Su gu\u00eda para la dominaci\u00f3n de datos!","publisher":{"@id":"https:\/\/exceladvisor.org\/es\/#organization"},"potentialAction":[{"@type":"SearchAction","target":{"@type":"EntryPoint","urlTemplate":"https:\/\/exceladvisor.org\/es\/?s={search_term_string}"},"query-input":{"@type":"PropertyValueSpecification","valueRequired":true,"valueName":"search_term_string"}}],"inLanguage":"es"},{"@type":"Organization","@id":"https:\/\/exceladvisor.org\/es\/#organization","name":"Excel Advisor","url":"https:\/\/exceladvisor.org\/es\/","logo":{"@type":"ImageObject","inLanguage":"es","@id":"https:\/\/exceladvisor.org\/es\/#\/schema\/logo\/image\/","url":"https:\/\/exceladvisor.org\/es\/wp-content\/uploads\/2023\/12\/exceladvisor.org_.png","contentUrl":"https:\/\/exceladvisor.org\/es\/wp-content\/uploads\/2023\/12\/exceladvisor.org_.png","width":105,"height":36,"caption":"Excel Advisor"},"image":{"@id":"https:\/\/exceladvisor.org\/es\/#\/schema\/logo\/image\/"}}]}},"yoast_meta":{"yoast_wpseo_title":"","yoast_wpseo_metadesc":"","yoast_wpseo_canonical":""},"_links":{"self":[{"href":"https:\/\/exceladvisor.org\/es\/wp-json\/wp\/v2\/pages\/515","targetHints":{"allow":["GET"]}}],"collection":[{"href":"https:\/\/exceladvisor.org\/es\/wp-json\/wp\/v2\/pages"}],"about":[{"href":"https:\/\/exceladvisor.org\/es\/wp-json\/wp\/v2\/types\/page"}],"author":[{"embeddable":true,"href":"https:\/\/exceladvisor.org\/es\/wp-json\/wp\/v2\/users\/1"}],"replies":[{"embeddable":true,"href":"https:\/\/exceladvisor.org\/es\/wp-json\/wp\/v2\/comments?post=515"}],"version-history":[{"count":1,"href":"https:\/\/exceladvisor.org\/es\/wp-json\/wp\/v2\/pages\/515\/revisions"}],"predecessor-version":[{"id":1303,"href":"https:\/\/exceladvisor.org\/es\/wp-json\/wp\/v2\/pages\/515\/revisions\/1303"}],"wp:attachment":[{"href":"https:\/\/exceladvisor.org\/es\/wp-json\/wp\/v2\/media?parent=515"}],"curies":[{"name":"wp","href":"https:\/\/api.w.org\/{rel}","templated":true}]}}