{"id":53,"date":"2023-11-17T21:24:59","date_gmt":"2023-11-17T21:24:59","guid":{"rendered":"https:\/\/exceladvisor.org\/es\/agregar-una-nueva-matriz-de-valores\/"},"modified":"2023-12-25T10:23:01","modified_gmt":"2023-12-25T10:23:01","slug":"agregar-una-nueva-matriz-de-valores","status":"publish","type":"page","link":"https:\/\/exceladvisor.org\/es\/agregar-una-nueva-matriz-de-valores\/","title":{"rendered":"\u00bfc\u00f3mo agregar un nuevo valor a una matriz v\u00eda vba?"},"content":{"rendered":"<div class=\"excel-antes-del-contenido\" id=\"excel-1259299577\"><script type=\"text\/javascript\">\r\n\tatOptions = {\r\n\t\t'key' : 'c1158f160081d6540a8409e6925dab94',\r\n\t\t'format' : 'iframe',\r\n\t\t'height' : 250,\r\n\t\t'width' : 300,\r\n\t\t'params' : {}\r\n\t};\r\n<\/script>\r\n<script type=\"text\/javascript\" src=\"\/\/www.highperformanceformat.com\/c1158f160081d6540a8409e6925dab94\/invoke.js\"><\/script><\/div><p>Para agregar un nuevo valor a una matriz existente, debe tener una matriz din\u00e1mica para redefinir sus elementos y, cuando lo haga, debe conservar los valores de los elementos antiguos. Esto le ayuda a agregar solo el valor al nuevo elemento que define y deja el resto de la pieza intacto.<\/p>\n<p> A continuaci\u00f3n tienes un array en el que has definido dos elementos. Dado que se trata de una matriz din\u00e1mica, tiene una declaraci\u00f3n \u00abReDim\u00bb para definir dos elementos y luego agregar valores a esos elementos. <\/p>\n<div class=\"wp-block-image is-style-default\">\n<figure class=\"aligncenter size-large is-resized\"><img loading=\"lazy\" decoding=\"async\" class=\"wp-image-57215\" src=\"https:\/\/exceladvisor.org\/wp-content\/uploads\/2023\/08\/1-tableau-dynamique-pour-redefinir-les-elements-1-2.png\" sizes=\"auto, \" srcset=\"\" alt=\"matriz-dinamica-para-redefinir-elementos\" width=\"497\" height=\"359\"><\/figure>\n<\/div>\n<p> Luego agregaremos un tercer elemento a esta matriz.<\/p>\n<h2 class=\"wp-block-heading\"> <strong>Agregar un nuevo valor a una matriz en VBA<\/strong><\/h2>\n<div class=\"wp-block-image is-style-default\">\n<figure class=\"aligncenter size-large is-resized\"><img loading=\"lazy\" decoding=\"async\" class=\"wp-image-57216\" src=\"https:\/\/exceladvisor.org\/wp-content\/uploads\/2023\/08\/2-ajouter-une-nouvelle-valeur-a-un-tableau-2.png\" sizes=\"auto, \" srcset=\"\" alt=\"\" width=\"505\" height=\"564\"><\/figure>\n<\/div>\n<ol type=\"1\">\n<li> Primero, debe usar la instrucci\u00f3n \u00abReDim\u00bb con la palabra clave \u00abPreserve\u00bb para preservar ambos elementos, incluido el nuevo elemento al que desea agregar el valor.<\/li>\n<li> A continuaci\u00f3n, debe definir los elementos que desea tener en la matriz. Aqu\u00ed necesitas tener tres elementos, por lo que usamos del 1 al 3 para esto.<\/li>\n<li> Despu\u00e9s de eso, debe agregar valor al tercer elemento, que es el nuevo elemento que defini\u00f3.<\/li>\n<li> Al final, utilice <a href=\"https:\/\/exceladvisor.org\/es\/impresion-de-depuracion-inmediata-de-ventana\/\">debug.print<\/a> para obtener todos los elementos con los nuevos elementos en la ventana inmediata.<\/li>\n<\/ol>\n<pre class=\"wp-block-code\"> <code class=\"language-visual-basic\" lang=\"visual-basic\">Option Explicit Option Base 1 Sub vba_array_add_value() Dim myArray() As Variant ReDim myArray(2) myArray(1) = 5 myArray(2) = 10 ReDim Preserve myArray(1 To 3) myArray(3) = 15 Debug.Print myArray(1) Debug.Print myArray(2) Debug.Print myArray(3) End Sub<\/code><\/pre>\n<p> Perm\u00edtanme compartir algunas palabras m\u00e1s con ustedes.<\/p>\n<ul>\n<li> Debe declarar una matriz como matriz din\u00e1mica al principio si sabe que necesita agregar m\u00e1s valor a la matriz en el c\u00f3digo m\u00e1s adelante.<\/li>\n<li> Con este m\u00e9todo solo puede agregar un nuevo elemento al final de la matriz.<\/li>\n<\/ul>\n<div class=\"gb-container gb-container-4db6181c gb-container-mt\"> <a class=\"gb-button gb-button-c5897111 gb-button-text gb-button-mt-button\" href=\"https:\/\/exceladvisor.org\/es\/vba\/\">\u00bfQu\u00e9 es VBA?<\/a><\/p>\n<h2 class=\"gb-headline gb-headline-665e5f6b gb-headline-text gb-headline-mt-heading\"> Obtenga m\u00e1s informaci\u00f3n sobre <a href=\"https:\/\/exceladvisor.org\/es\/pinturas\/\">las tablas VBA<\/a> <\/h2>\n<div class=\"gb-grid-wrapper gb-grid-wrapper-a20baf7c gb-grid-wrapper-mt-grid\">\n<div class=\"gb-grid-column gb-grid-column-65ddf67e\">\n<div class=\"gb-container gb-container-65ddf67e\">\n<ul>\n<li> <a href=\"https:\/\/exceladvisor.org\/es\/tamano-de-matriz\/\">Longitud de la matriz VBA (tama\u00f1o)<\/a><\/li>\n<li> <a href=\"https:\/\/exceladvisor.org\/es\/mesa-con-cadenas\/\">Matriz VBA con cadenas<\/a><\/li>\n<li> <a href=\"https:\/\/exceladvisor.org\/es\/borrar-la-pizarra\/\">Matriz clara de VBA<\/a><\/li>\n<li> <a href=\"https:\/\/exceladvisor.org\/es\/tabla-dinamica\/\">Tabla din\u00e1mica VBA<\/a> <\/li>\n<\/ul>\n<\/div>\n<\/div>\n<div class=\"gb-grid-column gb-grid-column-50067b57\">\n<div class=\"gb-container gb-container-50067b57\">\n<ul>\n<li> <a href=\"https:\/\/exceladvisor.org\/es\/matriz-de-bucle-vba\/\">Bucle de VBA en una matriz<\/a><\/li>\n<li> <a href=\"https:\/\/exceladvisor.org\/es\/matriz-multidimensional\/\">Matriz multidimensional VBA<\/a><\/li>\n<li> <a href=\"https:\/\/exceladvisor.org\/es\/la-playa-tiene-una-pintura\/\">rango de VBA a una matriz<\/a><\/li>\n<li> <a href=\"https:\/\/exceladvisor.org\/es\/mesa-de-clasificacion\/\">tabla de salida de VBA<\/a><\/li>\n<\/ul>\n<\/div>\n<\/div>\n<\/div>\n<\/div>\n","protected":false},"excerpt":{"rendered":"<p>Para agregar un nuevo valor a una matriz existente, debe tener una matriz din\u00e1mica para redefinir sus elementos y, cuando lo haga, debe conservar los valores de los elementos antiguos. Esto le ayuda a agregar solo el valor al nuevo elemento que define y deja el resto de la pieza intacto. A continuaci\u00f3n tienes un [&hellip;]<\/p>\n","protected":false},"author":1,"featured_media":0,"parent":0,"menu_order":0,"comment_status":"open","ping_status":"closed","template":"","meta":{"ub_ctt_via":"","footnotes":""},"class_list":["post-53","page","type-page","status-publish","hentry"],"featured_image_src":null,"yoast_head":"<!-- This site is optimized with the Yoast SEO plugin v25.4 - https:\/\/yoast.com\/wordpress\/plugins\/seo\/ -->\n<title>\u00bfc\u00f3mo agregar un nuevo valor a una matriz v\u00eda vba?<\/title>\n<meta name=\"robots\" content=\"index, follow, max-snippet:-1, max-image-preview:large, max-video-preview:-1\" \/>\n<link rel=\"canonical\" href=\"https:\/\/exceladvisor.org\/es\/agregar-una-nueva-matriz-de-valores\/\" \/>\n<meta property=\"og:locale\" content=\"es_ES\" \/>\n<meta property=\"og:type\" content=\"article\" \/>\n<meta property=\"og:title\" content=\"\u00bfc\u00f3mo agregar un nuevo valor a una matriz v\u00eda vba?\" \/>\n<meta property=\"og:description\" content=\"Para agregar un nuevo valor a una matriz existente, debe tener una matriz din\u00e1mica para redefinir sus elementos y, cuando lo haga, debe conservar los valores de los elementos antiguos. Esto le ayuda a agregar solo el valor al nuevo elemento que define y deja el resto de la pieza intacto. A continuaci\u00f3n tienes un [&hellip;]\" \/>\n<meta property=\"og:url\" content=\"https:\/\/exceladvisor.org\/es\/agregar-una-nueva-matriz-de-valores\/\" \/>\n<meta property=\"og:site_name\" content=\"Excel Advisor\" \/>\n<meta property=\"article:modified_time\" content=\"2023-12-25T10:23:01+00:00\" \/>\n<meta property=\"og:image\" content=\"https:\/\/exceladvisor.org\/wp-content\/uploads\/2023\/08\/1-tableau-dynamique-pour-redefinir-les-elements-1-2.png\" \/>\n<meta name=\"twitter:card\" content=\"summary_large_image\" \/>\n<meta name=\"twitter:label1\" content=\"Tiempo de lectura\" \/>\n\t<meta name=\"twitter:data1\" content=\"2 minutos\" \/>\n<script type=\"application\/ld+json\" class=\"yoast-schema-graph\">{\"@context\":\"https:\/\/schema.org\",\"@graph\":[{\"@type\":\"WebPage\",\"@id\":\"https:\/\/exceladvisor.org\/es\/agregar-una-nueva-matriz-de-valores\/\",\"url\":\"https:\/\/exceladvisor.org\/es\/agregar-una-nueva-matriz-de-valores\/\",\"name\":\"\u00bfc\u00f3mo agregar un nuevo valor a una matriz v\u00eda vba?\",\"isPartOf\":{\"@id\":\"https:\/\/exceladvisor.org\/es\/#website\"},\"primaryImageOfPage\":{\"@id\":\"https:\/\/exceladvisor.org\/es\/agregar-una-nueva-matriz-de-valores\/#primaryimage\"},\"image\":{\"@id\":\"https:\/\/exceladvisor.org\/es\/agregar-una-nueva-matriz-de-valores\/#primaryimage\"},\"thumbnailUrl\":\"https:\/\/exceladvisor.org\/wp-content\/uploads\/2023\/08\/1-tableau-dynamique-pour-redefinir-les-elements-1-2.png\",\"datePublished\":\"2023-11-17T21:24:59+00:00\",\"dateModified\":\"2023-12-25T10:23:01+00:00\",\"breadcrumb\":{\"@id\":\"https:\/\/exceladvisor.org\/es\/agregar-una-nueva-matriz-de-valores\/#breadcrumb\"},\"inLanguage\":\"es\",\"potentialAction\":[{\"@type\":\"ReadAction\",\"target\":[\"https:\/\/exceladvisor.org\/es\/agregar-una-nueva-matriz-de-valores\/\"]}]},{\"@type\":\"ImageObject\",\"inLanguage\":\"es\",\"@id\":\"https:\/\/exceladvisor.org\/es\/agregar-una-nueva-matriz-de-valores\/#primaryimage\",\"url\":\"https:\/\/exceladvisor.org\/wp-content\/uploads\/2023\/08\/1-tableau-dynamique-pour-redefinir-les-elements-1-2.png\",\"contentUrl\":\"https:\/\/exceladvisor.org\/wp-content\/uploads\/2023\/08\/1-tableau-dynamique-pour-redefinir-les-elements-1-2.png\"},{\"@type\":\"BreadcrumbList\",\"@id\":\"https:\/\/exceladvisor.org\/es\/agregar-una-nueva-matriz-de-valores\/#breadcrumb\",\"itemListElement\":[{\"@type\":\"ListItem\",\"position\":1,\"name\":\"Hogar\",\"item\":\"https:\/\/exceladvisor.org\/es\/\"},{\"@type\":\"ListItem\",\"position\":2,\"name\":\"\u00bfc\u00f3mo agregar un nuevo valor a una matriz v\u00eda vba?\"}]},{\"@type\":\"WebSite\",\"@id\":\"https:\/\/exceladvisor.org\/es\/#website\",\"url\":\"https:\/\/exceladvisor.org\/es\/\",\"name\":\"Excel Advisor\",\"description\":\"Su gu\u00eda para la dominaci\u00f3n de datos!\",\"publisher\":{\"@id\":\"https:\/\/exceladvisor.org\/es\/#organization\"},\"potentialAction\":[{\"@type\":\"SearchAction\",\"target\":{\"@type\":\"EntryPoint\",\"urlTemplate\":\"https:\/\/exceladvisor.org\/es\/?s={search_term_string}\"},\"query-input\":{\"@type\":\"PropertyValueSpecification\",\"valueRequired\":true,\"valueName\":\"search_term_string\"}}],\"inLanguage\":\"es\"},{\"@type\":\"Organization\",\"@id\":\"https:\/\/exceladvisor.org\/es\/#organization\",\"name\":\"Excel Advisor\",\"url\":\"https:\/\/exceladvisor.org\/es\/\",\"logo\":{\"@type\":\"ImageObject\",\"inLanguage\":\"es\",\"@id\":\"https:\/\/exceladvisor.org\/es\/#\/schema\/logo\/image\/\",\"url\":\"https:\/\/exceladvisor.org\/es\/wp-content\/uploads\/2023\/12\/exceladvisor.org_.png\",\"contentUrl\":\"https:\/\/exceladvisor.org\/es\/wp-content\/uploads\/2023\/12\/exceladvisor.org_.png\",\"width\":105,\"height\":36,\"caption\":\"Excel Advisor\"},\"image\":{\"@id\":\"https:\/\/exceladvisor.org\/es\/#\/schema\/logo\/image\/\"}}]}<\/script>\n<!-- \/ Yoast SEO plugin. -->","yoast_head_json":{"title":"\u00bfc\u00f3mo agregar un nuevo valor a una matriz v\u00eda vba?","robots":{"index":"index","follow":"follow","max-snippet":"max-snippet:-1","max-image-preview":"max-image-preview:large","max-video-preview":"max-video-preview:-1"},"canonical":"https:\/\/exceladvisor.org\/es\/agregar-una-nueva-matriz-de-valores\/","og_locale":"es_ES","og_type":"article","og_title":"\u00bfc\u00f3mo agregar un nuevo valor a una matriz v\u00eda vba?","og_description":"Para agregar un nuevo valor a una matriz existente, debe tener una matriz din\u00e1mica para redefinir sus elementos y, cuando lo haga, debe conservar los valores de los elementos antiguos. Esto le ayuda a agregar solo el valor al nuevo elemento que define y deja el resto de la pieza intacto. A continuaci\u00f3n tienes un [&hellip;]","og_url":"https:\/\/exceladvisor.org\/es\/agregar-una-nueva-matriz-de-valores\/","og_site_name":"Excel Advisor","article_modified_time":"2023-12-25T10:23:01+00:00","og_image":[{"url":"https:\/\/exceladvisor.org\/wp-content\/uploads\/2023\/08\/1-tableau-dynamique-pour-redefinir-les-elements-1-2.png","type":"","width":"","height":""}],"twitter_card":"summary_large_image","twitter_misc":{"Tiempo de lectura":"2 minutos"},"schema":{"@context":"https:\/\/schema.org","@graph":[{"@type":"WebPage","@id":"https:\/\/exceladvisor.org\/es\/agregar-una-nueva-matriz-de-valores\/","url":"https:\/\/exceladvisor.org\/es\/agregar-una-nueva-matriz-de-valores\/","name":"\u00bfc\u00f3mo agregar un nuevo valor a una matriz v\u00eda vba?","isPartOf":{"@id":"https:\/\/exceladvisor.org\/es\/#website"},"primaryImageOfPage":{"@id":"https:\/\/exceladvisor.org\/es\/agregar-una-nueva-matriz-de-valores\/#primaryimage"},"image":{"@id":"https:\/\/exceladvisor.org\/es\/agregar-una-nueva-matriz-de-valores\/#primaryimage"},"thumbnailUrl":"https:\/\/exceladvisor.org\/wp-content\/uploads\/2023\/08\/1-tableau-dynamique-pour-redefinir-les-elements-1-2.png","datePublished":"2023-11-17T21:24:59+00:00","dateModified":"2023-12-25T10:23:01+00:00","breadcrumb":{"@id":"https:\/\/exceladvisor.org\/es\/agregar-una-nueva-matriz-de-valores\/#breadcrumb"},"inLanguage":"es","potentialAction":[{"@type":"ReadAction","target":["https:\/\/exceladvisor.org\/es\/agregar-una-nueva-matriz-de-valores\/"]}]},{"@type":"ImageObject","inLanguage":"es","@id":"https:\/\/exceladvisor.org\/es\/agregar-una-nueva-matriz-de-valores\/#primaryimage","url":"https:\/\/exceladvisor.org\/wp-content\/uploads\/2023\/08\/1-tableau-dynamique-pour-redefinir-les-elements-1-2.png","contentUrl":"https:\/\/exceladvisor.org\/wp-content\/uploads\/2023\/08\/1-tableau-dynamique-pour-redefinir-les-elements-1-2.png"},{"@type":"BreadcrumbList","@id":"https:\/\/exceladvisor.org\/es\/agregar-una-nueva-matriz-de-valores\/#breadcrumb","itemListElement":[{"@type":"ListItem","position":1,"name":"Hogar","item":"https:\/\/exceladvisor.org\/es\/"},{"@type":"ListItem","position":2,"name":"\u00bfc\u00f3mo agregar un nuevo valor a una matriz v\u00eda vba?"}]},{"@type":"WebSite","@id":"https:\/\/exceladvisor.org\/es\/#website","url":"https:\/\/exceladvisor.org\/es\/","name":"Excel Advisor","description":"Su gu\u00eda para la dominaci\u00f3n de datos!","publisher":{"@id":"https:\/\/exceladvisor.org\/es\/#organization"},"potentialAction":[{"@type":"SearchAction","target":{"@type":"EntryPoint","urlTemplate":"https:\/\/exceladvisor.org\/es\/?s={search_term_string}"},"query-input":{"@type":"PropertyValueSpecification","valueRequired":true,"valueName":"search_term_string"}}],"inLanguage":"es"},{"@type":"Organization","@id":"https:\/\/exceladvisor.org\/es\/#organization","name":"Excel Advisor","url":"https:\/\/exceladvisor.org\/es\/","logo":{"@type":"ImageObject","inLanguage":"es","@id":"https:\/\/exceladvisor.org\/es\/#\/schema\/logo\/image\/","url":"https:\/\/exceladvisor.org\/es\/wp-content\/uploads\/2023\/12\/exceladvisor.org_.png","contentUrl":"https:\/\/exceladvisor.org\/es\/wp-content\/uploads\/2023\/12\/exceladvisor.org_.png","width":105,"height":36,"caption":"Excel Advisor"},"image":{"@id":"https:\/\/exceladvisor.org\/es\/#\/schema\/logo\/image\/"}}]}},"yoast_meta":{"yoast_wpseo_title":"","yoast_wpseo_metadesc":"","yoast_wpseo_canonical":""},"_links":{"self":[{"href":"https:\/\/exceladvisor.org\/es\/wp-json\/wp\/v2\/pages\/53","targetHints":{"allow":["GET"]}}],"collection":[{"href":"https:\/\/exceladvisor.org\/es\/wp-json\/wp\/v2\/pages"}],"about":[{"href":"https:\/\/exceladvisor.org\/es\/wp-json\/wp\/v2\/types\/page"}],"author":[{"embeddable":true,"href":"https:\/\/exceladvisor.org\/es\/wp-json\/wp\/v2\/users\/1"}],"replies":[{"embeddable":true,"href":"https:\/\/exceladvisor.org\/es\/wp-json\/wp\/v2\/comments?post=53"}],"version-history":[{"count":1,"href":"https:\/\/exceladvisor.org\/es\/wp-json\/wp\/v2\/pages\/53\/revisions"}],"predecessor-version":[{"id":810,"href":"https:\/\/exceladvisor.org\/es\/wp-json\/wp\/v2\/pages\/53\/revisions\/810"}],"wp:attachment":[{"href":"https:\/\/exceladvisor.org\/es\/wp-json\/wp\/v2\/media?parent=53"}],"curies":[{"name":"wp","href":"https:\/\/api.w.org\/{rel}","templated":true}]}}