{"id":537,"date":"2023-10-24T21:55:52","date_gmt":"2023-10-24T21:55:52","guid":{"rendered":"https:\/\/exceladvisor.org\/es\/broncearse\/"},"modified":"2023-12-25T10:31:15","modified_gmt":"2023-12-25T10:31:15","slug":"broncearse","status":"publish","type":"page","link":"https:\/\/exceladvisor.org\/es\/broncearse\/","title":{"rendered":"\u00bfc\u00f3mo utilizar la funci\u00f3n vba tan?"},"content":{"rendered":"<div class=\"excel-antes-del-contenido\" id=\"excel-3756693988\"><script type=\"text\/javascript\">\r\n\tatOptions = {\r\n\t\t'key' : 'c1158f160081d6540a8409e6925dab94',\r\n\t\t'format' : 'iframe',\r\n\t\t'height' : 250,\r\n\t\t'width' : 300,\r\n\t\t'params' : {}\r\n\t};\r\n<\/script>\r\n<script type=\"text\/javascript\" src=\"\/\/www.highperformanceformat.com\/c1158f160081d6540a8409e6925dab94\/invoke.js\"><\/script><\/div><p>La funci\u00f3n VBA TAN figura en la categor\u00eda matem\u00e1tica de funciones VBA. Cuando lo usa en c\u00f3digo VBA, <strong>calcula la tangente de un \u00e1ngulo proporcionado<\/strong> . Puedes leer m\u00e1s sobre la tangente <a href=\"https:\/\/en.wikipedia.org\/wiki\/Tangent\" target=\"_blank\" rel=\"nofollow noopener noreferrer\">aqu\u00ed<\/a> . S\u00f3lo necesitas especificar el \u00e1ngulo y calcular\u00e1 la tangente.<\/p>\n<h2 class=\"wp-block-heading\"> Sintaxis<\/h2>\n<p> <strong>Bronceado (n\u00famero)<\/strong><\/p>\n<h2 class=\"wp-block-heading\"> Argumentos<\/h2>\n<ul>\n<li> <strong>N\u00famero:<\/strong> El n\u00famero para especificar el \u00e1ngulo para el cual desea obtener la tangente.<\/li>\n<\/ul>\n<h2 class=\"wp-block-heading\"> Ejemplo<\/h2>\n<p> Para comprender pr\u00e1cticamente c\u00f3mo usar la funci\u00f3n VBA TAN, debe seguir el siguiente ejemplo donde escribimos un c\u00f3digo vba us\u00e1ndola: <\/p>\n<div class=\"wp-block-image\">\n<figure class=\"aligncenter is-resized\"><img loading=\"lazy\" decoding=\"async\" title=\"ejemplo-vba-tan-funci\u00f3n\" src=\"https:\/\/exceladvisor.org\/wp-content\/uploads\/2023\/08\/exemple-de-fonction-vba-tan.png\" sizes=\"auto, \" srcset=\"\" alt=\"example-vba-tan-function\" width=\"655\" height=\"378\"><\/figure>\n<\/div>\n<pre class=\"wp-block-code\"> <code class=\"language-visual-basic\" lang=\"visual-basic\">Sub example_TAN() Range(\"B1\").Value = Tan(Range(\"A1\")) End Sub<\/code><\/pre>\n<p> En el c\u00f3digo anterior, usamos TAN para obtener la tangente del \u00e1ngulo que tenemos en la celda A1 (1.46) y arroj\u00f3 8.726459 en el resultado.<\/p>\n<h2 class=\"wp-block-heading\"> Comentarios<\/h2>\n<ul>\n<li> Puedes multiplicar el resultado devuelto por el TAN por pi\/180 para convertirlo a radianes y 180\/pi para convertirlo a grados.<\/li>\n<li> Si el valor especificado es un valor distinto de un n\u00famero o un n\u00famero que no puede reconocerse como un n\u00famero, VBA devolver\u00e1 el error de tiempo de ejecuci\u00f3n 13. <\/li>\n<\/ul>\n<div class=\"wp-block-group more-tutorials is-layout-flow\">\n<div class=\"wp-block-group__inner-container\">\n<h2 class=\"wp-block-heading\"> M\u00e1s tutoriales <\/h2>\n<div class=\"wp-block-columns is-layout-flex wp-container-52\">\n<div class=\"wp-block-column is-layout-flow\">\n<ul>\n<li> <a href=\"https:\/\/exceladvisor.org\/es\/abdominales-1\/\">ABS VBA<\/a><\/li>\n<li> <a href=\"https:\/\/exceladvisor.org\/es\/atn\/\">ATN-VBA<\/a><\/li>\n<li> <a href=\"https:\/\/exceladvisor.org\/es\/porque\/\">Porque VBA<\/a><\/li>\n<li> <a href=\"https:\/\/exceladvisor.org\/es\/exp\/\">EXPERIENCIA VBA<\/a><\/li>\n<li> <a href=\"https:\/\/exceladvisor.org\/es\/arreglar\/\">ARREGLO DE VBA<\/a><\/li>\n<\/ul>\n<\/div>\n<\/div>\n<\/div>\n<\/div>\n","protected":false},"excerpt":{"rendered":"<p>La funci\u00f3n VBA TAN figura en la categor\u00eda matem\u00e1tica de funciones VBA. Cuando lo usa en c\u00f3digo VBA, calcula la tangente de un \u00e1ngulo proporcionado . Puedes leer m\u00e1s sobre la tangente aqu\u00ed . S\u00f3lo necesitas especificar el \u00e1ngulo y calcular\u00e1 la tangente. Sintaxis Bronceado (n\u00famero) Argumentos N\u00famero: El n\u00famero para especificar el \u00e1ngulo para [&hellip;]<\/p>\n","protected":false},"author":1,"featured_media":0,"parent":0,"menu_order":0,"comment_status":"open","ping_status":"closed","template":"","meta":{"ub_ctt_via":"","footnotes":""},"class_list":["post-537","page","type-page","status-publish","hentry"],"featured_image_src":null,"yoast_head":"<!-- This site is optimized with the Yoast SEO plugin v25.4 - https:\/\/yoast.com\/wordpress\/plugins\/seo\/ -->\n<title>\u00bfc\u00f3mo utilizar la funci\u00f3n vba tan?<\/title>\n<meta name=\"robots\" content=\"index, follow, max-snippet:-1, max-image-preview:large, max-video-preview:-1\" \/>\n<link rel=\"canonical\" href=\"https:\/\/exceladvisor.org\/es\/broncearse\/\" \/>\n<meta property=\"og:locale\" content=\"es_ES\" \/>\n<meta property=\"og:type\" content=\"article\" \/>\n<meta property=\"og:title\" content=\"\u00bfc\u00f3mo utilizar la funci\u00f3n vba tan?\" \/>\n<meta property=\"og:description\" content=\"La funci\u00f3n VBA TAN figura en la categor\u00eda matem\u00e1tica de funciones VBA. Cuando lo usa en c\u00f3digo VBA, calcula la tangente de un \u00e1ngulo proporcionado . Puedes leer m\u00e1s sobre la tangente aqu\u00ed . S\u00f3lo necesitas especificar el \u00e1ngulo y calcular\u00e1 la tangente. Sintaxis Bronceado (n\u00famero) Argumentos N\u00famero: El n\u00famero para especificar el \u00e1ngulo para [&hellip;]\" \/>\n<meta property=\"og:url\" content=\"https:\/\/exceladvisor.org\/es\/broncearse\/\" \/>\n<meta property=\"og:site_name\" content=\"Excel Advisor\" \/>\n<meta property=\"article:modified_time\" content=\"2023-12-25T10:31:15+00:00\" \/>\n<meta property=\"og:image\" content=\"https:\/\/exceladvisor.org\/wp-content\/uploads\/2023\/08\/exemple-de-fonction-vba-tan.png\" \/>\n<meta name=\"twitter:card\" content=\"summary_large_image\" \/>\n<meta name=\"twitter:label1\" content=\"Tiempo de lectura\" \/>\n\t<meta name=\"twitter:data1\" content=\"1 minuto\" \/>\n<script type=\"application\/ld+json\" class=\"yoast-schema-graph\">{\"@context\":\"https:\/\/schema.org\",\"@graph\":[{\"@type\":\"WebPage\",\"@id\":\"https:\/\/exceladvisor.org\/es\/broncearse\/\",\"url\":\"https:\/\/exceladvisor.org\/es\/broncearse\/\",\"name\":\"\u00bfc\u00f3mo utilizar la funci\u00f3n vba tan?\",\"isPartOf\":{\"@id\":\"https:\/\/exceladvisor.org\/es\/#website\"},\"primaryImageOfPage\":{\"@id\":\"https:\/\/exceladvisor.org\/es\/broncearse\/#primaryimage\"},\"image\":{\"@id\":\"https:\/\/exceladvisor.org\/es\/broncearse\/#primaryimage\"},\"thumbnailUrl\":\"https:\/\/exceladvisor.org\/wp-content\/uploads\/2023\/08\/exemple-de-fonction-vba-tan.png\",\"datePublished\":\"2023-10-24T21:55:52+00:00\",\"dateModified\":\"2023-12-25T10:31:15+00:00\",\"breadcrumb\":{\"@id\":\"https:\/\/exceladvisor.org\/es\/broncearse\/#breadcrumb\"},\"inLanguage\":\"es\",\"potentialAction\":[{\"@type\":\"ReadAction\",\"target\":[\"https:\/\/exceladvisor.org\/es\/broncearse\/\"]}]},{\"@type\":\"ImageObject\",\"inLanguage\":\"es\",\"@id\":\"https:\/\/exceladvisor.org\/es\/broncearse\/#primaryimage\",\"url\":\"https:\/\/exceladvisor.org\/wp-content\/uploads\/2023\/08\/exemple-de-fonction-vba-tan.png\",\"contentUrl\":\"https:\/\/exceladvisor.org\/wp-content\/uploads\/2023\/08\/exemple-de-fonction-vba-tan.png\"},{\"@type\":\"BreadcrumbList\",\"@id\":\"https:\/\/exceladvisor.org\/es\/broncearse\/#breadcrumb\",\"itemListElement\":[{\"@type\":\"ListItem\",\"position\":1,\"name\":\"Hogar\",\"item\":\"https:\/\/exceladvisor.org\/es\/\"},{\"@type\":\"ListItem\",\"position\":2,\"name\":\"\u00bfc\u00f3mo utilizar la funci\u00f3n vba tan?\"}]},{\"@type\":\"WebSite\",\"@id\":\"https:\/\/exceladvisor.org\/es\/#website\",\"url\":\"https:\/\/exceladvisor.org\/es\/\",\"name\":\"Excel Advisor\",\"description\":\"Su gu\u00eda para la dominaci\u00f3n de datos!\",\"publisher\":{\"@id\":\"https:\/\/exceladvisor.org\/es\/#organization\"},\"potentialAction\":[{\"@type\":\"SearchAction\",\"target\":{\"@type\":\"EntryPoint\",\"urlTemplate\":\"https:\/\/exceladvisor.org\/es\/?s={search_term_string}\"},\"query-input\":{\"@type\":\"PropertyValueSpecification\",\"valueRequired\":true,\"valueName\":\"search_term_string\"}}],\"inLanguage\":\"es\"},{\"@type\":\"Organization\",\"@id\":\"https:\/\/exceladvisor.org\/es\/#organization\",\"name\":\"Excel Advisor\",\"url\":\"https:\/\/exceladvisor.org\/es\/\",\"logo\":{\"@type\":\"ImageObject\",\"inLanguage\":\"es\",\"@id\":\"https:\/\/exceladvisor.org\/es\/#\/schema\/logo\/image\/\",\"url\":\"https:\/\/exceladvisor.org\/es\/wp-content\/uploads\/2023\/12\/exceladvisor.org_.png\",\"contentUrl\":\"https:\/\/exceladvisor.org\/es\/wp-content\/uploads\/2023\/12\/exceladvisor.org_.png\",\"width\":105,\"height\":36,\"caption\":\"Excel Advisor\"},\"image\":{\"@id\":\"https:\/\/exceladvisor.org\/es\/#\/schema\/logo\/image\/\"}}]}<\/script>\n<!-- \/ Yoast SEO plugin. -->","yoast_head_json":{"title":"\u00bfc\u00f3mo utilizar la funci\u00f3n vba tan?","robots":{"index":"index","follow":"follow","max-snippet":"max-snippet:-1","max-image-preview":"max-image-preview:large","max-video-preview":"max-video-preview:-1"},"canonical":"https:\/\/exceladvisor.org\/es\/broncearse\/","og_locale":"es_ES","og_type":"article","og_title":"\u00bfc\u00f3mo utilizar la funci\u00f3n vba tan?","og_description":"La funci\u00f3n VBA TAN figura en la categor\u00eda matem\u00e1tica de funciones VBA. Cuando lo usa en c\u00f3digo VBA, calcula la tangente de un \u00e1ngulo proporcionado . Puedes leer m\u00e1s sobre la tangente aqu\u00ed . S\u00f3lo necesitas especificar el \u00e1ngulo y calcular\u00e1 la tangente. Sintaxis Bronceado (n\u00famero) Argumentos N\u00famero: El n\u00famero para especificar el \u00e1ngulo para [&hellip;]","og_url":"https:\/\/exceladvisor.org\/es\/broncearse\/","og_site_name":"Excel Advisor","article_modified_time":"2023-12-25T10:31:15+00:00","og_image":[{"url":"https:\/\/exceladvisor.org\/wp-content\/uploads\/2023\/08\/exemple-de-fonction-vba-tan.png","type":"","width":"","height":""}],"twitter_card":"summary_large_image","twitter_misc":{"Tiempo de lectura":"1 minuto"},"schema":{"@context":"https:\/\/schema.org","@graph":[{"@type":"WebPage","@id":"https:\/\/exceladvisor.org\/es\/broncearse\/","url":"https:\/\/exceladvisor.org\/es\/broncearse\/","name":"\u00bfc\u00f3mo utilizar la funci\u00f3n vba tan?","isPartOf":{"@id":"https:\/\/exceladvisor.org\/es\/#website"},"primaryImageOfPage":{"@id":"https:\/\/exceladvisor.org\/es\/broncearse\/#primaryimage"},"image":{"@id":"https:\/\/exceladvisor.org\/es\/broncearse\/#primaryimage"},"thumbnailUrl":"https:\/\/exceladvisor.org\/wp-content\/uploads\/2023\/08\/exemple-de-fonction-vba-tan.png","datePublished":"2023-10-24T21:55:52+00:00","dateModified":"2023-12-25T10:31:15+00:00","breadcrumb":{"@id":"https:\/\/exceladvisor.org\/es\/broncearse\/#breadcrumb"},"inLanguage":"es","potentialAction":[{"@type":"ReadAction","target":["https:\/\/exceladvisor.org\/es\/broncearse\/"]}]},{"@type":"ImageObject","inLanguage":"es","@id":"https:\/\/exceladvisor.org\/es\/broncearse\/#primaryimage","url":"https:\/\/exceladvisor.org\/wp-content\/uploads\/2023\/08\/exemple-de-fonction-vba-tan.png","contentUrl":"https:\/\/exceladvisor.org\/wp-content\/uploads\/2023\/08\/exemple-de-fonction-vba-tan.png"},{"@type":"BreadcrumbList","@id":"https:\/\/exceladvisor.org\/es\/broncearse\/#breadcrumb","itemListElement":[{"@type":"ListItem","position":1,"name":"Hogar","item":"https:\/\/exceladvisor.org\/es\/"},{"@type":"ListItem","position":2,"name":"\u00bfc\u00f3mo utilizar la funci\u00f3n vba tan?"}]},{"@type":"WebSite","@id":"https:\/\/exceladvisor.org\/es\/#website","url":"https:\/\/exceladvisor.org\/es\/","name":"Excel Advisor","description":"Su gu\u00eda para la dominaci\u00f3n de datos!","publisher":{"@id":"https:\/\/exceladvisor.org\/es\/#organization"},"potentialAction":[{"@type":"SearchAction","target":{"@type":"EntryPoint","urlTemplate":"https:\/\/exceladvisor.org\/es\/?s={search_term_string}"},"query-input":{"@type":"PropertyValueSpecification","valueRequired":true,"valueName":"search_term_string"}}],"inLanguage":"es"},{"@type":"Organization","@id":"https:\/\/exceladvisor.org\/es\/#organization","name":"Excel Advisor","url":"https:\/\/exceladvisor.org\/es\/","logo":{"@type":"ImageObject","inLanguage":"es","@id":"https:\/\/exceladvisor.org\/es\/#\/schema\/logo\/image\/","url":"https:\/\/exceladvisor.org\/es\/wp-content\/uploads\/2023\/12\/exceladvisor.org_.png","contentUrl":"https:\/\/exceladvisor.org\/es\/wp-content\/uploads\/2023\/12\/exceladvisor.org_.png","width":105,"height":36,"caption":"Excel Advisor"},"image":{"@id":"https:\/\/exceladvisor.org\/es\/#\/schema\/logo\/image\/"}}]}},"yoast_meta":{"yoast_wpseo_title":"","yoast_wpseo_metadesc":"","yoast_wpseo_canonical":""},"_links":{"self":[{"href":"https:\/\/exceladvisor.org\/es\/wp-json\/wp\/v2\/pages\/537","targetHints":{"allow":["GET"]}}],"collection":[{"href":"https:\/\/exceladvisor.org\/es\/wp-json\/wp\/v2\/pages"}],"about":[{"href":"https:\/\/exceladvisor.org\/es\/wp-json\/wp\/v2\/types\/page"}],"author":[{"embeddable":true,"href":"https:\/\/exceladvisor.org\/es\/wp-json\/wp\/v2\/users\/1"}],"replies":[{"embeddable":true,"href":"https:\/\/exceladvisor.org\/es\/wp-json\/wp\/v2\/comments?post=537"}],"version-history":[{"count":1,"href":"https:\/\/exceladvisor.org\/es\/wp-json\/wp\/v2\/pages\/537\/revisions"}],"predecessor-version":[{"id":1349,"href":"https:\/\/exceladvisor.org\/es\/wp-json\/wp\/v2\/pages\/537\/revisions\/1349"}],"wp:attachment":[{"href":"https:\/\/exceladvisor.org\/es\/wp-json\/wp\/v2\/media?parent=537"}],"curies":[{"name":"wp","href":"https:\/\/api.w.org\/{rel}","templated":true}]}}