{"id":547,"date":"2023-10-24T02:05:29","date_gmt":"2023-10-24T02:05:29","guid":{"rendered":"https:\/\/exceladvisor.org\/es\/caballos-de-fuerza-2\/"},"modified":"2023-12-25T10:28:36","modified_gmt":"2023-12-25T10:28:36","slug":"caballos-de-fuerza-2","status":"publish","type":"page","link":"https:\/\/exceladvisor.org\/es\/caballos-de-fuerza-2\/","title":{"rendered":"\u00bfc\u00f3mo utilizar la funci\u00f3n pv en vba?"},"content":{"rendered":"<div class=\"excel-antes-del-contenido\" id=\"excel-1114343568\"><script type=\"text\/javascript\">\r\n\tatOptions = {\r\n\t\t'key' : 'c1158f160081d6540a8409e6925dab94',\r\n\t\t'format' : 'iframe',\r\n\t\t'height' : 250,\r\n\t\t'width' : 300,\r\n\t\t'params' : {}\r\n\t};\r\n<\/script>\r\n<script type=\"text\/javascript\" src=\"\/\/www.highperformanceformat.com\/c1158f160081d6540a8409e6925dab94\/invoke.js\"><\/script><\/div><p>La funci\u00f3n VBA PV figura en la categor\u00eda financiera de funciones VBA. Cuando lo usa en c\u00f3digo VBA, <strong>puede calcular el valor presente de un pr\u00e9stamo o inversi\u00f3n<\/strong> que tiene una tasa de inter\u00e9s constante y pagos iguales durante todo el per\u00edodo. Te ayuda a saber si un pr\u00e9stamo o inversi\u00f3n es rentable en este momento.<\/p>\n<p> Esto funciona como la funci\u00f3n PV en la <a href=\"https:\/\/exceladvisor.org\/es\/excel-funciones-financieras\/\">hoja de c\u00e1lculo<\/a> .<\/p>\n<h2 class=\"wp-block-heading\"> Sintaxis<\/h2>\n<p> <strong>PV (Tasa, Nper, Pago, [Fv], [Vencimiento])<\/strong><\/p>\n<h2 class=\"wp-block-heading\"> Argumentos<\/h2>\n<ul>\n<li> <strong>Tasa<\/strong> : La tasa de inter\u00e9s para el per\u00edodo.<\/li>\n<li> <strong>Nper<\/strong> : El n\u00famero de per\u00edodos para reembolsar el pr\u00e9stamo o la inversi\u00f3n.<\/li>\n<li> <strong>Pmt<\/strong> : La cantidad fija de pago por per\u00edodo.<\/li>\n<li> <strong>[FV]<\/strong> : El valor futuro del pr\u00e9stamo\/inversi\u00f3n [Este es un argumento opcional y si se omite, VBA por defecto es 0].<\/li>\n<li> <strong>[Vence]<\/strong> : define si el pago vence al inicio o al final del per\u00edodo [Este es un argumento opcional y, si se omite, VBA se realiza de forma predeterminada al final del per\u00edodo].\n<ul>\n<li> Utilice 0 para el final del per\u00edodo y 1 para el inicio del per\u00edodo.<\/li>\n<\/ul>\n<\/li>\n<\/ul>\n<h2 class=\"wp-block-heading\"> Ejemplo<\/h2>\n<p> Para comprender pr\u00e1cticamente c\u00f3mo usar la funci\u00f3n VBA PV, debe seguir el siguiente ejemplo donde escribimos un c\u00f3digo vba us\u00e1ndola: <\/p>\n<figure class=\"wp-block-image is-resized\"><img loading=\"lazy\" decoding=\"async\" title=\"ejemplo-vba-pv-funci\u00f3n\" src=\"https:\/\/exceladvisor.org\/wp-content\/uploads\/2023\/08\/exemple-de-fonction-vba-pv.png\" sizes=\"auto, \" srcset=\"\" alt=\"example-vba-pv-function\" width=\"840\" height=\"419\"><\/figure>\n<pre class=\"wp-block-code\"> <code class=\"language-visual-basic\" lang=\"visual-basic\">Sub example_PV() Range(\"A9\").Value = PV(0.08 \/ 12, 5 * 12, -1500) End Sub<\/code><\/pre>\n<p> En el c\u00f3digo anterior usamos el PV para obtener el valor presente de una inversi\u00f3n usando una tasa de inter\u00e9s anual del 8% y 5 a\u00f1os del per\u00edodo, con un pago mensual de 1500 y arroj\u00f3 73977,65 en el resultado.<\/p>\n<h2 class=\"wp-block-heading\"> Comentarios<\/h2>\n<ul>\n<li> Los argumentos \u201ctasa\u201d y \u201cnper\u201d deben calcularse utilizando periodos de pago expresados en las mismas unidades.<\/li>\n<li> Cuando se utiliza PV, el dinero pagado se representa con un n\u00famero negativo y el dinero recibido se representa con un n\u00famero positivo. <\/li>\n<\/ul>\n<div class=\"wp-block-group more-tutorials is-layout-flow\">\n<div class=\"wp-block-group__inner-container\">\n<h2 class=\"wp-block-heading\"> M\u00e1s tutoriales <\/h2>\n<div class=\"wp-block-columns is-layout-flex wp-container-128\">\n<div class=\"wp-block-column is-layout-flow\">\n<ul>\n<li> <a href=\"https:\/\/exceladvisor.org\/es\/pm-2\/\">PMT-VBA<\/a><\/li>\n<li> <a href=\"https:\/\/exceladvisor.org\/es\/ppmt\/\">PPMT-VBA<\/a><\/li>\n<li> <a href=\"https:\/\/exceladvisor.org\/es\/omitido\/\">TASA DE VBA<\/a><\/li>\n<li> <a href=\"https:\/\/exceladvisor.org\/es\/sln\/\">VBA SLN<\/a><\/li>\n<li> <a href=\"https:\/\/exceladvisor.org\/es\/syd\/\">VBA SYD<\/a><\/li>\n<\/ul>\n<\/div>\n<\/div>\n<\/div>\n<\/div>\n","protected":false},"excerpt":{"rendered":"<p>La funci\u00f3n VBA PV figura en la categor\u00eda financiera de funciones VBA. Cuando lo usa en c\u00f3digo VBA, puede calcular el valor presente de un pr\u00e9stamo o inversi\u00f3n que tiene una tasa de inter\u00e9s constante y pagos iguales durante todo el per\u00edodo. Te ayuda a saber si un pr\u00e9stamo o inversi\u00f3n es rentable en este [&hellip;]<\/p>\n","protected":false},"author":1,"featured_media":0,"parent":0,"menu_order":0,"comment_status":"open","ping_status":"closed","template":"","meta":{"ub_ctt_via":"","footnotes":""},"class_list":["post-547","page","type-page","status-publish","hentry"],"featured_image_src":null,"yoast_head":"<!-- This site is optimized with the Yoast SEO plugin v25.4 - https:\/\/yoast.com\/wordpress\/plugins\/seo\/ -->\n<title>\u00bfc\u00f3mo utilizar la funci\u00f3n pv en vba?<\/title>\n<meta name=\"robots\" content=\"index, follow, max-snippet:-1, max-image-preview:large, max-video-preview:-1\" \/>\n<link rel=\"canonical\" href=\"https:\/\/exceladvisor.org\/es\/caballos-de-fuerza-2\/\" \/>\n<meta property=\"og:locale\" content=\"es_ES\" \/>\n<meta property=\"og:type\" content=\"article\" \/>\n<meta property=\"og:title\" content=\"\u00bfc\u00f3mo utilizar la funci\u00f3n pv en vba?\" \/>\n<meta property=\"og:description\" content=\"La funci\u00f3n VBA PV figura en la categor\u00eda financiera de funciones VBA. Cuando lo usa en c\u00f3digo VBA, puede calcular el valor presente de un pr\u00e9stamo o inversi\u00f3n que tiene una tasa de inter\u00e9s constante y pagos iguales durante todo el per\u00edodo. Te ayuda a saber si un pr\u00e9stamo o inversi\u00f3n es rentable en este [&hellip;]\" \/>\n<meta property=\"og:url\" content=\"https:\/\/exceladvisor.org\/es\/caballos-de-fuerza-2\/\" \/>\n<meta property=\"og:site_name\" content=\"Excel Advisor\" \/>\n<meta property=\"article:modified_time\" content=\"2023-12-25T10:28:36+00:00\" \/>\n<meta property=\"og:image\" content=\"https:\/\/exceladvisor.org\/wp-content\/uploads\/2023\/08\/exemple-de-fonction-vba-pv.png\" \/>\n<meta name=\"twitter:card\" content=\"summary_large_image\" \/>\n<meta name=\"twitter:label1\" content=\"Tiempo de lectura\" \/>\n\t<meta name=\"twitter:data1\" content=\"2 minutos\" \/>\n<script type=\"application\/ld+json\" class=\"yoast-schema-graph\">{\"@context\":\"https:\/\/schema.org\",\"@graph\":[{\"@type\":\"WebPage\",\"@id\":\"https:\/\/exceladvisor.org\/es\/caballos-de-fuerza-2\/\",\"url\":\"https:\/\/exceladvisor.org\/es\/caballos-de-fuerza-2\/\",\"name\":\"\u00bfc\u00f3mo utilizar la funci\u00f3n pv en vba?\",\"isPartOf\":{\"@id\":\"https:\/\/exceladvisor.org\/es\/#website\"},\"primaryImageOfPage\":{\"@id\":\"https:\/\/exceladvisor.org\/es\/caballos-de-fuerza-2\/#primaryimage\"},\"image\":{\"@id\":\"https:\/\/exceladvisor.org\/es\/caballos-de-fuerza-2\/#primaryimage\"},\"thumbnailUrl\":\"https:\/\/exceladvisor.org\/wp-content\/uploads\/2023\/08\/exemple-de-fonction-vba-pv.png\",\"datePublished\":\"2023-10-24T02:05:29+00:00\",\"dateModified\":\"2023-12-25T10:28:36+00:00\",\"breadcrumb\":{\"@id\":\"https:\/\/exceladvisor.org\/es\/caballos-de-fuerza-2\/#breadcrumb\"},\"inLanguage\":\"es\",\"potentialAction\":[{\"@type\":\"ReadAction\",\"target\":[\"https:\/\/exceladvisor.org\/es\/caballos-de-fuerza-2\/\"]}]},{\"@type\":\"ImageObject\",\"inLanguage\":\"es\",\"@id\":\"https:\/\/exceladvisor.org\/es\/caballos-de-fuerza-2\/#primaryimage\",\"url\":\"https:\/\/exceladvisor.org\/wp-content\/uploads\/2023\/08\/exemple-de-fonction-vba-pv.png\",\"contentUrl\":\"https:\/\/exceladvisor.org\/wp-content\/uploads\/2023\/08\/exemple-de-fonction-vba-pv.png\"},{\"@type\":\"BreadcrumbList\",\"@id\":\"https:\/\/exceladvisor.org\/es\/caballos-de-fuerza-2\/#breadcrumb\",\"itemListElement\":[{\"@type\":\"ListItem\",\"position\":1,\"name\":\"Hogar\",\"item\":\"https:\/\/exceladvisor.org\/es\/\"},{\"@type\":\"ListItem\",\"position\":2,\"name\":\"\u00bfc\u00f3mo utilizar la funci\u00f3n pv en vba?\"}]},{\"@type\":\"WebSite\",\"@id\":\"https:\/\/exceladvisor.org\/es\/#website\",\"url\":\"https:\/\/exceladvisor.org\/es\/\",\"name\":\"Excel Advisor\",\"description\":\"Su gu\u00eda para la dominaci\u00f3n de datos!\",\"publisher\":{\"@id\":\"https:\/\/exceladvisor.org\/es\/#organization\"},\"potentialAction\":[{\"@type\":\"SearchAction\",\"target\":{\"@type\":\"EntryPoint\",\"urlTemplate\":\"https:\/\/exceladvisor.org\/es\/?s={search_term_string}\"},\"query-input\":{\"@type\":\"PropertyValueSpecification\",\"valueRequired\":true,\"valueName\":\"search_term_string\"}}],\"inLanguage\":\"es\"},{\"@type\":\"Organization\",\"@id\":\"https:\/\/exceladvisor.org\/es\/#organization\",\"name\":\"Excel Advisor\",\"url\":\"https:\/\/exceladvisor.org\/es\/\",\"logo\":{\"@type\":\"ImageObject\",\"inLanguage\":\"es\",\"@id\":\"https:\/\/exceladvisor.org\/es\/#\/schema\/logo\/image\/\",\"url\":\"https:\/\/exceladvisor.org\/es\/wp-content\/uploads\/2023\/12\/exceladvisor.org_.png\",\"contentUrl\":\"https:\/\/exceladvisor.org\/es\/wp-content\/uploads\/2023\/12\/exceladvisor.org_.png\",\"width\":105,\"height\":36,\"caption\":\"Excel Advisor\"},\"image\":{\"@id\":\"https:\/\/exceladvisor.org\/es\/#\/schema\/logo\/image\/\"}}]}<\/script>\n<!-- \/ Yoast SEO plugin. -->","yoast_head_json":{"title":"\u00bfc\u00f3mo utilizar la funci\u00f3n pv en vba?","robots":{"index":"index","follow":"follow","max-snippet":"max-snippet:-1","max-image-preview":"max-image-preview:large","max-video-preview":"max-video-preview:-1"},"canonical":"https:\/\/exceladvisor.org\/es\/caballos-de-fuerza-2\/","og_locale":"es_ES","og_type":"article","og_title":"\u00bfc\u00f3mo utilizar la funci\u00f3n pv en vba?","og_description":"La funci\u00f3n VBA PV figura en la categor\u00eda financiera de funciones VBA. Cuando lo usa en c\u00f3digo VBA, puede calcular el valor presente de un pr\u00e9stamo o inversi\u00f3n que tiene una tasa de inter\u00e9s constante y pagos iguales durante todo el per\u00edodo. Te ayuda a saber si un pr\u00e9stamo o inversi\u00f3n es rentable en este [&hellip;]","og_url":"https:\/\/exceladvisor.org\/es\/caballos-de-fuerza-2\/","og_site_name":"Excel Advisor","article_modified_time":"2023-12-25T10:28:36+00:00","og_image":[{"url":"https:\/\/exceladvisor.org\/wp-content\/uploads\/2023\/08\/exemple-de-fonction-vba-pv.png","type":"","width":"","height":""}],"twitter_card":"summary_large_image","twitter_misc":{"Tiempo de lectura":"2 minutos"},"schema":{"@context":"https:\/\/schema.org","@graph":[{"@type":"WebPage","@id":"https:\/\/exceladvisor.org\/es\/caballos-de-fuerza-2\/","url":"https:\/\/exceladvisor.org\/es\/caballos-de-fuerza-2\/","name":"\u00bfc\u00f3mo utilizar la funci\u00f3n pv en vba?","isPartOf":{"@id":"https:\/\/exceladvisor.org\/es\/#website"},"primaryImageOfPage":{"@id":"https:\/\/exceladvisor.org\/es\/caballos-de-fuerza-2\/#primaryimage"},"image":{"@id":"https:\/\/exceladvisor.org\/es\/caballos-de-fuerza-2\/#primaryimage"},"thumbnailUrl":"https:\/\/exceladvisor.org\/wp-content\/uploads\/2023\/08\/exemple-de-fonction-vba-pv.png","datePublished":"2023-10-24T02:05:29+00:00","dateModified":"2023-12-25T10:28:36+00:00","breadcrumb":{"@id":"https:\/\/exceladvisor.org\/es\/caballos-de-fuerza-2\/#breadcrumb"},"inLanguage":"es","potentialAction":[{"@type":"ReadAction","target":["https:\/\/exceladvisor.org\/es\/caballos-de-fuerza-2\/"]}]},{"@type":"ImageObject","inLanguage":"es","@id":"https:\/\/exceladvisor.org\/es\/caballos-de-fuerza-2\/#primaryimage","url":"https:\/\/exceladvisor.org\/wp-content\/uploads\/2023\/08\/exemple-de-fonction-vba-pv.png","contentUrl":"https:\/\/exceladvisor.org\/wp-content\/uploads\/2023\/08\/exemple-de-fonction-vba-pv.png"},{"@type":"BreadcrumbList","@id":"https:\/\/exceladvisor.org\/es\/caballos-de-fuerza-2\/#breadcrumb","itemListElement":[{"@type":"ListItem","position":1,"name":"Hogar","item":"https:\/\/exceladvisor.org\/es\/"},{"@type":"ListItem","position":2,"name":"\u00bfc\u00f3mo utilizar la funci\u00f3n pv en vba?"}]},{"@type":"WebSite","@id":"https:\/\/exceladvisor.org\/es\/#website","url":"https:\/\/exceladvisor.org\/es\/","name":"Excel Advisor","description":"Su gu\u00eda para la dominaci\u00f3n de datos!","publisher":{"@id":"https:\/\/exceladvisor.org\/es\/#organization"},"potentialAction":[{"@type":"SearchAction","target":{"@type":"EntryPoint","urlTemplate":"https:\/\/exceladvisor.org\/es\/?s={search_term_string}"},"query-input":{"@type":"PropertyValueSpecification","valueRequired":true,"valueName":"search_term_string"}}],"inLanguage":"es"},{"@type":"Organization","@id":"https:\/\/exceladvisor.org\/es\/#organization","name":"Excel Advisor","url":"https:\/\/exceladvisor.org\/es\/","logo":{"@type":"ImageObject","inLanguage":"es","@id":"https:\/\/exceladvisor.org\/es\/#\/schema\/logo\/image\/","url":"https:\/\/exceladvisor.org\/es\/wp-content\/uploads\/2023\/12\/exceladvisor.org_.png","contentUrl":"https:\/\/exceladvisor.org\/es\/wp-content\/uploads\/2023\/12\/exceladvisor.org_.png","width":105,"height":36,"caption":"Excel Advisor"},"image":{"@id":"https:\/\/exceladvisor.org\/es\/#\/schema\/logo\/image\/"}}]}},"yoast_meta":{"yoast_wpseo_title":"","yoast_wpseo_metadesc":"","yoast_wpseo_canonical":""},"_links":{"self":[{"href":"https:\/\/exceladvisor.org\/es\/wp-json\/wp\/v2\/pages\/547","targetHints":{"allow":["GET"]}}],"collection":[{"href":"https:\/\/exceladvisor.org\/es\/wp-json\/wp\/v2\/pages"}],"about":[{"href":"https:\/\/exceladvisor.org\/es\/wp-json\/wp\/v2\/types\/page"}],"author":[{"embeddable":true,"href":"https:\/\/exceladvisor.org\/es\/wp-json\/wp\/v2\/users\/1"}],"replies":[{"embeddable":true,"href":"https:\/\/exceladvisor.org\/es\/wp-json\/wp\/v2\/comments?post=547"}],"version-history":[{"count":1,"href":"https:\/\/exceladvisor.org\/es\/wp-json\/wp\/v2\/pages\/547\/revisions"}],"predecessor-version":[{"id":1328,"href":"https:\/\/exceladvisor.org\/es\/wp-json\/wp\/v2\/pages\/547\/revisions\/1328"}],"wp:attachment":[{"href":"https:\/\/exceladvisor.org\/es\/wp-json\/wp\/v2\/media?parent=547"}],"curies":[{"name":"wp","href":"https:\/\/api.w.org\/{rel}","templated":true}]}}