{"id":56,"date":"2023-11-17T19:39:47","date_gmt":"2023-11-17T19:39:47","guid":{"rendered":"https:\/\/exceladvisor.org\/es\/diametro\/"},"modified":"2023-12-25T10:25:54","modified_gmt":"2023-12-25T10:25:54","slug":"diametro","status":"publish","type":"page","link":"https:\/\/exceladvisor.org\/es\/diametro\/","title":{"rendered":"\u00bfc\u00f3mo insertar un s\u00edmbolo de di\u00e1metro en excel?"},"content":{"rendered":"<div class=\"excel-antes-del-contenido\" id=\"excel-397552138\"><script type=\"text\/javascript\">\r\n\tatOptions = {\r\n\t\t'key' : 'c1158f160081d6540a8409e6925dab94',\r\n\t\t'format' : 'iframe',\r\n\t\t'height' : 250,\r\n\t\t'width' : 300,\r\n\t\t'params' : {}\r\n\t};\r\n<\/script>\r\n<script type=\"text\/javascript\" src=\"\/\/www.highperformanceformat.com\/c1158f160081d6540a8409e6925dab94\/invoke.js\"><\/script><\/div><p>El s\u00edmbolo del di\u00e1metro <strong>[\u00d8]<\/strong> tambi\u00e9n se conoce como \u201cO discontinua\u201d o \u201cO rayada\u201d porque est\u00e1 rematado con una barra.<\/p>\n<p> El teclado no tiene este s\u00edmbolo clave para insertarlo directamente pero en Excel hay muchas formas de agregar este s\u00edmbolo en la celda.<\/p>\n<p> Y en este tutorial mostraremos las formas de insertar lo mismo en las celdas.<\/p>\n<h2 id=\"h-insert-diameter-symbol-from-symbol-dialog-box\" class=\"wp-block-heading\"> Inserte el s\u00edmbolo de di\u00e1metro desde el cuadro de di\u00e1logo S\u00edmbolo<\/h2>\n<ol>\n<li> Primero seleccione la celda en la que desea insertar el s\u00edmbolo \u00abDi\u00e1metro\u00bb, luego vaya a la pesta\u00f1a \u00abInsertar\u00bb.<\/li>\n<li> Despu\u00e9s de eso, haga clic en el icono \u00abS\u00edmbolo\u00bb debajo del grupo \u00abS\u00edmbolos\u00bb en la cinta para abrir el cuadro de di\u00e1logo de s\u00edmbolos. <br \/><img loading=\"lazy\" decoding=\"async\" title=\"1-s\u00edmbolo-de-di\u00e1metro-de-inserto\" src=\"https:\/\/exceladvisor.org\/wp-content\/uploads\/2023\/08\/1-symbole-de-diametre-de-plaquette.png\" sizes=\"auto, \" srcset=\"\" alt=\"insert-diameter-symbol\" width=\"712\" height=\"207\"><\/li>\n<li> En el cuadro de di\u00e1logo de s\u00edmbolos, seleccione el campo \u00abFuente\u00bb como \u00abCalibri\u00bb y luego elija \u00abASCII (decimal)\u00bb en el campo \u00abde\u00bb.<\/li>\n<li> Ahora, despl\u00e1cese hacia abajo desde la barra de desplazamiento derecha y seleccione el s\u00edmbolo \u00abDi\u00e1metro\u00bb, luego haga clic en el bot\u00f3n \u00abInsertar\u00bb para insertarlo. <br \/><img loading=\"lazy\" decoding=\"async\" title=\"Cuadro de di\u00e1logo de 2 s\u00edmbolos\" src=\"https:\/\/exceladvisor.org\/wp-content\/uploads\/2023\/08\/Boite-de-dialogue-a-2-symboles.png\" sizes=\"auto, \" srcset=\"\" alt=\"symbol-dilaog-box\" width=\"440\" height=\"340\"><\/li>\n<li> Una vez insertado, haga clic en el bot\u00f3n \u00abCerrar\u00bb para cerrar el cuadro de di\u00e1logo. <br \/><img loading=\"lazy\" decoding=\"async\" title=\"Cuadro de di\u00e1logo con 3 s\u00edmbolos de cierre.\" src=\"https:\/\/exceladvisor.org\/wp-content\/uploads\/2023\/08\/3-fermer-la-boite-de-dialogue-du-symbole-1.png\" sizes=\"auto, \" srcset=\"\" alt=\"close-symbol-dialog-box\" width=\"443\" height=\"337\"><\/li>\n<\/ol>\n<p class=\"qt-tip\"> <strong>Nota:<\/strong> Debe hacer clic en el bot\u00f3n \u00abInsertar\u00bb varias veces si desea insertar el s\u00edmbolo \u00abDi\u00e1metro\u00bb varias veces en una celda. <\/p>\n<div class=\"wp-block-image\">\n<figure class=\"aligncenter size-full is-resized\"><img loading=\"lazy\" decoding=\"async\" class=\"wp-image-84764\" src=\"https:\/\/exceladvisor.org\/wp-content\/uploads\/2023\/08\/4-symboles-de-diametres-multiples-dans-une-cellule.png\" sizes=\"auto, \" srcset=\"\" alt=\"s\u00edmbolos-de-m\u00faltiples-di\u00e1metros-en-una-celda\" width=\"291\" height=\"100\"><\/figure>\n<\/div>\n<h2 id=\"h-insert-diameter-symbol-using-autocorrect-in-excel\" class=\"wp-block-heading\"> Inserte un s\u00edmbolo de di\u00e1metro usando la autocorrecci\u00f3n en Excel<\/h2>\n<p> Si utiliza el s\u00edmbolo \u00abDi\u00e1metro\u00bb con frecuencia, este m\u00e9todo de \u00bb <a href=\"https:\/\/exceladvisor.org\/es\/autocorreccion\/\">Autocorrecci\u00f3n<\/a> \u00bb puede ser s\u00faper r\u00e1pido.<\/p>\n<ol>\n<li> Primero, vaya a la pesta\u00f1a \u00abArchivo\u00bb en la cinta, luego haga clic en \u00abOpciones\u00bb y se abrir\u00e1 el cuadro de di\u00e1logo \u00abOpciones de Excel\u00bb.<\/li>\n<li> Despu\u00e9s de eso, haga clic en \u00abRevisi\u00f3n\u00bb en el panel izquierdo y luego haga clic en \u00abOpciones de autocorrecci\u00f3n\u00bb. <br \/><img loading=\"lazy\" decoding=\"async\" title=\"Opci\u00f3n de 5 autocorrecci\u00f3n\" src=\"https:\/\/exceladvisor.org\/wp-content\/uploads\/2023\/08\/5-options-de-correction-automatique.png\" sizes=\"auto, \" srcset=\"\" alt=\"autocorrect-option\" width=\"542\" height=\"411\"><\/li>\n<li> Ahora, para reemplazar cualquier palabra con el s\u00edmbolo \u00abDi\u00e1metro\u00bb, ingrese esa palabra en la barra de entrada \u00abReemplazar\u00bb y el s\u00edmbolo \u00abDi\u00e1metro\u00bb usando las teclas \u00abAlt +227\u00bb en la barra de entrada \u00abReemplazar\u00bb con\u00bb.<\/li>\n<li> Una vez terminado, haga clic en Aceptar para guardarlo. <br \/><img loading=\"lazy\" decoding=\"async\" title=\"Di\u00e1logo de 6 autocorrecci\u00f3n\" src=\"https:\/\/exceladvisor.org\/wp-content\/uploads\/2023\/08\/6-boite-de-dialogue-de-correction-automatique.png\" sizes=\"auto, \" srcset=\"\" alt=\"autocorrect-dialog-box\" width=\"349\" height=\"436\"><\/li>\n<\/ol>\n<p> Como hemos usado la palabra \u201cDi\u00e1metro\u201d para reemplazarla con el s\u00edmbolo \u201cDi\u00e1metro\u201d, de ahora en adelante, tan pronto como ingrese la palabra \u201cDi\u00e1metro\u201d en la celda, se convertir\u00e1 al s\u00edmbolo \u201cDi\u00e1metro\u201d.<\/p>\n<h2 id=\"h-insert-diameter-symbol-using-char-function\" class=\"wp-block-heading\"> Insertar s\u00edmbolo de di\u00e1metro usando la funci\u00f3n CHAR<\/h2>\n<p> Debes ir a la celda donde deseas insertarlo y escribir la f\u00f3rmula \u201cCHAR\u201d con el c\u00f3digo \u201c0216\u201d o \u201c216\u201d. <\/p>\n<div class=\"wp-block-image\">\n<figure class=\"aligncenter size-full is-resized\"><img loading=\"lazy\" decoding=\"async\" class=\"wp-image-84767\" src=\"https:\/\/exceladvisor.org\/wp-content\/uploads\/2023\/08\/7-caracteres-pour-inserer-le-symbole-de-diametre.png\" sizes=\"auto, \" srcset=\"\" alt=\"s\u00edmbolo-de-di\u00e1metro-de-car\u00e1cter-para-insertar\" width=\"391\" height=\"143\"><\/figure>\n<\/div>\n<h2 id=\"h-insert-diameter-symbol-using-alt-key\" class=\"wp-block-heading\"> Insertar s\u00edmbolo de di\u00e1metro usando la tecla Alt<\/h2>\n<p> El m\u00e9todo escrito a continuaci\u00f3n usando la tecla \u00abALT\u00bb para insertar este s\u00edmbolo solo funciona si su teclado tiene un teclado num\u00e9rico.<\/p>\n<ol type=\"1\">\n<li> Primero, ve a la celda.<\/li>\n<li> Despu\u00e9s de eso, mantenga presionada la tecla \u00abAlt\u00bb y luego presione el n\u00famero \u00ab0216\u00bb solo desde el teclado num\u00e9rico.<\/li>\n<li> Ahora suelta la tecla \u201cAlt\u201d y el s\u00edmbolo se agregar\u00e1 en la celda.<\/li>\n<\/ol>\n<h2 id=\"h-note\" class=\"wp-block-heading\"> Nota<\/h2>\n<ul>\n<li> Para usuarios de Mac, simplemente presione las teclas de acceso directo \u00abOpci\u00f3n + May\u00fas + 0\u00bb para insertar el s\u00edmbolo \u00abDi\u00e1metro\u00bb en la hoja de trabajo.<\/li>\n<li> Para insertar o copiar el s\u00edmbolo en varias celdas, simplemente use la opci\u00f3n copiar y pegar o haga clic en el \u00abcontrolador de relleno\u00bb y arrastre y suelte la celda.<\/li>\n<\/ul>\n<div class=\"gb-container gb-container-4db6181c gb-container-mt\"> <a class=\"gb-button gb-button-c5897111 gb-button-text gb-button-mt-button\" href=\"https:\/\/exceladvisor.org\/es\/conceptos-basicos-de-excel\/\">Conceptos b\u00e1sicos de Microsoft Excel (componentes, piezas y notas de conocimiento)<\/a><\/p>\n<h2 class=\"gb-headline gb-headline-665e5f6b gb-headline-text gb-headline-mt-heading\"> Tutoriales relacionados <\/h2>\n<div class=\"gb-grid-wrapper gb-grid-wrapper-a20baf7c gb-grid-wrapper-mt-grid\">\n<div class=\"gb-grid-column gb-grid-column-65ddf67e\">\n<div class=\"gb-container gb-container-65ddf67e\">\n<ul>\n<li> <a href=\"https:\/\/exceladvisor.org\/es\/agregar-un-numero-de-pagina\/\">Agregar un n\u00famero de p\u00e1gina en Excel<\/a><\/li>\n<li> <a href=\"https:\/\/exceladvisor.org\/es\/aplicar-estilo-de-coma\/\">Aplicar estilo coma en Excel<\/a><\/li>\n<li> <a href=\"https:\/\/exceladvisor.org\/es\/vara\/\">Aplicar tachado en Excel<\/a><\/li>\n<li> <a href=\"https:\/\/exceladvisor.org\/es\/resaltar-celdas-vacias\/\">Resaltar celdas vac\u00edas en Excel<\/a><\/li>\n<li> <a href=\"https:\/\/exceladvisor.org\/es\/numeros-negativos-rojos\/\">Hacer que los n\u00fameros negativos sean rojos en Excel<\/a> <\/li>\n<\/ul>\n<\/div>\n<\/div>\n<div class=\"gb-grid-column gb-grid-column-50067b57\">\n<div class=\"gb-container gb-container-50067b57\"><\/div>\n<\/div>\n<\/div>\n<\/div>\n","protected":false},"excerpt":{"rendered":"<p>El s\u00edmbolo del di\u00e1metro [\u00d8] tambi\u00e9n se conoce como \u201cO discontinua\u201d o \u201cO rayada\u201d porque est\u00e1 rematado con una barra. El teclado no tiene este s\u00edmbolo clave para insertarlo directamente pero en Excel hay muchas formas de agregar este s\u00edmbolo en la celda. Y en este tutorial mostraremos las formas de insertar lo mismo en [&hellip;]<\/p>\n","protected":false},"author":1,"featured_media":0,"parent":0,"menu_order":0,"comment_status":"open","ping_status":"closed","template":"","meta":{"ub_ctt_via":"","footnotes":""},"class_list":["post-56","page","type-page","status-publish","hentry"],"featured_image_src":null,"yoast_head":"<!-- This site is optimized with the Yoast SEO plugin v25.4 - https:\/\/yoast.com\/wordpress\/plugins\/seo\/ -->\n<title>\u00bfc\u00f3mo insertar un s\u00edmbolo de di\u00e1metro en excel?<\/title>\n<meta name=\"robots\" content=\"index, follow, max-snippet:-1, max-image-preview:large, max-video-preview:-1\" \/>\n<link rel=\"canonical\" href=\"https:\/\/exceladvisor.org\/es\/diametro\/\" \/>\n<meta property=\"og:locale\" content=\"es_ES\" \/>\n<meta property=\"og:type\" content=\"article\" \/>\n<meta property=\"og:title\" content=\"\u00bfc\u00f3mo insertar un s\u00edmbolo de di\u00e1metro en excel?\" \/>\n<meta property=\"og:description\" content=\"El s\u00edmbolo del di\u00e1metro [\u00d8] tambi\u00e9n se conoce como \u201cO discontinua\u201d o \u201cO rayada\u201d porque est\u00e1 rematado con una barra. El teclado no tiene este s\u00edmbolo clave para insertarlo directamente pero en Excel hay muchas formas de agregar este s\u00edmbolo en la celda. Y en este tutorial mostraremos las formas de insertar lo mismo en [&hellip;]\" \/>\n<meta property=\"og:url\" content=\"https:\/\/exceladvisor.org\/es\/diametro\/\" \/>\n<meta property=\"og:site_name\" content=\"Excel Advisor\" \/>\n<meta property=\"article:modified_time\" content=\"2023-12-25T10:25:54+00:00\" \/>\n<meta property=\"og:image\" content=\"https:\/\/exceladvisor.org\/wp-content\/uploads\/2023\/08\/1-symbole-de-diametre-de-plaquette.png\" \/>\n<meta name=\"twitter:card\" content=\"summary_large_image\" \/>\n<meta name=\"twitter:label1\" content=\"Tiempo de lectura\" \/>\n\t<meta name=\"twitter:data1\" content=\"3 minutos\" \/>\n<script type=\"application\/ld+json\" class=\"yoast-schema-graph\">{\"@context\":\"https:\/\/schema.org\",\"@graph\":[{\"@type\":\"WebPage\",\"@id\":\"https:\/\/exceladvisor.org\/es\/diametro\/\",\"url\":\"https:\/\/exceladvisor.org\/es\/diametro\/\",\"name\":\"\u00bfc\u00f3mo insertar un s\u00edmbolo de di\u00e1metro en excel?\",\"isPartOf\":{\"@id\":\"https:\/\/exceladvisor.org\/es\/#website\"},\"primaryImageOfPage\":{\"@id\":\"https:\/\/exceladvisor.org\/es\/diametro\/#primaryimage\"},\"image\":{\"@id\":\"https:\/\/exceladvisor.org\/es\/diametro\/#primaryimage\"},\"thumbnailUrl\":\"https:\/\/exceladvisor.org\/wp-content\/uploads\/2023\/08\/1-symbole-de-diametre-de-plaquette.png\",\"datePublished\":\"2023-11-17T19:39:47+00:00\",\"dateModified\":\"2023-12-25T10:25:54+00:00\",\"breadcrumb\":{\"@id\":\"https:\/\/exceladvisor.org\/es\/diametro\/#breadcrumb\"},\"inLanguage\":\"es\",\"potentialAction\":[{\"@type\":\"ReadAction\",\"target\":[\"https:\/\/exceladvisor.org\/es\/diametro\/\"]}]},{\"@type\":\"ImageObject\",\"inLanguage\":\"es\",\"@id\":\"https:\/\/exceladvisor.org\/es\/diametro\/#primaryimage\",\"url\":\"https:\/\/exceladvisor.org\/wp-content\/uploads\/2023\/08\/1-symbole-de-diametre-de-plaquette.png\",\"contentUrl\":\"https:\/\/exceladvisor.org\/wp-content\/uploads\/2023\/08\/1-symbole-de-diametre-de-plaquette.png\"},{\"@type\":\"BreadcrumbList\",\"@id\":\"https:\/\/exceladvisor.org\/es\/diametro\/#breadcrumb\",\"itemListElement\":[{\"@type\":\"ListItem\",\"position\":1,\"name\":\"Hogar\",\"item\":\"https:\/\/exceladvisor.org\/es\/\"},{\"@type\":\"ListItem\",\"position\":2,\"name\":\"\u00bfc\u00f3mo insertar un s\u00edmbolo de di\u00e1metro en excel?\"}]},{\"@type\":\"WebSite\",\"@id\":\"https:\/\/exceladvisor.org\/es\/#website\",\"url\":\"https:\/\/exceladvisor.org\/es\/\",\"name\":\"Excel Advisor\",\"description\":\"Su gu\u00eda para la dominaci\u00f3n de datos!\",\"publisher\":{\"@id\":\"https:\/\/exceladvisor.org\/es\/#organization\"},\"potentialAction\":[{\"@type\":\"SearchAction\",\"target\":{\"@type\":\"EntryPoint\",\"urlTemplate\":\"https:\/\/exceladvisor.org\/es\/?s={search_term_string}\"},\"query-input\":{\"@type\":\"PropertyValueSpecification\",\"valueRequired\":true,\"valueName\":\"search_term_string\"}}],\"inLanguage\":\"es\"},{\"@type\":\"Organization\",\"@id\":\"https:\/\/exceladvisor.org\/es\/#organization\",\"name\":\"Excel Advisor\",\"url\":\"https:\/\/exceladvisor.org\/es\/\",\"logo\":{\"@type\":\"ImageObject\",\"inLanguage\":\"es\",\"@id\":\"https:\/\/exceladvisor.org\/es\/#\/schema\/logo\/image\/\",\"url\":\"https:\/\/exceladvisor.org\/es\/wp-content\/uploads\/2023\/12\/exceladvisor.org_.png\",\"contentUrl\":\"https:\/\/exceladvisor.org\/es\/wp-content\/uploads\/2023\/12\/exceladvisor.org_.png\",\"width\":105,\"height\":36,\"caption\":\"Excel Advisor\"},\"image\":{\"@id\":\"https:\/\/exceladvisor.org\/es\/#\/schema\/logo\/image\/\"}}]}<\/script>\n<!-- \/ Yoast SEO plugin. -->","yoast_head_json":{"title":"\u00bfc\u00f3mo insertar un s\u00edmbolo de di\u00e1metro en excel?","robots":{"index":"index","follow":"follow","max-snippet":"max-snippet:-1","max-image-preview":"max-image-preview:large","max-video-preview":"max-video-preview:-1"},"canonical":"https:\/\/exceladvisor.org\/es\/diametro\/","og_locale":"es_ES","og_type":"article","og_title":"\u00bfc\u00f3mo insertar un s\u00edmbolo de di\u00e1metro en excel?","og_description":"El s\u00edmbolo del di\u00e1metro [\u00d8] tambi\u00e9n se conoce como \u201cO discontinua\u201d o \u201cO rayada\u201d porque est\u00e1 rematado con una barra. El teclado no tiene este s\u00edmbolo clave para insertarlo directamente pero en Excel hay muchas formas de agregar este s\u00edmbolo en la celda. Y en este tutorial mostraremos las formas de insertar lo mismo en [&hellip;]","og_url":"https:\/\/exceladvisor.org\/es\/diametro\/","og_site_name":"Excel Advisor","article_modified_time":"2023-12-25T10:25:54+00:00","og_image":[{"url":"https:\/\/exceladvisor.org\/wp-content\/uploads\/2023\/08\/1-symbole-de-diametre-de-plaquette.png","type":"","width":"","height":""}],"twitter_card":"summary_large_image","twitter_misc":{"Tiempo de lectura":"3 minutos"},"schema":{"@context":"https:\/\/schema.org","@graph":[{"@type":"WebPage","@id":"https:\/\/exceladvisor.org\/es\/diametro\/","url":"https:\/\/exceladvisor.org\/es\/diametro\/","name":"\u00bfc\u00f3mo insertar un s\u00edmbolo de di\u00e1metro en excel?","isPartOf":{"@id":"https:\/\/exceladvisor.org\/es\/#website"},"primaryImageOfPage":{"@id":"https:\/\/exceladvisor.org\/es\/diametro\/#primaryimage"},"image":{"@id":"https:\/\/exceladvisor.org\/es\/diametro\/#primaryimage"},"thumbnailUrl":"https:\/\/exceladvisor.org\/wp-content\/uploads\/2023\/08\/1-symbole-de-diametre-de-plaquette.png","datePublished":"2023-11-17T19:39:47+00:00","dateModified":"2023-12-25T10:25:54+00:00","breadcrumb":{"@id":"https:\/\/exceladvisor.org\/es\/diametro\/#breadcrumb"},"inLanguage":"es","potentialAction":[{"@type":"ReadAction","target":["https:\/\/exceladvisor.org\/es\/diametro\/"]}]},{"@type":"ImageObject","inLanguage":"es","@id":"https:\/\/exceladvisor.org\/es\/diametro\/#primaryimage","url":"https:\/\/exceladvisor.org\/wp-content\/uploads\/2023\/08\/1-symbole-de-diametre-de-plaquette.png","contentUrl":"https:\/\/exceladvisor.org\/wp-content\/uploads\/2023\/08\/1-symbole-de-diametre-de-plaquette.png"},{"@type":"BreadcrumbList","@id":"https:\/\/exceladvisor.org\/es\/diametro\/#breadcrumb","itemListElement":[{"@type":"ListItem","position":1,"name":"Hogar","item":"https:\/\/exceladvisor.org\/es\/"},{"@type":"ListItem","position":2,"name":"\u00bfc\u00f3mo insertar un s\u00edmbolo de di\u00e1metro en excel?"}]},{"@type":"WebSite","@id":"https:\/\/exceladvisor.org\/es\/#website","url":"https:\/\/exceladvisor.org\/es\/","name":"Excel Advisor","description":"Su gu\u00eda para la dominaci\u00f3n de datos!","publisher":{"@id":"https:\/\/exceladvisor.org\/es\/#organization"},"potentialAction":[{"@type":"SearchAction","target":{"@type":"EntryPoint","urlTemplate":"https:\/\/exceladvisor.org\/es\/?s={search_term_string}"},"query-input":{"@type":"PropertyValueSpecification","valueRequired":true,"valueName":"search_term_string"}}],"inLanguage":"es"},{"@type":"Organization","@id":"https:\/\/exceladvisor.org\/es\/#organization","name":"Excel Advisor","url":"https:\/\/exceladvisor.org\/es\/","logo":{"@type":"ImageObject","inLanguage":"es","@id":"https:\/\/exceladvisor.org\/es\/#\/schema\/logo\/image\/","url":"https:\/\/exceladvisor.org\/es\/wp-content\/uploads\/2023\/12\/exceladvisor.org_.png","contentUrl":"https:\/\/exceladvisor.org\/es\/wp-content\/uploads\/2023\/12\/exceladvisor.org_.png","width":105,"height":36,"caption":"Excel Advisor"},"image":{"@id":"https:\/\/exceladvisor.org\/es\/#\/schema\/logo\/image\/"}}]}},"yoast_meta":{"yoast_wpseo_title":"","yoast_wpseo_metadesc":"","yoast_wpseo_canonical":""},"_links":{"self":[{"href":"https:\/\/exceladvisor.org\/es\/wp-json\/wp\/v2\/pages\/56","targetHints":{"allow":["GET"]}}],"collection":[{"href":"https:\/\/exceladvisor.org\/es\/wp-json\/wp\/v2\/pages"}],"about":[{"href":"https:\/\/exceladvisor.org\/es\/wp-json\/wp\/v2\/types\/page"}],"author":[{"embeddable":true,"href":"https:\/\/exceladvisor.org\/es\/wp-json\/wp\/v2\/users\/1"}],"replies":[{"embeddable":true,"href":"https:\/\/exceladvisor.org\/es\/wp-json\/wp\/v2\/comments?post=56"}],"version-history":[{"count":1,"href":"https:\/\/exceladvisor.org\/es\/wp-json\/wp\/v2\/pages\/56\/revisions"}],"predecessor-version":[{"id":1107,"href":"https:\/\/exceladvisor.org\/es\/wp-json\/wp\/v2\/pages\/56\/revisions\/1107"}],"wp:attachment":[{"href":"https:\/\/exceladvisor.org\/es\/wp-json\/wp\/v2\/media?parent=56"}],"curies":[{"name":"wp","href":"https:\/\/api.w.org\/{rel}","templated":true}]}}