{"id":561,"date":"2023-10-23T19:54:53","date_gmt":"2023-10-23T19:54:53","guid":{"rendered":"https:\/\/exceladvisor.org\/es\/fin-de-semana\/"},"modified":"2023-12-25T10:31:25","modified_gmt":"2023-12-25T10:31:25","slug":"fin-de-semana","status":"publish","type":"page","link":"https:\/\/exceladvisor.org\/es\/fin-de-semana\/","title":{"rendered":"\u00bfc\u00f3mo utilizar la funci\u00f3n vba weekday?"},"content":{"rendered":"<div class=\"excel-antes-del-contenido\" id=\"excel-861763933\"><script type=\"text\/javascript\">\r\n\tatOptions = {\r\n\t\t'key' : 'c1158f160081d6540a8409e6925dab94',\r\n\t\t'format' : 'iframe',\r\n\t\t'height' : 250,\r\n\t\t'width' : 300,\r\n\t\t'params' : {}\r\n\t};\r\n<\/script>\r\n<script type=\"text\/javascript\" src=\"\/\/www.highperformanceformat.com\/c1158f160081d6540a8409e6925dab94\/invoke.js\"><\/script><\/div><p>La funci\u00f3n WEEKDAY VBA aparece en la categor\u00eda de fecha de las funciones VBA. Cuando lo usa en c\u00f3digo VBA, <strong>devuelve el n\u00famero de d\u00eda (del 1 al 7)<\/strong> utilizando el n\u00famero de d\u00eda de la fecha proporcionada. En t\u00e9rminos simples, devuelve el n\u00famero de d\u00edas de la semana.<\/p>\n<h2 class=\"wp-block-heading\"> Sintaxis<\/h2>\n<p> <strong>D\u00eda laborable (fecha, [primer d\u00eda de la semana])<\/strong><\/p>\n<h2 class=\"wp-block-heading\"> Argumentos<\/h2>\n<ul>\n<li> <strong>Fecha<\/strong> : una fecha v\u00e1lida para la que desea obtener el d\u00eda de la semana.<\/li>\n<li> <strong>[FirstDayOfWeek]<\/strong> : una cadena para establecer el primer d\u00eda de la semana [Este es un argumento opcional y, si se omite, VBA toma vbSunday de forma predeterminada].\n<ul>\n<li> <strong>vbUseSystemDayOfWeek<\/strong> : seg\u00fan la configuraci\u00f3n del sistema.<\/li>\n<li> vbDomingo \u2013 Domingo<\/li>\n<li> vblunday \u2013 lunes<\/li>\n<li> vbMartes \u2013 Martes<\/li>\n<li> vbMi\u00e9rcoles \u2013 Mi\u00e9rcoles<\/li>\n<li> vbjueves \u2013 jueves<\/li>\n<li> vbviernes \u2013 viernes<\/li>\n<\/ul>\n<\/li>\n<\/ul>\n<h2 class=\"wp-block-heading\"> Ejemplo<\/h2>\n<p> Para comprender pr\u00e1cticamente c\u00f3mo usar la funci\u00f3n VBA WEEKDAY, debe seguir el siguiente ejemplo donde hemos escrito un c\u00f3digo vba us\u00e1ndola: <\/p>\n<figure class=\"wp-block-image is-resized\"><img loading=\"lazy\" decoding=\"async\" title=\"ejemplo-vba-funci\u00f3n-d\u00eda-semana\" src=\"https:\/\/exceladvisor.org\/wp-content\/uploads\/2023\/08\/exemple-de-fonction-jour-de-la-semaine-vba.png\" sizes=\"auto, \" srcset=\"\" alt=\"example-vba-weekday-function\" width=\"837\" height=\"435\"><\/figure>\n<pre class=\"wp-block-code\"> <code class=\"language-visual-basic\" lang=\"visual-basic\">Sub example_WEEKDAY() Range(\"B1\").Value = Weekday(Range(\"A1\")) End Sub<\/code><\/pre>\n<p> En el c\u00f3digo anterior usamos WEEKDAY para obtener el d\u00eda de la semana (mi\u00e9rcoles 15 de mayo de 2019) la fecha que tenemos en la celda A1 y en el resultado tenemos 4 en la celda B1.<\/p>\n<p> El d\u00eda es mi\u00e9rcoles, que es el cuarto d\u00eda de la semana (tom\u00f3 el domingo como primer d\u00eda de la semana), por lo que devolvi\u00f3 4 en el resultado.<\/p>\n<h2 class=\"wp-block-heading\"> Comentarios<\/h2>\n<ul>\n<li> Si la fecha especificada es un valor distinto de una fecha o una cadena que no puede reconocerse como una fecha, VBA devolver\u00e1 el error de ejecuci\u00f3n 13. <\/li>\n<\/ul>\n<div class=\"wp-block-group more-tutorials is-layout-flow\">\n<div class=\"wp-block-group__inner-container\">\n<h2 class=\"wp-block-heading\"> M\u00e1s tutoriales <\/h2>\n<div class=\"wp-block-columns is-layout-flex wp-container-20\">\n<div class=\"wp-block-column is-layout-flow\">\n<ul>\n<li> <a href=\"https:\/\/exceladvisor.org\/es\/fecha-2\/\">FECHA VBA<\/a><\/li>\n<li> <a href=\"https:\/\/exceladvisor.org\/es\/fechaanadir\/\">VBA FECHA AGREGAR<\/a><\/li>\n<li> <a href=\"https:\/\/exceladvisor.org\/es\/parte-de-fecha\/\">PARTES DE FECHA DE VBA<\/a><\/li>\n<li> <a href=\"https:\/\/exceladvisor.org\/es\/serie-de-fechas\/\">SERIE DE FECHA VBA<\/a><\/li>\n<li> <a href=\"https:\/\/exceladvisor.org\/es\/valor-de-fecha\/\">VALOR FECHA VBA<\/a><\/li>\n<\/ul>\n<\/div>\n<\/div>\n<\/div>\n<\/div>\n","protected":false},"excerpt":{"rendered":"<p>La funci\u00f3n WEEKDAY VBA aparece en la categor\u00eda de fecha de las funciones VBA. Cuando lo usa en c\u00f3digo VBA, devuelve el n\u00famero de d\u00eda (del 1 al 7) utilizando el n\u00famero de d\u00eda de la fecha proporcionada. En t\u00e9rminos simples, devuelve el n\u00famero de d\u00edas de la semana. Sintaxis D\u00eda laborable (fecha, [primer d\u00eda [&hellip;]<\/p>\n","protected":false},"author":1,"featured_media":0,"parent":0,"menu_order":0,"comment_status":"open","ping_status":"closed","template":"","meta":{"ub_ctt_via":"","footnotes":""},"class_list":["post-561","page","type-page","status-publish","hentry"],"featured_image_src":null,"yoast_head":"<!-- This site is optimized with the Yoast SEO plugin v25.4 - https:\/\/yoast.com\/wordpress\/plugins\/seo\/ -->\n<title>\u00bfc\u00f3mo utilizar la funci\u00f3n vba weekday?<\/title>\n<meta name=\"robots\" content=\"index, follow, max-snippet:-1, max-image-preview:large, max-video-preview:-1\" \/>\n<link rel=\"canonical\" href=\"https:\/\/exceladvisor.org\/es\/fin-de-semana\/\" \/>\n<meta property=\"og:locale\" content=\"es_ES\" \/>\n<meta property=\"og:type\" content=\"article\" \/>\n<meta property=\"og:title\" content=\"\u00bfc\u00f3mo utilizar la funci\u00f3n vba weekday?\" \/>\n<meta property=\"og:description\" content=\"La funci\u00f3n WEEKDAY VBA aparece en la categor\u00eda de fecha de las funciones VBA. Cuando lo usa en c\u00f3digo VBA, devuelve el n\u00famero de d\u00eda (del 1 al 7) utilizando el n\u00famero de d\u00eda de la fecha proporcionada. En t\u00e9rminos simples, devuelve el n\u00famero de d\u00edas de la semana. Sintaxis D\u00eda laborable (fecha, [primer d\u00eda [&hellip;]\" \/>\n<meta property=\"og:url\" content=\"https:\/\/exceladvisor.org\/es\/fin-de-semana\/\" \/>\n<meta property=\"og:site_name\" content=\"Excel Advisor\" \/>\n<meta property=\"article:modified_time\" content=\"2023-12-25T10:31:25+00:00\" \/>\n<meta property=\"og:image\" content=\"https:\/\/exceladvisor.org\/wp-content\/uploads\/2023\/08\/exemple-de-fonction-jour-de-la-semaine-vba.png\" \/>\n<meta name=\"twitter:card\" content=\"summary_large_image\" \/>\n<meta name=\"twitter:label1\" content=\"Tiempo de lectura\" \/>\n\t<meta name=\"twitter:data1\" content=\"1 minuto\" \/>\n<script type=\"application\/ld+json\" class=\"yoast-schema-graph\">{\"@context\":\"https:\/\/schema.org\",\"@graph\":[{\"@type\":\"WebPage\",\"@id\":\"https:\/\/exceladvisor.org\/es\/fin-de-semana\/\",\"url\":\"https:\/\/exceladvisor.org\/es\/fin-de-semana\/\",\"name\":\"\u00bfc\u00f3mo utilizar la funci\u00f3n vba weekday?\",\"isPartOf\":{\"@id\":\"https:\/\/exceladvisor.org\/es\/#website\"},\"primaryImageOfPage\":{\"@id\":\"https:\/\/exceladvisor.org\/es\/fin-de-semana\/#primaryimage\"},\"image\":{\"@id\":\"https:\/\/exceladvisor.org\/es\/fin-de-semana\/#primaryimage\"},\"thumbnailUrl\":\"https:\/\/exceladvisor.org\/wp-content\/uploads\/2023\/08\/exemple-de-fonction-jour-de-la-semaine-vba.png\",\"datePublished\":\"2023-10-23T19:54:53+00:00\",\"dateModified\":\"2023-12-25T10:31:25+00:00\",\"breadcrumb\":{\"@id\":\"https:\/\/exceladvisor.org\/es\/fin-de-semana\/#breadcrumb\"},\"inLanguage\":\"es\",\"potentialAction\":[{\"@type\":\"ReadAction\",\"target\":[\"https:\/\/exceladvisor.org\/es\/fin-de-semana\/\"]}]},{\"@type\":\"ImageObject\",\"inLanguage\":\"es\",\"@id\":\"https:\/\/exceladvisor.org\/es\/fin-de-semana\/#primaryimage\",\"url\":\"https:\/\/exceladvisor.org\/wp-content\/uploads\/2023\/08\/exemple-de-fonction-jour-de-la-semaine-vba.png\",\"contentUrl\":\"https:\/\/exceladvisor.org\/wp-content\/uploads\/2023\/08\/exemple-de-fonction-jour-de-la-semaine-vba.png\"},{\"@type\":\"BreadcrumbList\",\"@id\":\"https:\/\/exceladvisor.org\/es\/fin-de-semana\/#breadcrumb\",\"itemListElement\":[{\"@type\":\"ListItem\",\"position\":1,\"name\":\"Hogar\",\"item\":\"https:\/\/exceladvisor.org\/es\/\"},{\"@type\":\"ListItem\",\"position\":2,\"name\":\"\u00bfc\u00f3mo utilizar la funci\u00f3n vba weekday?\"}]},{\"@type\":\"WebSite\",\"@id\":\"https:\/\/exceladvisor.org\/es\/#website\",\"url\":\"https:\/\/exceladvisor.org\/es\/\",\"name\":\"Excel Advisor\",\"description\":\"Su gu\u00eda para la dominaci\u00f3n de datos!\",\"publisher\":{\"@id\":\"https:\/\/exceladvisor.org\/es\/#organization\"},\"potentialAction\":[{\"@type\":\"SearchAction\",\"target\":{\"@type\":\"EntryPoint\",\"urlTemplate\":\"https:\/\/exceladvisor.org\/es\/?s={search_term_string}\"},\"query-input\":{\"@type\":\"PropertyValueSpecification\",\"valueRequired\":true,\"valueName\":\"search_term_string\"}}],\"inLanguage\":\"es\"},{\"@type\":\"Organization\",\"@id\":\"https:\/\/exceladvisor.org\/es\/#organization\",\"name\":\"Excel Advisor\",\"url\":\"https:\/\/exceladvisor.org\/es\/\",\"logo\":{\"@type\":\"ImageObject\",\"inLanguage\":\"es\",\"@id\":\"https:\/\/exceladvisor.org\/es\/#\/schema\/logo\/image\/\",\"url\":\"https:\/\/exceladvisor.org\/es\/wp-content\/uploads\/2023\/12\/exceladvisor.org_.png\",\"contentUrl\":\"https:\/\/exceladvisor.org\/es\/wp-content\/uploads\/2023\/12\/exceladvisor.org_.png\",\"width\":105,\"height\":36,\"caption\":\"Excel Advisor\"},\"image\":{\"@id\":\"https:\/\/exceladvisor.org\/es\/#\/schema\/logo\/image\/\"}}]}<\/script>\n<!-- \/ Yoast SEO plugin. -->","yoast_head_json":{"title":"\u00bfc\u00f3mo utilizar la funci\u00f3n vba weekday?","robots":{"index":"index","follow":"follow","max-snippet":"max-snippet:-1","max-image-preview":"max-image-preview:large","max-video-preview":"max-video-preview:-1"},"canonical":"https:\/\/exceladvisor.org\/es\/fin-de-semana\/","og_locale":"es_ES","og_type":"article","og_title":"\u00bfc\u00f3mo utilizar la funci\u00f3n vba weekday?","og_description":"La funci\u00f3n WEEKDAY VBA aparece en la categor\u00eda de fecha de las funciones VBA. Cuando lo usa en c\u00f3digo VBA, devuelve el n\u00famero de d\u00eda (del 1 al 7) utilizando el n\u00famero de d\u00eda de la fecha proporcionada. En t\u00e9rminos simples, devuelve el n\u00famero de d\u00edas de la semana. Sintaxis D\u00eda laborable (fecha, [primer d\u00eda [&hellip;]","og_url":"https:\/\/exceladvisor.org\/es\/fin-de-semana\/","og_site_name":"Excel Advisor","article_modified_time":"2023-12-25T10:31:25+00:00","og_image":[{"url":"https:\/\/exceladvisor.org\/wp-content\/uploads\/2023\/08\/exemple-de-fonction-jour-de-la-semaine-vba.png","type":"","width":"","height":""}],"twitter_card":"summary_large_image","twitter_misc":{"Tiempo de lectura":"1 minuto"},"schema":{"@context":"https:\/\/schema.org","@graph":[{"@type":"WebPage","@id":"https:\/\/exceladvisor.org\/es\/fin-de-semana\/","url":"https:\/\/exceladvisor.org\/es\/fin-de-semana\/","name":"\u00bfc\u00f3mo utilizar la funci\u00f3n vba weekday?","isPartOf":{"@id":"https:\/\/exceladvisor.org\/es\/#website"},"primaryImageOfPage":{"@id":"https:\/\/exceladvisor.org\/es\/fin-de-semana\/#primaryimage"},"image":{"@id":"https:\/\/exceladvisor.org\/es\/fin-de-semana\/#primaryimage"},"thumbnailUrl":"https:\/\/exceladvisor.org\/wp-content\/uploads\/2023\/08\/exemple-de-fonction-jour-de-la-semaine-vba.png","datePublished":"2023-10-23T19:54:53+00:00","dateModified":"2023-12-25T10:31:25+00:00","breadcrumb":{"@id":"https:\/\/exceladvisor.org\/es\/fin-de-semana\/#breadcrumb"},"inLanguage":"es","potentialAction":[{"@type":"ReadAction","target":["https:\/\/exceladvisor.org\/es\/fin-de-semana\/"]}]},{"@type":"ImageObject","inLanguage":"es","@id":"https:\/\/exceladvisor.org\/es\/fin-de-semana\/#primaryimage","url":"https:\/\/exceladvisor.org\/wp-content\/uploads\/2023\/08\/exemple-de-fonction-jour-de-la-semaine-vba.png","contentUrl":"https:\/\/exceladvisor.org\/wp-content\/uploads\/2023\/08\/exemple-de-fonction-jour-de-la-semaine-vba.png"},{"@type":"BreadcrumbList","@id":"https:\/\/exceladvisor.org\/es\/fin-de-semana\/#breadcrumb","itemListElement":[{"@type":"ListItem","position":1,"name":"Hogar","item":"https:\/\/exceladvisor.org\/es\/"},{"@type":"ListItem","position":2,"name":"\u00bfc\u00f3mo utilizar la funci\u00f3n vba weekday?"}]},{"@type":"WebSite","@id":"https:\/\/exceladvisor.org\/es\/#website","url":"https:\/\/exceladvisor.org\/es\/","name":"Excel Advisor","description":"Su gu\u00eda para la dominaci\u00f3n de datos!","publisher":{"@id":"https:\/\/exceladvisor.org\/es\/#organization"},"potentialAction":[{"@type":"SearchAction","target":{"@type":"EntryPoint","urlTemplate":"https:\/\/exceladvisor.org\/es\/?s={search_term_string}"},"query-input":{"@type":"PropertyValueSpecification","valueRequired":true,"valueName":"search_term_string"}}],"inLanguage":"es"},{"@type":"Organization","@id":"https:\/\/exceladvisor.org\/es\/#organization","name":"Excel Advisor","url":"https:\/\/exceladvisor.org\/es\/","logo":{"@type":"ImageObject","inLanguage":"es","@id":"https:\/\/exceladvisor.org\/es\/#\/schema\/logo\/image\/","url":"https:\/\/exceladvisor.org\/es\/wp-content\/uploads\/2023\/12\/exceladvisor.org_.png","contentUrl":"https:\/\/exceladvisor.org\/es\/wp-content\/uploads\/2023\/12\/exceladvisor.org_.png","width":105,"height":36,"caption":"Excel Advisor"},"image":{"@id":"https:\/\/exceladvisor.org\/es\/#\/schema\/logo\/image\/"}}]}},"yoast_meta":{"yoast_wpseo_title":"","yoast_wpseo_metadesc":"","yoast_wpseo_canonical":""},"_links":{"self":[{"href":"https:\/\/exceladvisor.org\/es\/wp-json\/wp\/v2\/pages\/561","targetHints":{"allow":["GET"]}}],"collection":[{"href":"https:\/\/exceladvisor.org\/es\/wp-json\/wp\/v2\/pages"}],"about":[{"href":"https:\/\/exceladvisor.org\/es\/wp-json\/wp\/v2\/types\/page"}],"author":[{"embeddable":true,"href":"https:\/\/exceladvisor.org\/es\/wp-json\/wp\/v2\/users\/1"}],"replies":[{"embeddable":true,"href":"https:\/\/exceladvisor.org\/es\/wp-json\/wp\/v2\/comments?post=561"}],"version-history":[{"count":1,"href":"https:\/\/exceladvisor.org\/es\/wp-json\/wp\/v2\/pages\/561\/revisions"}],"predecessor-version":[{"id":1359,"href":"https:\/\/exceladvisor.org\/es\/wp-json\/wp\/v2\/pages\/561\/revisions\/1359"}],"wp:attachment":[{"href":"https:\/\/exceladvisor.org\/es\/wp-json\/wp\/v2\/media?parent=561"}],"curies":[{"name":"wp","href":"https:\/\/api.w.org\/{rel}","templated":true}]}}