{"id":564,"date":"2023-10-23T19:14:24","date_gmt":"2023-10-23T19:14:24","guid":{"rendered":"https:\/\/exceladvisor.org\/es\/hora-de-fecha-de-archivo\/"},"modified":"2023-12-25T10:30:25","modified_gmt":"2023-12-25T10:30:25","slug":"hora-de-fecha-de-archivo","status":"publish","type":"page","link":"https:\/\/exceladvisor.org\/es\/hora-de-fecha-de-archivo\/","title":{"rendered":"\u00bfc\u00f3mo utilizar la funci\u00f3n vba filedatetime?"},"content":{"rendered":"<div class=\"excel-antes-del-contenido\" id=\"excel-3905430377\"><script type=\"text\/javascript\">\r\n\tatOptions = {\r\n\t\t'key' : 'c1158f160081d6540a8409e6925dab94',\r\n\t\t'format' : 'iframe',\r\n\t\t'height' : 250,\r\n\t\t'width' : 300,\r\n\t\t'params' : {}\r\n\t};\r\n<\/script>\r\n<script type=\"text\/javascript\" src=\"\/\/www.highperformanceformat.com\/c1158f160081d6540a8409e6925dab94\/invoke.js\"><\/script><\/div><p style=\"text-align: left;\" data-css=\"tve-u-15fdcefd30f\">La funci\u00f3n <strong><span style=\"color: #ea493f;\" data-css=\"tve-u-15ff89cdea5\">FileDateTime VBA<\/span><\/strong> devuelve la fecha y hora de la \u00faltima modificaci\u00f3n (como una cadena) de un archivo (libro de trabajo).<\/p>\n<p> Debe especificar la direcci\u00f3n del archivo como argumento.<\/p>\n<h2 class=\"\" data-css=\"tve-u-15ff8a258a0\"> <span style=\"font-family: Georgia,serif;\" data-css=\"tve-u-15ff89ea402\">Sintaxis<\/span><\/h2>\n<p data-css=\"tve-u-15fb8fcfdd7\"> ArchivoFechaHora(NombreRuta)<\/p>\n<p data-css=\"tve-u-15ff8a0f610\"> <em>Donde el argumento PathName es la ruta y el nombre del archivo del que desea obtener detalles.<\/em><\/p>\n<h2 class=\"\" data-css=\"tve-u-15ff8a2d489\"> <span style=\"font-family: Georgia,serif;\" data-css=\"tve-u-15ff8a2cabf\">Ejemplo<\/span><\/h2>\n<p> En el c\u00f3digo VBA a continuaci\u00f3n, hemos utilizado VBA FileDateTime para insertar la fecha y hora de la \u00faltima modificaci\u00f3n de un archivo de escritorio en la celda A1.<\/p>\n<p> Sub modFile()Range(\u201cA1\u201d).Value = FileDateTime(\u201cC:\\Users\\Admin\\Desktop\\Book1.xlsx\u201d)End Sub<\/p>\n<p> Cuando ejecuta este c\u00f3digo, agrega la fecha y la hora como se muestra a continuaci\u00f3n en el A1.<\/p>\n<p> <span class=\"tve_image_frame\"><img loading=\"lazy\" decoding=\"async\" class=\"tve_image wp-image-18473\" title=\"c\u00f3digo con ejemplo de vba filedatetime\" src=\"https:\/\/exceladvisor.org\/wp-content\/uploads\/2023\/08\/code-avec-exemple-vba-filedatetime-1.png\" sizes=\"auto, \" srcset=\"\" alt=\"code with vba filedatetime example\" width=\"413\" height=\"127\" data-id=\"18473\"><\/span><\/p>\n","protected":false},"excerpt":{"rendered":"<p>La funci\u00f3n FileDateTime VBA devuelve la fecha y hora de la \u00faltima modificaci\u00f3n (como una cadena) de un archivo (libro de trabajo). Debe especificar la direcci\u00f3n del archivo como argumento. Sintaxis ArchivoFechaHora(NombreRuta) Donde el argumento PathName es la ruta y el nombre del archivo del que desea obtener detalles. Ejemplo En el c\u00f3digo VBA a [&hellip;]<\/p>\n","protected":false},"author":1,"featured_media":0,"parent":0,"menu_order":0,"comment_status":"open","ping_status":"closed","template":"","meta":{"ub_ctt_via":"","footnotes":""},"class_list":["post-564","page","type-page","status-publish","hentry"],"featured_image_src":null,"yoast_head":"<!-- This site is optimized with the Yoast SEO plugin v25.4 - https:\/\/yoast.com\/wordpress\/plugins\/seo\/ -->\n<title>\u00bfc\u00f3mo utilizar la funci\u00f3n vba filedatetime?<\/title>\n<meta name=\"robots\" content=\"index, follow, max-snippet:-1, max-image-preview:large, max-video-preview:-1\" \/>\n<link rel=\"canonical\" href=\"https:\/\/exceladvisor.org\/es\/hora-de-fecha-de-archivo\/\" \/>\n<meta property=\"og:locale\" content=\"es_ES\" \/>\n<meta property=\"og:type\" content=\"article\" \/>\n<meta property=\"og:title\" content=\"\u00bfc\u00f3mo utilizar la funci\u00f3n vba filedatetime?\" \/>\n<meta property=\"og:description\" content=\"La funci\u00f3n FileDateTime VBA devuelve la fecha y hora de la \u00faltima modificaci\u00f3n (como una cadena) de un archivo (libro de trabajo). Debe especificar la direcci\u00f3n del archivo como argumento. Sintaxis ArchivoFechaHora(NombreRuta) Donde el argumento PathName es la ruta y el nombre del archivo del que desea obtener detalles. Ejemplo En el c\u00f3digo VBA a [&hellip;]\" \/>\n<meta property=\"og:url\" content=\"https:\/\/exceladvisor.org\/es\/hora-de-fecha-de-archivo\/\" \/>\n<meta property=\"og:site_name\" content=\"Excel Advisor\" \/>\n<meta property=\"article:modified_time\" content=\"2023-12-25T10:30:25+00:00\" \/>\n<meta property=\"og:image\" content=\"https:\/\/exceladvisor.org\/wp-content\/uploads\/2023\/08\/code-avec-exemple-vba-filedatetime-1.png\" \/>\n<meta name=\"twitter:card\" content=\"summary_large_image\" \/>\n<meta name=\"twitter:label1\" content=\"Tiempo de lectura\" \/>\n\t<meta name=\"twitter:data1\" content=\"1 minuto\" \/>\n<script type=\"application\/ld+json\" class=\"yoast-schema-graph\">{\"@context\":\"https:\/\/schema.org\",\"@graph\":[{\"@type\":\"WebPage\",\"@id\":\"https:\/\/exceladvisor.org\/es\/hora-de-fecha-de-archivo\/\",\"url\":\"https:\/\/exceladvisor.org\/es\/hora-de-fecha-de-archivo\/\",\"name\":\"\u00bfc\u00f3mo utilizar la funci\u00f3n vba filedatetime?\",\"isPartOf\":{\"@id\":\"https:\/\/exceladvisor.org\/es\/#website\"},\"primaryImageOfPage\":{\"@id\":\"https:\/\/exceladvisor.org\/es\/hora-de-fecha-de-archivo\/#primaryimage\"},\"image\":{\"@id\":\"https:\/\/exceladvisor.org\/es\/hora-de-fecha-de-archivo\/#primaryimage\"},\"thumbnailUrl\":\"https:\/\/exceladvisor.org\/wp-content\/uploads\/2023\/08\/code-avec-exemple-vba-filedatetime-1.png\",\"datePublished\":\"2023-10-23T19:14:24+00:00\",\"dateModified\":\"2023-12-25T10:30:25+00:00\",\"breadcrumb\":{\"@id\":\"https:\/\/exceladvisor.org\/es\/hora-de-fecha-de-archivo\/#breadcrumb\"},\"inLanguage\":\"es\",\"potentialAction\":[{\"@type\":\"ReadAction\",\"target\":[\"https:\/\/exceladvisor.org\/es\/hora-de-fecha-de-archivo\/\"]}]},{\"@type\":\"ImageObject\",\"inLanguage\":\"es\",\"@id\":\"https:\/\/exceladvisor.org\/es\/hora-de-fecha-de-archivo\/#primaryimage\",\"url\":\"https:\/\/exceladvisor.org\/wp-content\/uploads\/2023\/08\/code-avec-exemple-vba-filedatetime-1.png\",\"contentUrl\":\"https:\/\/exceladvisor.org\/wp-content\/uploads\/2023\/08\/code-avec-exemple-vba-filedatetime-1.png\"},{\"@type\":\"BreadcrumbList\",\"@id\":\"https:\/\/exceladvisor.org\/es\/hora-de-fecha-de-archivo\/#breadcrumb\",\"itemListElement\":[{\"@type\":\"ListItem\",\"position\":1,\"name\":\"Hogar\",\"item\":\"https:\/\/exceladvisor.org\/es\/\"},{\"@type\":\"ListItem\",\"position\":2,\"name\":\"\u00bfc\u00f3mo utilizar la funci\u00f3n vba filedatetime?\"}]},{\"@type\":\"WebSite\",\"@id\":\"https:\/\/exceladvisor.org\/es\/#website\",\"url\":\"https:\/\/exceladvisor.org\/es\/\",\"name\":\"Excel Advisor\",\"description\":\"Su gu\u00eda para la dominaci\u00f3n de datos!\",\"publisher\":{\"@id\":\"https:\/\/exceladvisor.org\/es\/#organization\"},\"potentialAction\":[{\"@type\":\"SearchAction\",\"target\":{\"@type\":\"EntryPoint\",\"urlTemplate\":\"https:\/\/exceladvisor.org\/es\/?s={search_term_string}\"},\"query-input\":{\"@type\":\"PropertyValueSpecification\",\"valueRequired\":true,\"valueName\":\"search_term_string\"}}],\"inLanguage\":\"es\"},{\"@type\":\"Organization\",\"@id\":\"https:\/\/exceladvisor.org\/es\/#organization\",\"name\":\"Excel Advisor\",\"url\":\"https:\/\/exceladvisor.org\/es\/\",\"logo\":{\"@type\":\"ImageObject\",\"inLanguage\":\"es\",\"@id\":\"https:\/\/exceladvisor.org\/es\/#\/schema\/logo\/image\/\",\"url\":\"https:\/\/exceladvisor.org\/es\/wp-content\/uploads\/2023\/12\/exceladvisor.org_.png\",\"contentUrl\":\"https:\/\/exceladvisor.org\/es\/wp-content\/uploads\/2023\/12\/exceladvisor.org_.png\",\"width\":105,\"height\":36,\"caption\":\"Excel Advisor\"},\"image\":{\"@id\":\"https:\/\/exceladvisor.org\/es\/#\/schema\/logo\/image\/\"}}]}<\/script>\n<!-- \/ Yoast SEO plugin. -->","yoast_head_json":{"title":"\u00bfc\u00f3mo utilizar la funci\u00f3n vba filedatetime?","robots":{"index":"index","follow":"follow","max-snippet":"max-snippet:-1","max-image-preview":"max-image-preview:large","max-video-preview":"max-video-preview:-1"},"canonical":"https:\/\/exceladvisor.org\/es\/hora-de-fecha-de-archivo\/","og_locale":"es_ES","og_type":"article","og_title":"\u00bfc\u00f3mo utilizar la funci\u00f3n vba filedatetime?","og_description":"La funci\u00f3n FileDateTime VBA devuelve la fecha y hora de la \u00faltima modificaci\u00f3n (como una cadena) de un archivo (libro de trabajo). Debe especificar la direcci\u00f3n del archivo como argumento. Sintaxis ArchivoFechaHora(NombreRuta) Donde el argumento PathName es la ruta y el nombre del archivo del que desea obtener detalles. Ejemplo En el c\u00f3digo VBA a [&hellip;]","og_url":"https:\/\/exceladvisor.org\/es\/hora-de-fecha-de-archivo\/","og_site_name":"Excel Advisor","article_modified_time":"2023-12-25T10:30:25+00:00","og_image":[{"url":"https:\/\/exceladvisor.org\/wp-content\/uploads\/2023\/08\/code-avec-exemple-vba-filedatetime-1.png","type":"","width":"","height":""}],"twitter_card":"summary_large_image","twitter_misc":{"Tiempo de lectura":"1 minuto"},"schema":{"@context":"https:\/\/schema.org","@graph":[{"@type":"WebPage","@id":"https:\/\/exceladvisor.org\/es\/hora-de-fecha-de-archivo\/","url":"https:\/\/exceladvisor.org\/es\/hora-de-fecha-de-archivo\/","name":"\u00bfc\u00f3mo utilizar la funci\u00f3n vba filedatetime?","isPartOf":{"@id":"https:\/\/exceladvisor.org\/es\/#website"},"primaryImageOfPage":{"@id":"https:\/\/exceladvisor.org\/es\/hora-de-fecha-de-archivo\/#primaryimage"},"image":{"@id":"https:\/\/exceladvisor.org\/es\/hora-de-fecha-de-archivo\/#primaryimage"},"thumbnailUrl":"https:\/\/exceladvisor.org\/wp-content\/uploads\/2023\/08\/code-avec-exemple-vba-filedatetime-1.png","datePublished":"2023-10-23T19:14:24+00:00","dateModified":"2023-12-25T10:30:25+00:00","breadcrumb":{"@id":"https:\/\/exceladvisor.org\/es\/hora-de-fecha-de-archivo\/#breadcrumb"},"inLanguage":"es","potentialAction":[{"@type":"ReadAction","target":["https:\/\/exceladvisor.org\/es\/hora-de-fecha-de-archivo\/"]}]},{"@type":"ImageObject","inLanguage":"es","@id":"https:\/\/exceladvisor.org\/es\/hora-de-fecha-de-archivo\/#primaryimage","url":"https:\/\/exceladvisor.org\/wp-content\/uploads\/2023\/08\/code-avec-exemple-vba-filedatetime-1.png","contentUrl":"https:\/\/exceladvisor.org\/wp-content\/uploads\/2023\/08\/code-avec-exemple-vba-filedatetime-1.png"},{"@type":"BreadcrumbList","@id":"https:\/\/exceladvisor.org\/es\/hora-de-fecha-de-archivo\/#breadcrumb","itemListElement":[{"@type":"ListItem","position":1,"name":"Hogar","item":"https:\/\/exceladvisor.org\/es\/"},{"@type":"ListItem","position":2,"name":"\u00bfc\u00f3mo utilizar la funci\u00f3n vba filedatetime?"}]},{"@type":"WebSite","@id":"https:\/\/exceladvisor.org\/es\/#website","url":"https:\/\/exceladvisor.org\/es\/","name":"Excel Advisor","description":"Su gu\u00eda para la dominaci\u00f3n de datos!","publisher":{"@id":"https:\/\/exceladvisor.org\/es\/#organization"},"potentialAction":[{"@type":"SearchAction","target":{"@type":"EntryPoint","urlTemplate":"https:\/\/exceladvisor.org\/es\/?s={search_term_string}"},"query-input":{"@type":"PropertyValueSpecification","valueRequired":true,"valueName":"search_term_string"}}],"inLanguage":"es"},{"@type":"Organization","@id":"https:\/\/exceladvisor.org\/es\/#organization","name":"Excel Advisor","url":"https:\/\/exceladvisor.org\/es\/","logo":{"@type":"ImageObject","inLanguage":"es","@id":"https:\/\/exceladvisor.org\/es\/#\/schema\/logo\/image\/","url":"https:\/\/exceladvisor.org\/es\/wp-content\/uploads\/2023\/12\/exceladvisor.org_.png","contentUrl":"https:\/\/exceladvisor.org\/es\/wp-content\/uploads\/2023\/12\/exceladvisor.org_.png","width":105,"height":36,"caption":"Excel Advisor"},"image":{"@id":"https:\/\/exceladvisor.org\/es\/#\/schema\/logo\/image\/"}}]}},"yoast_meta":{"yoast_wpseo_title":"","yoast_wpseo_metadesc":"","yoast_wpseo_canonical":""},"_links":{"self":[{"href":"https:\/\/exceladvisor.org\/es\/wp-json\/wp\/v2\/pages\/564","targetHints":{"allow":["GET"]}}],"collection":[{"href":"https:\/\/exceladvisor.org\/es\/wp-json\/wp\/v2\/pages"}],"about":[{"href":"https:\/\/exceladvisor.org\/es\/wp-json\/wp\/v2\/types\/page"}],"author":[{"embeddable":true,"href":"https:\/\/exceladvisor.org\/es\/wp-json\/wp\/v2\/users\/1"}],"replies":[{"embeddable":true,"href":"https:\/\/exceladvisor.org\/es\/wp-json\/wp\/v2\/comments?post=564"}],"version-history":[{"count":1,"href":"https:\/\/exceladvisor.org\/es\/wp-json\/wp\/v2\/pages\/564\/revisions"}],"predecessor-version":[{"id":1264,"href":"https:\/\/exceladvisor.org\/es\/wp-json\/wp\/v2\/pages\/564\/revisions\/1264"}],"wp:attachment":[{"href":"https:\/\/exceladvisor.org\/es\/wp-json\/wp\/v2\/media?parent=564"}],"curies":[{"name":"wp","href":"https:\/\/api.w.org\/{rel}","templated":true}]}}