{"id":566,"date":"2023-10-23T18:56:08","date_gmt":"2023-10-23T18:56:08","guid":{"rendered":"https:\/\/exceladvisor.org\/es\/hoja-de-trabajo-1\/"},"modified":"2023-12-25T10:31:49","modified_gmt":"2023-12-25T10:31:49","slug":"hoja-de-trabajo-1","status":"publish","type":"page","link":"https:\/\/exceladvisor.org\/es\/hoja-de-trabajo-1\/","title":{"rendered":"\u00bfc\u00f3mo utilizar una hoja de c\u00e1lculo de excel en vba?"},"content":{"rendered":"<div class=\"excel-antes-del-contenido\" id=\"excel-2040755062\"><script type=\"text\/javascript\">\r\n\tatOptions = {\r\n\t\t'key' : 'c1158f160081d6540a8409e6925dab94',\r\n\t\t'format' : 'iframe',\r\n\t\t'height' : 250,\r\n\t\t'width' : 300,\r\n\t\t'params' : {}\r\n\t};\r\n<\/script>\r\n<script type=\"text\/javascript\" src=\"\/\/www.highperformanceformat.com\/c1158f160081d6540a8409e6925dab94\/invoke.js\"><\/script><\/div><p>En VBA, el objeto de hoja de trabajo representa una \u00fanica hoja de trabajo que forma parte de la colecci\u00f3n de hojas de trabajo (u hojas) del libro. Usando el objeto de hoja de trabajo, puede hacer referencia a la hoja de trabajo en c\u00f3digo VBA y consultar una hoja de trabajo, tambi\u00e9n puede acceder a las propiedades, m\u00e9todos y eventos relacionados con ella.<\/p>\n<p> A continuaci\u00f3n se ofrece una descripci\u00f3n general r\u00e1pida de la posici\u00f3n de una hoja de c\u00e1lculo en la jerarqu\u00eda de objetos de Excel.<\/p>\n<p> <strong>Aplicaci\u00f3n<\/strong> <strong>\u27aa<\/strong> <strong>Libro de trabajo<\/strong> <strong>\u27aa<\/strong> <strong>Hojas de trabajo<\/strong> <strong>\u27aa<\/strong> <strong>Hoja de trabajo<\/strong><\/p>\n<p> En este tutorial, aprenderemos c\u00f3mo usar y hacer referencia a una hoja de trabajo en Excel usando c\u00f3digo VBA.<\/p>\n<p class=\"content-box-grey\"> <em>Enlaces \u00fatiles: <a href=\"https:\/\/exceladvisor.org\/es\/ejecutar-una-macro-2\/\">Ejecutar una macro<\/a> \u2013 <a href=\"https:\/\/exceladvisor.org\/es\/grabar-una-macro\/\">Grabador de macros<\/a> \u2013 <a href=\"https:\/\/exceladvisor.org\/es\/editor-visual-basico\/\">Editor de Visual Basic<\/a> \u2013 <a href=\"https:\/\/exceladvisor.org\/es\/cuaderno-macro-personal\/\">Manual de macros personales<\/a><\/em><\/p>\n<h2 class=\"wp-block-heading\"> Hojas versus hojas de c\u00e1lculo<\/h2>\n<p> Empecemos por el principio. Esto es importante para comprender la diferencia entre una hoja de c\u00e1lculo y una hoja. En Excel, tiene tipos de hojas que puede insertar en un libro de trabajo, y una hoja de trabajo es uno de esos tipos. Como puede ver en la instant\u00e1nea a continuaci\u00f3n, cuando inserta una nueva hoja, Excel le pide que seleccione el tipo de hoja.<\/p>\n<p> Esto es lo que hay que entender: cuando usa la palabra \u00abhojas\u00bb, se refiere a todas las hojas (hojas de c\u00e1lculo, hojas de macros y hojas de gr\u00e1ficos), pero cuando usa la palabra \u00abhoja de c\u00e1lculo\u00bb, solo se refiere a hojas de c\u00e1lculo ( <a href=\"https:\/\/docs.microsoft.com\/en-us\/office\/vba\/api\/excel.xlsheettype\" target=\"_blank\" rel=\"noreferrer noopener\" aria-label=\"undefined (opens in a new tab)\">consulte tambi\u00e9n<\/a> ). <\/p>\n<div class=\"wp-block-image\">\n<figure class=\"aligncenter size-large is-resized\"><img loading=\"lazy\" decoding=\"async\" class=\"wp-image-52465\" src=\"https:\/\/exceladvisor.org\/wp-content\/uploads\/2023\/08\/1-feuille-vs-feuilles-de-travail.png\" sizes=\"auto, \" srcset=\"\" alt=\"hoja-vs-hojas de trabajo\" width=\"528\" height=\"327\"><\/figure>\n<\/div>\n<h2 class=\"wp-block-heading\"> Acceda a una hoja de trabajo (hoja) usando VBA<\/h2>\n<p> VBA le ofrece diferentes formas de acceder a una hoja de trabajo desde un libro y veremos diferentes formas de hacerlo m\u00e1s adelante.<\/p>\n<h3 class=\"wp-block-heading\"> 1. Consulte una hoja usando el nombre<\/h3>\n<p> Cada hoja tiene su nombre para identificarla, y tambi\u00e9n puedes usarlo para referirte a esa hoja. Supongamos que desea hacer referencia a \u00abHoja1\u00bb, el c\u00f3digo ser\u00eda: <\/p>\n<div class=\"wp-block-image\">\n<figure class=\"aligncenter size-large is-resized\"><img loading=\"lazy\" decoding=\"async\" class=\"wp-image-52466\" src=\"https:\/\/exceladvisor.org\/wp-content\/uploads\/2023\/08\/2-se-referer-a-une-feuille-en-utilisant-le-nom.png\" sizes=\"auto, \" srcset=\"\" alt=\"referirse a una hoja usando el nombre\" width=\"561\" height=\"329\"><\/figure>\n<\/div>\n<pre class=\"wp-block-code\"> <code class=\"language-visual-basic\" lang=\"visual-basic\">Sheets(\u201cSheet1\u201d) Worksheets(\u201cSheet1\u201d)<\/code><\/pre>\n<p> Los dos c\u00f3digos anteriores se refieren a \u00abHoja1\u00bb.<\/p>\n<h3 class=\"wp-block-heading\"> 2. Consulte la hoja usando el n\u00famero<\/h3>\n<p> Tambi\u00e9n puede utilizar un n\u00famero de hoja para hacer referencia a ella. Supongamos que si una hoja est\u00e1 en la quinta posici\u00f3n del libro, puede usar ese n\u00famero para referirse a ella.<\/p>\n<pre class=\"wp-block-code\"> <code class=\"language-visual-basic\" lang=\"visual-basic\">Sheets (5) Worksheets (5)<\/code><\/pre>\n<p> Arriba hay dos l\u00edneas de c\u00f3digo que funcionan de dos maneras diferentes. La primera fila se refiere a la quinta hoja y la segunda a la quinta hoja de trabajo del libro de trabajo. <\/p>\n<div class=\"wp-block-image\">\n<figure class=\"aligncenter size-large is-resized\"><img loading=\"lazy\" decoding=\"async\" class=\"wp-image-52467\" src=\"https:\/\/exceladvisor.org\/wp-content\/uploads\/2023\/08\/3-se-referer-a-une-feuille-en-utilisant-le-numero.png\" sizes=\"auto, \" srcset=\"\" alt=\"referirse a una hoja usando un n\u00famero\" width=\"551\" height=\"199\"><\/figure>\n<\/div>\n<h3 class=\"wp-block-heading\"> 3. Consulte la hoja activa<\/h3>\n<p> Si una hoja ya est\u00e1 activa, puede hacer referencia a ella utilizando la palabra clave \u00abHoja activa\u00bb en lugar de su nombre.<\/p>\n<pre class=\"wp-block-code\"> <code class=\"language-visual-basic\" lang=\"visual-basic\">ActiveSheet<\/code><\/pre>\n<p> Si desea realizar una actividad en ActiveSheet, puede utilizar el objeto \u00abActivesheet\u00bb, pero si no lo utiliza, VBA seguir\u00e1 realizando la actividad en la hoja activa.<\/p>\n<p> <strong>Leer:<\/strong> Seleccione un rango usando VBA<\/p>\n<h3 class=\"wp-block-heading\"> 4. Consulte una hoja usando el nombre de la ventana de c\u00f3digo.<\/h3>\n<p> Cada hoja tiene su ventana de c\u00f3digo y hay un nombre para esta ventana de c\u00f3digo. Normalmente un usuario puede cambiar el nombre de la hoja desde la pesta\u00f1a, pero el nombre que tiene en la ventana de c\u00f3digo no se puede cambiar a menos que lo haga desde las propiedades.<\/p>\n<p> Abra el Editor de Visual Basic desde la pesta\u00f1a Desarrollador y en la secci\u00f3n de propiedades podr\u00e1 ver el nombre de la hoja que seleccion\u00f3. <\/p>\n<div class=\"wp-block-image\">\n<figure class=\"aligncenter size-large is-resized\"><img loading=\"lazy\" decoding=\"async\" class=\"wp-image-52468\" src=\"https:\/\/exceladvisor.org\/wp-content\/uploads\/2023\/08\/4-se-referer-a-une-feuille-en-utilisant-le-code.png\" sizes=\"auto, \" srcset=\"\" alt=\"consultar una hoja usando el c\u00f3digo\" width=\"309\" height=\"322\"><\/figure>\n<\/div>\n<p> Y tambi\u00e9n puedes cambiar este nombre desde la secci\u00f3n de propiedades. <\/p>\n<div class=\"wp-block-image\">\n<figure class=\"aligncenter size-large is-resized\"><img loading=\"lazy\" decoding=\"async\" class=\"wp-image-52469\" src=\"https:\/\/exceladvisor.org\/wp-content\/uploads\/2023\/08\/5-en-utilisant-le-nom-de-la-fenetre-de-code.png\" sizes=\"auto, \" srcset=\"\" alt=\"usando-c\u00f3digo-nombre-ventana\" width=\"365\" height=\"152\"><\/figure>\n<\/div>\n<p> Ahora puede consultarlo utilizando el nombre de la ventana de c\u00f3digo.<\/p>\n<pre class=\"wp-block-code\"> <code class=\"language-visual-basic\" lang=\"visual-basic\">mySheet<\/code><\/pre>\n<h3 class=\"wp-block-heading\"> 5. Consulte Varias hojas<\/h3>\n<p> Tambi\u00e9n puede hacer referencia a varias hojas a la vez utilizando una sola l\u00ednea de c\u00f3digo. Para esto puedes usar una matriz, como el siguiente c\u00f3digo.<\/p>\n<pre class=\"wp-block-code\"> <code class=\"language-visual-basic\" lang=\"visual-basic\">Sheets(Array(\"Sheet1\", \"Sheet2\"))<\/code><\/pre>\n<p> Este c\u00f3digo se refiere a \u00abHoja1\u00bb y \u00abHoja2\u00bb, pero hay una cosa que debes entender cuando haces referencia a varias hojas: hay algunos m\u00e9todos y propiedades que no puedes usar.<\/p>\n<h3 class=\"wp-block-heading\"> 6. Consulte la hoja en otro libro de trabajo.<\/h3>\n<p> Una hoja de trabajo u hoja es parte de la colecci\u00f3n de hojas de trabajo de un libro de trabajo y, si desea hacer referencia a una hoja espec\u00edfica que no sea el libro de trabajo activo, primero debe consultar ese libro de trabajo.<\/p>\n<pre class=\"wp-block-code\"> <code class=\"language-visual-basic\" lang=\"visual-basic\">Workbooks(\"Book1\").Sheets(\"Sheet1\")<\/code><\/pre>\n<p> Para <a href=\"https:\/\/exceladvisor.org\/es\/ejecutar-una-macro-2\/\">ejecutar este c\u00f3digo<\/a> debe tener abierto el \u201cLibro1\u201d.<\/p>\n<h2 class=\"wp-block-heading\"> Propiedades, m\u00e9todos y eventos relacionados con una hoja u hoja de trabajo<\/h2>\n<p> En VBA, cada objeto de Excel tiene propiedades, m\u00e9todos y eventos que puedes utilizar, y de la misma manera puedes acceder a las propiedades y m\u00e9todos que vienen con \u00e9l. Una vez que especifique una hoja de trabajo, escriba un punto (.) y obtendr\u00e1 la lista. <\/p>\n<div class=\"wp-block-image\">\n<figure class=\"aligncenter size-large is-resized\"><img loading=\"lazy\" decoding=\"async\" class=\"wp-image-52470\" src=\"https:\/\/exceladvisor.org\/wp-content\/uploads\/2023\/08\/6-evenements-lies-a-une-feuille.png\" sizes=\"auto, \" srcset=\"\" alt=\"eventos vinculados con una hoja\" width=\"494\" height=\"365\"><\/figure>\n<\/div>\n<p> En esta lista, todos los \u00edconos donde puedes ver una mano son propiedades, y donde tienes un ladrillo verde son m\u00e9todos.<\/p>\n<h3 class=\"wp-block-heading\"> Ejemplo de propiedad<\/h3>\n<p> Supongamos que desea cambiar el color de la pesta\u00f1a de la hoja de trabajo. En este caso, puede utilizar la propiedad TAB de la hoja de trabajo.<\/p>\n<pre class=\"wp-block-code\"> <code class=\"language-visual-basic\" lang=\"visual-basic\">mySheet.Tab.ThemeColor = xlThemeColorAccent2<\/code><\/pre>\n<p> En la l\u00ednea de c\u00f3digo anterior, tiene la propiedad de pesta\u00f1a y otra propiedad de color del tema para cambiar el color de la pesta\u00f1a de la hoja de trabajo.<\/p>\n<h3 class=\"wp-block-heading\"> M\u00e9todo de ejemplo<\/h3>\n<p> Asimismo, puede utilizar los m\u00e9todos proporcionados con las hojas de c\u00e1lculo. Uno de los m\u00e9todos m\u00e1s comunes es el m\u00e9todo \u00abSeleccionar\u00bb que puede utilizar para seleccionar una hoja.<\/p>\n<pre class=\"wp-block-code\"> <code class=\"language-visual-basic\" lang=\"visual-basic\">mySheet.Select<\/code><\/pre>\n<p> En el momento en que ejecuta este c\u00f3digo, selecciona \u00abmySheet\u00bb en el libro activo.<\/p>\n<h3 class=\"wp-block-heading\"> Evento de ejemplo<\/h3>\n<p> Algunos eventos est\u00e1n asociados con una hoja de trabajo. Por ejemplo, cuando activas una hoja, es un evento, y de manera similar, cuando cambias algo en la hoja. Vea el siguiente c\u00f3digo donde tiene c\u00f3digo para ejecutar cuando ocurre un evento (cambio en la hoja de trabajo). <\/p>\n<div class=\"wp-block-image\">\n<figure class=\"aligncenter size-large is-resized\"><img loading=\"lazy\" decoding=\"async\" class=\"wp-image-52471\" src=\"https:\/\/exceladvisor.org\/wp-content\/uploads\/2023\/08\/7-exemple-devenement.png\" sizes=\"auto, \" srcset=\"\" alt=\"ejemplo de evento\" width=\"668\" height=\"211\"><\/figure>\n<\/div>\n<pre class=\"wp-block-code\"> <code class=\"language-visual-basic\" lang=\"visual-basic\">Private Sub Worksheet_SelectionChange(ByVal Target As Range) Range(\"A1\").Value = Range(\"A1\").Value + 1 End Sub<\/code><\/pre>\n<p> Este c\u00f3digo ingresa un valor en la celda A1 de la hoja cada vez que realiza un cambio en la hoja de trabajo.<\/p>\n<h2 class=\"wp-block-heading\"> Declarar un objeto de hoja de trabajo<\/h2>\n<p> Tambi\u00e9n puede declarar una variable como una hoja de trabajo, lo que facilita el uso de esa hoja de trabajo en c\u00f3digo VBA. Utilice primero la palabra clave DIM y luego el nombre de la variable. Despu\u00e9s de eso, especifique el tipo de objeto como Hoja de trabajo. <\/p>\n<div class=\"wp-block-image\">\n<figure class=\"aligncenter size-large is-resized\"><img loading=\"lazy\" decoding=\"async\" class=\"wp-image-52472\" src=\"https:\/\/exceladvisor.org\/wp-content\/uploads\/2023\/08\/8-declarer-un-objet-feuille-de-calcul.png\" sizes=\"auto, \" srcset=\"\" alt=\"declarar-un-objeto-de-hoja-de-calculo\" width=\"365\" height=\"250\"><\/figure>\n<\/div>\n<div class=\"gb-container gb-container-4db6181c gb-container-mt\"> <a class=\"gb-button gb-button-c5897111 gb-button-text gb-button-mt-button\" href=\"https:\/\/exceladvisor.org\/es\/vba\/\">\u00bfQu\u00e9 es VBA?<\/a><\/p>\n<h2 class=\"gb-headline gb-headline-665e5f6b gb-headline-text gb-headline-mt-heading\"> Tutoriales relacionados <\/h2>\n<div class=\"gb-grid-wrapper gb-grid-wrapper-a20baf7c gb-grid-wrapper-mt-grid\">\n<div class=\"gb-grid-column gb-grid-column-65ddf67e\">\n<div class=\"gb-container gb-container-65ddf67e\">\n<ul>\n<li> <a href=\"https:\/\/exceladvisor.org\/es\/hoja-clara\/\">BORRAR una hoja completa usando VBA en Excel<\/a><\/li>\n<li> <a href=\"https:\/\/exceladvisor.org\/es\/copiar-hoja\/\">Copiar y mover una hoja en Excel usando VBA<\/a><\/li>\n<li> <a href=\"https:\/\/exceladvisor.org\/es\/contar-las-hojas\/\">CONTAR Hojas usando VBA en Excel<\/a><\/li>\n<li> <a href=\"https:\/\/exceladvisor.org\/es\/eliminar-una-hoja-1\/\">ELIMINAR una HOJA usando VBA en Excel<\/a><\/li>\n<li> <a href=\"https:\/\/exceladvisor.org\/es\/ocultar-hoja\/\">Ocultar y mostrar una hoja usando VBA en Excel<\/a> <\/li>\n<\/ul>\n<\/div>\n<\/div>\n<div class=\"gb-grid-column gb-grid-column-50067b57\">\n<div class=\"gb-container gb-container-50067b57\"><\/div>\n<\/div>\n<\/div>\n<\/div>\n","protected":false},"excerpt":{"rendered":"<p>En VBA, el objeto de hoja de trabajo representa una \u00fanica hoja de trabajo que forma parte de la colecci\u00f3n de hojas de trabajo (u hojas) del libro. Usando el objeto de hoja de trabajo, puede hacer referencia a la hoja de trabajo en c\u00f3digo VBA y consultar una hoja de trabajo, tambi\u00e9n puede acceder [&hellip;]<\/p>\n","protected":false},"author":1,"featured_media":0,"parent":0,"menu_order":0,"comment_status":"open","ping_status":"closed","template":"","meta":{"ub_ctt_via":"","footnotes":""},"class_list":["post-566","page","type-page","status-publish","hentry"],"featured_image_src":null,"yoast_head":"<!-- This site is optimized with the Yoast SEO plugin v25.4 - https:\/\/yoast.com\/wordpress\/plugins\/seo\/ -->\n<title>\u00bfc\u00f3mo utilizar una hoja de c\u00e1lculo de excel en vba?<\/title>\n<meta name=\"robots\" content=\"index, follow, max-snippet:-1, max-image-preview:large, max-video-preview:-1\" \/>\n<link rel=\"canonical\" href=\"https:\/\/exceladvisor.org\/es\/hoja-de-trabajo-1\/\" \/>\n<meta property=\"og:locale\" content=\"es_ES\" \/>\n<meta property=\"og:type\" content=\"article\" \/>\n<meta property=\"og:title\" content=\"\u00bfc\u00f3mo utilizar una hoja de c\u00e1lculo de excel en vba?\" \/>\n<meta property=\"og:description\" content=\"En VBA, el objeto de hoja de trabajo representa una \u00fanica hoja de trabajo que forma parte de la colecci\u00f3n de hojas de trabajo (u hojas) del libro. Usando el objeto de hoja de trabajo, puede hacer referencia a la hoja de trabajo en c\u00f3digo VBA y consultar una hoja de trabajo, tambi\u00e9n puede acceder [&hellip;]\" \/>\n<meta property=\"og:url\" content=\"https:\/\/exceladvisor.org\/es\/hoja-de-trabajo-1\/\" \/>\n<meta property=\"og:site_name\" content=\"Excel Advisor\" \/>\n<meta property=\"article:modified_time\" content=\"2023-12-25T10:31:49+00:00\" \/>\n<meta property=\"og:image\" content=\"https:\/\/exceladvisor.org\/wp-content\/uploads\/2023\/08\/1-feuille-vs-feuilles-de-travail.png\" \/>\n<meta name=\"twitter:card\" content=\"summary_large_image\" \/>\n<meta name=\"twitter:label1\" content=\"Tiempo de lectura\" \/>\n\t<meta name=\"twitter:data1\" content=\"6 minutos\" \/>\n<script type=\"application\/ld+json\" class=\"yoast-schema-graph\">{\"@context\":\"https:\/\/schema.org\",\"@graph\":[{\"@type\":\"WebPage\",\"@id\":\"https:\/\/exceladvisor.org\/es\/hoja-de-trabajo-1\/\",\"url\":\"https:\/\/exceladvisor.org\/es\/hoja-de-trabajo-1\/\",\"name\":\"\u00bfc\u00f3mo utilizar una hoja de c\u00e1lculo de excel en vba?\",\"isPartOf\":{\"@id\":\"https:\/\/exceladvisor.org\/es\/#website\"},\"primaryImageOfPage\":{\"@id\":\"https:\/\/exceladvisor.org\/es\/hoja-de-trabajo-1\/#primaryimage\"},\"image\":{\"@id\":\"https:\/\/exceladvisor.org\/es\/hoja-de-trabajo-1\/#primaryimage\"},\"thumbnailUrl\":\"https:\/\/exceladvisor.org\/wp-content\/uploads\/2023\/08\/1-feuille-vs-feuilles-de-travail.png\",\"datePublished\":\"2023-10-23T18:56:08+00:00\",\"dateModified\":\"2023-12-25T10:31:49+00:00\",\"breadcrumb\":{\"@id\":\"https:\/\/exceladvisor.org\/es\/hoja-de-trabajo-1\/#breadcrumb\"},\"inLanguage\":\"es\",\"potentialAction\":[{\"@type\":\"ReadAction\",\"target\":[\"https:\/\/exceladvisor.org\/es\/hoja-de-trabajo-1\/\"]}]},{\"@type\":\"ImageObject\",\"inLanguage\":\"es\",\"@id\":\"https:\/\/exceladvisor.org\/es\/hoja-de-trabajo-1\/#primaryimage\",\"url\":\"https:\/\/exceladvisor.org\/wp-content\/uploads\/2023\/08\/1-feuille-vs-feuilles-de-travail.png\",\"contentUrl\":\"https:\/\/exceladvisor.org\/wp-content\/uploads\/2023\/08\/1-feuille-vs-feuilles-de-travail.png\"},{\"@type\":\"BreadcrumbList\",\"@id\":\"https:\/\/exceladvisor.org\/es\/hoja-de-trabajo-1\/#breadcrumb\",\"itemListElement\":[{\"@type\":\"ListItem\",\"position\":1,\"name\":\"Hogar\",\"item\":\"https:\/\/exceladvisor.org\/es\/\"},{\"@type\":\"ListItem\",\"position\":2,\"name\":\"\u00bfc\u00f3mo utilizar una hoja de c\u00e1lculo de excel en vba?\"}]},{\"@type\":\"WebSite\",\"@id\":\"https:\/\/exceladvisor.org\/es\/#website\",\"url\":\"https:\/\/exceladvisor.org\/es\/\",\"name\":\"Excel Advisor\",\"description\":\"Su gu\u00eda para la dominaci\u00f3n de datos!\",\"publisher\":{\"@id\":\"https:\/\/exceladvisor.org\/es\/#organization\"},\"potentialAction\":[{\"@type\":\"SearchAction\",\"target\":{\"@type\":\"EntryPoint\",\"urlTemplate\":\"https:\/\/exceladvisor.org\/es\/?s={search_term_string}\"},\"query-input\":{\"@type\":\"PropertyValueSpecification\",\"valueRequired\":true,\"valueName\":\"search_term_string\"}}],\"inLanguage\":\"es\"},{\"@type\":\"Organization\",\"@id\":\"https:\/\/exceladvisor.org\/es\/#organization\",\"name\":\"Excel Advisor\",\"url\":\"https:\/\/exceladvisor.org\/es\/\",\"logo\":{\"@type\":\"ImageObject\",\"inLanguage\":\"es\",\"@id\":\"https:\/\/exceladvisor.org\/es\/#\/schema\/logo\/image\/\",\"url\":\"https:\/\/exceladvisor.org\/es\/wp-content\/uploads\/2023\/12\/exceladvisor.org_.png\",\"contentUrl\":\"https:\/\/exceladvisor.org\/es\/wp-content\/uploads\/2023\/12\/exceladvisor.org_.png\",\"width\":105,\"height\":36,\"caption\":\"Excel Advisor\"},\"image\":{\"@id\":\"https:\/\/exceladvisor.org\/es\/#\/schema\/logo\/image\/\"}}]}<\/script>\n<!-- \/ Yoast SEO plugin. -->","yoast_head_json":{"title":"\u00bfc\u00f3mo utilizar una hoja de c\u00e1lculo de excel en vba?","robots":{"index":"index","follow":"follow","max-snippet":"max-snippet:-1","max-image-preview":"max-image-preview:large","max-video-preview":"max-video-preview:-1"},"canonical":"https:\/\/exceladvisor.org\/es\/hoja-de-trabajo-1\/","og_locale":"es_ES","og_type":"article","og_title":"\u00bfc\u00f3mo utilizar una hoja de c\u00e1lculo de excel en vba?","og_description":"En VBA, el objeto de hoja de trabajo representa una \u00fanica hoja de trabajo que forma parte de la colecci\u00f3n de hojas de trabajo (u hojas) del libro. Usando el objeto de hoja de trabajo, puede hacer referencia a la hoja de trabajo en c\u00f3digo VBA y consultar una hoja de trabajo, tambi\u00e9n puede acceder [&hellip;]","og_url":"https:\/\/exceladvisor.org\/es\/hoja-de-trabajo-1\/","og_site_name":"Excel Advisor","article_modified_time":"2023-12-25T10:31:49+00:00","og_image":[{"url":"https:\/\/exceladvisor.org\/wp-content\/uploads\/2023\/08\/1-feuille-vs-feuilles-de-travail.png","type":"","width":"","height":""}],"twitter_card":"summary_large_image","twitter_misc":{"Tiempo de lectura":"6 minutos"},"schema":{"@context":"https:\/\/schema.org","@graph":[{"@type":"WebPage","@id":"https:\/\/exceladvisor.org\/es\/hoja-de-trabajo-1\/","url":"https:\/\/exceladvisor.org\/es\/hoja-de-trabajo-1\/","name":"\u00bfc\u00f3mo utilizar una hoja de c\u00e1lculo de excel en vba?","isPartOf":{"@id":"https:\/\/exceladvisor.org\/es\/#website"},"primaryImageOfPage":{"@id":"https:\/\/exceladvisor.org\/es\/hoja-de-trabajo-1\/#primaryimage"},"image":{"@id":"https:\/\/exceladvisor.org\/es\/hoja-de-trabajo-1\/#primaryimage"},"thumbnailUrl":"https:\/\/exceladvisor.org\/wp-content\/uploads\/2023\/08\/1-feuille-vs-feuilles-de-travail.png","datePublished":"2023-10-23T18:56:08+00:00","dateModified":"2023-12-25T10:31:49+00:00","breadcrumb":{"@id":"https:\/\/exceladvisor.org\/es\/hoja-de-trabajo-1\/#breadcrumb"},"inLanguage":"es","potentialAction":[{"@type":"ReadAction","target":["https:\/\/exceladvisor.org\/es\/hoja-de-trabajo-1\/"]}]},{"@type":"ImageObject","inLanguage":"es","@id":"https:\/\/exceladvisor.org\/es\/hoja-de-trabajo-1\/#primaryimage","url":"https:\/\/exceladvisor.org\/wp-content\/uploads\/2023\/08\/1-feuille-vs-feuilles-de-travail.png","contentUrl":"https:\/\/exceladvisor.org\/wp-content\/uploads\/2023\/08\/1-feuille-vs-feuilles-de-travail.png"},{"@type":"BreadcrumbList","@id":"https:\/\/exceladvisor.org\/es\/hoja-de-trabajo-1\/#breadcrumb","itemListElement":[{"@type":"ListItem","position":1,"name":"Hogar","item":"https:\/\/exceladvisor.org\/es\/"},{"@type":"ListItem","position":2,"name":"\u00bfc\u00f3mo utilizar una hoja de c\u00e1lculo de excel en vba?"}]},{"@type":"WebSite","@id":"https:\/\/exceladvisor.org\/es\/#website","url":"https:\/\/exceladvisor.org\/es\/","name":"Excel Advisor","description":"Su gu\u00eda para la dominaci\u00f3n de datos!","publisher":{"@id":"https:\/\/exceladvisor.org\/es\/#organization"},"potentialAction":[{"@type":"SearchAction","target":{"@type":"EntryPoint","urlTemplate":"https:\/\/exceladvisor.org\/es\/?s={search_term_string}"},"query-input":{"@type":"PropertyValueSpecification","valueRequired":true,"valueName":"search_term_string"}}],"inLanguage":"es"},{"@type":"Organization","@id":"https:\/\/exceladvisor.org\/es\/#organization","name":"Excel Advisor","url":"https:\/\/exceladvisor.org\/es\/","logo":{"@type":"ImageObject","inLanguage":"es","@id":"https:\/\/exceladvisor.org\/es\/#\/schema\/logo\/image\/","url":"https:\/\/exceladvisor.org\/es\/wp-content\/uploads\/2023\/12\/exceladvisor.org_.png","contentUrl":"https:\/\/exceladvisor.org\/es\/wp-content\/uploads\/2023\/12\/exceladvisor.org_.png","width":105,"height":36,"caption":"Excel Advisor"},"image":{"@id":"https:\/\/exceladvisor.org\/es\/#\/schema\/logo\/image\/"}}]}},"yoast_meta":{"yoast_wpseo_title":"","yoast_wpseo_metadesc":"","yoast_wpseo_canonical":""},"_links":{"self":[{"href":"https:\/\/exceladvisor.org\/es\/wp-json\/wp\/v2\/pages\/566","targetHints":{"allow":["GET"]}}],"collection":[{"href":"https:\/\/exceladvisor.org\/es\/wp-json\/wp\/v2\/pages"}],"about":[{"href":"https:\/\/exceladvisor.org\/es\/wp-json\/wp\/v2\/types\/page"}],"author":[{"embeddable":true,"href":"https:\/\/exceladvisor.org\/es\/wp-json\/wp\/v2\/users\/1"}],"replies":[{"embeddable":true,"href":"https:\/\/exceladvisor.org\/es\/wp-json\/wp\/v2\/comments?post=566"}],"version-history":[{"count":1,"href":"https:\/\/exceladvisor.org\/es\/wp-json\/wp\/v2\/pages\/566\/revisions"}],"predecessor-version":[{"id":1383,"href":"https:\/\/exceladvisor.org\/es\/wp-json\/wp\/v2\/pages\/566\/revisions\/1383"}],"wp:attachment":[{"href":"https:\/\/exceladvisor.org\/es\/wp-json\/wp\/v2\/media?parent=566"}],"curies":[{"name":"wp","href":"https:\/\/api.w.org\/{rel}","templated":true}]}}