{"id":567,"date":"2023-10-23T16:38:56","date_gmt":"2023-10-23T16:38:56","guid":{"rendered":"https:\/\/exceladvisor.org\/es\/concatenar-un-rango-de-celdas\/"},"modified":"2023-12-25T10:24:29","modified_gmt":"2023-12-25T10:24:29","slug":"concatenar-un-rango-de-celdas","status":"publish","type":"page","link":"https:\/\/exceladvisor.org\/es\/concatenar-un-rango-de-celdas\/","title":{"rendered":"\u00bfc\u00f3mo concatenar un rango de celdas en excel?"},"content":{"rendered":"<div class=\"excel-antes-del-contenido\" id=\"excel-2463585727\"><script type=\"text\/javascript\">\r\n\tatOptions = {\r\n\t\t'key' : 'c1158f160081d6540a8409e6925dab94',\r\n\t\t'format' : 'iframe',\r\n\t\t'height' : 250,\r\n\t\t'width' : 300,\r\n\t\t'params' : {}\r\n\t};\r\n<\/script>\r\n<script type=\"text\/javascript\" src=\"\/\/www.highperformanceformat.com\/c1158f160081d6540a8409e6925dab94\/invoke.js\"><\/script><\/div><p>Combinar valores con CONCATENAR es la mejor manera, pero con esta funci\u00f3n no es posible hacer referencia a un rango completo. Debe seleccionar todas las celdas de un rango una por una y, si intenta hacer referencia a un rango completo, devolver\u00e1 el texto de la primera celda.<\/p>\n<p> En esta situaci\u00f3n, necesita un m\u00e9todo para hacer referencia a un rango completo de celdas para combinarlas en una sola celda. Hoy, en este art\u00edculo, me gustar\u00eda compartir con ustedes 5 formas diferentes de combinar texto de rango en una sola celda.<\/p>\n<h2 id=\"tab-con-9\" class=\"wp-block-heading\"> [CONCATENAR + TRANSPONER] para combinar valores<\/h2>\n<p> La mejor manera de combinar texto de diferentes celdas en una sola celda es <strong><span style=\"color: #000000;\">usar la funci\u00f3n de transposici\u00f3n junto con la funci\u00f3n de concatenar<\/span><\/strong> .<\/p>\n<p> Mire el rango de celdas a continuaci\u00f3n donde tiene algo de texto, pero cada palabra est\u00e1 en una celda diferente y desea ponerlo todo en una sola celda. A continuaci\u00f3n se detallan los pasos para combinar los valores de este rango de celdas en una sola celda.<\/p>\n<ol>\n<li> En B8 ( <a href=\"https:\/\/exceladvisor.org\/es\/editar-celda\/\">editar celda usando F2<\/a> ), inserte la siguiente f\u00f3rmula y no presione Enter.\n<ul>\n<li> =CONCATENAR(TRANSPONER(A1:A5)&amp; \u00bb \u00ab )<\/li>\n<\/ul>\n<\/li>\n<li> Ahora seleccione toda la parte interior de la funci\u00f3n de concatenaci\u00f3n y presione F9. Lo convertir\u00e1 en una matriz.<\/li>\n<li> Despu\u00e9s de eso, retire los tirantes del principio y del final de la mesa.<\/li>\n<li> Al final, presione Entrar. <\/li>\n<\/ol>\n<div class=\"wp-block-image\">\n<figure class=\"aligncenter\"><img decoding=\"async\" src=\"https:\/\/exceladvisor.org\/wp-content\/uploads\/2023\/08\/1.gif\" sizes=\"\" srcset=\"\" alt=\"concatenar un rango de celdas con una transpuesta concatenada\"><\/figure>\n<\/div>\n<p> Eso es todo.<\/p>\n<h3 class=\"wp-block-heading\"> \u00bfC\u00f3mo funciona esta f\u00f3rmula?<\/h3>\n<p> En esta f\u00f3rmula, usaste TRANSPONER y espacio en CONCATENAR. Cuando <a href=\"https:\/\/exceladvisor.org\/es\/formula-para-valorar\/\" data-wpil=\"url\">convierte esta referencia a valores duros,<\/a> devuelve una matriz. En esta tabla tienes el texto de cada celda y un espacio entre ellas y al presionar enter las combina todas.<\/p>\n<h2 id=\"tab-con-1\" class=\"wp-block-heading\"> Combina texto usando la opci\u00f3n Relleno justificado<\/h2>\n<p> <a href=\"https:\/\/exceladvisor.org\/es\/agregar-marca-de-agua\/\">Completar justificaci\u00f3n<\/a> es una de las herramientas no utilizadas pero m\u00e1s poderosas de Excel. Y, siempre que necesites combinar texto de diferentes celdas, puedes usarlo. Lo mejor es que <strong><span style=\"color: #000000;\">s\u00f3lo necesitas un clic para fusionar texto<\/span><\/strong> . Mira los datos a continuaci\u00f3n y sigue los pasos. <\/p>\n<div class=\"wp-block-image\">\n<figure class=\"aligncenter\"><img decoding=\"async\" src=\"https:\/\/exceladvisor.org\/wp-content\/uploads\/2023\/08\/2-concatener-une-plage-de-cellules-avec-justification-de-remplissage-1.gif\" sizes=\"\" srcset=\"\" alt=\"2 concatenar un rango de celdas con justificaci\u00f3n de relleno\"><\/figure>\n<\/div>\n<ol>\n<li> Primero, aseg\u00farese de aumentar el ancho de la columna donde tiene el texto.<\/li>\n<li> Despu\u00e9s de eso, seleccione todas las celdas.<\/li>\n<li> Al final, vaya a la pesta\u00f1a Inicio \u279c Editar \u279c Rellenar \u279c Justificar.<\/li>\n<\/ol>\n<p> Esto fusionar\u00e1 el texto de todas las celdas en la primera celda de la selecci\u00f3n.<\/p>\n<h2 id=\"tab-con-10\" class=\"wp-block-heading\"> Funci\u00f3n TEXTJOIN para valores CONCATENAR<\/h2>\n<p> Si est\u00e1 utilizando <a href=\"https:\/\/support.office.com\/en-us\/article\/Download-and-install-or-reinstall-Office-365-or-Office-2016-on-a-PC-or-Mac-4414EAAF-0478-48BE-9C42-23ADC4716658?ui=en-US&amp;rs=en-US&amp;ad=US&amp;fromAR=1\" target=\"_blank\" rel=\"noreferrer noopener nofollow\">Excel 2016 (Office 365)<\/a> , hay una funci\u00f3n llamada \u00abTextJoin\u00bb. Esto puede permitirle combinar f\u00e1cilmente texto de diferentes celdas en una sola celda.<\/p>\n<h3 id=\"tab-con-6\" class=\"wp-block-heading\"> Sintaxis:<\/h3>\n<p> <span style=\"font-family: Courier New,Courier,monospace;\">TEXTJOIN(delimitador, ignorar_vac\u00edo, texto1, [texto2],\u2026)<\/span><\/p>\n<ol>\n<li> <strong>delimitar<\/strong> una cadena de texto para usarla como delimitador.<\/li>\n<li> <strong>ignore_empty<\/strong> true para ignorar la celda vac\u00eda, false para no hacerlo.<\/li>\n<li> <strong>texto1<\/strong> texto a combinar.<\/li>\n<li> <strong>[texto2]<\/strong> texto para combinar opcional.<\/li>\n<\/ol>\n<h3 id=\"tab-con-8\" class=\"wp-block-heading\"> c\u00f3mo usarlo<\/h3>\n<p> Para combinar la lista de valores a continuaci\u00f3n, puede utilizar la f\u00f3rmula: <\/p>\n<pre class=\"wp-block-code\"> <code class=\"language-excel-formula\" lang=\"excel-formula\">=TEXTJOIN(\" \",TRUE,A1:A5)<\/code><\/pre>\n<div class=\"wp-block-image\">\n<figure class=\"aligncenter\"><img decoding=\"async\" src=\"https:\/\/exceladvisor.org\/wp-content\/uploads\/2023\/08\/3-concatener-une-plage-de-cellules-avec-une-jointure-de-texte-min-1.png\" sizes=\"\" srcset=\"\" alt=\"3 concatenar un rango de celdas con una combinaci\u00f3n de texto m\u00ednima\"><\/figure>\n<\/div>\n<p> Aqu\u00ed usaste espacio como delimitador, VERDADERO para ignorar las celdas en blanco y todo el rango en un solo argumento. Al final, presiona Enter y obtendr\u00e1s todo el texto en una sola celda.<\/p>\n<h2 id=\"tab-con-3\" class=\"wp-block-heading\"> Combinar texto con Power Query<\/h2>\n<p> Power Query es una herramienta fant\u00e1stica y me encanta. Aseg\u00farese de consultar esto ( <strong><a style=\"outline: none;\" href=\"https:\/\/exceladvisor.org\/es\/solicitud-de-energia\/\">Tutorial de Excel Power Query<\/a><\/strong> ). Tambi\u00e9n puedes usarlo para combinar texto de una lista en una sola celda. A continuaci\u00f3n se detallan los pasos.<\/p>\n<ol>\n<li> Seleccione el rango de celdas y haga clic en \u00abDe la tabla\u00bb en la pesta\u00f1a Datos. <br \/><img decoding=\"async\" title=\"4-concatenar-un-rango-de-celdas-con-consulta-de-energ\u00eda-desde-la-tabla-min\" src=\"https:\/\/exceladvisor.org\/wp-content\/uploads\/2023\/08\/4-concatener-une-plage-de-cellules-avec-une-requete-de-puissance-a-partir-de-la-table-min-1.png\" sizes=\"\" srcset=\"\" alt=\"4 concatenate a range of cells with power query from table min\"><\/li>\n<li> Si edita sus datos en el editor de Power Query. <br \/><img decoding=\"async\" title=\"5-concatenar-un-rango-de-celdas-con-editor-de-consultas-de-energ\u00eda-min\" src=\"https:\/\/exceladvisor.org\/wp-content\/uploads\/2023\/08\/5-concatener-une-plage-de-cellules-avec-un-editeur-de-requete-puissant-min-1.png\" sizes=\"\" srcset=\"\" alt=\"5 concatenate a range of cells with power query editor min\"><\/li>\n<li> Ahora desde aqu\u00ed seleccione la columna y vaya a \u00abPesta\u00f1a Transformar\u00bb.<\/li>\n<li> En la pesta\u00f1a \u00abTransformar\u00bb, vaya a Tabla y haga clic en \u00abTransponer\u00bb. <br \/><img decoding=\"async\" title=\"6-concatenar-un-rango-de-celdas-con-consulta-de-potencia-transponer-min\" src=\"https:\/\/exceladvisor.org\/wp-content\/uploads\/2023\/08\/6-concatener-une-plage-de-cellules-avec-power-query-transpose-min-1.png\" sizes=\"\" srcset=\"\" alt=\"7-concatenate-a-range-of-cells-with-power-query-horizontal-min\"><\/li>\n<li> Para hacer esto, seleccione todas las columnas (seleccione la primera columna, mantenga presionada la tecla May\u00fas, haga clic en la \u00faltima columna) y presione el bot\u00f3n derecho, luego seleccione \u00abFusionar\u00bb. <br \/><img decoding=\"async\" title=\"8-concatenar-un-rango-de-celdas-con-consulta-de-energ\u00eda-fusionar-celdas-min\" src=\"https:\/\/exceladvisor.org\/wp-content\/uploads\/2023\/08\/8-concatener-une-plage-de-cellules-avec-power-query-fusionner-des-cellules-min-1.png\" sizes=\"\" srcset=\"\" alt=\"8 concatenate a range of cells with power query merge cells min\"><\/li>\n<li> Despu\u00e9s de eso, en la ventana de combinaci\u00f3n, seleccione el espacio como separador y asigne un nombre a la columna. <br \/><img decoding=\"async\" title=\"9-concatenar-un-rango-de-celdas-con-consulta-de-energ\u00eda-nuevo-nombre-de-columna-min\" src=\"https:\/\/exceladvisor.org\/wp-content\/uploads\/2023\/08\/9-concatener-une-plage-de-cellules-avec-power-query-nouveau-nom-de-colonne-min-1.png\" sizes=\"\" srcset=\"\" alt=\"9 concatenate a range of cells with power query new column name min\"><\/li>\n<li> Al final, haga clic en Aceptar y haga clic en \u00abCerrar y cargar\u00bb.<\/li>\n<\/ol>\n<p> Ahora tiene una nueva hoja de trabajo en su libro con todo el texto en una sola celda. Lo mejor de usar Power Query es que no es necesario realizar esta configuraci\u00f3n una y otra vez.<\/p>\n<p> Cuando actualiza la lista anterior con un nuevo valor, debe actualizar su consulta y agregar\u00e1 este nuevo valor a la celda.<\/p>\n<h2 id=\"tab-con-7\" class=\"wp-block-heading\"> C\u00f3digo VBA para combinar valores.<\/h2>\n<p> Si desea utilizar c\u00f3digo de macro para combinar texto de diferentes celdas, tengo algo para usted. Con este c\u00f3digo puedes combinar texto en poco tiempo. Todo lo que tienes que hacer es seleccionar el rango de celdas donde tienes el texto y ejecutar este c\u00f3digo.<\/p>\n<pre class=\"wp-block-code\"><code class=\"language-visual-basic line-numbers\" lang=\"visual-basic\"> Sub combineText() Dim rng As Range Dim i As String For Each rng In Selection i = i &amp; rng &amp; \" \" Next rng Range(\"B1\").Value = Trim(i) End Sub<\/code><\/pre>\n<p> Aseg\u00farese de especificar la ubicaci\u00f3n deseada en el c\u00f3digo donde desea combinar el texto.<\/p>\n<h2 class=\"wp-block-heading\"> Al final,<\/h2>\n<p> Puede haber diferentes situaciones en las que necesite concatenar un rango de celdas en una sola celda. Y es por eso que tenemos estos m\u00e9todos diferentes.<\/p>\n<p> Todos los m\u00e9todos son r\u00e1pidos y f\u00e1ciles, debe seleccionar el m\u00e9todo correcto seg\u00fan sus necesidades. Debo decir que prueba todos los m\u00e9todos una vez y dime:<\/p>\n<p> <strong>\u00bfCu\u00e1l es tu favorito y te ha funcionado?<\/strong><\/p>\n<p> Por favor comparta sus puntos de vista conmigo en la secci\u00f3n de comentarios. Me encantar\u00eda saber de ti y no olvides compartir esta publicaci\u00f3n con tus amigos, estoy seguro de que lo apreciar\u00e1n.<\/p>\n<div class=\"gb-container gb-container-0df56012 gb-container-mt\"> <a class=\"gb-button gb-button-f9f432f4 gb-button-text gb-button-mt-button\" href=\"https:\/\/exceladvisor.org\/es\/formulas\/\">Lista de f\u00f3rmulas de Excel<\/a><\/p>\n<h2 class=\"gb-headline gb-headline-233444e8 gb-headline-text gb-headline-mt-heading\"> F\u00f3rmulas relacionadas <\/h2>\n<div class=\"gb-grid-wrapper gb-grid-wrapper-a16fa65c gb-grid-wrapper-mt-grid\">\n<div class=\"gb-grid-column gb-grid-column-50d07e0d\">\n<div class=\"gb-container gb-container-50d07e0d\">\n<ul>\n<li> <a href=\"https:\/\/exceladvisor.org\/es\/nueva-linea-en-la-celda\/\">Agregar una nueva l\u00ednea a una celda en Excel (salto de l\u00ednea)<\/a><\/li>\n<li> <a href=\"https:\/\/exceladvisor.org\/es\/ceros-a-la-izquierda\/\">Agregue ceros a la izquierda en Excel<\/a><\/li>\n<li> <a href=\"https:\/\/exceladvisor.org\/es\/concatenar-celdas-con-una-coma\/\">Concatenar (combinar) celdas con una coma en Excel<\/a><\/li>\n<li> <a href=\"https:\/\/exceladvisor.org\/es\/concatenar-un-salto-de-linea\/\">Concatenar con salto de l\u00ednea en Excel<\/a><\/li>\n<\/ul>\n<\/div>\n<\/div>\n<\/div>\n<\/div>\n","protected":false},"excerpt":{"rendered":"<p>Combinar valores con CONCATENAR es la mejor manera, pero con esta funci\u00f3n no es posible hacer referencia a un rango completo. Debe seleccionar todas las celdas de un rango una por una y, si intenta hacer referencia a un rango completo, devolver\u00e1 el texto de la primera celda. En esta situaci\u00f3n, necesita un m\u00e9todo para [&hellip;]<\/p>\n","protected":false},"author":1,"featured_media":0,"parent":0,"menu_order":0,"comment_status":"open","ping_status":"closed","template":"","meta":{"ub_ctt_via":"","footnotes":""},"class_list":["post-567","page","type-page","status-publish","hentry"],"featured_image_src":null,"yoast_head":"<!-- This site is optimized with the Yoast SEO plugin v25.4 - https:\/\/yoast.com\/wordpress\/plugins\/seo\/ -->\n<title>\u00bfc\u00f3mo concatenar un rango de celdas en excel?<\/title>\n<meta name=\"robots\" content=\"index, follow, max-snippet:-1, max-image-preview:large, max-video-preview:-1\" \/>\n<link rel=\"canonical\" href=\"https:\/\/exceladvisor.org\/es\/concatenar-un-rango-de-celdas\/\" \/>\n<meta property=\"og:locale\" content=\"es_ES\" \/>\n<meta property=\"og:type\" content=\"article\" \/>\n<meta property=\"og:title\" content=\"\u00bfc\u00f3mo concatenar un rango de celdas en excel?\" \/>\n<meta property=\"og:description\" content=\"Combinar valores con CONCATENAR es la mejor manera, pero con esta funci\u00f3n no es posible hacer referencia a un rango completo. Debe seleccionar todas las celdas de un rango una por una y, si intenta hacer referencia a un rango completo, devolver\u00e1 el texto de la primera celda. En esta situaci\u00f3n, necesita un m\u00e9todo para [&hellip;]\" \/>\n<meta property=\"og:url\" content=\"https:\/\/exceladvisor.org\/es\/concatenar-un-rango-de-celdas\/\" \/>\n<meta property=\"og:site_name\" content=\"Excel Advisor\" \/>\n<meta property=\"article:modified_time\" content=\"2023-12-25T10:24:29+00:00\" \/>\n<meta property=\"og:image\" content=\"https:\/\/exceladvisor.org\/wp-content\/uploads\/2023\/08\/1.gif\" \/>\n<meta name=\"twitter:card\" content=\"summary_large_image\" \/>\n<meta name=\"twitter:label1\" content=\"Tiempo de lectura\" \/>\n\t<meta name=\"twitter:data1\" content=\"5 minutos\" \/>\n<script type=\"application\/ld+json\" class=\"yoast-schema-graph\">{\"@context\":\"https:\/\/schema.org\",\"@graph\":[{\"@type\":\"WebPage\",\"@id\":\"https:\/\/exceladvisor.org\/es\/concatenar-un-rango-de-celdas\/\",\"url\":\"https:\/\/exceladvisor.org\/es\/concatenar-un-rango-de-celdas\/\",\"name\":\"\u00bfc\u00f3mo concatenar un rango de celdas en excel?\",\"isPartOf\":{\"@id\":\"https:\/\/exceladvisor.org\/es\/#website\"},\"primaryImageOfPage\":{\"@id\":\"https:\/\/exceladvisor.org\/es\/concatenar-un-rango-de-celdas\/#primaryimage\"},\"image\":{\"@id\":\"https:\/\/exceladvisor.org\/es\/concatenar-un-rango-de-celdas\/#primaryimage\"},\"thumbnailUrl\":\"https:\/\/exceladvisor.org\/wp-content\/uploads\/2023\/08\/1.gif\",\"datePublished\":\"2023-10-23T16:38:56+00:00\",\"dateModified\":\"2023-12-25T10:24:29+00:00\",\"breadcrumb\":{\"@id\":\"https:\/\/exceladvisor.org\/es\/concatenar-un-rango-de-celdas\/#breadcrumb\"},\"inLanguage\":\"es\",\"potentialAction\":[{\"@type\":\"ReadAction\",\"target\":[\"https:\/\/exceladvisor.org\/es\/concatenar-un-rango-de-celdas\/\"]}]},{\"@type\":\"ImageObject\",\"inLanguage\":\"es\",\"@id\":\"https:\/\/exceladvisor.org\/es\/concatenar-un-rango-de-celdas\/#primaryimage\",\"url\":\"https:\/\/exceladvisor.org\/wp-content\/uploads\/2023\/08\/1.gif\",\"contentUrl\":\"https:\/\/exceladvisor.org\/wp-content\/uploads\/2023\/08\/1.gif\"},{\"@type\":\"BreadcrumbList\",\"@id\":\"https:\/\/exceladvisor.org\/es\/concatenar-un-rango-de-celdas\/#breadcrumb\",\"itemListElement\":[{\"@type\":\"ListItem\",\"position\":1,\"name\":\"Hogar\",\"item\":\"https:\/\/exceladvisor.org\/es\/\"},{\"@type\":\"ListItem\",\"position\":2,\"name\":\"\u00bfc\u00f3mo concatenar un rango de celdas en excel?\"}]},{\"@type\":\"WebSite\",\"@id\":\"https:\/\/exceladvisor.org\/es\/#website\",\"url\":\"https:\/\/exceladvisor.org\/es\/\",\"name\":\"Excel Advisor\",\"description\":\"Su gu\u00eda para la dominaci\u00f3n de datos!\",\"publisher\":{\"@id\":\"https:\/\/exceladvisor.org\/es\/#organization\"},\"potentialAction\":[{\"@type\":\"SearchAction\",\"target\":{\"@type\":\"EntryPoint\",\"urlTemplate\":\"https:\/\/exceladvisor.org\/es\/?s={search_term_string}\"},\"query-input\":{\"@type\":\"PropertyValueSpecification\",\"valueRequired\":true,\"valueName\":\"search_term_string\"}}],\"inLanguage\":\"es\"},{\"@type\":\"Organization\",\"@id\":\"https:\/\/exceladvisor.org\/es\/#organization\",\"name\":\"Excel Advisor\",\"url\":\"https:\/\/exceladvisor.org\/es\/\",\"logo\":{\"@type\":\"ImageObject\",\"inLanguage\":\"es\",\"@id\":\"https:\/\/exceladvisor.org\/es\/#\/schema\/logo\/image\/\",\"url\":\"https:\/\/exceladvisor.org\/es\/wp-content\/uploads\/2023\/12\/exceladvisor.org_.png\",\"contentUrl\":\"https:\/\/exceladvisor.org\/es\/wp-content\/uploads\/2023\/12\/exceladvisor.org_.png\",\"width\":105,\"height\":36,\"caption\":\"Excel Advisor\"},\"image\":{\"@id\":\"https:\/\/exceladvisor.org\/es\/#\/schema\/logo\/image\/\"}}]}<\/script>\n<!-- \/ Yoast SEO plugin. -->","yoast_head_json":{"title":"\u00bfc\u00f3mo concatenar un rango de celdas en excel?","robots":{"index":"index","follow":"follow","max-snippet":"max-snippet:-1","max-image-preview":"max-image-preview:large","max-video-preview":"max-video-preview:-1"},"canonical":"https:\/\/exceladvisor.org\/es\/concatenar-un-rango-de-celdas\/","og_locale":"es_ES","og_type":"article","og_title":"\u00bfc\u00f3mo concatenar un rango de celdas en excel?","og_description":"Combinar valores con CONCATENAR es la mejor manera, pero con esta funci\u00f3n no es posible hacer referencia a un rango completo. Debe seleccionar todas las celdas de un rango una por una y, si intenta hacer referencia a un rango completo, devolver\u00e1 el texto de la primera celda. En esta situaci\u00f3n, necesita un m\u00e9todo para [&hellip;]","og_url":"https:\/\/exceladvisor.org\/es\/concatenar-un-rango-de-celdas\/","og_site_name":"Excel Advisor","article_modified_time":"2023-12-25T10:24:29+00:00","og_image":[{"url":"https:\/\/exceladvisor.org\/wp-content\/uploads\/2023\/08\/1.gif","type":"","width":"","height":""}],"twitter_card":"summary_large_image","twitter_misc":{"Tiempo de lectura":"5 minutos"},"schema":{"@context":"https:\/\/schema.org","@graph":[{"@type":"WebPage","@id":"https:\/\/exceladvisor.org\/es\/concatenar-un-rango-de-celdas\/","url":"https:\/\/exceladvisor.org\/es\/concatenar-un-rango-de-celdas\/","name":"\u00bfc\u00f3mo concatenar un rango de celdas en excel?","isPartOf":{"@id":"https:\/\/exceladvisor.org\/es\/#website"},"primaryImageOfPage":{"@id":"https:\/\/exceladvisor.org\/es\/concatenar-un-rango-de-celdas\/#primaryimage"},"image":{"@id":"https:\/\/exceladvisor.org\/es\/concatenar-un-rango-de-celdas\/#primaryimage"},"thumbnailUrl":"https:\/\/exceladvisor.org\/wp-content\/uploads\/2023\/08\/1.gif","datePublished":"2023-10-23T16:38:56+00:00","dateModified":"2023-12-25T10:24:29+00:00","breadcrumb":{"@id":"https:\/\/exceladvisor.org\/es\/concatenar-un-rango-de-celdas\/#breadcrumb"},"inLanguage":"es","potentialAction":[{"@type":"ReadAction","target":["https:\/\/exceladvisor.org\/es\/concatenar-un-rango-de-celdas\/"]}]},{"@type":"ImageObject","inLanguage":"es","@id":"https:\/\/exceladvisor.org\/es\/concatenar-un-rango-de-celdas\/#primaryimage","url":"https:\/\/exceladvisor.org\/wp-content\/uploads\/2023\/08\/1.gif","contentUrl":"https:\/\/exceladvisor.org\/wp-content\/uploads\/2023\/08\/1.gif"},{"@type":"BreadcrumbList","@id":"https:\/\/exceladvisor.org\/es\/concatenar-un-rango-de-celdas\/#breadcrumb","itemListElement":[{"@type":"ListItem","position":1,"name":"Hogar","item":"https:\/\/exceladvisor.org\/es\/"},{"@type":"ListItem","position":2,"name":"\u00bfc\u00f3mo concatenar un rango de celdas en excel?"}]},{"@type":"WebSite","@id":"https:\/\/exceladvisor.org\/es\/#website","url":"https:\/\/exceladvisor.org\/es\/","name":"Excel Advisor","description":"Su gu\u00eda para la dominaci\u00f3n de datos!","publisher":{"@id":"https:\/\/exceladvisor.org\/es\/#organization"},"potentialAction":[{"@type":"SearchAction","target":{"@type":"EntryPoint","urlTemplate":"https:\/\/exceladvisor.org\/es\/?s={search_term_string}"},"query-input":{"@type":"PropertyValueSpecification","valueRequired":true,"valueName":"search_term_string"}}],"inLanguage":"es"},{"@type":"Organization","@id":"https:\/\/exceladvisor.org\/es\/#organization","name":"Excel Advisor","url":"https:\/\/exceladvisor.org\/es\/","logo":{"@type":"ImageObject","inLanguage":"es","@id":"https:\/\/exceladvisor.org\/es\/#\/schema\/logo\/image\/","url":"https:\/\/exceladvisor.org\/es\/wp-content\/uploads\/2023\/12\/exceladvisor.org_.png","contentUrl":"https:\/\/exceladvisor.org\/es\/wp-content\/uploads\/2023\/12\/exceladvisor.org_.png","width":105,"height":36,"caption":"Excel Advisor"},"image":{"@id":"https:\/\/exceladvisor.org\/es\/#\/schema\/logo\/image\/"}}]}},"yoast_meta":{"yoast_wpseo_title":"","yoast_wpseo_metadesc":"","yoast_wpseo_canonical":""},"_links":{"self":[{"href":"https:\/\/exceladvisor.org\/es\/wp-json\/wp\/v2\/pages\/567","targetHints":{"allow":["GET"]}}],"collection":[{"href":"https:\/\/exceladvisor.org\/es\/wp-json\/wp\/v2\/pages"}],"about":[{"href":"https:\/\/exceladvisor.org\/es\/wp-json\/wp\/v2\/types\/page"}],"author":[{"embeddable":true,"href":"https:\/\/exceladvisor.org\/es\/wp-json\/wp\/v2\/users\/1"}],"replies":[{"embeddable":true,"href":"https:\/\/exceladvisor.org\/es\/wp-json\/wp\/v2\/comments?post=567"}],"version-history":[{"count":1,"href":"https:\/\/exceladvisor.org\/es\/wp-json\/wp\/v2\/pages\/567\/revisions"}],"predecessor-version":[{"id":930,"href":"https:\/\/exceladvisor.org\/es\/wp-json\/wp\/v2\/pages\/567\/revisions\/930"}],"wp:attachment":[{"href":"https:\/\/exceladvisor.org\/es\/wp-json\/wp\/v2\/media?parent=567"}],"curies":[{"name":"wp","href":"https:\/\/api.w.org\/{rel}","templated":true}]}}