{"id":568,"date":"2023-10-23T06:08:32","date_gmt":"2023-10-23T06:08:32","guid":{"rendered":"https:\/\/exceladvisor.org\/es\/si-error-busqueda-virtual\/"},"modified":"2023-12-25T10:28:10","modified_gmt":"2023-12-25T10:28:10","slug":"si-error-busqueda-virtual","status":"publish","type":"page","link":"https:\/\/exceladvisor.org\/es\/si-error-busqueda-virtual\/","title":{"rendered":"\u00bfc\u00f3mo utilizar iferror con buscarv en excel?"},"content":{"rendered":"<div class=\"excel-antes-del-contenido\" id=\"excel-581130275\"><script type=\"text\/javascript\">\r\n\tatOptions = {\r\n\t\t'key' : 'c1158f160081d6540a8409e6925dab94',\r\n\t\t'format' : 'iframe',\r\n\t\t'height' : 250,\r\n\t\t'width' : 300,\r\n\t\t'params' : {}\r\n\t};\r\n<\/script>\r\n<script type=\"text\/javascript\" src=\"\/\/www.highperformanceformat.com\/c1158f160081d6540a8409e6925dab94\/invoke.js\"><\/script><\/div><p>Al utilizar BUSCARV, siempre que el valor que busca no est\u00e9 presente en los datos, obtendr\u00e1 un error #N\/A. En t\u00e9rminos simples, cada vez que BUSCARV no puede encontrar el valor, devuelve #N\/A.<\/p>\n<p> <b>Por ejemplo<\/b> , tiene una lista de nombres de empleados y desea buscar el nombre \u00abJohn\u00bb. Pero, lamentablemente, este nombre no figura en la lista. <\/p>\n<div class=\"wp-block-image\">\n<figure class=\"aligncenter\"><img decoding=\"async\" src=\"https:\/\/exceladvisor.org\/wp-content\/uploads\/2023\/08\/iferror-avec-vlookup-pour-eviter-une-erreur-1.png\" sizes=\"\" srcset=\"\" alt=\"\"><\/figure>\n<\/div>\n<p> Ahora, en esta situaci\u00f3n BUSCARV devolver\u00e1 #N\/A. Conoce el motivo de este error, pero tal vez no todos lo sepan. Entonces, la mejor manera es reemplazar #N\/A con un valor en aduana para que todos puedan entender por qu\u00e9 aparece este error.<\/p>\n<p> Y para reemplazar el error #N\/A, la mejor manera es usar IFERROR con BUSCARV. IFERROR es una funci\u00f3n que puede ayudarle a evaluar un valor y si ese valor es un error, devolver\u00e1 un valor personalizado en lugar de ese error.<\/p>\n<p> Entonces, hoy en este art\u00edculo aprender\u00e1 c\u00f3mo usar BUSCARV sin el error #N\/A combin\u00e1ndolo con IFERROR. Pero antes de combinar estas dos funciones, es necesario comprender c\u00f3mo funciona IFERROR.<\/p>\n<h2 class=\"wp-block-heading\"> C\u00f3mo funciona SIERROR<\/h2>\n<p> En la funci\u00f3n SI.ERROR necesitas especificar dos cosas. Primero, el valor que desea evaluar y, <b>segundo<\/b> , un valor personalizado que desea cada vez que ocurre un error. Aqu\u00ed est\u00e1 la sintaxis de IFERROR:<\/p>\n<p class=\"formula\"> SIERROR(valor, valor_si_error)<\/p>\n<ul>\n<li> valor: un valor a evaluar.<\/li>\n<li> value_if_error: valor que desea recuperar cuando ocurre un error. <\/li>\n<\/ul>\n<div class=\"wp-block-image\">\n<figure class=\"aligncenter\"><img decoding=\"async\" src=\"https:\/\/exceladvisor.org\/wp-content\/uploads\/2023\/08\/comment-utiliser-iferror-avec-vlookup-1.png\" sizes=\"\" srcset=\"\" alt=\"\"><\/figure>\n<\/div>\n<ol>\n<li> <b><strong>Primero<\/strong><\/b> , IFERROR eval\u00faa el valor.<\/li>\n<li> <b>Despu\u00e9s de eso<\/b> , si el valor es un error, devuelve el valor que especific\u00f3 para el error; de lo contrario, el valor mismo.<\/li>\n<\/ol>\n<h2 class=\"wp-block-heading\"> Combina IFERROR con BUSCARV<\/h2>\n<p> Ahora es el momento de combinar BUSCARV e IFERROR. Para hacer esto, en IFERROR simplemente necesita reemplazar el valor con BUSCARV.<\/p>\n<p> Y, para el <b>argumento value_if_error<\/b> , especifique el valor que desea devolver cada vez que BUSCARV devuelva #N\/A.<\/p>\n<p> Aqu\u00ed, en el siguiente ejemplo, ha utilizado \u00abNo encontrado\u00bb para el argumento value_if_error. En todas las celdas donde tiene un error, devuelve \u00abNo encontrado\u00bb. <\/p>\n<div class=\"wp-block-image\">\n<figure class=\"aligncenter\"><img decoding=\"async\" src=\"https:\/\/exceladvisor.org\/wp-content\/uploads\/2023\/08\/combiner-iferror-avec-vlookup-1.png\" sizes=\"\" srcset=\"\" alt=\"\"><\/figure>\n<\/div>\n<h2 class=\"wp-block-heading\"> C\u00f3mo funcionan las dos funciones<\/h2>\n<p> En esta combinaci\u00f3n, las dos funciones funcionan en secuencia. En primer lugar, BUSCARV funciona de la misma manera todo el tiempo. Busca un valor y devuelve el valor del resultado si lo encuentra; de lo contrario, genera un error. <\/p>\n<div class=\"wp-block-image\">\n<figure class=\"aligncenter\"><img decoding=\"async\" src=\"https:\/\/exceladvisor.org\/wp-content\/uploads\/2023\/08\/comment-iferror-avec-vlookup-fonctionne-1.png\" sizes=\"\" srcset=\"\" alt=\"\"><\/figure>\n<\/div>\n<p> <b>En segundo lugar<\/b> , IFERROR eval\u00faa el resultado de BUSCARV. Y, si ese resultado es un error, reemplazar\u00e1 ese error con el valor personalizado que especific\u00f3. De lo contrario, no har\u00e1 nada y obtendr\u00e1 el mismo resultado que devolvi\u00f3 BUSCARV. <\/p>\n<div class=\"wp-block-image\">\n<figure class=\"aligncenter\"><img decoding=\"async\" src=\"https:\/\/exceladvisor.org\/wp-content\/uploads\/2023\/08\/comment-iferror-avec-vlookup-fonctionne-2-1.png\" sizes=\"\" srcset=\"\" alt=\"\"><\/figure>\n<\/div>\n<h2 class=\"wp-block-heading\"> Llevar<\/h2>\n<p> Debe comprender una cosa: IFERROR anula el valor de todo tipo de errores. Entonces obtendr\u00e1 el mismo valor personalizado para todos los errores.<\/p>\n<p> Y, si existe la posibilidad de que obtenga un error distinto de #N\/A, puede reemplazar IFERROR con IFNA, que solo se eval\u00faa como #N\/A.<\/p>\n<h2 class=\"wp-block-heading\"> Problema con la versi\u00f3n antigua<\/h2>\n<p> En la versi\u00f3n anterior de Excel, IFERROR no aparece. Pero siempre puedes reemplazar #N\/A con un valor en aduana. Para hacer esto, necesita combinar IF e ISNA con BUSCARV. Y la f\u00f3rmula ser\u00e1:<\/p>\n<pre class=\"wp-block-code\"> <code class=\"language-excel-formula\" lang=\"excel-formula\">=IF(ISNA(VLOOKUP(A1,table,2,FALSE)),\"Not Found\",VLOOKUP(A1,table,2,FALSE))<\/code><\/pre>\n<p> En esta f\u00f3rmula, eval\u00faa BUSCARV con ISNA (que solo se eval\u00faa como #N\/A y devuelve VERDADERO). Entonces, cuando BUSCARV devuelve un error, IFNA lo convierte a VERDADERO.<\/p>\n<p> Y despu\u00e9s de eso, IF devuelve el valor que especific\u00f3 para VERDADERO. De lo contrario, el valor de FALSO es la misma f\u00f3rmula BUSCARV. <\/p>\n<div class=\"gb-container gb-container-52dfcee1 gb-container-sample-file\">\n<h2 class=\"gb-headline gb-headline-e289c143 gb-headline-text gb-headline-4f7959c2\"> Obtener el archivo Excel<\/h2>\n<p> <a class=\"gb-button gb-button-e88d6bee gb-button-text gb-button-button1\" href=\"https:\/\/exceladvisor.org\/es\/a\/\" rel=\"nofollow\">Descargar<\/a><\/div>\n<h2 class=\"wp-block-heading\"> Conclusi\u00f3n<\/h2>\n<p> Creo firmemente que siempre debes usar IFERROR con BUSCARV para reemplazar #N\/A. La raz\u00f3n principal es que cuando tienes valores num\u00e9ricos en tus datos, no es posible utilizar valores con error.<\/p>\n<p> Por ejemplo, si <a href=\"https:\/\/exceladvisor.org\/es\/mesa-pivote-1\/\" data-wpil=\"url\">tiene una tabla din\u00e1mica<\/a> y tiene un error #N\/A en los datos de origen, el mismo error se reflejar\u00e1 en la tabla din\u00e1mica. La mejor manera es reemplazar este error con un \u00ab0\u00bb.<\/p>\n<p> Espero que este consejo de f\u00f3rmula te haya resultado \u00fatil. Y ser\u00eda genial si compartieras este consejo con tus amigos.<\/p>\n<div class=\"gb-container gb-container-0df56012 gb-container-mt\"> <a class=\"gb-button gb-button-f9f432f4 gb-button-text gb-button-mt-button\" href=\"https:\/\/exceladvisor.org\/es\/formulas\/\">Lista de f\u00f3rmulas de Excel<\/a><\/p>\n<h2 class=\"gb-headline gb-headline-233444e8 gb-headline-text gb-headline-mt-heading\"> F\u00f3rmulas relacionadas <\/h2>\n<div class=\"gb-grid-wrapper gb-grid-wrapper-a16fa65c gb-grid-wrapper-mt-grid\">\n<div class=\"gb-grid-column gb-grid-column-50d07e0d\">\n<div class=\"gb-container gb-container-50d07e0d\">\n<ul>\n<li> <a href=\"https:\/\/exceladvisor.org\/es\/busqueda-bidireccional\/\">Realizar una b\u00fasqueda bidireccional en Excel<\/a><\/li>\n<li> <a href=\"https:\/\/exceladvisor.org\/es\/busqueda-inversa\/\">BUSCARV inversa (hacia atr\u00e1s: de derecha a izquierda) en Excel<\/a><\/li>\n<li> <a href=\"https:\/\/exceladvisor.org\/es\/coincidencia-de-vsearch\/\">Combinando BUSCARV COINCIDIR en Excel<\/a><\/li>\n<li> <a href=\"https:\/\/exceladvisor.org\/es\/vlookup-varios-criterios\/\">BUSCARV con m\u00faltiples criterios en Excel<\/a><\/li>\n<li> <a href=\"https:\/\/exceladvisor.org\/es\/comodines-con-vlookup\/\">Comodines con BUSCARV en Excel<\/a> <\/li>\n<\/ul>\n<\/div>\n<\/div>\n<div class=\"gb-grid-column gb-grid-column-5b4a0cf9\">\n<div class=\"gb-container gb-container-5b4a0cf9\"><\/div>\n<\/div>\n<\/div>\n<\/div>\n","protected":false},"excerpt":{"rendered":"<p>Al utilizar BUSCARV, siempre que el valor que busca no est\u00e9 presente en los datos, obtendr\u00e1 un error #N\/A. En t\u00e9rminos simples, cada vez que BUSCARV no puede encontrar el valor, devuelve #N\/A. Por ejemplo , tiene una lista de nombres de empleados y desea buscar el nombre \u00abJohn\u00bb. Pero, lamentablemente, este nombre no figura [&hellip;]<\/p>\n","protected":false},"author":1,"featured_media":0,"parent":0,"menu_order":0,"comment_status":"open","ping_status":"closed","template":"","meta":{"ub_ctt_via":"","footnotes":""},"class_list":["post-568","page","type-page","status-publish","hentry"],"featured_image_src":null,"yoast_head":"<!-- This site is optimized with the Yoast SEO plugin v25.4 - https:\/\/yoast.com\/wordpress\/plugins\/seo\/ -->\n<title>\u00bfc\u00f3mo utilizar iferror con buscarv en excel?<\/title>\n<meta name=\"robots\" content=\"index, follow, max-snippet:-1, max-image-preview:large, max-video-preview:-1\" \/>\n<link rel=\"canonical\" href=\"https:\/\/exceladvisor.org\/es\/si-error-busqueda-virtual\/\" \/>\n<meta property=\"og:locale\" content=\"es_ES\" \/>\n<meta property=\"og:type\" content=\"article\" \/>\n<meta property=\"og:title\" content=\"\u00bfc\u00f3mo utilizar iferror con buscarv en excel?\" \/>\n<meta property=\"og:description\" content=\"Al utilizar BUSCARV, siempre que el valor que busca no est\u00e9 presente en los datos, obtendr\u00e1 un error #N\/A. En t\u00e9rminos simples, cada vez que BUSCARV no puede encontrar el valor, devuelve #N\/A. Por ejemplo , tiene una lista de nombres de empleados y desea buscar el nombre \u00abJohn\u00bb. Pero, lamentablemente, este nombre no figura [&hellip;]\" \/>\n<meta property=\"og:url\" content=\"https:\/\/exceladvisor.org\/es\/si-error-busqueda-virtual\/\" \/>\n<meta property=\"og:site_name\" content=\"Excel Advisor\" \/>\n<meta property=\"article:modified_time\" content=\"2023-12-25T10:28:10+00:00\" \/>\n<meta property=\"og:image\" content=\"https:\/\/exceladvisor.org\/wp-content\/uploads\/2023\/08\/iferror-avec-vlookup-pour-eviter-une-erreur-1.png\" \/>\n<meta name=\"twitter:card\" content=\"summary_large_image\" \/>\n<meta name=\"twitter:label1\" content=\"Tiempo de lectura\" \/>\n\t<meta name=\"twitter:data1\" content=\"4 minutos\" \/>\n<script type=\"application\/ld+json\" class=\"yoast-schema-graph\">{\"@context\":\"https:\/\/schema.org\",\"@graph\":[{\"@type\":\"WebPage\",\"@id\":\"https:\/\/exceladvisor.org\/es\/si-error-busqueda-virtual\/\",\"url\":\"https:\/\/exceladvisor.org\/es\/si-error-busqueda-virtual\/\",\"name\":\"\u00bfc\u00f3mo utilizar iferror con buscarv en excel?\",\"isPartOf\":{\"@id\":\"https:\/\/exceladvisor.org\/es\/#website\"},\"primaryImageOfPage\":{\"@id\":\"https:\/\/exceladvisor.org\/es\/si-error-busqueda-virtual\/#primaryimage\"},\"image\":{\"@id\":\"https:\/\/exceladvisor.org\/es\/si-error-busqueda-virtual\/#primaryimage\"},\"thumbnailUrl\":\"https:\/\/exceladvisor.org\/wp-content\/uploads\/2023\/08\/iferror-avec-vlookup-pour-eviter-une-erreur-1.png\",\"datePublished\":\"2023-10-23T06:08:32+00:00\",\"dateModified\":\"2023-12-25T10:28:10+00:00\",\"breadcrumb\":{\"@id\":\"https:\/\/exceladvisor.org\/es\/si-error-busqueda-virtual\/#breadcrumb\"},\"inLanguage\":\"es\",\"potentialAction\":[{\"@type\":\"ReadAction\",\"target\":[\"https:\/\/exceladvisor.org\/es\/si-error-busqueda-virtual\/\"]}]},{\"@type\":\"ImageObject\",\"inLanguage\":\"es\",\"@id\":\"https:\/\/exceladvisor.org\/es\/si-error-busqueda-virtual\/#primaryimage\",\"url\":\"https:\/\/exceladvisor.org\/wp-content\/uploads\/2023\/08\/iferror-avec-vlookup-pour-eviter-une-erreur-1.png\",\"contentUrl\":\"https:\/\/exceladvisor.org\/wp-content\/uploads\/2023\/08\/iferror-avec-vlookup-pour-eviter-une-erreur-1.png\"},{\"@type\":\"BreadcrumbList\",\"@id\":\"https:\/\/exceladvisor.org\/es\/si-error-busqueda-virtual\/#breadcrumb\",\"itemListElement\":[{\"@type\":\"ListItem\",\"position\":1,\"name\":\"Hogar\",\"item\":\"https:\/\/exceladvisor.org\/es\/\"},{\"@type\":\"ListItem\",\"position\":2,\"name\":\"\u00bfc\u00f3mo utilizar iferror con buscarv en excel?\"}]},{\"@type\":\"WebSite\",\"@id\":\"https:\/\/exceladvisor.org\/es\/#website\",\"url\":\"https:\/\/exceladvisor.org\/es\/\",\"name\":\"Excel Advisor\",\"description\":\"Su gu\u00eda para la dominaci\u00f3n de datos!\",\"publisher\":{\"@id\":\"https:\/\/exceladvisor.org\/es\/#organization\"},\"potentialAction\":[{\"@type\":\"SearchAction\",\"target\":{\"@type\":\"EntryPoint\",\"urlTemplate\":\"https:\/\/exceladvisor.org\/es\/?s={search_term_string}\"},\"query-input\":{\"@type\":\"PropertyValueSpecification\",\"valueRequired\":true,\"valueName\":\"search_term_string\"}}],\"inLanguage\":\"es\"},{\"@type\":\"Organization\",\"@id\":\"https:\/\/exceladvisor.org\/es\/#organization\",\"name\":\"Excel Advisor\",\"url\":\"https:\/\/exceladvisor.org\/es\/\",\"logo\":{\"@type\":\"ImageObject\",\"inLanguage\":\"es\",\"@id\":\"https:\/\/exceladvisor.org\/es\/#\/schema\/logo\/image\/\",\"url\":\"https:\/\/exceladvisor.org\/es\/wp-content\/uploads\/2023\/12\/exceladvisor.org_.png\",\"contentUrl\":\"https:\/\/exceladvisor.org\/es\/wp-content\/uploads\/2023\/12\/exceladvisor.org_.png\",\"width\":105,\"height\":36,\"caption\":\"Excel Advisor\"},\"image\":{\"@id\":\"https:\/\/exceladvisor.org\/es\/#\/schema\/logo\/image\/\"}}]}<\/script>\n<!-- \/ Yoast SEO plugin. -->","yoast_head_json":{"title":"\u00bfc\u00f3mo utilizar iferror con buscarv en excel?","robots":{"index":"index","follow":"follow","max-snippet":"max-snippet:-1","max-image-preview":"max-image-preview:large","max-video-preview":"max-video-preview:-1"},"canonical":"https:\/\/exceladvisor.org\/es\/si-error-busqueda-virtual\/","og_locale":"es_ES","og_type":"article","og_title":"\u00bfc\u00f3mo utilizar iferror con buscarv en excel?","og_description":"Al utilizar BUSCARV, siempre que el valor que busca no est\u00e9 presente en los datos, obtendr\u00e1 un error #N\/A. En t\u00e9rminos simples, cada vez que BUSCARV no puede encontrar el valor, devuelve #N\/A. Por ejemplo , tiene una lista de nombres de empleados y desea buscar el nombre \u00abJohn\u00bb. Pero, lamentablemente, este nombre no figura [&hellip;]","og_url":"https:\/\/exceladvisor.org\/es\/si-error-busqueda-virtual\/","og_site_name":"Excel Advisor","article_modified_time":"2023-12-25T10:28:10+00:00","og_image":[{"url":"https:\/\/exceladvisor.org\/wp-content\/uploads\/2023\/08\/iferror-avec-vlookup-pour-eviter-une-erreur-1.png","type":"","width":"","height":""}],"twitter_card":"summary_large_image","twitter_misc":{"Tiempo de lectura":"4 minutos"},"schema":{"@context":"https:\/\/schema.org","@graph":[{"@type":"WebPage","@id":"https:\/\/exceladvisor.org\/es\/si-error-busqueda-virtual\/","url":"https:\/\/exceladvisor.org\/es\/si-error-busqueda-virtual\/","name":"\u00bfc\u00f3mo utilizar iferror con buscarv en excel?","isPartOf":{"@id":"https:\/\/exceladvisor.org\/es\/#website"},"primaryImageOfPage":{"@id":"https:\/\/exceladvisor.org\/es\/si-error-busqueda-virtual\/#primaryimage"},"image":{"@id":"https:\/\/exceladvisor.org\/es\/si-error-busqueda-virtual\/#primaryimage"},"thumbnailUrl":"https:\/\/exceladvisor.org\/wp-content\/uploads\/2023\/08\/iferror-avec-vlookup-pour-eviter-une-erreur-1.png","datePublished":"2023-10-23T06:08:32+00:00","dateModified":"2023-12-25T10:28:10+00:00","breadcrumb":{"@id":"https:\/\/exceladvisor.org\/es\/si-error-busqueda-virtual\/#breadcrumb"},"inLanguage":"es","potentialAction":[{"@type":"ReadAction","target":["https:\/\/exceladvisor.org\/es\/si-error-busqueda-virtual\/"]}]},{"@type":"ImageObject","inLanguage":"es","@id":"https:\/\/exceladvisor.org\/es\/si-error-busqueda-virtual\/#primaryimage","url":"https:\/\/exceladvisor.org\/wp-content\/uploads\/2023\/08\/iferror-avec-vlookup-pour-eviter-une-erreur-1.png","contentUrl":"https:\/\/exceladvisor.org\/wp-content\/uploads\/2023\/08\/iferror-avec-vlookup-pour-eviter-une-erreur-1.png"},{"@type":"BreadcrumbList","@id":"https:\/\/exceladvisor.org\/es\/si-error-busqueda-virtual\/#breadcrumb","itemListElement":[{"@type":"ListItem","position":1,"name":"Hogar","item":"https:\/\/exceladvisor.org\/es\/"},{"@type":"ListItem","position":2,"name":"\u00bfc\u00f3mo utilizar iferror con buscarv en excel?"}]},{"@type":"WebSite","@id":"https:\/\/exceladvisor.org\/es\/#website","url":"https:\/\/exceladvisor.org\/es\/","name":"Excel Advisor","description":"Su gu\u00eda para la dominaci\u00f3n de datos!","publisher":{"@id":"https:\/\/exceladvisor.org\/es\/#organization"},"potentialAction":[{"@type":"SearchAction","target":{"@type":"EntryPoint","urlTemplate":"https:\/\/exceladvisor.org\/es\/?s={search_term_string}"},"query-input":{"@type":"PropertyValueSpecification","valueRequired":true,"valueName":"search_term_string"}}],"inLanguage":"es"},{"@type":"Organization","@id":"https:\/\/exceladvisor.org\/es\/#organization","name":"Excel Advisor","url":"https:\/\/exceladvisor.org\/es\/","logo":{"@type":"ImageObject","inLanguage":"es","@id":"https:\/\/exceladvisor.org\/es\/#\/schema\/logo\/image\/","url":"https:\/\/exceladvisor.org\/es\/wp-content\/uploads\/2023\/12\/exceladvisor.org_.png","contentUrl":"https:\/\/exceladvisor.org\/es\/wp-content\/uploads\/2023\/12\/exceladvisor.org_.png","width":105,"height":36,"caption":"Excel Advisor"},"image":{"@id":"https:\/\/exceladvisor.org\/es\/#\/schema\/logo\/image\/"}}]}},"yoast_meta":{"yoast_wpseo_title":"","yoast_wpseo_metadesc":"","yoast_wpseo_canonical":""},"_links":{"self":[{"href":"https:\/\/exceladvisor.org\/es\/wp-json\/wp\/v2\/pages\/568","targetHints":{"allow":["GET"]}}],"collection":[{"href":"https:\/\/exceladvisor.org\/es\/wp-json\/wp\/v2\/pages"}],"about":[{"href":"https:\/\/exceladvisor.org\/es\/wp-json\/wp\/v2\/types\/page"}],"author":[{"embeddable":true,"href":"https:\/\/exceladvisor.org\/es\/wp-json\/wp\/v2\/users\/1"}],"replies":[{"embeddable":true,"href":"https:\/\/exceladvisor.org\/es\/wp-json\/wp\/v2\/comments?post=568"}],"version-history":[{"count":1,"href":"https:\/\/exceladvisor.org\/es\/wp-json\/wp\/v2\/pages\/568\/revisions"}],"predecessor-version":[{"id":1275,"href":"https:\/\/exceladvisor.org\/es\/wp-json\/wp\/v2\/pages\/568\/revisions\/1275"}],"wp:attachment":[{"href":"https:\/\/exceladvisor.org\/es\/wp-json\/wp\/v2\/media?parent=568"}],"curies":[{"name":"wp","href":"https:\/\/api.w.org\/{rel}","templated":true}]}}