{"id":569,"date":"2023-10-23T06:04:06","date_gmt":"2023-10-23T06:04:06","guid":{"rendered":"https:\/\/exceladvisor.org\/es\/reemplazar-multiples-valores\/"},"modified":"2023-12-25T10:26:56","modified_gmt":"2023-12-25T10:26:56","slug":"reemplazar-multiples-valores","status":"publish","type":"page","link":"https:\/\/exceladvisor.org\/es\/reemplazar-multiples-valores\/","title":{"rendered":"\u00bfc\u00f3mo reemplazar m\u00faltiples valores (anidados) en excel?"},"content":{"rendered":"<div class=\"excel-antes-del-contenido\" id=\"excel-3379613693\"><script type=\"text\/javascript\">\r\n\tatOptions = {\r\n\t\t'key' : 'c1158f160081d6540a8409e6925dab94',\r\n\t\t'format' : 'iframe',\r\n\t\t'height' : 250,\r\n\t\t'width' : 300,\r\n\t\t'params' : {}\r\n\t};\r\n<\/script>\r\n<script type=\"text\/javascript\" src=\"\/\/www.highperformanceformat.com\/c1158f160081d6540a8409e6925dab94\/invoke.js\"><\/script><\/div><p>En Excel, si deseas sustituir varios valores de una sola celda, en este caso necesitas crear una f\u00f3rmula anidada con la funci\u00f3n SUSTITUIR. Y en este tutorial, aprenderemos c\u00f3mo escribir esta f\u00f3rmula.<\/p>\n<h2 class=\"wp-block-heading\"> Escriba una f\u00f3rmula de sustituci\u00f3n anidada para reemplazar m\u00faltiples valores<\/h2>\n<p> A continuaci\u00f3n se muestra la f\u00f3rmula en la que utilizamos funciones SUSTITUIR cinco veces para reemplazar cinco valores en la celda A1. <\/p>\n<div class=\"wp-block-image\">\n<figure class=\"aligncenter size-full is-resized\"><img loading=\"lazy\" decoding=\"async\" class=\"wp-image-83064\" src=\"https:\/\/exceladvisor.org\/wp-content\/uploads\/2023\/08\/1-remplacer-plusieurs-valeurs.png\" sizes=\"auto, \" srcset=\"\" alt=\"reemplazar m\u00faltiples valores\" width=\"707\" height=\"233\"><\/figure>\n<\/div>\n<pre class=\"wp-block-preformatted\"> =SUBSTITUTE(SUBSTITUTE(SUBSTITUTE(SUBSTITUTE(SUBSTITUTE(A1,\"One\",\"1\"),\"Two\",\"2\"),\"Three\",\"3\"),\"Four\",\"4\"),\" Five\",\"5\")<\/pre>\n<p> Esta f\u00f3rmula es una f\u00f3rmula anidada con la funci\u00f3n REEMPLAZAR que se usa cinco veces para reemplazar cinco valores en la celda. Y para ayudarte a entender esta f\u00f3rmula, la estructur\u00e9 de la siguiente manera: <\/p>\n<div class=\"wp-block-image\">\n<figure class=\"aligncenter size-full is-resized\"><img loading=\"lazy\" decoding=\"async\" class=\"wp-image-83065\" src=\"https:\/\/exceladvisor.org\/wp-content\/uploads\/2023\/08\/2-formules-imbriquees-avec-fonction-de-substitution.png\" sizes=\"auto, \" srcset=\"\" alt=\"f\u00f3rmula-anidada-con-funci\u00f3n-de-sustituci\u00f3n\" width=\"691\" height=\"211\"><\/figure>\n<\/div>\n<p> Esta f\u00f3rmula reemplaza:<\/p>\n<ul>\n<li> Uno \u21e2 1<\/li>\n<li> Dos \u21e2 2<\/li>\n<li> Tres \u21e2 3<\/li>\n<li> Horno \u21e2 4<\/li>\n<li> Cinco \u21e2 5<\/li>\n<\/ul>\n<p> Como se trata de una f\u00f3rmula anidada, la segunda funci\u00f3n usa el valor devuelto por la primera, la tercera funci\u00f3n usa los valores devueltos por la segunda, y as\u00ed sucesivamente. <\/p>\n<div class=\"wp-block-image\">\n<figure class=\"aligncenter size-full is-resized\"><img loading=\"lazy\" decoding=\"async\" class=\"wp-image-83066\" src=\"https:\/\/exceladvisor.org\/wp-content\/uploads\/2023\/08\/3-deuxieme-fonction-utilise-la-valeur-renvoyee-par-first1.png\" sizes=\"auto, \" srcset=\"\" alt=\"la segunda funci\u00f3n usa el valor devuelto por la primera\" width=\"700\" height=\"213\"><\/figure>\n<\/div>\n<h2 class=\"wp-block-heading\"> Sustituto anidado con referencia de celda<\/h2>\n<p> En la f\u00f3rmula anterior, ingresamos los valores directamente en la f\u00f3rmula, uno por uno. Pero tambi\u00e9n puedes crear una referencia de celda para todos los valores. <\/p>\n<div class=\"wp-block-image\">\n<figure class=\"aligncenter size-full is-resized\"><img loading=\"lazy\" decoding=\"async\" class=\"wp-image-83067\" src=\"https:\/\/exceladvisor.org\/wp-content\/uploads\/2023\/08\/4-substituts-imbriques-avec-reference-de-cellule.png\" sizes=\"auto, \" srcset=\"\" alt=\"sustituto-anidado-con-referencia-de-celda\" width=\"648\" height=\"338\"><\/figure>\n<\/div>\n<pre class=\"wp-block-preformatted\"> =SUBSTITUTE(SUBSTITUTE(SUBSTITUTE(SUBSTITUTE(SUBSTITUTE(A1,INDEX(D1:D5,1),INDEX(E1:E5,1)),INDEX(D1:D5,2),INDEX(E1:E5,2)) ,INDEX(D1:D5,3),INDEX(E1:E5,3)),INDEX(D1:D5,4),INDEX(E1:E5,4)),INDEX(D1:D5,5),INDEX( E1:E5,5)) <\/pre>\n<div class=\"wp-block-image\">\n<figure class=\"aligncenter size-full is-resized\"><img loading=\"lazy\" decoding=\"async\" class=\"wp-image-83069\" src=\"https:\/\/exceladvisor.org\/wp-content\/uploads\/2023\/08\/5-deux-fonctions-dindex-imbriquees-dans-la-formule.png\" sizes=\"auto, \" srcset=\"\" alt=\"funciones-anidadas-de-dos-\u00edndices-en-f\u00f3rmula\" width=\"678\" height=\"219\"><\/figure>\n<\/div>\n<p> En cada funci\u00f3n de la f\u00f3rmula, tienes dos funciones \u00cdNDICE. La primera funci\u00f3n \u00cdNDICE devuelve el valor que desea reemplazar en el rango E1:E5, y la segunda \u00cdNDICE obtiene el nuevo valor a reemplazar en el rango F1:F5. <\/p>\n<div class=\"gb-container gb-container-52dfcee1 gb-container-sample-file\">\n<h2 class=\"gb-headline gb-headline-e289c143 gb-headline-text gb-headline-4f7959c2\"> Obtener el archivo Excel<\/h2>\n<p> <a class=\"gb-button gb-button-e88d6bee gb-button-text gb-button-button1\" href=\"https:\/\/exceladvisor.org\/es\/a\/\" rel=\"nofollow\">Descargar<\/a><\/div>\n<div class=\"gb-container gb-container-0df56012 gb-container-mt\"> <a class=\"gb-button gb-button-f9f432f4 gb-button-text gb-button-mt-button\" href=\"https:\/\/exceladvisor.org\/es\/formulas\/\">Lista de f\u00f3rmulas de Excel<\/a><\/p>\n<h2 class=\"gb-headline gb-headline-233444e8 gb-headline-text gb-headline-mt-heading\"> F\u00f3rmulas relacionadas <\/h2>\n<div class=\"gb-grid-wrapper gb-grid-wrapper-a16fa65c gb-grid-wrapper-mt-grid\">\n<div class=\"gb-grid-column gb-grid-column-50d07e0d\">\n<div class=\"gb-container gb-container-50d07e0d\">\n<ul>\n<li> <a href=\"https:\/\/exceladvisor.org\/es\/nueva-linea-en-la-celda\/\">Agregar una nueva l\u00ednea a una celda en Excel (salto de l\u00ednea)<\/a><\/li>\n<li> <a href=\"https:\/\/exceladvisor.org\/es\/ceros-a-la-izquierda\/\">Agregue ceros a la izquierda en Excel<\/a><\/li>\n<li> <a href=\"https:\/\/exceladvisor.org\/es\/concatenar-celdas-con-una-coma\/\">Concatenar (combinar) celdas con una coma en Excel<\/a><\/li>\n<li> <a href=\"https:\/\/exceladvisor.org\/es\/concatenar-un-rango-de-celdas\/\">Concatenar (combinar) un rango de celdas en Excel<\/a><\/li>\n<li> <a href=\"https:\/\/exceladvisor.org\/es\/concatenar-un-salto-de-linea\/\">Concatenar con salto de l\u00ednea en Excel<\/a><\/li>\n<\/ul>\n<\/div>\n<\/div>\n<\/div>\n<\/div>\n","protected":false},"excerpt":{"rendered":"<p>En Excel, si deseas sustituir varios valores de una sola celda, en este caso necesitas crear una f\u00f3rmula anidada con la funci\u00f3n SUSTITUIR. Y en este tutorial, aprenderemos c\u00f3mo escribir esta f\u00f3rmula. Escriba una f\u00f3rmula de sustituci\u00f3n anidada para reemplazar m\u00faltiples valores A continuaci\u00f3n se muestra la f\u00f3rmula en la que utilizamos funciones SUSTITUIR cinco [&hellip;]<\/p>\n","protected":false},"author":1,"featured_media":0,"parent":0,"menu_order":0,"comment_status":"open","ping_status":"closed","template":"","meta":{"ub_ctt_via":"","footnotes":""},"class_list":["post-569","page","type-page","status-publish","hentry"],"featured_image_src":null,"yoast_head":"<!-- This site is optimized with the Yoast SEO plugin v25.4 - https:\/\/yoast.com\/wordpress\/plugins\/seo\/ -->\n<title>\u00bfc\u00f3mo reemplazar m\u00faltiples valores (anidados) en excel?<\/title>\n<meta name=\"robots\" content=\"index, follow, max-snippet:-1, max-image-preview:large, max-video-preview:-1\" \/>\n<link rel=\"canonical\" href=\"https:\/\/exceladvisor.org\/es\/reemplazar-multiples-valores\/\" \/>\n<meta property=\"og:locale\" content=\"es_ES\" \/>\n<meta property=\"og:type\" content=\"article\" \/>\n<meta property=\"og:title\" content=\"\u00bfc\u00f3mo reemplazar m\u00faltiples valores (anidados) en excel?\" \/>\n<meta property=\"og:description\" content=\"En Excel, si deseas sustituir varios valores de una sola celda, en este caso necesitas crear una f\u00f3rmula anidada con la funci\u00f3n SUSTITUIR. Y en este tutorial, aprenderemos c\u00f3mo escribir esta f\u00f3rmula. Escriba una f\u00f3rmula de sustituci\u00f3n anidada para reemplazar m\u00faltiples valores A continuaci\u00f3n se muestra la f\u00f3rmula en la que utilizamos funciones SUSTITUIR cinco [&hellip;]\" \/>\n<meta property=\"og:url\" content=\"https:\/\/exceladvisor.org\/es\/reemplazar-multiples-valores\/\" \/>\n<meta property=\"og:site_name\" content=\"Excel Advisor\" \/>\n<meta property=\"article:modified_time\" content=\"2023-12-25T10:26:56+00:00\" \/>\n<meta property=\"og:image\" content=\"https:\/\/exceladvisor.org\/wp-content\/uploads\/2023\/08\/1-remplacer-plusieurs-valeurs.png\" \/>\n<meta name=\"twitter:card\" content=\"summary_large_image\" \/>\n<meta name=\"twitter:label1\" content=\"Tiempo de lectura\" \/>\n\t<meta name=\"twitter:data1\" content=\"2 minutos\" \/>\n<script type=\"application\/ld+json\" class=\"yoast-schema-graph\">{\"@context\":\"https:\/\/schema.org\",\"@graph\":[{\"@type\":\"WebPage\",\"@id\":\"https:\/\/exceladvisor.org\/es\/reemplazar-multiples-valores\/\",\"url\":\"https:\/\/exceladvisor.org\/es\/reemplazar-multiples-valores\/\",\"name\":\"\u00bfc\u00f3mo reemplazar m\u00faltiples valores (anidados) en excel?\",\"isPartOf\":{\"@id\":\"https:\/\/exceladvisor.org\/es\/#website\"},\"primaryImageOfPage\":{\"@id\":\"https:\/\/exceladvisor.org\/es\/reemplazar-multiples-valores\/#primaryimage\"},\"image\":{\"@id\":\"https:\/\/exceladvisor.org\/es\/reemplazar-multiples-valores\/#primaryimage\"},\"thumbnailUrl\":\"https:\/\/exceladvisor.org\/wp-content\/uploads\/2023\/08\/1-remplacer-plusieurs-valeurs.png\",\"datePublished\":\"2023-10-23T06:04:06+00:00\",\"dateModified\":\"2023-12-25T10:26:56+00:00\",\"breadcrumb\":{\"@id\":\"https:\/\/exceladvisor.org\/es\/reemplazar-multiples-valores\/#breadcrumb\"},\"inLanguage\":\"es\",\"potentialAction\":[{\"@type\":\"ReadAction\",\"target\":[\"https:\/\/exceladvisor.org\/es\/reemplazar-multiples-valores\/\"]}]},{\"@type\":\"ImageObject\",\"inLanguage\":\"es\",\"@id\":\"https:\/\/exceladvisor.org\/es\/reemplazar-multiples-valores\/#primaryimage\",\"url\":\"https:\/\/exceladvisor.org\/wp-content\/uploads\/2023\/08\/1-remplacer-plusieurs-valeurs.png\",\"contentUrl\":\"https:\/\/exceladvisor.org\/wp-content\/uploads\/2023\/08\/1-remplacer-plusieurs-valeurs.png\"},{\"@type\":\"BreadcrumbList\",\"@id\":\"https:\/\/exceladvisor.org\/es\/reemplazar-multiples-valores\/#breadcrumb\",\"itemListElement\":[{\"@type\":\"ListItem\",\"position\":1,\"name\":\"Hogar\",\"item\":\"https:\/\/exceladvisor.org\/es\/\"},{\"@type\":\"ListItem\",\"position\":2,\"name\":\"\u00bfc\u00f3mo reemplazar m\u00faltiples valores (anidados) en excel?\"}]},{\"@type\":\"WebSite\",\"@id\":\"https:\/\/exceladvisor.org\/es\/#website\",\"url\":\"https:\/\/exceladvisor.org\/es\/\",\"name\":\"Excel Advisor\",\"description\":\"Su gu\u00eda para la dominaci\u00f3n de datos!\",\"publisher\":{\"@id\":\"https:\/\/exceladvisor.org\/es\/#organization\"},\"potentialAction\":[{\"@type\":\"SearchAction\",\"target\":{\"@type\":\"EntryPoint\",\"urlTemplate\":\"https:\/\/exceladvisor.org\/es\/?s={search_term_string}\"},\"query-input\":{\"@type\":\"PropertyValueSpecification\",\"valueRequired\":true,\"valueName\":\"search_term_string\"}}],\"inLanguage\":\"es\"},{\"@type\":\"Organization\",\"@id\":\"https:\/\/exceladvisor.org\/es\/#organization\",\"name\":\"Excel Advisor\",\"url\":\"https:\/\/exceladvisor.org\/es\/\",\"logo\":{\"@type\":\"ImageObject\",\"inLanguage\":\"es\",\"@id\":\"https:\/\/exceladvisor.org\/es\/#\/schema\/logo\/image\/\",\"url\":\"https:\/\/exceladvisor.org\/es\/wp-content\/uploads\/2023\/12\/exceladvisor.org_.png\",\"contentUrl\":\"https:\/\/exceladvisor.org\/es\/wp-content\/uploads\/2023\/12\/exceladvisor.org_.png\",\"width\":105,\"height\":36,\"caption\":\"Excel Advisor\"},\"image\":{\"@id\":\"https:\/\/exceladvisor.org\/es\/#\/schema\/logo\/image\/\"}}]}<\/script>\n<!-- \/ Yoast SEO plugin. -->","yoast_head_json":{"title":"\u00bfc\u00f3mo reemplazar m\u00faltiples valores (anidados) en excel?","robots":{"index":"index","follow":"follow","max-snippet":"max-snippet:-1","max-image-preview":"max-image-preview:large","max-video-preview":"max-video-preview:-1"},"canonical":"https:\/\/exceladvisor.org\/es\/reemplazar-multiples-valores\/","og_locale":"es_ES","og_type":"article","og_title":"\u00bfc\u00f3mo reemplazar m\u00faltiples valores (anidados) en excel?","og_description":"En Excel, si deseas sustituir varios valores de una sola celda, en este caso necesitas crear una f\u00f3rmula anidada con la funci\u00f3n SUSTITUIR. Y en este tutorial, aprenderemos c\u00f3mo escribir esta f\u00f3rmula. Escriba una f\u00f3rmula de sustituci\u00f3n anidada para reemplazar m\u00faltiples valores A continuaci\u00f3n se muestra la f\u00f3rmula en la que utilizamos funciones SUSTITUIR cinco [&hellip;]","og_url":"https:\/\/exceladvisor.org\/es\/reemplazar-multiples-valores\/","og_site_name":"Excel Advisor","article_modified_time":"2023-12-25T10:26:56+00:00","og_image":[{"url":"https:\/\/exceladvisor.org\/wp-content\/uploads\/2023\/08\/1-remplacer-plusieurs-valeurs.png","type":"","width":"","height":""}],"twitter_card":"summary_large_image","twitter_misc":{"Tiempo de lectura":"2 minutos"},"schema":{"@context":"https:\/\/schema.org","@graph":[{"@type":"WebPage","@id":"https:\/\/exceladvisor.org\/es\/reemplazar-multiples-valores\/","url":"https:\/\/exceladvisor.org\/es\/reemplazar-multiples-valores\/","name":"\u00bfc\u00f3mo reemplazar m\u00faltiples valores (anidados) en excel?","isPartOf":{"@id":"https:\/\/exceladvisor.org\/es\/#website"},"primaryImageOfPage":{"@id":"https:\/\/exceladvisor.org\/es\/reemplazar-multiples-valores\/#primaryimage"},"image":{"@id":"https:\/\/exceladvisor.org\/es\/reemplazar-multiples-valores\/#primaryimage"},"thumbnailUrl":"https:\/\/exceladvisor.org\/wp-content\/uploads\/2023\/08\/1-remplacer-plusieurs-valeurs.png","datePublished":"2023-10-23T06:04:06+00:00","dateModified":"2023-12-25T10:26:56+00:00","breadcrumb":{"@id":"https:\/\/exceladvisor.org\/es\/reemplazar-multiples-valores\/#breadcrumb"},"inLanguage":"es","potentialAction":[{"@type":"ReadAction","target":["https:\/\/exceladvisor.org\/es\/reemplazar-multiples-valores\/"]}]},{"@type":"ImageObject","inLanguage":"es","@id":"https:\/\/exceladvisor.org\/es\/reemplazar-multiples-valores\/#primaryimage","url":"https:\/\/exceladvisor.org\/wp-content\/uploads\/2023\/08\/1-remplacer-plusieurs-valeurs.png","contentUrl":"https:\/\/exceladvisor.org\/wp-content\/uploads\/2023\/08\/1-remplacer-plusieurs-valeurs.png"},{"@type":"BreadcrumbList","@id":"https:\/\/exceladvisor.org\/es\/reemplazar-multiples-valores\/#breadcrumb","itemListElement":[{"@type":"ListItem","position":1,"name":"Hogar","item":"https:\/\/exceladvisor.org\/es\/"},{"@type":"ListItem","position":2,"name":"\u00bfc\u00f3mo reemplazar m\u00faltiples valores (anidados) en excel?"}]},{"@type":"WebSite","@id":"https:\/\/exceladvisor.org\/es\/#website","url":"https:\/\/exceladvisor.org\/es\/","name":"Excel Advisor","description":"Su gu\u00eda para la dominaci\u00f3n de datos!","publisher":{"@id":"https:\/\/exceladvisor.org\/es\/#organization"},"potentialAction":[{"@type":"SearchAction","target":{"@type":"EntryPoint","urlTemplate":"https:\/\/exceladvisor.org\/es\/?s={search_term_string}"},"query-input":{"@type":"PropertyValueSpecification","valueRequired":true,"valueName":"search_term_string"}}],"inLanguage":"es"},{"@type":"Organization","@id":"https:\/\/exceladvisor.org\/es\/#organization","name":"Excel Advisor","url":"https:\/\/exceladvisor.org\/es\/","logo":{"@type":"ImageObject","inLanguage":"es","@id":"https:\/\/exceladvisor.org\/es\/#\/schema\/logo\/image\/","url":"https:\/\/exceladvisor.org\/es\/wp-content\/uploads\/2023\/12\/exceladvisor.org_.png","contentUrl":"https:\/\/exceladvisor.org\/es\/wp-content\/uploads\/2023\/12\/exceladvisor.org_.png","width":105,"height":36,"caption":"Excel Advisor"},"image":{"@id":"https:\/\/exceladvisor.org\/es\/#\/schema\/logo\/image\/"}}]}},"yoast_meta":{"yoast_wpseo_title":"","yoast_wpseo_metadesc":"","yoast_wpseo_canonical":""},"_links":{"self":[{"href":"https:\/\/exceladvisor.org\/es\/wp-json\/wp\/v2\/pages\/569","targetHints":{"allow":["GET"]}}],"collection":[{"href":"https:\/\/exceladvisor.org\/es\/wp-json\/wp\/v2\/pages"}],"about":[{"href":"https:\/\/exceladvisor.org\/es\/wp-json\/wp\/v2\/types\/page"}],"author":[{"embeddable":true,"href":"https:\/\/exceladvisor.org\/es\/wp-json\/wp\/v2\/users\/1"}],"replies":[{"embeddable":true,"href":"https:\/\/exceladvisor.org\/es\/wp-json\/wp\/v2\/comments?post=569"}],"version-history":[{"count":1,"href":"https:\/\/exceladvisor.org\/es\/wp-json\/wp\/v2\/pages\/569\/revisions"}],"predecessor-version":[{"id":1170,"href":"https:\/\/exceladvisor.org\/es\/wp-json\/wp\/v2\/pages\/569\/revisions\/1170"}],"wp:attachment":[{"href":"https:\/\/exceladvisor.org\/es\/wp-json\/wp\/v2\/media?parent=569"}],"curies":[{"name":"wp","href":"https:\/\/api.w.org\/{rel}","templated":true}]}}