{"id":570,"date":"2023-10-23T05:34:31","date_gmt":"2023-10-23T05:34:31","guid":{"rendered":"https:\/\/exceladvisor.org\/es\/texto-hasta-la-fecha\/"},"modified":"2023-12-25T10:24:52","modified_gmt":"2023-12-25T10:24:52","slug":"texto-hasta-la-fecha","status":"publish","type":"page","link":"https:\/\/exceladvisor.org\/es\/texto-hasta-la-fecha\/","title":{"rendered":"\u00bfc\u00f3mo convertir texto a fecha en excel?"},"content":{"rendered":"<div class=\"excel-antes-del-contenido\" id=\"excel-3304078754\"><script type=\"text\/javascript\">\r\n\tatOptions = {\r\n\t\t'key' : 'c1158f160081d6540a8409e6925dab94',\r\n\t\t'format' : 'iframe',\r\n\t\t'height' : 250,\r\n\t\t'width' : 300,\r\n\t\t'params' : {}\r\n\t};\r\n<\/script>\r\n<script type=\"text\/javascript\" src=\"\/\/www.highperformanceformat.com\/c1158f160081d6540a8409e6925dab94\/invoke.js\"><\/script><\/div><p class=\"has-text-align-left\">Las fechas juegan un papel importante cuando necesitamos analizar tendencias. Esta es una de las cosas m\u00e1s importantes que debes capturar de la manera correcta. el formato de fecha b\u00e1sico que adem\u00e1s de Excel utiliza para almacenar fechas. Hay otros formatos de datos aceptables.<\/p>\n<p> Ahora el problema es: cuando capturamos una fecha en el formato incorrecto, Excel trata esa fecha como texto y ya no podemos usar esa fecha en ning\u00fan c\u00e1lculo.<\/p>\n<p> Cuando se trata de formatos de datos de texto, no hay nada en particular. Depende de qui\u00e9n ingrese estas fechas. La conclusi\u00f3n es esta: necesitamos algunos m\u00e9todos que podamos usar para convertir alg\u00fan texto en una fecha real con el formato correcto.<\/p>\n<p> Entonces, hoy en este art\u00edculo, me gustar\u00eda compartir con ustedes 10 m\u00e9todos que podemos usar para convertir texto al formato de fecha en Excel. Para convertir cualquier texto a la fecha, necesitamos usar una combinaci\u00f3n de diferentes funciones.<\/p>\n<p> Entonces empecemos.<\/p>\n<h2 id=\"tab-con-1\" class=\"wp-block-heading\"> 1. Convertir texto a la fecha<\/h2>\n<p> El uso de la funci\u00f3n DATEVALUE es un m\u00e9todo b\u00e1sico para convertir una fecha en una fecha real que se almacena como texto.<\/p>\n<p> Digamos que tiene una lista de fechas en su hoja de c\u00e1lculo y todas las celdas donde se ingresan las fechas tienen un formato de texto, pero todas estas fechas est\u00e1n en el formato de fecha correcto.<\/p>\n<p> En el siguiente ejemplo tenemos una fecha en una celda, pero cuando intento agregar un n\u00famero a esa fecha aparece un error, aunque el formato de los datos es correcto. <\/p>\n<div class=\"wp-block-image\">\n<figure class=\"aligncenter\"><img decoding=\"async\" src=\"https:\/\/exceladvisor.org\/wp-content\/uploads\/2023\/08\/Fonction-Excel-DateValue-pour-convertir-une-date-textuelle-en-date-valide-1.png\" sizes=\"\" srcset=\"\" alt=\"Funci\u00f3n de valor de fecha de Excel para convertir texto a fecha\"><\/figure>\n<\/div>\n<p> Pero si nos fijamos en el formato de la celda, es texto. Esta es la mejor manera de utilizar la funci\u00f3n DATEVALUE. S\u00f3lo necesita hacer referencia a esta celda en la funci\u00f3n y convertir\u00e1 estos datos a la fecha real. <\/p>\n<div class=\"wp-block-image\">\n<figure class=\"aligncenter\"><img decoding=\"async\" src=\"https:\/\/exceladvisor.org\/wp-content\/uploads\/2023\/08\/convertir-le-texte-en-liste-de-dates-avec-la-fonction-datevalue-1.png\" sizes=\"\" srcset=\"\" alt=\"convertir texto a una lista de fechas con la funci\u00f3n valor de fecha\"><\/figure>\n<\/div>\n<p> Y luego puedes cambiar su formato hasta la fecha.<\/p>\n<p class=\"qt-tip\"> Nota: Hay algunas situaciones en las que DATEVALUE no puede ayudarnos a obtener una fecha del texto. Hay n n\u00fameros de formatos de fecha irregulares y para manejar todos los que necesitamos, necesitamos crear una f\u00f3rmula personalizada usando diferentes funciones.<\/p>\n<p> En los siguientes 10 ejemplos, compartir\u00e9 con usted c\u00f3mo utilizar estas diferentes funciones. <\/p>\n<div class=\"wp-block-image\">\n<figure class=\"aligncenter\"><img decoding=\"async\" src=\"https:\/\/exceladvisor.org\/wp-content\/uploads\/2023\/08\/liste-texte-a-date-1.png\" sizes=\"\" srcset=\"\" alt=\"lista de texto hasta la fecha\"><\/figure>\n<\/div>\n<h2 id=\"tab-con-2\" class=\"wp-block-heading\"> 2. Fecha con barras invertidas<\/h2>\n<p> El sistema de fechas de Excel admite fechas con barras diagonales. Y, si tenemos una fecha en la que tenemos barras invertidas, la tratar\u00e1 como texto. <\/p>\n<div class=\"wp-block-image\">\n<figure class=\"aligncenter\"><img decoding=\"async\" src=\"https:\/\/exceladvisor.org\/wp-content\/uploads\/2023\/08\/convertir-le-texte-a-ce-jour-avec-des-barres-noires-invalides-1.png\" sizes=\"\" srcset=\"\" alt=\"convertir texto a la fecha con barras negras no v\u00e1lidas\"><\/figure>\n<\/div>\n<p> Para resolver este problema podemos utilizar la siguiente f\u00f3rmula. <\/p>\n<pre class=\"wp-block-code\"> <code class=\"language-excel-formula\" lang=\"excel-formula\">=DATE(RIGHT(A2,4),MID(A2,4,2),LEFT(A2,2))<\/code><\/pre>\n<div class=\"wp-block-image\">\n<figure class=\"aligncenter\"><img decoding=\"async\" src=\"https:\/\/exceladvisor.org\/wp-content\/uploads\/2023\/08\/convertir-le-texte-a-jour-avec-des-barres-noires.png\" sizes=\"\" srcset=\"\" alt=\"convertir texto actualizado con barras negras\"><\/figure>\n<\/div>\n<h2 id=\"tab-con-3\" class=\"wp-block-heading\"> 3. Fecha con nombre del mes.<\/h2>\n<p> Ahora tenemos un formato de fecha donde se ingresa el mes junto con su nombre. Para Excel, ya no es una fecha, aunque la presenta claramente. <\/p>\n<div class=\"wp-block-image\">\n<figure class=\"aligncenter\"><img decoding=\"async\" src=\"https:\/\/exceladvisor.org\/wp-content\/uploads\/2023\/08\/convertir-le-texte-en-date-avec-le-nom-du-mois-complet-1.png\" sizes=\"\" srcset=\"\" alt=\"convertir texto a fecha con nombre de mes completo\"><\/figure>\n<\/div>\n<p> La siguiente f\u00f3rmula puede ayudarnos con esto. <\/p>\n<pre class=\"wp-block-code\"> <code class=\"language-excel-formula\" lang=\"excel-formula\">=DATEVALUE(RIGHT(A3,2)&amp;\"-\"&amp;TEXT(MID(A3,6,3),\"MMM\")&amp;\"-\"&amp;LEFT(A3,4))<\/code><\/pre>\n<div class=\"wp-block-image\">\n<figure class=\"aligncenter\"><img decoding=\"async\" src=\"https:\/\/exceladvisor.org\/wp-content\/uploads\/2023\/08\/convertir-le-texte-en-date-avec-le-nom-du-mois-complet-1.png\" sizes=\"\" srcset=\"\" alt=\"convertir texto a la fecha con la f\u00f3rmula del nombre del mes completo\"><\/figure>\n<\/div>\n<h2 id=\"tab-con-4\" class=\"wp-block-heading\"> 4. Fecha con puntos<\/h2>\n<p> Este es un tipo com\u00fan de problema en el que obtenemos puntos dentro de una fecha. Este es un tipo de formato utilizado por personas que desconocen que no es un formato de fecha adecuado. <\/p>\n<div class=\"wp-block-image\">\n<figure class=\"aligncenter\"><img decoding=\"async\" src=\"https:\/\/exceladvisor.org\/wp-content\/uploads\/2023\/08\/4-convertir-le-texte-a-ce-jour-avec-des-points-min-1.png\" sizes=\"\" srcset=\"\" alt=\"\"><\/figure>\n<\/div>\n<p> Y esta es la f\u00f3rmula para corregirlo. <\/p>\n<pre class=\"wp-block-code\"> <code class=\"language-excel-formula\" lang=\"excel-formula\">=DATE(RIGHT(A4,4),MID(A4,4,2),LEFT(A4,2))<\/code><\/pre>\n<div class=\"wp-block-image\">\n<figure class=\"aligncenter\"><img decoding=\"async\" src=\"https:\/\/exceladvisor.org\/wp-content\/uploads\/2023\/08\/4-convertir-le-texte-a-ce-jour-avec-la-formule-de-points-min-1.png\" sizes=\"\" srcset=\"\" alt=\"\"><\/figure>\n<\/div>\n<h2 id=\"tab-con-5\" class=\"wp-block-heading\"> 5. Fecha con nombre del mes y coma.<\/h2>\n<p> Este formato es casi el mismo que el formato del que hablamos en el punto 3. <\/p>\n<div class=\"wp-block-image\">\n<figure class=\"aligncenter\"><img decoding=\"async\" src=\"https:\/\/exceladvisor.org\/wp-content\/uploads\/2023\/08\/5-convertir-le-texte-a-ce-jour-avec-le-nom-du-mois-long-min.png\" sizes=\"\" srcset=\"\" alt=\"\"><\/figure>\n<\/div>\n<p> Y podemos corregirlo con la siguiente f\u00f3rmula. <\/p>\n<pre class=\"wp-block-code\"> <code class=\"language-excel-formula\" lang=\"excel-formula\">=DATEVALUE(LEFT(A5,2)&amp;\"-\"&amp;TEXT(MID(A5,4,3),\"MMM\")&amp;\"-\"&amp;RIGHT(A5,4))<\/code><\/pre>\n<div class=\"wp-block-image\">\n<figure class=\"aligncenter\"><img decoding=\"async\" src=\"https:\/\/exceladvisor.org\/wp-content\/uploads\/2023\/08\/5-convertir-le-texte-a-ce-jour-avec-la-formule-de-nom-de-mois-long-min-1.png\" sizes=\"\" srcset=\"\" alt=\"\"><\/figure>\n<\/div>\n<h2 id=\"tab-con-6\" class=\"wp-block-heading\"> 6. Fecha con nombre del d\u00eda<\/h2>\n<p> A veces la gente guarda una fecha con el nombre del d\u00eda. Y, si esta fecha no tiene el formato adecuado, Excel la tratar\u00e1 como texto. <\/p>\n<div class=\"wp-block-image\">\n<figure class=\"aligncenter\"><img decoding=\"async\" src=\"https:\/\/exceladvisor.org\/wp-content\/uploads\/2023\/08\/6-convertir-le-texte-a-ce-jour-avec-un-long-nom-de-jour-min-1.png\" sizes=\"\" srcset=\"\" alt=\"\"><\/figure>\n<\/div>\n<p> Utilice esta f\u00f3rmula para este tipo de fecha de texto. <\/p>\n<pre class=\"wp-block-code\"> <code class=\"language-excel-formula\" lang=\"excel-formula\">=DATEVALUE(MID(A6,FIND(\",\",A6)+6,2)&amp;\"-\"&amp;MID(A6,FIND(\",\",A6)+2,3)&amp;\"-\"&amp;RIGHT(A6,4))<\/code><\/pre>\n<div class=\"wp-block-image\">\n<figure class=\"aligncenter\"><img decoding=\"async\" src=\"https:\/\/exceladvisor.org\/wp-content\/uploads\/2023\/08\/6-convertir-le-texte-a-ce-jour-avec-la-formule-de-nom-de-jour-long-min-1.png\" sizes=\"\" srcset=\"\" alt=\"\"><\/figure>\n<\/div>\n<h2 id=\"tab-con-7\" class=\"wp-block-heading\"> 7. Fecha con el nombre del d\u00eda al final.<\/h2>\n<p> Aqu\u00ed tenemos una fecha con el nombre del d\u00eda al final. Ahora el problema con este formato es que hay una coma entre la fecha y el nombre del d\u00eda. <\/p>\n<div class=\"wp-block-image\">\n<figure class=\"aligncenter\"><img decoding=\"async\" src=\"https:\/\/exceladvisor.org\/wp-content\/uploads\/2023\/08\/7-convertir-le-texte-en-date-avec-le-nom-du-jour-court-min-1.png\" sizes=\"\" srcset=\"\" alt=\"\"><\/figure>\n<\/div>\n<p> Pero podemos obtener la fecha v\u00e1lida usando la siguiente f\u00f3rmula. <\/p>\n<pre class=\"wp-block-code\"> <code class=\"language-excel-formula\" lang=\"excel-formula\">=DATEVALUE(MID(A7,10,2)&amp;\"-\"&amp;MID(A7,6,3)&amp;\"-\"&amp;LEFT(A7,4))<\/code><\/pre>\n<div class=\"wp-block-image\">\n<figure class=\"aligncenter\"><img decoding=\"async\" src=\"https:\/\/exceladvisor.org\/wp-content\/uploads\/2023\/08\/7-convertir-le-texte-a-ce-jour-avec-la-formule-de-nom-de-jour-court-min-1.png\" sizes=\"\" srcset=\"\" alt=\"\"><\/figure>\n<\/div>\n<h2 id=\"tab-con-8\" class=\"wp-block-heading\"> 8. Fecha que tiene el sufijo d\u00eda.<\/h2>\n<p> Tenemos un sufijo \u201cth\u201d con el n\u00famero del d\u00eda y eso lo convierte en texto en lugar de fecha porque Excel no puede reconocerlo. <\/p>\n<div class=\"wp-block-image\">\n<figure class=\"aligncenter\"><img decoding=\"async\" src=\"https:\/\/exceladvisor.org\/wp-content\/uploads\/2023\/08\/8-convertir-le-texte-a-ce-jour-avec-le-suffixe-min-1.png\" sizes=\"\" srcset=\"\" alt=\"\"><\/figure>\n<\/div>\n<p> La siguiente f\u00f3rmula le ayudar\u00e1 a obtener la fecha actual. <\/p>\n<pre class=\"wp-block-code\"> <code class=\"language-excel-formula\" lang=\"excel-formula\">=DATEVALUE(LEFT(A8,FIND(\"th\",A8)-1)&amp;\"-\"&amp;MID(A8,FIND(\" \",A8)+1,3)&amp;\"-\"&amp;RIGHT(A8,4))<\/code><\/pre>\n<div class=\"wp-block-image\">\n<figure class=\"aligncenter\"><img decoding=\"async\" src=\"https:\/\/exceladvisor.org\/wp-content\/uploads\/2023\/08\/8-convertir-le-texte-a-ce-jour-avec-la-formule-de-suffixe-min-1.png\" sizes=\"\" srcset=\"\" alt=\"\"><\/figure>\n<\/div>\n<h2 id=\"tab-con-9\" class=\"wp-block-heading\"> 9. Fecha con espacio entre d\u00eda, mes y a\u00f1o.<\/h2>\n<p> Cuando tenemos un formato de fecha con un espacio entre d\u00eda, mes y a\u00f1o, podemos usar la siguiente f\u00f3rmula para corregir el formato de fecha. <\/p>\n<div class=\"wp-block-image\">\n<figure class=\"aligncenter\"><img decoding=\"async\" src=\"https:\/\/exceladvisor.org\/wp-content\/uploads\/2023\/08\/9-convertir-le-texte-en-date-avec-espace-min-1.png\" sizes=\"\" srcset=\"\" alt=\"\"><\/figure>\n<\/div>\n<pre class=\"wp-block-code\"> <code class=\"language-excel-formula\" lang=\"excel-formula\">=DATE(RIGHT(A9,4),MID(A9,4,2),LEFT(A9,2))<\/code><\/pre>\n<div class=\"wp-block-image\">\n<figure class=\"aligncenter\"><img decoding=\"async\" src=\"https:\/\/exceladvisor.org\/wp-content\/uploads\/2023\/08\/9-convertir-le-texte-en-date-avec-la-formule-despace-min-1.png\" sizes=\"\" srcset=\"\" alt=\"\"><\/figure>\n<\/div>\n<h2 id=\"tab-con-10\" class=\"wp-block-heading\"> 10. Fecha con nombre corto del mes.<\/h2>\n<p> Con un formato de fecha donde tenemos un nombre corto de mes al inicio de la fecha. <\/p>\n<div class=\"wp-block-image\">\n<figure class=\"aligncenter\"><img decoding=\"async\" src=\"https:\/\/exceladvisor.org\/wp-content\/uploads\/2023\/08\/10-convertir-le-texte-en-date-avec-lespace-de-nom-du-mois-min-1.png\" sizes=\"\" srcset=\"\" alt=\"\"><\/figure>\n<\/div>\n<p> Podemos usar la siguiente f\u00f3rmula para convertirlo a un formato de fecha v\u00e1lido. <\/p>\n<pre class=\"wp-block-code\"> <code class=\"language-excel-formula\" lang=\"excel-formula\">=DATEVALUE(MID(A10,5,2)&amp;\"-\"&amp;LEFT(A10,3)&amp;\"-\"&amp;RIGHT(A10,4))<\/code><\/pre>\n<div class=\"wp-block-image\">\n<figure class=\"aligncenter\"><img decoding=\"async\" src=\"https:\/\/exceladvisor.org\/wp-content\/uploads\/2023\/08\/10-convertir-le-texte-en-date-avec-la-formule-despace-de-nom-de-mois-min-1.png\" sizes=\"\" srcset=\"\" alt=\"\"><\/figure>\n<\/div>\n<h2 id=\"tab-con-11\" class=\"wp-block-heading\"> 11. Fecha sin espacio entre d\u00eda, mes y a\u00f1o<\/h2>\n<p> Y para una fecha donde no hay espacio entre el d\u00eda, mes y a\u00f1o. <\/p>\n<div class=\"wp-block-image\">\n<figure class=\"aligncenter\"><img decoding=\"async\" src=\"https:\/\/exceladvisor.org\/wp-content\/uploads\/2023\/08\/11-convertir-le-texte-a-ce-jour-sans-espace-min-1.png\" sizes=\"\" srcset=\"\" alt=\"\"><\/figure>\n<\/div>\n<p> La siguiente f\u00f3rmula nos ayudar\u00e1 a obtener el formato de fecha correcto. <\/p>\n<pre class=\"wp-block-code\"> <code class=\"language-excel-formula\" lang=\"excel-formula\">=DATE(RIGHT(A11,2),MID(A11,3,2),LEFT(A11,2))<\/code><\/pre>\n<div class=\"wp-block-image\">\n<figure class=\"aligncenter\"><img decoding=\"async\" src=\"https:\/\/exceladvisor.org\/wp-content\/uploads\/2023\/08\/11-convertir-le-texte-a-ce-jour-sans-formule-despace-min-1.png\" sizes=\"\" srcset=\"\" alt=\"\"><\/figure>\n<\/div>\n<div class=\"gb-container gb-container-0df56012 gb-container-mt\"> <a class=\"gb-button gb-button-f9f432f4 gb-button-text gb-button-mt-button\" href=\"https:\/\/exceladvisor.org\/es\/formulas\/\">Lista de f\u00f3rmulas de Excel<\/a><\/p>\n<h2 class=\"gb-headline gb-headline-233444e8 gb-headline-text gb-headline-mt-heading\"> F\u00f3rmulas relacionadas <\/h2>\n<div class=\"gb-grid-wrapper gb-grid-wrapper-a16fa65c gb-grid-wrapper-mt-grid\">\n<div class=\"gb-grid-column gb-grid-column-5b4a0cf9\">\n<div class=\"gb-container gb-container-5b4a0cf9\">\n<ul>\n<li> <a href=\"https:\/\/exceladvisor.org\/es\/resaltando-entre-dos-fechas\/\">Resaltar fechas entre dos fechas en Excel<\/a><\/li>\n<li> <a href=\"https:\/\/exceladvisor.org\/es\/concatenar-dos-fechas\/\">Concatenar r\u00e1pidamente dos fechas en Excel<\/a><\/li>\n<li> <a href=\"https:\/\/exceladvisor.org\/es\/generador-de-fechas-aleatorias\/\">Generador de fechas aleatorias (f\u00f3rmula de Excel) en Excel<\/a><\/li>\n<li> <a href=\"https:\/\/exceladvisor.org\/es\/combinar-fecha-y-hora\/\">Combinar fecha y hora en Excel<\/a><\/li>\n<\/ul>\n<\/div>\n<\/div>\n<\/div>\n<\/div>\n","protected":false},"excerpt":{"rendered":"<p>Las fechas juegan un papel importante cuando necesitamos analizar tendencias. Esta es una de las cosas m\u00e1s importantes que debes capturar de la manera correcta. el formato de fecha b\u00e1sico que adem\u00e1s de Excel utiliza para almacenar fechas. Hay otros formatos de datos aceptables. Ahora el problema es: cuando capturamos una fecha en el formato [&hellip;]<\/p>\n","protected":false},"author":1,"featured_media":0,"parent":0,"menu_order":0,"comment_status":"open","ping_status":"closed","template":"","meta":{"ub_ctt_via":"","footnotes":""},"class_list":["post-570","page","type-page","status-publish","hentry"],"featured_image_src":null,"yoast_head":"<!-- This site is optimized with the Yoast SEO plugin v25.4 - https:\/\/yoast.com\/wordpress\/plugins\/seo\/ -->\n<title>\u00bfc\u00f3mo convertir texto a fecha en excel?<\/title>\n<meta name=\"robots\" content=\"index, follow, max-snippet:-1, max-image-preview:large, max-video-preview:-1\" \/>\n<link rel=\"canonical\" href=\"https:\/\/exceladvisor.org\/es\/texto-hasta-la-fecha\/\" \/>\n<meta property=\"og:locale\" content=\"es_ES\" \/>\n<meta property=\"og:type\" content=\"article\" \/>\n<meta property=\"og:title\" content=\"\u00bfc\u00f3mo convertir texto a fecha en excel?\" \/>\n<meta property=\"og:description\" content=\"Las fechas juegan un papel importante cuando necesitamos analizar tendencias. Esta es una de las cosas m\u00e1s importantes que debes capturar de la manera correcta. el formato de fecha b\u00e1sico que adem\u00e1s de Excel utiliza para almacenar fechas. Hay otros formatos de datos aceptables. Ahora el problema es: cuando capturamos una fecha en el formato [&hellip;]\" \/>\n<meta property=\"og:url\" content=\"https:\/\/exceladvisor.org\/es\/texto-hasta-la-fecha\/\" \/>\n<meta property=\"og:site_name\" content=\"Excel Advisor\" \/>\n<meta property=\"article:modified_time\" content=\"2023-12-25T10:24:52+00:00\" \/>\n<meta property=\"og:image\" content=\"https:\/\/exceladvisor.org\/wp-content\/uploads\/2023\/08\/Fonction-Excel-DateValue-pour-convertir-une-date-textuelle-en-date-valide-1.png\" \/>\n<meta name=\"twitter:card\" content=\"summary_large_image\" \/>\n<meta name=\"twitter:label1\" content=\"Tiempo de lectura\" \/>\n\t<meta name=\"twitter:data1\" content=\"5 minutos\" \/>\n<script type=\"application\/ld+json\" class=\"yoast-schema-graph\">{\"@context\":\"https:\/\/schema.org\",\"@graph\":[{\"@type\":\"WebPage\",\"@id\":\"https:\/\/exceladvisor.org\/es\/texto-hasta-la-fecha\/\",\"url\":\"https:\/\/exceladvisor.org\/es\/texto-hasta-la-fecha\/\",\"name\":\"\u00bfc\u00f3mo convertir texto a fecha en excel?\",\"isPartOf\":{\"@id\":\"https:\/\/exceladvisor.org\/es\/#website\"},\"primaryImageOfPage\":{\"@id\":\"https:\/\/exceladvisor.org\/es\/texto-hasta-la-fecha\/#primaryimage\"},\"image\":{\"@id\":\"https:\/\/exceladvisor.org\/es\/texto-hasta-la-fecha\/#primaryimage\"},\"thumbnailUrl\":\"https:\/\/exceladvisor.org\/wp-content\/uploads\/2023\/08\/Fonction-Excel-DateValue-pour-convertir-une-date-textuelle-en-date-valide-1.png\",\"datePublished\":\"2023-10-23T05:34:31+00:00\",\"dateModified\":\"2023-12-25T10:24:52+00:00\",\"breadcrumb\":{\"@id\":\"https:\/\/exceladvisor.org\/es\/texto-hasta-la-fecha\/#breadcrumb\"},\"inLanguage\":\"es\",\"potentialAction\":[{\"@type\":\"ReadAction\",\"target\":[\"https:\/\/exceladvisor.org\/es\/texto-hasta-la-fecha\/\"]}]},{\"@type\":\"ImageObject\",\"inLanguage\":\"es\",\"@id\":\"https:\/\/exceladvisor.org\/es\/texto-hasta-la-fecha\/#primaryimage\",\"url\":\"https:\/\/exceladvisor.org\/wp-content\/uploads\/2023\/08\/Fonction-Excel-DateValue-pour-convertir-une-date-textuelle-en-date-valide-1.png\",\"contentUrl\":\"https:\/\/exceladvisor.org\/wp-content\/uploads\/2023\/08\/Fonction-Excel-DateValue-pour-convertir-une-date-textuelle-en-date-valide-1.png\"},{\"@type\":\"BreadcrumbList\",\"@id\":\"https:\/\/exceladvisor.org\/es\/texto-hasta-la-fecha\/#breadcrumb\",\"itemListElement\":[{\"@type\":\"ListItem\",\"position\":1,\"name\":\"Hogar\",\"item\":\"https:\/\/exceladvisor.org\/es\/\"},{\"@type\":\"ListItem\",\"position\":2,\"name\":\"\u00bfc\u00f3mo convertir texto a fecha en excel?\"}]},{\"@type\":\"WebSite\",\"@id\":\"https:\/\/exceladvisor.org\/es\/#website\",\"url\":\"https:\/\/exceladvisor.org\/es\/\",\"name\":\"Excel Advisor\",\"description\":\"Su gu\u00eda para la dominaci\u00f3n de datos!\",\"publisher\":{\"@id\":\"https:\/\/exceladvisor.org\/es\/#organization\"},\"potentialAction\":[{\"@type\":\"SearchAction\",\"target\":{\"@type\":\"EntryPoint\",\"urlTemplate\":\"https:\/\/exceladvisor.org\/es\/?s={search_term_string}\"},\"query-input\":{\"@type\":\"PropertyValueSpecification\",\"valueRequired\":true,\"valueName\":\"search_term_string\"}}],\"inLanguage\":\"es\"},{\"@type\":\"Organization\",\"@id\":\"https:\/\/exceladvisor.org\/es\/#organization\",\"name\":\"Excel Advisor\",\"url\":\"https:\/\/exceladvisor.org\/es\/\",\"logo\":{\"@type\":\"ImageObject\",\"inLanguage\":\"es\",\"@id\":\"https:\/\/exceladvisor.org\/es\/#\/schema\/logo\/image\/\",\"url\":\"https:\/\/exceladvisor.org\/es\/wp-content\/uploads\/2023\/12\/exceladvisor.org_.png\",\"contentUrl\":\"https:\/\/exceladvisor.org\/es\/wp-content\/uploads\/2023\/12\/exceladvisor.org_.png\",\"width\":105,\"height\":36,\"caption\":\"Excel Advisor\"},\"image\":{\"@id\":\"https:\/\/exceladvisor.org\/es\/#\/schema\/logo\/image\/\"}}]}<\/script>\n<!-- \/ Yoast SEO plugin. -->","yoast_head_json":{"title":"\u00bfc\u00f3mo convertir texto a fecha en excel?","robots":{"index":"index","follow":"follow","max-snippet":"max-snippet:-1","max-image-preview":"max-image-preview:large","max-video-preview":"max-video-preview:-1"},"canonical":"https:\/\/exceladvisor.org\/es\/texto-hasta-la-fecha\/","og_locale":"es_ES","og_type":"article","og_title":"\u00bfc\u00f3mo convertir texto a fecha en excel?","og_description":"Las fechas juegan un papel importante cuando necesitamos analizar tendencias. Esta es una de las cosas m\u00e1s importantes que debes capturar de la manera correcta. el formato de fecha b\u00e1sico que adem\u00e1s de Excel utiliza para almacenar fechas. Hay otros formatos de datos aceptables. Ahora el problema es: cuando capturamos una fecha en el formato [&hellip;]","og_url":"https:\/\/exceladvisor.org\/es\/texto-hasta-la-fecha\/","og_site_name":"Excel Advisor","article_modified_time":"2023-12-25T10:24:52+00:00","og_image":[{"url":"https:\/\/exceladvisor.org\/wp-content\/uploads\/2023\/08\/Fonction-Excel-DateValue-pour-convertir-une-date-textuelle-en-date-valide-1.png","type":"","width":"","height":""}],"twitter_card":"summary_large_image","twitter_misc":{"Tiempo de lectura":"5 minutos"},"schema":{"@context":"https:\/\/schema.org","@graph":[{"@type":"WebPage","@id":"https:\/\/exceladvisor.org\/es\/texto-hasta-la-fecha\/","url":"https:\/\/exceladvisor.org\/es\/texto-hasta-la-fecha\/","name":"\u00bfc\u00f3mo convertir texto a fecha en excel?","isPartOf":{"@id":"https:\/\/exceladvisor.org\/es\/#website"},"primaryImageOfPage":{"@id":"https:\/\/exceladvisor.org\/es\/texto-hasta-la-fecha\/#primaryimage"},"image":{"@id":"https:\/\/exceladvisor.org\/es\/texto-hasta-la-fecha\/#primaryimage"},"thumbnailUrl":"https:\/\/exceladvisor.org\/wp-content\/uploads\/2023\/08\/Fonction-Excel-DateValue-pour-convertir-une-date-textuelle-en-date-valide-1.png","datePublished":"2023-10-23T05:34:31+00:00","dateModified":"2023-12-25T10:24:52+00:00","breadcrumb":{"@id":"https:\/\/exceladvisor.org\/es\/texto-hasta-la-fecha\/#breadcrumb"},"inLanguage":"es","potentialAction":[{"@type":"ReadAction","target":["https:\/\/exceladvisor.org\/es\/texto-hasta-la-fecha\/"]}]},{"@type":"ImageObject","inLanguage":"es","@id":"https:\/\/exceladvisor.org\/es\/texto-hasta-la-fecha\/#primaryimage","url":"https:\/\/exceladvisor.org\/wp-content\/uploads\/2023\/08\/Fonction-Excel-DateValue-pour-convertir-une-date-textuelle-en-date-valide-1.png","contentUrl":"https:\/\/exceladvisor.org\/wp-content\/uploads\/2023\/08\/Fonction-Excel-DateValue-pour-convertir-une-date-textuelle-en-date-valide-1.png"},{"@type":"BreadcrumbList","@id":"https:\/\/exceladvisor.org\/es\/texto-hasta-la-fecha\/#breadcrumb","itemListElement":[{"@type":"ListItem","position":1,"name":"Hogar","item":"https:\/\/exceladvisor.org\/es\/"},{"@type":"ListItem","position":2,"name":"\u00bfc\u00f3mo convertir texto a fecha en excel?"}]},{"@type":"WebSite","@id":"https:\/\/exceladvisor.org\/es\/#website","url":"https:\/\/exceladvisor.org\/es\/","name":"Excel Advisor","description":"Su gu\u00eda para la dominaci\u00f3n de datos!","publisher":{"@id":"https:\/\/exceladvisor.org\/es\/#organization"},"potentialAction":[{"@type":"SearchAction","target":{"@type":"EntryPoint","urlTemplate":"https:\/\/exceladvisor.org\/es\/?s={search_term_string}"},"query-input":{"@type":"PropertyValueSpecification","valueRequired":true,"valueName":"search_term_string"}}],"inLanguage":"es"},{"@type":"Organization","@id":"https:\/\/exceladvisor.org\/es\/#organization","name":"Excel Advisor","url":"https:\/\/exceladvisor.org\/es\/","logo":{"@type":"ImageObject","inLanguage":"es","@id":"https:\/\/exceladvisor.org\/es\/#\/schema\/logo\/image\/","url":"https:\/\/exceladvisor.org\/es\/wp-content\/uploads\/2023\/12\/exceladvisor.org_.png","contentUrl":"https:\/\/exceladvisor.org\/es\/wp-content\/uploads\/2023\/12\/exceladvisor.org_.png","width":105,"height":36,"caption":"Excel Advisor"},"image":{"@id":"https:\/\/exceladvisor.org\/es\/#\/schema\/logo\/image\/"}}]}},"yoast_meta":{"yoast_wpseo_title":"","yoast_wpseo_metadesc":"","yoast_wpseo_canonical":""},"_links":{"self":[{"href":"https:\/\/exceladvisor.org\/es\/wp-json\/wp\/v2\/pages\/570","targetHints":{"allow":["GET"]}}],"collection":[{"href":"https:\/\/exceladvisor.org\/es\/wp-json\/wp\/v2\/pages"}],"about":[{"href":"https:\/\/exceladvisor.org\/es\/wp-json\/wp\/v2\/types\/page"}],"author":[{"embeddable":true,"href":"https:\/\/exceladvisor.org\/es\/wp-json\/wp\/v2\/users\/1"}],"replies":[{"embeddable":true,"href":"https:\/\/exceladvisor.org\/es\/wp-json\/wp\/v2\/comments?post=570"}],"version-history":[{"count":1,"href":"https:\/\/exceladvisor.org\/es\/wp-json\/wp\/v2\/pages\/570\/revisions"}],"predecessor-version":[{"id":971,"href":"https:\/\/exceladvisor.org\/es\/wp-json\/wp\/v2\/pages\/570\/revisions\/971"}],"wp:attachment":[{"href":"https:\/\/exceladvisor.org\/es\/wp-json\/wp\/v2\/media?parent=570"}],"curies":[{"name":"wp","href":"https:\/\/api.w.org\/{rel}","templated":true}]}}