{"id":572,"date":"2023-10-23T00:54:26","date_gmt":"2023-10-23T00:54:26","guid":{"rendered":"https:\/\/exceladvisor.org\/es\/sumos-no-iguales\/"},"modified":"2023-12-25T10:27:37","modified_gmt":"2023-12-25T10:27:37","slug":"sumos-no-iguales","status":"publish","type":"page","link":"https:\/\/exceladvisor.org\/es\/sumos-no-iguales\/","title":{"rendered":"\u00bfc\u00f3mo sumar valores no iguales en excel? (sumar.si)"},"content":{"rendered":"<div class=\"excel-antes-del-contenido\" id=\"excel-4050648770\"><script type=\"text\/javascript\">\r\n\tatOptions = {\r\n\t\t'key' : 'c1158f160081d6540a8409e6925dab94',\r\n\t\t'format' : 'iframe',\r\n\t\t'height' : 250,\r\n\t\t'width' : 300,\r\n\t\t'params' : {}\r\n\t};\r\n<\/script>\r\n<script type=\"text\/javascript\" src=\"\/\/www.highperformanceformat.com\/c1158f160081d6540a8409e6925dab94\/invoke.js\"><\/script><\/div><p>En Excel, cuando necesites sumar valores que no son iguales a criterios espec\u00edficos, puedes usar SUMAR.SI o SUMAR.SI. Ambas funciones se pueden utilizar dependiendo de los datos que tengas. En este tutorial, veremos ambas situaciones.<\/p>\n<h2 class=\"wp-block-heading\"> SUMAR.SI no es igual a<\/h2>\n<p> En el siguiente ejemplo tenemos una lista de valores donde tenemos tres valores que son 2000, pero necesitamos sumar todos los dem\u00e1s valores. <\/p>\n<div class=\"wp-block-image\">\n<figure class=\"aligncenter size-full is-resized\"><img loading=\"lazy\" decoding=\"async\" class=\"wp-image-66848\" src=\"https:\/\/exceladvisor.org\/wp-content\/uploads\/2023\/08\/1-somme-si-pas-egal-a.png\" sizes=\"auto, \" srcset=\"\" alt=\"suma-no-igual-a\" width=\"251\" height=\"278\"><\/figure>\n<\/div>\n<p> Aqu\u00ed usaremos SUMIF para obtener el resultado.<\/p>\n<pre class=\"wp-block-code\"> <code class=\"language-excel-formula\" lang=\"excel-formula\">=SUMIF(A2:A14,\"&lt;&gt;2000\",A2:A14)<\/code><\/pre>\n<ol>\n<li> Primero, en C1, ingrese \u201c=SUMIF\u201d y luego ingrese el par\u00e9ntesis inicial. <br \/><img loading=\"lazy\" decoding=\"async\" title=\"f\u00f3rmula de 2 sumas\" src=\"https:\/\/exceladvisor.org\/wp-content\/uploads\/2023\/08\/formule-2-sumif.png\" sizes=\"auto, \" srcset=\"\" alt=\"sumif-formula\" width=\"380\" height=\"299\"><\/li>\n<li> A continuaci\u00f3n, seleccione el rango donde necesitamos verificar los criterios (distinto de 2000). <br \/><img loading=\"lazy\" decoding=\"async\" title=\"F\u00f3rmula de 3 rangos dentro de sumif\" src=\"https:\/\/exceladvisor.org\/wp-content\/uploads\/2023\/08\/3-plage-dans-la-formule-sumif.png\" sizes=\"auto, \" srcset=\"\" alt=\"range-within-sumif-formula\" width=\"392\" height=\"293\"><\/li>\n<li> Luego de eso ingresamos los valores que queremos usar como criterio, es decir no iguales a 2000, y para esto debemos usar el operador no igual (signo) y colocarlo entre comillas dobles. <br \/><img loading=\"lazy\" decoding=\"async\" title=\"4-ingrese-valores-para-usar-como-criterio\" src=\"https:\/\/exceladvisor.org\/wp-content\/uploads\/2023\/08\/4-entrez-les-valeurs-a-utiliser-comme-criteres.png\" sizes=\"auto, \" srcset=\"\" alt=\"enter-values-to-use-as-criteria\" width=\"397\" height=\"295\"><\/li>\n<li> Desde aqu\u00ed debe especificar el rango desde el cual debemos sumar los valores. Ahora, como solo usamos un rango, y el mismo rango, necesitamos usarlo para obtener la suma de los valores. <br \/><img loading=\"lazy\" decoding=\"async\" title=\"5 rangos para sumar valores\" src=\"https:\/\/exceladvisor.org\/wp-content\/uploads\/2023\/08\/5-plage-pour-additionner-les-valeurs.png\" sizes=\"auto, \" srcset=\"\" alt=\"range-to-sum-the-values\" width=\"430\" height=\"315\"><\/li>\n<li> Al final, ingrese los par\u00e9ntesis de cierre y presione Entrar. <br \/><img loading=\"lazy\" decoding=\"async\" title=\"6-ingrese-par\u00e9ntesis-de-cierre\" src=\"https:\/\/exceladvisor.org\/wp-content\/uploads\/2023\/08\/6-entrez-les-parentheses-fermantes.png\" sizes=\"auto, \" srcset=\"\" alt=\"enter-closing-parentheses\" width=\"428\" height=\"316\"><\/li>\n<\/ol>\n<p> Como puedes ver tenemos 16046 en el resultado que es el total de todos los valores que no son iguales a 2000.<\/p>\n<p class=\"qt-tip\"> <strong>Nota:<\/strong> [sum_range] es opcional, puede ignorar su especificaci\u00f3n y siempre devolver\u00e1 el total en el resultado. <\/p>\n<div class=\"wp-block-image\">\n<figure class=\"aligncenter size-full is-resized\"><img loading=\"lazy\" decoding=\"async\" class=\"wp-image-66854\" src=\"https:\/\/exceladvisor.org\/wp-content\/uploads\/2023\/08\/Plage-de-saut-de-la-formule-7-sumif.png\" sizes=\"auto, \" srcset=\"\" alt=\"f\u00f3rmula-sumif-salto-rango\" width=\"423\" height=\"363\"><\/figure>\n<\/div>\n<pre class=\"wp-block-code\"> <code class=\"language-excel-formula\" lang=\"excel-formula\">=SUMIF(A2:A14,\"&lt;&gt;2000\")<\/code><\/pre>\n<h2 class=\"wp-block-heading\"> SUMIFS no es igual a m\u00faltiples valores (texto)<\/h2>\n<p> Supongamos que necesita agregar valores utilizando varios valores no iguales. En el siguiente ejemplo, tenemos la lista de productos con cantidad y es necesario sumar los productos que no son iguales a A y C. <\/p>\n<div class=\"wp-block-image\">\n<figure class=\"aligncenter size-full is-resized\"><img loading=\"lazy\" decoding=\"async\" class=\"wp-image-66855\" src=\"https:\/\/exceladvisor.org\/wp-content\/uploads\/2023\/08\/8-sumifs-non-egaux-a-plusieurs-valeurs.png\" sizes=\"auto, \" srcset=\"\" alt=\"sumos multivaluados no iguales\" width=\"351\" height=\"337\"><\/figure>\n<\/div>\n<p> Puedes utilizar la siguiente f\u00f3rmula. <\/p>\n<pre class=\"wp-block-code\"> <code class=\"language-excel-formula\" lang=\"excel-formula\">=SUMIFS(B2:B13,A2:A13,\"&lt;&gt;A\",A2:A13,\"&lt;&gt;C\")<\/code><\/pre>\n<div class=\"wp-block-image\">\n<figure class=\"aligncenter size-full is-resized\"><img loading=\"lazy\" decoding=\"async\" class=\"wp-image-66856\" src=\"https:\/\/exceladvisor.org\/wp-content\/uploads\/2023\/08\/9-sumifs-multiples-non-egaux-aux-criteres.png\" sizes=\"auto, \" srcset=\"\" alt=\"m\u00faltiples-sumifs-no-iguales-a-los-criterios\" width=\"492\" height=\"402\"><\/figure>\n<\/div>\n<p> En las f\u00f3rmulas anteriores, hemos utilizado criterios m\u00faltiples no iguales para obtener la suma del resto de valores.<\/p>\n<div class=\"gb-container gb-container-0df56012 gb-container-mt\"> <a class=\"gb-button gb-button-f9f432f4 gb-button-text gb-button-mt-button\" href=\"https:\/\/exceladvisor.org\/es\/formulas\/\">Lista de f\u00f3rmulas de Excel<\/a><\/p>\n<h2 class=\"gb-headline gb-headline-233444e8 gb-headline-text gb-headline-mt-heading\"> F\u00f3rmulas relacionadas <\/h2>\n<div class=\"gb-grid-wrapper gb-grid-wrapper-a16fa65c gb-grid-wrapper-mt-grid\">\n<div class=\"gb-grid-column gb-grid-column-50d07e0d\">\n<div class=\"gb-container gb-container-50d07e0d\">\n<ul>\n<li> <a href=\"https:\/\/exceladvisor.org\/es\/suma-de-valores-entre-dos-fechas\/\">Rango de fechas SUMIFS (suma de valores entre dos matrices de fechas)<\/a><\/li>\n<li> <a href=\"https:\/\/exceladvisor.org\/es\/busquedasumif\/\">Combina BUSCARV con SUMAR.SI<\/a><\/li>\n<li> <a href=\"https:\/\/exceladvisor.org\/es\/suma-si-contiene\/\">Suma SI la celda contiene texto espec\u00edfico (SUMA SI texto parcial)<\/a><\/li>\n<li> <a href=\"https:\/\/exceladvisor.org\/es\/sumif-ano-2\/\">Suma de valores seg\u00fan a\u00f1o (SUMIF A\u00f1o)<\/a><\/li>\n<li> <a href=\"https:\/\/exceladvisor.org\/es\/suma-por-fecha\/\">SUMAR.SI por fecha (suma de valores en base a una fecha)<\/a><\/li>\n<\/ul>\n<\/div>\n<\/div>\n<\/div>\n<\/div>\n","protected":false},"excerpt":{"rendered":"<p>En Excel, cuando necesites sumar valores que no son iguales a criterios espec\u00edficos, puedes usar SUMAR.SI o SUMAR.SI. Ambas funciones se pueden utilizar dependiendo de los datos que tengas. En este tutorial, veremos ambas situaciones. SUMAR.SI no es igual a En el siguiente ejemplo tenemos una lista de valores donde tenemos tres valores que son [&hellip;]<\/p>\n","protected":false},"author":1,"featured_media":0,"parent":0,"menu_order":0,"comment_status":"open","ping_status":"closed","template":"","meta":{"ub_ctt_via":"","footnotes":""},"class_list":["post-572","page","type-page","status-publish","hentry"],"featured_image_src":null,"yoast_head":"<!-- This site is optimized with the Yoast SEO plugin v25.4 - https:\/\/yoast.com\/wordpress\/plugins\/seo\/ -->\n<title>\u00bfc\u00f3mo sumar valores no iguales en excel? (sumar.si)<\/title>\n<meta name=\"robots\" content=\"index, follow, max-snippet:-1, max-image-preview:large, max-video-preview:-1\" \/>\n<link rel=\"canonical\" href=\"https:\/\/exceladvisor.org\/es\/sumos-no-iguales\/\" \/>\n<meta property=\"og:locale\" content=\"es_ES\" \/>\n<meta property=\"og:type\" content=\"article\" \/>\n<meta property=\"og:title\" content=\"\u00bfc\u00f3mo sumar valores no iguales en excel? (sumar.si)\" \/>\n<meta property=\"og:description\" content=\"En Excel, cuando necesites sumar valores que no son iguales a criterios espec\u00edficos, puedes usar SUMAR.SI o SUMAR.SI. Ambas funciones se pueden utilizar dependiendo de los datos que tengas. En este tutorial, veremos ambas situaciones. SUMAR.SI no es igual a En el siguiente ejemplo tenemos una lista de valores donde tenemos tres valores que son [&hellip;]\" \/>\n<meta property=\"og:url\" content=\"https:\/\/exceladvisor.org\/es\/sumos-no-iguales\/\" \/>\n<meta property=\"og:site_name\" content=\"Excel Advisor\" \/>\n<meta property=\"article:modified_time\" content=\"2023-12-25T10:27:37+00:00\" \/>\n<meta property=\"og:image\" content=\"https:\/\/exceladvisor.org\/wp-content\/uploads\/2023\/08\/1-somme-si-pas-egal-a.png\" \/>\n<meta name=\"twitter:card\" content=\"summary_large_image\" \/>\n<meta name=\"twitter:label1\" content=\"Tiempo de lectura\" \/>\n\t<meta name=\"twitter:data1\" content=\"2 minutos\" \/>\n<script type=\"application\/ld+json\" class=\"yoast-schema-graph\">{\"@context\":\"https:\/\/schema.org\",\"@graph\":[{\"@type\":\"WebPage\",\"@id\":\"https:\/\/exceladvisor.org\/es\/sumos-no-iguales\/\",\"url\":\"https:\/\/exceladvisor.org\/es\/sumos-no-iguales\/\",\"name\":\"\u00bfc\u00f3mo sumar valores no iguales en excel? (sumar.si)\",\"isPartOf\":{\"@id\":\"https:\/\/exceladvisor.org\/es\/#website\"},\"primaryImageOfPage\":{\"@id\":\"https:\/\/exceladvisor.org\/es\/sumos-no-iguales\/#primaryimage\"},\"image\":{\"@id\":\"https:\/\/exceladvisor.org\/es\/sumos-no-iguales\/#primaryimage\"},\"thumbnailUrl\":\"https:\/\/exceladvisor.org\/wp-content\/uploads\/2023\/08\/1-somme-si-pas-egal-a.png\",\"datePublished\":\"2023-10-23T00:54:26+00:00\",\"dateModified\":\"2023-12-25T10:27:37+00:00\",\"breadcrumb\":{\"@id\":\"https:\/\/exceladvisor.org\/es\/sumos-no-iguales\/#breadcrumb\"},\"inLanguage\":\"es\",\"potentialAction\":[{\"@type\":\"ReadAction\",\"target\":[\"https:\/\/exceladvisor.org\/es\/sumos-no-iguales\/\"]}]},{\"@type\":\"ImageObject\",\"inLanguage\":\"es\",\"@id\":\"https:\/\/exceladvisor.org\/es\/sumos-no-iguales\/#primaryimage\",\"url\":\"https:\/\/exceladvisor.org\/wp-content\/uploads\/2023\/08\/1-somme-si-pas-egal-a.png\",\"contentUrl\":\"https:\/\/exceladvisor.org\/wp-content\/uploads\/2023\/08\/1-somme-si-pas-egal-a.png\"},{\"@type\":\"BreadcrumbList\",\"@id\":\"https:\/\/exceladvisor.org\/es\/sumos-no-iguales\/#breadcrumb\",\"itemListElement\":[{\"@type\":\"ListItem\",\"position\":1,\"name\":\"Hogar\",\"item\":\"https:\/\/exceladvisor.org\/es\/\"},{\"@type\":\"ListItem\",\"position\":2,\"name\":\"\u00bfc\u00f3mo sumar valores no iguales en excel? (sumar.si)\"}]},{\"@type\":\"WebSite\",\"@id\":\"https:\/\/exceladvisor.org\/es\/#website\",\"url\":\"https:\/\/exceladvisor.org\/es\/\",\"name\":\"Excel Advisor\",\"description\":\"Su gu\u00eda para la dominaci\u00f3n de datos!\",\"publisher\":{\"@id\":\"https:\/\/exceladvisor.org\/es\/#organization\"},\"potentialAction\":[{\"@type\":\"SearchAction\",\"target\":{\"@type\":\"EntryPoint\",\"urlTemplate\":\"https:\/\/exceladvisor.org\/es\/?s={search_term_string}\"},\"query-input\":{\"@type\":\"PropertyValueSpecification\",\"valueRequired\":true,\"valueName\":\"search_term_string\"}}],\"inLanguage\":\"es\"},{\"@type\":\"Organization\",\"@id\":\"https:\/\/exceladvisor.org\/es\/#organization\",\"name\":\"Excel Advisor\",\"url\":\"https:\/\/exceladvisor.org\/es\/\",\"logo\":{\"@type\":\"ImageObject\",\"inLanguage\":\"es\",\"@id\":\"https:\/\/exceladvisor.org\/es\/#\/schema\/logo\/image\/\",\"url\":\"https:\/\/exceladvisor.org\/es\/wp-content\/uploads\/2023\/12\/exceladvisor.org_.png\",\"contentUrl\":\"https:\/\/exceladvisor.org\/es\/wp-content\/uploads\/2023\/12\/exceladvisor.org_.png\",\"width\":105,\"height\":36,\"caption\":\"Excel Advisor\"},\"image\":{\"@id\":\"https:\/\/exceladvisor.org\/es\/#\/schema\/logo\/image\/\"}}]}<\/script>\n<!-- \/ Yoast SEO plugin. -->","yoast_head_json":{"title":"\u00bfc\u00f3mo sumar valores no iguales en excel? (sumar.si)","robots":{"index":"index","follow":"follow","max-snippet":"max-snippet:-1","max-image-preview":"max-image-preview:large","max-video-preview":"max-video-preview:-1"},"canonical":"https:\/\/exceladvisor.org\/es\/sumos-no-iguales\/","og_locale":"es_ES","og_type":"article","og_title":"\u00bfc\u00f3mo sumar valores no iguales en excel? (sumar.si)","og_description":"En Excel, cuando necesites sumar valores que no son iguales a criterios espec\u00edficos, puedes usar SUMAR.SI o SUMAR.SI. Ambas funciones se pueden utilizar dependiendo de los datos que tengas. En este tutorial, veremos ambas situaciones. SUMAR.SI no es igual a En el siguiente ejemplo tenemos una lista de valores donde tenemos tres valores que son [&hellip;]","og_url":"https:\/\/exceladvisor.org\/es\/sumos-no-iguales\/","og_site_name":"Excel Advisor","article_modified_time":"2023-12-25T10:27:37+00:00","og_image":[{"url":"https:\/\/exceladvisor.org\/wp-content\/uploads\/2023\/08\/1-somme-si-pas-egal-a.png","type":"","width":"","height":""}],"twitter_card":"summary_large_image","twitter_misc":{"Tiempo de lectura":"2 minutos"},"schema":{"@context":"https:\/\/schema.org","@graph":[{"@type":"WebPage","@id":"https:\/\/exceladvisor.org\/es\/sumos-no-iguales\/","url":"https:\/\/exceladvisor.org\/es\/sumos-no-iguales\/","name":"\u00bfc\u00f3mo sumar valores no iguales en excel? (sumar.si)","isPartOf":{"@id":"https:\/\/exceladvisor.org\/es\/#website"},"primaryImageOfPage":{"@id":"https:\/\/exceladvisor.org\/es\/sumos-no-iguales\/#primaryimage"},"image":{"@id":"https:\/\/exceladvisor.org\/es\/sumos-no-iguales\/#primaryimage"},"thumbnailUrl":"https:\/\/exceladvisor.org\/wp-content\/uploads\/2023\/08\/1-somme-si-pas-egal-a.png","datePublished":"2023-10-23T00:54:26+00:00","dateModified":"2023-12-25T10:27:37+00:00","breadcrumb":{"@id":"https:\/\/exceladvisor.org\/es\/sumos-no-iguales\/#breadcrumb"},"inLanguage":"es","potentialAction":[{"@type":"ReadAction","target":["https:\/\/exceladvisor.org\/es\/sumos-no-iguales\/"]}]},{"@type":"ImageObject","inLanguage":"es","@id":"https:\/\/exceladvisor.org\/es\/sumos-no-iguales\/#primaryimage","url":"https:\/\/exceladvisor.org\/wp-content\/uploads\/2023\/08\/1-somme-si-pas-egal-a.png","contentUrl":"https:\/\/exceladvisor.org\/wp-content\/uploads\/2023\/08\/1-somme-si-pas-egal-a.png"},{"@type":"BreadcrumbList","@id":"https:\/\/exceladvisor.org\/es\/sumos-no-iguales\/#breadcrumb","itemListElement":[{"@type":"ListItem","position":1,"name":"Hogar","item":"https:\/\/exceladvisor.org\/es\/"},{"@type":"ListItem","position":2,"name":"\u00bfc\u00f3mo sumar valores no iguales en excel? (sumar.si)"}]},{"@type":"WebSite","@id":"https:\/\/exceladvisor.org\/es\/#website","url":"https:\/\/exceladvisor.org\/es\/","name":"Excel Advisor","description":"Su gu\u00eda para la dominaci\u00f3n de datos!","publisher":{"@id":"https:\/\/exceladvisor.org\/es\/#organization"},"potentialAction":[{"@type":"SearchAction","target":{"@type":"EntryPoint","urlTemplate":"https:\/\/exceladvisor.org\/es\/?s={search_term_string}"},"query-input":{"@type":"PropertyValueSpecification","valueRequired":true,"valueName":"search_term_string"}}],"inLanguage":"es"},{"@type":"Organization","@id":"https:\/\/exceladvisor.org\/es\/#organization","name":"Excel Advisor","url":"https:\/\/exceladvisor.org\/es\/","logo":{"@type":"ImageObject","inLanguage":"es","@id":"https:\/\/exceladvisor.org\/es\/#\/schema\/logo\/image\/","url":"https:\/\/exceladvisor.org\/es\/wp-content\/uploads\/2023\/12\/exceladvisor.org_.png","contentUrl":"https:\/\/exceladvisor.org\/es\/wp-content\/uploads\/2023\/12\/exceladvisor.org_.png","width":105,"height":36,"caption":"Excel Advisor"},"image":{"@id":"https:\/\/exceladvisor.org\/es\/#\/schema\/logo\/image\/"}}]}},"yoast_meta":{"yoast_wpseo_title":"","yoast_wpseo_metadesc":"","yoast_wpseo_canonical":""},"_links":{"self":[{"href":"https:\/\/exceladvisor.org\/es\/wp-json\/wp\/v2\/pages\/572","targetHints":{"allow":["GET"]}}],"collection":[{"href":"https:\/\/exceladvisor.org\/es\/wp-json\/wp\/v2\/pages"}],"about":[{"href":"https:\/\/exceladvisor.org\/es\/wp-json\/wp\/v2\/types\/page"}],"author":[{"embeddable":true,"href":"https:\/\/exceladvisor.org\/es\/wp-json\/wp\/v2\/users\/1"}],"replies":[{"embeddable":true,"href":"https:\/\/exceladvisor.org\/es\/wp-json\/wp\/v2\/comments?post=572"}],"version-history":[{"count":1,"href":"https:\/\/exceladvisor.org\/es\/wp-json\/wp\/v2\/pages\/572\/revisions"}],"predecessor-version":[{"id":1212,"href":"https:\/\/exceladvisor.org\/es\/wp-json\/wp\/v2\/pages\/572\/revisions\/1212"}],"wp:attachment":[{"href":"https:\/\/exceladvisor.org\/es\/wp-json\/wp\/v2\/media?parent=572"}],"curies":[{"name":"wp","href":"https:\/\/api.w.org\/{rel}","templated":true}]}}