{"id":574,"date":"2023-10-22T23:58:21","date_gmt":"2023-10-22T23:58:21","guid":{"rendered":"https:\/\/exceladvisor.org\/es\/mayor-que-igual-a\/"},"modified":"2023-12-25T10:28:02","modified_gmt":"2023-12-25T10:28:02","slug":"mayor-que-igual-a","status":"publish","type":"page","link":"https:\/\/exceladvisor.org\/es\/mayor-que-igual-a\/","title":{"rendered":"\u00bfc\u00f3mo utilizar el operador mayor que (&gt;) e igual a (=)?"},"content":{"rendered":"<div class=\"excel-antes-del-contenido\" id=\"excel-3209377134\"><script type=\"text\/javascript\">\r\n\tatOptions = {\r\n\t\t'key' : 'c1158f160081d6540a8409e6925dab94',\r\n\t\t'format' : 'iframe',\r\n\t\t'height' : 250,\r\n\t\t'width' : 300,\r\n\t\t'params' : {}\r\n\t};\r\n<\/script>\r\n<script type=\"text\/javascript\" src=\"\/\/www.highperformanceformat.com\/c1158f160081d6540a8409e6925dab94\/invoke.js\"><\/script><\/div><p>Puede utilizar el operador mayor que e igual a en Excel para probar una condici\u00f3n l\u00f3gica.<\/p>\n<ul>\n<li> Mayor que: &gt;<\/li>\n<li> Igual a: =<\/li>\n<li> Mayor o igual a: ( <strong>&gt;=<\/strong> ) <\/li>\n<\/ul>\n<div class=\"wp-block-image\">\n<figure class=\"aligncenter size-full is-resized\"><img loading=\"lazy\" decoding=\"async\" class=\"wp-image-84427\" src=\"https:\/\/exceladvisor.org\/wp-content\/uploads\/2023\/08\/1-superieur-a-egal-aux-symboles.png\" sizes=\"auto, \" srcset=\"\" alt=\"s\u00edmbolos mayores que iguales a\" width=\"515\" height=\"272\"><\/figure>\n<\/div>\n<p> Y en este tutorial, veremos ejemplos para entender esto.<\/p>\n<h2 class=\"wp-block-heading\"> Escribe una f\u00f3rmula usando mayor o igual que<\/h2>\n<ol type=\"1\">\n<li> Ingrese = en una celda para comenzar la f\u00f3rmula.<\/li>\n<li> Ingrese el primer valor o consulte la celda.<\/li>\n<li> Introduzca (&gt;=).<\/li>\n<li> Ingrese el segundo valor o consulte la celda.<\/li>\n<li> Presione Enter para obtener el resultado. <\/li>\n<\/ol>\n<div class=\"wp-block-image\">\n<figure class=\"aligncenter size-full is-resized\"><img loading=\"lazy\" decoding=\"async\" class=\"wp-image-84428\" src=\"https:\/\/exceladvisor.org\/wp-content\/uploads\/2023\/08\/2-formule-utilisant-superieur-et-egal-a.png\" sizes=\"auto, \" srcset=\"\" alt=\"formula-usando-mayor-e-igual-a\" width=\"550\" height=\"231\"><\/figure>\n<\/div>\n<p> Cuando utilice el operador mayor o igual que, primero debe hacer referencia al valor que desea probar. En el ejemplo anterior, probamos 4, por lo que nos referimos a eso primero.<\/p>\n<h2 class=\"wp-block-heading\"> S\u00f3lo mayor que (&gt;)<\/h2>\n<p> El operador mayor que en Excel es lo que utiliza en sus c\u00e1lculos matem\u00e1ticos. Puede ingresar este operador desde su teclado. En el siguiente ejemplo puedes ver que tenemos una condici\u00f3n para probar si 4 es mayor que 3, y en el resultado tenemos VERDADERO. <\/p>\n<div class=\"wp-block-image\">\n<figure class=\"aligncenter size-full is-resized\"><img loading=\"lazy\" decoding=\"async\" class=\"wp-image-84429\" src=\"https:\/\/exceladvisor.org\/wp-content\/uploads\/2023\/08\/3-conditions-a-tester.png\" sizes=\"auto, \" srcset=\"\" alt=\"condici\u00f3n para probar\" width=\"447\" height=\"253\"><\/figure>\n<\/div>\n<p> Y en el resultado tenemos VERDADERO, lo que significa que la condici\u00f3n es VERDADERA 4 es mayor que 3.<\/p>\n<h2 class=\"wp-block-heading\"> S\u00f3lo igual a (=)<\/h2>\n<p> Tambi\u00e9n puede probar una condici\u00f3n s\u00f3lo con el signo igual (=). Entonces, en el siguiente ejemplo tenemos (=4=3) donde probamos si 4 es igual a 3. <\/p>\n<div class=\"wp-block-image\">\n<figure class=\"aligncenter size-full\"><img loading=\"lazy\" decoding=\"async\" class=\"wp-image-84430\" src=\"https:\/\/exceladvisor.org\/wp-content\/uploads\/2023\/08\/4-conditions-a-tester-avec-seulement-egal-a.png\" sizes=\"auto, \" srcset=\"\" alt=\"condici\u00f3n-para-probar-con-solo-igual-a\" width=\"529\" height=\"267\"><\/figure>\n<\/div>\n<p> En el resultado tenemos FALSO porque 4 no es igual a 3.<\/p>\n","protected":false},"excerpt":{"rendered":"<p>Puede utilizar el operador mayor que e igual a en Excel para probar una condici\u00f3n l\u00f3gica. Mayor que: &gt; Igual a: = Mayor o igual a: ( &gt;= ) Y en este tutorial, veremos ejemplos para entender esto. Escribe una f\u00f3rmula usando mayor o igual que Ingrese = en una celda para comenzar la f\u00f3rmula. [&hellip;]<\/p>\n","protected":false},"author":1,"featured_media":0,"parent":0,"menu_order":0,"comment_status":"open","ping_status":"closed","template":"","meta":{"ub_ctt_via":"","footnotes":""},"class_list":["post-574","page","type-page","status-publish","hentry"],"featured_image_src":null,"yoast_head":"<!-- This site is optimized with the Yoast SEO plugin v25.4 - https:\/\/yoast.com\/wordpress\/plugins\/seo\/ -->\n<title>\u00bfc\u00f3mo utilizar el operador mayor que (&gt;) e igual a (=)?<\/title>\n<meta name=\"robots\" content=\"index, follow, max-snippet:-1, max-image-preview:large, max-video-preview:-1\" \/>\n<link rel=\"canonical\" href=\"https:\/\/exceladvisor.org\/es\/mayor-que-igual-a\/\" \/>\n<meta property=\"og:locale\" content=\"es_ES\" \/>\n<meta property=\"og:type\" content=\"article\" \/>\n<meta property=\"og:title\" content=\"\u00bfc\u00f3mo utilizar el operador mayor que (&gt;) e igual a (=)?\" \/>\n<meta property=\"og:description\" content=\"Puede utilizar el operador mayor que e igual a en Excel para probar una condici\u00f3n l\u00f3gica. Mayor que: &gt; Igual a: = Mayor o igual a: ( &gt;= ) Y en este tutorial, veremos ejemplos para entender esto. Escribe una f\u00f3rmula usando mayor o igual que Ingrese = en una celda para comenzar la f\u00f3rmula. [&hellip;]\" \/>\n<meta property=\"og:url\" content=\"https:\/\/exceladvisor.org\/es\/mayor-que-igual-a\/\" \/>\n<meta property=\"og:site_name\" content=\"Excel Advisor\" \/>\n<meta property=\"article:modified_time\" content=\"2023-12-25T10:28:02+00:00\" \/>\n<meta property=\"og:image\" content=\"https:\/\/exceladvisor.org\/wp-content\/uploads\/2023\/08\/1-superieur-a-egal-aux-symboles.png\" \/>\n<meta name=\"twitter:card\" content=\"summary_large_image\" \/>\n<meta name=\"twitter:label1\" content=\"Tiempo de lectura\" \/>\n\t<meta name=\"twitter:data1\" content=\"1 minuto\" \/>\n<script type=\"application\/ld+json\" class=\"yoast-schema-graph\">{\"@context\":\"https:\/\/schema.org\",\"@graph\":[{\"@type\":\"WebPage\",\"@id\":\"https:\/\/exceladvisor.org\/es\/mayor-que-igual-a\/\",\"url\":\"https:\/\/exceladvisor.org\/es\/mayor-que-igual-a\/\",\"name\":\"\u00bfc\u00f3mo utilizar el operador mayor que (&gt;) e igual a (=)?\",\"isPartOf\":{\"@id\":\"https:\/\/exceladvisor.org\/es\/#website\"},\"primaryImageOfPage\":{\"@id\":\"https:\/\/exceladvisor.org\/es\/mayor-que-igual-a\/#primaryimage\"},\"image\":{\"@id\":\"https:\/\/exceladvisor.org\/es\/mayor-que-igual-a\/#primaryimage\"},\"thumbnailUrl\":\"https:\/\/exceladvisor.org\/wp-content\/uploads\/2023\/08\/1-superieur-a-egal-aux-symboles.png\",\"datePublished\":\"2023-10-22T23:58:21+00:00\",\"dateModified\":\"2023-12-25T10:28:02+00:00\",\"breadcrumb\":{\"@id\":\"https:\/\/exceladvisor.org\/es\/mayor-que-igual-a\/#breadcrumb\"},\"inLanguage\":\"es\",\"potentialAction\":[{\"@type\":\"ReadAction\",\"target\":[\"https:\/\/exceladvisor.org\/es\/mayor-que-igual-a\/\"]}]},{\"@type\":\"ImageObject\",\"inLanguage\":\"es\",\"@id\":\"https:\/\/exceladvisor.org\/es\/mayor-que-igual-a\/#primaryimage\",\"url\":\"https:\/\/exceladvisor.org\/wp-content\/uploads\/2023\/08\/1-superieur-a-egal-aux-symboles.png\",\"contentUrl\":\"https:\/\/exceladvisor.org\/wp-content\/uploads\/2023\/08\/1-superieur-a-egal-aux-symboles.png\"},{\"@type\":\"BreadcrumbList\",\"@id\":\"https:\/\/exceladvisor.org\/es\/mayor-que-igual-a\/#breadcrumb\",\"itemListElement\":[{\"@type\":\"ListItem\",\"position\":1,\"name\":\"Hogar\",\"item\":\"https:\/\/exceladvisor.org\/es\/\"},{\"@type\":\"ListItem\",\"position\":2,\"name\":\"\u00bfc\u00f3mo utilizar el operador mayor que (&gt;) e igual a (=)?\"}]},{\"@type\":\"WebSite\",\"@id\":\"https:\/\/exceladvisor.org\/es\/#website\",\"url\":\"https:\/\/exceladvisor.org\/es\/\",\"name\":\"Excel Advisor\",\"description\":\"Su gu\u00eda para la dominaci\u00f3n de datos!\",\"publisher\":{\"@id\":\"https:\/\/exceladvisor.org\/es\/#organization\"},\"potentialAction\":[{\"@type\":\"SearchAction\",\"target\":{\"@type\":\"EntryPoint\",\"urlTemplate\":\"https:\/\/exceladvisor.org\/es\/?s={search_term_string}\"},\"query-input\":{\"@type\":\"PropertyValueSpecification\",\"valueRequired\":true,\"valueName\":\"search_term_string\"}}],\"inLanguage\":\"es\"},{\"@type\":\"Organization\",\"@id\":\"https:\/\/exceladvisor.org\/es\/#organization\",\"name\":\"Excel Advisor\",\"url\":\"https:\/\/exceladvisor.org\/es\/\",\"logo\":{\"@type\":\"ImageObject\",\"inLanguage\":\"es\",\"@id\":\"https:\/\/exceladvisor.org\/es\/#\/schema\/logo\/image\/\",\"url\":\"https:\/\/exceladvisor.org\/es\/wp-content\/uploads\/2023\/12\/exceladvisor.org_.png\",\"contentUrl\":\"https:\/\/exceladvisor.org\/es\/wp-content\/uploads\/2023\/12\/exceladvisor.org_.png\",\"width\":105,\"height\":36,\"caption\":\"Excel Advisor\"},\"image\":{\"@id\":\"https:\/\/exceladvisor.org\/es\/#\/schema\/logo\/image\/\"}}]}<\/script>\n<!-- \/ Yoast SEO plugin. -->","yoast_head_json":{"title":"\u00bfc\u00f3mo utilizar el operador mayor que (&gt;) e igual a (=)?","robots":{"index":"index","follow":"follow","max-snippet":"max-snippet:-1","max-image-preview":"max-image-preview:large","max-video-preview":"max-video-preview:-1"},"canonical":"https:\/\/exceladvisor.org\/es\/mayor-que-igual-a\/","og_locale":"es_ES","og_type":"article","og_title":"\u00bfc\u00f3mo utilizar el operador mayor que (&gt;) e igual a (=)?","og_description":"Puede utilizar el operador mayor que e igual a en Excel para probar una condici\u00f3n l\u00f3gica. Mayor que: &gt; Igual a: = Mayor o igual a: ( &gt;= ) Y en este tutorial, veremos ejemplos para entender esto. Escribe una f\u00f3rmula usando mayor o igual que Ingrese = en una celda para comenzar la f\u00f3rmula. [&hellip;]","og_url":"https:\/\/exceladvisor.org\/es\/mayor-que-igual-a\/","og_site_name":"Excel Advisor","article_modified_time":"2023-12-25T10:28:02+00:00","og_image":[{"url":"https:\/\/exceladvisor.org\/wp-content\/uploads\/2023\/08\/1-superieur-a-egal-aux-symboles.png","type":"","width":"","height":""}],"twitter_card":"summary_large_image","twitter_misc":{"Tiempo de lectura":"1 minuto"},"schema":{"@context":"https:\/\/schema.org","@graph":[{"@type":"WebPage","@id":"https:\/\/exceladvisor.org\/es\/mayor-que-igual-a\/","url":"https:\/\/exceladvisor.org\/es\/mayor-que-igual-a\/","name":"\u00bfc\u00f3mo utilizar el operador mayor que (&gt;) e igual a (=)?","isPartOf":{"@id":"https:\/\/exceladvisor.org\/es\/#website"},"primaryImageOfPage":{"@id":"https:\/\/exceladvisor.org\/es\/mayor-que-igual-a\/#primaryimage"},"image":{"@id":"https:\/\/exceladvisor.org\/es\/mayor-que-igual-a\/#primaryimage"},"thumbnailUrl":"https:\/\/exceladvisor.org\/wp-content\/uploads\/2023\/08\/1-superieur-a-egal-aux-symboles.png","datePublished":"2023-10-22T23:58:21+00:00","dateModified":"2023-12-25T10:28:02+00:00","breadcrumb":{"@id":"https:\/\/exceladvisor.org\/es\/mayor-que-igual-a\/#breadcrumb"},"inLanguage":"es","potentialAction":[{"@type":"ReadAction","target":["https:\/\/exceladvisor.org\/es\/mayor-que-igual-a\/"]}]},{"@type":"ImageObject","inLanguage":"es","@id":"https:\/\/exceladvisor.org\/es\/mayor-que-igual-a\/#primaryimage","url":"https:\/\/exceladvisor.org\/wp-content\/uploads\/2023\/08\/1-superieur-a-egal-aux-symboles.png","contentUrl":"https:\/\/exceladvisor.org\/wp-content\/uploads\/2023\/08\/1-superieur-a-egal-aux-symboles.png"},{"@type":"BreadcrumbList","@id":"https:\/\/exceladvisor.org\/es\/mayor-que-igual-a\/#breadcrumb","itemListElement":[{"@type":"ListItem","position":1,"name":"Hogar","item":"https:\/\/exceladvisor.org\/es\/"},{"@type":"ListItem","position":2,"name":"\u00bfc\u00f3mo utilizar el operador mayor que (&gt;) e igual a (=)?"}]},{"@type":"WebSite","@id":"https:\/\/exceladvisor.org\/es\/#website","url":"https:\/\/exceladvisor.org\/es\/","name":"Excel Advisor","description":"Su gu\u00eda para la dominaci\u00f3n de datos!","publisher":{"@id":"https:\/\/exceladvisor.org\/es\/#organization"},"potentialAction":[{"@type":"SearchAction","target":{"@type":"EntryPoint","urlTemplate":"https:\/\/exceladvisor.org\/es\/?s={search_term_string}"},"query-input":{"@type":"PropertyValueSpecification","valueRequired":true,"valueName":"search_term_string"}}],"inLanguage":"es"},{"@type":"Organization","@id":"https:\/\/exceladvisor.org\/es\/#organization","name":"Excel Advisor","url":"https:\/\/exceladvisor.org\/es\/","logo":{"@type":"ImageObject","inLanguage":"es","@id":"https:\/\/exceladvisor.org\/es\/#\/schema\/logo\/image\/","url":"https:\/\/exceladvisor.org\/es\/wp-content\/uploads\/2023\/12\/exceladvisor.org_.png","contentUrl":"https:\/\/exceladvisor.org\/es\/wp-content\/uploads\/2023\/12\/exceladvisor.org_.png","width":105,"height":36,"caption":"Excel Advisor"},"image":{"@id":"https:\/\/exceladvisor.org\/es\/#\/schema\/logo\/image\/"}}]}},"yoast_meta":{"yoast_wpseo_title":"","yoast_wpseo_metadesc":"","yoast_wpseo_canonical":""},"_links":{"self":[{"href":"https:\/\/exceladvisor.org\/es\/wp-json\/wp\/v2\/pages\/574","targetHints":{"allow":["GET"]}}],"collection":[{"href":"https:\/\/exceladvisor.org\/es\/wp-json\/wp\/v2\/pages"}],"about":[{"href":"https:\/\/exceladvisor.org\/es\/wp-json\/wp\/v2\/types\/page"}],"author":[{"embeddable":true,"href":"https:\/\/exceladvisor.org\/es\/wp-json\/wp\/v2\/users\/1"}],"replies":[{"embeddable":true,"href":"https:\/\/exceladvisor.org\/es\/wp-json\/wp\/v2\/comments?post=574"}],"version-history":[{"count":1,"href":"https:\/\/exceladvisor.org\/es\/wp-json\/wp\/v2\/pages\/574\/revisions"}],"predecessor-version":[{"id":1259,"href":"https:\/\/exceladvisor.org\/es\/wp-json\/wp\/v2\/pages\/574\/revisions\/1259"}],"wp:attachment":[{"href":"https:\/\/exceladvisor.org\/es\/wp-json\/wp\/v2\/media?parent=574"}],"curies":[{"name":"wp","href":"https:\/\/api.w.org\/{rel}","templated":true}]}}